{"id":132352,"date":"2025-05-14T10:28:12","date_gmt":"2025-05-14T10:28:12","guid":{"rendered":"https:\/\/autorival.ro\/mazda\/product\/placute-frana-mazda-2-de_-dh_-1-3-bifuel-benzina-autogaz-gpl-75-cai-brembo-p-16-013\/"},"modified":"2025-05-14T10:28:13","modified_gmt":"2025-05-14T10:28:13","slug":"placute-frana-mazda-2-de_-dh_-1-3-bifuel-benzina-autogaz-gpl-75-cai-brembo-p-16-013","status":"publish","type":"product","link":"https:\/\/autorival.ro\/mazda\/product\/placute-frana-mazda-2-de_-dh_-1-3-bifuel-benzina-autogaz-gpl-75-cai-brembo-p-16-013\/","title":{"rendered":"Placute frana MAZDA 2 (DE_, DH_) 1.3 BiFuel Benzina\/Autogaz (GPL) 75 cai BREMBO P 16 013"},"content":{"rendered":"<p>Partea de montare: punte fata ->Latime [mm]: 126 ->Grosime [mm]: 17\u00cenaltime [mm]: 52Contact indicator uzura: cu avertizare acustica uzuraArticol extins\/Informatii de extindere: cu acceasoriiSistem de fr\u00e2nare: LucasNum\u0103rul indicatorilor de uzur\u0103 [per ax\u0103]: 2Numar WVA: 24283, 24284, 24285<\/p>\n","protected":false},"excerpt":{"rendered":"<p>Producator: BREMBO Cod producator: P 16 013<\/p>\n","protected":false},"featured_media":132281,"comment_status":"open","ping_status":"closed","template":"","meta":[],"product_brand":[4316],"product_cat":[10055],"product_tag":[17255,17768,17250,17300,17470,17249,18219],"class_list":{"0":"post-132352","1":"product","2":"type-product","3":"status-publish","4":"has-post-thumbnail","6":"product_brand-brembo","7":"product_cat-placute-frana-de_-dh_-1-3-bifuel-benzina-autogaz-gpl-75","8":"product_tag-de_","9":"product_tag-brembo","10":"product_tag-dh","11":"product_tag-dh_","12":"product_tag-frana","13":"product_tag-mazda","14":"product_tag-placute","16":"first","17":"instock","18":"shipping-taxable","19":"purchasable","20":"product-type-simple"},"yoast_head":"<!-- This site is optimized with the Yoast SEO plugin v27.3 - https:\/\/yoast.com\/product\/yoast-seo-wordpress\/ -->\n<title>Placute frana MAZDA 2 (DE_, DH_) 1.3 BiFuel Benzina\/Autogaz (GPL) 75 cai BREMBO P 16 013 MAZDA | BREMBO - Autorival<\/title>\n<meta name=\"description\" content=\"\u26a1 Placute frana MAZDA 2 (DE_, DH_) 1.3 BiFuel Benzina\/Autogaz (GPL) 75 cai BREMBO P 16 013 pentru MAZDA la doar 195.3 RON. \u2713 Cod: P \u2713 Brand: BREMBO \u2713 \u00cen stoc \u2713 Livrare 24h \u2713 Garan\u021bie!\" \/>\n<meta name=\"robots\" content=\"index, follow, max-snippet:-1, max-image-preview:large, max-video-preview:-1\" \/>\n<meta property=\"og:locale\" content=\"en_US\" \/>\n<meta property=\"og:type\" content=\"article\" \/>\n<meta property=\"og:title\" content=\"Placute frana MAZDA 2 (DE_, DH_) 1.3 BiFuel Benzina\/Autogaz (GPL) 75 cai BREMBO P 16 013 MAZDA | BREMBO - Autorival\" \/>\n<meta property=\"og:description\" content=\"\u26a1 Placute frana MAZDA 2 (DE_, DH_) 1.3 BiFuel Benzina\/Autogaz (GPL) 75 cai BREMBO P 16 013 pentru MAZDA la doar 195.3 RON. \u2713 Cod: P \u2713 Brand: BREMBO \u2713 \u00cen stoc \u2713 Livrare 24h \u2713 Garan\u021bie!\" \/>\n<meta property=\"og:url\" content=\"https:\/\/autorival.ro\/mazda\/product\/placute-frana-mazda-2-de_-dh_-1-3-bifuel-benzina-autogaz-gpl-75-cai-brembo-p-16-013\/\" \/>\n<meta property=\"og:site_name\" content=\"MAZDA\" \/>\n<meta property=\"article:modified_time\" content=\"2025-05-14T10:28:13+00:00\" \/>\n<meta property=\"og:image\" content=\"https:\/\/autorival.ro\/mazda\/wp-content\/uploads\/sites\/16\/2025\/05\/p16013.jpg\" \/>\n\t<meta property=\"og:image:width\" content=\"2340\" \/>\n\t<meta property=\"og:image:height\" content=\"1655\" \/>\n\t<meta property=\"og:image:type\" content=\"image\/jpeg\" \/>\n<meta name=\"twitter:card\" content=\"summary_large_image\" \/>\n<meta name=\"twitter:title\" content=\"Placute frana MAZDA 2 (DE_, DH_) 1.3 BiFuel Benzina\/Autogaz (GPL) 75 cai BREMBO P 16 013 MAZDA | BREMBO - Autorival\" \/>\n<meta name=\"twitter:description\" content=\"\u26a1 Placute frana MAZDA 2 (DE_, DH_) 1.3 BiFuel Benzina\/Autogaz (GPL) 75 cai BREMBO P 16 013 pentru MAZDA la doar 195.3 RON. \u2713 Cod: P \u2713 Brand: BREMBO \u2713 \u00cen stoc \u2713 Livrare 24h \u2713 Garan\u021bie!\" \/>\n<script type=\"application\/ld+json\" class=\"yoast-schema-graph\">{\"@context\":\"https:\\\/\\\/schema.org\",\"@graph\":[{\"@type\":\"WebPage\",\"@id\":\"https:\\\/\\\/autorival.ro\\\/mazda\\\/product\\\/placute-frana-mazda-2-de_-dh_-1-3-bifuel-benzina-autogaz-gpl-75-cai-brembo-p-16-013\\\/\",\"url\":\"https:\\\/\\\/autorival.ro\\\/mazda\\\/product\\\/placute-frana-mazda-2-de_-dh_-1-3-bifuel-benzina-autogaz-gpl-75-cai-brembo-p-16-013\\\/\",\"name\":\"Placute frana MAZDA 2 (DE_, DH_) 1.3 BiFuel Benzina\\\/Autogaz (GPL) 75 cai BREMBO P 16 013 MAZDA | BREMBO - Autorival\",\"isPartOf\":{\"@id\":\"https:\\\/\\\/autorival.ro\\\/mazda\\\/#website\"},\"primaryImageOfPage\":{\"@id\":\"https:\\\/\\\/autorival.ro\\\/mazda\\\/product\\\/placute-frana-mazda-2-de_-dh_-1-3-bifuel-benzina-autogaz-gpl-75-cai-brembo-p-16-013\\\/#primaryimage\"},\"image\":{\"@id\":\"https:\\\/\\\/autorival.ro\\\/mazda\\\/product\\\/placute-frana-mazda-2-de_-dh_-1-3-bifuel-benzina-autogaz-gpl-75-cai-brembo-p-16-013\\\/#primaryimage\"},\"thumbnailUrl\":\"https:\\\/\\\/autorival.ro\\\/mazda\\\/wp-content\\\/uploads\\\/sites\\\/16\\\/2025\\\/05\\\/p16013.jpg\",\"datePublished\":\"2025-05-14T10:28:12+00:00\",\"dateModified\":\"2025-05-14T10:28:13+00:00\",\"description\":\"\u26a1 Placute frana MAZDA 2 (DE_, DH_) 1.3 BiFuel Benzina\\\/Autogaz (GPL) 75 cai BREMBO P 16 013 pentru MAZDA la doar 195.3 RON. \u2713 Cod: P \u2713 Brand: BREMBO \u2713 \u00cen stoc \u2713 Livrare 24h \u2713 Garan\u021bie!\",\"breadcrumb\":{\"@id\":\"https:\\\/\\\/autorival.ro\\\/mazda\\\/product\\\/placute-frana-mazda-2-de_-dh_-1-3-bifuel-benzina-autogaz-gpl-75-cai-brembo-p-16-013\\\/#breadcrumb\"},\"inLanguage\":\"en-US\",\"potentialAction\":[{\"@type\":\"ReadAction\",\"target\":[\"https:\\\/\\\/autorival.ro\\\/mazda\\\/product\\\/placute-frana-mazda-2-de_-dh_-1-3-bifuel-benzina-autogaz-gpl-75-cai-brembo-p-16-013\\\/\"]}]},{\"@type\":\"ImageObject\",\"inLanguage\":\"en-US\",\"@id\":\"https:\\\/\\\/autorival.ro\\\/mazda\\\/product\\\/placute-frana-mazda-2-de_-dh_-1-3-bifuel-benzina-autogaz-gpl-75-cai-brembo-p-16-013\\\/#primaryimage\",\"url\":\"https:\\\/\\\/autorival.ro\\\/mazda\\\/wp-content\\\/uploads\\\/sites\\\/16\\\/2025\\\/05\\\/p16013.jpg\",\"contentUrl\":\"https:\\\/\\\/autorival.ro\\\/mazda\\\/wp-content\\\/uploads\\\/sites\\\/16\\\/2025\\\/05\\\/p16013.jpg\",\"width\":2340,\"height\":1655,\"caption\":\"Placute frana MAZDA 2 (DE_, DH_) 1.3 (DE3FS) benzina 75 cai BREMBO P 16 013\"},{\"@type\":\"BreadcrumbList\",\"@id\":\"https:\\\/\\\/autorival.ro\\\/mazda\\\/product\\\/placute-frana-mazda-2-de_-dh_-1-3-bifuel-benzina-autogaz-gpl-75-cai-brembo-p-16-013\\\/#breadcrumb\",\"itemListElement\":[{\"@type\":\"ListItem\",\"position\":1,\"name\":\"Prima pagin\u0103\",\"item\":\"https:\\\/\\\/autorival.ro\\\/mazda\\\/\"},{\"@type\":\"ListItem\",\"position\":2,\"name\":\"Piese auto MAZDA\",\"item\":\"https:\\\/\\\/autorival.ro\\\/mazda\\\/\"},{\"@type\":\"ListItem\",\"position\":3,\"name\":\"Placute frana MAZDA 2 (DE_, DH_) 1.3 BiFuel Benzina\\\/Autogaz (GPL) 75 cai BREMBO P 16 013\"}]},{\"@type\":\"WebSite\",\"@id\":\"https:\\\/\\\/autorival.ro\\\/mazda\\\/#website\",\"url\":\"https:\\\/\\\/autorival.ro\\\/mazda\\\/\",\"name\":\"MAZDA\",\"description\":\"\",\"potentialAction\":[{\"@type\":\"SearchAction\",\"target\":{\"@type\":\"EntryPoint\",\"urlTemplate\":\"https:\\\/\\\/autorival.ro\\\/mazda\\\/?s={search_term_string}\"},\"query-input\":{\"@type\":\"PropertyValueSpecification\",\"valueRequired\":true,\"valueName\":\"search_term_string\"}}],\"inLanguage\":\"en-US\"}]}<\/script>\n<!-- \/ Yoast SEO plugin. -->","yoast_head_json":{"title":"Placute frana MAZDA 2 (DE_, DH_) 1.3 BiFuel Benzina\/Autogaz (GPL) 75 cai BREMBO P 16 013 MAZDA | BREMBO - Autorival","description":"\u26a1 Placute frana MAZDA 2 (DE_, DH_) 1.3 BiFuel Benzina\/Autogaz (GPL) 75 cai BREMBO P 16 013 pentru MAZDA la doar 195.3 RON. \u2713 Cod: P \u2713 Brand: BREMBO \u2713 \u00cen stoc \u2713 Livrare 24h \u2713 Garan\u021bie!","robots":{"index":"index","follow":"follow","max-snippet":"max-snippet:-1","max-image-preview":"max-image-preview:large","max-video-preview":"max-video-preview:-1"},"og_locale":"en_US","og_type":"article","og_title":"Placute frana MAZDA 2 (DE_, DH_) 1.3 BiFuel Benzina\/Autogaz (GPL) 75 cai BREMBO P 16 013 MAZDA | BREMBO - Autorival","og_description":"\u26a1 Placute frana MAZDA 2 (DE_, DH_) 1.3 BiFuel Benzina\/Autogaz (GPL) 75 cai BREMBO P 16 013 pentru MAZDA la doar 195.3 RON. \u2713 Cod: P \u2713 Brand: BREMBO \u2713 \u00cen stoc \u2713 Livrare 24h \u2713 Garan\u021bie!","og_url":"https:\/\/autorival.ro\/mazda\/product\/placute-frana-mazda-2-de_-dh_-1-3-bifuel-benzina-autogaz-gpl-75-cai-brembo-p-16-013\/","og_site_name":"MAZDA","article_modified_time":"2025-05-14T10:28:13+00:00","og_image":[{"width":2340,"height":1655,"url":"https:\/\/autorival.ro\/mazda\/wp-content\/uploads\/sites\/16\/2025\/05\/p16013.jpg","type":"image\/jpeg"}],"twitter_card":"summary_large_image","twitter_title":"Placute frana MAZDA 2 (DE_, DH_) 1.3 BiFuel Benzina\/Autogaz (GPL) 75 cai BREMBO P 16 013 MAZDA | BREMBO - Autorival","twitter_description":"\u26a1 Placute frana MAZDA 2 (DE_, DH_) 1.3 BiFuel Benzina\/Autogaz (GPL) 75 cai BREMBO P 16 013 pentru MAZDA la doar 195.3 RON. \u2713 Cod: P \u2713 Brand: BREMBO \u2713 \u00cen stoc \u2713 Livrare 24h \u2713 Garan\u021bie!","schema":{"@context":"https:\/\/schema.org","@graph":[{"@type":"WebPage","@id":"https:\/\/autorival.ro\/mazda\/product\/placute-frana-mazda-2-de_-dh_-1-3-bifuel-benzina-autogaz-gpl-75-cai-brembo-p-16-013\/","url":"https:\/\/autorival.ro\/mazda\/product\/placute-frana-mazda-2-de_-dh_-1-3-bifuel-benzina-autogaz-gpl-75-cai-brembo-p-16-013\/","name":"Placute frana MAZDA 2 (DE_, DH_) 1.3 BiFuel Benzina\/Autogaz (GPL) 75 cai BREMBO P 16 013 MAZDA | BREMBO - Autorival","isPartOf":{"@id":"https:\/\/autorival.ro\/mazda\/#website"},"primaryImageOfPage":{"@id":"https:\/\/autorival.ro\/mazda\/product\/placute-frana-mazda-2-de_-dh_-1-3-bifuel-benzina-autogaz-gpl-75-cai-brembo-p-16-013\/#primaryimage"},"image":{"@id":"https:\/\/autorival.ro\/mazda\/product\/placute-frana-mazda-2-de_-dh_-1-3-bifuel-benzina-autogaz-gpl-75-cai-brembo-p-16-013\/#primaryimage"},"thumbnailUrl":"https:\/\/autorival.ro\/mazda\/wp-content\/uploads\/sites\/16\/2025\/05\/p16013.jpg","datePublished":"2025-05-14T10:28:12+00:00","dateModified":"2025-05-14T10:28:13+00:00","description":"\u26a1 Placute frana MAZDA 2 (DE_, DH_) 1.3 BiFuel Benzina\/Autogaz (GPL) 75 cai BREMBO P 16 013 pentru MAZDA la doar 195.3 RON. \u2713 Cod: P \u2713 Brand: BREMBO \u2713 \u00cen stoc \u2713 Livrare 24h \u2713 Garan\u021bie!","breadcrumb":{"@id":"https:\/\/autorival.ro\/mazda\/product\/placute-frana-mazda-2-de_-dh_-1-3-bifuel-benzina-autogaz-gpl-75-cai-brembo-p-16-013\/#breadcrumb"},"inLanguage":"en-US","potentialAction":[{"@type":"ReadAction","target":["https:\/\/autorival.ro\/mazda\/product\/placute-frana-mazda-2-de_-dh_-1-3-bifuel-benzina-autogaz-gpl-75-cai-brembo-p-16-013\/"]}]},{"@type":"ImageObject","inLanguage":"en-US","@id":"https:\/\/autorival.ro\/mazda\/product\/placute-frana-mazda-2-de_-dh_-1-3-bifuel-benzina-autogaz-gpl-75-cai-brembo-p-16-013\/#primaryimage","url":"https:\/\/autorival.ro\/mazda\/wp-content\/uploads\/sites\/16\/2025\/05\/p16013.jpg","contentUrl":"https:\/\/autorival.ro\/mazda\/wp-content\/uploads\/sites\/16\/2025\/05\/p16013.jpg","width":2340,"height":1655,"caption":"Placute frana MAZDA 2 (DE_, DH_) 1.3 (DE3FS) benzina 75 cai BREMBO P 16 013"},{"@type":"BreadcrumbList","@id":"https:\/\/autorival.ro\/mazda\/product\/placute-frana-mazda-2-de_-dh_-1-3-bifuel-benzina-autogaz-gpl-75-cai-brembo-p-16-013\/#breadcrumb","itemListElement":[{"@type":"ListItem","position":1,"name":"Prima pagin\u0103","item":"https:\/\/autorival.ro\/mazda\/"},{"@type":"ListItem","position":2,"name":"Piese auto MAZDA","item":"https:\/\/autorival.ro\/mazda\/"},{"@type":"ListItem","position":3,"name":"Placute frana MAZDA 2 (DE_, DH_) 1.3 BiFuel Benzina\/Autogaz (GPL) 75 cai BREMBO P 16 013"}]},{"@type":"WebSite","@id":"https:\/\/autorival.ro\/mazda\/#website","url":"https:\/\/autorival.ro\/mazda\/","name":"MAZDA","description":"","potentialAction":[{"@type":"SearchAction","target":{"@type":"EntryPoint","urlTemplate":"https:\/\/autorival.ro\/mazda\/?s={search_term_string}"},"query-input":{"@type":"PropertyValueSpecification","valueRequired":true,"valueName":"search_term_string"}}],"inLanguage":"en-US"}]}},"_links":{"self":[{"href":"https:\/\/autorival.ro\/mazda\/wp-json\/wp\/v2\/product\/132352","targetHints":{"allow":["GET"]}}],"collection":[{"href":"https:\/\/autorival.ro\/mazda\/wp-json\/wp\/v2\/product"}],"about":[{"href":"https:\/\/autorival.ro\/mazda\/wp-json\/wp\/v2\/types\/product"}],"replies":[{"embeddable":true,"href":"https:\/\/autorival.ro\/mazda\/wp-json\/wp\/v2\/comments?post=132352"}],"wp:featuredmedia":[{"embeddable":true,"href":"https:\/\/autorival.ro\/mazda\/wp-json\/wp\/v2\/media\/132281"}],"wp:attachment":[{"href":"https:\/\/autorival.ro\/mazda\/wp-json\/wp\/v2\/media?parent=132352"}],"wp:term":[{"taxonomy":"product_brand","embeddable":true,"href":"https:\/\/autorival.ro\/mazda\/wp-json\/wp\/v2\/product_brand?post=132352"},{"taxonomy":"product_cat","embeddable":true,"href":"https:\/\/autorival.ro\/mazda\/wp-json\/wp\/v2\/product_cat?post=132352"},{"taxonomy":"product_tag","embeddable":true,"href":"https:\/\/autorival.ro\/mazda\/wp-json\/wp\/v2\/product_tag?post=132352"}],"curies":[{"name":"wp","href":"https:\/\/api.w.org\/{rel}","templated":true}]}}