{"id":131944,"date":"2025-05-14T10:24:14","date_gmt":"2025-05-14T10:24:14","guid":{"rendered":"https:\/\/autorival.ro\/mazda\/product\/placute-frana-mazda-121-i-da-1-3-da103-benzina-55-cai-ferodo-fdb597\/"},"modified":"2025-05-14T10:24:14","modified_gmt":"2025-05-14T10:24:14","slug":"placute-frana-mazda-121-i-da-1-3-da103-benzina-55-cai-ferodo-fdb597","status":"publish","type":"product","link":"https:\/\/autorival.ro\/mazda\/product\/placute-frana-mazda-121-i-da-1-3-da103-benzina-55-cai-ferodo-fdb597\/","title":{"rendered":"Placute frana MAZDA 121 I (DA) 1.3 (DA103) benzina 55 cai FERODO FDB597"},"content":{"rendered":"<p>Partea de montare: punte fata ->Grosime [mm]: 14Aprobare: R90 Homologated ->Latime [mm]: 79\u00cenaltime [mm]: 59 ->Greutate [kg]: 1,43Num\u0103rul indicatorilor de uzur\u0103 [per ax\u0103]: 2Contact indicator uzura: cu avertizare acustica uzuraArticol extins\/Informatii de extindere: fara accesoriiSistem de fr\u00e2nare: SumitomoTip ambalaj: CutieNumar WVA: 21355, 21356, 21357 ->Lungime ambalaj [cm]: 17,2 ->Latime ambalaj [cm]: 10,8 ->Inaltime ambalaj [cm]: 4,4<\/p>\n","protected":false},"excerpt":{"rendered":"<p>Producator: FERODO Cod producator: FDB597<\/p>\n","protected":false},"featured_media":131926,"comment_status":"open","ping_status":"closed","template":"","meta":[],"product_brand":[4238],"product_cat":[10046],"product_tag":[17343,17294,17575,17760,17470,17249,18219],"class_list":{"0":"post-131944","1":"product","2":"type-product","3":"status-publish","4":"has-post-thumbnail","6":"product_brand-ferodo","7":"product_cat-placute-frana-i-da-1-3-da103-benzina-55","8":"product_tag-da","9":"product_tag-17294","10":"product_tag-fdb","11":"product_tag-ferodo","12":"product_tag-frana","13":"product_tag-mazda","14":"product_tag-placute","16":"first","17":"instock","18":"shipping-taxable","19":"purchasable","20":"product-type-simple"},"yoast_head":"<!-- This site is optimized with the Yoast SEO plugin v27.3 - https:\/\/yoast.com\/product\/yoast-seo-wordpress\/ -->\n<title>Placute frana MAZDA 121 I (DA) 1.3 (DA103) benzina 55 cai FERODO FDB597 MAZDA | FERODO - Autorival<\/title>\n<meta name=\"description\" content=\"\u26a1 Placute frana MAZDA 121 I (DA) 1.3 (DA103) benzina 55 cai FERODO FDB597 pentru MAZDA la doar 273.32 RON. \u2713 Cod: FDB597 \u2713 Brand: FERODO \u2713 \u00cen stoc \u2713 Livrare 24h \u2713 Garan\u021bie!\" \/>\n<meta name=\"robots\" content=\"index, follow, max-snippet:-1, max-image-preview:large, max-video-preview:-1\" \/>\n<meta property=\"og:locale\" content=\"en_US\" \/>\n<meta property=\"og:type\" content=\"article\" \/>\n<meta property=\"og:title\" content=\"Placute frana MAZDA 121 I (DA) 1.3 (DA103) benzina 55 cai FERODO FDB597 MAZDA | FERODO - Autorival\" \/>\n<meta property=\"og:description\" content=\"\u26a1 Placute frana MAZDA 121 I (DA) 1.3 (DA103) benzina 55 cai FERODO FDB597 pentru MAZDA la doar 273.32 RON. \u2713 Cod: FDB597 \u2713 Brand: FERODO \u2713 \u00cen stoc \u2713 Livrare 24h \u2713 Garan\u021bie!\" \/>\n<meta property=\"og:url\" content=\"https:\/\/autorival.ro\/mazda\/product\/placute-frana-mazda-121-i-da-1-3-da103-benzina-55-cai-ferodo-fdb597\/\" \/>\n<meta property=\"og:site_name\" content=\"MAZDA\" \/>\n<meta property=\"og:image\" content=\"https:\/\/autorival.ro\/mazda\/wp-content\/uploads\/sites\/16\/2025\/05\/fdb597_1917953.jpg\" \/>\n\t<meta property=\"og:image:width\" content=\"600\" \/>\n\t<meta property=\"og:image:height\" content=\"352\" \/>\n\t<meta property=\"og:image:type\" content=\"image\/jpeg\" \/>\n<meta name=\"twitter:card\" content=\"summary_large_image\" \/>\n<meta name=\"twitter:title\" content=\"Placute frana MAZDA 121 I (DA) 1.3 (DA103) benzina 55 cai FERODO FDB597 MAZDA | FERODO - Autorival\" \/>\n<meta name=\"twitter:description\" content=\"\u26a1 Placute frana MAZDA 121 I (DA) 1.3 (DA103) benzina 55 cai FERODO FDB597 pentru MAZDA la doar 273.32 RON. \u2713 Cod: FDB597 \u2713 Brand: FERODO \u2713 \u00cen stoc \u2713 Livrare 24h \u2713 Garan\u021bie!\" \/>\n<script type=\"application\/ld+json\" class=\"yoast-schema-graph\">{\"@context\":\"https:\\\/\\\/schema.org\",\"@graph\":[{\"@type\":\"WebPage\",\"@id\":\"https:\\\/\\\/autorival.ro\\\/mazda\\\/product\\\/placute-frana-mazda-121-i-da-1-3-da103-benzina-55-cai-ferodo-fdb597\\\/\",\"url\":\"https:\\\/\\\/autorival.ro\\\/mazda\\\/product\\\/placute-frana-mazda-121-i-da-1-3-da103-benzina-55-cai-ferodo-fdb597\\\/\",\"name\":\"Placute frana MAZDA 121 I (DA) 1.3 (DA103) benzina 55 cai FERODO FDB597 MAZDA | FERODO - Autorival\",\"isPartOf\":{\"@id\":\"https:\\\/\\\/autorival.ro\\\/mazda\\\/#website\"},\"primaryImageOfPage\":{\"@id\":\"https:\\\/\\\/autorival.ro\\\/mazda\\\/product\\\/placute-frana-mazda-121-i-da-1-3-da103-benzina-55-cai-ferodo-fdb597\\\/#primaryimage\"},\"image\":{\"@id\":\"https:\\\/\\\/autorival.ro\\\/mazda\\\/product\\\/placute-frana-mazda-121-i-da-1-3-da103-benzina-55-cai-ferodo-fdb597\\\/#primaryimage\"},\"thumbnailUrl\":\"https:\\\/\\\/autorival.ro\\\/mazda\\\/wp-content\\\/uploads\\\/sites\\\/16\\\/2025\\\/05\\\/fdb597_1917953.jpg\",\"datePublished\":\"2025-05-14T10:24:14+00:00\",\"description\":\"\u26a1 Placute frana MAZDA 121 I (DA) 1.3 (DA103) benzina 55 cai FERODO FDB597 pentru MAZDA la doar 273.32 RON. \u2713 Cod: FDB597 \u2713 Brand: FERODO \u2713 \u00cen stoc \u2713 Livrare 24h \u2713 Garan\u021bie!\",\"breadcrumb\":{\"@id\":\"https:\\\/\\\/autorival.ro\\\/mazda\\\/product\\\/placute-frana-mazda-121-i-da-1-3-da103-benzina-55-cai-ferodo-fdb597\\\/#breadcrumb\"},\"inLanguage\":\"en-US\",\"potentialAction\":[{\"@type\":\"ReadAction\",\"target\":[\"https:\\\/\\\/autorival.ro\\\/mazda\\\/product\\\/placute-frana-mazda-121-i-da-1-3-da103-benzina-55-cai-ferodo-fdb597\\\/\"]}]},{\"@type\":\"ImageObject\",\"inLanguage\":\"en-US\",\"@id\":\"https:\\\/\\\/autorival.ro\\\/mazda\\\/product\\\/placute-frana-mazda-121-i-da-1-3-da103-benzina-55-cai-ferodo-fdb597\\\/#primaryimage\",\"url\":\"https:\\\/\\\/autorival.ro\\\/mazda\\\/wp-content\\\/uploads\\\/sites\\\/16\\\/2025\\\/05\\\/fdb597_1917953.jpg\",\"contentUrl\":\"https:\\\/\\\/autorival.ro\\\/mazda\\\/wp-content\\\/uploads\\\/sites\\\/16\\\/2025\\\/05\\\/fdb597_1917953.jpg\",\"width\":600,\"height\":352,\"caption\":\"Placute frana MAZDA 121 I (DA) 1.1 (DA101) benzina 57 cai FERODO FDB597\"},{\"@type\":\"BreadcrumbList\",\"@id\":\"https:\\\/\\\/autorival.ro\\\/mazda\\\/product\\\/placute-frana-mazda-121-i-da-1-3-da103-benzina-55-cai-ferodo-fdb597\\\/#breadcrumb\",\"itemListElement\":[{\"@type\":\"ListItem\",\"position\":1,\"name\":\"Prima pagin\u0103\",\"item\":\"https:\\\/\\\/autorival.ro\\\/mazda\\\/\"},{\"@type\":\"ListItem\",\"position\":2,\"name\":\"Piese auto MAZDA\",\"item\":\"https:\\\/\\\/autorival.ro\\\/mazda\\\/\"},{\"@type\":\"ListItem\",\"position\":3,\"name\":\"Placute frana MAZDA 121 I (DA) 1.3 (DA103) benzina 55 cai FERODO FDB597\"}]},{\"@type\":\"WebSite\",\"@id\":\"https:\\\/\\\/autorival.ro\\\/mazda\\\/#website\",\"url\":\"https:\\\/\\\/autorival.ro\\\/mazda\\\/\",\"name\":\"MAZDA\",\"description\":\"\",\"potentialAction\":[{\"@type\":\"SearchAction\",\"target\":{\"@type\":\"EntryPoint\",\"urlTemplate\":\"https:\\\/\\\/autorival.ro\\\/mazda\\\/?s={search_term_string}\"},\"query-input\":{\"@type\":\"PropertyValueSpecification\",\"valueRequired\":true,\"valueName\":\"search_term_string\"}}],\"inLanguage\":\"en-US\"}]}<\/script>\n<!-- \/ Yoast SEO plugin. -->","yoast_head_json":{"title":"Placute frana MAZDA 121 I (DA) 1.3 (DA103) benzina 55 cai FERODO FDB597 MAZDA | FERODO - Autorival","description":"\u26a1 Placute frana MAZDA 121 I (DA) 1.3 (DA103) benzina 55 cai FERODO FDB597 pentru MAZDA la doar 273.32 RON. \u2713 Cod: FDB597 \u2713 Brand: FERODO \u2713 \u00cen stoc \u2713 Livrare 24h \u2713 Garan\u021bie!","robots":{"index":"index","follow":"follow","max-snippet":"max-snippet:-1","max-image-preview":"max-image-preview:large","max-video-preview":"max-video-preview:-1"},"og_locale":"en_US","og_type":"article","og_title":"Placute frana MAZDA 121 I (DA) 1.3 (DA103) benzina 55 cai FERODO FDB597 MAZDA | FERODO - Autorival","og_description":"\u26a1 Placute frana MAZDA 121 I (DA) 1.3 (DA103) benzina 55 cai FERODO FDB597 pentru MAZDA la doar 273.32 RON. \u2713 Cod: FDB597 \u2713 Brand: FERODO \u2713 \u00cen stoc \u2713 Livrare 24h \u2713 Garan\u021bie!","og_url":"https:\/\/autorival.ro\/mazda\/product\/placute-frana-mazda-121-i-da-1-3-da103-benzina-55-cai-ferodo-fdb597\/","og_site_name":"MAZDA","og_image":[{"width":600,"height":352,"url":"https:\/\/autorival.ro\/mazda\/wp-content\/uploads\/sites\/16\/2025\/05\/fdb597_1917953.jpg","type":"image\/jpeg"}],"twitter_card":"summary_large_image","twitter_title":"Placute frana MAZDA 121 I (DA) 1.3 (DA103) benzina 55 cai FERODO FDB597 MAZDA | FERODO - Autorival","twitter_description":"\u26a1 Placute frana MAZDA 121 I (DA) 1.3 (DA103) benzina 55 cai FERODO FDB597 pentru MAZDA la doar 273.32 RON. \u2713 Cod: FDB597 \u2713 Brand: FERODO \u2713 \u00cen stoc \u2713 Livrare 24h \u2713 Garan\u021bie!","schema":{"@context":"https:\/\/schema.org","@graph":[{"@type":"WebPage","@id":"https:\/\/autorival.ro\/mazda\/product\/placute-frana-mazda-121-i-da-1-3-da103-benzina-55-cai-ferodo-fdb597\/","url":"https:\/\/autorival.ro\/mazda\/product\/placute-frana-mazda-121-i-da-1-3-da103-benzina-55-cai-ferodo-fdb597\/","name":"Placute frana MAZDA 121 I (DA) 1.3 (DA103) benzina 55 cai FERODO FDB597 MAZDA | FERODO - Autorival","isPartOf":{"@id":"https:\/\/autorival.ro\/mazda\/#website"},"primaryImageOfPage":{"@id":"https:\/\/autorival.ro\/mazda\/product\/placute-frana-mazda-121-i-da-1-3-da103-benzina-55-cai-ferodo-fdb597\/#primaryimage"},"image":{"@id":"https:\/\/autorival.ro\/mazda\/product\/placute-frana-mazda-121-i-da-1-3-da103-benzina-55-cai-ferodo-fdb597\/#primaryimage"},"thumbnailUrl":"https:\/\/autorival.ro\/mazda\/wp-content\/uploads\/sites\/16\/2025\/05\/fdb597_1917953.jpg","datePublished":"2025-05-14T10:24:14+00:00","description":"\u26a1 Placute frana MAZDA 121 I (DA) 1.3 (DA103) benzina 55 cai FERODO FDB597 pentru MAZDA la doar 273.32 RON. \u2713 Cod: FDB597 \u2713 Brand: FERODO \u2713 \u00cen stoc \u2713 Livrare 24h \u2713 Garan\u021bie!","breadcrumb":{"@id":"https:\/\/autorival.ro\/mazda\/product\/placute-frana-mazda-121-i-da-1-3-da103-benzina-55-cai-ferodo-fdb597\/#breadcrumb"},"inLanguage":"en-US","potentialAction":[{"@type":"ReadAction","target":["https:\/\/autorival.ro\/mazda\/product\/placute-frana-mazda-121-i-da-1-3-da103-benzina-55-cai-ferodo-fdb597\/"]}]},{"@type":"ImageObject","inLanguage":"en-US","@id":"https:\/\/autorival.ro\/mazda\/product\/placute-frana-mazda-121-i-da-1-3-da103-benzina-55-cai-ferodo-fdb597\/#primaryimage","url":"https:\/\/autorival.ro\/mazda\/wp-content\/uploads\/sites\/16\/2025\/05\/fdb597_1917953.jpg","contentUrl":"https:\/\/autorival.ro\/mazda\/wp-content\/uploads\/sites\/16\/2025\/05\/fdb597_1917953.jpg","width":600,"height":352,"caption":"Placute frana MAZDA 121 I (DA) 1.1 (DA101) benzina 57 cai FERODO FDB597"},{"@type":"BreadcrumbList","@id":"https:\/\/autorival.ro\/mazda\/product\/placute-frana-mazda-121-i-da-1-3-da103-benzina-55-cai-ferodo-fdb597\/#breadcrumb","itemListElement":[{"@type":"ListItem","position":1,"name":"Prima pagin\u0103","item":"https:\/\/autorival.ro\/mazda\/"},{"@type":"ListItem","position":2,"name":"Piese auto MAZDA","item":"https:\/\/autorival.ro\/mazda\/"},{"@type":"ListItem","position":3,"name":"Placute frana MAZDA 121 I (DA) 1.3 (DA103) benzina 55 cai FERODO FDB597"}]},{"@type":"WebSite","@id":"https:\/\/autorival.ro\/mazda\/#website","url":"https:\/\/autorival.ro\/mazda\/","name":"MAZDA","description":"","potentialAction":[{"@type":"SearchAction","target":{"@type":"EntryPoint","urlTemplate":"https:\/\/autorival.ro\/mazda\/?s={search_term_string}"},"query-input":{"@type":"PropertyValueSpecification","valueRequired":true,"valueName":"search_term_string"}}],"inLanguage":"en-US"}]}},"_links":{"self":[{"href":"https:\/\/autorival.ro\/mazda\/wp-json\/wp\/v2\/product\/131944","targetHints":{"allow":["GET"]}}],"collection":[{"href":"https:\/\/autorival.ro\/mazda\/wp-json\/wp\/v2\/product"}],"about":[{"href":"https:\/\/autorival.ro\/mazda\/wp-json\/wp\/v2\/types\/product"}],"replies":[{"embeddable":true,"href":"https:\/\/autorival.ro\/mazda\/wp-json\/wp\/v2\/comments?post=131944"}],"wp:featuredmedia":[{"embeddable":true,"href":"https:\/\/autorival.ro\/mazda\/wp-json\/wp\/v2\/media\/131926"}],"wp:attachment":[{"href":"https:\/\/autorival.ro\/mazda\/wp-json\/wp\/v2\/media?parent=131944"}],"wp:term":[{"taxonomy":"product_brand","embeddable":true,"href":"https:\/\/autorival.ro\/mazda\/wp-json\/wp\/v2\/product_brand?post=131944"},{"taxonomy":"product_cat","embeddable":true,"href":"https:\/\/autorival.ro\/mazda\/wp-json\/wp\/v2\/product_cat?post=131944"},{"taxonomy":"product_tag","embeddable":true,"href":"https:\/\/autorival.ro\/mazda\/wp-json\/wp\/v2\/product_tag?post=131944"}],"curies":[{"name":"wp","href":"https:\/\/api.w.org\/{rel}","templated":true}]}}