{"id":927312,"date":"2026-04-03T04:49:41","date_gmt":"2026-04-03T04:49:41","guid":{"rendered":"https:\/\/autorival.ro\/landrover\/product\/fulie-curea-arbore-cotit-dayco-dpv1205-land-rover-range-rover-evoque-l538-2179-cmc-224dtdw12bted4-diesel-150-dayco-dpv1205-2\/"},"modified":"2026-04-03T04:49:41","modified_gmt":"2026-04-03T04:49:41","slug":"fulie-curea-arbore-cotit-dayco-dpv1205-land-rover-range-rover-evoque-l538-2179-cmc-224dtdw12bted4-diesel-150-dayco-dpv1205-2","status":"publish","type":"product","link":"https:\/\/autorival.ro\/landrover\/product\/fulie-curea-arbore-cotit-dayco-dpv1205-land-rover-range-rover-evoque-l538-2179-cmc-224dtdw12bted4-diesel-150-dayco-dpv1205-2\/","title":{"rendered":"Fulie curea arbore cotit DAYCO DPV1205 LAND ROVER RANGE ROVER EVOQUE (L538) 2,179 cmc (224DT(DW12BTED4) diesel 150 DAYCO DPV1205"},"content":{"rendered":"<p>Fulie curea arbore cotit DAYCO DPV1205; Cod motor: 224DT(DW12BTED4); Fulie curea \u00d8 [mm]: 152,7; Greutate [kg]: 1,8; \u00cenaltime 1 [mm]: 23,5; \u00cenaltime 2 [mm]: 37,0; Linia\/varianta de dotare a vehiculului: 224DT(DW12BTED; pt. cod original (OE): LR022091; Serie \u0219asiu (VIN) \u00eencep\u00e2nd cu: BH000001<\/p>\n","protected":false},"excerpt":{"rendered":"<p>Producator: DAYCO Cod: DPV1205<\/p>\n","protected":false},"featured_media":927313,"comment_status":"open","ping_status":"closed","template":"","meta":[],"product_brand":[2429],"product_cat":[24165],"product_tag":[],"class_list":{"0":"post-927312","1":"product","2":"type-product","3":"status-publish","4":"has-post-thumbnail","6":"product_brand-dayco","7":"product_cat-fulie-curea-2179-cmc-224dtdw12bted4-diesel-150-range-rover-evoque-l538","9":"first","10":"instock","11":"shipping-taxable","12":"purchasable","13":"product-type-simple"},"yoast_head":"<!-- This site is optimized with the Yoast SEO plugin v27.3 - https:\/\/yoast.com\/product\/yoast-seo-wordpress\/ -->\n<title>Fulie curea arbore cotit DAYCO DPV1205 LAND ROVER RANGE ROVER EVOQUE (L538) 2,179 cmc (224DT(DW12BTED4) diesel 150 DAYCO DPV1205 LAND ROVER | DAYCO - Autorival<\/title>\n<meta name=\"description\" content=\"\u26a1 Fulie curea arbore cotit DAYCO DPV1205 LAND ROVER RANGE ROVER EVOQUE (L538) 2,179 cmc (224DT(DW12BTED4) diesel 150 DAYCO DPV1205 pentru LAND ROVER. \u2713 Cod: DPV1205 \u2713 Brand: DAYCO \u2713 \u00cen stoc \u2713 Livrare 24h \u2713 Garan\u021bie!\" \/>\n<meta name=\"robots\" content=\"index, follow, max-snippet:-1, max-image-preview:large, max-video-preview:-1\" \/>\n<meta property=\"og:locale\" content=\"en_US\" \/>\n<meta property=\"og:type\" content=\"article\" \/>\n<meta property=\"og:title\" content=\"Fulie curea arbore cotit DAYCO DPV1205 LAND ROVER RANGE ROVER EVOQUE (L538) 2,179 cmc (224DT(DW12BTED4) diesel 150 DAYCO DPV1205 LAND ROVER | DAYCO - Autorival\" \/>\n<meta property=\"og:description\" content=\"\u26a1 Fulie curea arbore cotit DAYCO DPV1205 LAND ROVER RANGE ROVER EVOQUE (L538) 2,179 cmc (224DT(DW12BTED4) diesel 150 DAYCO DPV1205 pentru LAND ROVER. \u2713 Cod: DPV1205 \u2713 Brand: DAYCO \u2713 \u00cen stoc \u2713 Livrare 24h \u2713 Garan\u021bie!\" \/>\n<meta property=\"og:url\" content=\"https:\/\/autorival.ro\/landrover\/product\/fulie-curea-arbore-cotit-dayco-dpv1205-land-rover-range-rover-evoque-l538-2179-cmc-224dtdw12bted4-diesel-150-dayco-dpv1205-2\/\" \/>\n<meta property=\"og:site_name\" content=\"LAND ROVER\" \/>\n<meta name=\"twitter:card\" content=\"summary_large_image\" \/>\n<meta name=\"twitter:title\" content=\"Fulie curea arbore cotit DAYCO DPV1205 LAND ROVER RANGE ROVER EVOQUE (L538) 2,179 cmc (224DT(DW12BTED4) diesel 150 DAYCO DPV1205 LAND ROVER | DAYCO - Autorival\" \/>\n<meta name=\"twitter:description\" content=\"\u26a1 Fulie curea arbore cotit DAYCO DPV1205 LAND ROVER RANGE ROVER EVOQUE (L538) 2,179 cmc (224DT(DW12BTED4) diesel 150 DAYCO DPV1205 pentru LAND ROVER. \u2713 Cod: DPV1205 \u2713 Brand: DAYCO \u2713 \u00cen stoc \u2713 Livrare 24h \u2713 Garan\u021bie!\" \/>\n<script type=\"application\/ld+json\" class=\"yoast-schema-graph\">{\"@context\":\"https:\\\/\\\/schema.org\",\"@graph\":[{\"@type\":\"WebPage\",\"@id\":\"https:\\\/\\\/autorival.ro\\\/landrover\\\/product\\\/fulie-curea-arbore-cotit-dayco-dpv1205-land-rover-range-rover-evoque-l538-2179-cmc-224dtdw12bted4-diesel-150-dayco-dpv1205-2\\\/\",\"url\":\"https:\\\/\\\/autorival.ro\\\/landrover\\\/product\\\/fulie-curea-arbore-cotit-dayco-dpv1205-land-rover-range-rover-evoque-l538-2179-cmc-224dtdw12bted4-diesel-150-dayco-dpv1205-2\\\/\",\"name\":\"Fulie curea arbore cotit DAYCO DPV1205 LAND ROVER RANGE ROVER EVOQUE (L538) 2,179 cmc (224DT(DW12BTED4) diesel 150 DAYCO DPV1205 LAND ROVER | DAYCO - Autorival\",\"isPartOf\":{\"@id\":\"https:\\\/\\\/autorival.ro\\\/landrover\\\/#website\"},\"primaryImageOfPage\":{\"@id\":\"https:\\\/\\\/autorival.ro\\\/landrover\\\/product\\\/fulie-curea-arbore-cotit-dayco-dpv1205-land-rover-range-rover-evoque-l538-2179-cmc-224dtdw12bted4-diesel-150-dayco-dpv1205-2\\\/#primaryimage\"},\"image\":{\"@id\":\"https:\\\/\\\/autorival.ro\\\/landrover\\\/product\\\/fulie-curea-arbore-cotit-dayco-dpv1205-land-rover-range-rover-evoque-l538-2179-cmc-224dtdw12bted4-diesel-150-dayco-dpv1205-2\\\/#primaryimage\"},\"thumbnailUrl\":\"https:\\\/\\\/autorival.ro\\\/landrover\\\/wp-content\\\/uploads\\\/sites\\\/19\\\/2026\\\/04\\\/3912936_dpv1205-10.jpg\",\"datePublished\":\"2026-04-03T04:49:41+00:00\",\"description\":\"\u26a1 Fulie curea arbore cotit DAYCO DPV1205 LAND ROVER RANGE ROVER EVOQUE (L538) 2,179 cmc (224DT(DW12BTED4) diesel 150 DAYCO DPV1205 pentru LAND ROVER. \u2713 Cod: DPV1205 \u2713 Brand: DAYCO \u2713 \u00cen stoc \u2713 Livrare 24h \u2713 Garan\u021bie!\",\"breadcrumb\":{\"@id\":\"https:\\\/\\\/autorival.ro\\\/landrover\\\/product\\\/fulie-curea-arbore-cotit-dayco-dpv1205-land-rover-range-rover-evoque-l538-2179-cmc-224dtdw12bted4-diesel-150-dayco-dpv1205-2\\\/#breadcrumb\"},\"inLanguage\":\"en-US\",\"potentialAction\":[{\"@type\":\"ReadAction\",\"target\":[\"https:\\\/\\\/autorival.ro\\\/landrover\\\/product\\\/fulie-curea-arbore-cotit-dayco-dpv1205-land-rover-range-rover-evoque-l538-2179-cmc-224dtdw12bted4-diesel-150-dayco-dpv1205-2\\\/\"]}]},{\"@type\":\"ImageObject\",\"inLanguage\":\"en-US\",\"@id\":\"https:\\\/\\\/autorival.ro\\\/landrover\\\/product\\\/fulie-curea-arbore-cotit-dayco-dpv1205-land-rover-range-rover-evoque-l538-2179-cmc-224dtdw12bted4-diesel-150-dayco-dpv1205-2\\\/#primaryimage\",\"url\":\"https:\\\/\\\/autorival.ro\\\/landrover\\\/wp-content\\\/uploads\\\/sites\\\/19\\\/2026\\\/04\\\/3912936_dpv1205-10.jpg\",\"contentUrl\":\"https:\\\/\\\/autorival.ro\\\/landrover\\\/wp-content\\\/uploads\\\/sites\\\/19\\\/2026\\\/04\\\/3912936_dpv1205-10.jpg\",\"width\":360,\"height\":360},{\"@type\":\"BreadcrumbList\",\"@id\":\"https:\\\/\\\/autorival.ro\\\/landrover\\\/product\\\/fulie-curea-arbore-cotit-dayco-dpv1205-land-rover-range-rover-evoque-l538-2179-cmc-224dtdw12bted4-diesel-150-dayco-dpv1205-2\\\/#breadcrumb\",\"itemListElement\":[{\"@type\":\"ListItem\",\"position\":1,\"name\":\"Prima pagin\u0103\",\"item\":\"https:\\\/\\\/autorival.ro\\\/landrover\\\/\"},{\"@type\":\"ListItem\",\"position\":2,\"name\":\"Piese auto LAND ROVER\",\"item\":\"https:\\\/\\\/autorival.ro\\\/landrover\\\/\"},{\"@type\":\"ListItem\",\"position\":3,\"name\":\"Fulie curea arbore cotit DAYCO DPV1205 LAND ROVER RANGE ROVER EVOQUE (L538) 2,179 cmc (224DT(DW12BTED4) diesel 150 DAYCO DPV1205\"}]},{\"@type\":\"WebSite\",\"@id\":\"https:\\\/\\\/autorival.ro\\\/landrover\\\/#website\",\"url\":\"https:\\\/\\\/autorival.ro\\\/landrover\\\/\",\"name\":\"LAND ROVER\",\"description\":\"\",\"potentialAction\":[{\"@type\":\"SearchAction\",\"target\":{\"@type\":\"EntryPoint\",\"urlTemplate\":\"https:\\\/\\\/autorival.ro\\\/landrover\\\/?s={search_term_string}\"},\"query-input\":{\"@type\":\"PropertyValueSpecification\",\"valueRequired\":true,\"valueName\":\"search_term_string\"}}],\"inLanguage\":\"en-US\"}]}<\/script>\n<!-- \/ Yoast SEO plugin. -->","yoast_head_json":{"title":"Fulie curea arbore cotit DAYCO DPV1205 LAND ROVER RANGE ROVER EVOQUE (L538) 2,179 cmc (224DT(DW12BTED4) diesel 150 DAYCO DPV1205 LAND ROVER | DAYCO - Autorival","description":"\u26a1 Fulie curea arbore cotit DAYCO DPV1205 LAND ROVER RANGE ROVER EVOQUE (L538) 2,179 cmc (224DT(DW12BTED4) diesel 150 DAYCO DPV1205 pentru LAND ROVER. \u2713 Cod: DPV1205 \u2713 Brand: DAYCO \u2713 \u00cen stoc \u2713 Livrare 24h \u2713 Garan\u021bie!","robots":{"index":"index","follow":"follow","max-snippet":"max-snippet:-1","max-image-preview":"max-image-preview:large","max-video-preview":"max-video-preview:-1"},"og_locale":"en_US","og_type":"article","og_title":"Fulie curea arbore cotit DAYCO DPV1205 LAND ROVER RANGE ROVER EVOQUE (L538) 2,179 cmc (224DT(DW12BTED4) diesel 150 DAYCO DPV1205 LAND ROVER | DAYCO - Autorival","og_description":"\u26a1 Fulie curea arbore cotit DAYCO DPV1205 LAND ROVER RANGE ROVER EVOQUE (L538) 2,179 cmc (224DT(DW12BTED4) diesel 150 DAYCO DPV1205 pentru LAND ROVER. \u2713 Cod: DPV1205 \u2713 Brand: DAYCO \u2713 \u00cen stoc \u2713 Livrare 24h \u2713 Garan\u021bie!","og_url":"https:\/\/autorival.ro\/landrover\/product\/fulie-curea-arbore-cotit-dayco-dpv1205-land-rover-range-rover-evoque-l538-2179-cmc-224dtdw12bted4-diesel-150-dayco-dpv1205-2\/","og_site_name":"LAND ROVER","twitter_card":"summary_large_image","twitter_title":"Fulie curea arbore cotit DAYCO DPV1205 LAND ROVER RANGE ROVER EVOQUE (L538) 2,179 cmc (224DT(DW12BTED4) diesel 150 DAYCO DPV1205 LAND ROVER | DAYCO - Autorival","twitter_description":"\u26a1 Fulie curea arbore cotit DAYCO DPV1205 LAND ROVER RANGE ROVER EVOQUE (L538) 2,179 cmc (224DT(DW12BTED4) diesel 150 DAYCO DPV1205 pentru LAND ROVER. \u2713 Cod: DPV1205 \u2713 Brand: DAYCO \u2713 \u00cen stoc \u2713 Livrare 24h \u2713 Garan\u021bie!","schema":{"@context":"https:\/\/schema.org","@graph":[{"@type":"WebPage","@id":"https:\/\/autorival.ro\/landrover\/product\/fulie-curea-arbore-cotit-dayco-dpv1205-land-rover-range-rover-evoque-l538-2179-cmc-224dtdw12bted4-diesel-150-dayco-dpv1205-2\/","url":"https:\/\/autorival.ro\/landrover\/product\/fulie-curea-arbore-cotit-dayco-dpv1205-land-rover-range-rover-evoque-l538-2179-cmc-224dtdw12bted4-diesel-150-dayco-dpv1205-2\/","name":"Fulie curea arbore cotit DAYCO DPV1205 LAND ROVER RANGE ROVER EVOQUE (L538) 2,179 cmc (224DT(DW12BTED4) diesel 150 DAYCO DPV1205 LAND ROVER | DAYCO - Autorival","isPartOf":{"@id":"https:\/\/autorival.ro\/landrover\/#website"},"primaryImageOfPage":{"@id":"https:\/\/autorival.ro\/landrover\/product\/fulie-curea-arbore-cotit-dayco-dpv1205-land-rover-range-rover-evoque-l538-2179-cmc-224dtdw12bted4-diesel-150-dayco-dpv1205-2\/#primaryimage"},"image":{"@id":"https:\/\/autorival.ro\/landrover\/product\/fulie-curea-arbore-cotit-dayco-dpv1205-land-rover-range-rover-evoque-l538-2179-cmc-224dtdw12bted4-diesel-150-dayco-dpv1205-2\/#primaryimage"},"thumbnailUrl":"https:\/\/autorival.ro\/landrover\/wp-content\/uploads\/sites\/19\/2026\/04\/3912936_dpv1205-10.jpg","datePublished":"2026-04-03T04:49:41+00:00","description":"\u26a1 Fulie curea arbore cotit DAYCO DPV1205 LAND ROVER RANGE ROVER EVOQUE (L538) 2,179 cmc (224DT(DW12BTED4) diesel 150 DAYCO DPV1205 pentru LAND ROVER. \u2713 Cod: DPV1205 \u2713 Brand: DAYCO \u2713 \u00cen stoc \u2713 Livrare 24h \u2713 Garan\u021bie!","breadcrumb":{"@id":"https:\/\/autorival.ro\/landrover\/product\/fulie-curea-arbore-cotit-dayco-dpv1205-land-rover-range-rover-evoque-l538-2179-cmc-224dtdw12bted4-diesel-150-dayco-dpv1205-2\/#breadcrumb"},"inLanguage":"en-US","potentialAction":[{"@type":"ReadAction","target":["https:\/\/autorival.ro\/landrover\/product\/fulie-curea-arbore-cotit-dayco-dpv1205-land-rover-range-rover-evoque-l538-2179-cmc-224dtdw12bted4-diesel-150-dayco-dpv1205-2\/"]}]},{"@type":"ImageObject","inLanguage":"en-US","@id":"https:\/\/autorival.ro\/landrover\/product\/fulie-curea-arbore-cotit-dayco-dpv1205-land-rover-range-rover-evoque-l538-2179-cmc-224dtdw12bted4-diesel-150-dayco-dpv1205-2\/#primaryimage","url":"https:\/\/autorival.ro\/landrover\/wp-content\/uploads\/sites\/19\/2026\/04\/3912936_dpv1205-10.jpg","contentUrl":"https:\/\/autorival.ro\/landrover\/wp-content\/uploads\/sites\/19\/2026\/04\/3912936_dpv1205-10.jpg","width":360,"height":360},{"@type":"BreadcrumbList","@id":"https:\/\/autorival.ro\/landrover\/product\/fulie-curea-arbore-cotit-dayco-dpv1205-land-rover-range-rover-evoque-l538-2179-cmc-224dtdw12bted4-diesel-150-dayco-dpv1205-2\/#breadcrumb","itemListElement":[{"@type":"ListItem","position":1,"name":"Prima pagin\u0103","item":"https:\/\/autorival.ro\/landrover\/"},{"@type":"ListItem","position":2,"name":"Piese auto LAND ROVER","item":"https:\/\/autorival.ro\/landrover\/"},{"@type":"ListItem","position":3,"name":"Fulie curea arbore cotit DAYCO DPV1205 LAND ROVER RANGE ROVER EVOQUE (L538) 2,179 cmc (224DT(DW12BTED4) diesel 150 DAYCO DPV1205"}]},{"@type":"WebSite","@id":"https:\/\/autorival.ro\/landrover\/#website","url":"https:\/\/autorival.ro\/landrover\/","name":"LAND ROVER","description":"","potentialAction":[{"@type":"SearchAction","target":{"@type":"EntryPoint","urlTemplate":"https:\/\/autorival.ro\/landrover\/?s={search_term_string}"},"query-input":{"@type":"PropertyValueSpecification","valueRequired":true,"valueName":"search_term_string"}}],"inLanguage":"en-US"}]}},"_links":{"self":[{"href":"https:\/\/autorival.ro\/landrover\/wp-json\/wp\/v2\/product\/927312","targetHints":{"allow":["GET"]}}],"collection":[{"href":"https:\/\/autorival.ro\/landrover\/wp-json\/wp\/v2\/product"}],"about":[{"href":"https:\/\/autorival.ro\/landrover\/wp-json\/wp\/v2\/types\/product"}],"replies":[{"embeddable":true,"href":"https:\/\/autorival.ro\/landrover\/wp-json\/wp\/v2\/comments?post=927312"}],"wp:featuredmedia":[{"embeddable":true,"href":"https:\/\/autorival.ro\/landrover\/wp-json\/wp\/v2\/media\/927313"}],"wp:attachment":[{"href":"https:\/\/autorival.ro\/landrover\/wp-json\/wp\/v2\/media?parent=927312"}],"wp:term":[{"taxonomy":"product_brand","embeddable":true,"href":"https:\/\/autorival.ro\/landrover\/wp-json\/wp\/v2\/product_brand?post=927312"},{"taxonomy":"product_cat","embeddable":true,"href":"https:\/\/autorival.ro\/landrover\/wp-json\/wp\/v2\/product_cat?post=927312"},{"taxonomy":"product_tag","embeddable":true,"href":"https:\/\/autorival.ro\/landrover\/wp-json\/wp\/v2\/product_tag?post=927312"}],"curies":[{"name":"wp","href":"https:\/\/api.w.org\/{rel}","templated":true}]}}