{"id":883131,"date":"2026-04-02T15:18:58","date_gmt":"2026-04-02T15:18:58","guid":{"rendered":"https:\/\/autorival.ro\/landrover\/product\/etrier-frana-trw-bht350e-land-rover-range-rover-iv-l405-2993-cmc-306dttdv6-diesel-211-trw-bht350e-2\/"},"modified":"2026-04-02T15:18:58","modified_gmt":"2026-04-02T15:18:58","slug":"etrier-frana-trw-bht350e-land-rover-range-rover-iv-l405-2993-cmc-306dttdv6-diesel-211-trw-bht350e-2","status":"publish","type":"product","link":"https:\/\/autorival.ro\/landrover\/product\/etrier-frana-trw-bht350e-land-rover-range-rover-iv-l405-2993-cmc-306dttdv6-diesel-211-trw-bht350e-2\/","title":{"rendered":"Etrier frana TRW BHT350E LAND ROVER RANGE ROVER IV (L405) 2,993 cmc (306DT(TDV6) diesel 211 TRW BHT350E"},"content":{"rendered":"<p>Etrier frana TRW BHT350E; Diametrul pistonului [mm]: 43; Dimensiune frane: 19&#8243;, 20&#8243;; Echipament vehicul: pentru vehicule cu fr\u00e2n\u0103 de parcare electric\u0103; Material: aluminiu; Numar articol par: BHT349E; Num\u0103r conexiuni cu muf\u0103 (intrare) [ poli]: 3; Partea de montare: Axa spate dreapta; Restrictiile producatorului: TRW; Serie \u0219asiu (VIN)p\u00e2n\u0103 la: GA999999; Tip etrier fr\u00e2na: Etrier de fr\u00e2n\u0103 (1 piston), Placute frana cu element de actionare ptr. frana parcare el.<\/p>\n","protected":false},"excerpt":{"rendered":"<p>Producator: TRW Cod: BHT350E<\/p>\n","protected":false},"featured_media":883132,"comment_status":"open","ping_status":"closed","template":"","meta":[],"product_brand":[1953],"product_cat":[21554],"product_tag":[],"class_list":{"0":"post-883131","1":"product","2":"type-product","3":"status-publish","4":"has-post-thumbnail","6":"product_brand-trw","7":"product_cat-suport-etrier-2993-cmc-306dttdv6-diesel-211-range-rover-iv-l405","9":"first","10":"instock","11":"shipping-taxable","12":"purchasable","13":"product-type-simple"},"yoast_head":"<!-- This site is optimized with the Yoast SEO plugin v27.3 - https:\/\/yoast.com\/product\/yoast-seo-wordpress\/ -->\n<title>Etrier frana TRW BHT350E LAND ROVER RANGE ROVER IV (L405) 2,993 cmc (306DT(TDV6) diesel 211 TRW BHT350E LAND ROVER | TRW - Autorival<\/title>\n<meta name=\"description\" content=\"\u26a1 Etrier frana TRW BHT350E LAND ROVER RANGE ROVER IV (L405) 2,993 cmc (306DT(TDV6) diesel 211 TRW BHT350E pentru LAND ROVER. \u2713 Cod: BHT350E \u2713 Brand: TRW \u2713 \u00cen stoc \u2713 Livrare 24h \u2713 Garan\u021bie!\" \/>\n<meta name=\"robots\" content=\"index, follow, max-snippet:-1, max-image-preview:large, max-video-preview:-1\" \/>\n<meta property=\"og:locale\" content=\"en_US\" \/>\n<meta property=\"og:type\" content=\"article\" \/>\n<meta property=\"og:title\" content=\"Etrier frana TRW BHT350E LAND ROVER RANGE ROVER IV (L405) 2,993 cmc (306DT(TDV6) diesel 211 TRW BHT350E LAND ROVER | TRW - Autorival\" \/>\n<meta property=\"og:description\" content=\"\u26a1 Etrier frana TRW BHT350E LAND ROVER RANGE ROVER IV (L405) 2,993 cmc (306DT(TDV6) diesel 211 TRW BHT350E pentru LAND ROVER. \u2713 Cod: BHT350E \u2713 Brand: TRW \u2713 \u00cen stoc \u2713 Livrare 24h \u2713 Garan\u021bie!\" \/>\n<meta property=\"og:url\" content=\"https:\/\/autorival.ro\/landrover\/product\/etrier-frana-trw-bht350e-land-rover-range-rover-iv-l405-2993-cmc-306dttdv6-diesel-211-trw-bht350e-2\/\" \/>\n<meta property=\"og:site_name\" content=\"LAND ROVER\" \/>\n<meta name=\"twitter:card\" content=\"summary_large_image\" \/>\n<meta name=\"twitter:title\" content=\"Etrier frana TRW BHT350E LAND ROVER RANGE ROVER IV (L405) 2,993 cmc (306DT(TDV6) diesel 211 TRW BHT350E LAND ROVER | TRW - Autorival\" \/>\n<meta name=\"twitter:description\" content=\"\u26a1 Etrier frana TRW BHT350E LAND ROVER RANGE ROVER IV (L405) 2,993 cmc (306DT(TDV6) diesel 211 TRW BHT350E pentru LAND ROVER. \u2713 Cod: BHT350E \u2713 Brand: TRW \u2713 \u00cen stoc \u2713 Livrare 24h \u2713 Garan\u021bie!\" \/>\n<script type=\"application\/ld+json\" class=\"yoast-schema-graph\">{\"@context\":\"https:\\\/\\\/schema.org\",\"@graph\":[{\"@type\":\"WebPage\",\"@id\":\"https:\\\/\\\/autorival.ro\\\/landrover\\\/product\\\/etrier-frana-trw-bht350e-land-rover-range-rover-iv-l405-2993-cmc-306dttdv6-diesel-211-trw-bht350e-2\\\/\",\"url\":\"https:\\\/\\\/autorival.ro\\\/landrover\\\/product\\\/etrier-frana-trw-bht350e-land-rover-range-rover-iv-l405-2993-cmc-306dttdv6-diesel-211-trw-bht350e-2\\\/\",\"name\":\"Etrier frana TRW BHT350E LAND ROVER RANGE ROVER IV (L405) 2,993 cmc (306DT(TDV6) diesel 211 TRW BHT350E LAND ROVER | TRW - Autorival\",\"isPartOf\":{\"@id\":\"https:\\\/\\\/autorival.ro\\\/landrover\\\/#website\"},\"primaryImageOfPage\":{\"@id\":\"https:\\\/\\\/autorival.ro\\\/landrover\\\/product\\\/etrier-frana-trw-bht350e-land-rover-range-rover-iv-l405-2993-cmc-306dttdv6-diesel-211-trw-bht350e-2\\\/#primaryimage\"},\"image\":{\"@id\":\"https:\\\/\\\/autorival.ro\\\/landrover\\\/product\\\/etrier-frana-trw-bht350e-land-rover-range-rover-iv-l405-2993-cmc-306dttdv6-diesel-211-trw-bht350e-2\\\/#primaryimage\"},\"thumbnailUrl\":\"https:\\\/\\\/autorival.ro\\\/landrover\\\/wp-content\\\/uploads\\\/sites\\\/19\\\/2026\\\/04\\\/land_rover0105-4642.png\",\"datePublished\":\"2026-04-02T15:18:58+00:00\",\"description\":\"\u26a1 Etrier frana TRW BHT350E LAND ROVER RANGE ROVER IV (L405) 2,993 cmc (306DT(TDV6) diesel 211 TRW BHT350E pentru LAND ROVER. \u2713 Cod: BHT350E \u2713 Brand: TRW \u2713 \u00cen stoc \u2713 Livrare 24h \u2713 Garan\u021bie!\",\"breadcrumb\":{\"@id\":\"https:\\\/\\\/autorival.ro\\\/landrover\\\/product\\\/etrier-frana-trw-bht350e-land-rover-range-rover-iv-l405-2993-cmc-306dttdv6-diesel-211-trw-bht350e-2\\\/#breadcrumb\"},\"inLanguage\":\"en-US\",\"potentialAction\":[{\"@type\":\"ReadAction\",\"target\":[\"https:\\\/\\\/autorival.ro\\\/landrover\\\/product\\\/etrier-frana-trw-bht350e-land-rover-range-rover-iv-l405-2993-cmc-306dttdv6-diesel-211-trw-bht350e-2\\\/\"]}]},{\"@type\":\"ImageObject\",\"inLanguage\":\"en-US\",\"@id\":\"https:\\\/\\\/autorival.ro\\\/landrover\\\/product\\\/etrier-frana-trw-bht350e-land-rover-range-rover-iv-l405-2993-cmc-306dttdv6-diesel-211-trw-bht350e-2\\\/#primaryimage\",\"url\":\"https:\\\/\\\/autorival.ro\\\/landrover\\\/wp-content\\\/uploads\\\/sites\\\/19\\\/2026\\\/04\\\/land_rover0105-4642.png\",\"contentUrl\":\"https:\\\/\\\/autorival.ro\\\/landrover\\\/wp-content\\\/uploads\\\/sites\\\/19\\\/2026\\\/04\\\/land_rover0105-4642.png\",\"width\":400,\"height\":221},{\"@type\":\"BreadcrumbList\",\"@id\":\"https:\\\/\\\/autorival.ro\\\/landrover\\\/product\\\/etrier-frana-trw-bht350e-land-rover-range-rover-iv-l405-2993-cmc-306dttdv6-diesel-211-trw-bht350e-2\\\/#breadcrumb\",\"itemListElement\":[{\"@type\":\"ListItem\",\"position\":1,\"name\":\"Prima pagin\u0103\",\"item\":\"https:\\\/\\\/autorival.ro\\\/landrover\\\/\"},{\"@type\":\"ListItem\",\"position\":2,\"name\":\"Piese auto LAND ROVER\",\"item\":\"https:\\\/\\\/autorival.ro\\\/landrover\\\/\"},{\"@type\":\"ListItem\",\"position\":3,\"name\":\"Etrier frana TRW BHT350E LAND ROVER RANGE ROVER IV (L405) 2,993 cmc (306DT(TDV6) diesel 211 TRW BHT350E\"}]},{\"@type\":\"WebSite\",\"@id\":\"https:\\\/\\\/autorival.ro\\\/landrover\\\/#website\",\"url\":\"https:\\\/\\\/autorival.ro\\\/landrover\\\/\",\"name\":\"LAND ROVER\",\"description\":\"\",\"potentialAction\":[{\"@type\":\"SearchAction\",\"target\":{\"@type\":\"EntryPoint\",\"urlTemplate\":\"https:\\\/\\\/autorival.ro\\\/landrover\\\/?s={search_term_string}\"},\"query-input\":{\"@type\":\"PropertyValueSpecification\",\"valueRequired\":true,\"valueName\":\"search_term_string\"}}],\"inLanguage\":\"en-US\"}]}<\/script>\n<!-- \/ Yoast SEO plugin. -->","yoast_head_json":{"title":"Etrier frana TRW BHT350E LAND ROVER RANGE ROVER IV (L405) 2,993 cmc (306DT(TDV6) diesel 211 TRW BHT350E LAND ROVER | TRW - Autorival","description":"\u26a1 Etrier frana TRW BHT350E LAND ROVER RANGE ROVER IV (L405) 2,993 cmc (306DT(TDV6) diesel 211 TRW BHT350E pentru LAND ROVER. \u2713 Cod: BHT350E \u2713 Brand: TRW \u2713 \u00cen stoc \u2713 Livrare 24h \u2713 Garan\u021bie!","robots":{"index":"index","follow":"follow","max-snippet":"max-snippet:-1","max-image-preview":"max-image-preview:large","max-video-preview":"max-video-preview:-1"},"og_locale":"en_US","og_type":"article","og_title":"Etrier frana TRW BHT350E LAND ROVER RANGE ROVER IV (L405) 2,993 cmc (306DT(TDV6) diesel 211 TRW BHT350E LAND ROVER | TRW - Autorival","og_description":"\u26a1 Etrier frana TRW BHT350E LAND ROVER RANGE ROVER IV (L405) 2,993 cmc (306DT(TDV6) diesel 211 TRW BHT350E pentru LAND ROVER. \u2713 Cod: BHT350E \u2713 Brand: TRW \u2713 \u00cen stoc \u2713 Livrare 24h \u2713 Garan\u021bie!","og_url":"https:\/\/autorival.ro\/landrover\/product\/etrier-frana-trw-bht350e-land-rover-range-rover-iv-l405-2993-cmc-306dttdv6-diesel-211-trw-bht350e-2\/","og_site_name":"LAND ROVER","twitter_card":"summary_large_image","twitter_title":"Etrier frana TRW BHT350E LAND ROVER RANGE ROVER IV (L405) 2,993 cmc (306DT(TDV6) diesel 211 TRW BHT350E LAND ROVER | TRW - Autorival","twitter_description":"\u26a1 Etrier frana TRW BHT350E LAND ROVER RANGE ROVER IV (L405) 2,993 cmc (306DT(TDV6) diesel 211 TRW BHT350E pentru LAND ROVER. \u2713 Cod: BHT350E \u2713 Brand: TRW \u2713 \u00cen stoc \u2713 Livrare 24h \u2713 Garan\u021bie!","schema":{"@context":"https:\/\/schema.org","@graph":[{"@type":"WebPage","@id":"https:\/\/autorival.ro\/landrover\/product\/etrier-frana-trw-bht350e-land-rover-range-rover-iv-l405-2993-cmc-306dttdv6-diesel-211-trw-bht350e-2\/","url":"https:\/\/autorival.ro\/landrover\/product\/etrier-frana-trw-bht350e-land-rover-range-rover-iv-l405-2993-cmc-306dttdv6-diesel-211-trw-bht350e-2\/","name":"Etrier frana TRW BHT350E LAND ROVER RANGE ROVER IV (L405) 2,993 cmc (306DT(TDV6) diesel 211 TRW BHT350E LAND ROVER | TRW - Autorival","isPartOf":{"@id":"https:\/\/autorival.ro\/landrover\/#website"},"primaryImageOfPage":{"@id":"https:\/\/autorival.ro\/landrover\/product\/etrier-frana-trw-bht350e-land-rover-range-rover-iv-l405-2993-cmc-306dttdv6-diesel-211-trw-bht350e-2\/#primaryimage"},"image":{"@id":"https:\/\/autorival.ro\/landrover\/product\/etrier-frana-trw-bht350e-land-rover-range-rover-iv-l405-2993-cmc-306dttdv6-diesel-211-trw-bht350e-2\/#primaryimage"},"thumbnailUrl":"https:\/\/autorival.ro\/landrover\/wp-content\/uploads\/sites\/19\/2026\/04\/land_rover0105-4642.png","datePublished":"2026-04-02T15:18:58+00:00","description":"\u26a1 Etrier frana TRW BHT350E LAND ROVER RANGE ROVER IV (L405) 2,993 cmc (306DT(TDV6) diesel 211 TRW BHT350E pentru LAND ROVER. \u2713 Cod: BHT350E \u2713 Brand: TRW \u2713 \u00cen stoc \u2713 Livrare 24h \u2713 Garan\u021bie!","breadcrumb":{"@id":"https:\/\/autorival.ro\/landrover\/product\/etrier-frana-trw-bht350e-land-rover-range-rover-iv-l405-2993-cmc-306dttdv6-diesel-211-trw-bht350e-2\/#breadcrumb"},"inLanguage":"en-US","potentialAction":[{"@type":"ReadAction","target":["https:\/\/autorival.ro\/landrover\/product\/etrier-frana-trw-bht350e-land-rover-range-rover-iv-l405-2993-cmc-306dttdv6-diesel-211-trw-bht350e-2\/"]}]},{"@type":"ImageObject","inLanguage":"en-US","@id":"https:\/\/autorival.ro\/landrover\/product\/etrier-frana-trw-bht350e-land-rover-range-rover-iv-l405-2993-cmc-306dttdv6-diesel-211-trw-bht350e-2\/#primaryimage","url":"https:\/\/autorival.ro\/landrover\/wp-content\/uploads\/sites\/19\/2026\/04\/land_rover0105-4642.png","contentUrl":"https:\/\/autorival.ro\/landrover\/wp-content\/uploads\/sites\/19\/2026\/04\/land_rover0105-4642.png","width":400,"height":221},{"@type":"BreadcrumbList","@id":"https:\/\/autorival.ro\/landrover\/product\/etrier-frana-trw-bht350e-land-rover-range-rover-iv-l405-2993-cmc-306dttdv6-diesel-211-trw-bht350e-2\/#breadcrumb","itemListElement":[{"@type":"ListItem","position":1,"name":"Prima pagin\u0103","item":"https:\/\/autorival.ro\/landrover\/"},{"@type":"ListItem","position":2,"name":"Piese auto LAND ROVER","item":"https:\/\/autorival.ro\/landrover\/"},{"@type":"ListItem","position":3,"name":"Etrier frana TRW BHT350E LAND ROVER RANGE ROVER IV (L405) 2,993 cmc (306DT(TDV6) diesel 211 TRW BHT350E"}]},{"@type":"WebSite","@id":"https:\/\/autorival.ro\/landrover\/#website","url":"https:\/\/autorival.ro\/landrover\/","name":"LAND ROVER","description":"","potentialAction":[{"@type":"SearchAction","target":{"@type":"EntryPoint","urlTemplate":"https:\/\/autorival.ro\/landrover\/?s={search_term_string}"},"query-input":{"@type":"PropertyValueSpecification","valueRequired":true,"valueName":"search_term_string"}}],"inLanguage":"en-US"}]}},"_links":{"self":[{"href":"https:\/\/autorival.ro\/landrover\/wp-json\/wp\/v2\/product\/883131","targetHints":{"allow":["GET"]}}],"collection":[{"href":"https:\/\/autorival.ro\/landrover\/wp-json\/wp\/v2\/product"}],"about":[{"href":"https:\/\/autorival.ro\/landrover\/wp-json\/wp\/v2\/types\/product"}],"replies":[{"embeddable":true,"href":"https:\/\/autorival.ro\/landrover\/wp-json\/wp\/v2\/comments?post=883131"}],"wp:featuredmedia":[{"embeddable":true,"href":"https:\/\/autorival.ro\/landrover\/wp-json\/wp\/v2\/media\/883132"}],"wp:attachment":[{"href":"https:\/\/autorival.ro\/landrover\/wp-json\/wp\/v2\/media?parent=883131"}],"wp:term":[{"taxonomy":"product_brand","embeddable":true,"href":"https:\/\/autorival.ro\/landrover\/wp-json\/wp\/v2\/product_brand?post=883131"},{"taxonomy":"product_cat","embeddable":true,"href":"https:\/\/autorival.ro\/landrover\/wp-json\/wp\/v2\/product_cat?post=883131"},{"taxonomy":"product_tag","embeddable":true,"href":"https:\/\/autorival.ro\/landrover\/wp-json\/wp\/v2\/product_tag?post=883131"}],"curies":[{"name":"wp","href":"https:\/\/api.w.org\/{rel}","templated":true}]}}