{"id":813278,"date":"2026-04-01T18:15:55","date_gmt":"2026-04-01T18:15:55","guid":{"rendered":"https:\/\/autorival.ro\/landrover\/product\/etrier-frana-trw-bhs1293e-land-rover-range-rover-evoque-l538-2179-cmc-224dtdw12bted4-diesel-150-trw-bhs1293e-3\/"},"modified":"2026-04-01T18:15:55","modified_gmt":"2026-04-01T18:15:55","slug":"etrier-frana-trw-bhs1293e-land-rover-range-rover-evoque-l538-2179-cmc-224dtdw12bted4-diesel-150-trw-bhs1293e-3","status":"publish","type":"product","link":"https:\/\/autorival.ro\/landrover\/product\/etrier-frana-trw-bhs1293e-land-rover-range-rover-evoque-l538-2179-cmc-224dtdw12bted4-diesel-150-trw-bhs1293e-3\/","title":{"rendered":"Etrier frana TRW BHS1293E LAND ROVER RANGE ROVER EVOQUE (L538) 2,179 cmc (224DT(DW12BTED4) diesel 150 TRW BHS1293E"},"content":{"rendered":"<p>Etrier frana TRW BHS1293E; Diametrul pistonului [mm]: 60; Dimensiune frane: 16&#8243;; Marime janta [inch]: 16,0; Material: Fonta; Numar articol par: BHS1294E; Partea de montare: Axa fata stanga; pentru diametru disc frana [mm]: 300; Restrictiile producatorului: ATE; Serie \u0219asiu (VIN) \u00eencep\u00e2nd cu: GH000001; Serie \u0219asiu (VIN)p\u00e2n\u0103 la: FH999999; Tip etrier fr\u00e2na: Etrier de fr\u00e2n\u0103 (1 piston)<\/p>\n","protected":false},"excerpt":{"rendered":"<p>Producator: TRW Cod: BHS1293E<\/p>\n","protected":false},"featured_media":813279,"comment_status":"open","ping_status":"closed","template":"","meta":[],"product_brand":[1953],"product_cat":[10110],"product_tag":[],"class_list":{"0":"post-813278","1":"product","2":"type-product","3":"status-publish","4":"has-post-thumbnail","6":"product_brand-trw","7":"product_cat-suport-etrier-2179-cmc-224dtdw12bted4-diesel-150-range-rover-evoque-l538","9":"first","10":"instock","11":"shipping-taxable","12":"purchasable","13":"product-type-simple"},"yoast_head":"<!-- This site is optimized with the Yoast SEO plugin v27.3 - https:\/\/yoast.com\/product\/yoast-seo-wordpress\/ -->\n<title>Etrier frana TRW BHS1293E LAND ROVER RANGE ROVER EVOQUE (L538) 2,179 cmc (224DT(DW12BTED4) diesel 150 TRW BHS1293E LAND ROVER | TRW - Autorival<\/title>\n<meta name=\"description\" content=\"\u26a1 Etrier frana TRW BHS1293E LAND ROVER RANGE ROVER EVOQUE (L538) 2,179 cmc (224DT(DW12BTED4) diesel 150 TRW BHS1293E pentru LAND ROVER. \u2713 Cod: BHS1293E \u2713 Brand: TRW \u2713 \u00cen stoc \u2713 Livrare 24h \u2713 Garan\u021bie!\" \/>\n<meta name=\"robots\" content=\"index, follow, max-snippet:-1, max-image-preview:large, max-video-preview:-1\" \/>\n<meta property=\"og:locale\" content=\"en_US\" \/>\n<meta property=\"og:type\" content=\"article\" \/>\n<meta property=\"og:title\" content=\"Etrier frana TRW BHS1293E LAND ROVER RANGE ROVER EVOQUE (L538) 2,179 cmc (224DT(DW12BTED4) diesel 150 TRW BHS1293E LAND ROVER | TRW - Autorival\" \/>\n<meta property=\"og:description\" content=\"\u26a1 Etrier frana TRW BHS1293E LAND ROVER RANGE ROVER EVOQUE (L538) 2,179 cmc (224DT(DW12BTED4) diesel 150 TRW BHS1293E pentru LAND ROVER. \u2713 Cod: BHS1293E \u2713 Brand: TRW \u2713 \u00cen stoc \u2713 Livrare 24h \u2713 Garan\u021bie!\" \/>\n<meta property=\"og:url\" content=\"https:\/\/autorival.ro\/landrover\/product\/etrier-frana-trw-bhs1293e-land-rover-range-rover-evoque-l538-2179-cmc-224dtdw12bted4-diesel-150-trw-bhs1293e-3\/\" \/>\n<meta property=\"og:site_name\" content=\"LAND ROVER\" \/>\n<meta name=\"twitter:card\" content=\"summary_large_image\" \/>\n<meta name=\"twitter:title\" content=\"Etrier frana TRW BHS1293E LAND ROVER RANGE ROVER EVOQUE (L538) 2,179 cmc (224DT(DW12BTED4) diesel 150 TRW BHS1293E LAND ROVER | TRW - Autorival\" \/>\n<meta name=\"twitter:description\" content=\"\u26a1 Etrier frana TRW BHS1293E LAND ROVER RANGE ROVER EVOQUE (L538) 2,179 cmc (224DT(DW12BTED4) diesel 150 TRW BHS1293E pentru LAND ROVER. \u2713 Cod: BHS1293E \u2713 Brand: TRW \u2713 \u00cen stoc \u2713 Livrare 24h \u2713 Garan\u021bie!\" \/>\n<script type=\"application\/ld+json\" class=\"yoast-schema-graph\">{\"@context\":\"https:\\\/\\\/schema.org\",\"@graph\":[{\"@type\":\"WebPage\",\"@id\":\"https:\\\/\\\/autorival.ro\\\/landrover\\\/product\\\/etrier-frana-trw-bhs1293e-land-rover-range-rover-evoque-l538-2179-cmc-224dtdw12bted4-diesel-150-trw-bhs1293e-3\\\/\",\"url\":\"https:\\\/\\\/autorival.ro\\\/landrover\\\/product\\\/etrier-frana-trw-bhs1293e-land-rover-range-rover-evoque-l538-2179-cmc-224dtdw12bted4-diesel-150-trw-bhs1293e-3\\\/\",\"name\":\"Etrier frana TRW BHS1293E LAND ROVER RANGE ROVER EVOQUE (L538) 2,179 cmc (224DT(DW12BTED4) diesel 150 TRW BHS1293E LAND ROVER | TRW - Autorival\",\"isPartOf\":{\"@id\":\"https:\\\/\\\/autorival.ro\\\/landrover\\\/#website\"},\"primaryImageOfPage\":{\"@id\":\"https:\\\/\\\/autorival.ro\\\/landrover\\\/product\\\/etrier-frana-trw-bhs1293e-land-rover-range-rover-evoque-l538-2179-cmc-224dtdw12bted4-diesel-150-trw-bhs1293e-3\\\/#primaryimage\"},\"image\":{\"@id\":\"https:\\\/\\\/autorival.ro\\\/landrover\\\/product\\\/etrier-frana-trw-bhs1293e-land-rover-range-rover-evoque-l538-2179-cmc-224dtdw12bted4-diesel-150-trw-bhs1293e-3\\\/#primaryimage\"},\"thumbnailUrl\":\"https:\\\/\\\/autorival.ro\\\/landrover\\\/wp-content\\\/uploads\\\/sites\\\/19\\\/2026\\\/04\\\/1313660_0161bhs1293e-45.jpg\",\"datePublished\":\"2026-04-01T18:15:55+00:00\",\"description\":\"\u26a1 Etrier frana TRW BHS1293E LAND ROVER RANGE ROVER EVOQUE (L538) 2,179 cmc (224DT(DW12BTED4) diesel 150 TRW BHS1293E pentru LAND ROVER. \u2713 Cod: BHS1293E \u2713 Brand: TRW \u2713 \u00cen stoc \u2713 Livrare 24h \u2713 Garan\u021bie!\",\"breadcrumb\":{\"@id\":\"https:\\\/\\\/autorival.ro\\\/landrover\\\/product\\\/etrier-frana-trw-bhs1293e-land-rover-range-rover-evoque-l538-2179-cmc-224dtdw12bted4-diesel-150-trw-bhs1293e-3\\\/#breadcrumb\"},\"inLanguage\":\"en-US\",\"potentialAction\":[{\"@type\":\"ReadAction\",\"target\":[\"https:\\\/\\\/autorival.ro\\\/landrover\\\/product\\\/etrier-frana-trw-bhs1293e-land-rover-range-rover-evoque-l538-2179-cmc-224dtdw12bted4-diesel-150-trw-bhs1293e-3\\\/\"]}]},{\"@type\":\"ImageObject\",\"inLanguage\":\"en-US\",\"@id\":\"https:\\\/\\\/autorival.ro\\\/landrover\\\/product\\\/etrier-frana-trw-bhs1293e-land-rover-range-rover-evoque-l538-2179-cmc-224dtdw12bted4-diesel-150-trw-bhs1293e-3\\\/#primaryimage\",\"url\":\"https:\\\/\\\/autorival.ro\\\/landrover\\\/wp-content\\\/uploads\\\/sites\\\/19\\\/2026\\\/04\\\/1313660_0161bhs1293e-45.jpg\",\"contentUrl\":\"https:\\\/\\\/autorival.ro\\\/landrover\\\/wp-content\\\/uploads\\\/sites\\\/19\\\/2026\\\/04\\\/1313660_0161bhs1293e-45.jpg\",\"width\":600,\"height\":392},{\"@type\":\"BreadcrumbList\",\"@id\":\"https:\\\/\\\/autorival.ro\\\/landrover\\\/product\\\/etrier-frana-trw-bhs1293e-land-rover-range-rover-evoque-l538-2179-cmc-224dtdw12bted4-diesel-150-trw-bhs1293e-3\\\/#breadcrumb\",\"itemListElement\":[{\"@type\":\"ListItem\",\"position\":1,\"name\":\"Prima pagin\u0103\",\"item\":\"https:\\\/\\\/autorival.ro\\\/landrover\\\/\"},{\"@type\":\"ListItem\",\"position\":2,\"name\":\"Piese auto LAND ROVER\",\"item\":\"https:\\\/\\\/autorival.ro\\\/landrover\\\/\"},{\"@type\":\"ListItem\",\"position\":3,\"name\":\"Etrier frana TRW BHS1293E LAND ROVER RANGE ROVER EVOQUE (L538) 2,179 cmc (224DT(DW12BTED4) diesel 150 TRW BHS1293E\"}]},{\"@type\":\"WebSite\",\"@id\":\"https:\\\/\\\/autorival.ro\\\/landrover\\\/#website\",\"url\":\"https:\\\/\\\/autorival.ro\\\/landrover\\\/\",\"name\":\"LAND ROVER\",\"description\":\"\",\"potentialAction\":[{\"@type\":\"SearchAction\",\"target\":{\"@type\":\"EntryPoint\",\"urlTemplate\":\"https:\\\/\\\/autorival.ro\\\/landrover\\\/?s={search_term_string}\"},\"query-input\":{\"@type\":\"PropertyValueSpecification\",\"valueRequired\":true,\"valueName\":\"search_term_string\"}}],\"inLanguage\":\"en-US\"}]}<\/script>\n<!-- \/ Yoast SEO plugin. -->","yoast_head_json":{"title":"Etrier frana TRW BHS1293E LAND ROVER RANGE ROVER EVOQUE (L538) 2,179 cmc (224DT(DW12BTED4) diesel 150 TRW BHS1293E LAND ROVER | TRW - Autorival","description":"\u26a1 Etrier frana TRW BHS1293E LAND ROVER RANGE ROVER EVOQUE (L538) 2,179 cmc (224DT(DW12BTED4) diesel 150 TRW BHS1293E pentru LAND ROVER. \u2713 Cod: BHS1293E \u2713 Brand: TRW \u2713 \u00cen stoc \u2713 Livrare 24h \u2713 Garan\u021bie!","robots":{"index":"index","follow":"follow","max-snippet":"max-snippet:-1","max-image-preview":"max-image-preview:large","max-video-preview":"max-video-preview:-1"},"og_locale":"en_US","og_type":"article","og_title":"Etrier frana TRW BHS1293E LAND ROVER RANGE ROVER EVOQUE (L538) 2,179 cmc (224DT(DW12BTED4) diesel 150 TRW BHS1293E LAND ROVER | TRW - Autorival","og_description":"\u26a1 Etrier frana TRW BHS1293E LAND ROVER RANGE ROVER EVOQUE (L538) 2,179 cmc (224DT(DW12BTED4) diesel 150 TRW BHS1293E pentru LAND ROVER. \u2713 Cod: BHS1293E \u2713 Brand: TRW \u2713 \u00cen stoc \u2713 Livrare 24h \u2713 Garan\u021bie!","og_url":"https:\/\/autorival.ro\/landrover\/product\/etrier-frana-trw-bhs1293e-land-rover-range-rover-evoque-l538-2179-cmc-224dtdw12bted4-diesel-150-trw-bhs1293e-3\/","og_site_name":"LAND ROVER","twitter_card":"summary_large_image","twitter_title":"Etrier frana TRW BHS1293E LAND ROVER RANGE ROVER EVOQUE (L538) 2,179 cmc (224DT(DW12BTED4) diesel 150 TRW BHS1293E LAND ROVER | TRW - Autorival","twitter_description":"\u26a1 Etrier frana TRW BHS1293E LAND ROVER RANGE ROVER EVOQUE (L538) 2,179 cmc (224DT(DW12BTED4) diesel 150 TRW BHS1293E pentru LAND ROVER. \u2713 Cod: BHS1293E \u2713 Brand: TRW \u2713 \u00cen stoc \u2713 Livrare 24h \u2713 Garan\u021bie!","schema":{"@context":"https:\/\/schema.org","@graph":[{"@type":"WebPage","@id":"https:\/\/autorival.ro\/landrover\/product\/etrier-frana-trw-bhs1293e-land-rover-range-rover-evoque-l538-2179-cmc-224dtdw12bted4-diesel-150-trw-bhs1293e-3\/","url":"https:\/\/autorival.ro\/landrover\/product\/etrier-frana-trw-bhs1293e-land-rover-range-rover-evoque-l538-2179-cmc-224dtdw12bted4-diesel-150-trw-bhs1293e-3\/","name":"Etrier frana TRW BHS1293E LAND ROVER RANGE ROVER EVOQUE (L538) 2,179 cmc (224DT(DW12BTED4) diesel 150 TRW BHS1293E LAND ROVER | TRW - Autorival","isPartOf":{"@id":"https:\/\/autorival.ro\/landrover\/#website"},"primaryImageOfPage":{"@id":"https:\/\/autorival.ro\/landrover\/product\/etrier-frana-trw-bhs1293e-land-rover-range-rover-evoque-l538-2179-cmc-224dtdw12bted4-diesel-150-trw-bhs1293e-3\/#primaryimage"},"image":{"@id":"https:\/\/autorival.ro\/landrover\/product\/etrier-frana-trw-bhs1293e-land-rover-range-rover-evoque-l538-2179-cmc-224dtdw12bted4-diesel-150-trw-bhs1293e-3\/#primaryimage"},"thumbnailUrl":"https:\/\/autorival.ro\/landrover\/wp-content\/uploads\/sites\/19\/2026\/04\/1313660_0161bhs1293e-45.jpg","datePublished":"2026-04-01T18:15:55+00:00","description":"\u26a1 Etrier frana TRW BHS1293E LAND ROVER RANGE ROVER EVOQUE (L538) 2,179 cmc (224DT(DW12BTED4) diesel 150 TRW BHS1293E pentru LAND ROVER. \u2713 Cod: BHS1293E \u2713 Brand: TRW \u2713 \u00cen stoc \u2713 Livrare 24h \u2713 Garan\u021bie!","breadcrumb":{"@id":"https:\/\/autorival.ro\/landrover\/product\/etrier-frana-trw-bhs1293e-land-rover-range-rover-evoque-l538-2179-cmc-224dtdw12bted4-diesel-150-trw-bhs1293e-3\/#breadcrumb"},"inLanguage":"en-US","potentialAction":[{"@type":"ReadAction","target":["https:\/\/autorival.ro\/landrover\/product\/etrier-frana-trw-bhs1293e-land-rover-range-rover-evoque-l538-2179-cmc-224dtdw12bted4-diesel-150-trw-bhs1293e-3\/"]}]},{"@type":"ImageObject","inLanguage":"en-US","@id":"https:\/\/autorival.ro\/landrover\/product\/etrier-frana-trw-bhs1293e-land-rover-range-rover-evoque-l538-2179-cmc-224dtdw12bted4-diesel-150-trw-bhs1293e-3\/#primaryimage","url":"https:\/\/autorival.ro\/landrover\/wp-content\/uploads\/sites\/19\/2026\/04\/1313660_0161bhs1293e-45.jpg","contentUrl":"https:\/\/autorival.ro\/landrover\/wp-content\/uploads\/sites\/19\/2026\/04\/1313660_0161bhs1293e-45.jpg","width":600,"height":392},{"@type":"BreadcrumbList","@id":"https:\/\/autorival.ro\/landrover\/product\/etrier-frana-trw-bhs1293e-land-rover-range-rover-evoque-l538-2179-cmc-224dtdw12bted4-diesel-150-trw-bhs1293e-3\/#breadcrumb","itemListElement":[{"@type":"ListItem","position":1,"name":"Prima pagin\u0103","item":"https:\/\/autorival.ro\/landrover\/"},{"@type":"ListItem","position":2,"name":"Piese auto LAND ROVER","item":"https:\/\/autorival.ro\/landrover\/"},{"@type":"ListItem","position":3,"name":"Etrier frana TRW BHS1293E LAND ROVER RANGE ROVER EVOQUE (L538) 2,179 cmc (224DT(DW12BTED4) diesel 150 TRW BHS1293E"}]},{"@type":"WebSite","@id":"https:\/\/autorival.ro\/landrover\/#website","url":"https:\/\/autorival.ro\/landrover\/","name":"LAND ROVER","description":"","potentialAction":[{"@type":"SearchAction","target":{"@type":"EntryPoint","urlTemplate":"https:\/\/autorival.ro\/landrover\/?s={search_term_string}"},"query-input":{"@type":"PropertyValueSpecification","valueRequired":true,"valueName":"search_term_string"}}],"inLanguage":"en-US"}]}},"_links":{"self":[{"href":"https:\/\/autorival.ro\/landrover\/wp-json\/wp\/v2\/product\/813278","targetHints":{"allow":["GET"]}}],"collection":[{"href":"https:\/\/autorival.ro\/landrover\/wp-json\/wp\/v2\/product"}],"about":[{"href":"https:\/\/autorival.ro\/landrover\/wp-json\/wp\/v2\/types\/product"}],"replies":[{"embeddable":true,"href":"https:\/\/autorival.ro\/landrover\/wp-json\/wp\/v2\/comments?post=813278"}],"wp:featuredmedia":[{"embeddable":true,"href":"https:\/\/autorival.ro\/landrover\/wp-json\/wp\/v2\/media\/813279"}],"wp:attachment":[{"href":"https:\/\/autorival.ro\/landrover\/wp-json\/wp\/v2\/media?parent=813278"}],"wp:term":[{"taxonomy":"product_brand","embeddable":true,"href":"https:\/\/autorival.ro\/landrover\/wp-json\/wp\/v2\/product_brand?post=813278"},{"taxonomy":"product_cat","embeddable":true,"href":"https:\/\/autorival.ro\/landrover\/wp-json\/wp\/v2\/product_cat?post=813278"},{"taxonomy":"product_tag","embeddable":true,"href":"https:\/\/autorival.ro\/landrover\/wp-json\/wp\/v2\/product_tag?post=813278"}],"curies":[{"name":"wp","href":"https:\/\/api.w.org\/{rel}","templated":true}]}}