{"id":798352,"date":"2026-04-01T14:25:23","date_gmt":"2026-04-01T14:25:23","guid":{"rendered":"https:\/\/autorival.ro\/landrover\/product\/disc-frana-maxgear-19-1853max-land-rover-range-rover-evoque-l538-1999-cmc-204dtdaj20d4-diesel-150-maxgear-19-1853max-3\/"},"modified":"2026-04-01T14:25:23","modified_gmt":"2026-04-01T14:25:23","slug":"disc-frana-maxgear-19-1853max-land-rover-range-rover-evoque-l538-1999-cmc-204dtdaj20d4-diesel-150-maxgear-19-1853max-3","status":"publish","type":"product","link":"https:\/\/autorival.ro\/landrover\/product\/disc-frana-maxgear-19-1853max-land-rover-range-rover-evoque-l538-1999-cmc-204dtdaj20d4-diesel-150-maxgear-19-1853max-3\/","title":{"rendered":"Disc frana MAXGEAR 19-1853MAX LAND ROVER RANGE ROVER EVOQUE (L538) 1,999 cmc (204DTD(AJ20D4) diesel 150 MAXGEAR 19-1853MAX"},"content":{"rendered":"<p>Disc frana MAXGEAR 19-1853MAX; Asezare gauri \u00d8 [mm]: 108; Diametru de centrare [mm]: 63,5; Diametru exterior [mm]: 302; Grosime disc fr\u00e2na [mm]: 11; Grosime minima [mm]: 9; \u00cenaltime [mm]: 50,8; Numar gauri: 5; Partea de montare: puntea spate; Serie \u0219asiu (VIN)p\u00e2n\u0103 la: (V)FH999999; Suprafata: lacuit; Tip disc fr\u00e2na: plin<\/p>\n","protected":false},"excerpt":{"rendered":"<p>Producator: MAXGEAR Cod: 19-1853MAX<\/p>\n","protected":false},"featured_media":798353,"comment_status":"open","ping_status":"closed","template":"","meta":[],"product_brand":[348],"product_cat":[20896],"product_tag":[],"class_list":{"0":"post-798352","1":"product","2":"type-product","3":"status-publish","4":"has-post-thumbnail","6":"product_brand-maxgear","7":"product_cat-disc-frana-1999-cmc-204dtdaj20d4-diesel-150-range-rover-evoque-l538","9":"first","10":"instock","11":"shipping-taxable","12":"purchasable","13":"product-type-simple"},"yoast_head":"<!-- This site is optimized with the Yoast SEO plugin v27.3 - https:\/\/yoast.com\/product\/yoast-seo-wordpress\/ -->\n<title>Disc frana MAXGEAR 19-1853MAX LAND ROVER RANGE ROVER EVOQUE (L538) 1,999 cmc (204DTD(AJ20D4) diesel 150 MAXGEAR 19-1853MAX LAND ROVER | MAXGEAR - Autorival<\/title>\n<meta name=\"description\" content=\"\u26a1 Disc frana MAXGEAR 19-1853MAX LAND ROVER RANGE ROVER EVOQUE (L538) 1,999 cmc (204DTD(AJ20D4) diesel 150 MAXGEAR 19-1853MAX pentru LAND ROVER. \u2713 Cod: 19-1853MAX \u2713 Brand: MAXGEAR \u2713 \u00cen stoc \u2713 Livrare 24h \u2713 Garan\u021bie!\" \/>\n<meta name=\"robots\" content=\"index, follow, max-snippet:-1, max-image-preview:large, max-video-preview:-1\" \/>\n<meta property=\"og:locale\" content=\"en_US\" \/>\n<meta property=\"og:type\" content=\"article\" \/>\n<meta property=\"og:title\" content=\"Disc frana MAXGEAR 19-1853MAX LAND ROVER RANGE ROVER EVOQUE (L538) 1,999 cmc (204DTD(AJ20D4) diesel 150 MAXGEAR 19-1853MAX LAND ROVER | MAXGEAR - Autorival\" \/>\n<meta property=\"og:description\" content=\"\u26a1 Disc frana MAXGEAR 19-1853MAX LAND ROVER RANGE ROVER EVOQUE (L538) 1,999 cmc (204DTD(AJ20D4) diesel 150 MAXGEAR 19-1853MAX pentru LAND ROVER. \u2713 Cod: 19-1853MAX \u2713 Brand: MAXGEAR \u2713 \u00cen stoc \u2713 Livrare 24h \u2713 Garan\u021bie!\" \/>\n<meta property=\"og:url\" content=\"https:\/\/autorival.ro\/landrover\/product\/disc-frana-maxgear-19-1853max-land-rover-range-rover-evoque-l538-1999-cmc-204dtdaj20d4-diesel-150-maxgear-19-1853max-3\/\" \/>\n<meta property=\"og:site_name\" content=\"LAND ROVER\" \/>\n<meta name=\"twitter:card\" content=\"summary_large_image\" \/>\n<meta name=\"twitter:title\" content=\"Disc frana MAXGEAR 19-1853MAX LAND ROVER RANGE ROVER EVOQUE (L538) 1,999 cmc (204DTD(AJ20D4) diesel 150 MAXGEAR 19-1853MAX LAND ROVER | MAXGEAR - Autorival\" \/>\n<meta name=\"twitter:description\" content=\"\u26a1 Disc frana MAXGEAR 19-1853MAX LAND ROVER RANGE ROVER EVOQUE (L538) 1,999 cmc (204DTD(AJ20D4) diesel 150 MAXGEAR 19-1853MAX pentru LAND ROVER. \u2713 Cod: 19-1853MAX \u2713 Brand: MAXGEAR \u2713 \u00cen stoc \u2713 Livrare 24h \u2713 Garan\u021bie!\" \/>\n<script type=\"application\/ld+json\" class=\"yoast-schema-graph\">{\"@context\":\"https:\\\/\\\/schema.org\",\"@graph\":[{\"@type\":\"WebPage\",\"@id\":\"https:\\\/\\\/autorival.ro\\\/landrover\\\/product\\\/disc-frana-maxgear-19-1853max-land-rover-range-rover-evoque-l538-1999-cmc-204dtdaj20d4-diesel-150-maxgear-19-1853max-3\\\/\",\"url\":\"https:\\\/\\\/autorival.ro\\\/landrover\\\/product\\\/disc-frana-maxgear-19-1853max-land-rover-range-rover-evoque-l538-1999-cmc-204dtdaj20d4-diesel-150-maxgear-19-1853max-3\\\/\",\"name\":\"Disc frana MAXGEAR 19-1853MAX LAND ROVER RANGE ROVER EVOQUE (L538) 1,999 cmc (204DTD(AJ20D4) diesel 150 MAXGEAR 19-1853MAX LAND ROVER | MAXGEAR - Autorival\",\"isPartOf\":{\"@id\":\"https:\\\/\\\/autorival.ro\\\/landrover\\\/#website\"},\"primaryImageOfPage\":{\"@id\":\"https:\\\/\\\/autorival.ro\\\/landrover\\\/product\\\/disc-frana-maxgear-19-1853max-land-rover-range-rover-evoque-l538-1999-cmc-204dtdaj20d4-diesel-150-maxgear-19-1853max-3\\\/#primaryimage\"},\"image\":{\"@id\":\"https:\\\/\\\/autorival.ro\\\/landrover\\\/product\\\/disc-frana-maxgear-19-1853max-land-rover-range-rover-evoque-l538-1999-cmc-204dtdaj20d4-diesel-150-maxgear-19-1853max-3\\\/#primaryimage\"},\"thumbnailUrl\":\"https:\\\/\\\/autorival.ro\\\/landrover\\\/wp-content\\\/uploads\\\/sites\\\/19\\\/2026\\\/04\\\/3719040_19-1853max_1_large-14.jpg\",\"datePublished\":\"2026-04-01T14:25:23+00:00\",\"description\":\"\u26a1 Disc frana MAXGEAR 19-1853MAX LAND ROVER RANGE ROVER EVOQUE (L538) 1,999 cmc (204DTD(AJ20D4) diesel 150 MAXGEAR 19-1853MAX pentru LAND ROVER. \u2713 Cod: 19-1853MAX \u2713 Brand: MAXGEAR \u2713 \u00cen stoc \u2713 Livrare 24h \u2713 Garan\u021bie!\",\"breadcrumb\":{\"@id\":\"https:\\\/\\\/autorival.ro\\\/landrover\\\/product\\\/disc-frana-maxgear-19-1853max-land-rover-range-rover-evoque-l538-1999-cmc-204dtdaj20d4-diesel-150-maxgear-19-1853max-3\\\/#breadcrumb\"},\"inLanguage\":\"en-US\",\"potentialAction\":[{\"@type\":\"ReadAction\",\"target\":[\"https:\\\/\\\/autorival.ro\\\/landrover\\\/product\\\/disc-frana-maxgear-19-1853max-land-rover-range-rover-evoque-l538-1999-cmc-204dtdaj20d4-diesel-150-maxgear-19-1853max-3\\\/\"]}]},{\"@type\":\"ImageObject\",\"inLanguage\":\"en-US\",\"@id\":\"https:\\\/\\\/autorival.ro\\\/landrover\\\/product\\\/disc-frana-maxgear-19-1853max-land-rover-range-rover-evoque-l538-1999-cmc-204dtdaj20d4-diesel-150-maxgear-19-1853max-3\\\/#primaryimage\",\"url\":\"https:\\\/\\\/autorival.ro\\\/landrover\\\/wp-content\\\/uploads\\\/sites\\\/19\\\/2026\\\/04\\\/3719040_19-1853max_1_large-14.jpg\",\"contentUrl\":\"https:\\\/\\\/autorival.ro\\\/landrover\\\/wp-content\\\/uploads\\\/sites\\\/19\\\/2026\\\/04\\\/3719040_19-1853max_1_large-14.jpg\",\"width\":600,\"height\":400},{\"@type\":\"BreadcrumbList\",\"@id\":\"https:\\\/\\\/autorival.ro\\\/landrover\\\/product\\\/disc-frana-maxgear-19-1853max-land-rover-range-rover-evoque-l538-1999-cmc-204dtdaj20d4-diesel-150-maxgear-19-1853max-3\\\/#breadcrumb\",\"itemListElement\":[{\"@type\":\"ListItem\",\"position\":1,\"name\":\"Prima pagin\u0103\",\"item\":\"https:\\\/\\\/autorival.ro\\\/landrover\\\/\"},{\"@type\":\"ListItem\",\"position\":2,\"name\":\"Piese auto LAND ROVER\",\"item\":\"https:\\\/\\\/autorival.ro\\\/landrover\\\/\"},{\"@type\":\"ListItem\",\"position\":3,\"name\":\"Disc frana MAXGEAR 19-1853MAX LAND ROVER RANGE ROVER EVOQUE (L538) 1,999 cmc (204DTD(AJ20D4) diesel 150 MAXGEAR 19-1853MAX\"}]},{\"@type\":\"WebSite\",\"@id\":\"https:\\\/\\\/autorival.ro\\\/landrover\\\/#website\",\"url\":\"https:\\\/\\\/autorival.ro\\\/landrover\\\/\",\"name\":\"LAND ROVER\",\"description\":\"\",\"potentialAction\":[{\"@type\":\"SearchAction\",\"target\":{\"@type\":\"EntryPoint\",\"urlTemplate\":\"https:\\\/\\\/autorival.ro\\\/landrover\\\/?s={search_term_string}\"},\"query-input\":{\"@type\":\"PropertyValueSpecification\",\"valueRequired\":true,\"valueName\":\"search_term_string\"}}],\"inLanguage\":\"en-US\"}]}<\/script>\n<!-- \/ Yoast SEO plugin. -->","yoast_head_json":{"title":"Disc frana MAXGEAR 19-1853MAX LAND ROVER RANGE ROVER EVOQUE (L538) 1,999 cmc (204DTD(AJ20D4) diesel 150 MAXGEAR 19-1853MAX LAND ROVER | MAXGEAR - Autorival","description":"\u26a1 Disc frana MAXGEAR 19-1853MAX LAND ROVER RANGE ROVER EVOQUE (L538) 1,999 cmc (204DTD(AJ20D4) diesel 150 MAXGEAR 19-1853MAX pentru LAND ROVER. \u2713 Cod: 19-1853MAX \u2713 Brand: MAXGEAR \u2713 \u00cen stoc \u2713 Livrare 24h \u2713 Garan\u021bie!","robots":{"index":"index","follow":"follow","max-snippet":"max-snippet:-1","max-image-preview":"max-image-preview:large","max-video-preview":"max-video-preview:-1"},"og_locale":"en_US","og_type":"article","og_title":"Disc frana MAXGEAR 19-1853MAX LAND ROVER RANGE ROVER EVOQUE (L538) 1,999 cmc (204DTD(AJ20D4) diesel 150 MAXGEAR 19-1853MAX LAND ROVER | MAXGEAR - Autorival","og_description":"\u26a1 Disc frana MAXGEAR 19-1853MAX LAND ROVER RANGE ROVER EVOQUE (L538) 1,999 cmc (204DTD(AJ20D4) diesel 150 MAXGEAR 19-1853MAX pentru LAND ROVER. \u2713 Cod: 19-1853MAX \u2713 Brand: MAXGEAR \u2713 \u00cen stoc \u2713 Livrare 24h \u2713 Garan\u021bie!","og_url":"https:\/\/autorival.ro\/landrover\/product\/disc-frana-maxgear-19-1853max-land-rover-range-rover-evoque-l538-1999-cmc-204dtdaj20d4-diesel-150-maxgear-19-1853max-3\/","og_site_name":"LAND ROVER","twitter_card":"summary_large_image","twitter_title":"Disc frana MAXGEAR 19-1853MAX LAND ROVER RANGE ROVER EVOQUE (L538) 1,999 cmc (204DTD(AJ20D4) diesel 150 MAXGEAR 19-1853MAX LAND ROVER | MAXGEAR - Autorival","twitter_description":"\u26a1 Disc frana MAXGEAR 19-1853MAX LAND ROVER RANGE ROVER EVOQUE (L538) 1,999 cmc (204DTD(AJ20D4) diesel 150 MAXGEAR 19-1853MAX pentru LAND ROVER. \u2713 Cod: 19-1853MAX \u2713 Brand: MAXGEAR \u2713 \u00cen stoc \u2713 Livrare 24h \u2713 Garan\u021bie!","schema":{"@context":"https:\/\/schema.org","@graph":[{"@type":"WebPage","@id":"https:\/\/autorival.ro\/landrover\/product\/disc-frana-maxgear-19-1853max-land-rover-range-rover-evoque-l538-1999-cmc-204dtdaj20d4-diesel-150-maxgear-19-1853max-3\/","url":"https:\/\/autorival.ro\/landrover\/product\/disc-frana-maxgear-19-1853max-land-rover-range-rover-evoque-l538-1999-cmc-204dtdaj20d4-diesel-150-maxgear-19-1853max-3\/","name":"Disc frana MAXGEAR 19-1853MAX LAND ROVER RANGE ROVER EVOQUE (L538) 1,999 cmc (204DTD(AJ20D4) diesel 150 MAXGEAR 19-1853MAX LAND ROVER | MAXGEAR - Autorival","isPartOf":{"@id":"https:\/\/autorival.ro\/landrover\/#website"},"primaryImageOfPage":{"@id":"https:\/\/autorival.ro\/landrover\/product\/disc-frana-maxgear-19-1853max-land-rover-range-rover-evoque-l538-1999-cmc-204dtdaj20d4-diesel-150-maxgear-19-1853max-3\/#primaryimage"},"image":{"@id":"https:\/\/autorival.ro\/landrover\/product\/disc-frana-maxgear-19-1853max-land-rover-range-rover-evoque-l538-1999-cmc-204dtdaj20d4-diesel-150-maxgear-19-1853max-3\/#primaryimage"},"thumbnailUrl":"https:\/\/autorival.ro\/landrover\/wp-content\/uploads\/sites\/19\/2026\/04\/3719040_19-1853max_1_large-14.jpg","datePublished":"2026-04-01T14:25:23+00:00","description":"\u26a1 Disc frana MAXGEAR 19-1853MAX LAND ROVER RANGE ROVER EVOQUE (L538) 1,999 cmc (204DTD(AJ20D4) diesel 150 MAXGEAR 19-1853MAX pentru LAND ROVER. \u2713 Cod: 19-1853MAX \u2713 Brand: MAXGEAR \u2713 \u00cen stoc \u2713 Livrare 24h \u2713 Garan\u021bie!","breadcrumb":{"@id":"https:\/\/autorival.ro\/landrover\/product\/disc-frana-maxgear-19-1853max-land-rover-range-rover-evoque-l538-1999-cmc-204dtdaj20d4-diesel-150-maxgear-19-1853max-3\/#breadcrumb"},"inLanguage":"en-US","potentialAction":[{"@type":"ReadAction","target":["https:\/\/autorival.ro\/landrover\/product\/disc-frana-maxgear-19-1853max-land-rover-range-rover-evoque-l538-1999-cmc-204dtdaj20d4-diesel-150-maxgear-19-1853max-3\/"]}]},{"@type":"ImageObject","inLanguage":"en-US","@id":"https:\/\/autorival.ro\/landrover\/product\/disc-frana-maxgear-19-1853max-land-rover-range-rover-evoque-l538-1999-cmc-204dtdaj20d4-diesel-150-maxgear-19-1853max-3\/#primaryimage","url":"https:\/\/autorival.ro\/landrover\/wp-content\/uploads\/sites\/19\/2026\/04\/3719040_19-1853max_1_large-14.jpg","contentUrl":"https:\/\/autorival.ro\/landrover\/wp-content\/uploads\/sites\/19\/2026\/04\/3719040_19-1853max_1_large-14.jpg","width":600,"height":400},{"@type":"BreadcrumbList","@id":"https:\/\/autorival.ro\/landrover\/product\/disc-frana-maxgear-19-1853max-land-rover-range-rover-evoque-l538-1999-cmc-204dtdaj20d4-diesel-150-maxgear-19-1853max-3\/#breadcrumb","itemListElement":[{"@type":"ListItem","position":1,"name":"Prima pagin\u0103","item":"https:\/\/autorival.ro\/landrover\/"},{"@type":"ListItem","position":2,"name":"Piese auto LAND ROVER","item":"https:\/\/autorival.ro\/landrover\/"},{"@type":"ListItem","position":3,"name":"Disc frana MAXGEAR 19-1853MAX LAND ROVER RANGE ROVER EVOQUE (L538) 1,999 cmc (204DTD(AJ20D4) diesel 150 MAXGEAR 19-1853MAX"}]},{"@type":"WebSite","@id":"https:\/\/autorival.ro\/landrover\/#website","url":"https:\/\/autorival.ro\/landrover\/","name":"LAND ROVER","description":"","potentialAction":[{"@type":"SearchAction","target":{"@type":"EntryPoint","urlTemplate":"https:\/\/autorival.ro\/landrover\/?s={search_term_string}"},"query-input":{"@type":"PropertyValueSpecification","valueRequired":true,"valueName":"search_term_string"}}],"inLanguage":"en-US"}]}},"_links":{"self":[{"href":"https:\/\/autorival.ro\/landrover\/wp-json\/wp\/v2\/product\/798352","targetHints":{"allow":["GET"]}}],"collection":[{"href":"https:\/\/autorival.ro\/landrover\/wp-json\/wp\/v2\/product"}],"about":[{"href":"https:\/\/autorival.ro\/landrover\/wp-json\/wp\/v2\/types\/product"}],"replies":[{"embeddable":true,"href":"https:\/\/autorival.ro\/landrover\/wp-json\/wp\/v2\/comments?post=798352"}],"wp:featuredmedia":[{"embeddable":true,"href":"https:\/\/autorival.ro\/landrover\/wp-json\/wp\/v2\/media\/798353"}],"wp:attachment":[{"href":"https:\/\/autorival.ro\/landrover\/wp-json\/wp\/v2\/media?parent=798352"}],"wp:term":[{"taxonomy":"product_brand","embeddable":true,"href":"https:\/\/autorival.ro\/landrover\/wp-json\/wp\/v2\/product_brand?post=798352"},{"taxonomy":"product_cat","embeddable":true,"href":"https:\/\/autorival.ro\/landrover\/wp-json\/wp\/v2\/product_cat?post=798352"},{"taxonomy":"product_tag","embeddable":true,"href":"https:\/\/autorival.ro\/landrover\/wp-json\/wp\/v2\/product_tag?post=798352"}],"curies":[{"name":"wp","href":"https:\/\/api.w.org\/{rel}","templated":true}]}}