{"id":774034,"date":"2026-04-01T09:04:30","date_gmt":"2026-04-01T09:04:30","guid":{"rendered":"https:\/\/autorival.ro\/landrover\/product\/disc-frana-delphi-bg9079c-land-rover-range-rover-iv-l405-4367-cmc-448dtditc-diesel-340-delphi-bg9079c\/"},"modified":"2026-04-01T09:04:30","modified_gmt":"2026-04-01T09:04:30","slug":"disc-frana-delphi-bg9079c-land-rover-range-rover-iv-l405-4367-cmc-448dtditc-diesel-340-delphi-bg9079c","status":"publish","type":"product","link":"https:\/\/autorival.ro\/landrover\/product\/disc-frana-delphi-bg9079c-land-rover-range-rover-iv-l405-4367-cmc-448dtditc-diesel-340-delphi-bg9079c\/","title":{"rendered":"Disc frana DELPHI BG9079C LAND ROVER RANGE ROVER IV (L405) 4,367 cmc (448DT(DITC) diesel 340 DELPHI BG9079C"},"content":{"rendered":"<p>Disc frana DELPHI BG9079C; Aprobare: E4 90R-02C0703\/3315; Diametru de centrare [mm]: 79; Diametru exterior [mm]: 380; Echipament vehicul: pentru vehicule cu pachet sport; Grosime disc fr\u00e2na [mm]: 34; Grosime minima [mm]: 31; \u00cenaltime [mm]: 61,9; Linia\/varianta de dotare a vehiculului: AUTOBIOGRAPHY; Marime janta [inch]: 20; Numar gauri: 5; Partea de montare: punte fata; Procesare: continut ridicat de carbon; Serie \u0219asiu (VIN) \u00eencep\u00e2nd cu: AA215623, AA000001; Serie \u0219asiu (VIN)p\u00e2n\u0103 la: HA999999; Suprafata: acoperit (cu un strat protector); Tip disc fr\u00e2na: ventilat; Vehicul cu aplicatii speciale: pentru vehicule blindate<\/p>\n","protected":false},"excerpt":{"rendered":"<p>Producator: DELPHI Cod: BG9079C<\/p>\n","protected":false},"featured_media":774035,"comment_status":"open","ping_status":"closed","template":"","meta":[],"product_brand":[148],"product_cat":[20721],"product_tag":[],"class_list":{"0":"post-774034","1":"product","2":"type-product","3":"status-publish","4":"has-post-thumbnail","6":"product_brand-delphi","7":"product_cat-rulment-roata-4367-cmc-448dtditc-diesel-340","9":"first","10":"instock","11":"shipping-taxable","12":"purchasable","13":"product-type-simple"},"yoast_head":"<!-- This site is optimized with the Yoast SEO plugin v27.3 - https:\/\/yoast.com\/product\/yoast-seo-wordpress\/ -->\n<title>Disc frana DELPHI BG9079C LAND ROVER RANGE ROVER IV (L405) 4,367 cmc (448DT(DITC) diesel 340 DELPHI BG9079C LAND ROVER | DELPHI - Autorival<\/title>\n<meta name=\"description\" content=\"\u26a1 Disc frana DELPHI BG9079C LAND ROVER RANGE ROVER IV (L405) 4,367 cmc (448DT(DITC) diesel 340 DELPHI BG9079C pentru LAND ROVER. \u2713 Cod: BG9079C \u2713 Brand: DELPHI \u2713 \u00cen stoc \u2713 Livrare 24h \u2713 Garan\u021bie!\" \/>\n<meta name=\"robots\" content=\"index, follow, max-snippet:-1, max-image-preview:large, max-video-preview:-1\" \/>\n<meta property=\"og:locale\" content=\"en_US\" \/>\n<meta property=\"og:type\" content=\"article\" \/>\n<meta property=\"og:title\" content=\"Disc frana DELPHI BG9079C LAND ROVER RANGE ROVER IV (L405) 4,367 cmc (448DT(DITC) diesel 340 DELPHI BG9079C LAND ROVER | DELPHI - Autorival\" \/>\n<meta property=\"og:description\" content=\"\u26a1 Disc frana DELPHI BG9079C LAND ROVER RANGE ROVER IV (L405) 4,367 cmc (448DT(DITC) diesel 340 DELPHI BG9079C pentru LAND ROVER. \u2713 Cod: BG9079C \u2713 Brand: DELPHI \u2713 \u00cen stoc \u2713 Livrare 24h \u2713 Garan\u021bie!\" \/>\n<meta property=\"og:url\" content=\"https:\/\/autorival.ro\/landrover\/product\/disc-frana-delphi-bg9079c-land-rover-range-rover-iv-l405-4367-cmc-448dtditc-diesel-340-delphi-bg9079c\/\" \/>\n<meta property=\"og:site_name\" content=\"LAND ROVER\" \/>\n<meta name=\"twitter:card\" content=\"summary_large_image\" \/>\n<meta name=\"twitter:title\" content=\"Disc frana DELPHI BG9079C LAND ROVER RANGE ROVER IV (L405) 4,367 cmc (448DT(DITC) diesel 340 DELPHI BG9079C LAND ROVER | DELPHI - Autorival\" \/>\n<meta name=\"twitter:description\" content=\"\u26a1 Disc frana DELPHI BG9079C LAND ROVER RANGE ROVER IV (L405) 4,367 cmc (448DT(DITC) diesel 340 DELPHI BG9079C pentru LAND ROVER. \u2713 Cod: BG9079C \u2713 Brand: DELPHI \u2713 \u00cen stoc \u2713 Livrare 24h \u2713 Garan\u021bie!\" \/>\n<script type=\"application\/ld+json\" class=\"yoast-schema-graph\">{\"@context\":\"https:\\\/\\\/schema.org\",\"@graph\":[{\"@type\":\"WebPage\",\"@id\":\"https:\\\/\\\/autorival.ro\\\/landrover\\\/product\\\/disc-frana-delphi-bg9079c-land-rover-range-rover-iv-l405-4367-cmc-448dtditc-diesel-340-delphi-bg9079c\\\/\",\"url\":\"https:\\\/\\\/autorival.ro\\\/landrover\\\/product\\\/disc-frana-delphi-bg9079c-land-rover-range-rover-iv-l405-4367-cmc-448dtditc-diesel-340-delphi-bg9079c\\\/\",\"name\":\"Disc frana DELPHI BG9079C LAND ROVER RANGE ROVER IV (L405) 4,367 cmc (448DT(DITC) diesel 340 DELPHI BG9079C LAND ROVER | DELPHI - Autorival\",\"isPartOf\":{\"@id\":\"https:\\\/\\\/autorival.ro\\\/landrover\\\/#website\"},\"primaryImageOfPage\":{\"@id\":\"https:\\\/\\\/autorival.ro\\\/landrover\\\/product\\\/disc-frana-delphi-bg9079c-land-rover-range-rover-iv-l405-4367-cmc-448dtditc-diesel-340-delphi-bg9079c\\\/#primaryimage\"},\"image\":{\"@id\":\"https:\\\/\\\/autorival.ro\\\/landrover\\\/product\\\/disc-frana-delphi-bg9079c-land-rover-range-rover-iv-l405-4367-cmc-448dtditc-diesel-340-delphi-bg9079c\\\/#primaryimage\"},\"thumbnailUrl\":\"https:\\\/\\\/autorival.ro\\\/landrover\\\/wp-content\\\/uploads\\\/sites\\\/19\\\/2026\\\/04\\\/1258699_bg9079c-11.jpg\",\"datePublished\":\"2026-04-01T09:04:30+00:00\",\"description\":\"\u26a1 Disc frana DELPHI BG9079C LAND ROVER RANGE ROVER IV (L405) 4,367 cmc (448DT(DITC) diesel 340 DELPHI BG9079C pentru LAND ROVER. \u2713 Cod: BG9079C \u2713 Brand: DELPHI \u2713 \u00cen stoc \u2713 Livrare 24h \u2713 Garan\u021bie!\",\"breadcrumb\":{\"@id\":\"https:\\\/\\\/autorival.ro\\\/landrover\\\/product\\\/disc-frana-delphi-bg9079c-land-rover-range-rover-iv-l405-4367-cmc-448dtditc-diesel-340-delphi-bg9079c\\\/#breadcrumb\"},\"inLanguage\":\"en-US\",\"potentialAction\":[{\"@type\":\"ReadAction\",\"target\":[\"https:\\\/\\\/autorival.ro\\\/landrover\\\/product\\\/disc-frana-delphi-bg9079c-land-rover-range-rover-iv-l405-4367-cmc-448dtditc-diesel-340-delphi-bg9079c\\\/\"]}]},{\"@type\":\"ImageObject\",\"inLanguage\":\"en-US\",\"@id\":\"https:\\\/\\\/autorival.ro\\\/landrover\\\/product\\\/disc-frana-delphi-bg9079c-land-rover-range-rover-iv-l405-4367-cmc-448dtditc-diesel-340-delphi-bg9079c\\\/#primaryimage\",\"url\":\"https:\\\/\\\/autorival.ro\\\/landrover\\\/wp-content\\\/uploads\\\/sites\\\/19\\\/2026\\\/04\\\/1258699_bg9079c-11.jpg\",\"contentUrl\":\"https:\\\/\\\/autorival.ro\\\/landrover\\\/wp-content\\\/uploads\\\/sites\\\/19\\\/2026\\\/04\\\/1258699_bg9079c-11.jpg\",\"width\":800,\"height\":800},{\"@type\":\"BreadcrumbList\",\"@id\":\"https:\\\/\\\/autorival.ro\\\/landrover\\\/product\\\/disc-frana-delphi-bg9079c-land-rover-range-rover-iv-l405-4367-cmc-448dtditc-diesel-340-delphi-bg9079c\\\/#breadcrumb\",\"itemListElement\":[{\"@type\":\"ListItem\",\"position\":1,\"name\":\"Prima pagin\u0103\",\"item\":\"https:\\\/\\\/autorival.ro\\\/landrover\\\/\"},{\"@type\":\"ListItem\",\"position\":2,\"name\":\"Piese auto LAND ROVER\",\"item\":\"https:\\\/\\\/autorival.ro\\\/landrover\\\/\"},{\"@type\":\"ListItem\",\"position\":3,\"name\":\"Disc frana DELPHI BG9079C LAND ROVER RANGE ROVER IV (L405) 4,367 cmc (448DT(DITC) diesel 340 DELPHI BG9079C\"}]},{\"@type\":\"WebSite\",\"@id\":\"https:\\\/\\\/autorival.ro\\\/landrover\\\/#website\",\"url\":\"https:\\\/\\\/autorival.ro\\\/landrover\\\/\",\"name\":\"LAND ROVER\",\"description\":\"\",\"potentialAction\":[{\"@type\":\"SearchAction\",\"target\":{\"@type\":\"EntryPoint\",\"urlTemplate\":\"https:\\\/\\\/autorival.ro\\\/landrover\\\/?s={search_term_string}\"},\"query-input\":{\"@type\":\"PropertyValueSpecification\",\"valueRequired\":true,\"valueName\":\"search_term_string\"}}],\"inLanguage\":\"en-US\"}]}<\/script>\n<!-- \/ Yoast SEO plugin. -->","yoast_head_json":{"title":"Disc frana DELPHI BG9079C LAND ROVER RANGE ROVER IV (L405) 4,367 cmc (448DT(DITC) diesel 340 DELPHI BG9079C LAND ROVER | DELPHI - Autorival","description":"\u26a1 Disc frana DELPHI BG9079C LAND ROVER RANGE ROVER IV (L405) 4,367 cmc (448DT(DITC) diesel 340 DELPHI BG9079C pentru LAND ROVER. \u2713 Cod: BG9079C \u2713 Brand: DELPHI \u2713 \u00cen stoc \u2713 Livrare 24h \u2713 Garan\u021bie!","robots":{"index":"index","follow":"follow","max-snippet":"max-snippet:-1","max-image-preview":"max-image-preview:large","max-video-preview":"max-video-preview:-1"},"og_locale":"en_US","og_type":"article","og_title":"Disc frana DELPHI BG9079C LAND ROVER RANGE ROVER IV (L405) 4,367 cmc (448DT(DITC) diesel 340 DELPHI BG9079C LAND ROVER | DELPHI - Autorival","og_description":"\u26a1 Disc frana DELPHI BG9079C LAND ROVER RANGE ROVER IV (L405) 4,367 cmc (448DT(DITC) diesel 340 DELPHI BG9079C pentru LAND ROVER. \u2713 Cod: BG9079C \u2713 Brand: DELPHI \u2713 \u00cen stoc \u2713 Livrare 24h \u2713 Garan\u021bie!","og_url":"https:\/\/autorival.ro\/landrover\/product\/disc-frana-delphi-bg9079c-land-rover-range-rover-iv-l405-4367-cmc-448dtditc-diesel-340-delphi-bg9079c\/","og_site_name":"LAND ROVER","twitter_card":"summary_large_image","twitter_title":"Disc frana DELPHI BG9079C LAND ROVER RANGE ROVER IV (L405) 4,367 cmc (448DT(DITC) diesel 340 DELPHI BG9079C LAND ROVER | DELPHI - Autorival","twitter_description":"\u26a1 Disc frana DELPHI BG9079C LAND ROVER RANGE ROVER IV (L405) 4,367 cmc (448DT(DITC) diesel 340 DELPHI BG9079C pentru LAND ROVER. \u2713 Cod: BG9079C \u2713 Brand: DELPHI \u2713 \u00cen stoc \u2713 Livrare 24h \u2713 Garan\u021bie!","schema":{"@context":"https:\/\/schema.org","@graph":[{"@type":"WebPage","@id":"https:\/\/autorival.ro\/landrover\/product\/disc-frana-delphi-bg9079c-land-rover-range-rover-iv-l405-4367-cmc-448dtditc-diesel-340-delphi-bg9079c\/","url":"https:\/\/autorival.ro\/landrover\/product\/disc-frana-delphi-bg9079c-land-rover-range-rover-iv-l405-4367-cmc-448dtditc-diesel-340-delphi-bg9079c\/","name":"Disc frana DELPHI BG9079C LAND ROVER RANGE ROVER IV (L405) 4,367 cmc (448DT(DITC) diesel 340 DELPHI BG9079C LAND ROVER | DELPHI - Autorival","isPartOf":{"@id":"https:\/\/autorival.ro\/landrover\/#website"},"primaryImageOfPage":{"@id":"https:\/\/autorival.ro\/landrover\/product\/disc-frana-delphi-bg9079c-land-rover-range-rover-iv-l405-4367-cmc-448dtditc-diesel-340-delphi-bg9079c\/#primaryimage"},"image":{"@id":"https:\/\/autorival.ro\/landrover\/product\/disc-frana-delphi-bg9079c-land-rover-range-rover-iv-l405-4367-cmc-448dtditc-diesel-340-delphi-bg9079c\/#primaryimage"},"thumbnailUrl":"https:\/\/autorival.ro\/landrover\/wp-content\/uploads\/sites\/19\/2026\/04\/1258699_bg9079c-11.jpg","datePublished":"2026-04-01T09:04:30+00:00","description":"\u26a1 Disc frana DELPHI BG9079C LAND ROVER RANGE ROVER IV (L405) 4,367 cmc (448DT(DITC) diesel 340 DELPHI BG9079C pentru LAND ROVER. \u2713 Cod: BG9079C \u2713 Brand: DELPHI \u2713 \u00cen stoc \u2713 Livrare 24h \u2713 Garan\u021bie!","breadcrumb":{"@id":"https:\/\/autorival.ro\/landrover\/product\/disc-frana-delphi-bg9079c-land-rover-range-rover-iv-l405-4367-cmc-448dtditc-diesel-340-delphi-bg9079c\/#breadcrumb"},"inLanguage":"en-US","potentialAction":[{"@type":"ReadAction","target":["https:\/\/autorival.ro\/landrover\/product\/disc-frana-delphi-bg9079c-land-rover-range-rover-iv-l405-4367-cmc-448dtditc-diesel-340-delphi-bg9079c\/"]}]},{"@type":"ImageObject","inLanguage":"en-US","@id":"https:\/\/autorival.ro\/landrover\/product\/disc-frana-delphi-bg9079c-land-rover-range-rover-iv-l405-4367-cmc-448dtditc-diesel-340-delphi-bg9079c\/#primaryimage","url":"https:\/\/autorival.ro\/landrover\/wp-content\/uploads\/sites\/19\/2026\/04\/1258699_bg9079c-11.jpg","contentUrl":"https:\/\/autorival.ro\/landrover\/wp-content\/uploads\/sites\/19\/2026\/04\/1258699_bg9079c-11.jpg","width":800,"height":800},{"@type":"BreadcrumbList","@id":"https:\/\/autorival.ro\/landrover\/product\/disc-frana-delphi-bg9079c-land-rover-range-rover-iv-l405-4367-cmc-448dtditc-diesel-340-delphi-bg9079c\/#breadcrumb","itemListElement":[{"@type":"ListItem","position":1,"name":"Prima pagin\u0103","item":"https:\/\/autorival.ro\/landrover\/"},{"@type":"ListItem","position":2,"name":"Piese auto LAND ROVER","item":"https:\/\/autorival.ro\/landrover\/"},{"@type":"ListItem","position":3,"name":"Disc frana DELPHI BG9079C LAND ROVER RANGE ROVER IV (L405) 4,367 cmc (448DT(DITC) diesel 340 DELPHI BG9079C"}]},{"@type":"WebSite","@id":"https:\/\/autorival.ro\/landrover\/#website","url":"https:\/\/autorival.ro\/landrover\/","name":"LAND ROVER","description":"","potentialAction":[{"@type":"SearchAction","target":{"@type":"EntryPoint","urlTemplate":"https:\/\/autorival.ro\/landrover\/?s={search_term_string}"},"query-input":{"@type":"PropertyValueSpecification","valueRequired":true,"valueName":"search_term_string"}}],"inLanguage":"en-US"}]}},"_links":{"self":[{"href":"https:\/\/autorival.ro\/landrover\/wp-json\/wp\/v2\/product\/774034","targetHints":{"allow":["GET"]}}],"collection":[{"href":"https:\/\/autorival.ro\/landrover\/wp-json\/wp\/v2\/product"}],"about":[{"href":"https:\/\/autorival.ro\/landrover\/wp-json\/wp\/v2\/types\/product"}],"replies":[{"embeddable":true,"href":"https:\/\/autorival.ro\/landrover\/wp-json\/wp\/v2\/comments?post=774034"}],"wp:featuredmedia":[{"embeddable":true,"href":"https:\/\/autorival.ro\/landrover\/wp-json\/wp\/v2\/media\/774035"}],"wp:attachment":[{"href":"https:\/\/autorival.ro\/landrover\/wp-json\/wp\/v2\/media?parent=774034"}],"wp:term":[{"taxonomy":"product_brand","embeddable":true,"href":"https:\/\/autorival.ro\/landrover\/wp-json\/wp\/v2\/product_brand?post=774034"},{"taxonomy":"product_cat","embeddable":true,"href":"https:\/\/autorival.ro\/landrover\/wp-json\/wp\/v2\/product_cat?post=774034"},{"taxonomy":"product_tag","embeddable":true,"href":"https:\/\/autorival.ro\/landrover\/wp-json\/wp\/v2\/product_tag?post=774034"}],"curies":[{"name":"wp","href":"https:\/\/api.w.org\/{rel}","templated":true}]}}