{"id":771462,"date":"2026-04-01T08:35:53","date_gmt":"2026-04-01T08:35:53","guid":{"rendered":"https:\/\/autorival.ro\/landrover\/product\/disc-frana-textar-92115703-land-rover-freelander-i-l314-1951-cmc-204d3m47d20-diesel-112-textar-92115703\/"},"modified":"2026-04-01T08:35:53","modified_gmt":"2026-04-01T08:35:53","slug":"disc-frana-textar-92115703-land-rover-freelander-i-l314-1951-cmc-204d3m47d20-diesel-112-textar-92115703","status":"publish","type":"product","link":"https:\/\/autorival.ro\/landrover\/product\/disc-frana-textar-92115703-land-rover-freelander-i-l314-1951-cmc-204d3m47d20-diesel-112-textar-92115703\/","title":{"rendered":"Disc frana TEXTAR 92115703 LAND ROVER FREELANDER I (L314) 1,951 cmc (204D3(M47D20) diesel 112 TEXTAR 92115703"},"content":{"rendered":"<p>Disc frana TEXTAR 92115703; Articol completare\/Info suplimentar 2: fara butuc roata, fara rulment roata, fara suruburi de fixare roata; Asezare gauri \u00d8 [mm]: 114,3; Asezare gauri\/numar gauri: 05\/07; Diametru alezaj bol\u021b roat\u0103 [mm]: 12,6; Diametru de centrare [mm]: 66,1; Diametru exterior [mm]: 277; Diametru interior [mm]: 141; Greutate [kg]: 6; Grosime disc fr\u00e2na [mm]: 21; Grosime minima [mm]: 18; Inaltime ambalaj [cm]: 12,7; \u00cenaltime [mm]: 51,3; Latime ambalaj [cm]: 30,8; Lungime ambalaj [cm]: 30,8; Partea de montare: punte fata; Serie \u0219asiu (VIN) \u00eencep\u00e2nd cu: 1A000001; Suprafata: acoperit (cu un strat protector); Tip disc fr\u00e2na: ventilat interior<\/p>\n","protected":false},"excerpt":{"rendered":"<p>Producator: TEXTAR Cod: 92115703<\/p>\n","protected":false},"featured_media":771463,"comment_status":"open","ping_status":"closed","template":"","meta":[],"product_brand":[1922],"product_cat":[21384],"product_tag":[],"class_list":{"0":"post-771462","1":"product","2":"type-product","3":"status-publish","4":"has-post-thumbnail","6":"product_brand-textar","7":"product_cat-disc-frana-1951-cmc-204d3m47d20-diesel-112-freelander-i-l314","9":"first","10":"instock","11":"shipping-taxable","12":"purchasable","13":"product-type-simple"},"yoast_head":"<!-- This site is optimized with the Yoast SEO plugin v27.3 - https:\/\/yoast.com\/product\/yoast-seo-wordpress\/ -->\n<title>Disc frana TEXTAR 92115703 LAND ROVER FREELANDER I (L314) 1,951 cmc (204D3(M47D20) diesel 112 TEXTAR 92115703 LAND ROVER | TEXTAR - Autorival<\/title>\n<meta name=\"description\" content=\"\u26a1 Disc frana TEXTAR 92115703 LAND ROVER FREELANDER I (L314) 1,951 cmc (204D3(M47D20) diesel 112 TEXTAR 92115703 pentru LAND ROVER. \u2713 Cod: 92115703 \u2713 Brand: TEXTAR \u2713 \u00cen stoc \u2713 Livrare 24h \u2713 Garan\u021bie!\" \/>\n<meta name=\"robots\" content=\"index, follow, max-snippet:-1, max-image-preview:large, max-video-preview:-1\" \/>\n<meta property=\"og:locale\" content=\"en_US\" \/>\n<meta property=\"og:type\" content=\"article\" \/>\n<meta property=\"og:title\" content=\"Disc frana TEXTAR 92115703 LAND ROVER FREELANDER I (L314) 1,951 cmc (204D3(M47D20) diesel 112 TEXTAR 92115703 LAND ROVER | TEXTAR - Autorival\" \/>\n<meta property=\"og:description\" content=\"\u26a1 Disc frana TEXTAR 92115703 LAND ROVER FREELANDER I (L314) 1,951 cmc (204D3(M47D20) diesel 112 TEXTAR 92115703 pentru LAND ROVER. \u2713 Cod: 92115703 \u2713 Brand: TEXTAR \u2713 \u00cen stoc \u2713 Livrare 24h \u2713 Garan\u021bie!\" \/>\n<meta property=\"og:url\" content=\"https:\/\/autorival.ro\/landrover\/product\/disc-frana-textar-92115703-land-rover-freelander-i-l314-1951-cmc-204d3m47d20-diesel-112-textar-92115703\/\" \/>\n<meta property=\"og:site_name\" content=\"LAND ROVER\" \/>\n<meta name=\"twitter:card\" content=\"summary_large_image\" \/>\n<meta name=\"twitter:title\" content=\"Disc frana TEXTAR 92115703 LAND ROVER FREELANDER I (L314) 1,951 cmc (204D3(M47D20) diesel 112 TEXTAR 92115703 LAND ROVER | TEXTAR - Autorival\" \/>\n<meta name=\"twitter:description\" content=\"\u26a1 Disc frana TEXTAR 92115703 LAND ROVER FREELANDER I (L314) 1,951 cmc (204D3(M47D20) diesel 112 TEXTAR 92115703 pentru LAND ROVER. \u2713 Cod: 92115703 \u2713 Brand: TEXTAR \u2713 \u00cen stoc \u2713 Livrare 24h \u2713 Garan\u021bie!\" \/>\n<script type=\"application\/ld+json\" class=\"yoast-schema-graph\">{\"@context\":\"https:\\\/\\\/schema.org\",\"@graph\":[{\"@type\":\"WebPage\",\"@id\":\"https:\\\/\\\/autorival.ro\\\/landrover\\\/product\\\/disc-frana-textar-92115703-land-rover-freelander-i-l314-1951-cmc-204d3m47d20-diesel-112-textar-92115703\\\/\",\"url\":\"https:\\\/\\\/autorival.ro\\\/landrover\\\/product\\\/disc-frana-textar-92115703-land-rover-freelander-i-l314-1951-cmc-204d3m47d20-diesel-112-textar-92115703\\\/\",\"name\":\"Disc frana TEXTAR 92115703 LAND ROVER FREELANDER I (L314) 1,951 cmc (204D3(M47D20) diesel 112 TEXTAR 92115703 LAND ROVER | TEXTAR - Autorival\",\"isPartOf\":{\"@id\":\"https:\\\/\\\/autorival.ro\\\/landrover\\\/#website\"},\"primaryImageOfPage\":{\"@id\":\"https:\\\/\\\/autorival.ro\\\/landrover\\\/product\\\/disc-frana-textar-92115703-land-rover-freelander-i-l314-1951-cmc-204d3m47d20-diesel-112-textar-92115703\\\/#primaryimage\"},\"image\":{\"@id\":\"https:\\\/\\\/autorival.ro\\\/landrover\\\/product\\\/disc-frana-textar-92115703-land-rover-freelander-i-l314-1951-cmc-204d3m47d20-diesel-112-textar-92115703\\\/#primaryimage\"},\"thumbnailUrl\":\"https:\\\/\\\/autorival.ro\\\/landrover\\\/wp-content\\\/uploads\\\/sites\\\/19\\\/2026\\\/04\\\/4264842_98200_1157_0_1_tex-4.jpg\",\"datePublished\":\"2026-04-01T08:35:53+00:00\",\"description\":\"\u26a1 Disc frana TEXTAR 92115703 LAND ROVER FREELANDER I (L314) 1,951 cmc (204D3(M47D20) diesel 112 TEXTAR 92115703 pentru LAND ROVER. \u2713 Cod: 92115703 \u2713 Brand: TEXTAR \u2713 \u00cen stoc \u2713 Livrare 24h \u2713 Garan\u021bie!\",\"breadcrumb\":{\"@id\":\"https:\\\/\\\/autorival.ro\\\/landrover\\\/product\\\/disc-frana-textar-92115703-land-rover-freelander-i-l314-1951-cmc-204d3m47d20-diesel-112-textar-92115703\\\/#breadcrumb\"},\"inLanguage\":\"en-US\",\"potentialAction\":[{\"@type\":\"ReadAction\",\"target\":[\"https:\\\/\\\/autorival.ro\\\/landrover\\\/product\\\/disc-frana-textar-92115703-land-rover-freelander-i-l314-1951-cmc-204d3m47d20-diesel-112-textar-92115703\\\/\"]}]},{\"@type\":\"ImageObject\",\"inLanguage\":\"en-US\",\"@id\":\"https:\\\/\\\/autorival.ro\\\/landrover\\\/product\\\/disc-frana-textar-92115703-land-rover-freelander-i-l314-1951-cmc-204d3m47d20-diesel-112-textar-92115703\\\/#primaryimage\",\"url\":\"https:\\\/\\\/autorival.ro\\\/landrover\\\/wp-content\\\/uploads\\\/sites\\\/19\\\/2026\\\/04\\\/4264842_98200_1157_0_1_tex-4.jpg\",\"contentUrl\":\"https:\\\/\\\/autorival.ro\\\/landrover\\\/wp-content\\\/uploads\\\/sites\\\/19\\\/2026\\\/04\\\/4264842_98200_1157_0_1_tex-4.jpg\",\"width\":600,\"height\":400},{\"@type\":\"BreadcrumbList\",\"@id\":\"https:\\\/\\\/autorival.ro\\\/landrover\\\/product\\\/disc-frana-textar-92115703-land-rover-freelander-i-l314-1951-cmc-204d3m47d20-diesel-112-textar-92115703\\\/#breadcrumb\",\"itemListElement\":[{\"@type\":\"ListItem\",\"position\":1,\"name\":\"Prima pagin\u0103\",\"item\":\"https:\\\/\\\/autorival.ro\\\/landrover\\\/\"},{\"@type\":\"ListItem\",\"position\":2,\"name\":\"Piese auto LAND ROVER\",\"item\":\"https:\\\/\\\/autorival.ro\\\/landrover\\\/\"},{\"@type\":\"ListItem\",\"position\":3,\"name\":\"Disc frana TEXTAR 92115703 LAND ROVER FREELANDER I (L314) 1,951 cmc (204D3(M47D20) diesel 112 TEXTAR 92115703\"}]},{\"@type\":\"WebSite\",\"@id\":\"https:\\\/\\\/autorival.ro\\\/landrover\\\/#website\",\"url\":\"https:\\\/\\\/autorival.ro\\\/landrover\\\/\",\"name\":\"LAND ROVER\",\"description\":\"\",\"potentialAction\":[{\"@type\":\"SearchAction\",\"target\":{\"@type\":\"EntryPoint\",\"urlTemplate\":\"https:\\\/\\\/autorival.ro\\\/landrover\\\/?s={search_term_string}\"},\"query-input\":{\"@type\":\"PropertyValueSpecification\",\"valueRequired\":true,\"valueName\":\"search_term_string\"}}],\"inLanguage\":\"en-US\"}]}<\/script>\n<!-- \/ Yoast SEO plugin. -->","yoast_head_json":{"title":"Disc frana TEXTAR 92115703 LAND ROVER FREELANDER I (L314) 1,951 cmc (204D3(M47D20) diesel 112 TEXTAR 92115703 LAND ROVER | TEXTAR - Autorival","description":"\u26a1 Disc frana TEXTAR 92115703 LAND ROVER FREELANDER I (L314) 1,951 cmc (204D3(M47D20) diesel 112 TEXTAR 92115703 pentru LAND ROVER. \u2713 Cod: 92115703 \u2713 Brand: TEXTAR \u2713 \u00cen stoc \u2713 Livrare 24h \u2713 Garan\u021bie!","robots":{"index":"index","follow":"follow","max-snippet":"max-snippet:-1","max-image-preview":"max-image-preview:large","max-video-preview":"max-video-preview:-1"},"og_locale":"en_US","og_type":"article","og_title":"Disc frana TEXTAR 92115703 LAND ROVER FREELANDER I (L314) 1,951 cmc (204D3(M47D20) diesel 112 TEXTAR 92115703 LAND ROVER | TEXTAR - Autorival","og_description":"\u26a1 Disc frana TEXTAR 92115703 LAND ROVER FREELANDER I (L314) 1,951 cmc (204D3(M47D20) diesel 112 TEXTAR 92115703 pentru LAND ROVER. \u2713 Cod: 92115703 \u2713 Brand: TEXTAR \u2713 \u00cen stoc \u2713 Livrare 24h \u2713 Garan\u021bie!","og_url":"https:\/\/autorival.ro\/landrover\/product\/disc-frana-textar-92115703-land-rover-freelander-i-l314-1951-cmc-204d3m47d20-diesel-112-textar-92115703\/","og_site_name":"LAND ROVER","twitter_card":"summary_large_image","twitter_title":"Disc frana TEXTAR 92115703 LAND ROVER FREELANDER I (L314) 1,951 cmc (204D3(M47D20) diesel 112 TEXTAR 92115703 LAND ROVER | TEXTAR - Autorival","twitter_description":"\u26a1 Disc frana TEXTAR 92115703 LAND ROVER FREELANDER I (L314) 1,951 cmc (204D3(M47D20) diesel 112 TEXTAR 92115703 pentru LAND ROVER. \u2713 Cod: 92115703 \u2713 Brand: TEXTAR \u2713 \u00cen stoc \u2713 Livrare 24h \u2713 Garan\u021bie!","schema":{"@context":"https:\/\/schema.org","@graph":[{"@type":"WebPage","@id":"https:\/\/autorival.ro\/landrover\/product\/disc-frana-textar-92115703-land-rover-freelander-i-l314-1951-cmc-204d3m47d20-diesel-112-textar-92115703\/","url":"https:\/\/autorival.ro\/landrover\/product\/disc-frana-textar-92115703-land-rover-freelander-i-l314-1951-cmc-204d3m47d20-diesel-112-textar-92115703\/","name":"Disc frana TEXTAR 92115703 LAND ROVER FREELANDER I (L314) 1,951 cmc (204D3(M47D20) diesel 112 TEXTAR 92115703 LAND ROVER | TEXTAR - Autorival","isPartOf":{"@id":"https:\/\/autorival.ro\/landrover\/#website"},"primaryImageOfPage":{"@id":"https:\/\/autorival.ro\/landrover\/product\/disc-frana-textar-92115703-land-rover-freelander-i-l314-1951-cmc-204d3m47d20-diesel-112-textar-92115703\/#primaryimage"},"image":{"@id":"https:\/\/autorival.ro\/landrover\/product\/disc-frana-textar-92115703-land-rover-freelander-i-l314-1951-cmc-204d3m47d20-diesel-112-textar-92115703\/#primaryimage"},"thumbnailUrl":"https:\/\/autorival.ro\/landrover\/wp-content\/uploads\/sites\/19\/2026\/04\/4264842_98200_1157_0_1_tex-4.jpg","datePublished":"2026-04-01T08:35:53+00:00","description":"\u26a1 Disc frana TEXTAR 92115703 LAND ROVER FREELANDER I (L314) 1,951 cmc (204D3(M47D20) diesel 112 TEXTAR 92115703 pentru LAND ROVER. \u2713 Cod: 92115703 \u2713 Brand: TEXTAR \u2713 \u00cen stoc \u2713 Livrare 24h \u2713 Garan\u021bie!","breadcrumb":{"@id":"https:\/\/autorival.ro\/landrover\/product\/disc-frana-textar-92115703-land-rover-freelander-i-l314-1951-cmc-204d3m47d20-diesel-112-textar-92115703\/#breadcrumb"},"inLanguage":"en-US","potentialAction":[{"@type":"ReadAction","target":["https:\/\/autorival.ro\/landrover\/product\/disc-frana-textar-92115703-land-rover-freelander-i-l314-1951-cmc-204d3m47d20-diesel-112-textar-92115703\/"]}]},{"@type":"ImageObject","inLanguage":"en-US","@id":"https:\/\/autorival.ro\/landrover\/product\/disc-frana-textar-92115703-land-rover-freelander-i-l314-1951-cmc-204d3m47d20-diesel-112-textar-92115703\/#primaryimage","url":"https:\/\/autorival.ro\/landrover\/wp-content\/uploads\/sites\/19\/2026\/04\/4264842_98200_1157_0_1_tex-4.jpg","contentUrl":"https:\/\/autorival.ro\/landrover\/wp-content\/uploads\/sites\/19\/2026\/04\/4264842_98200_1157_0_1_tex-4.jpg","width":600,"height":400},{"@type":"BreadcrumbList","@id":"https:\/\/autorival.ro\/landrover\/product\/disc-frana-textar-92115703-land-rover-freelander-i-l314-1951-cmc-204d3m47d20-diesel-112-textar-92115703\/#breadcrumb","itemListElement":[{"@type":"ListItem","position":1,"name":"Prima pagin\u0103","item":"https:\/\/autorival.ro\/landrover\/"},{"@type":"ListItem","position":2,"name":"Piese auto LAND ROVER","item":"https:\/\/autorival.ro\/landrover\/"},{"@type":"ListItem","position":3,"name":"Disc frana TEXTAR 92115703 LAND ROVER FREELANDER I (L314) 1,951 cmc (204D3(M47D20) diesel 112 TEXTAR 92115703"}]},{"@type":"WebSite","@id":"https:\/\/autorival.ro\/landrover\/#website","url":"https:\/\/autorival.ro\/landrover\/","name":"LAND ROVER","description":"","potentialAction":[{"@type":"SearchAction","target":{"@type":"EntryPoint","urlTemplate":"https:\/\/autorival.ro\/landrover\/?s={search_term_string}"},"query-input":{"@type":"PropertyValueSpecification","valueRequired":true,"valueName":"search_term_string"}}],"inLanguage":"en-US"}]}},"_links":{"self":[{"href":"https:\/\/autorival.ro\/landrover\/wp-json\/wp\/v2\/product\/771462","targetHints":{"allow":["GET"]}}],"collection":[{"href":"https:\/\/autorival.ro\/landrover\/wp-json\/wp\/v2\/product"}],"about":[{"href":"https:\/\/autorival.ro\/landrover\/wp-json\/wp\/v2\/types\/product"}],"replies":[{"embeddable":true,"href":"https:\/\/autorival.ro\/landrover\/wp-json\/wp\/v2\/comments?post=771462"}],"wp:featuredmedia":[{"embeddable":true,"href":"https:\/\/autorival.ro\/landrover\/wp-json\/wp\/v2\/media\/771463"}],"wp:attachment":[{"href":"https:\/\/autorival.ro\/landrover\/wp-json\/wp\/v2\/media?parent=771462"}],"wp:term":[{"taxonomy":"product_brand","embeddable":true,"href":"https:\/\/autorival.ro\/landrover\/wp-json\/wp\/v2\/product_brand?post=771462"},{"taxonomy":"product_cat","embeddable":true,"href":"https:\/\/autorival.ro\/landrover\/wp-json\/wp\/v2\/product_cat?post=771462"},{"taxonomy":"product_tag","embeddable":true,"href":"https:\/\/autorival.ro\/landrover\/wp-json\/wp\/v2\/product_tag?post=771462"}],"curies":[{"name":"wp","href":"https:\/\/api.w.org\/{rel}","templated":true}]}}