{"id":771048,"date":"2026-04-01T08:31:07","date_gmt":"2026-04-01T08:31:07","guid":{"rendered":"https:\/\/autorival.ro\/landrover\/product\/disc-frana-delphi-bg3426-land-rover-freelander-i-soft-top-l314-1951-cmc-204d3m47d20-diesel-112-delphi-bg3426\/"},"modified":"2026-04-01T08:31:07","modified_gmt":"2026-04-01T08:31:07","slug":"disc-frana-delphi-bg3426-land-rover-freelander-i-soft-top-l314-1951-cmc-204d3m47d20-diesel-112-delphi-bg3426","status":"publish","type":"product","link":"https:\/\/autorival.ro\/landrover\/product\/disc-frana-delphi-bg3426-land-rover-freelander-i-soft-top-l314-1951-cmc-204d3m47d20-diesel-112-delphi-bg3426\/","title":{"rendered":"Disc frana DELPHI BG3426 LAND ROVER FREELANDER I Soft Top (L314) 1,951 cmc (204D3(M47D20) diesel 112 DELPHI BG3426"},"content":{"rendered":"<p>Disc frana DELPHI BG3426; An fabricatie pana la: 200012; Aprobare: E1 90R-02C0100\/1627; Diametru de centrare [mm]: 66,2; Diametru exterior [mm]: 261; Grosime disc fr\u00e2na [mm]: 14; Grosime minima [mm]: 11; \u00cenaltime [mm]: 51,3; Numar gauri: 5; Partea de montare: punte fata; Serie \u0219asiu (VIN)p\u00e2n\u0103 la: YA999999; Sistem de fr\u00e2nare: TRW; Suprafata: uns; Tip disc fr\u00e2na: plin<\/p>\n","protected":false},"excerpt":{"rendered":"<p>Producator: DELPHI Cod: BG3426<\/p>\n","protected":false},"featured_media":771049,"comment_status":"open","ping_status":"closed","template":"","meta":[],"product_brand":[148],"product_cat":[21388],"product_tag":[],"class_list":{"0":"post-771048","1":"product","2":"type-product","3":"status-publish","4":"has-post-thumbnail","6":"product_brand-delphi","7":"product_cat-disc-frana-1951-cmc-204d3m47d20-diesel-112","9":"first","10":"instock","11":"shipping-taxable","12":"purchasable","13":"product-type-simple"},"yoast_head":"<!-- This site is optimized with the Yoast SEO plugin v27.3 - https:\/\/yoast.com\/product\/yoast-seo-wordpress\/ -->\n<title>Disc frana DELPHI BG3426 LAND ROVER FREELANDER I Soft Top (L314) 1,951 cmc (204D3(M47D20) diesel 112 DELPHI BG3426 LAND ROVER | DELPHI - Autorival<\/title>\n<meta name=\"description\" content=\"\u26a1 Disc frana DELPHI BG3426 LAND ROVER FREELANDER I Soft Top (L314) 1,951 cmc (204D3(M47D20) diesel 112 DELPHI BG3426 pentru LAND ROVER. \u2713 Cod: BG3426 \u2713 Brand: DELPHI \u2713 \u00cen stoc \u2713 Livrare 24h \u2713 Garan\u021bie!\" \/>\n<meta name=\"robots\" content=\"index, follow, max-snippet:-1, max-image-preview:large, max-video-preview:-1\" \/>\n<meta property=\"og:locale\" content=\"en_US\" \/>\n<meta property=\"og:type\" content=\"article\" \/>\n<meta property=\"og:title\" content=\"Disc frana DELPHI BG3426 LAND ROVER FREELANDER I Soft Top (L314) 1,951 cmc (204D3(M47D20) diesel 112 DELPHI BG3426 LAND ROVER | DELPHI - Autorival\" \/>\n<meta property=\"og:description\" content=\"\u26a1 Disc frana DELPHI BG3426 LAND ROVER FREELANDER I Soft Top (L314) 1,951 cmc (204D3(M47D20) diesel 112 DELPHI BG3426 pentru LAND ROVER. \u2713 Cod: BG3426 \u2713 Brand: DELPHI \u2713 \u00cen stoc \u2713 Livrare 24h \u2713 Garan\u021bie!\" \/>\n<meta property=\"og:url\" content=\"https:\/\/autorival.ro\/landrover\/product\/disc-frana-delphi-bg3426-land-rover-freelander-i-soft-top-l314-1951-cmc-204d3m47d20-diesel-112-delphi-bg3426\/\" \/>\n<meta property=\"og:site_name\" content=\"LAND ROVER\" \/>\n<meta name=\"twitter:card\" content=\"summary_large_image\" \/>\n<meta name=\"twitter:title\" content=\"Disc frana DELPHI BG3426 LAND ROVER FREELANDER I Soft Top (L314) 1,951 cmc (204D3(M47D20) diesel 112 DELPHI BG3426 LAND ROVER | DELPHI - Autorival\" \/>\n<meta name=\"twitter:description\" content=\"\u26a1 Disc frana DELPHI BG3426 LAND ROVER FREELANDER I Soft Top (L314) 1,951 cmc (204D3(M47D20) diesel 112 DELPHI BG3426 pentru LAND ROVER. \u2713 Cod: BG3426 \u2713 Brand: DELPHI \u2713 \u00cen stoc \u2713 Livrare 24h \u2713 Garan\u021bie!\" \/>\n<script type=\"application\/ld+json\" class=\"yoast-schema-graph\">{\"@context\":\"https:\\\/\\\/schema.org\",\"@graph\":[{\"@type\":\"WebPage\",\"@id\":\"https:\\\/\\\/autorival.ro\\\/landrover\\\/product\\\/disc-frana-delphi-bg3426-land-rover-freelander-i-soft-top-l314-1951-cmc-204d3m47d20-diesel-112-delphi-bg3426\\\/\",\"url\":\"https:\\\/\\\/autorival.ro\\\/landrover\\\/product\\\/disc-frana-delphi-bg3426-land-rover-freelander-i-soft-top-l314-1951-cmc-204d3m47d20-diesel-112-delphi-bg3426\\\/\",\"name\":\"Disc frana DELPHI BG3426 LAND ROVER FREELANDER I Soft Top (L314) 1,951 cmc (204D3(M47D20) diesel 112 DELPHI BG3426 LAND ROVER | DELPHI - Autorival\",\"isPartOf\":{\"@id\":\"https:\\\/\\\/autorival.ro\\\/landrover\\\/#website\"},\"primaryImageOfPage\":{\"@id\":\"https:\\\/\\\/autorival.ro\\\/landrover\\\/product\\\/disc-frana-delphi-bg3426-land-rover-freelander-i-soft-top-l314-1951-cmc-204d3m47d20-diesel-112-delphi-bg3426\\\/#primaryimage\"},\"image\":{\"@id\":\"https:\\\/\\\/autorival.ro\\\/landrover\\\/product\\\/disc-frana-delphi-bg3426-land-rover-freelander-i-soft-top-l314-1951-cmc-204d3m47d20-diesel-112-delphi-bg3426\\\/#primaryimage\"},\"thumbnailUrl\":\"https:\\\/\\\/autorival.ro\\\/landrover\\\/wp-content\\\/uploads\\\/sites\\\/19\\\/2026\\\/04\\\/1257113_bg3426-7.jpg\",\"datePublished\":\"2026-04-01T08:31:07+00:00\",\"description\":\"\u26a1 Disc frana DELPHI BG3426 LAND ROVER FREELANDER I Soft Top (L314) 1,951 cmc (204D3(M47D20) diesel 112 DELPHI BG3426 pentru LAND ROVER. \u2713 Cod: BG3426 \u2713 Brand: DELPHI \u2713 \u00cen stoc \u2713 Livrare 24h \u2713 Garan\u021bie!\",\"breadcrumb\":{\"@id\":\"https:\\\/\\\/autorival.ro\\\/landrover\\\/product\\\/disc-frana-delphi-bg3426-land-rover-freelander-i-soft-top-l314-1951-cmc-204d3m47d20-diesel-112-delphi-bg3426\\\/#breadcrumb\"},\"inLanguage\":\"en-US\",\"potentialAction\":[{\"@type\":\"ReadAction\",\"target\":[\"https:\\\/\\\/autorival.ro\\\/landrover\\\/product\\\/disc-frana-delphi-bg3426-land-rover-freelander-i-soft-top-l314-1951-cmc-204d3m47d20-diesel-112-delphi-bg3426\\\/\"]}]},{\"@type\":\"ImageObject\",\"inLanguage\":\"en-US\",\"@id\":\"https:\\\/\\\/autorival.ro\\\/landrover\\\/product\\\/disc-frana-delphi-bg3426-land-rover-freelander-i-soft-top-l314-1951-cmc-204d3m47d20-diesel-112-delphi-bg3426\\\/#primaryimage\",\"url\":\"https:\\\/\\\/autorival.ro\\\/landrover\\\/wp-content\\\/uploads\\\/sites\\\/19\\\/2026\\\/04\\\/1257113_bg3426-7.jpg\",\"contentUrl\":\"https:\\\/\\\/autorival.ro\\\/landrover\\\/wp-content\\\/uploads\\\/sites\\\/19\\\/2026\\\/04\\\/1257113_bg3426-7.jpg\",\"width\":800,\"height\":800},{\"@type\":\"BreadcrumbList\",\"@id\":\"https:\\\/\\\/autorival.ro\\\/landrover\\\/product\\\/disc-frana-delphi-bg3426-land-rover-freelander-i-soft-top-l314-1951-cmc-204d3m47d20-diesel-112-delphi-bg3426\\\/#breadcrumb\",\"itemListElement\":[{\"@type\":\"ListItem\",\"position\":1,\"name\":\"Prima pagin\u0103\",\"item\":\"https:\\\/\\\/autorival.ro\\\/landrover\\\/\"},{\"@type\":\"ListItem\",\"position\":2,\"name\":\"Piese auto LAND ROVER\",\"item\":\"https:\\\/\\\/autorival.ro\\\/landrover\\\/\"},{\"@type\":\"ListItem\",\"position\":3,\"name\":\"Disc frana DELPHI BG3426 LAND ROVER FREELANDER I Soft Top (L314) 1,951 cmc (204D3(M47D20) diesel 112 DELPHI BG3426\"}]},{\"@type\":\"WebSite\",\"@id\":\"https:\\\/\\\/autorival.ro\\\/landrover\\\/#website\",\"url\":\"https:\\\/\\\/autorival.ro\\\/landrover\\\/\",\"name\":\"LAND ROVER\",\"description\":\"\",\"potentialAction\":[{\"@type\":\"SearchAction\",\"target\":{\"@type\":\"EntryPoint\",\"urlTemplate\":\"https:\\\/\\\/autorival.ro\\\/landrover\\\/?s={search_term_string}\"},\"query-input\":{\"@type\":\"PropertyValueSpecification\",\"valueRequired\":true,\"valueName\":\"search_term_string\"}}],\"inLanguage\":\"en-US\"}]}<\/script>\n<!-- \/ Yoast SEO plugin. -->","yoast_head_json":{"title":"Disc frana DELPHI BG3426 LAND ROVER FREELANDER I Soft Top (L314) 1,951 cmc (204D3(M47D20) diesel 112 DELPHI BG3426 LAND ROVER | DELPHI - Autorival","description":"\u26a1 Disc frana DELPHI BG3426 LAND ROVER FREELANDER I Soft Top (L314) 1,951 cmc (204D3(M47D20) diesel 112 DELPHI BG3426 pentru LAND ROVER. \u2713 Cod: BG3426 \u2713 Brand: DELPHI \u2713 \u00cen stoc \u2713 Livrare 24h \u2713 Garan\u021bie!","robots":{"index":"index","follow":"follow","max-snippet":"max-snippet:-1","max-image-preview":"max-image-preview:large","max-video-preview":"max-video-preview:-1"},"og_locale":"en_US","og_type":"article","og_title":"Disc frana DELPHI BG3426 LAND ROVER FREELANDER I Soft Top (L314) 1,951 cmc (204D3(M47D20) diesel 112 DELPHI BG3426 LAND ROVER | DELPHI - Autorival","og_description":"\u26a1 Disc frana DELPHI BG3426 LAND ROVER FREELANDER I Soft Top (L314) 1,951 cmc (204D3(M47D20) diesel 112 DELPHI BG3426 pentru LAND ROVER. \u2713 Cod: BG3426 \u2713 Brand: DELPHI \u2713 \u00cen stoc \u2713 Livrare 24h \u2713 Garan\u021bie!","og_url":"https:\/\/autorival.ro\/landrover\/product\/disc-frana-delphi-bg3426-land-rover-freelander-i-soft-top-l314-1951-cmc-204d3m47d20-diesel-112-delphi-bg3426\/","og_site_name":"LAND ROVER","twitter_card":"summary_large_image","twitter_title":"Disc frana DELPHI BG3426 LAND ROVER FREELANDER I Soft Top (L314) 1,951 cmc (204D3(M47D20) diesel 112 DELPHI BG3426 LAND ROVER | DELPHI - Autorival","twitter_description":"\u26a1 Disc frana DELPHI BG3426 LAND ROVER FREELANDER I Soft Top (L314) 1,951 cmc (204D3(M47D20) diesel 112 DELPHI BG3426 pentru LAND ROVER. \u2713 Cod: BG3426 \u2713 Brand: DELPHI \u2713 \u00cen stoc \u2713 Livrare 24h \u2713 Garan\u021bie!","schema":{"@context":"https:\/\/schema.org","@graph":[{"@type":"WebPage","@id":"https:\/\/autorival.ro\/landrover\/product\/disc-frana-delphi-bg3426-land-rover-freelander-i-soft-top-l314-1951-cmc-204d3m47d20-diesel-112-delphi-bg3426\/","url":"https:\/\/autorival.ro\/landrover\/product\/disc-frana-delphi-bg3426-land-rover-freelander-i-soft-top-l314-1951-cmc-204d3m47d20-diesel-112-delphi-bg3426\/","name":"Disc frana DELPHI BG3426 LAND ROVER FREELANDER I Soft Top (L314) 1,951 cmc (204D3(M47D20) diesel 112 DELPHI BG3426 LAND ROVER | DELPHI - Autorival","isPartOf":{"@id":"https:\/\/autorival.ro\/landrover\/#website"},"primaryImageOfPage":{"@id":"https:\/\/autorival.ro\/landrover\/product\/disc-frana-delphi-bg3426-land-rover-freelander-i-soft-top-l314-1951-cmc-204d3m47d20-diesel-112-delphi-bg3426\/#primaryimage"},"image":{"@id":"https:\/\/autorival.ro\/landrover\/product\/disc-frana-delphi-bg3426-land-rover-freelander-i-soft-top-l314-1951-cmc-204d3m47d20-diesel-112-delphi-bg3426\/#primaryimage"},"thumbnailUrl":"https:\/\/autorival.ro\/landrover\/wp-content\/uploads\/sites\/19\/2026\/04\/1257113_bg3426-7.jpg","datePublished":"2026-04-01T08:31:07+00:00","description":"\u26a1 Disc frana DELPHI BG3426 LAND ROVER FREELANDER I Soft Top (L314) 1,951 cmc (204D3(M47D20) diesel 112 DELPHI BG3426 pentru LAND ROVER. \u2713 Cod: BG3426 \u2713 Brand: DELPHI \u2713 \u00cen stoc \u2713 Livrare 24h \u2713 Garan\u021bie!","breadcrumb":{"@id":"https:\/\/autorival.ro\/landrover\/product\/disc-frana-delphi-bg3426-land-rover-freelander-i-soft-top-l314-1951-cmc-204d3m47d20-diesel-112-delphi-bg3426\/#breadcrumb"},"inLanguage":"en-US","potentialAction":[{"@type":"ReadAction","target":["https:\/\/autorival.ro\/landrover\/product\/disc-frana-delphi-bg3426-land-rover-freelander-i-soft-top-l314-1951-cmc-204d3m47d20-diesel-112-delphi-bg3426\/"]}]},{"@type":"ImageObject","inLanguage":"en-US","@id":"https:\/\/autorival.ro\/landrover\/product\/disc-frana-delphi-bg3426-land-rover-freelander-i-soft-top-l314-1951-cmc-204d3m47d20-diesel-112-delphi-bg3426\/#primaryimage","url":"https:\/\/autorival.ro\/landrover\/wp-content\/uploads\/sites\/19\/2026\/04\/1257113_bg3426-7.jpg","contentUrl":"https:\/\/autorival.ro\/landrover\/wp-content\/uploads\/sites\/19\/2026\/04\/1257113_bg3426-7.jpg","width":800,"height":800},{"@type":"BreadcrumbList","@id":"https:\/\/autorival.ro\/landrover\/product\/disc-frana-delphi-bg3426-land-rover-freelander-i-soft-top-l314-1951-cmc-204d3m47d20-diesel-112-delphi-bg3426\/#breadcrumb","itemListElement":[{"@type":"ListItem","position":1,"name":"Prima pagin\u0103","item":"https:\/\/autorival.ro\/landrover\/"},{"@type":"ListItem","position":2,"name":"Piese auto LAND ROVER","item":"https:\/\/autorival.ro\/landrover\/"},{"@type":"ListItem","position":3,"name":"Disc frana DELPHI BG3426 LAND ROVER FREELANDER I Soft Top (L314) 1,951 cmc (204D3(M47D20) diesel 112 DELPHI BG3426"}]},{"@type":"WebSite","@id":"https:\/\/autorival.ro\/landrover\/#website","url":"https:\/\/autorival.ro\/landrover\/","name":"LAND ROVER","description":"","potentialAction":[{"@type":"SearchAction","target":{"@type":"EntryPoint","urlTemplate":"https:\/\/autorival.ro\/landrover\/?s={search_term_string}"},"query-input":{"@type":"PropertyValueSpecification","valueRequired":true,"valueName":"search_term_string"}}],"inLanguage":"en-US"}]}},"_links":{"self":[{"href":"https:\/\/autorival.ro\/landrover\/wp-json\/wp\/v2\/product\/771048","targetHints":{"allow":["GET"]}}],"collection":[{"href":"https:\/\/autorival.ro\/landrover\/wp-json\/wp\/v2\/product"}],"about":[{"href":"https:\/\/autorival.ro\/landrover\/wp-json\/wp\/v2\/types\/product"}],"replies":[{"embeddable":true,"href":"https:\/\/autorival.ro\/landrover\/wp-json\/wp\/v2\/comments?post=771048"}],"wp:featuredmedia":[{"embeddable":true,"href":"https:\/\/autorival.ro\/landrover\/wp-json\/wp\/v2\/media\/771049"}],"wp:attachment":[{"href":"https:\/\/autorival.ro\/landrover\/wp-json\/wp\/v2\/media?parent=771048"}],"wp:term":[{"taxonomy":"product_brand","embeddable":true,"href":"https:\/\/autorival.ro\/landrover\/wp-json\/wp\/v2\/product_brand?post=771048"},{"taxonomy":"product_cat","embeddable":true,"href":"https:\/\/autorival.ro\/landrover\/wp-json\/wp\/v2\/product_cat?post=771048"},{"taxonomy":"product_tag","embeddable":true,"href":"https:\/\/autorival.ro\/landrover\/wp-json\/wp\/v2\/product_tag?post=771048"}],"curies":[{"name":"wp","href":"https:\/\/api.w.org\/{rel}","templated":true}]}}