{"id":762572,"date":"2026-04-01T06:55:01","date_gmt":"2026-04-01T06:55:01","guid":{"rendered":"https:\/\/autorival.ro\/landrover\/product\/disc-frana-comline-adc1237v-land-rover-range-rover-evoque-l538-1999-cmc-204dtaaj20d4-diesel-241-comline-adc1237v-2\/"},"modified":"2026-04-01T06:55:01","modified_gmt":"2026-04-01T06:55:01","slug":"disc-frana-comline-adc1237v-land-rover-range-rover-evoque-l538-1999-cmc-204dtaaj20d4-diesel-241-comline-adc1237v-2","status":"publish","type":"product","link":"https:\/\/autorival.ro\/landrover\/product\/disc-frana-comline-adc1237v-land-rover-range-rover-evoque-l538-1999-cmc-204dtaaj20d4-diesel-241-comline-adc1237v-2\/","title":{"rendered":"Disc frana COMLINE ADC1237V LAND ROVER RANGE ROVER EVOQUE (L538) 1,999 cmc (204DTA(AJ20D4) diesel 241 COMLINE ADC1237V"},"content":{"rendered":"<p>Disc frana COMLINE ADC1237V; Asezare gauri \u00d8 [mm]: 108; Diametru alezaj bol\u021b roat\u0103 [mm]: 15,8; Diametru de centrare [mm]: 63,6; Diametru exterior [mm]: 300; Grosime disc fr\u00e2na [mm]: 28; Grosime minima [mm]: 26; \u00cenaltime [mm]: 52,1; Marime janta [inch]: 16,0; Numar gauri: 5; Numar pistoane: 1; Partea de montare: punte fata; Suprafata: acoperit (cu un strat protector); Tip disc fr\u00e2na: ventilat interior<\/p>\n","protected":false},"excerpt":{"rendered":"<p>Producator: COMLINE Cod: ADC1237V<\/p>\n","protected":false},"featured_media":762573,"comment_status":"open","ping_status":"closed","template":"","meta":[],"product_brand":[1678],"product_cat":[20898],"product_tag":[],"class_list":{"0":"post-762572","1":"product","2":"type-product","3":"status-publish","4":"has-post-thumbnail","6":"product_brand-comline","7":"product_cat-disc-frana-1999-cmc-204dtaaj20d4-diesel-241-range-rover-evoque-l538","9":"first","10":"instock","11":"shipping-taxable","12":"purchasable","13":"product-type-simple"},"yoast_head":"<!-- This site is optimized with the Yoast SEO plugin v27.3 - https:\/\/yoast.com\/product\/yoast-seo-wordpress\/ -->\n<title>Disc frana COMLINE ADC1237V LAND ROVER RANGE ROVER EVOQUE (L538) 1,999 cmc (204DTA(AJ20D4) diesel 241 COMLINE ADC1237V LAND ROVER | COMLINE - Autorival<\/title>\n<meta name=\"description\" content=\"\u26a1 Disc frana COMLINE ADC1237V LAND ROVER RANGE ROVER EVOQUE (L538) 1,999 cmc (204DTA(AJ20D4) diesel 241 COMLINE ADC1237V pentru LAND ROVER. \u2713 Cod: ADC1237V \u2713 Brand: COMLINE \u2713 \u00cen stoc \u2713 Livrare 24h \u2713 Garan\u021bie!\" \/>\n<meta name=\"robots\" content=\"index, follow, max-snippet:-1, max-image-preview:large, max-video-preview:-1\" \/>\n<meta property=\"og:locale\" content=\"en_US\" \/>\n<meta property=\"og:type\" content=\"article\" \/>\n<meta property=\"og:title\" content=\"Disc frana COMLINE ADC1237V LAND ROVER RANGE ROVER EVOQUE (L538) 1,999 cmc (204DTA(AJ20D4) diesel 241 COMLINE ADC1237V LAND ROVER | COMLINE - Autorival\" \/>\n<meta property=\"og:description\" content=\"\u26a1 Disc frana COMLINE ADC1237V LAND ROVER RANGE ROVER EVOQUE (L538) 1,999 cmc (204DTA(AJ20D4) diesel 241 COMLINE ADC1237V pentru LAND ROVER. \u2713 Cod: ADC1237V \u2713 Brand: COMLINE \u2713 \u00cen stoc \u2713 Livrare 24h \u2713 Garan\u021bie!\" \/>\n<meta property=\"og:url\" content=\"https:\/\/autorival.ro\/landrover\/product\/disc-frana-comline-adc1237v-land-rover-range-rover-evoque-l538-1999-cmc-204dtaaj20d4-diesel-241-comline-adc1237v-2\/\" \/>\n<meta property=\"og:site_name\" content=\"LAND ROVER\" \/>\n<meta name=\"twitter:card\" content=\"summary_large_image\" \/>\n<meta name=\"twitter:title\" content=\"Disc frana COMLINE ADC1237V LAND ROVER RANGE ROVER EVOQUE (L538) 1,999 cmc (204DTA(AJ20D4) diesel 241 COMLINE ADC1237V LAND ROVER | COMLINE - Autorival\" \/>\n<meta name=\"twitter:description\" content=\"\u26a1 Disc frana COMLINE ADC1237V LAND ROVER RANGE ROVER EVOQUE (L538) 1,999 cmc (204DTA(AJ20D4) diesel 241 COMLINE ADC1237V pentru LAND ROVER. \u2713 Cod: ADC1237V \u2713 Brand: COMLINE \u2713 \u00cen stoc \u2713 Livrare 24h \u2713 Garan\u021bie!\" \/>\n<script type=\"application\/ld+json\" class=\"yoast-schema-graph\">{\"@context\":\"https:\\\/\\\/schema.org\",\"@graph\":[{\"@type\":\"WebPage\",\"@id\":\"https:\\\/\\\/autorival.ro\\\/landrover\\\/product\\\/disc-frana-comline-adc1237v-land-rover-range-rover-evoque-l538-1999-cmc-204dtaaj20d4-diesel-241-comline-adc1237v-2\\\/\",\"url\":\"https:\\\/\\\/autorival.ro\\\/landrover\\\/product\\\/disc-frana-comline-adc1237v-land-rover-range-rover-evoque-l538-1999-cmc-204dtaaj20d4-diesel-241-comline-adc1237v-2\\\/\",\"name\":\"Disc frana COMLINE ADC1237V LAND ROVER RANGE ROVER EVOQUE (L538) 1,999 cmc (204DTA(AJ20D4) diesel 241 COMLINE ADC1237V LAND ROVER | COMLINE - Autorival\",\"isPartOf\":{\"@id\":\"https:\\\/\\\/autorival.ro\\\/landrover\\\/#website\"},\"primaryImageOfPage\":{\"@id\":\"https:\\\/\\\/autorival.ro\\\/landrover\\\/product\\\/disc-frana-comline-adc1237v-land-rover-range-rover-evoque-l538-1999-cmc-204dtaaj20d4-diesel-241-comline-adc1237v-2\\\/#primaryimage\"},\"image\":{\"@id\":\"https:\\\/\\\/autorival.ro\\\/landrover\\\/product\\\/disc-frana-comline-adc1237v-land-rover-range-rover-evoque-l538-1999-cmc-204dtaaj20d4-diesel-241-comline-adc1237v-2\\\/#primaryimage\"},\"thumbnailUrl\":\"https:\\\/\\\/autorival.ro\\\/landrover\\\/wp-content\\\/uploads\\\/sites\\\/19\\\/2026\\\/04\\\/492700_adc1237v_6491726-45.jpg\",\"datePublished\":\"2026-04-01T06:55:01+00:00\",\"description\":\"\u26a1 Disc frana COMLINE ADC1237V LAND ROVER RANGE ROVER EVOQUE (L538) 1,999 cmc (204DTA(AJ20D4) diesel 241 COMLINE ADC1237V pentru LAND ROVER. \u2713 Cod: ADC1237V \u2713 Brand: COMLINE \u2713 \u00cen stoc \u2713 Livrare 24h \u2713 Garan\u021bie!\",\"breadcrumb\":{\"@id\":\"https:\\\/\\\/autorival.ro\\\/landrover\\\/product\\\/disc-frana-comline-adc1237v-land-rover-range-rover-evoque-l538-1999-cmc-204dtaaj20d4-diesel-241-comline-adc1237v-2\\\/#breadcrumb\"},\"inLanguage\":\"en-US\",\"potentialAction\":[{\"@type\":\"ReadAction\",\"target\":[\"https:\\\/\\\/autorival.ro\\\/landrover\\\/product\\\/disc-frana-comline-adc1237v-land-rover-range-rover-evoque-l538-1999-cmc-204dtaaj20d4-diesel-241-comline-adc1237v-2\\\/\"]}]},{\"@type\":\"ImageObject\",\"inLanguage\":\"en-US\",\"@id\":\"https:\\\/\\\/autorival.ro\\\/landrover\\\/product\\\/disc-frana-comline-adc1237v-land-rover-range-rover-evoque-l538-1999-cmc-204dtaaj20d4-diesel-241-comline-adc1237v-2\\\/#primaryimage\",\"url\":\"https:\\\/\\\/autorival.ro\\\/landrover\\\/wp-content\\\/uploads\\\/sites\\\/19\\\/2026\\\/04\\\/492700_adc1237v_6491726-45.jpg\",\"contentUrl\":\"https:\\\/\\\/autorival.ro\\\/landrover\\\/wp-content\\\/uploads\\\/sites\\\/19\\\/2026\\\/04\\\/492700_adc1237v_6491726-45.jpg\",\"width\":600,\"height\":400},{\"@type\":\"BreadcrumbList\",\"@id\":\"https:\\\/\\\/autorival.ro\\\/landrover\\\/product\\\/disc-frana-comline-adc1237v-land-rover-range-rover-evoque-l538-1999-cmc-204dtaaj20d4-diesel-241-comline-adc1237v-2\\\/#breadcrumb\",\"itemListElement\":[{\"@type\":\"ListItem\",\"position\":1,\"name\":\"Prima pagin\u0103\",\"item\":\"https:\\\/\\\/autorival.ro\\\/landrover\\\/\"},{\"@type\":\"ListItem\",\"position\":2,\"name\":\"Piese auto LAND ROVER\",\"item\":\"https:\\\/\\\/autorival.ro\\\/landrover\\\/\"},{\"@type\":\"ListItem\",\"position\":3,\"name\":\"Disc frana COMLINE ADC1237V LAND ROVER RANGE ROVER EVOQUE (L538) 1,999 cmc (204DTA(AJ20D4) diesel 241 COMLINE ADC1237V\"}]},{\"@type\":\"WebSite\",\"@id\":\"https:\\\/\\\/autorival.ro\\\/landrover\\\/#website\",\"url\":\"https:\\\/\\\/autorival.ro\\\/landrover\\\/\",\"name\":\"LAND ROVER\",\"description\":\"\",\"potentialAction\":[{\"@type\":\"SearchAction\",\"target\":{\"@type\":\"EntryPoint\",\"urlTemplate\":\"https:\\\/\\\/autorival.ro\\\/landrover\\\/?s={search_term_string}\"},\"query-input\":{\"@type\":\"PropertyValueSpecification\",\"valueRequired\":true,\"valueName\":\"search_term_string\"}}],\"inLanguage\":\"en-US\"}]}<\/script>\n<!-- \/ Yoast SEO plugin. -->","yoast_head_json":{"title":"Disc frana COMLINE ADC1237V LAND ROVER RANGE ROVER EVOQUE (L538) 1,999 cmc (204DTA(AJ20D4) diesel 241 COMLINE ADC1237V LAND ROVER | COMLINE - Autorival","description":"\u26a1 Disc frana COMLINE ADC1237V LAND ROVER RANGE ROVER EVOQUE (L538) 1,999 cmc (204DTA(AJ20D4) diesel 241 COMLINE ADC1237V pentru LAND ROVER. \u2713 Cod: ADC1237V \u2713 Brand: COMLINE \u2713 \u00cen stoc \u2713 Livrare 24h \u2713 Garan\u021bie!","robots":{"index":"index","follow":"follow","max-snippet":"max-snippet:-1","max-image-preview":"max-image-preview:large","max-video-preview":"max-video-preview:-1"},"og_locale":"en_US","og_type":"article","og_title":"Disc frana COMLINE ADC1237V LAND ROVER RANGE ROVER EVOQUE (L538) 1,999 cmc (204DTA(AJ20D4) diesel 241 COMLINE ADC1237V LAND ROVER | COMLINE - Autorival","og_description":"\u26a1 Disc frana COMLINE ADC1237V LAND ROVER RANGE ROVER EVOQUE (L538) 1,999 cmc (204DTA(AJ20D4) diesel 241 COMLINE ADC1237V pentru LAND ROVER. \u2713 Cod: ADC1237V \u2713 Brand: COMLINE \u2713 \u00cen stoc \u2713 Livrare 24h \u2713 Garan\u021bie!","og_url":"https:\/\/autorival.ro\/landrover\/product\/disc-frana-comline-adc1237v-land-rover-range-rover-evoque-l538-1999-cmc-204dtaaj20d4-diesel-241-comline-adc1237v-2\/","og_site_name":"LAND ROVER","twitter_card":"summary_large_image","twitter_title":"Disc frana COMLINE ADC1237V LAND ROVER RANGE ROVER EVOQUE (L538) 1,999 cmc (204DTA(AJ20D4) diesel 241 COMLINE ADC1237V LAND ROVER | COMLINE - Autorival","twitter_description":"\u26a1 Disc frana COMLINE ADC1237V LAND ROVER RANGE ROVER EVOQUE (L538) 1,999 cmc (204DTA(AJ20D4) diesel 241 COMLINE ADC1237V pentru LAND ROVER. \u2713 Cod: ADC1237V \u2713 Brand: COMLINE \u2713 \u00cen stoc \u2713 Livrare 24h \u2713 Garan\u021bie!","schema":{"@context":"https:\/\/schema.org","@graph":[{"@type":"WebPage","@id":"https:\/\/autorival.ro\/landrover\/product\/disc-frana-comline-adc1237v-land-rover-range-rover-evoque-l538-1999-cmc-204dtaaj20d4-diesel-241-comline-adc1237v-2\/","url":"https:\/\/autorival.ro\/landrover\/product\/disc-frana-comline-adc1237v-land-rover-range-rover-evoque-l538-1999-cmc-204dtaaj20d4-diesel-241-comline-adc1237v-2\/","name":"Disc frana COMLINE ADC1237V LAND ROVER RANGE ROVER EVOQUE (L538) 1,999 cmc (204DTA(AJ20D4) diesel 241 COMLINE ADC1237V LAND ROVER | COMLINE - Autorival","isPartOf":{"@id":"https:\/\/autorival.ro\/landrover\/#website"},"primaryImageOfPage":{"@id":"https:\/\/autorival.ro\/landrover\/product\/disc-frana-comline-adc1237v-land-rover-range-rover-evoque-l538-1999-cmc-204dtaaj20d4-diesel-241-comline-adc1237v-2\/#primaryimage"},"image":{"@id":"https:\/\/autorival.ro\/landrover\/product\/disc-frana-comline-adc1237v-land-rover-range-rover-evoque-l538-1999-cmc-204dtaaj20d4-diesel-241-comline-adc1237v-2\/#primaryimage"},"thumbnailUrl":"https:\/\/autorival.ro\/landrover\/wp-content\/uploads\/sites\/19\/2026\/04\/492700_adc1237v_6491726-45.jpg","datePublished":"2026-04-01T06:55:01+00:00","description":"\u26a1 Disc frana COMLINE ADC1237V LAND ROVER RANGE ROVER EVOQUE (L538) 1,999 cmc (204DTA(AJ20D4) diesel 241 COMLINE ADC1237V pentru LAND ROVER. \u2713 Cod: ADC1237V \u2713 Brand: COMLINE \u2713 \u00cen stoc \u2713 Livrare 24h \u2713 Garan\u021bie!","breadcrumb":{"@id":"https:\/\/autorival.ro\/landrover\/product\/disc-frana-comline-adc1237v-land-rover-range-rover-evoque-l538-1999-cmc-204dtaaj20d4-diesel-241-comline-adc1237v-2\/#breadcrumb"},"inLanguage":"en-US","potentialAction":[{"@type":"ReadAction","target":["https:\/\/autorival.ro\/landrover\/product\/disc-frana-comline-adc1237v-land-rover-range-rover-evoque-l538-1999-cmc-204dtaaj20d4-diesel-241-comline-adc1237v-2\/"]}]},{"@type":"ImageObject","inLanguage":"en-US","@id":"https:\/\/autorival.ro\/landrover\/product\/disc-frana-comline-adc1237v-land-rover-range-rover-evoque-l538-1999-cmc-204dtaaj20d4-diesel-241-comline-adc1237v-2\/#primaryimage","url":"https:\/\/autorival.ro\/landrover\/wp-content\/uploads\/sites\/19\/2026\/04\/492700_adc1237v_6491726-45.jpg","contentUrl":"https:\/\/autorival.ro\/landrover\/wp-content\/uploads\/sites\/19\/2026\/04\/492700_adc1237v_6491726-45.jpg","width":600,"height":400},{"@type":"BreadcrumbList","@id":"https:\/\/autorival.ro\/landrover\/product\/disc-frana-comline-adc1237v-land-rover-range-rover-evoque-l538-1999-cmc-204dtaaj20d4-diesel-241-comline-adc1237v-2\/#breadcrumb","itemListElement":[{"@type":"ListItem","position":1,"name":"Prima pagin\u0103","item":"https:\/\/autorival.ro\/landrover\/"},{"@type":"ListItem","position":2,"name":"Piese auto LAND ROVER","item":"https:\/\/autorival.ro\/landrover\/"},{"@type":"ListItem","position":3,"name":"Disc frana COMLINE ADC1237V LAND ROVER RANGE ROVER EVOQUE (L538) 1,999 cmc (204DTA(AJ20D4) diesel 241 COMLINE ADC1237V"}]},{"@type":"WebSite","@id":"https:\/\/autorival.ro\/landrover\/#website","url":"https:\/\/autorival.ro\/landrover\/","name":"LAND ROVER","description":"","potentialAction":[{"@type":"SearchAction","target":{"@type":"EntryPoint","urlTemplate":"https:\/\/autorival.ro\/landrover\/?s={search_term_string}"},"query-input":{"@type":"PropertyValueSpecification","valueRequired":true,"valueName":"search_term_string"}}],"inLanguage":"en-US"}]}},"_links":{"self":[{"href":"https:\/\/autorival.ro\/landrover\/wp-json\/wp\/v2\/product\/762572","targetHints":{"allow":["GET"]}}],"collection":[{"href":"https:\/\/autorival.ro\/landrover\/wp-json\/wp\/v2\/product"}],"about":[{"href":"https:\/\/autorival.ro\/landrover\/wp-json\/wp\/v2\/types\/product"}],"replies":[{"embeddable":true,"href":"https:\/\/autorival.ro\/landrover\/wp-json\/wp\/v2\/comments?post=762572"}],"wp:featuredmedia":[{"embeddable":true,"href":"https:\/\/autorival.ro\/landrover\/wp-json\/wp\/v2\/media\/762573"}],"wp:attachment":[{"href":"https:\/\/autorival.ro\/landrover\/wp-json\/wp\/v2\/media?parent=762572"}],"wp:term":[{"taxonomy":"product_brand","embeddable":true,"href":"https:\/\/autorival.ro\/landrover\/wp-json\/wp\/v2\/product_brand?post=762572"},{"taxonomy":"product_cat","embeddable":true,"href":"https:\/\/autorival.ro\/landrover\/wp-json\/wp\/v2\/product_cat?post=762572"},{"taxonomy":"product_tag","embeddable":true,"href":"https:\/\/autorival.ro\/landrover\/wp-json\/wp\/v2\/product_tag?post=762572"}],"curies":[{"name":"wp","href":"https:\/\/api.w.org\/{rel}","templated":true}]}}