{"id":755700,"date":"2026-04-01T05:38:36","date_gmt":"2026-04-01T05:38:36","guid":{"rendered":"https:\/\/autorival.ro\/landrover\/product\/disc-frana-textar-92095200-land-rover-discovery-ii-l318-3947-cmc-35-d-56-d-94-d-benzina-185-textar-92095200-2\/"},"modified":"2026-04-01T05:38:36","modified_gmt":"2026-04-01T05:38:36","slug":"disc-frana-textar-92095200-land-rover-discovery-ii-l318-3947-cmc-35-d-56-d-94-d-benzina-185-textar-92095200-2","status":"publish","type":"product","link":"https:\/\/autorival.ro\/landrover\/product\/disc-frana-textar-92095200-land-rover-discovery-ii-l318-3947-cmc-35-d-56-d-94-d-benzina-185-textar-92095200-2\/","title":{"rendered":"Disc frana TEXTAR 92095200 LAND ROVER DISCOVERY II (L318) 3,947 cmc (35 D, 56 D, 94 D) benzina 185 TEXTAR 92095200"},"content":{"rendered":"<p>Disc frana TEXTAR 92095200; Articol completare\/Info suplimentar 2: fara butuc roata, fara rulment roata, fara suruburi de fixare roata; Asezare gauri \u00d8 [mm]: 120; Asezare gauri\/numar gauri: 05\/06; Diametru alezaj bol\u021b roat\u0103 [mm]: 14,4; Diametru de centrare [mm]: 70; Diametru exterior [mm]: 304; Diametru interior [mm]: 161,6; Greutate [kg]: 6,7; Grosime disc fr\u00e2na [mm]: 12,6; Grosime minima [mm]: 11,7; Inaltime ambalaj [cm]: 14; \u00cenaltime [mm]: 62,7; Latime ambalaj [cm]: 31,3; Lungime ambalaj [cm]: 31,3; Partea de montare: puntea spate; Tip disc fr\u00e2na: plin<\/p>\n","protected":false},"excerpt":{"rendered":"<p>Producator: TEXTAR Cod: 92095200<\/p>\n","protected":false},"featured_media":755701,"comment_status":"open","ping_status":"closed","template":"","meta":[],"product_brand":[1922],"product_cat":[20498],"product_tag":[],"class_list":{"0":"post-755700","1":"product","2":"type-product","3":"status-publish","4":"has-post-thumbnail","6":"product_brand-textar","7":"product_cat-disc-frana-3947-cmc-35-d-56-d-94-d-benzina-185","9":"first","10":"instock","11":"shipping-taxable","12":"purchasable","13":"product-type-simple"},"yoast_head":"<!-- This site is optimized with the Yoast SEO plugin v27.3 - https:\/\/yoast.com\/product\/yoast-seo-wordpress\/ -->\n<title>Disc frana TEXTAR 92095200 LAND ROVER DISCOVERY II (L318) 3,947 cmc (35 D, 56 D, 94 D) benzina 185 TEXTAR 92095200 LAND ROVER | TEXTAR - Autorival<\/title>\n<meta name=\"description\" content=\"\u26a1 Disc frana TEXTAR 92095200 LAND ROVER DISCOVERY II (L318) 3,947 cmc (35 D, 56 D, 94 D) benzina 185 TEXTAR 92095200 pentru LAND ROVER. \u2713 Cod: 92095200 \u2713 Brand: TEXTAR \u2713 \u00cen stoc \u2713 Livrare 24h \u2713 Garan\u021bie!\" \/>\n<meta name=\"robots\" content=\"index, follow, max-snippet:-1, max-image-preview:large, max-video-preview:-1\" \/>\n<meta property=\"og:locale\" content=\"en_US\" \/>\n<meta property=\"og:type\" content=\"article\" \/>\n<meta property=\"og:title\" content=\"Disc frana TEXTAR 92095200 LAND ROVER DISCOVERY II (L318) 3,947 cmc (35 D, 56 D, 94 D) benzina 185 TEXTAR 92095200 LAND ROVER | TEXTAR - Autorival\" \/>\n<meta property=\"og:description\" content=\"\u26a1 Disc frana TEXTAR 92095200 LAND ROVER DISCOVERY II (L318) 3,947 cmc (35 D, 56 D, 94 D) benzina 185 TEXTAR 92095200 pentru LAND ROVER. \u2713 Cod: 92095200 \u2713 Brand: TEXTAR \u2713 \u00cen stoc \u2713 Livrare 24h \u2713 Garan\u021bie!\" \/>\n<meta property=\"og:url\" content=\"https:\/\/autorival.ro\/landrover\/product\/disc-frana-textar-92095200-land-rover-discovery-ii-l318-3947-cmc-35-d-56-d-94-d-benzina-185-textar-92095200-2\/\" \/>\n<meta property=\"og:site_name\" content=\"LAND ROVER\" \/>\n<meta name=\"twitter:card\" content=\"summary_large_image\" \/>\n<meta name=\"twitter:title\" content=\"Disc frana TEXTAR 92095200 LAND ROVER DISCOVERY II (L318) 3,947 cmc (35 D, 56 D, 94 D) benzina 185 TEXTAR 92095200 LAND ROVER | TEXTAR - Autorival\" \/>\n<meta name=\"twitter:description\" content=\"\u26a1 Disc frana TEXTAR 92095200 LAND ROVER DISCOVERY II (L318) 3,947 cmc (35 D, 56 D, 94 D) benzina 185 TEXTAR 92095200 pentru LAND ROVER. \u2713 Cod: 92095200 \u2713 Brand: TEXTAR \u2713 \u00cen stoc \u2713 Livrare 24h \u2713 Garan\u021bie!\" \/>\n<script type=\"application\/ld+json\" class=\"yoast-schema-graph\">{\"@context\":\"https:\\\/\\\/schema.org\",\"@graph\":[{\"@type\":\"WebPage\",\"@id\":\"https:\\\/\\\/autorival.ro\\\/landrover\\\/product\\\/disc-frana-textar-92095200-land-rover-discovery-ii-l318-3947-cmc-35-d-56-d-94-d-benzina-185-textar-92095200-2\\\/\",\"url\":\"https:\\\/\\\/autorival.ro\\\/landrover\\\/product\\\/disc-frana-textar-92095200-land-rover-discovery-ii-l318-3947-cmc-35-d-56-d-94-d-benzina-185-textar-92095200-2\\\/\",\"name\":\"Disc frana TEXTAR 92095200 LAND ROVER DISCOVERY II (L318) 3,947 cmc (35 D, 56 D, 94 D) benzina 185 TEXTAR 92095200 LAND ROVER | TEXTAR - Autorival\",\"isPartOf\":{\"@id\":\"https:\\\/\\\/autorival.ro\\\/landrover\\\/#website\"},\"primaryImageOfPage\":{\"@id\":\"https:\\\/\\\/autorival.ro\\\/landrover\\\/product\\\/disc-frana-textar-92095200-land-rover-discovery-ii-l318-3947-cmc-35-d-56-d-94-d-benzina-185-textar-92095200-2\\\/#primaryimage\"},\"image\":{\"@id\":\"https:\\\/\\\/autorival.ro\\\/landrover\\\/product\\\/disc-frana-textar-92095200-land-rover-discovery-ii-l318-3947-cmc-35-d-56-d-94-d-benzina-185-textar-92095200-2\\\/#primaryimage\"},\"thumbnailUrl\":\"https:\\\/\\\/autorival.ro\\\/landrover\\\/wp-content\\\/uploads\\\/sites\\\/19\\\/2026\\\/04\\\/4264616_98200_0952_0_1_tex.jpg\",\"datePublished\":\"2026-04-01T05:38:36+00:00\",\"description\":\"\u26a1 Disc frana TEXTAR 92095200 LAND ROVER DISCOVERY II (L318) 3,947 cmc (35 D, 56 D, 94 D) benzina 185 TEXTAR 92095200 pentru LAND ROVER. \u2713 Cod: 92095200 \u2713 Brand: TEXTAR \u2713 \u00cen stoc \u2713 Livrare 24h \u2713 Garan\u021bie!\",\"breadcrumb\":{\"@id\":\"https:\\\/\\\/autorival.ro\\\/landrover\\\/product\\\/disc-frana-textar-92095200-land-rover-discovery-ii-l318-3947-cmc-35-d-56-d-94-d-benzina-185-textar-92095200-2\\\/#breadcrumb\"},\"inLanguage\":\"en-US\",\"potentialAction\":[{\"@type\":\"ReadAction\",\"target\":[\"https:\\\/\\\/autorival.ro\\\/landrover\\\/product\\\/disc-frana-textar-92095200-land-rover-discovery-ii-l318-3947-cmc-35-d-56-d-94-d-benzina-185-textar-92095200-2\\\/\"]}]},{\"@type\":\"ImageObject\",\"inLanguage\":\"en-US\",\"@id\":\"https:\\\/\\\/autorival.ro\\\/landrover\\\/product\\\/disc-frana-textar-92095200-land-rover-discovery-ii-l318-3947-cmc-35-d-56-d-94-d-benzina-185-textar-92095200-2\\\/#primaryimage\",\"url\":\"https:\\\/\\\/autorival.ro\\\/landrover\\\/wp-content\\\/uploads\\\/sites\\\/19\\\/2026\\\/04\\\/4264616_98200_0952_0_1_tex.jpg\",\"contentUrl\":\"https:\\\/\\\/autorival.ro\\\/landrover\\\/wp-content\\\/uploads\\\/sites\\\/19\\\/2026\\\/04\\\/4264616_98200_0952_0_1_tex.jpg\",\"width\":600,\"height\":400},{\"@type\":\"BreadcrumbList\",\"@id\":\"https:\\\/\\\/autorival.ro\\\/landrover\\\/product\\\/disc-frana-textar-92095200-land-rover-discovery-ii-l318-3947-cmc-35-d-56-d-94-d-benzina-185-textar-92095200-2\\\/#breadcrumb\",\"itemListElement\":[{\"@type\":\"ListItem\",\"position\":1,\"name\":\"Prima pagin\u0103\",\"item\":\"https:\\\/\\\/autorival.ro\\\/landrover\\\/\"},{\"@type\":\"ListItem\",\"position\":2,\"name\":\"Piese auto LAND ROVER\",\"item\":\"https:\\\/\\\/autorival.ro\\\/landrover\\\/\"},{\"@type\":\"ListItem\",\"position\":3,\"name\":\"Disc frana TEXTAR 92095200 LAND ROVER DISCOVERY II (L318) 3,947 cmc (35 D, 56 D, 94 D) benzina 185 TEXTAR 92095200\"}]},{\"@type\":\"WebSite\",\"@id\":\"https:\\\/\\\/autorival.ro\\\/landrover\\\/#website\",\"url\":\"https:\\\/\\\/autorival.ro\\\/landrover\\\/\",\"name\":\"LAND ROVER\",\"description\":\"\",\"potentialAction\":[{\"@type\":\"SearchAction\",\"target\":{\"@type\":\"EntryPoint\",\"urlTemplate\":\"https:\\\/\\\/autorival.ro\\\/landrover\\\/?s={search_term_string}\"},\"query-input\":{\"@type\":\"PropertyValueSpecification\",\"valueRequired\":true,\"valueName\":\"search_term_string\"}}],\"inLanguage\":\"en-US\"}]}<\/script>\n<!-- \/ Yoast SEO plugin. -->","yoast_head_json":{"title":"Disc frana TEXTAR 92095200 LAND ROVER DISCOVERY II (L318) 3,947 cmc (35 D, 56 D, 94 D) benzina 185 TEXTAR 92095200 LAND ROVER | TEXTAR - Autorival","description":"\u26a1 Disc frana TEXTAR 92095200 LAND ROVER DISCOVERY II (L318) 3,947 cmc (35 D, 56 D, 94 D) benzina 185 TEXTAR 92095200 pentru LAND ROVER. \u2713 Cod: 92095200 \u2713 Brand: TEXTAR \u2713 \u00cen stoc \u2713 Livrare 24h \u2713 Garan\u021bie!","robots":{"index":"index","follow":"follow","max-snippet":"max-snippet:-1","max-image-preview":"max-image-preview:large","max-video-preview":"max-video-preview:-1"},"og_locale":"en_US","og_type":"article","og_title":"Disc frana TEXTAR 92095200 LAND ROVER DISCOVERY II (L318) 3,947 cmc (35 D, 56 D, 94 D) benzina 185 TEXTAR 92095200 LAND ROVER | TEXTAR - Autorival","og_description":"\u26a1 Disc frana TEXTAR 92095200 LAND ROVER DISCOVERY II (L318) 3,947 cmc (35 D, 56 D, 94 D) benzina 185 TEXTAR 92095200 pentru LAND ROVER. \u2713 Cod: 92095200 \u2713 Brand: TEXTAR \u2713 \u00cen stoc \u2713 Livrare 24h \u2713 Garan\u021bie!","og_url":"https:\/\/autorival.ro\/landrover\/product\/disc-frana-textar-92095200-land-rover-discovery-ii-l318-3947-cmc-35-d-56-d-94-d-benzina-185-textar-92095200-2\/","og_site_name":"LAND ROVER","twitter_card":"summary_large_image","twitter_title":"Disc frana TEXTAR 92095200 LAND ROVER DISCOVERY II (L318) 3,947 cmc (35 D, 56 D, 94 D) benzina 185 TEXTAR 92095200 LAND ROVER | TEXTAR - Autorival","twitter_description":"\u26a1 Disc frana TEXTAR 92095200 LAND ROVER DISCOVERY II (L318) 3,947 cmc (35 D, 56 D, 94 D) benzina 185 TEXTAR 92095200 pentru LAND ROVER. \u2713 Cod: 92095200 \u2713 Brand: TEXTAR \u2713 \u00cen stoc \u2713 Livrare 24h \u2713 Garan\u021bie!","schema":{"@context":"https:\/\/schema.org","@graph":[{"@type":"WebPage","@id":"https:\/\/autorival.ro\/landrover\/product\/disc-frana-textar-92095200-land-rover-discovery-ii-l318-3947-cmc-35-d-56-d-94-d-benzina-185-textar-92095200-2\/","url":"https:\/\/autorival.ro\/landrover\/product\/disc-frana-textar-92095200-land-rover-discovery-ii-l318-3947-cmc-35-d-56-d-94-d-benzina-185-textar-92095200-2\/","name":"Disc frana TEXTAR 92095200 LAND ROVER DISCOVERY II (L318) 3,947 cmc (35 D, 56 D, 94 D) benzina 185 TEXTAR 92095200 LAND ROVER | TEXTAR - Autorival","isPartOf":{"@id":"https:\/\/autorival.ro\/landrover\/#website"},"primaryImageOfPage":{"@id":"https:\/\/autorival.ro\/landrover\/product\/disc-frana-textar-92095200-land-rover-discovery-ii-l318-3947-cmc-35-d-56-d-94-d-benzina-185-textar-92095200-2\/#primaryimage"},"image":{"@id":"https:\/\/autorival.ro\/landrover\/product\/disc-frana-textar-92095200-land-rover-discovery-ii-l318-3947-cmc-35-d-56-d-94-d-benzina-185-textar-92095200-2\/#primaryimage"},"thumbnailUrl":"https:\/\/autorival.ro\/landrover\/wp-content\/uploads\/sites\/19\/2026\/04\/4264616_98200_0952_0_1_tex.jpg","datePublished":"2026-04-01T05:38:36+00:00","description":"\u26a1 Disc frana TEXTAR 92095200 LAND ROVER DISCOVERY II (L318) 3,947 cmc (35 D, 56 D, 94 D) benzina 185 TEXTAR 92095200 pentru LAND ROVER. \u2713 Cod: 92095200 \u2713 Brand: TEXTAR \u2713 \u00cen stoc \u2713 Livrare 24h \u2713 Garan\u021bie!","breadcrumb":{"@id":"https:\/\/autorival.ro\/landrover\/product\/disc-frana-textar-92095200-land-rover-discovery-ii-l318-3947-cmc-35-d-56-d-94-d-benzina-185-textar-92095200-2\/#breadcrumb"},"inLanguage":"en-US","potentialAction":[{"@type":"ReadAction","target":["https:\/\/autorival.ro\/landrover\/product\/disc-frana-textar-92095200-land-rover-discovery-ii-l318-3947-cmc-35-d-56-d-94-d-benzina-185-textar-92095200-2\/"]}]},{"@type":"ImageObject","inLanguage":"en-US","@id":"https:\/\/autorival.ro\/landrover\/product\/disc-frana-textar-92095200-land-rover-discovery-ii-l318-3947-cmc-35-d-56-d-94-d-benzina-185-textar-92095200-2\/#primaryimage","url":"https:\/\/autorival.ro\/landrover\/wp-content\/uploads\/sites\/19\/2026\/04\/4264616_98200_0952_0_1_tex.jpg","contentUrl":"https:\/\/autorival.ro\/landrover\/wp-content\/uploads\/sites\/19\/2026\/04\/4264616_98200_0952_0_1_tex.jpg","width":600,"height":400},{"@type":"BreadcrumbList","@id":"https:\/\/autorival.ro\/landrover\/product\/disc-frana-textar-92095200-land-rover-discovery-ii-l318-3947-cmc-35-d-56-d-94-d-benzina-185-textar-92095200-2\/#breadcrumb","itemListElement":[{"@type":"ListItem","position":1,"name":"Prima pagin\u0103","item":"https:\/\/autorival.ro\/landrover\/"},{"@type":"ListItem","position":2,"name":"Piese auto LAND ROVER","item":"https:\/\/autorival.ro\/landrover\/"},{"@type":"ListItem","position":3,"name":"Disc frana TEXTAR 92095200 LAND ROVER DISCOVERY II (L318) 3,947 cmc (35 D, 56 D, 94 D) benzina 185 TEXTAR 92095200"}]},{"@type":"WebSite","@id":"https:\/\/autorival.ro\/landrover\/#website","url":"https:\/\/autorival.ro\/landrover\/","name":"LAND ROVER","description":"","potentialAction":[{"@type":"SearchAction","target":{"@type":"EntryPoint","urlTemplate":"https:\/\/autorival.ro\/landrover\/?s={search_term_string}"},"query-input":{"@type":"PropertyValueSpecification","valueRequired":true,"valueName":"search_term_string"}}],"inLanguage":"en-US"}]}},"_links":{"self":[{"href":"https:\/\/autorival.ro\/landrover\/wp-json\/wp\/v2\/product\/755700","targetHints":{"allow":["GET"]}}],"collection":[{"href":"https:\/\/autorival.ro\/landrover\/wp-json\/wp\/v2\/product"}],"about":[{"href":"https:\/\/autorival.ro\/landrover\/wp-json\/wp\/v2\/types\/product"}],"replies":[{"embeddable":true,"href":"https:\/\/autorival.ro\/landrover\/wp-json\/wp\/v2\/comments?post=755700"}],"wp:featuredmedia":[{"embeddable":true,"href":"https:\/\/autorival.ro\/landrover\/wp-json\/wp\/v2\/media\/755701"}],"wp:attachment":[{"href":"https:\/\/autorival.ro\/landrover\/wp-json\/wp\/v2\/media?parent=755700"}],"wp:term":[{"taxonomy":"product_brand","embeddable":true,"href":"https:\/\/autorival.ro\/landrover\/wp-json\/wp\/v2\/product_brand?post=755700"},{"taxonomy":"product_cat","embeddable":true,"href":"https:\/\/autorival.ro\/landrover\/wp-json\/wp\/v2\/product_cat?post=755700"},{"taxonomy":"product_tag","embeddable":true,"href":"https:\/\/autorival.ro\/landrover\/wp-json\/wp\/v2\/product_tag?post=755700"}],"curies":[{"name":"wp","href":"https:\/\/api.w.org\/{rel}","templated":true}]}}