{"id":722366,"date":"2026-03-31T23:44:06","date_gmt":"2026-03-31T23:44:06","guid":{"rendered":"https:\/\/autorival.ro\/landrover\/product\/disc-frana-trw-df4794-land-rover-discovery-iv-l319-2995-cmc-306psaj126-benzina-340-trw-df4794\/"},"modified":"2026-03-31T23:44:06","modified_gmt":"2026-03-31T23:44:06","slug":"disc-frana-trw-df4794-land-rover-discovery-iv-l319-2995-cmc-306psaj126-benzina-340-trw-df4794","status":"publish","type":"product","link":"https:\/\/autorival.ro\/landrover\/product\/disc-frana-trw-df4794-land-rover-discovery-iv-l319-2995-cmc-306psaj126-benzina-340-trw-df4794\/","title":{"rendered":"Disc frana TRW DF4794 LAND ROVER DISCOVERY IV (L319) 2,995 cmc (306PS(AJ126) benzina 340 TRW DF4794"},"content":{"rendered":"<p>Disc frana TRW DF4794; Asezare gauri \u00d8 [mm]: 120; Culoare: negru; Diametru de centrare [mm]: 79; Diametru exterior [mm]: 325; Dimensiune filet: 15; Dimensiune frane: 17&#8243;; Grosime disc fr\u00e2na [mm]: 20; Grosime minima [mm]: 17; \u00cenaltime [mm]: 59; Numar gauri: 5; Partea de montare: puntea spate; Procesare: continut ridicat de carbon; Sasiu: pentru vehicule fara sistem de rulare reglabil pe inaltime; Serie \u0219asiu (VIN)p\u00e2n\u0103 la: 9A999999; Sistem amortizor: amortizare normala; Suprafata: lacuit; Tip disc fr\u00e2na: ventilat; Vehicul cu aplicatii speciale: nu pentru vehicule blindate<\/p>\n","protected":false},"excerpt":{"rendered":"<p>Producator: TRW Cod: DF4794<\/p>\n","protected":false},"featured_media":722367,"comment_status":"open","ping_status":"closed","template":"","meta":[],"product_brand":[1953],"product_cat":[20807],"product_tag":[],"class_list":{"0":"post-722366","1":"product","2":"type-product","3":"status-publish","4":"has-post-thumbnail","6":"product_brand-trw","7":"product_cat-disc-frana-2995-cmc-306psaj126-benzina-340-discovery-iv-l319","9":"first","10":"instock","11":"shipping-taxable","12":"purchasable","13":"product-type-simple"},"yoast_head":"<!-- This site is optimized with the Yoast SEO plugin v27.3 - https:\/\/yoast.com\/product\/yoast-seo-wordpress\/ -->\n<title>Disc frana TRW DF4794 LAND ROVER DISCOVERY IV (L319) 2,995 cmc (306PS(AJ126) benzina 340 TRW DF4794 LAND ROVER | TRW - Autorival<\/title>\n<meta name=\"description\" content=\"\u26a1 Disc frana TRW DF4794 LAND ROVER DISCOVERY IV (L319) 2,995 cmc (306PS(AJ126) benzina 340 TRW DF4794 pentru LAND ROVER. \u2713 Cod: DF4794 \u2713 Brand: TRW \u2713 \u00cen stoc \u2713 Livrare 24h \u2713 Garan\u021bie!\" \/>\n<meta name=\"robots\" content=\"index, follow, max-snippet:-1, max-image-preview:large, max-video-preview:-1\" \/>\n<meta property=\"og:locale\" content=\"en_US\" \/>\n<meta property=\"og:type\" content=\"article\" \/>\n<meta property=\"og:title\" content=\"Disc frana TRW DF4794 LAND ROVER DISCOVERY IV (L319) 2,995 cmc (306PS(AJ126) benzina 340 TRW DF4794 LAND ROVER | TRW - Autorival\" \/>\n<meta property=\"og:description\" content=\"\u26a1 Disc frana TRW DF4794 LAND ROVER DISCOVERY IV (L319) 2,995 cmc (306PS(AJ126) benzina 340 TRW DF4794 pentru LAND ROVER. \u2713 Cod: DF4794 \u2713 Brand: TRW \u2713 \u00cen stoc \u2713 Livrare 24h \u2713 Garan\u021bie!\" \/>\n<meta property=\"og:url\" content=\"https:\/\/autorival.ro\/landrover\/product\/disc-frana-trw-df4794-land-rover-discovery-iv-l319-2995-cmc-306psaj126-benzina-340-trw-df4794\/\" \/>\n<meta property=\"og:site_name\" content=\"LAND ROVER\" \/>\n<meta name=\"twitter:card\" content=\"summary_large_image\" \/>\n<meta name=\"twitter:title\" content=\"Disc frana TRW DF4794 LAND ROVER DISCOVERY IV (L319) 2,995 cmc (306PS(AJ126) benzina 340 TRW DF4794 LAND ROVER | TRW - Autorival\" \/>\n<meta name=\"twitter:description\" content=\"\u26a1 Disc frana TRW DF4794 LAND ROVER DISCOVERY IV (L319) 2,995 cmc (306PS(AJ126) benzina 340 TRW DF4794 pentru LAND ROVER. \u2713 Cod: DF4794 \u2713 Brand: TRW \u2713 \u00cen stoc \u2713 Livrare 24h \u2713 Garan\u021bie!\" \/>\n<script type=\"application\/ld+json\" class=\"yoast-schema-graph\">{\"@context\":\"https:\\\/\\\/schema.org\",\"@graph\":[{\"@type\":\"WebPage\",\"@id\":\"https:\\\/\\\/autorival.ro\\\/landrover\\\/product\\\/disc-frana-trw-df4794-land-rover-discovery-iv-l319-2995-cmc-306psaj126-benzina-340-trw-df4794\\\/\",\"url\":\"https:\\\/\\\/autorival.ro\\\/landrover\\\/product\\\/disc-frana-trw-df4794-land-rover-discovery-iv-l319-2995-cmc-306psaj126-benzina-340-trw-df4794\\\/\",\"name\":\"Disc frana TRW DF4794 LAND ROVER DISCOVERY IV (L319) 2,995 cmc (306PS(AJ126) benzina 340 TRW DF4794 LAND ROVER | TRW - Autorival\",\"isPartOf\":{\"@id\":\"https:\\\/\\\/autorival.ro\\\/landrover\\\/#website\"},\"primaryImageOfPage\":{\"@id\":\"https:\\\/\\\/autorival.ro\\\/landrover\\\/product\\\/disc-frana-trw-df4794-land-rover-discovery-iv-l319-2995-cmc-306psaj126-benzina-340-trw-df4794\\\/#primaryimage\"},\"image\":{\"@id\":\"https:\\\/\\\/autorival.ro\\\/landrover\\\/product\\\/disc-frana-trw-df4794-land-rover-discovery-iv-l319-2995-cmc-306psaj126-benzina-340-trw-df4794\\\/#primaryimage\"},\"thumbnailUrl\":\"https:\\\/\\\/autorival.ro\\\/landrover\\\/wp-content\\\/uploads\\\/sites\\\/19\\\/2026\\\/03\\\/1320484_0161df4794-7.jpg\",\"datePublished\":\"2026-03-31T23:44:06+00:00\",\"description\":\"\u26a1 Disc frana TRW DF4794 LAND ROVER DISCOVERY IV (L319) 2,995 cmc (306PS(AJ126) benzina 340 TRW DF4794 pentru LAND ROVER. \u2713 Cod: DF4794 \u2713 Brand: TRW \u2713 \u00cen stoc \u2713 Livrare 24h \u2713 Garan\u021bie!\",\"breadcrumb\":{\"@id\":\"https:\\\/\\\/autorival.ro\\\/landrover\\\/product\\\/disc-frana-trw-df4794-land-rover-discovery-iv-l319-2995-cmc-306psaj126-benzina-340-trw-df4794\\\/#breadcrumb\"},\"inLanguage\":\"en-US\",\"potentialAction\":[{\"@type\":\"ReadAction\",\"target\":[\"https:\\\/\\\/autorival.ro\\\/landrover\\\/product\\\/disc-frana-trw-df4794-land-rover-discovery-iv-l319-2995-cmc-306psaj126-benzina-340-trw-df4794\\\/\"]}]},{\"@type\":\"ImageObject\",\"inLanguage\":\"en-US\",\"@id\":\"https:\\\/\\\/autorival.ro\\\/landrover\\\/product\\\/disc-frana-trw-df4794-land-rover-discovery-iv-l319-2995-cmc-306psaj126-benzina-340-trw-df4794\\\/#primaryimage\",\"url\":\"https:\\\/\\\/autorival.ro\\\/landrover\\\/wp-content\\\/uploads\\\/sites\\\/19\\\/2026\\\/03\\\/1320484_0161df4794-7.jpg\",\"contentUrl\":\"https:\\\/\\\/autorival.ro\\\/landrover\\\/wp-content\\\/uploads\\\/sites\\\/19\\\/2026\\\/03\\\/1320484_0161df4794-7.jpg\",\"width\":600,\"height\":392},{\"@type\":\"BreadcrumbList\",\"@id\":\"https:\\\/\\\/autorival.ro\\\/landrover\\\/product\\\/disc-frana-trw-df4794-land-rover-discovery-iv-l319-2995-cmc-306psaj126-benzina-340-trw-df4794\\\/#breadcrumb\",\"itemListElement\":[{\"@type\":\"ListItem\",\"position\":1,\"name\":\"Prima pagin\u0103\",\"item\":\"https:\\\/\\\/autorival.ro\\\/landrover\\\/\"},{\"@type\":\"ListItem\",\"position\":2,\"name\":\"Piese auto LAND ROVER\",\"item\":\"https:\\\/\\\/autorival.ro\\\/landrover\\\/\"},{\"@type\":\"ListItem\",\"position\":3,\"name\":\"Disc frana TRW DF4794 LAND ROVER DISCOVERY IV (L319) 2,995 cmc (306PS(AJ126) benzina 340 TRW DF4794\"}]},{\"@type\":\"WebSite\",\"@id\":\"https:\\\/\\\/autorival.ro\\\/landrover\\\/#website\",\"url\":\"https:\\\/\\\/autorival.ro\\\/landrover\\\/\",\"name\":\"LAND ROVER\",\"description\":\"\",\"potentialAction\":[{\"@type\":\"SearchAction\",\"target\":{\"@type\":\"EntryPoint\",\"urlTemplate\":\"https:\\\/\\\/autorival.ro\\\/landrover\\\/?s={search_term_string}\"},\"query-input\":{\"@type\":\"PropertyValueSpecification\",\"valueRequired\":true,\"valueName\":\"search_term_string\"}}],\"inLanguage\":\"en-US\"}]}<\/script>\n<!-- \/ Yoast SEO plugin. -->","yoast_head_json":{"title":"Disc frana TRW DF4794 LAND ROVER DISCOVERY IV (L319) 2,995 cmc (306PS(AJ126) benzina 340 TRW DF4794 LAND ROVER | TRW - Autorival","description":"\u26a1 Disc frana TRW DF4794 LAND ROVER DISCOVERY IV (L319) 2,995 cmc (306PS(AJ126) benzina 340 TRW DF4794 pentru LAND ROVER. \u2713 Cod: DF4794 \u2713 Brand: TRW \u2713 \u00cen stoc \u2713 Livrare 24h \u2713 Garan\u021bie!","robots":{"index":"index","follow":"follow","max-snippet":"max-snippet:-1","max-image-preview":"max-image-preview:large","max-video-preview":"max-video-preview:-1"},"og_locale":"en_US","og_type":"article","og_title":"Disc frana TRW DF4794 LAND ROVER DISCOVERY IV (L319) 2,995 cmc (306PS(AJ126) benzina 340 TRW DF4794 LAND ROVER | TRW - Autorival","og_description":"\u26a1 Disc frana TRW DF4794 LAND ROVER DISCOVERY IV (L319) 2,995 cmc (306PS(AJ126) benzina 340 TRW DF4794 pentru LAND ROVER. \u2713 Cod: DF4794 \u2713 Brand: TRW \u2713 \u00cen stoc \u2713 Livrare 24h \u2713 Garan\u021bie!","og_url":"https:\/\/autorival.ro\/landrover\/product\/disc-frana-trw-df4794-land-rover-discovery-iv-l319-2995-cmc-306psaj126-benzina-340-trw-df4794\/","og_site_name":"LAND ROVER","twitter_card":"summary_large_image","twitter_title":"Disc frana TRW DF4794 LAND ROVER DISCOVERY IV (L319) 2,995 cmc (306PS(AJ126) benzina 340 TRW DF4794 LAND ROVER | TRW - Autorival","twitter_description":"\u26a1 Disc frana TRW DF4794 LAND ROVER DISCOVERY IV (L319) 2,995 cmc (306PS(AJ126) benzina 340 TRW DF4794 pentru LAND ROVER. \u2713 Cod: DF4794 \u2713 Brand: TRW \u2713 \u00cen stoc \u2713 Livrare 24h \u2713 Garan\u021bie!","schema":{"@context":"https:\/\/schema.org","@graph":[{"@type":"WebPage","@id":"https:\/\/autorival.ro\/landrover\/product\/disc-frana-trw-df4794-land-rover-discovery-iv-l319-2995-cmc-306psaj126-benzina-340-trw-df4794\/","url":"https:\/\/autorival.ro\/landrover\/product\/disc-frana-trw-df4794-land-rover-discovery-iv-l319-2995-cmc-306psaj126-benzina-340-trw-df4794\/","name":"Disc frana TRW DF4794 LAND ROVER DISCOVERY IV (L319) 2,995 cmc (306PS(AJ126) benzina 340 TRW DF4794 LAND ROVER | TRW - Autorival","isPartOf":{"@id":"https:\/\/autorival.ro\/landrover\/#website"},"primaryImageOfPage":{"@id":"https:\/\/autorival.ro\/landrover\/product\/disc-frana-trw-df4794-land-rover-discovery-iv-l319-2995-cmc-306psaj126-benzina-340-trw-df4794\/#primaryimage"},"image":{"@id":"https:\/\/autorival.ro\/landrover\/product\/disc-frana-trw-df4794-land-rover-discovery-iv-l319-2995-cmc-306psaj126-benzina-340-trw-df4794\/#primaryimage"},"thumbnailUrl":"https:\/\/autorival.ro\/landrover\/wp-content\/uploads\/sites\/19\/2026\/03\/1320484_0161df4794-7.jpg","datePublished":"2026-03-31T23:44:06+00:00","description":"\u26a1 Disc frana TRW DF4794 LAND ROVER DISCOVERY IV (L319) 2,995 cmc (306PS(AJ126) benzina 340 TRW DF4794 pentru LAND ROVER. \u2713 Cod: DF4794 \u2713 Brand: TRW \u2713 \u00cen stoc \u2713 Livrare 24h \u2713 Garan\u021bie!","breadcrumb":{"@id":"https:\/\/autorival.ro\/landrover\/product\/disc-frana-trw-df4794-land-rover-discovery-iv-l319-2995-cmc-306psaj126-benzina-340-trw-df4794\/#breadcrumb"},"inLanguage":"en-US","potentialAction":[{"@type":"ReadAction","target":["https:\/\/autorival.ro\/landrover\/product\/disc-frana-trw-df4794-land-rover-discovery-iv-l319-2995-cmc-306psaj126-benzina-340-trw-df4794\/"]}]},{"@type":"ImageObject","inLanguage":"en-US","@id":"https:\/\/autorival.ro\/landrover\/product\/disc-frana-trw-df4794-land-rover-discovery-iv-l319-2995-cmc-306psaj126-benzina-340-trw-df4794\/#primaryimage","url":"https:\/\/autorival.ro\/landrover\/wp-content\/uploads\/sites\/19\/2026\/03\/1320484_0161df4794-7.jpg","contentUrl":"https:\/\/autorival.ro\/landrover\/wp-content\/uploads\/sites\/19\/2026\/03\/1320484_0161df4794-7.jpg","width":600,"height":392},{"@type":"BreadcrumbList","@id":"https:\/\/autorival.ro\/landrover\/product\/disc-frana-trw-df4794-land-rover-discovery-iv-l319-2995-cmc-306psaj126-benzina-340-trw-df4794\/#breadcrumb","itemListElement":[{"@type":"ListItem","position":1,"name":"Prima pagin\u0103","item":"https:\/\/autorival.ro\/landrover\/"},{"@type":"ListItem","position":2,"name":"Piese auto LAND ROVER","item":"https:\/\/autorival.ro\/landrover\/"},{"@type":"ListItem","position":3,"name":"Disc frana TRW DF4794 LAND ROVER DISCOVERY IV (L319) 2,995 cmc (306PS(AJ126) benzina 340 TRW DF4794"}]},{"@type":"WebSite","@id":"https:\/\/autorival.ro\/landrover\/#website","url":"https:\/\/autorival.ro\/landrover\/","name":"LAND ROVER","description":"","potentialAction":[{"@type":"SearchAction","target":{"@type":"EntryPoint","urlTemplate":"https:\/\/autorival.ro\/landrover\/?s={search_term_string}"},"query-input":{"@type":"PropertyValueSpecification","valueRequired":true,"valueName":"search_term_string"}}],"inLanguage":"en-US"}]}},"_links":{"self":[{"href":"https:\/\/autorival.ro\/landrover\/wp-json\/wp\/v2\/product\/722366","targetHints":{"allow":["GET"]}}],"collection":[{"href":"https:\/\/autorival.ro\/landrover\/wp-json\/wp\/v2\/product"}],"about":[{"href":"https:\/\/autorival.ro\/landrover\/wp-json\/wp\/v2\/types\/product"}],"replies":[{"embeddable":true,"href":"https:\/\/autorival.ro\/landrover\/wp-json\/wp\/v2\/comments?post=722366"}],"wp:featuredmedia":[{"embeddable":true,"href":"https:\/\/autorival.ro\/landrover\/wp-json\/wp\/v2\/media\/722367"}],"wp:attachment":[{"href":"https:\/\/autorival.ro\/landrover\/wp-json\/wp\/v2\/media?parent=722366"}],"wp:term":[{"taxonomy":"product_brand","embeddable":true,"href":"https:\/\/autorival.ro\/landrover\/wp-json\/wp\/v2\/product_brand?post=722366"},{"taxonomy":"product_cat","embeddable":true,"href":"https:\/\/autorival.ro\/landrover\/wp-json\/wp\/v2\/product_cat?post=722366"},{"taxonomy":"product_tag","embeddable":true,"href":"https:\/\/autorival.ro\/landrover\/wp-json\/wp\/v2\/product_tag?post=722366"}],"curies":[{"name":"wp","href":"https:\/\/api.w.org\/{rel}","templated":true}]}}