{"id":717320,"date":"2026-03-31T19:44:16","date_gmt":"2026-03-31T19:44:16","guid":{"rendered":"https:\/\/autorival.ro\/landrover\/product\/disc-frana-qwp-wbd268c-land-rover-defender-cabrio-l316-2495-cmc-12-j-diesel-69-qwp-wbd268c\/"},"modified":"2026-03-31T19:44:16","modified_gmt":"2026-03-31T19:44:16","slug":"disc-frana-qwp-wbd268c-land-rover-defender-cabrio-l316-2495-cmc-12-j-diesel-69-qwp-wbd268c","status":"publish","type":"product","link":"https:\/\/autorival.ro\/landrover\/product\/disc-frana-qwp-wbd268c-land-rover-defender-cabrio-l316-2495-cmc-12-j-diesel-69-qwp-wbd268c\/","title":{"rendered":"Disc frana QWP WBD268C LAND ROVER DEFENDER Cabrio (L316) 2,495 cmc (12 J) diesel 69 QWP WBD268C"},"content":{"rendered":"<p>Disc frana QWP WBD268C; An fabricatie de la: 198910; An fabricatie pana la: 199009; Asezare gauri \u00d8 [mm]: 127; Cod motor: 35D,36D; Diametru de centrare [mm]: 101,6; Diametru exterior [mm]: 298,5; Grosime disc fr\u00e2na [mm]: 24; Grosime minima [mm]: 22; \u00cen\u0103l\u021bime butuc discuri de fr\u00e2n\u0103 [mm]: 46; \u00cenaltime [mm]: 70; Janta, numar gauri: 5; Numar motor TECDOC: 19655; Partea de montare: punte fata; Serie \u0219asiu (VIN) \u00eencep\u00e2nd cu: GA; Tip disc fr\u00e2na: ventilat<\/p>\n","protected":false},"excerpt":{"rendered":"<p>Producator: QWP Cod: WBD268C<\/p>\n","protected":false},"featured_media":717321,"comment_status":"open","ping_status":"closed","template":"","meta":[],"product_brand":[402],"product_cat":[20522],"product_tag":[],"class_list":{"0":"post-717320","1":"product","2":"type-product","3":"status-publish","4":"has-post-thumbnail","6":"product_brand-qwp","7":"product_cat-rulment-roata-2495-cmc-12-j-diesel-69-defender-cabrio-l316","9":"first","10":"instock","11":"shipping-taxable","12":"purchasable","13":"product-type-simple"},"yoast_head":"<!-- This site is optimized with the Yoast SEO plugin v27.3 - https:\/\/yoast.com\/product\/yoast-seo-wordpress\/ -->\n<title>Disc frana QWP WBD268C LAND ROVER DEFENDER Cabrio (L316) 2,495 cmc (12 J) diesel 69 QWP WBD268C LAND ROVER | QWP - Autorival<\/title>\n<meta name=\"description\" content=\"\u26a1 Disc frana QWP WBD268C LAND ROVER DEFENDER Cabrio (L316) 2,495 cmc (12 J) diesel 69 QWP WBD268C pentru LAND ROVER. \u2713 Cod: WBD268C \u2713 Brand: QWP \u2713 \u00cen stoc \u2713 Livrare 24h \u2713 Garan\u021bie!\" \/>\n<meta name=\"robots\" content=\"index, follow, max-snippet:-1, max-image-preview:large, max-video-preview:-1\" \/>\n<meta property=\"og:locale\" content=\"en_US\" \/>\n<meta property=\"og:type\" content=\"article\" \/>\n<meta property=\"og:title\" content=\"Disc frana QWP WBD268C LAND ROVER DEFENDER Cabrio (L316) 2,495 cmc (12 J) diesel 69 QWP WBD268C LAND ROVER | QWP - Autorival\" \/>\n<meta property=\"og:description\" content=\"\u26a1 Disc frana QWP WBD268C LAND ROVER DEFENDER Cabrio (L316) 2,495 cmc (12 J) diesel 69 QWP WBD268C pentru LAND ROVER. \u2713 Cod: WBD268C \u2713 Brand: QWP \u2713 \u00cen stoc \u2713 Livrare 24h \u2713 Garan\u021bie!\" \/>\n<meta property=\"og:url\" content=\"https:\/\/autorival.ro\/landrover\/product\/disc-frana-qwp-wbd268c-land-rover-defender-cabrio-l316-2495-cmc-12-j-diesel-69-qwp-wbd268c\/\" \/>\n<meta property=\"og:site_name\" content=\"LAND ROVER\" \/>\n<meta name=\"twitter:card\" content=\"summary_large_image\" \/>\n<meta name=\"twitter:title\" content=\"Disc frana QWP WBD268C LAND ROVER DEFENDER Cabrio (L316) 2,495 cmc (12 J) diesel 69 QWP WBD268C LAND ROVER | QWP - Autorival\" \/>\n<meta name=\"twitter:description\" content=\"\u26a1 Disc frana QWP WBD268C LAND ROVER DEFENDER Cabrio (L316) 2,495 cmc (12 J) diesel 69 QWP WBD268C pentru LAND ROVER. \u2713 Cod: WBD268C \u2713 Brand: QWP \u2713 \u00cen stoc \u2713 Livrare 24h \u2713 Garan\u021bie!\" \/>\n<script type=\"application\/ld+json\" class=\"yoast-schema-graph\">{\"@context\":\"https:\\\/\\\/schema.org\",\"@graph\":[{\"@type\":\"WebPage\",\"@id\":\"https:\\\/\\\/autorival.ro\\\/landrover\\\/product\\\/disc-frana-qwp-wbd268c-land-rover-defender-cabrio-l316-2495-cmc-12-j-diesel-69-qwp-wbd268c\\\/\",\"url\":\"https:\\\/\\\/autorival.ro\\\/landrover\\\/product\\\/disc-frana-qwp-wbd268c-land-rover-defender-cabrio-l316-2495-cmc-12-j-diesel-69-qwp-wbd268c\\\/\",\"name\":\"Disc frana QWP WBD268C LAND ROVER DEFENDER Cabrio (L316) 2,495 cmc (12 J) diesel 69 QWP WBD268C LAND ROVER | QWP - Autorival\",\"isPartOf\":{\"@id\":\"https:\\\/\\\/autorival.ro\\\/landrover\\\/#website\"},\"primaryImageOfPage\":{\"@id\":\"https:\\\/\\\/autorival.ro\\\/landrover\\\/product\\\/disc-frana-qwp-wbd268c-land-rover-defender-cabrio-l316-2495-cmc-12-j-diesel-69-qwp-wbd268c\\\/#primaryimage\"},\"image\":{\"@id\":\"https:\\\/\\\/autorival.ro\\\/landrover\\\/product\\\/disc-frana-qwp-wbd268c-land-rover-defender-cabrio-l316-2495-cmc-12-j-diesel-69-qwp-wbd268c\\\/#primaryimage\"},\"thumbnailUrl\":\"https:\\\/\\\/autorival.ro\\\/landrover\\\/wp-content\\\/uploads\\\/sites\\\/19\\\/2026\\\/03\\\/4791403_4791403-2.jpg\",\"datePublished\":\"2026-03-31T19:44:16+00:00\",\"description\":\"\u26a1 Disc frana QWP WBD268C LAND ROVER DEFENDER Cabrio (L316) 2,495 cmc (12 J) diesel 69 QWP WBD268C pentru LAND ROVER. \u2713 Cod: WBD268C \u2713 Brand: QWP \u2713 \u00cen stoc \u2713 Livrare 24h \u2713 Garan\u021bie!\",\"breadcrumb\":{\"@id\":\"https:\\\/\\\/autorival.ro\\\/landrover\\\/product\\\/disc-frana-qwp-wbd268c-land-rover-defender-cabrio-l316-2495-cmc-12-j-diesel-69-qwp-wbd268c\\\/#breadcrumb\"},\"inLanguage\":\"en-US\",\"potentialAction\":[{\"@type\":\"ReadAction\",\"target\":[\"https:\\\/\\\/autorival.ro\\\/landrover\\\/product\\\/disc-frana-qwp-wbd268c-land-rover-defender-cabrio-l316-2495-cmc-12-j-diesel-69-qwp-wbd268c\\\/\"]}]},{\"@type\":\"ImageObject\",\"inLanguage\":\"en-US\",\"@id\":\"https:\\\/\\\/autorival.ro\\\/landrover\\\/product\\\/disc-frana-qwp-wbd268c-land-rover-defender-cabrio-l316-2495-cmc-12-j-diesel-69-qwp-wbd268c\\\/#primaryimage\",\"url\":\"https:\\\/\\\/autorival.ro\\\/landrover\\\/wp-content\\\/uploads\\\/sites\\\/19\\\/2026\\\/03\\\/4791403_4791403-2.jpg\",\"contentUrl\":\"https:\\\/\\\/autorival.ro\\\/landrover\\\/wp-content\\\/uploads\\\/sites\\\/19\\\/2026\\\/03\\\/4791403_4791403-2.jpg\",\"width\":800,\"height\":533},{\"@type\":\"BreadcrumbList\",\"@id\":\"https:\\\/\\\/autorival.ro\\\/landrover\\\/product\\\/disc-frana-qwp-wbd268c-land-rover-defender-cabrio-l316-2495-cmc-12-j-diesel-69-qwp-wbd268c\\\/#breadcrumb\",\"itemListElement\":[{\"@type\":\"ListItem\",\"position\":1,\"name\":\"Prima pagin\u0103\",\"item\":\"https:\\\/\\\/autorival.ro\\\/landrover\\\/\"},{\"@type\":\"ListItem\",\"position\":2,\"name\":\"Piese auto LAND ROVER\",\"item\":\"https:\\\/\\\/autorival.ro\\\/landrover\\\/\"},{\"@type\":\"ListItem\",\"position\":3,\"name\":\"Disc frana QWP WBD268C LAND ROVER DEFENDER Cabrio (L316) 2,495 cmc (12 J) diesel 69 QWP WBD268C\"}]},{\"@type\":\"WebSite\",\"@id\":\"https:\\\/\\\/autorival.ro\\\/landrover\\\/#website\",\"url\":\"https:\\\/\\\/autorival.ro\\\/landrover\\\/\",\"name\":\"LAND ROVER\",\"description\":\"\",\"potentialAction\":[{\"@type\":\"SearchAction\",\"target\":{\"@type\":\"EntryPoint\",\"urlTemplate\":\"https:\\\/\\\/autorival.ro\\\/landrover\\\/?s={search_term_string}\"},\"query-input\":{\"@type\":\"PropertyValueSpecification\",\"valueRequired\":true,\"valueName\":\"search_term_string\"}}],\"inLanguage\":\"en-US\"}]}<\/script>\n<!-- \/ Yoast SEO plugin. -->","yoast_head_json":{"title":"Disc frana QWP WBD268C LAND ROVER DEFENDER Cabrio (L316) 2,495 cmc (12 J) diesel 69 QWP WBD268C LAND ROVER | QWP - Autorival","description":"\u26a1 Disc frana QWP WBD268C LAND ROVER DEFENDER Cabrio (L316) 2,495 cmc (12 J) diesel 69 QWP WBD268C pentru LAND ROVER. \u2713 Cod: WBD268C \u2713 Brand: QWP \u2713 \u00cen stoc \u2713 Livrare 24h \u2713 Garan\u021bie!","robots":{"index":"index","follow":"follow","max-snippet":"max-snippet:-1","max-image-preview":"max-image-preview:large","max-video-preview":"max-video-preview:-1"},"og_locale":"en_US","og_type":"article","og_title":"Disc frana QWP WBD268C LAND ROVER DEFENDER Cabrio (L316) 2,495 cmc (12 J) diesel 69 QWP WBD268C LAND ROVER | QWP - Autorival","og_description":"\u26a1 Disc frana QWP WBD268C LAND ROVER DEFENDER Cabrio (L316) 2,495 cmc (12 J) diesel 69 QWP WBD268C pentru LAND ROVER. \u2713 Cod: WBD268C \u2713 Brand: QWP \u2713 \u00cen stoc \u2713 Livrare 24h \u2713 Garan\u021bie!","og_url":"https:\/\/autorival.ro\/landrover\/product\/disc-frana-qwp-wbd268c-land-rover-defender-cabrio-l316-2495-cmc-12-j-diesel-69-qwp-wbd268c\/","og_site_name":"LAND ROVER","twitter_card":"summary_large_image","twitter_title":"Disc frana QWP WBD268C LAND ROVER DEFENDER Cabrio (L316) 2,495 cmc (12 J) diesel 69 QWP WBD268C LAND ROVER | QWP - Autorival","twitter_description":"\u26a1 Disc frana QWP WBD268C LAND ROVER DEFENDER Cabrio (L316) 2,495 cmc (12 J) diesel 69 QWP WBD268C pentru LAND ROVER. \u2713 Cod: WBD268C \u2713 Brand: QWP \u2713 \u00cen stoc \u2713 Livrare 24h \u2713 Garan\u021bie!","schema":{"@context":"https:\/\/schema.org","@graph":[{"@type":"WebPage","@id":"https:\/\/autorival.ro\/landrover\/product\/disc-frana-qwp-wbd268c-land-rover-defender-cabrio-l316-2495-cmc-12-j-diesel-69-qwp-wbd268c\/","url":"https:\/\/autorival.ro\/landrover\/product\/disc-frana-qwp-wbd268c-land-rover-defender-cabrio-l316-2495-cmc-12-j-diesel-69-qwp-wbd268c\/","name":"Disc frana QWP WBD268C LAND ROVER DEFENDER Cabrio (L316) 2,495 cmc (12 J) diesel 69 QWP WBD268C LAND ROVER | QWP - Autorival","isPartOf":{"@id":"https:\/\/autorival.ro\/landrover\/#website"},"primaryImageOfPage":{"@id":"https:\/\/autorival.ro\/landrover\/product\/disc-frana-qwp-wbd268c-land-rover-defender-cabrio-l316-2495-cmc-12-j-diesel-69-qwp-wbd268c\/#primaryimage"},"image":{"@id":"https:\/\/autorival.ro\/landrover\/product\/disc-frana-qwp-wbd268c-land-rover-defender-cabrio-l316-2495-cmc-12-j-diesel-69-qwp-wbd268c\/#primaryimage"},"thumbnailUrl":"https:\/\/autorival.ro\/landrover\/wp-content\/uploads\/sites\/19\/2026\/03\/4791403_4791403-2.jpg","datePublished":"2026-03-31T19:44:16+00:00","description":"\u26a1 Disc frana QWP WBD268C LAND ROVER DEFENDER Cabrio (L316) 2,495 cmc (12 J) diesel 69 QWP WBD268C pentru LAND ROVER. \u2713 Cod: WBD268C \u2713 Brand: QWP \u2713 \u00cen stoc \u2713 Livrare 24h \u2713 Garan\u021bie!","breadcrumb":{"@id":"https:\/\/autorival.ro\/landrover\/product\/disc-frana-qwp-wbd268c-land-rover-defender-cabrio-l316-2495-cmc-12-j-diesel-69-qwp-wbd268c\/#breadcrumb"},"inLanguage":"en-US","potentialAction":[{"@type":"ReadAction","target":["https:\/\/autorival.ro\/landrover\/product\/disc-frana-qwp-wbd268c-land-rover-defender-cabrio-l316-2495-cmc-12-j-diesel-69-qwp-wbd268c\/"]}]},{"@type":"ImageObject","inLanguage":"en-US","@id":"https:\/\/autorival.ro\/landrover\/product\/disc-frana-qwp-wbd268c-land-rover-defender-cabrio-l316-2495-cmc-12-j-diesel-69-qwp-wbd268c\/#primaryimage","url":"https:\/\/autorival.ro\/landrover\/wp-content\/uploads\/sites\/19\/2026\/03\/4791403_4791403-2.jpg","contentUrl":"https:\/\/autorival.ro\/landrover\/wp-content\/uploads\/sites\/19\/2026\/03\/4791403_4791403-2.jpg","width":800,"height":533},{"@type":"BreadcrumbList","@id":"https:\/\/autorival.ro\/landrover\/product\/disc-frana-qwp-wbd268c-land-rover-defender-cabrio-l316-2495-cmc-12-j-diesel-69-qwp-wbd268c\/#breadcrumb","itemListElement":[{"@type":"ListItem","position":1,"name":"Prima pagin\u0103","item":"https:\/\/autorival.ro\/landrover\/"},{"@type":"ListItem","position":2,"name":"Piese auto LAND ROVER","item":"https:\/\/autorival.ro\/landrover\/"},{"@type":"ListItem","position":3,"name":"Disc frana QWP WBD268C LAND ROVER DEFENDER Cabrio (L316) 2,495 cmc (12 J) diesel 69 QWP WBD268C"}]},{"@type":"WebSite","@id":"https:\/\/autorival.ro\/landrover\/#website","url":"https:\/\/autorival.ro\/landrover\/","name":"LAND ROVER","description":"","potentialAction":[{"@type":"SearchAction","target":{"@type":"EntryPoint","urlTemplate":"https:\/\/autorival.ro\/landrover\/?s={search_term_string}"},"query-input":{"@type":"PropertyValueSpecification","valueRequired":true,"valueName":"search_term_string"}}],"inLanguage":"en-US"}]}},"_links":{"self":[{"href":"https:\/\/autorival.ro\/landrover\/wp-json\/wp\/v2\/product\/717320","targetHints":{"allow":["GET"]}}],"collection":[{"href":"https:\/\/autorival.ro\/landrover\/wp-json\/wp\/v2\/product"}],"about":[{"href":"https:\/\/autorival.ro\/landrover\/wp-json\/wp\/v2\/types\/product"}],"replies":[{"embeddable":true,"href":"https:\/\/autorival.ro\/landrover\/wp-json\/wp\/v2\/comments?post=717320"}],"wp:featuredmedia":[{"embeddable":true,"href":"https:\/\/autorival.ro\/landrover\/wp-json\/wp\/v2\/media\/717321"}],"wp:attachment":[{"href":"https:\/\/autorival.ro\/landrover\/wp-json\/wp\/v2\/media?parent=717320"}],"wp:term":[{"taxonomy":"product_brand","embeddable":true,"href":"https:\/\/autorival.ro\/landrover\/wp-json\/wp\/v2\/product_brand?post=717320"},{"taxonomy":"product_cat","embeddable":true,"href":"https:\/\/autorival.ro\/landrover\/wp-json\/wp\/v2\/product_cat?post=717320"},{"taxonomy":"product_tag","embeddable":true,"href":"https:\/\/autorival.ro\/landrover\/wp-json\/wp\/v2\/product_tag?post=717320"}],"curies":[{"name":"wp","href":"https:\/\/api.w.org\/{rel}","templated":true}]}}