{"id":715607,"date":"2026-03-31T18:21:26","date_gmt":"2026-03-31T18:21:26","guid":{"rendered":"https:\/\/autorival.ro\/landrover\/product\/disc-frana-lpr-a4151p-land-rover-discovery-i-lj-3947-cmc-36-d-35-d-benzina-182-lpr-a4151p\/"},"modified":"2026-03-31T18:21:26","modified_gmt":"2026-03-31T18:21:26","slug":"disc-frana-lpr-a4151p-land-rover-discovery-i-lj-3947-cmc-36-d-35-d-benzina-182-lpr-a4151p","status":"publish","type":"product","link":"https:\/\/autorival.ro\/landrover\/product\/disc-frana-lpr-a4151p-land-rover-discovery-i-lj-3947-cmc-36-d-35-d-benzina-182-lpr-a4151p\/","title":{"rendered":"Disc frana LPR A4151P LAND ROVER DISCOVERY I (LJ) 3,947 cmc (36 D, 35 D) benzina 182 LPR A4151P"},"content":{"rendered":"<p>Disc frana LPR A4151P; Ampatament [mm]: 2794, 3302; An fabricatie de la: 198707; An fabricatie pana la: 199108; Diametru de centrare [mm]: 102; Diametru exterior [mm]: 298; Dinamica fr\u00e2nare\/conducere: pentru vehicule fara ABS; Grosime disc fr\u00e2na [mm]: 14; Grosime minima [mm]: 13; \u00cenaltime [mm]: 70; Numar gauri: 5; Partea de montare: punte fata; Serie \u0219asiu (VIN) \u00eencep\u00e2nd cu: WA159806; Serie \u0219asiu (VIN)p\u00e2n\u0103 la: FA399972; Sistem de fr\u00e2nare: AP LOCKHEED; Tip disc fr\u00e2na: plin<\/p>\n","protected":false},"excerpt":{"rendered":"<p>Producator: LPR Cod: A4151P<\/p>\n","protected":false},"featured_media":715608,"comment_status":"open","ping_status":"closed","template":"","meta":[],"product_brand":[11296],"product_cat":[20495],"product_tag":[],"class_list":{"0":"post-715607","1":"product","2":"type-product","3":"status-publish","4":"has-post-thumbnail","6":"product_brand-lpr","7":"product_cat-disc-frana-3947-cmc-36-d-35-d-benzina-182-discovery-i-lj","9":"first","10":"instock","11":"shipping-taxable","12":"purchasable","13":"product-type-simple"},"yoast_head":"<!-- This site is optimized with the Yoast SEO plugin v27.3 - https:\/\/yoast.com\/product\/yoast-seo-wordpress\/ -->\n<title>Disc frana LPR A4151P LAND ROVER DISCOVERY I (LJ) 3,947 cmc (36 D, 35 D) benzina 182 LPR A4151P LAND ROVER | LPR - Autorival<\/title>\n<meta name=\"description\" content=\"\u26a1 Disc frana LPR A4151P LAND ROVER DISCOVERY I (LJ) 3,947 cmc (36 D, 35 D) benzina 182 LPR A4151P pentru LAND ROVER. \u2713 Cod: A4151P \u2713 Brand: LPR \u2713 \u00cen stoc \u2713 Livrare 24h \u2713 Garan\u021bie!\" \/>\n<meta name=\"robots\" content=\"index, follow, max-snippet:-1, max-image-preview:large, max-video-preview:-1\" \/>\n<meta property=\"og:locale\" content=\"en_US\" \/>\n<meta property=\"og:type\" content=\"article\" \/>\n<meta property=\"og:title\" content=\"Disc frana LPR A4151P LAND ROVER DISCOVERY I (LJ) 3,947 cmc (36 D, 35 D) benzina 182 LPR A4151P LAND ROVER | LPR - Autorival\" \/>\n<meta property=\"og:description\" content=\"\u26a1 Disc frana LPR A4151P LAND ROVER DISCOVERY I (LJ) 3,947 cmc (36 D, 35 D) benzina 182 LPR A4151P pentru LAND ROVER. \u2713 Cod: A4151P \u2713 Brand: LPR \u2713 \u00cen stoc \u2713 Livrare 24h \u2713 Garan\u021bie!\" \/>\n<meta property=\"og:url\" content=\"https:\/\/autorival.ro\/landrover\/product\/disc-frana-lpr-a4151p-land-rover-discovery-i-lj-3947-cmc-36-d-35-d-benzina-182-lpr-a4151p\/\" \/>\n<meta property=\"og:site_name\" content=\"LAND ROVER\" \/>\n<meta name=\"twitter:card\" content=\"summary_large_image\" \/>\n<meta name=\"twitter:title\" content=\"Disc frana LPR A4151P LAND ROVER DISCOVERY I (LJ) 3,947 cmc (36 D, 35 D) benzina 182 LPR A4151P LAND ROVER | LPR - Autorival\" \/>\n<meta name=\"twitter:description\" content=\"\u26a1 Disc frana LPR A4151P LAND ROVER DISCOVERY I (LJ) 3,947 cmc (36 D, 35 D) benzina 182 LPR A4151P pentru LAND ROVER. \u2713 Cod: A4151P \u2713 Brand: LPR \u2713 \u00cen stoc \u2713 Livrare 24h \u2713 Garan\u021bie!\" \/>\n<script type=\"application\/ld+json\" class=\"yoast-schema-graph\">{\"@context\":\"https:\\\/\\\/schema.org\",\"@graph\":[{\"@type\":\"WebPage\",\"@id\":\"https:\\\/\\\/autorival.ro\\\/landrover\\\/product\\\/disc-frana-lpr-a4151p-land-rover-discovery-i-lj-3947-cmc-36-d-35-d-benzina-182-lpr-a4151p\\\/\",\"url\":\"https:\\\/\\\/autorival.ro\\\/landrover\\\/product\\\/disc-frana-lpr-a4151p-land-rover-discovery-i-lj-3947-cmc-36-d-35-d-benzina-182-lpr-a4151p\\\/\",\"name\":\"Disc frana LPR A4151P LAND ROVER DISCOVERY I (LJ) 3,947 cmc (36 D, 35 D) benzina 182 LPR A4151P LAND ROVER | LPR - Autorival\",\"isPartOf\":{\"@id\":\"https:\\\/\\\/autorival.ro\\\/landrover\\\/#website\"},\"primaryImageOfPage\":{\"@id\":\"https:\\\/\\\/autorival.ro\\\/landrover\\\/product\\\/disc-frana-lpr-a4151p-land-rover-discovery-i-lj-3947-cmc-36-d-35-d-benzina-182-lpr-a4151p\\\/#primaryimage\"},\"image\":{\"@id\":\"https:\\\/\\\/autorival.ro\\\/landrover\\\/product\\\/disc-frana-lpr-a4151p-land-rover-discovery-i-lj-3947-cmc-36-d-35-d-benzina-182-lpr-a4151p\\\/#primaryimage\"},\"thumbnailUrl\":\"https:\\\/\\\/autorival.ro\\\/landrover\\\/wp-content\\\/uploads\\\/sites\\\/19\\\/2026\\\/03\\\/3704584_a4151p-21.jpg\",\"datePublished\":\"2026-03-31T18:21:26+00:00\",\"description\":\"\u26a1 Disc frana LPR A4151P LAND ROVER DISCOVERY I (LJ) 3,947 cmc (36 D, 35 D) benzina 182 LPR A4151P pentru LAND ROVER. \u2713 Cod: A4151P \u2713 Brand: LPR \u2713 \u00cen stoc \u2713 Livrare 24h \u2713 Garan\u021bie!\",\"breadcrumb\":{\"@id\":\"https:\\\/\\\/autorival.ro\\\/landrover\\\/product\\\/disc-frana-lpr-a4151p-land-rover-discovery-i-lj-3947-cmc-36-d-35-d-benzina-182-lpr-a4151p\\\/#breadcrumb\"},\"inLanguage\":\"en-US\",\"potentialAction\":[{\"@type\":\"ReadAction\",\"target\":[\"https:\\\/\\\/autorival.ro\\\/landrover\\\/product\\\/disc-frana-lpr-a4151p-land-rover-discovery-i-lj-3947-cmc-36-d-35-d-benzina-182-lpr-a4151p\\\/\"]}]},{\"@type\":\"ImageObject\",\"inLanguage\":\"en-US\",\"@id\":\"https:\\\/\\\/autorival.ro\\\/landrover\\\/product\\\/disc-frana-lpr-a4151p-land-rover-discovery-i-lj-3947-cmc-36-d-35-d-benzina-182-lpr-a4151p\\\/#primaryimage\",\"url\":\"https:\\\/\\\/autorival.ro\\\/landrover\\\/wp-content\\\/uploads\\\/sites\\\/19\\\/2026\\\/03\\\/3704584_a4151p-21.jpg\",\"contentUrl\":\"https:\\\/\\\/autorival.ro\\\/landrover\\\/wp-content\\\/uploads\\\/sites\\\/19\\\/2026\\\/03\\\/3704584_a4151p-21.jpg\",\"width\":535,\"height\":400},{\"@type\":\"BreadcrumbList\",\"@id\":\"https:\\\/\\\/autorival.ro\\\/landrover\\\/product\\\/disc-frana-lpr-a4151p-land-rover-discovery-i-lj-3947-cmc-36-d-35-d-benzina-182-lpr-a4151p\\\/#breadcrumb\",\"itemListElement\":[{\"@type\":\"ListItem\",\"position\":1,\"name\":\"Prima pagin\u0103\",\"item\":\"https:\\\/\\\/autorival.ro\\\/landrover\\\/\"},{\"@type\":\"ListItem\",\"position\":2,\"name\":\"Piese auto LAND ROVER\",\"item\":\"https:\\\/\\\/autorival.ro\\\/landrover\\\/\"},{\"@type\":\"ListItem\",\"position\":3,\"name\":\"Disc frana LPR A4151P LAND ROVER DISCOVERY I (LJ) 3,947 cmc (36 D, 35 D) benzina 182 LPR A4151P\"}]},{\"@type\":\"WebSite\",\"@id\":\"https:\\\/\\\/autorival.ro\\\/landrover\\\/#website\",\"url\":\"https:\\\/\\\/autorival.ro\\\/landrover\\\/\",\"name\":\"LAND ROVER\",\"description\":\"\",\"potentialAction\":[{\"@type\":\"SearchAction\",\"target\":{\"@type\":\"EntryPoint\",\"urlTemplate\":\"https:\\\/\\\/autorival.ro\\\/landrover\\\/?s={search_term_string}\"},\"query-input\":{\"@type\":\"PropertyValueSpecification\",\"valueRequired\":true,\"valueName\":\"search_term_string\"}}],\"inLanguage\":\"en-US\"}]}<\/script>\n<!-- \/ Yoast SEO plugin. -->","yoast_head_json":{"title":"Disc frana LPR A4151P LAND ROVER DISCOVERY I (LJ) 3,947 cmc (36 D, 35 D) benzina 182 LPR A4151P LAND ROVER | LPR - Autorival","description":"\u26a1 Disc frana LPR A4151P LAND ROVER DISCOVERY I (LJ) 3,947 cmc (36 D, 35 D) benzina 182 LPR A4151P pentru LAND ROVER. \u2713 Cod: A4151P \u2713 Brand: LPR \u2713 \u00cen stoc \u2713 Livrare 24h \u2713 Garan\u021bie!","robots":{"index":"index","follow":"follow","max-snippet":"max-snippet:-1","max-image-preview":"max-image-preview:large","max-video-preview":"max-video-preview:-1"},"og_locale":"en_US","og_type":"article","og_title":"Disc frana LPR A4151P LAND ROVER DISCOVERY I (LJ) 3,947 cmc (36 D, 35 D) benzina 182 LPR A4151P LAND ROVER | LPR - Autorival","og_description":"\u26a1 Disc frana LPR A4151P LAND ROVER DISCOVERY I (LJ) 3,947 cmc (36 D, 35 D) benzina 182 LPR A4151P pentru LAND ROVER. \u2713 Cod: A4151P \u2713 Brand: LPR \u2713 \u00cen stoc \u2713 Livrare 24h \u2713 Garan\u021bie!","og_url":"https:\/\/autorival.ro\/landrover\/product\/disc-frana-lpr-a4151p-land-rover-discovery-i-lj-3947-cmc-36-d-35-d-benzina-182-lpr-a4151p\/","og_site_name":"LAND ROVER","twitter_card":"summary_large_image","twitter_title":"Disc frana LPR A4151P LAND ROVER DISCOVERY I (LJ) 3,947 cmc (36 D, 35 D) benzina 182 LPR A4151P LAND ROVER | LPR - Autorival","twitter_description":"\u26a1 Disc frana LPR A4151P LAND ROVER DISCOVERY I (LJ) 3,947 cmc (36 D, 35 D) benzina 182 LPR A4151P pentru LAND ROVER. \u2713 Cod: A4151P \u2713 Brand: LPR \u2713 \u00cen stoc \u2713 Livrare 24h \u2713 Garan\u021bie!","schema":{"@context":"https:\/\/schema.org","@graph":[{"@type":"WebPage","@id":"https:\/\/autorival.ro\/landrover\/product\/disc-frana-lpr-a4151p-land-rover-discovery-i-lj-3947-cmc-36-d-35-d-benzina-182-lpr-a4151p\/","url":"https:\/\/autorival.ro\/landrover\/product\/disc-frana-lpr-a4151p-land-rover-discovery-i-lj-3947-cmc-36-d-35-d-benzina-182-lpr-a4151p\/","name":"Disc frana LPR A4151P LAND ROVER DISCOVERY I (LJ) 3,947 cmc (36 D, 35 D) benzina 182 LPR A4151P LAND ROVER | LPR - Autorival","isPartOf":{"@id":"https:\/\/autorival.ro\/landrover\/#website"},"primaryImageOfPage":{"@id":"https:\/\/autorival.ro\/landrover\/product\/disc-frana-lpr-a4151p-land-rover-discovery-i-lj-3947-cmc-36-d-35-d-benzina-182-lpr-a4151p\/#primaryimage"},"image":{"@id":"https:\/\/autorival.ro\/landrover\/product\/disc-frana-lpr-a4151p-land-rover-discovery-i-lj-3947-cmc-36-d-35-d-benzina-182-lpr-a4151p\/#primaryimage"},"thumbnailUrl":"https:\/\/autorival.ro\/landrover\/wp-content\/uploads\/sites\/19\/2026\/03\/3704584_a4151p-21.jpg","datePublished":"2026-03-31T18:21:26+00:00","description":"\u26a1 Disc frana LPR A4151P LAND ROVER DISCOVERY I (LJ) 3,947 cmc (36 D, 35 D) benzina 182 LPR A4151P pentru LAND ROVER. \u2713 Cod: A4151P \u2713 Brand: LPR \u2713 \u00cen stoc \u2713 Livrare 24h \u2713 Garan\u021bie!","breadcrumb":{"@id":"https:\/\/autorival.ro\/landrover\/product\/disc-frana-lpr-a4151p-land-rover-discovery-i-lj-3947-cmc-36-d-35-d-benzina-182-lpr-a4151p\/#breadcrumb"},"inLanguage":"en-US","potentialAction":[{"@type":"ReadAction","target":["https:\/\/autorival.ro\/landrover\/product\/disc-frana-lpr-a4151p-land-rover-discovery-i-lj-3947-cmc-36-d-35-d-benzina-182-lpr-a4151p\/"]}]},{"@type":"ImageObject","inLanguage":"en-US","@id":"https:\/\/autorival.ro\/landrover\/product\/disc-frana-lpr-a4151p-land-rover-discovery-i-lj-3947-cmc-36-d-35-d-benzina-182-lpr-a4151p\/#primaryimage","url":"https:\/\/autorival.ro\/landrover\/wp-content\/uploads\/sites\/19\/2026\/03\/3704584_a4151p-21.jpg","contentUrl":"https:\/\/autorival.ro\/landrover\/wp-content\/uploads\/sites\/19\/2026\/03\/3704584_a4151p-21.jpg","width":535,"height":400},{"@type":"BreadcrumbList","@id":"https:\/\/autorival.ro\/landrover\/product\/disc-frana-lpr-a4151p-land-rover-discovery-i-lj-3947-cmc-36-d-35-d-benzina-182-lpr-a4151p\/#breadcrumb","itemListElement":[{"@type":"ListItem","position":1,"name":"Prima pagin\u0103","item":"https:\/\/autorival.ro\/landrover\/"},{"@type":"ListItem","position":2,"name":"Piese auto LAND ROVER","item":"https:\/\/autorival.ro\/landrover\/"},{"@type":"ListItem","position":3,"name":"Disc frana LPR A4151P LAND ROVER DISCOVERY I (LJ) 3,947 cmc (36 D, 35 D) benzina 182 LPR A4151P"}]},{"@type":"WebSite","@id":"https:\/\/autorival.ro\/landrover\/#website","url":"https:\/\/autorival.ro\/landrover\/","name":"LAND ROVER","description":"","potentialAction":[{"@type":"SearchAction","target":{"@type":"EntryPoint","urlTemplate":"https:\/\/autorival.ro\/landrover\/?s={search_term_string}"},"query-input":{"@type":"PropertyValueSpecification","valueRequired":true,"valueName":"search_term_string"}}],"inLanguage":"en-US"}]}},"_links":{"self":[{"href":"https:\/\/autorival.ro\/landrover\/wp-json\/wp\/v2\/product\/715607","targetHints":{"allow":["GET"]}}],"collection":[{"href":"https:\/\/autorival.ro\/landrover\/wp-json\/wp\/v2\/product"}],"about":[{"href":"https:\/\/autorival.ro\/landrover\/wp-json\/wp\/v2\/types\/product"}],"replies":[{"embeddable":true,"href":"https:\/\/autorival.ro\/landrover\/wp-json\/wp\/v2\/comments?post=715607"}],"wp:featuredmedia":[{"embeddable":true,"href":"https:\/\/autorival.ro\/landrover\/wp-json\/wp\/v2\/media\/715608"}],"wp:attachment":[{"href":"https:\/\/autorival.ro\/landrover\/wp-json\/wp\/v2\/media?parent=715607"}],"wp:term":[{"taxonomy":"product_brand","embeddable":true,"href":"https:\/\/autorival.ro\/landrover\/wp-json\/wp\/v2\/product_brand?post=715607"},{"taxonomy":"product_cat","embeddable":true,"href":"https:\/\/autorival.ro\/landrover\/wp-json\/wp\/v2\/product_cat?post=715607"},{"taxonomy":"product_tag","embeddable":true,"href":"https:\/\/autorival.ro\/landrover\/wp-json\/wp\/v2\/product_tag?post=715607"}],"curies":[{"name":"wp","href":"https:\/\/api.w.org\/{rel}","templated":true}]}}