{"id":690903,"date":"2026-03-31T01:08:04","date_gmt":"2026-03-31T01:08:04","guid":{"rendered":"https:\/\/autorival.ro\/landrover\/product\/compresor-climatizare-denso-dcp14002-land-rover-discovery-i-lj-2495-cmc-12-l-21-l-17-l-diesel-113-denso-dcp14002\/"},"modified":"2026-03-31T01:08:04","modified_gmt":"2026-03-31T01:08:04","slug":"compresor-climatizare-denso-dcp14002-land-rover-discovery-i-lj-2495-cmc-12-l-21-l-17-l-diesel-113-denso-dcp14002","status":"publish","type":"product","link":"https:\/\/autorival.ro\/landrover\/product\/compresor-climatizare-denso-dcp14002-land-rover-discovery-i-lj-2495-cmc-12-l-21-l-17-l-diesel-113-denso-dcp14002\/","title":{"rendered":"Compresor climatizare DENSO DCP14002 LAND ROVER DISCOVERY I (LJ) 2,495 cmc (12 L, 21 L, 17 L) diesel 113 DENSO DCP14002"},"content":{"rendered":"<p>Compresor climatizare DENSO DCP14002; Agent frigorific: R 134a; An fabricatie de la: 199601; Articol completare\/Info suplimentar 2: cu ambreiaj magnetic; Calitate: DENSO; Cantitate umplere ulei [ml]: 190; Diametru admisie [mm]: 18,3; Diametru evacuare [mm]: 15,4; Fulie curea \u00d8 [mm]: 110; Greutate brut\u0103 [g]: 7430; ID compresor: 10PA17C; \u00cenaltime [mm]: 128; Lungime [mm]: 216; Masa [g]: 6620; Numar de striatii: 4; Numar motor TECDOC: 20409; Numar nervuri: 4; pt. cod original (OE): BTR4717; Restrictiile producatorului: DENSO, LAND ROVER; Specificatii de asamblare: insurubat; Tensiune [V]: 12; Ulei de compresor: ND-8<\/p>\n","protected":false},"excerpt":{"rendered":"<p>Producator: DENSO Cod: DCP14002<\/p>\n","protected":false},"featured_media":690904,"comment_status":"open","ping_status":"closed","template":"","meta":[],"product_brand":[1802],"product_cat":[15784],"product_tag":[],"class_list":{"0":"post-690903","1":"product","2":"type-product","3":"status-publish","4":"has-post-thumbnail","6":"product_brand-denso","7":"product_cat-compresor-piese-2495-cmc-12-l-21-l-17-l-diesel-113","9":"first","10":"instock","11":"shipping-taxable","12":"purchasable","13":"product-type-simple"},"yoast_head":"<!-- This site is optimized with the Yoast SEO plugin v27.3 - https:\/\/yoast.com\/product\/yoast-seo-wordpress\/ -->\n<title>Compresor climatizare DENSO DCP14002 LAND ROVER DISCOVERY I (LJ) 2,495 cmc (12 L, 21 L, 17 L) diesel 113 DENSO DCP14002 LAND ROVER | DENSO - Autorival<\/title>\n<meta name=\"description\" content=\"\u26a1 Compresor climatizare DENSO DCP14002 LAND ROVER DISCOVERY I (LJ) 2,495 cmc (12 L, 21 L, 17 L) diesel 113 DENSO DCP14002 pentru LAND ROVER. \u2713 Cod: DCP14002 \u2713 Brand: DENSO \u2713 \u00cen stoc \u2713 Livrare 24h \u2713 Garan\u021bie!\" \/>\n<meta name=\"robots\" content=\"index, follow, max-snippet:-1, max-image-preview:large, max-video-preview:-1\" \/>\n<meta property=\"og:locale\" content=\"en_US\" \/>\n<meta property=\"og:type\" content=\"article\" \/>\n<meta property=\"og:title\" content=\"Compresor climatizare DENSO DCP14002 LAND ROVER DISCOVERY I (LJ) 2,495 cmc (12 L, 21 L, 17 L) diesel 113 DENSO DCP14002 LAND ROVER | DENSO - Autorival\" \/>\n<meta property=\"og:description\" content=\"\u26a1 Compresor climatizare DENSO DCP14002 LAND ROVER DISCOVERY I (LJ) 2,495 cmc (12 L, 21 L, 17 L) diesel 113 DENSO DCP14002 pentru LAND ROVER. \u2713 Cod: DCP14002 \u2713 Brand: DENSO \u2713 \u00cen stoc \u2713 Livrare 24h \u2713 Garan\u021bie!\" \/>\n<meta property=\"og:url\" content=\"https:\/\/autorival.ro\/landrover\/product\/compresor-climatizare-denso-dcp14002-land-rover-discovery-i-lj-2495-cmc-12-l-21-l-17-l-diesel-113-denso-dcp14002\/\" \/>\n<meta property=\"og:site_name\" content=\"LAND ROVER\" \/>\n<meta name=\"twitter:card\" content=\"summary_large_image\" \/>\n<meta name=\"twitter:title\" content=\"Compresor climatizare DENSO DCP14002 LAND ROVER DISCOVERY I (LJ) 2,495 cmc (12 L, 21 L, 17 L) diesel 113 DENSO DCP14002 LAND ROVER | DENSO - Autorival\" \/>\n<meta name=\"twitter:description\" content=\"\u26a1 Compresor climatizare DENSO DCP14002 LAND ROVER DISCOVERY I (LJ) 2,495 cmc (12 L, 21 L, 17 L) diesel 113 DENSO DCP14002 pentru LAND ROVER. \u2713 Cod: DCP14002 \u2713 Brand: DENSO \u2713 \u00cen stoc \u2713 Livrare 24h \u2713 Garan\u021bie!\" \/>\n<script type=\"application\/ld+json\" class=\"yoast-schema-graph\">{\"@context\":\"https:\\\/\\\/schema.org\",\"@graph\":[{\"@type\":\"WebPage\",\"@id\":\"https:\\\/\\\/autorival.ro\\\/landrover\\\/product\\\/compresor-climatizare-denso-dcp14002-land-rover-discovery-i-lj-2495-cmc-12-l-21-l-17-l-diesel-113-denso-dcp14002\\\/\",\"url\":\"https:\\\/\\\/autorival.ro\\\/landrover\\\/product\\\/compresor-climatizare-denso-dcp14002-land-rover-discovery-i-lj-2495-cmc-12-l-21-l-17-l-diesel-113-denso-dcp14002\\\/\",\"name\":\"Compresor climatizare DENSO DCP14002 LAND ROVER DISCOVERY I (LJ) 2,495 cmc (12 L, 21 L, 17 L) diesel 113 DENSO DCP14002 LAND ROVER | DENSO - Autorival\",\"isPartOf\":{\"@id\":\"https:\\\/\\\/autorival.ro\\\/landrover\\\/#website\"},\"primaryImageOfPage\":{\"@id\":\"https:\\\/\\\/autorival.ro\\\/landrover\\\/product\\\/compresor-climatizare-denso-dcp14002-land-rover-discovery-i-lj-2495-cmc-12-l-21-l-17-l-diesel-113-denso-dcp14002\\\/#primaryimage\"},\"image\":{\"@id\":\"https:\\\/\\\/autorival.ro\\\/landrover\\\/product\\\/compresor-climatizare-denso-dcp14002-land-rover-discovery-i-lj-2495-cmc-12-l-21-l-17-l-diesel-113-denso-dcp14002\\\/#primaryimage\"},\"thumbnailUrl\":\"https:\\\/\\\/autorival.ro\\\/landrover\\\/wp-content\\\/uploads\\\/sites\\\/19\\\/2026\\\/03\\\/1739012_dcp14002_177553-1.jpg\",\"datePublished\":\"2026-03-31T01:08:04+00:00\",\"description\":\"\u26a1 Compresor climatizare DENSO DCP14002 LAND ROVER DISCOVERY I (LJ) 2,495 cmc (12 L, 21 L, 17 L) diesel 113 DENSO DCP14002 pentru LAND ROVER. \u2713 Cod: DCP14002 \u2713 Brand: DENSO \u2713 \u00cen stoc \u2713 Livrare 24h \u2713 Garan\u021bie!\",\"breadcrumb\":{\"@id\":\"https:\\\/\\\/autorival.ro\\\/landrover\\\/product\\\/compresor-climatizare-denso-dcp14002-land-rover-discovery-i-lj-2495-cmc-12-l-21-l-17-l-diesel-113-denso-dcp14002\\\/#breadcrumb\"},\"inLanguage\":\"en-US\",\"potentialAction\":[{\"@type\":\"ReadAction\",\"target\":[\"https:\\\/\\\/autorival.ro\\\/landrover\\\/product\\\/compresor-climatizare-denso-dcp14002-land-rover-discovery-i-lj-2495-cmc-12-l-21-l-17-l-diesel-113-denso-dcp14002\\\/\"]}]},{\"@type\":\"ImageObject\",\"inLanguage\":\"en-US\",\"@id\":\"https:\\\/\\\/autorival.ro\\\/landrover\\\/product\\\/compresor-climatizare-denso-dcp14002-land-rover-discovery-i-lj-2495-cmc-12-l-21-l-17-l-diesel-113-denso-dcp14002\\\/#primaryimage\",\"url\":\"https:\\\/\\\/autorival.ro\\\/landrover\\\/wp-content\\\/uploads\\\/sites\\\/19\\\/2026\\\/03\\\/1739012_dcp14002_177553-1.jpg\",\"contentUrl\":\"https:\\\/\\\/autorival.ro\\\/landrover\\\/wp-content\\\/uploads\\\/sites\\\/19\\\/2026\\\/03\\\/1739012_dcp14002_177553-1.jpg\",\"width\":1873,\"height\":1405},{\"@type\":\"BreadcrumbList\",\"@id\":\"https:\\\/\\\/autorival.ro\\\/landrover\\\/product\\\/compresor-climatizare-denso-dcp14002-land-rover-discovery-i-lj-2495-cmc-12-l-21-l-17-l-diesel-113-denso-dcp14002\\\/#breadcrumb\",\"itemListElement\":[{\"@type\":\"ListItem\",\"position\":1,\"name\":\"Prima pagin\u0103\",\"item\":\"https:\\\/\\\/autorival.ro\\\/landrover\\\/\"},{\"@type\":\"ListItem\",\"position\":2,\"name\":\"Piese auto LAND ROVER\",\"item\":\"https:\\\/\\\/autorival.ro\\\/landrover\\\/\"},{\"@type\":\"ListItem\",\"position\":3,\"name\":\"Compresor climatizare DENSO DCP14002 LAND ROVER DISCOVERY I (LJ) 2,495 cmc (12 L, 21 L, 17 L) diesel 113 DENSO DCP14002\"}]},{\"@type\":\"WebSite\",\"@id\":\"https:\\\/\\\/autorival.ro\\\/landrover\\\/#website\",\"url\":\"https:\\\/\\\/autorival.ro\\\/landrover\\\/\",\"name\":\"LAND ROVER\",\"description\":\"\",\"potentialAction\":[{\"@type\":\"SearchAction\",\"target\":{\"@type\":\"EntryPoint\",\"urlTemplate\":\"https:\\\/\\\/autorival.ro\\\/landrover\\\/?s={search_term_string}\"},\"query-input\":{\"@type\":\"PropertyValueSpecification\",\"valueRequired\":true,\"valueName\":\"search_term_string\"}}],\"inLanguage\":\"en-US\"}]}<\/script>\n<!-- \/ Yoast SEO plugin. -->","yoast_head_json":{"title":"Compresor climatizare DENSO DCP14002 LAND ROVER DISCOVERY I (LJ) 2,495 cmc (12 L, 21 L, 17 L) diesel 113 DENSO DCP14002 LAND ROVER | DENSO - Autorival","description":"\u26a1 Compresor climatizare DENSO DCP14002 LAND ROVER DISCOVERY I (LJ) 2,495 cmc (12 L, 21 L, 17 L) diesel 113 DENSO DCP14002 pentru LAND ROVER. \u2713 Cod: DCP14002 \u2713 Brand: DENSO \u2713 \u00cen stoc \u2713 Livrare 24h \u2713 Garan\u021bie!","robots":{"index":"index","follow":"follow","max-snippet":"max-snippet:-1","max-image-preview":"max-image-preview:large","max-video-preview":"max-video-preview:-1"},"og_locale":"en_US","og_type":"article","og_title":"Compresor climatizare DENSO DCP14002 LAND ROVER DISCOVERY I (LJ) 2,495 cmc (12 L, 21 L, 17 L) diesel 113 DENSO DCP14002 LAND ROVER | DENSO - Autorival","og_description":"\u26a1 Compresor climatizare DENSO DCP14002 LAND ROVER DISCOVERY I (LJ) 2,495 cmc (12 L, 21 L, 17 L) diesel 113 DENSO DCP14002 pentru LAND ROVER. \u2713 Cod: DCP14002 \u2713 Brand: DENSO \u2713 \u00cen stoc \u2713 Livrare 24h \u2713 Garan\u021bie!","og_url":"https:\/\/autorival.ro\/landrover\/product\/compresor-climatizare-denso-dcp14002-land-rover-discovery-i-lj-2495-cmc-12-l-21-l-17-l-diesel-113-denso-dcp14002\/","og_site_name":"LAND ROVER","twitter_card":"summary_large_image","twitter_title":"Compresor climatizare DENSO DCP14002 LAND ROVER DISCOVERY I (LJ) 2,495 cmc (12 L, 21 L, 17 L) diesel 113 DENSO DCP14002 LAND ROVER | DENSO - Autorival","twitter_description":"\u26a1 Compresor climatizare DENSO DCP14002 LAND ROVER DISCOVERY I (LJ) 2,495 cmc (12 L, 21 L, 17 L) diesel 113 DENSO DCP14002 pentru LAND ROVER. \u2713 Cod: DCP14002 \u2713 Brand: DENSO \u2713 \u00cen stoc \u2713 Livrare 24h \u2713 Garan\u021bie!","schema":{"@context":"https:\/\/schema.org","@graph":[{"@type":"WebPage","@id":"https:\/\/autorival.ro\/landrover\/product\/compresor-climatizare-denso-dcp14002-land-rover-discovery-i-lj-2495-cmc-12-l-21-l-17-l-diesel-113-denso-dcp14002\/","url":"https:\/\/autorival.ro\/landrover\/product\/compresor-climatizare-denso-dcp14002-land-rover-discovery-i-lj-2495-cmc-12-l-21-l-17-l-diesel-113-denso-dcp14002\/","name":"Compresor climatizare DENSO DCP14002 LAND ROVER DISCOVERY I (LJ) 2,495 cmc (12 L, 21 L, 17 L) diesel 113 DENSO DCP14002 LAND ROVER | DENSO - Autorival","isPartOf":{"@id":"https:\/\/autorival.ro\/landrover\/#website"},"primaryImageOfPage":{"@id":"https:\/\/autorival.ro\/landrover\/product\/compresor-climatizare-denso-dcp14002-land-rover-discovery-i-lj-2495-cmc-12-l-21-l-17-l-diesel-113-denso-dcp14002\/#primaryimage"},"image":{"@id":"https:\/\/autorival.ro\/landrover\/product\/compresor-climatizare-denso-dcp14002-land-rover-discovery-i-lj-2495-cmc-12-l-21-l-17-l-diesel-113-denso-dcp14002\/#primaryimage"},"thumbnailUrl":"https:\/\/autorival.ro\/landrover\/wp-content\/uploads\/sites\/19\/2026\/03\/1739012_dcp14002_177553-1.jpg","datePublished":"2026-03-31T01:08:04+00:00","description":"\u26a1 Compresor climatizare DENSO DCP14002 LAND ROVER DISCOVERY I (LJ) 2,495 cmc (12 L, 21 L, 17 L) diesel 113 DENSO DCP14002 pentru LAND ROVER. \u2713 Cod: DCP14002 \u2713 Brand: DENSO \u2713 \u00cen stoc \u2713 Livrare 24h \u2713 Garan\u021bie!","breadcrumb":{"@id":"https:\/\/autorival.ro\/landrover\/product\/compresor-climatizare-denso-dcp14002-land-rover-discovery-i-lj-2495-cmc-12-l-21-l-17-l-diesel-113-denso-dcp14002\/#breadcrumb"},"inLanguage":"en-US","potentialAction":[{"@type":"ReadAction","target":["https:\/\/autorival.ro\/landrover\/product\/compresor-climatizare-denso-dcp14002-land-rover-discovery-i-lj-2495-cmc-12-l-21-l-17-l-diesel-113-denso-dcp14002\/"]}]},{"@type":"ImageObject","inLanguage":"en-US","@id":"https:\/\/autorival.ro\/landrover\/product\/compresor-climatizare-denso-dcp14002-land-rover-discovery-i-lj-2495-cmc-12-l-21-l-17-l-diesel-113-denso-dcp14002\/#primaryimage","url":"https:\/\/autorival.ro\/landrover\/wp-content\/uploads\/sites\/19\/2026\/03\/1739012_dcp14002_177553-1.jpg","contentUrl":"https:\/\/autorival.ro\/landrover\/wp-content\/uploads\/sites\/19\/2026\/03\/1739012_dcp14002_177553-1.jpg","width":1873,"height":1405},{"@type":"BreadcrumbList","@id":"https:\/\/autorival.ro\/landrover\/product\/compresor-climatizare-denso-dcp14002-land-rover-discovery-i-lj-2495-cmc-12-l-21-l-17-l-diesel-113-denso-dcp14002\/#breadcrumb","itemListElement":[{"@type":"ListItem","position":1,"name":"Prima pagin\u0103","item":"https:\/\/autorival.ro\/landrover\/"},{"@type":"ListItem","position":2,"name":"Piese auto LAND ROVER","item":"https:\/\/autorival.ro\/landrover\/"},{"@type":"ListItem","position":3,"name":"Compresor climatizare DENSO DCP14002 LAND ROVER DISCOVERY I (LJ) 2,495 cmc (12 L, 21 L, 17 L) diesel 113 DENSO DCP14002"}]},{"@type":"WebSite","@id":"https:\/\/autorival.ro\/landrover\/#website","url":"https:\/\/autorival.ro\/landrover\/","name":"LAND ROVER","description":"","potentialAction":[{"@type":"SearchAction","target":{"@type":"EntryPoint","urlTemplate":"https:\/\/autorival.ro\/landrover\/?s={search_term_string}"},"query-input":{"@type":"PropertyValueSpecification","valueRequired":true,"valueName":"search_term_string"}}],"inLanguage":"en-US"}]}},"_links":{"self":[{"href":"https:\/\/autorival.ro\/landrover\/wp-json\/wp\/v2\/product\/690903","targetHints":{"allow":["GET"]}}],"collection":[{"href":"https:\/\/autorival.ro\/landrover\/wp-json\/wp\/v2\/product"}],"about":[{"href":"https:\/\/autorival.ro\/landrover\/wp-json\/wp\/v2\/types\/product"}],"replies":[{"embeddable":true,"href":"https:\/\/autorival.ro\/landrover\/wp-json\/wp\/v2\/comments?post=690903"}],"wp:featuredmedia":[{"embeddable":true,"href":"https:\/\/autorival.ro\/landrover\/wp-json\/wp\/v2\/media\/690904"}],"wp:attachment":[{"href":"https:\/\/autorival.ro\/landrover\/wp-json\/wp\/v2\/media?parent=690903"}],"wp:term":[{"taxonomy":"product_brand","embeddable":true,"href":"https:\/\/autorival.ro\/landrover\/wp-json\/wp\/v2\/product_brand?post=690903"},{"taxonomy":"product_cat","embeddable":true,"href":"https:\/\/autorival.ro\/landrover\/wp-json\/wp\/v2\/product_cat?post=690903"},{"taxonomy":"product_tag","embeddable":true,"href":"https:\/\/autorival.ro\/landrover\/wp-json\/wp\/v2\/product_tag?post=690903"}],"curies":[{"name":"wp","href":"https:\/\/api.w.org\/{rel}","templated":true}]}}