{"id":512949,"date":"2026-03-26T18:54:40","date_gmt":"2026-03-26T18:54:40","guid":{"rendered":"https:\/\/autorival.ro\/landrover\/product\/bec-semnalizator-valeo-032132-land-rover-range-rover-i-2393-cmc-11-a-diesel-106-valeo-032132-2\/"},"modified":"2026-03-26T18:54:40","modified_gmt":"2026-03-26T18:54:40","slug":"bec-semnalizator-valeo-032132-land-rover-range-rover-i-2393-cmc-11-a-diesel-106-valeo-032132-2","status":"publish","type":"product","link":"https:\/\/autorival.ro\/landrover\/product\/bec-semnalizator-valeo-032132-land-rover-range-rover-i-2393-cmc-11-a-diesel-106-valeo-032132-2\/","title":{"rendered":"Bec semnalizator VALEO 032132 LAND ROVER RANGE ROVER I 2,393 cmc (11 A) diesel 106 VALEO 032132"},"content":{"rendered":"<p>Bec semnalizator VALEO 032132; An fabricatie de la: 198909; An fabricatie pana la: 199112; Calitate: 2; Putere nominal\u0103 [W]: 5; Serie \u0219asiu (VIN)p\u00e2n\u0103 la: CA274120; Tensiune [V]: 12; Tip ambalaj: ambalaj blister; TIp lampa: T4W; Variant\u0103 de execu\u021bie soclu lamp\u0103 incandescent\u0103: W2.1&#215;9.5d<\/p>\n","protected":false},"excerpt":{"rendered":"<p>Producator: VALEO Cod: 032132<\/p>\n","protected":false},"featured_media":512950,"comment_status":"open","ping_status":"closed","template":"","meta":[],"product_brand":[1713],"product_cat":[13653],"product_tag":[],"class_list":{"0":"post-512949","1":"product","2":"type-product","3":"status-publish","4":"has-post-thumbnail","6":"product_brand-valeo","7":"product_cat-bec-semnalizare-2393-cmc-11-a-diesel-106","9":"first","10":"instock","11":"shipping-taxable","12":"purchasable","13":"product-type-simple"},"yoast_head":"<!-- This site is optimized with the Yoast SEO plugin v27.3 - https:\/\/yoast.com\/product\/yoast-seo-wordpress\/ -->\n<title>Bec semnalizator VALEO 032132 LAND ROVER RANGE ROVER I 2,393 cmc (11 A) diesel 106 VALEO 032132 LAND ROVER | VALEO - Autorival<\/title>\n<meta name=\"description\" content=\"\u26a1 Bec semnalizator VALEO 032132 LAND ROVER RANGE ROVER I 2,393 cmc (11 A) diesel 106 VALEO 032132 pentru LAND ROVER. \u2713 Cod: 032132 \u2713 Brand: VALEO \u2713 \u00cen stoc \u2713 Livrare 24h \u2713 Garan\u021bie!\" \/>\n<meta name=\"robots\" content=\"index, follow, max-snippet:-1, max-image-preview:large, max-video-preview:-1\" \/>\n<meta property=\"og:locale\" content=\"en_US\" \/>\n<meta property=\"og:type\" content=\"article\" \/>\n<meta property=\"og:title\" content=\"Bec semnalizator VALEO 032132 LAND ROVER RANGE ROVER I 2,393 cmc (11 A) diesel 106 VALEO 032132 LAND ROVER | VALEO - Autorival\" \/>\n<meta property=\"og:description\" content=\"\u26a1 Bec semnalizator VALEO 032132 LAND ROVER RANGE ROVER I 2,393 cmc (11 A) diesel 106 VALEO 032132 pentru LAND ROVER. \u2713 Cod: 032132 \u2713 Brand: VALEO \u2713 \u00cen stoc \u2713 Livrare 24h \u2713 Garan\u021bie!\" \/>\n<meta property=\"og:url\" content=\"https:\/\/autorival.ro\/landrover\/product\/bec-semnalizator-valeo-032132-land-rover-range-rover-i-2393-cmc-11-a-diesel-106-valeo-032132-2\/\" \/>\n<meta property=\"og:site_name\" content=\"LAND ROVER\" \/>\n<meta property=\"og:image\" content=\"https:\/\/autorival.ro\/landrover\/wp-content\/uploads\/sites\/19\/2026\/03\/1420525_t4w_blue-53.jpg\" \/>\n\t<meta property=\"og:image:width\" content=\"274\" \/>\n\t<meta property=\"og:image:height\" content=\"400\" \/>\n\t<meta property=\"og:image:type\" content=\"image\/jpeg\" \/>\n<meta name=\"twitter:card\" content=\"summary_large_image\" \/>\n<meta name=\"twitter:title\" content=\"Bec semnalizator VALEO 032132 LAND ROVER RANGE ROVER I 2,393 cmc (11 A) diesel 106 VALEO 032132 LAND ROVER | VALEO - Autorival\" \/>\n<meta name=\"twitter:description\" content=\"\u26a1 Bec semnalizator VALEO 032132 LAND ROVER RANGE ROVER I 2,393 cmc (11 A) diesel 106 VALEO 032132 pentru LAND ROVER. \u2713 Cod: 032132 \u2713 Brand: VALEO \u2713 \u00cen stoc \u2713 Livrare 24h \u2713 Garan\u021bie!\" \/>\n<script type=\"application\/ld+json\" class=\"yoast-schema-graph\">{\"@context\":\"https:\\\/\\\/schema.org\",\"@graph\":[{\"@type\":\"WebPage\",\"@id\":\"https:\\\/\\\/autorival.ro\\\/landrover\\\/product\\\/bec-semnalizator-valeo-032132-land-rover-range-rover-i-2393-cmc-11-a-diesel-106-valeo-032132-2\\\/\",\"url\":\"https:\\\/\\\/autorival.ro\\\/landrover\\\/product\\\/bec-semnalizator-valeo-032132-land-rover-range-rover-i-2393-cmc-11-a-diesel-106-valeo-032132-2\\\/\",\"name\":\"Bec semnalizator VALEO 032132 LAND ROVER RANGE ROVER I 2,393 cmc (11 A) diesel 106 VALEO 032132 LAND ROVER | VALEO - Autorival\",\"isPartOf\":{\"@id\":\"https:\\\/\\\/autorival.ro\\\/landrover\\\/#website\"},\"primaryImageOfPage\":{\"@id\":\"https:\\\/\\\/autorival.ro\\\/landrover\\\/product\\\/bec-semnalizator-valeo-032132-land-rover-range-rover-i-2393-cmc-11-a-diesel-106-valeo-032132-2\\\/#primaryimage\"},\"image\":{\"@id\":\"https:\\\/\\\/autorival.ro\\\/landrover\\\/product\\\/bec-semnalizator-valeo-032132-land-rover-range-rover-i-2393-cmc-11-a-diesel-106-valeo-032132-2\\\/#primaryimage\"},\"thumbnailUrl\":\"https:\\\/\\\/autorival.ro\\\/landrover\\\/wp-content\\\/uploads\\\/sites\\\/19\\\/2026\\\/03\\\/1420525_t4w_blue-53.jpg\",\"datePublished\":\"2026-03-26T18:54:40+00:00\",\"description\":\"\u26a1 Bec semnalizator VALEO 032132 LAND ROVER RANGE ROVER I 2,393 cmc (11 A) diesel 106 VALEO 032132 pentru LAND ROVER. \u2713 Cod: 032132 \u2713 Brand: VALEO \u2713 \u00cen stoc \u2713 Livrare 24h \u2713 Garan\u021bie!\",\"breadcrumb\":{\"@id\":\"https:\\\/\\\/autorival.ro\\\/landrover\\\/product\\\/bec-semnalizator-valeo-032132-land-rover-range-rover-i-2393-cmc-11-a-diesel-106-valeo-032132-2\\\/#breadcrumb\"},\"inLanguage\":\"en-US\",\"potentialAction\":[{\"@type\":\"ReadAction\",\"target\":[\"https:\\\/\\\/autorival.ro\\\/landrover\\\/product\\\/bec-semnalizator-valeo-032132-land-rover-range-rover-i-2393-cmc-11-a-diesel-106-valeo-032132-2\\\/\"]}]},{\"@type\":\"ImageObject\",\"inLanguage\":\"en-US\",\"@id\":\"https:\\\/\\\/autorival.ro\\\/landrover\\\/product\\\/bec-semnalizator-valeo-032132-land-rover-range-rover-i-2393-cmc-11-a-diesel-106-valeo-032132-2\\\/#primaryimage\",\"url\":\"https:\\\/\\\/autorival.ro\\\/landrover\\\/wp-content\\\/uploads\\\/sites\\\/19\\\/2026\\\/03\\\/1420525_t4w_blue-53.jpg\",\"contentUrl\":\"https:\\\/\\\/autorival.ro\\\/landrover\\\/wp-content\\\/uploads\\\/sites\\\/19\\\/2026\\\/03\\\/1420525_t4w_blue-53.jpg\",\"width\":274,\"height\":400},{\"@type\":\"BreadcrumbList\",\"@id\":\"https:\\\/\\\/autorival.ro\\\/landrover\\\/product\\\/bec-semnalizator-valeo-032132-land-rover-range-rover-i-2393-cmc-11-a-diesel-106-valeo-032132-2\\\/#breadcrumb\",\"itemListElement\":[{\"@type\":\"ListItem\",\"position\":1,\"name\":\"Prima pagin\u0103\",\"item\":\"https:\\\/\\\/autorival.ro\\\/landrover\\\/\"},{\"@type\":\"ListItem\",\"position\":2,\"name\":\"Piese auto LAND ROVER\",\"item\":\"https:\\\/\\\/autorival.ro\\\/landrover\\\/\"},{\"@type\":\"ListItem\",\"position\":3,\"name\":\"Bec semnalizator VALEO 032132 LAND ROVER RANGE ROVER I 2,393 cmc (11 A) diesel 106 VALEO 032132\"}]},{\"@type\":\"WebSite\",\"@id\":\"https:\\\/\\\/autorival.ro\\\/landrover\\\/#website\",\"url\":\"https:\\\/\\\/autorival.ro\\\/landrover\\\/\",\"name\":\"LAND ROVER\",\"description\":\"\",\"potentialAction\":[{\"@type\":\"SearchAction\",\"target\":{\"@type\":\"EntryPoint\",\"urlTemplate\":\"https:\\\/\\\/autorival.ro\\\/landrover\\\/?s={search_term_string}\"},\"query-input\":{\"@type\":\"PropertyValueSpecification\",\"valueRequired\":true,\"valueName\":\"search_term_string\"}}],\"inLanguage\":\"en-US\"}]}<\/script>\n<!-- \/ Yoast SEO plugin. -->","yoast_head_json":{"title":"Bec semnalizator VALEO 032132 LAND ROVER RANGE ROVER I 2,393 cmc (11 A) diesel 106 VALEO 032132 LAND ROVER | VALEO - Autorival","description":"\u26a1 Bec semnalizator VALEO 032132 LAND ROVER RANGE ROVER I 2,393 cmc (11 A) diesel 106 VALEO 032132 pentru LAND ROVER. \u2713 Cod: 032132 \u2713 Brand: VALEO \u2713 \u00cen stoc \u2713 Livrare 24h \u2713 Garan\u021bie!","robots":{"index":"index","follow":"follow","max-snippet":"max-snippet:-1","max-image-preview":"max-image-preview:large","max-video-preview":"max-video-preview:-1"},"og_locale":"en_US","og_type":"article","og_title":"Bec semnalizator VALEO 032132 LAND ROVER RANGE ROVER I 2,393 cmc (11 A) diesel 106 VALEO 032132 LAND ROVER | VALEO - Autorival","og_description":"\u26a1 Bec semnalizator VALEO 032132 LAND ROVER RANGE ROVER I 2,393 cmc (11 A) diesel 106 VALEO 032132 pentru LAND ROVER. \u2713 Cod: 032132 \u2713 Brand: VALEO \u2713 \u00cen stoc \u2713 Livrare 24h \u2713 Garan\u021bie!","og_url":"https:\/\/autorival.ro\/landrover\/product\/bec-semnalizator-valeo-032132-land-rover-range-rover-i-2393-cmc-11-a-diesel-106-valeo-032132-2\/","og_site_name":"LAND ROVER","og_image":[{"width":274,"height":400,"url":"https:\/\/autorival.ro\/landrover\/wp-content\/uploads\/sites\/19\/2026\/03\/1420525_t4w_blue-53.jpg","type":"image\/jpeg"}],"twitter_card":"summary_large_image","twitter_title":"Bec semnalizator VALEO 032132 LAND ROVER RANGE ROVER I 2,393 cmc (11 A) diesel 106 VALEO 032132 LAND ROVER | VALEO - Autorival","twitter_description":"\u26a1 Bec semnalizator VALEO 032132 LAND ROVER RANGE ROVER I 2,393 cmc (11 A) diesel 106 VALEO 032132 pentru LAND ROVER. \u2713 Cod: 032132 \u2713 Brand: VALEO \u2713 \u00cen stoc \u2713 Livrare 24h \u2713 Garan\u021bie!","schema":{"@context":"https:\/\/schema.org","@graph":[{"@type":"WebPage","@id":"https:\/\/autorival.ro\/landrover\/product\/bec-semnalizator-valeo-032132-land-rover-range-rover-i-2393-cmc-11-a-diesel-106-valeo-032132-2\/","url":"https:\/\/autorival.ro\/landrover\/product\/bec-semnalizator-valeo-032132-land-rover-range-rover-i-2393-cmc-11-a-diesel-106-valeo-032132-2\/","name":"Bec semnalizator VALEO 032132 LAND ROVER RANGE ROVER I 2,393 cmc (11 A) diesel 106 VALEO 032132 LAND ROVER | VALEO - Autorival","isPartOf":{"@id":"https:\/\/autorival.ro\/landrover\/#website"},"primaryImageOfPage":{"@id":"https:\/\/autorival.ro\/landrover\/product\/bec-semnalizator-valeo-032132-land-rover-range-rover-i-2393-cmc-11-a-diesel-106-valeo-032132-2\/#primaryimage"},"image":{"@id":"https:\/\/autorival.ro\/landrover\/product\/bec-semnalizator-valeo-032132-land-rover-range-rover-i-2393-cmc-11-a-diesel-106-valeo-032132-2\/#primaryimage"},"thumbnailUrl":"https:\/\/autorival.ro\/landrover\/wp-content\/uploads\/sites\/19\/2026\/03\/1420525_t4w_blue-53.jpg","datePublished":"2026-03-26T18:54:40+00:00","description":"\u26a1 Bec semnalizator VALEO 032132 LAND ROVER RANGE ROVER I 2,393 cmc (11 A) diesel 106 VALEO 032132 pentru LAND ROVER. \u2713 Cod: 032132 \u2713 Brand: VALEO \u2713 \u00cen stoc \u2713 Livrare 24h \u2713 Garan\u021bie!","breadcrumb":{"@id":"https:\/\/autorival.ro\/landrover\/product\/bec-semnalizator-valeo-032132-land-rover-range-rover-i-2393-cmc-11-a-diesel-106-valeo-032132-2\/#breadcrumb"},"inLanguage":"en-US","potentialAction":[{"@type":"ReadAction","target":["https:\/\/autorival.ro\/landrover\/product\/bec-semnalizator-valeo-032132-land-rover-range-rover-i-2393-cmc-11-a-diesel-106-valeo-032132-2\/"]}]},{"@type":"ImageObject","inLanguage":"en-US","@id":"https:\/\/autorival.ro\/landrover\/product\/bec-semnalizator-valeo-032132-land-rover-range-rover-i-2393-cmc-11-a-diesel-106-valeo-032132-2\/#primaryimage","url":"https:\/\/autorival.ro\/landrover\/wp-content\/uploads\/sites\/19\/2026\/03\/1420525_t4w_blue-53.jpg","contentUrl":"https:\/\/autorival.ro\/landrover\/wp-content\/uploads\/sites\/19\/2026\/03\/1420525_t4w_blue-53.jpg","width":274,"height":400},{"@type":"BreadcrumbList","@id":"https:\/\/autorival.ro\/landrover\/product\/bec-semnalizator-valeo-032132-land-rover-range-rover-i-2393-cmc-11-a-diesel-106-valeo-032132-2\/#breadcrumb","itemListElement":[{"@type":"ListItem","position":1,"name":"Prima pagin\u0103","item":"https:\/\/autorival.ro\/landrover\/"},{"@type":"ListItem","position":2,"name":"Piese auto LAND ROVER","item":"https:\/\/autorival.ro\/landrover\/"},{"@type":"ListItem","position":3,"name":"Bec semnalizator VALEO 032132 LAND ROVER RANGE ROVER I 2,393 cmc (11 A) diesel 106 VALEO 032132"}]},{"@type":"WebSite","@id":"https:\/\/autorival.ro\/landrover\/#website","url":"https:\/\/autorival.ro\/landrover\/","name":"LAND ROVER","description":"","potentialAction":[{"@type":"SearchAction","target":{"@type":"EntryPoint","urlTemplate":"https:\/\/autorival.ro\/landrover\/?s={search_term_string}"},"query-input":{"@type":"PropertyValueSpecification","valueRequired":true,"valueName":"search_term_string"}}],"inLanguage":"en-US"}]}},"_links":{"self":[{"href":"https:\/\/autorival.ro\/landrover\/wp-json\/wp\/v2\/product\/512949","targetHints":{"allow":["GET"]}}],"collection":[{"href":"https:\/\/autorival.ro\/landrover\/wp-json\/wp\/v2\/product"}],"about":[{"href":"https:\/\/autorival.ro\/landrover\/wp-json\/wp\/v2\/types\/product"}],"replies":[{"embeddable":true,"href":"https:\/\/autorival.ro\/landrover\/wp-json\/wp\/v2\/comments?post=512949"}],"wp:featuredmedia":[{"embeddable":true,"href":"https:\/\/autorival.ro\/landrover\/wp-json\/wp\/v2\/media\/512950"}],"wp:attachment":[{"href":"https:\/\/autorival.ro\/landrover\/wp-json\/wp\/v2\/media?parent=512949"}],"wp:term":[{"taxonomy":"product_brand","embeddable":true,"href":"https:\/\/autorival.ro\/landrover\/wp-json\/wp\/v2\/product_brand?post=512949"},{"taxonomy":"product_cat","embeddable":true,"href":"https:\/\/autorival.ro\/landrover\/wp-json\/wp\/v2\/product_cat?post=512949"},{"taxonomy":"product_tag","embeddable":true,"href":"https:\/\/autorival.ro\/landrover\/wp-json\/wp\/v2\/product_tag?post=512949"}],"curies":[{"name":"wp","href":"https:\/\/api.w.org\/{rel}","templated":true}]}}