{"id":511047,"date":"2026-03-26T18:03:02","date_gmt":"2026-03-26T18:03:02","guid":{"rendered":"https:\/\/autorival.ro\/landrover\/product\/bec-semnalizator-osram-5007-2bl-land-rover-range-rover-i-2393-cmc-11-a-diesel-106-osram-5007-2bl-2\/"},"modified":"2026-03-26T18:03:02","modified_gmt":"2026-03-26T18:03:02","slug":"bec-semnalizator-osram-5007-2bl-land-rover-range-rover-i-2393-cmc-11-a-diesel-106-osram-5007-2bl-2","status":"publish","type":"product","link":"https:\/\/autorival.ro\/landrover\/product\/bec-semnalizator-osram-5007-2bl-land-rover-range-rover-i-2393-cmc-11-a-diesel-106-osram-5007-2bl-2\/","title":{"rendered":"Bec semnalizator OSRAM 5007-2BL LAND ROVER RANGE ROVER I 2,393 cmc (11 A) diesel 106 OSRAM 5007-2BL"},"content":{"rendered":"<p>Bec semnalizator OSRAM 5007-2BL; Calitate: 2; Linia\/varianta de dotare a vehiculului: Vogue; Partea de montare: instalare lateral\u0103; Putere nominal\u0103 [W]: 5; Serie \u0219asiu (VIN) \u00eencep\u00e2nd cu: DA273923; Serie \u0219asiu (VIN)p\u00e2n\u0103 la: KA635915; Tensiune [V]: 12; Tip ambalaj: ambalaj blister; TIp lampa: R5W; Variant\u0103 de execu\u021bie soclu lamp\u0103 incandescent\u0103: BA15s<\/p>\n","protected":false},"excerpt":{"rendered":"<p>Producator: OSRAM Cod: 5007-2BL<\/p>\n","protected":false},"featured_media":511048,"comment_status":"open","ping_status":"closed","template":"","meta":[],"product_brand":[11846],"product_cat":[13653],"product_tag":[],"class_list":{"0":"post-511047","1":"product","2":"type-product","3":"status-publish","4":"has-post-thumbnail","6":"product_brand-osram","7":"product_cat-bec-semnalizare-2393-cmc-11-a-diesel-106","9":"first","10":"instock","11":"shipping-taxable","12":"purchasable","13":"product-type-simple"},"yoast_head":"<!-- This site is optimized with the Yoast SEO plugin v27.3 - https:\/\/yoast.com\/product\/yoast-seo-wordpress\/ -->\n<title>Bec semnalizator OSRAM 5007-2BL LAND ROVER RANGE ROVER I 2,393 cmc (11 A) diesel 106 OSRAM 5007-2BL LAND ROVER | OSRAM - Autorival<\/title>\n<meta name=\"description\" content=\"\u26a1 Bec semnalizator OSRAM 5007-2BL LAND ROVER RANGE ROVER I 2,393 cmc (11 A) diesel 106 OSRAM 5007-2BL pentru LAND ROVER. \u2713 Cod: 5007-2BL \u2713 Brand: OSRAM \u2713 \u00cen stoc \u2713 Livrare 24h \u2713 Garan\u021bie!\" \/>\n<meta name=\"robots\" content=\"index, follow, max-snippet:-1, max-image-preview:large, max-video-preview:-1\" \/>\n<meta property=\"og:locale\" content=\"en_US\" \/>\n<meta property=\"og:type\" content=\"article\" \/>\n<meta property=\"og:title\" content=\"Bec semnalizator OSRAM 5007-2BL LAND ROVER RANGE ROVER I 2,393 cmc (11 A) diesel 106 OSRAM 5007-2BL LAND ROVER | OSRAM - Autorival\" \/>\n<meta property=\"og:description\" content=\"\u26a1 Bec semnalizator OSRAM 5007-2BL LAND ROVER RANGE ROVER I 2,393 cmc (11 A) diesel 106 OSRAM 5007-2BL pentru LAND ROVER. \u2713 Cod: 5007-2BL \u2713 Brand: OSRAM \u2713 \u00cen stoc \u2713 Livrare 24h \u2713 Garan\u021bie!\" \/>\n<meta property=\"og:url\" content=\"https:\/\/autorival.ro\/landrover\/product\/bec-semnalizator-osram-5007-2bl-land-rover-range-rover-i-2393-cmc-11-a-diesel-106-osram-5007-2bl-2\/\" \/>\n<meta property=\"og:site_name\" content=\"LAND ROVER\" \/>\n<meta property=\"og:image\" content=\"https:\/\/autorival.ro\/landrover\/wp-content\/uploads\/sites\/19\/2026\/03\/3411953_64327_s_g10592014-81.jpg\" \/>\n\t<meta property=\"og:image:width\" content=\"259\" \/>\n\t<meta property=\"og:image:height\" content=\"399\" \/>\n\t<meta property=\"og:image:type\" content=\"image\/jpeg\" \/>\n<meta name=\"twitter:card\" content=\"summary_large_image\" \/>\n<meta name=\"twitter:title\" content=\"Bec semnalizator OSRAM 5007-2BL LAND ROVER RANGE ROVER I 2,393 cmc (11 A) diesel 106 OSRAM 5007-2BL LAND ROVER | OSRAM - Autorival\" \/>\n<meta name=\"twitter:description\" content=\"\u26a1 Bec semnalizator OSRAM 5007-2BL LAND ROVER RANGE ROVER I 2,393 cmc (11 A) diesel 106 OSRAM 5007-2BL pentru LAND ROVER. \u2713 Cod: 5007-2BL \u2713 Brand: OSRAM \u2713 \u00cen stoc \u2713 Livrare 24h \u2713 Garan\u021bie!\" \/>\n<script type=\"application\/ld+json\" class=\"yoast-schema-graph\">{\"@context\":\"https:\\\/\\\/schema.org\",\"@graph\":[{\"@type\":\"WebPage\",\"@id\":\"https:\\\/\\\/autorival.ro\\\/landrover\\\/product\\\/bec-semnalizator-osram-5007-2bl-land-rover-range-rover-i-2393-cmc-11-a-diesel-106-osram-5007-2bl-2\\\/\",\"url\":\"https:\\\/\\\/autorival.ro\\\/landrover\\\/product\\\/bec-semnalizator-osram-5007-2bl-land-rover-range-rover-i-2393-cmc-11-a-diesel-106-osram-5007-2bl-2\\\/\",\"name\":\"Bec semnalizator OSRAM 5007-2BL LAND ROVER RANGE ROVER I 2,393 cmc (11 A) diesel 106 OSRAM 5007-2BL LAND ROVER | OSRAM - Autorival\",\"isPartOf\":{\"@id\":\"https:\\\/\\\/autorival.ro\\\/landrover\\\/#website\"},\"primaryImageOfPage\":{\"@id\":\"https:\\\/\\\/autorival.ro\\\/landrover\\\/product\\\/bec-semnalizator-osram-5007-2bl-land-rover-range-rover-i-2393-cmc-11-a-diesel-106-osram-5007-2bl-2\\\/#primaryimage\"},\"image\":{\"@id\":\"https:\\\/\\\/autorival.ro\\\/landrover\\\/product\\\/bec-semnalizator-osram-5007-2bl-land-rover-range-rover-i-2393-cmc-11-a-diesel-106-osram-5007-2bl-2\\\/#primaryimage\"},\"thumbnailUrl\":\"https:\\\/\\\/autorival.ro\\\/landrover\\\/wp-content\\\/uploads\\\/sites\\\/19\\\/2026\\\/03\\\/3411953_64327_s_g10592014-81.jpg\",\"datePublished\":\"2026-03-26T18:03:02+00:00\",\"description\":\"\u26a1 Bec semnalizator OSRAM 5007-2BL LAND ROVER RANGE ROVER I 2,393 cmc (11 A) diesel 106 OSRAM 5007-2BL pentru LAND ROVER. \u2713 Cod: 5007-2BL \u2713 Brand: OSRAM \u2713 \u00cen stoc \u2713 Livrare 24h \u2713 Garan\u021bie!\",\"breadcrumb\":{\"@id\":\"https:\\\/\\\/autorival.ro\\\/landrover\\\/product\\\/bec-semnalizator-osram-5007-2bl-land-rover-range-rover-i-2393-cmc-11-a-diesel-106-osram-5007-2bl-2\\\/#breadcrumb\"},\"inLanguage\":\"en-US\",\"potentialAction\":[{\"@type\":\"ReadAction\",\"target\":[\"https:\\\/\\\/autorival.ro\\\/landrover\\\/product\\\/bec-semnalizator-osram-5007-2bl-land-rover-range-rover-i-2393-cmc-11-a-diesel-106-osram-5007-2bl-2\\\/\"]}]},{\"@type\":\"ImageObject\",\"inLanguage\":\"en-US\",\"@id\":\"https:\\\/\\\/autorival.ro\\\/landrover\\\/product\\\/bec-semnalizator-osram-5007-2bl-land-rover-range-rover-i-2393-cmc-11-a-diesel-106-osram-5007-2bl-2\\\/#primaryimage\",\"url\":\"https:\\\/\\\/autorival.ro\\\/landrover\\\/wp-content\\\/uploads\\\/sites\\\/19\\\/2026\\\/03\\\/3411953_64327_s_g10592014-81.jpg\",\"contentUrl\":\"https:\\\/\\\/autorival.ro\\\/landrover\\\/wp-content\\\/uploads\\\/sites\\\/19\\\/2026\\\/03\\\/3411953_64327_s_g10592014-81.jpg\",\"width\":259,\"height\":399},{\"@type\":\"BreadcrumbList\",\"@id\":\"https:\\\/\\\/autorival.ro\\\/landrover\\\/product\\\/bec-semnalizator-osram-5007-2bl-land-rover-range-rover-i-2393-cmc-11-a-diesel-106-osram-5007-2bl-2\\\/#breadcrumb\",\"itemListElement\":[{\"@type\":\"ListItem\",\"position\":1,\"name\":\"Prima pagin\u0103\",\"item\":\"https:\\\/\\\/autorival.ro\\\/landrover\\\/\"},{\"@type\":\"ListItem\",\"position\":2,\"name\":\"Piese auto LAND ROVER\",\"item\":\"https:\\\/\\\/autorival.ro\\\/landrover\\\/\"},{\"@type\":\"ListItem\",\"position\":3,\"name\":\"Bec semnalizator OSRAM 5007-2BL LAND ROVER RANGE ROVER I 2,393 cmc (11 A) diesel 106 OSRAM 5007-2BL\"}]},{\"@type\":\"WebSite\",\"@id\":\"https:\\\/\\\/autorival.ro\\\/landrover\\\/#website\",\"url\":\"https:\\\/\\\/autorival.ro\\\/landrover\\\/\",\"name\":\"LAND ROVER\",\"description\":\"\",\"potentialAction\":[{\"@type\":\"SearchAction\",\"target\":{\"@type\":\"EntryPoint\",\"urlTemplate\":\"https:\\\/\\\/autorival.ro\\\/landrover\\\/?s={search_term_string}\"},\"query-input\":{\"@type\":\"PropertyValueSpecification\",\"valueRequired\":true,\"valueName\":\"search_term_string\"}}],\"inLanguage\":\"en-US\"}]}<\/script>\n<!-- \/ Yoast SEO plugin. -->","yoast_head_json":{"title":"Bec semnalizator OSRAM 5007-2BL LAND ROVER RANGE ROVER I 2,393 cmc (11 A) diesel 106 OSRAM 5007-2BL LAND ROVER | OSRAM - Autorival","description":"\u26a1 Bec semnalizator OSRAM 5007-2BL LAND ROVER RANGE ROVER I 2,393 cmc (11 A) diesel 106 OSRAM 5007-2BL pentru LAND ROVER. \u2713 Cod: 5007-2BL \u2713 Brand: OSRAM \u2713 \u00cen stoc \u2713 Livrare 24h \u2713 Garan\u021bie!","robots":{"index":"index","follow":"follow","max-snippet":"max-snippet:-1","max-image-preview":"max-image-preview:large","max-video-preview":"max-video-preview:-1"},"og_locale":"en_US","og_type":"article","og_title":"Bec semnalizator OSRAM 5007-2BL LAND ROVER RANGE ROVER I 2,393 cmc (11 A) diesel 106 OSRAM 5007-2BL LAND ROVER | OSRAM - Autorival","og_description":"\u26a1 Bec semnalizator OSRAM 5007-2BL LAND ROVER RANGE ROVER I 2,393 cmc (11 A) diesel 106 OSRAM 5007-2BL pentru LAND ROVER. \u2713 Cod: 5007-2BL \u2713 Brand: OSRAM \u2713 \u00cen stoc \u2713 Livrare 24h \u2713 Garan\u021bie!","og_url":"https:\/\/autorival.ro\/landrover\/product\/bec-semnalizator-osram-5007-2bl-land-rover-range-rover-i-2393-cmc-11-a-diesel-106-osram-5007-2bl-2\/","og_site_name":"LAND ROVER","og_image":[{"width":259,"height":399,"url":"https:\/\/autorival.ro\/landrover\/wp-content\/uploads\/sites\/19\/2026\/03\/3411953_64327_s_g10592014-81.jpg","type":"image\/jpeg"}],"twitter_card":"summary_large_image","twitter_title":"Bec semnalizator OSRAM 5007-2BL LAND ROVER RANGE ROVER I 2,393 cmc (11 A) diesel 106 OSRAM 5007-2BL LAND ROVER | OSRAM - Autorival","twitter_description":"\u26a1 Bec semnalizator OSRAM 5007-2BL LAND ROVER RANGE ROVER I 2,393 cmc (11 A) diesel 106 OSRAM 5007-2BL pentru LAND ROVER. \u2713 Cod: 5007-2BL \u2713 Brand: OSRAM \u2713 \u00cen stoc \u2713 Livrare 24h \u2713 Garan\u021bie!","schema":{"@context":"https:\/\/schema.org","@graph":[{"@type":"WebPage","@id":"https:\/\/autorival.ro\/landrover\/product\/bec-semnalizator-osram-5007-2bl-land-rover-range-rover-i-2393-cmc-11-a-diesel-106-osram-5007-2bl-2\/","url":"https:\/\/autorival.ro\/landrover\/product\/bec-semnalizator-osram-5007-2bl-land-rover-range-rover-i-2393-cmc-11-a-diesel-106-osram-5007-2bl-2\/","name":"Bec semnalizator OSRAM 5007-2BL LAND ROVER RANGE ROVER I 2,393 cmc (11 A) diesel 106 OSRAM 5007-2BL LAND ROVER | OSRAM - Autorival","isPartOf":{"@id":"https:\/\/autorival.ro\/landrover\/#website"},"primaryImageOfPage":{"@id":"https:\/\/autorival.ro\/landrover\/product\/bec-semnalizator-osram-5007-2bl-land-rover-range-rover-i-2393-cmc-11-a-diesel-106-osram-5007-2bl-2\/#primaryimage"},"image":{"@id":"https:\/\/autorival.ro\/landrover\/product\/bec-semnalizator-osram-5007-2bl-land-rover-range-rover-i-2393-cmc-11-a-diesel-106-osram-5007-2bl-2\/#primaryimage"},"thumbnailUrl":"https:\/\/autorival.ro\/landrover\/wp-content\/uploads\/sites\/19\/2026\/03\/3411953_64327_s_g10592014-81.jpg","datePublished":"2026-03-26T18:03:02+00:00","description":"\u26a1 Bec semnalizator OSRAM 5007-2BL LAND ROVER RANGE ROVER I 2,393 cmc (11 A) diesel 106 OSRAM 5007-2BL pentru LAND ROVER. \u2713 Cod: 5007-2BL \u2713 Brand: OSRAM \u2713 \u00cen stoc \u2713 Livrare 24h \u2713 Garan\u021bie!","breadcrumb":{"@id":"https:\/\/autorival.ro\/landrover\/product\/bec-semnalizator-osram-5007-2bl-land-rover-range-rover-i-2393-cmc-11-a-diesel-106-osram-5007-2bl-2\/#breadcrumb"},"inLanguage":"en-US","potentialAction":[{"@type":"ReadAction","target":["https:\/\/autorival.ro\/landrover\/product\/bec-semnalizator-osram-5007-2bl-land-rover-range-rover-i-2393-cmc-11-a-diesel-106-osram-5007-2bl-2\/"]}]},{"@type":"ImageObject","inLanguage":"en-US","@id":"https:\/\/autorival.ro\/landrover\/product\/bec-semnalizator-osram-5007-2bl-land-rover-range-rover-i-2393-cmc-11-a-diesel-106-osram-5007-2bl-2\/#primaryimage","url":"https:\/\/autorival.ro\/landrover\/wp-content\/uploads\/sites\/19\/2026\/03\/3411953_64327_s_g10592014-81.jpg","contentUrl":"https:\/\/autorival.ro\/landrover\/wp-content\/uploads\/sites\/19\/2026\/03\/3411953_64327_s_g10592014-81.jpg","width":259,"height":399},{"@type":"BreadcrumbList","@id":"https:\/\/autorival.ro\/landrover\/product\/bec-semnalizator-osram-5007-2bl-land-rover-range-rover-i-2393-cmc-11-a-diesel-106-osram-5007-2bl-2\/#breadcrumb","itemListElement":[{"@type":"ListItem","position":1,"name":"Prima pagin\u0103","item":"https:\/\/autorival.ro\/landrover\/"},{"@type":"ListItem","position":2,"name":"Piese auto LAND ROVER","item":"https:\/\/autorival.ro\/landrover\/"},{"@type":"ListItem","position":3,"name":"Bec semnalizator OSRAM 5007-2BL LAND ROVER RANGE ROVER I 2,393 cmc (11 A) diesel 106 OSRAM 5007-2BL"}]},{"@type":"WebSite","@id":"https:\/\/autorival.ro\/landrover\/#website","url":"https:\/\/autorival.ro\/landrover\/","name":"LAND ROVER","description":"","potentialAction":[{"@type":"SearchAction","target":{"@type":"EntryPoint","urlTemplate":"https:\/\/autorival.ro\/landrover\/?s={search_term_string}"},"query-input":{"@type":"PropertyValueSpecification","valueRequired":true,"valueName":"search_term_string"}}],"inLanguage":"en-US"}]}},"_links":{"self":[{"href":"https:\/\/autorival.ro\/landrover\/wp-json\/wp\/v2\/product\/511047","targetHints":{"allow":["GET"]}}],"collection":[{"href":"https:\/\/autorival.ro\/landrover\/wp-json\/wp\/v2\/product"}],"about":[{"href":"https:\/\/autorival.ro\/landrover\/wp-json\/wp\/v2\/types\/product"}],"replies":[{"embeddable":true,"href":"https:\/\/autorival.ro\/landrover\/wp-json\/wp\/v2\/comments?post=511047"}],"wp:featuredmedia":[{"embeddable":true,"href":"https:\/\/autorival.ro\/landrover\/wp-json\/wp\/v2\/media\/511048"}],"wp:attachment":[{"href":"https:\/\/autorival.ro\/landrover\/wp-json\/wp\/v2\/media?parent=511047"}],"wp:term":[{"taxonomy":"product_brand","embeddable":true,"href":"https:\/\/autorival.ro\/landrover\/wp-json\/wp\/v2\/product_brand?post=511047"},{"taxonomy":"product_cat","embeddable":true,"href":"https:\/\/autorival.ro\/landrover\/wp-json\/wp\/v2\/product_cat?post=511047"},{"taxonomy":"product_tag","embeddable":true,"href":"https:\/\/autorival.ro\/landrover\/wp-json\/wp\/v2\/product_tag?post=511047"}],"curies":[{"name":"wp","href":"https:\/\/api.w.org\/{rel}","templated":true}]}}