{"id":507923,"date":"2026-03-26T16:41:32","date_gmt":"2026-03-26T16:41:32","guid":{"rendered":"https:\/\/autorival.ro\/landrover\/product\/bec-lumini-interioare-philips-12866cp-land-rover-freelander-i-l314-2497-cmc-25-k4f-benzina-177-philips-12866cp-2\/"},"modified":"2026-03-26T16:41:32","modified_gmt":"2026-03-26T16:41:32","slug":"bec-lumini-interioare-philips-12866cp-land-rover-freelander-i-l314-2497-cmc-25-k4f-benzina-177-philips-12866cp-2","status":"publish","type":"product","link":"https:\/\/autorival.ro\/landrover\/product\/bec-lumini-interioare-philips-12866cp-land-rover-freelander-i-l314-2497-cmc-25-k4f-benzina-177-philips-12866cp-2\/","title":{"rendered":"Bec lumini interioare PHILIPS 12866CP LAND ROVER FREELANDER I (L314) 2,497 cmc (25 K4F) benzina 177 PHILIPS 12866CP"},"content":{"rendered":"<p>Bec lumini interioare PHILIPS 12866CP; Putere nominal\u0103 [W]: 10; Serie \u0219asiu (VIN)p\u00e2n\u0103 la: JA615798; Tensiune [V]: 12; TIp lampa: Bec soffite; Variant\u0103 de execu\u021bie lamp\u0103 sofit\u0103: T10,5&#215;43; Variant\u0103 de execu\u021bie soclu lamp\u0103 incandescent\u0103: SV8.5<\/p>\n","protected":false},"excerpt":{"rendered":"<p>Producator: PHILIPS Cod: 12866CP<\/p>\n","protected":false},"featured_media":507924,"comment_status":"open","ping_status":"closed","template":"","meta":[],"product_brand":[11881],"product_cat":[13906],"product_tag":[],"class_list":{"0":"post-507923","1":"product","2":"type-product","3":"status-publish","4":"has-post-thumbnail","6":"product_brand-philips","7":"product_cat-iluminare-habitaclu-2497-cmc-25-k4f-benzina-177","9":"first","10":"instock","11":"shipping-taxable","12":"purchasable","13":"product-type-simple"},"yoast_head":"<!-- This site is optimized with the Yoast SEO plugin v27.3 - https:\/\/yoast.com\/product\/yoast-seo-wordpress\/ -->\n<title>Bec lumini interioare PHILIPS 12866CP LAND ROVER FREELANDER I (L314) 2,497 cmc (25 K4F) benzina 177 PHILIPS 12866CP LAND ROVER | PHILIPS - Autorival<\/title>\n<meta name=\"description\" content=\"\u26a1 Bec lumini interioare PHILIPS 12866CP LAND ROVER FREELANDER I (L314) 2,497 cmc (25 K4F) benzina 177 PHILIPS 12866CP pentru LAND ROVER. \u2713 Cod: 12866CP \u2713 Brand: PHILIPS \u2713 \u00cen stoc \u2713 Livrare 24h \u2713 Garan\u021bie!\" \/>\n<meta name=\"robots\" content=\"index, follow, max-snippet:-1, max-image-preview:large, max-video-preview:-1\" \/>\n<meta property=\"og:locale\" content=\"en_US\" \/>\n<meta property=\"og:type\" content=\"article\" \/>\n<meta property=\"og:title\" content=\"Bec lumini interioare PHILIPS 12866CP LAND ROVER FREELANDER I (L314) 2,497 cmc (25 K4F) benzina 177 PHILIPS 12866CP LAND ROVER | PHILIPS - Autorival\" \/>\n<meta property=\"og:description\" content=\"\u26a1 Bec lumini interioare PHILIPS 12866CP LAND ROVER FREELANDER I (L314) 2,497 cmc (25 K4F) benzina 177 PHILIPS 12866CP pentru LAND ROVER. \u2713 Cod: 12866CP \u2713 Brand: PHILIPS \u2713 \u00cen stoc \u2713 Livrare 24h \u2713 Garan\u021bie!\" \/>\n<meta property=\"og:url\" content=\"https:\/\/autorival.ro\/landrover\/product\/bec-lumini-interioare-philips-12866cp-land-rover-freelander-i-l314-2497-cmc-25-k4f-benzina-177-philips-12866cp-2\/\" \/>\n<meta property=\"og:site_name\" content=\"LAND ROVER\" \/>\n<meta property=\"og:image\" content=\"https:\/\/autorival.ro\/landrover\/wp-content\/uploads\/sites\/19\/2026\/03\/3062054_12866cp-37.jpg\" \/>\n\t<meta property=\"og:image:width\" content=\"600\" \/>\n\t<meta property=\"og:image:height\" content=\"337\" \/>\n\t<meta property=\"og:image:type\" content=\"image\/jpeg\" \/>\n<meta name=\"twitter:card\" content=\"summary_large_image\" \/>\n<meta name=\"twitter:title\" content=\"Bec lumini interioare PHILIPS 12866CP LAND ROVER FREELANDER I (L314) 2,497 cmc (25 K4F) benzina 177 PHILIPS 12866CP LAND ROVER | PHILIPS - Autorival\" \/>\n<meta name=\"twitter:description\" content=\"\u26a1 Bec lumini interioare PHILIPS 12866CP LAND ROVER FREELANDER I (L314) 2,497 cmc (25 K4F) benzina 177 PHILIPS 12866CP pentru LAND ROVER. \u2713 Cod: 12866CP \u2713 Brand: PHILIPS \u2713 \u00cen stoc \u2713 Livrare 24h \u2713 Garan\u021bie!\" \/>\n<script type=\"application\/ld+json\" class=\"yoast-schema-graph\">{\"@context\":\"https:\\\/\\\/schema.org\",\"@graph\":[{\"@type\":\"WebPage\",\"@id\":\"https:\\\/\\\/autorival.ro\\\/landrover\\\/product\\\/bec-lumini-interioare-philips-12866cp-land-rover-freelander-i-l314-2497-cmc-25-k4f-benzina-177-philips-12866cp-2\\\/\",\"url\":\"https:\\\/\\\/autorival.ro\\\/landrover\\\/product\\\/bec-lumini-interioare-philips-12866cp-land-rover-freelander-i-l314-2497-cmc-25-k4f-benzina-177-philips-12866cp-2\\\/\",\"name\":\"Bec lumini interioare PHILIPS 12866CP LAND ROVER FREELANDER I (L314) 2,497 cmc (25 K4F) benzina 177 PHILIPS 12866CP LAND ROVER | PHILIPS - Autorival\",\"isPartOf\":{\"@id\":\"https:\\\/\\\/autorival.ro\\\/landrover\\\/#website\"},\"primaryImageOfPage\":{\"@id\":\"https:\\\/\\\/autorival.ro\\\/landrover\\\/product\\\/bec-lumini-interioare-philips-12866cp-land-rover-freelander-i-l314-2497-cmc-25-k4f-benzina-177-philips-12866cp-2\\\/#primaryimage\"},\"image\":{\"@id\":\"https:\\\/\\\/autorival.ro\\\/landrover\\\/product\\\/bec-lumini-interioare-philips-12866cp-land-rover-freelander-i-l314-2497-cmc-25-k4f-benzina-177-philips-12866cp-2\\\/#primaryimage\"},\"thumbnailUrl\":\"https:\\\/\\\/autorival.ro\\\/landrover\\\/wp-content\\\/uploads\\\/sites\\\/19\\\/2026\\\/03\\\/3062054_12866cp-37.jpg\",\"datePublished\":\"2026-03-26T16:41:32+00:00\",\"description\":\"\u26a1 Bec lumini interioare PHILIPS 12866CP LAND ROVER FREELANDER I (L314) 2,497 cmc (25 K4F) benzina 177 PHILIPS 12866CP pentru LAND ROVER. \u2713 Cod: 12866CP \u2713 Brand: PHILIPS \u2713 \u00cen stoc \u2713 Livrare 24h \u2713 Garan\u021bie!\",\"breadcrumb\":{\"@id\":\"https:\\\/\\\/autorival.ro\\\/landrover\\\/product\\\/bec-lumini-interioare-philips-12866cp-land-rover-freelander-i-l314-2497-cmc-25-k4f-benzina-177-philips-12866cp-2\\\/#breadcrumb\"},\"inLanguage\":\"en-US\",\"potentialAction\":[{\"@type\":\"ReadAction\",\"target\":[\"https:\\\/\\\/autorival.ro\\\/landrover\\\/product\\\/bec-lumini-interioare-philips-12866cp-land-rover-freelander-i-l314-2497-cmc-25-k4f-benzina-177-philips-12866cp-2\\\/\"]}]},{\"@type\":\"ImageObject\",\"inLanguage\":\"en-US\",\"@id\":\"https:\\\/\\\/autorival.ro\\\/landrover\\\/product\\\/bec-lumini-interioare-philips-12866cp-land-rover-freelander-i-l314-2497-cmc-25-k4f-benzina-177-philips-12866cp-2\\\/#primaryimage\",\"url\":\"https:\\\/\\\/autorival.ro\\\/landrover\\\/wp-content\\\/uploads\\\/sites\\\/19\\\/2026\\\/03\\\/3062054_12866cp-37.jpg\",\"contentUrl\":\"https:\\\/\\\/autorival.ro\\\/landrover\\\/wp-content\\\/uploads\\\/sites\\\/19\\\/2026\\\/03\\\/3062054_12866cp-37.jpg\",\"width\":600,\"height\":337},{\"@type\":\"BreadcrumbList\",\"@id\":\"https:\\\/\\\/autorival.ro\\\/landrover\\\/product\\\/bec-lumini-interioare-philips-12866cp-land-rover-freelander-i-l314-2497-cmc-25-k4f-benzina-177-philips-12866cp-2\\\/#breadcrumb\",\"itemListElement\":[{\"@type\":\"ListItem\",\"position\":1,\"name\":\"Prima pagin\u0103\",\"item\":\"https:\\\/\\\/autorival.ro\\\/landrover\\\/\"},{\"@type\":\"ListItem\",\"position\":2,\"name\":\"Piese auto LAND ROVER\",\"item\":\"https:\\\/\\\/autorival.ro\\\/landrover\\\/\"},{\"@type\":\"ListItem\",\"position\":3,\"name\":\"Bec lumini interioare PHILIPS 12866CP LAND ROVER FREELANDER I (L314) 2,497 cmc (25 K4F) benzina 177 PHILIPS 12866CP\"}]},{\"@type\":\"WebSite\",\"@id\":\"https:\\\/\\\/autorival.ro\\\/landrover\\\/#website\",\"url\":\"https:\\\/\\\/autorival.ro\\\/landrover\\\/\",\"name\":\"LAND ROVER\",\"description\":\"\",\"potentialAction\":[{\"@type\":\"SearchAction\",\"target\":{\"@type\":\"EntryPoint\",\"urlTemplate\":\"https:\\\/\\\/autorival.ro\\\/landrover\\\/?s={search_term_string}\"},\"query-input\":{\"@type\":\"PropertyValueSpecification\",\"valueRequired\":true,\"valueName\":\"search_term_string\"}}],\"inLanguage\":\"en-US\"}]}<\/script>\n<!-- \/ Yoast SEO plugin. -->","yoast_head_json":{"title":"Bec lumini interioare PHILIPS 12866CP LAND ROVER FREELANDER I (L314) 2,497 cmc (25 K4F) benzina 177 PHILIPS 12866CP LAND ROVER | PHILIPS - Autorival","description":"\u26a1 Bec lumini interioare PHILIPS 12866CP LAND ROVER FREELANDER I (L314) 2,497 cmc (25 K4F) benzina 177 PHILIPS 12866CP pentru LAND ROVER. \u2713 Cod: 12866CP \u2713 Brand: PHILIPS \u2713 \u00cen stoc \u2713 Livrare 24h \u2713 Garan\u021bie!","robots":{"index":"index","follow":"follow","max-snippet":"max-snippet:-1","max-image-preview":"max-image-preview:large","max-video-preview":"max-video-preview:-1"},"og_locale":"en_US","og_type":"article","og_title":"Bec lumini interioare PHILIPS 12866CP LAND ROVER FREELANDER I (L314) 2,497 cmc (25 K4F) benzina 177 PHILIPS 12866CP LAND ROVER | PHILIPS - Autorival","og_description":"\u26a1 Bec lumini interioare PHILIPS 12866CP LAND ROVER FREELANDER I (L314) 2,497 cmc (25 K4F) benzina 177 PHILIPS 12866CP pentru LAND ROVER. \u2713 Cod: 12866CP \u2713 Brand: PHILIPS \u2713 \u00cen stoc \u2713 Livrare 24h \u2713 Garan\u021bie!","og_url":"https:\/\/autorival.ro\/landrover\/product\/bec-lumini-interioare-philips-12866cp-land-rover-freelander-i-l314-2497-cmc-25-k4f-benzina-177-philips-12866cp-2\/","og_site_name":"LAND ROVER","og_image":[{"width":600,"height":337,"url":"https:\/\/autorival.ro\/landrover\/wp-content\/uploads\/sites\/19\/2026\/03\/3062054_12866cp-37.jpg","type":"image\/jpeg"}],"twitter_card":"summary_large_image","twitter_title":"Bec lumini interioare PHILIPS 12866CP LAND ROVER FREELANDER I (L314) 2,497 cmc (25 K4F) benzina 177 PHILIPS 12866CP LAND ROVER | PHILIPS - Autorival","twitter_description":"\u26a1 Bec lumini interioare PHILIPS 12866CP LAND ROVER FREELANDER I (L314) 2,497 cmc (25 K4F) benzina 177 PHILIPS 12866CP pentru LAND ROVER. \u2713 Cod: 12866CP \u2713 Brand: PHILIPS \u2713 \u00cen stoc \u2713 Livrare 24h \u2713 Garan\u021bie!","schema":{"@context":"https:\/\/schema.org","@graph":[{"@type":"WebPage","@id":"https:\/\/autorival.ro\/landrover\/product\/bec-lumini-interioare-philips-12866cp-land-rover-freelander-i-l314-2497-cmc-25-k4f-benzina-177-philips-12866cp-2\/","url":"https:\/\/autorival.ro\/landrover\/product\/bec-lumini-interioare-philips-12866cp-land-rover-freelander-i-l314-2497-cmc-25-k4f-benzina-177-philips-12866cp-2\/","name":"Bec lumini interioare PHILIPS 12866CP LAND ROVER FREELANDER I (L314) 2,497 cmc (25 K4F) benzina 177 PHILIPS 12866CP LAND ROVER | PHILIPS - Autorival","isPartOf":{"@id":"https:\/\/autorival.ro\/landrover\/#website"},"primaryImageOfPage":{"@id":"https:\/\/autorival.ro\/landrover\/product\/bec-lumini-interioare-philips-12866cp-land-rover-freelander-i-l314-2497-cmc-25-k4f-benzina-177-philips-12866cp-2\/#primaryimage"},"image":{"@id":"https:\/\/autorival.ro\/landrover\/product\/bec-lumini-interioare-philips-12866cp-land-rover-freelander-i-l314-2497-cmc-25-k4f-benzina-177-philips-12866cp-2\/#primaryimage"},"thumbnailUrl":"https:\/\/autorival.ro\/landrover\/wp-content\/uploads\/sites\/19\/2026\/03\/3062054_12866cp-37.jpg","datePublished":"2026-03-26T16:41:32+00:00","description":"\u26a1 Bec lumini interioare PHILIPS 12866CP LAND ROVER FREELANDER I (L314) 2,497 cmc (25 K4F) benzina 177 PHILIPS 12866CP pentru LAND ROVER. \u2713 Cod: 12866CP \u2713 Brand: PHILIPS \u2713 \u00cen stoc \u2713 Livrare 24h \u2713 Garan\u021bie!","breadcrumb":{"@id":"https:\/\/autorival.ro\/landrover\/product\/bec-lumini-interioare-philips-12866cp-land-rover-freelander-i-l314-2497-cmc-25-k4f-benzina-177-philips-12866cp-2\/#breadcrumb"},"inLanguage":"en-US","potentialAction":[{"@type":"ReadAction","target":["https:\/\/autorival.ro\/landrover\/product\/bec-lumini-interioare-philips-12866cp-land-rover-freelander-i-l314-2497-cmc-25-k4f-benzina-177-philips-12866cp-2\/"]}]},{"@type":"ImageObject","inLanguage":"en-US","@id":"https:\/\/autorival.ro\/landrover\/product\/bec-lumini-interioare-philips-12866cp-land-rover-freelander-i-l314-2497-cmc-25-k4f-benzina-177-philips-12866cp-2\/#primaryimage","url":"https:\/\/autorival.ro\/landrover\/wp-content\/uploads\/sites\/19\/2026\/03\/3062054_12866cp-37.jpg","contentUrl":"https:\/\/autorival.ro\/landrover\/wp-content\/uploads\/sites\/19\/2026\/03\/3062054_12866cp-37.jpg","width":600,"height":337},{"@type":"BreadcrumbList","@id":"https:\/\/autorival.ro\/landrover\/product\/bec-lumini-interioare-philips-12866cp-land-rover-freelander-i-l314-2497-cmc-25-k4f-benzina-177-philips-12866cp-2\/#breadcrumb","itemListElement":[{"@type":"ListItem","position":1,"name":"Prima pagin\u0103","item":"https:\/\/autorival.ro\/landrover\/"},{"@type":"ListItem","position":2,"name":"Piese auto LAND ROVER","item":"https:\/\/autorival.ro\/landrover\/"},{"@type":"ListItem","position":3,"name":"Bec lumini interioare PHILIPS 12866CP LAND ROVER FREELANDER I (L314) 2,497 cmc (25 K4F) benzina 177 PHILIPS 12866CP"}]},{"@type":"WebSite","@id":"https:\/\/autorival.ro\/landrover\/#website","url":"https:\/\/autorival.ro\/landrover\/","name":"LAND ROVER","description":"","potentialAction":[{"@type":"SearchAction","target":{"@type":"EntryPoint","urlTemplate":"https:\/\/autorival.ro\/landrover\/?s={search_term_string}"},"query-input":{"@type":"PropertyValueSpecification","valueRequired":true,"valueName":"search_term_string"}}],"inLanguage":"en-US"}]}},"_links":{"self":[{"href":"https:\/\/autorival.ro\/landrover\/wp-json\/wp\/v2\/product\/507923","targetHints":{"allow":["GET"]}}],"collection":[{"href":"https:\/\/autorival.ro\/landrover\/wp-json\/wp\/v2\/product"}],"about":[{"href":"https:\/\/autorival.ro\/landrover\/wp-json\/wp\/v2\/types\/product"}],"replies":[{"embeddable":true,"href":"https:\/\/autorival.ro\/landrover\/wp-json\/wp\/v2\/comments?post=507923"}],"wp:featuredmedia":[{"embeddable":true,"href":"https:\/\/autorival.ro\/landrover\/wp-json\/wp\/v2\/media\/507924"}],"wp:attachment":[{"href":"https:\/\/autorival.ro\/landrover\/wp-json\/wp\/v2\/media?parent=507923"}],"wp:term":[{"taxonomy":"product_brand","embeddable":true,"href":"https:\/\/autorival.ro\/landrover\/wp-json\/wp\/v2\/product_brand?post=507923"},{"taxonomy":"product_cat","embeddable":true,"href":"https:\/\/autorival.ro\/landrover\/wp-json\/wp\/v2\/product_cat?post=507923"},{"taxonomy":"product_tag","embeddable":true,"href":"https:\/\/autorival.ro\/landrover\/wp-json\/wp\/v2\/product_tag?post=507923"}],"curies":[{"name":"wp","href":"https:\/\/api.w.org\/{rel}","templated":true}]}}