{"id":339897,"date":"2026-03-23T22:25:20","date_gmt":"2026-03-23T22:25:20","guid":{"rendered":"https:\/\/autorival.ro\/landrover\/product\/capac-rezervor-de-combustibil-motorad-mgc845t-land-rover-defender-van-l663-2997-cmc-dt306aj20d6-diesel-electro-249-motorad-mgc845t\/"},"modified":"2026-03-23T22:25:20","modified_gmt":"2026-03-23T22:25:20","slug":"capac-rezervor-de-combustibil-motorad-mgc845t-land-rover-defender-van-l663-2997-cmc-dt306aj20d6-diesel-electro-249-motorad-mgc845t","status":"publish","type":"product","link":"https:\/\/autorival.ro\/landrover\/product\/capac-rezervor-de-combustibil-motorad-mgc845t-land-rover-defender-van-l663-2997-cmc-dt306aj20d6-diesel-electro-249-motorad-mgc845t\/","title":{"rendered":"Capac rezervor de combustibil MOTORAD MGC845T LAND ROVER DEFENDER Van (L663) 2,997 cmc (DT306(AJ20D6) Diesel\/electro 249 MOTORAD MGC845T"},"content":{"rendered":"<p>Capac rezervor de combustibil MOTORAD MGC845T; An fabricatie de la: 201001; An fabricatie pana la: 201712; Articol completare\/Info suplimentar 2: cu banda fixare; Cod motor: 306PS; Cu posibilitate de \u00eenchidere: neblocabil; Culoare: negru; Inaltime ambalaj [cm]: 8,3; Latime ambalaj [cm]: 7,5; Lungime ambalaj [cm]: 7,5; Masa [g]: 81; Material: plastic; Numar motor TECDOC: 45901; pt. cod original (OE): LR008078; Serie \u0219asiu (VIN)p\u00e2n\u0103 la: FH999999; Sistem de \u00eenchidere: fara lacat<\/p>\n","protected":false},"excerpt":{"rendered":"<p>Producator: MOTORAD Cod: MGC845T<\/p>\n","protected":false},"featured_media":339898,"comment_status":"open","ping_status":"closed","template":"","meta":[],"product_brand":[8879],"product_cat":[11606],"product_tag":[],"class_list":{"0":"post-339897","1":"product","2":"type-product","3":"status-publish","4":"has-post-thumbnail","6":"product_brand-motorad","7":"product_cat-rezervor-de-combustibil-accesorii-2997-cmc-dt306aj20d6-diesel-electro-249-defender-van-l663","9":"first","10":"instock","11":"shipping-taxable","12":"purchasable","13":"product-type-simple"},"yoast_head":"<!-- This site is optimized with the Yoast SEO plugin v27.3 - https:\/\/yoast.com\/product\/yoast-seo-wordpress\/ -->\n<title>Capac rezervor de combustibil MOTORAD MGC845T LAND ROVER DEFENDER Van (L663) 2,997 cmc (DT306(AJ20D6) Diesel\/electro 249 MOTORAD MGC845T LAND ROVER | MOTORAD - Autorival<\/title>\n<meta name=\"description\" content=\"\u26a1 Capac rezervor de combustibil MOTORAD MGC845T LAND ROVER DEFENDER Van (L663) 2,997 cmc (DT306(AJ20D6) Diesel\/electro 249 MOTORAD MGC845T pentru LAND ROVER. \u2713 Cod: MGC845T \u2713 Brand: MOTORAD \u2713 \u00cen stoc \u2713 Livrare 24h \u2713 Garan\u021bie!\" \/>\n<meta name=\"robots\" content=\"index, follow, max-snippet:-1, max-image-preview:large, max-video-preview:-1\" \/>\n<meta property=\"og:locale\" content=\"en_US\" \/>\n<meta property=\"og:type\" content=\"article\" \/>\n<meta property=\"og:title\" content=\"Capac rezervor de combustibil MOTORAD MGC845T LAND ROVER DEFENDER Van (L663) 2,997 cmc (DT306(AJ20D6) Diesel\/electro 249 MOTORAD MGC845T LAND ROVER | MOTORAD - Autorival\" \/>\n<meta property=\"og:description\" content=\"\u26a1 Capac rezervor de combustibil MOTORAD MGC845T LAND ROVER DEFENDER Van (L663) 2,997 cmc (DT306(AJ20D6) Diesel\/electro 249 MOTORAD MGC845T pentru LAND ROVER. \u2713 Cod: MGC845T \u2713 Brand: MOTORAD \u2713 \u00cen stoc \u2713 Livrare 24h \u2713 Garan\u021bie!\" \/>\n<meta property=\"og:url\" content=\"https:\/\/autorival.ro\/landrover\/product\/capac-rezervor-de-combustibil-motorad-mgc845t-land-rover-defender-van-l663-2997-cmc-dt306aj20d6-diesel-electro-249-motorad-mgc845t\/\" \/>\n<meta property=\"og:site_name\" content=\"LAND ROVER\" \/>\n<meta property=\"og:image\" content=\"https:\/\/autorival.ro\/landrover\/wp-content\/uploads\/sites\/19\/2026\/03\/4322070_mgc845t_front-17.jpg\" \/>\n\t<meta property=\"og:image:width\" content=\"2500\" \/>\n\t<meta property=\"og:image:height\" content=\"2500\" \/>\n\t<meta property=\"og:image:type\" content=\"image\/jpeg\" \/>\n<meta name=\"twitter:card\" content=\"summary_large_image\" \/>\n<meta name=\"twitter:title\" content=\"Capac rezervor de combustibil MOTORAD MGC845T LAND ROVER DEFENDER Van (L663) 2,997 cmc (DT306(AJ20D6) Diesel\/electro 249 MOTORAD MGC845T LAND ROVER | MOTORAD - Autorival\" \/>\n<meta name=\"twitter:description\" content=\"\u26a1 Capac rezervor de combustibil MOTORAD MGC845T LAND ROVER DEFENDER Van (L663) 2,997 cmc (DT306(AJ20D6) Diesel\/electro 249 MOTORAD MGC845T pentru LAND ROVER. \u2713 Cod: MGC845T \u2713 Brand: MOTORAD \u2713 \u00cen stoc \u2713 Livrare 24h \u2713 Garan\u021bie!\" \/>\n<script type=\"application\/ld+json\" class=\"yoast-schema-graph\">{\"@context\":\"https:\\\/\\\/schema.org\",\"@graph\":[{\"@type\":\"WebPage\",\"@id\":\"https:\\\/\\\/autorival.ro\\\/landrover\\\/product\\\/capac-rezervor-de-combustibil-motorad-mgc845t-land-rover-defender-van-l663-2997-cmc-dt306aj20d6-diesel-electro-249-motorad-mgc845t\\\/\",\"url\":\"https:\\\/\\\/autorival.ro\\\/landrover\\\/product\\\/capac-rezervor-de-combustibil-motorad-mgc845t-land-rover-defender-van-l663-2997-cmc-dt306aj20d6-diesel-electro-249-motorad-mgc845t\\\/\",\"name\":\"Capac rezervor de combustibil MOTORAD MGC845T LAND ROVER DEFENDER Van (L663) 2,997 cmc (DT306(AJ20D6) Diesel\\\/electro 249 MOTORAD MGC845T LAND ROVER | MOTORAD - Autorival\",\"isPartOf\":{\"@id\":\"https:\\\/\\\/autorival.ro\\\/landrover\\\/#website\"},\"primaryImageOfPage\":{\"@id\":\"https:\\\/\\\/autorival.ro\\\/landrover\\\/product\\\/capac-rezervor-de-combustibil-motorad-mgc845t-land-rover-defender-van-l663-2997-cmc-dt306aj20d6-diesel-electro-249-motorad-mgc845t\\\/#primaryimage\"},\"image\":{\"@id\":\"https:\\\/\\\/autorival.ro\\\/landrover\\\/product\\\/capac-rezervor-de-combustibil-motorad-mgc845t-land-rover-defender-van-l663-2997-cmc-dt306aj20d6-diesel-electro-249-motorad-mgc845t\\\/#primaryimage\"},\"thumbnailUrl\":\"https:\\\/\\\/autorival.ro\\\/landrover\\\/wp-content\\\/uploads\\\/sites\\\/19\\\/2026\\\/03\\\/4322070_mgc845t_front-17.jpg\",\"datePublished\":\"2026-03-23T22:25:20+00:00\",\"description\":\"\u26a1 Capac rezervor de combustibil MOTORAD MGC845T LAND ROVER DEFENDER Van (L663) 2,997 cmc (DT306(AJ20D6) Diesel\\\/electro 249 MOTORAD MGC845T pentru LAND ROVER. \u2713 Cod: MGC845T \u2713 Brand: MOTORAD \u2713 \u00cen stoc \u2713 Livrare 24h \u2713 Garan\u021bie!\",\"breadcrumb\":{\"@id\":\"https:\\\/\\\/autorival.ro\\\/landrover\\\/product\\\/capac-rezervor-de-combustibil-motorad-mgc845t-land-rover-defender-van-l663-2997-cmc-dt306aj20d6-diesel-electro-249-motorad-mgc845t\\\/#breadcrumb\"},\"inLanguage\":\"en-US\",\"potentialAction\":[{\"@type\":\"ReadAction\",\"target\":[\"https:\\\/\\\/autorival.ro\\\/landrover\\\/product\\\/capac-rezervor-de-combustibil-motorad-mgc845t-land-rover-defender-van-l663-2997-cmc-dt306aj20d6-diesel-electro-249-motorad-mgc845t\\\/\"]}]},{\"@type\":\"ImageObject\",\"inLanguage\":\"en-US\",\"@id\":\"https:\\\/\\\/autorival.ro\\\/landrover\\\/product\\\/capac-rezervor-de-combustibil-motorad-mgc845t-land-rover-defender-van-l663-2997-cmc-dt306aj20d6-diesel-electro-249-motorad-mgc845t\\\/#primaryimage\",\"url\":\"https:\\\/\\\/autorival.ro\\\/landrover\\\/wp-content\\\/uploads\\\/sites\\\/19\\\/2026\\\/03\\\/4322070_mgc845t_front-17.jpg\",\"contentUrl\":\"https:\\\/\\\/autorival.ro\\\/landrover\\\/wp-content\\\/uploads\\\/sites\\\/19\\\/2026\\\/03\\\/4322070_mgc845t_front-17.jpg\",\"width\":2500,\"height\":2500},{\"@type\":\"BreadcrumbList\",\"@id\":\"https:\\\/\\\/autorival.ro\\\/landrover\\\/product\\\/capac-rezervor-de-combustibil-motorad-mgc845t-land-rover-defender-van-l663-2997-cmc-dt306aj20d6-diesel-electro-249-motorad-mgc845t\\\/#breadcrumb\",\"itemListElement\":[{\"@type\":\"ListItem\",\"position\":1,\"name\":\"Prima pagin\u0103\",\"item\":\"https:\\\/\\\/autorival.ro\\\/landrover\\\/\"},{\"@type\":\"ListItem\",\"position\":2,\"name\":\"Piese auto LAND ROVER\",\"item\":\"https:\\\/\\\/autorival.ro\\\/landrover\\\/\"},{\"@type\":\"ListItem\",\"position\":3,\"name\":\"Capac rezervor de combustibil MOTORAD MGC845T LAND ROVER DEFENDER Van (L663) 2,997 cmc (DT306(AJ20D6) Diesel\\\/electro 249 MOTORAD MGC845T\"}]},{\"@type\":\"WebSite\",\"@id\":\"https:\\\/\\\/autorival.ro\\\/landrover\\\/#website\",\"url\":\"https:\\\/\\\/autorival.ro\\\/landrover\\\/\",\"name\":\"LAND ROVER\",\"description\":\"\",\"potentialAction\":[{\"@type\":\"SearchAction\",\"target\":{\"@type\":\"EntryPoint\",\"urlTemplate\":\"https:\\\/\\\/autorival.ro\\\/landrover\\\/?s={search_term_string}\"},\"query-input\":{\"@type\":\"PropertyValueSpecification\",\"valueRequired\":true,\"valueName\":\"search_term_string\"}}],\"inLanguage\":\"en-US\"}]}<\/script>\n<!-- \/ Yoast SEO plugin. -->","yoast_head_json":{"title":"Capac rezervor de combustibil MOTORAD MGC845T LAND ROVER DEFENDER Van (L663) 2,997 cmc (DT306(AJ20D6) Diesel\/electro 249 MOTORAD MGC845T LAND ROVER | MOTORAD - Autorival","description":"\u26a1 Capac rezervor de combustibil MOTORAD MGC845T LAND ROVER DEFENDER Van (L663) 2,997 cmc (DT306(AJ20D6) Diesel\/electro 249 MOTORAD MGC845T pentru LAND ROVER. \u2713 Cod: MGC845T \u2713 Brand: MOTORAD \u2713 \u00cen stoc \u2713 Livrare 24h \u2713 Garan\u021bie!","robots":{"index":"index","follow":"follow","max-snippet":"max-snippet:-1","max-image-preview":"max-image-preview:large","max-video-preview":"max-video-preview:-1"},"og_locale":"en_US","og_type":"article","og_title":"Capac rezervor de combustibil MOTORAD MGC845T LAND ROVER DEFENDER Van (L663) 2,997 cmc (DT306(AJ20D6) Diesel\/electro 249 MOTORAD MGC845T LAND ROVER | MOTORAD - Autorival","og_description":"\u26a1 Capac rezervor de combustibil MOTORAD MGC845T LAND ROVER DEFENDER Van (L663) 2,997 cmc (DT306(AJ20D6) Diesel\/electro 249 MOTORAD MGC845T pentru LAND ROVER. \u2713 Cod: MGC845T \u2713 Brand: MOTORAD \u2713 \u00cen stoc \u2713 Livrare 24h \u2713 Garan\u021bie!","og_url":"https:\/\/autorival.ro\/landrover\/product\/capac-rezervor-de-combustibil-motorad-mgc845t-land-rover-defender-van-l663-2997-cmc-dt306aj20d6-diesel-electro-249-motorad-mgc845t\/","og_site_name":"LAND ROVER","og_image":[{"width":2500,"height":2500,"url":"https:\/\/autorival.ro\/landrover\/wp-content\/uploads\/sites\/19\/2026\/03\/4322070_mgc845t_front-17.jpg","type":"image\/jpeg"}],"twitter_card":"summary_large_image","twitter_title":"Capac rezervor de combustibil MOTORAD MGC845T LAND ROVER DEFENDER Van (L663) 2,997 cmc (DT306(AJ20D6) Diesel\/electro 249 MOTORAD MGC845T LAND ROVER | MOTORAD - Autorival","twitter_description":"\u26a1 Capac rezervor de combustibil MOTORAD MGC845T LAND ROVER DEFENDER Van (L663) 2,997 cmc (DT306(AJ20D6) Diesel\/electro 249 MOTORAD MGC845T pentru LAND ROVER. \u2713 Cod: MGC845T \u2713 Brand: MOTORAD \u2713 \u00cen stoc \u2713 Livrare 24h \u2713 Garan\u021bie!","schema":{"@context":"https:\/\/schema.org","@graph":[{"@type":"WebPage","@id":"https:\/\/autorival.ro\/landrover\/product\/capac-rezervor-de-combustibil-motorad-mgc845t-land-rover-defender-van-l663-2997-cmc-dt306aj20d6-diesel-electro-249-motorad-mgc845t\/","url":"https:\/\/autorival.ro\/landrover\/product\/capac-rezervor-de-combustibil-motorad-mgc845t-land-rover-defender-van-l663-2997-cmc-dt306aj20d6-diesel-electro-249-motorad-mgc845t\/","name":"Capac rezervor de combustibil MOTORAD MGC845T LAND ROVER DEFENDER Van (L663) 2,997 cmc (DT306(AJ20D6) Diesel\/electro 249 MOTORAD MGC845T LAND ROVER | MOTORAD - Autorival","isPartOf":{"@id":"https:\/\/autorival.ro\/landrover\/#website"},"primaryImageOfPage":{"@id":"https:\/\/autorival.ro\/landrover\/product\/capac-rezervor-de-combustibil-motorad-mgc845t-land-rover-defender-van-l663-2997-cmc-dt306aj20d6-diesel-electro-249-motorad-mgc845t\/#primaryimage"},"image":{"@id":"https:\/\/autorival.ro\/landrover\/product\/capac-rezervor-de-combustibil-motorad-mgc845t-land-rover-defender-van-l663-2997-cmc-dt306aj20d6-diesel-electro-249-motorad-mgc845t\/#primaryimage"},"thumbnailUrl":"https:\/\/autorival.ro\/landrover\/wp-content\/uploads\/sites\/19\/2026\/03\/4322070_mgc845t_front-17.jpg","datePublished":"2026-03-23T22:25:20+00:00","description":"\u26a1 Capac rezervor de combustibil MOTORAD MGC845T LAND ROVER DEFENDER Van (L663) 2,997 cmc (DT306(AJ20D6) Diesel\/electro 249 MOTORAD MGC845T pentru LAND ROVER. \u2713 Cod: MGC845T \u2713 Brand: MOTORAD \u2713 \u00cen stoc \u2713 Livrare 24h \u2713 Garan\u021bie!","breadcrumb":{"@id":"https:\/\/autorival.ro\/landrover\/product\/capac-rezervor-de-combustibil-motorad-mgc845t-land-rover-defender-van-l663-2997-cmc-dt306aj20d6-diesel-electro-249-motorad-mgc845t\/#breadcrumb"},"inLanguage":"en-US","potentialAction":[{"@type":"ReadAction","target":["https:\/\/autorival.ro\/landrover\/product\/capac-rezervor-de-combustibil-motorad-mgc845t-land-rover-defender-van-l663-2997-cmc-dt306aj20d6-diesel-electro-249-motorad-mgc845t\/"]}]},{"@type":"ImageObject","inLanguage":"en-US","@id":"https:\/\/autorival.ro\/landrover\/product\/capac-rezervor-de-combustibil-motorad-mgc845t-land-rover-defender-van-l663-2997-cmc-dt306aj20d6-diesel-electro-249-motorad-mgc845t\/#primaryimage","url":"https:\/\/autorival.ro\/landrover\/wp-content\/uploads\/sites\/19\/2026\/03\/4322070_mgc845t_front-17.jpg","contentUrl":"https:\/\/autorival.ro\/landrover\/wp-content\/uploads\/sites\/19\/2026\/03\/4322070_mgc845t_front-17.jpg","width":2500,"height":2500},{"@type":"BreadcrumbList","@id":"https:\/\/autorival.ro\/landrover\/product\/capac-rezervor-de-combustibil-motorad-mgc845t-land-rover-defender-van-l663-2997-cmc-dt306aj20d6-diesel-electro-249-motorad-mgc845t\/#breadcrumb","itemListElement":[{"@type":"ListItem","position":1,"name":"Prima pagin\u0103","item":"https:\/\/autorival.ro\/landrover\/"},{"@type":"ListItem","position":2,"name":"Piese auto LAND ROVER","item":"https:\/\/autorival.ro\/landrover\/"},{"@type":"ListItem","position":3,"name":"Capac rezervor de combustibil MOTORAD MGC845T LAND ROVER DEFENDER Van (L663) 2,997 cmc (DT306(AJ20D6) Diesel\/electro 249 MOTORAD MGC845T"}]},{"@type":"WebSite","@id":"https:\/\/autorival.ro\/landrover\/#website","url":"https:\/\/autorival.ro\/landrover\/","name":"LAND ROVER","description":"","potentialAction":[{"@type":"SearchAction","target":{"@type":"EntryPoint","urlTemplate":"https:\/\/autorival.ro\/landrover\/?s={search_term_string}"},"query-input":{"@type":"PropertyValueSpecification","valueRequired":true,"valueName":"search_term_string"}}],"inLanguage":"en-US"}]}},"_links":{"self":[{"href":"https:\/\/autorival.ro\/landrover\/wp-json\/wp\/v2\/product\/339897","targetHints":{"allow":["GET"]}}],"collection":[{"href":"https:\/\/autorival.ro\/landrover\/wp-json\/wp\/v2\/product"}],"about":[{"href":"https:\/\/autorival.ro\/landrover\/wp-json\/wp\/v2\/types\/product"}],"replies":[{"embeddable":true,"href":"https:\/\/autorival.ro\/landrover\/wp-json\/wp\/v2\/comments?post=339897"}],"wp:featuredmedia":[{"embeddable":true,"href":"https:\/\/autorival.ro\/landrover\/wp-json\/wp\/v2\/media\/339898"}],"wp:attachment":[{"href":"https:\/\/autorival.ro\/landrover\/wp-json\/wp\/v2\/media?parent=339897"}],"wp:term":[{"taxonomy":"product_brand","embeddable":true,"href":"https:\/\/autorival.ro\/landrover\/wp-json\/wp\/v2\/product_brand?post=339897"},{"taxonomy":"product_cat","embeddable":true,"href":"https:\/\/autorival.ro\/landrover\/wp-json\/wp\/v2\/product_cat?post=339897"},{"taxonomy":"product_tag","embeddable":true,"href":"https:\/\/autorival.ro\/landrover\/wp-json\/wp\/v2\/product_tag?post=339897"}],"curies":[{"name":"wp","href":"https:\/\/api.w.org\/{rel}","templated":true}]}}