{"id":1199302,"date":"2026-04-09T06:58:59","date_gmt":"2026-04-09T06:58:59","guid":{"rendered":"https:\/\/autorival.ro\/landrover\/product\/set-placute-frana-denckermann-b111043-land-rover-freelander-2-l359-3192-cmc-b6324s32pdpr-benzina-233-denckermann-b111043\/"},"modified":"2026-04-09T06:58:59","modified_gmt":"2026-04-09T06:58:59","slug":"set-placute-frana-denckermann-b111043-land-rover-freelander-2-l359-3192-cmc-b6324s32pdpr-benzina-233-denckermann-b111043","status":"publish","type":"product","link":"https:\/\/autorival.ro\/landrover\/product\/set-placute-frana-denckermann-b111043-land-rover-freelander-2-l359-3192-cmc-b6324s32pdpr-benzina-233-denckermann-b111043\/","title":{"rendered":"Set placute frana DENCKERMANN B111043 LAND ROVER FREELANDER 2 (L359) 3,192 cmc (B6324S(32PDPR) benzina 233 DENCKERMANN B111043"},"content":{"rendered":"<p>Set placute frana DENCKERMANN B111043; Contact indicator uzura: nu pt. indicator indicator de avertizare uzur\u0103 preg\u0103tit, fara contact avertizare uzura; Grosime [mm]: 17,3; \u00cenaltime [mm]: 48,7; Latime [mm]: 106; Partea de montare: puntea spate; Serie \u0219asiu (VIN) \u00eencep\u00e2nd cu: DH000001; Serie \u0219asiu (VIN)p\u00e2n\u0103 la: FH999999; Sistem de fr\u00e2nare: Lucas \/ TRW<\/p>\n","protected":false},"excerpt":{"rendered":"<p>Producator: DENCKERMANN Cod: B111043<\/p>\n","protected":false},"featured_media":1199303,"comment_status":"open","ping_status":"closed","template":"","meta":[],"product_brand":[1681],"product_cat":[34031],"product_tag":[],"class_list":{"0":"post-1199302","1":"product","2":"type-product","3":"status-publish","4":"has-post-thumbnail","6":"product_brand-denckermann","7":"product_cat-set-placute-frana-3192-cmc-b6324s32pdpr-benzina-233","9":"first","10":"instock","11":"shipping-taxable","12":"purchasable","13":"product-type-simple"},"yoast_head":"<!-- This site is optimized with the Yoast SEO plugin v27.3 - https:\/\/yoast.com\/product\/yoast-seo-wordpress\/ -->\n<title>Set placute frana DENCKERMANN B111043 LAND ROVER FREELANDER 2 (L359) 3,192 cmc (B6324S(32PDPR) benzina 233 DENCKERMANN B111043 LAND ROVER | DENCKERMANN - Autorival<\/title>\n<meta name=\"description\" content=\"\u26a1 Set placute frana DENCKERMANN B111043 LAND ROVER FREELANDER 2 (L359) 3,192 cmc (B6324S(32PDPR) benzina 233 DENCKERMANN B111043 pentru LAND ROVER. \u2713 Cod: B111043 \u2713 Brand: DENCKERMANN \u2713 \u00cen stoc \u2713 Livrare 24h \u2713 Garan\u021bie!\" \/>\n<meta name=\"robots\" content=\"index, follow, max-snippet:-1, max-image-preview:large, max-video-preview:-1\" \/>\n<meta property=\"og:locale\" content=\"en_US\" \/>\n<meta property=\"og:type\" content=\"article\" \/>\n<meta property=\"og:title\" content=\"Set placute frana DENCKERMANN B111043 LAND ROVER FREELANDER 2 (L359) 3,192 cmc (B6324S(32PDPR) benzina 233 DENCKERMANN B111043 LAND ROVER | DENCKERMANN - Autorival\" \/>\n<meta property=\"og:description\" content=\"\u26a1 Set placute frana DENCKERMANN B111043 LAND ROVER FREELANDER 2 (L359) 3,192 cmc (B6324S(32PDPR) benzina 233 DENCKERMANN B111043 pentru LAND ROVER. \u2713 Cod: B111043 \u2713 Brand: DENCKERMANN \u2713 \u00cen stoc \u2713 Livrare 24h \u2713 Garan\u021bie!\" \/>\n<meta property=\"og:url\" content=\"https:\/\/autorival.ro\/landrover\/product\/set-placute-frana-denckermann-b111043-land-rover-freelander-2-l359-3192-cmc-b6324s32pdpr-benzina-233-denckermann-b111043\/\" \/>\n<meta property=\"og:site_name\" content=\"LAND ROVER\" \/>\n<meta name=\"twitter:card\" content=\"summary_large_image\" \/>\n<meta name=\"twitter:title\" content=\"Set placute frana DENCKERMANN B111043 LAND ROVER FREELANDER 2 (L359) 3,192 cmc (B6324S(32PDPR) benzina 233 DENCKERMANN B111043 LAND ROVER | DENCKERMANN - Autorival\" \/>\n<meta name=\"twitter:description\" content=\"\u26a1 Set placute frana DENCKERMANN B111043 LAND ROVER FREELANDER 2 (L359) 3,192 cmc (B6324S(32PDPR) benzina 233 DENCKERMANN B111043 pentru LAND ROVER. \u2713 Cod: B111043 \u2713 Brand: DENCKERMANN \u2713 \u00cen stoc \u2713 Livrare 24h \u2713 Garan\u021bie!\" \/>\n<script type=\"application\/ld+json\" class=\"yoast-schema-graph\">{\"@context\":\"https:\\\/\\\/schema.org\",\"@graph\":[{\"@type\":\"WebPage\",\"@id\":\"https:\\\/\\\/autorival.ro\\\/landrover\\\/product\\\/set-placute-frana-denckermann-b111043-land-rover-freelander-2-l359-3192-cmc-b6324s32pdpr-benzina-233-denckermann-b111043\\\/\",\"url\":\"https:\\\/\\\/autorival.ro\\\/landrover\\\/product\\\/set-placute-frana-denckermann-b111043-land-rover-freelander-2-l359-3192-cmc-b6324s32pdpr-benzina-233-denckermann-b111043\\\/\",\"name\":\"Set placute frana DENCKERMANN B111043 LAND ROVER FREELANDER 2 (L359) 3,192 cmc (B6324S(32PDPR) benzina 233 DENCKERMANN B111043 LAND ROVER | DENCKERMANN - Autorival\",\"isPartOf\":{\"@id\":\"https:\\\/\\\/autorival.ro\\\/landrover\\\/#website\"},\"primaryImageOfPage\":{\"@id\":\"https:\\\/\\\/autorival.ro\\\/landrover\\\/product\\\/set-placute-frana-denckermann-b111043-land-rover-freelander-2-l359-3192-cmc-b6324s32pdpr-benzina-233-denckermann-b111043\\\/#primaryimage\"},\"image\":{\"@id\":\"https:\\\/\\\/autorival.ro\\\/landrover\\\/product\\\/set-placute-frana-denckermann-b111043-land-rover-freelander-2-l359-3192-cmc-b6324s32pdpr-benzina-233-denckermann-b111043\\\/#primaryimage\"},\"thumbnailUrl\":\"https:\\\/\\\/autorival.ro\\\/landrover\\\/wp-content\\\/uploads\\\/sites\\\/19\\\/2026\\\/04\\\/1879675_b111043-7.jpg\",\"datePublished\":\"2026-04-09T06:58:59+00:00\",\"description\":\"\u26a1 Set placute frana DENCKERMANN B111043 LAND ROVER FREELANDER 2 (L359) 3,192 cmc (B6324S(32PDPR) benzina 233 DENCKERMANN B111043 pentru LAND ROVER. \u2713 Cod: B111043 \u2713 Brand: DENCKERMANN \u2713 \u00cen stoc \u2713 Livrare 24h \u2713 Garan\u021bie!\",\"breadcrumb\":{\"@id\":\"https:\\\/\\\/autorival.ro\\\/landrover\\\/product\\\/set-placute-frana-denckermann-b111043-land-rover-freelander-2-l359-3192-cmc-b6324s32pdpr-benzina-233-denckermann-b111043\\\/#breadcrumb\"},\"inLanguage\":\"en-US\",\"potentialAction\":[{\"@type\":\"ReadAction\",\"target\":[\"https:\\\/\\\/autorival.ro\\\/landrover\\\/product\\\/set-placute-frana-denckermann-b111043-land-rover-freelander-2-l359-3192-cmc-b6324s32pdpr-benzina-233-denckermann-b111043\\\/\"]}]},{\"@type\":\"ImageObject\",\"inLanguage\":\"en-US\",\"@id\":\"https:\\\/\\\/autorival.ro\\\/landrover\\\/product\\\/set-placute-frana-denckermann-b111043-land-rover-freelander-2-l359-3192-cmc-b6324s32pdpr-benzina-233-denckermann-b111043\\\/#primaryimage\",\"url\":\"https:\\\/\\\/autorival.ro\\\/landrover\\\/wp-content\\\/uploads\\\/sites\\\/19\\\/2026\\\/04\\\/1879675_b111043-7.jpg\",\"contentUrl\":\"https:\\\/\\\/autorival.ro\\\/landrover\\\/wp-content\\\/uploads\\\/sites\\\/19\\\/2026\\\/04\\\/1879675_b111043-7.jpg\",\"width\":395,\"height\":180},{\"@type\":\"BreadcrumbList\",\"@id\":\"https:\\\/\\\/autorival.ro\\\/landrover\\\/product\\\/set-placute-frana-denckermann-b111043-land-rover-freelander-2-l359-3192-cmc-b6324s32pdpr-benzina-233-denckermann-b111043\\\/#breadcrumb\",\"itemListElement\":[{\"@type\":\"ListItem\",\"position\":1,\"name\":\"Prima pagin\u0103\",\"item\":\"https:\\\/\\\/autorival.ro\\\/landrover\\\/\"},{\"@type\":\"ListItem\",\"position\":2,\"name\":\"Piese auto LAND ROVER\",\"item\":\"https:\\\/\\\/autorival.ro\\\/landrover\\\/\"},{\"@type\":\"ListItem\",\"position\":3,\"name\":\"Set placute frana DENCKERMANN B111043 LAND ROVER FREELANDER 2 (L359) 3,192 cmc (B6324S(32PDPR) benzina 233 DENCKERMANN B111043\"}]},{\"@type\":\"WebSite\",\"@id\":\"https:\\\/\\\/autorival.ro\\\/landrover\\\/#website\",\"url\":\"https:\\\/\\\/autorival.ro\\\/landrover\\\/\",\"name\":\"LAND ROVER\",\"description\":\"\",\"potentialAction\":[{\"@type\":\"SearchAction\",\"target\":{\"@type\":\"EntryPoint\",\"urlTemplate\":\"https:\\\/\\\/autorival.ro\\\/landrover\\\/?s={search_term_string}\"},\"query-input\":{\"@type\":\"PropertyValueSpecification\",\"valueRequired\":true,\"valueName\":\"search_term_string\"}}],\"inLanguage\":\"en-US\"}]}<\/script>\n<!-- \/ Yoast SEO plugin. -->","yoast_head_json":{"title":"Set placute frana DENCKERMANN B111043 LAND ROVER FREELANDER 2 (L359) 3,192 cmc (B6324S(32PDPR) benzina 233 DENCKERMANN B111043 LAND ROVER | DENCKERMANN - Autorival","description":"\u26a1 Set placute frana DENCKERMANN B111043 LAND ROVER FREELANDER 2 (L359) 3,192 cmc (B6324S(32PDPR) benzina 233 DENCKERMANN B111043 pentru LAND ROVER. \u2713 Cod: B111043 \u2713 Brand: DENCKERMANN \u2713 \u00cen stoc \u2713 Livrare 24h \u2713 Garan\u021bie!","robots":{"index":"index","follow":"follow","max-snippet":"max-snippet:-1","max-image-preview":"max-image-preview:large","max-video-preview":"max-video-preview:-1"},"og_locale":"en_US","og_type":"article","og_title":"Set placute frana DENCKERMANN B111043 LAND ROVER FREELANDER 2 (L359) 3,192 cmc (B6324S(32PDPR) benzina 233 DENCKERMANN B111043 LAND ROVER | DENCKERMANN - Autorival","og_description":"\u26a1 Set placute frana DENCKERMANN B111043 LAND ROVER FREELANDER 2 (L359) 3,192 cmc (B6324S(32PDPR) benzina 233 DENCKERMANN B111043 pentru LAND ROVER. \u2713 Cod: B111043 \u2713 Brand: DENCKERMANN \u2713 \u00cen stoc \u2713 Livrare 24h \u2713 Garan\u021bie!","og_url":"https:\/\/autorival.ro\/landrover\/product\/set-placute-frana-denckermann-b111043-land-rover-freelander-2-l359-3192-cmc-b6324s32pdpr-benzina-233-denckermann-b111043\/","og_site_name":"LAND ROVER","twitter_card":"summary_large_image","twitter_title":"Set placute frana DENCKERMANN B111043 LAND ROVER FREELANDER 2 (L359) 3,192 cmc (B6324S(32PDPR) benzina 233 DENCKERMANN B111043 LAND ROVER | DENCKERMANN - Autorival","twitter_description":"\u26a1 Set placute frana DENCKERMANN B111043 LAND ROVER FREELANDER 2 (L359) 3,192 cmc (B6324S(32PDPR) benzina 233 DENCKERMANN B111043 pentru LAND ROVER. \u2713 Cod: B111043 \u2713 Brand: DENCKERMANN \u2713 \u00cen stoc \u2713 Livrare 24h \u2713 Garan\u021bie!","schema":{"@context":"https:\/\/schema.org","@graph":[{"@type":"WebPage","@id":"https:\/\/autorival.ro\/landrover\/product\/set-placute-frana-denckermann-b111043-land-rover-freelander-2-l359-3192-cmc-b6324s32pdpr-benzina-233-denckermann-b111043\/","url":"https:\/\/autorival.ro\/landrover\/product\/set-placute-frana-denckermann-b111043-land-rover-freelander-2-l359-3192-cmc-b6324s32pdpr-benzina-233-denckermann-b111043\/","name":"Set placute frana DENCKERMANN B111043 LAND ROVER FREELANDER 2 (L359) 3,192 cmc (B6324S(32PDPR) benzina 233 DENCKERMANN B111043 LAND ROVER | DENCKERMANN - Autorival","isPartOf":{"@id":"https:\/\/autorival.ro\/landrover\/#website"},"primaryImageOfPage":{"@id":"https:\/\/autorival.ro\/landrover\/product\/set-placute-frana-denckermann-b111043-land-rover-freelander-2-l359-3192-cmc-b6324s32pdpr-benzina-233-denckermann-b111043\/#primaryimage"},"image":{"@id":"https:\/\/autorival.ro\/landrover\/product\/set-placute-frana-denckermann-b111043-land-rover-freelander-2-l359-3192-cmc-b6324s32pdpr-benzina-233-denckermann-b111043\/#primaryimage"},"thumbnailUrl":"https:\/\/autorival.ro\/landrover\/wp-content\/uploads\/sites\/19\/2026\/04\/1879675_b111043-7.jpg","datePublished":"2026-04-09T06:58:59+00:00","description":"\u26a1 Set placute frana DENCKERMANN B111043 LAND ROVER FREELANDER 2 (L359) 3,192 cmc (B6324S(32PDPR) benzina 233 DENCKERMANN B111043 pentru LAND ROVER. \u2713 Cod: B111043 \u2713 Brand: DENCKERMANN \u2713 \u00cen stoc \u2713 Livrare 24h \u2713 Garan\u021bie!","breadcrumb":{"@id":"https:\/\/autorival.ro\/landrover\/product\/set-placute-frana-denckermann-b111043-land-rover-freelander-2-l359-3192-cmc-b6324s32pdpr-benzina-233-denckermann-b111043\/#breadcrumb"},"inLanguage":"en-US","potentialAction":[{"@type":"ReadAction","target":["https:\/\/autorival.ro\/landrover\/product\/set-placute-frana-denckermann-b111043-land-rover-freelander-2-l359-3192-cmc-b6324s32pdpr-benzina-233-denckermann-b111043\/"]}]},{"@type":"ImageObject","inLanguage":"en-US","@id":"https:\/\/autorival.ro\/landrover\/product\/set-placute-frana-denckermann-b111043-land-rover-freelander-2-l359-3192-cmc-b6324s32pdpr-benzina-233-denckermann-b111043\/#primaryimage","url":"https:\/\/autorival.ro\/landrover\/wp-content\/uploads\/sites\/19\/2026\/04\/1879675_b111043-7.jpg","contentUrl":"https:\/\/autorival.ro\/landrover\/wp-content\/uploads\/sites\/19\/2026\/04\/1879675_b111043-7.jpg","width":395,"height":180},{"@type":"BreadcrumbList","@id":"https:\/\/autorival.ro\/landrover\/product\/set-placute-frana-denckermann-b111043-land-rover-freelander-2-l359-3192-cmc-b6324s32pdpr-benzina-233-denckermann-b111043\/#breadcrumb","itemListElement":[{"@type":"ListItem","position":1,"name":"Prima pagin\u0103","item":"https:\/\/autorival.ro\/landrover\/"},{"@type":"ListItem","position":2,"name":"Piese auto LAND ROVER","item":"https:\/\/autorival.ro\/landrover\/"},{"@type":"ListItem","position":3,"name":"Set placute frana DENCKERMANN B111043 LAND ROVER FREELANDER 2 (L359) 3,192 cmc (B6324S(32PDPR) benzina 233 DENCKERMANN B111043"}]},{"@type":"WebSite","@id":"https:\/\/autorival.ro\/landrover\/#website","url":"https:\/\/autorival.ro\/landrover\/","name":"LAND ROVER","description":"","potentialAction":[{"@type":"SearchAction","target":{"@type":"EntryPoint","urlTemplate":"https:\/\/autorival.ro\/landrover\/?s={search_term_string}"},"query-input":{"@type":"PropertyValueSpecification","valueRequired":true,"valueName":"search_term_string"}}],"inLanguage":"en-US"}]}},"_links":{"self":[{"href":"https:\/\/autorival.ro\/landrover\/wp-json\/wp\/v2\/product\/1199302","targetHints":{"allow":["GET"]}}],"collection":[{"href":"https:\/\/autorival.ro\/landrover\/wp-json\/wp\/v2\/product"}],"about":[{"href":"https:\/\/autorival.ro\/landrover\/wp-json\/wp\/v2\/types\/product"}],"replies":[{"embeddable":true,"href":"https:\/\/autorival.ro\/landrover\/wp-json\/wp\/v2\/comments?post=1199302"}],"wp:featuredmedia":[{"embeddable":true,"href":"https:\/\/autorival.ro\/landrover\/wp-json\/wp\/v2\/media\/1199303"}],"wp:attachment":[{"href":"https:\/\/autorival.ro\/landrover\/wp-json\/wp\/v2\/media?parent=1199302"}],"wp:term":[{"taxonomy":"product_brand","embeddable":true,"href":"https:\/\/autorival.ro\/landrover\/wp-json\/wp\/v2\/product_brand?post=1199302"},{"taxonomy":"product_cat","embeddable":true,"href":"https:\/\/autorival.ro\/landrover\/wp-json\/wp\/v2\/product_cat?post=1199302"},{"taxonomy":"product_tag","embeddable":true,"href":"https:\/\/autorival.ro\/landrover\/wp-json\/wp\/v2\/product_tag?post=1199302"}],"curies":[{"name":"wp","href":"https:\/\/api.w.org\/{rel}","templated":true}]}}