{"id":1162005,"date":"2026-04-08T06:23:45","date_gmt":"2026-04-08T06:23:45","guid":{"rendered":"https:\/\/autorival.ro\/landrover\/product\/set-placute-frana-denckermann-b111424-land-rover-range-rover-iv-l405-2995-cmc-306psaj126-benzina-340-denckermann-b111424\/"},"modified":"2026-04-08T06:23:45","modified_gmt":"2026-04-08T06:23:45","slug":"set-placute-frana-denckermann-b111424-land-rover-range-rover-iv-l405-2995-cmc-306psaj126-benzina-340-denckermann-b111424","status":"publish","type":"product","link":"https:\/\/autorival.ro\/landrover\/product\/set-placute-frana-denckermann-b111424-land-rover-range-rover-iv-l405-2995-cmc-306psaj126-benzina-340-denckermann-b111424\/","title":{"rendered":"Set placute frana DENCKERMANN B111424 LAND ROVER RANGE ROVER IV (L405) 2,995 cmc (306PS(AJ126) benzina 340 DENCKERMANN B111424"},"content":{"rendered":"<p>Set placute frana DENCKERMANN B111424; Contact indicator uzura: pentru indicator de avertizare uzur\u0103 preg\u0103tit, fara contact avertizare uzura; Dimensiune frane: 19&#8243;, 20&#8243;; Grosime [mm]: 17,7; \u00cenaltime [mm]: 58,5; Latime [mm]: 131,3; Marime janta [inch]: 18,0, 19,0, 20,0; nu pentru culoare etrier: albastru; Partea de montare: puntea spate; pentru diametru disc frana [mm]: 350, 380; Sistem de fr\u00e2nare: Lucas \/ TRW<\/p>\n","protected":false},"excerpt":{"rendered":"<p>Producator: DENCKERMANN Cod: B111424<\/p>\n","protected":false},"featured_media":1162006,"comment_status":"open","ping_status":"closed","template":"","meta":[],"product_brand":[1681],"product_cat":[11698],"product_tag":[],"class_list":{"0":"post-1162005","1":"product","2":"type-product","3":"status-publish","4":"has-post-thumbnail","6":"product_brand-denckermann","7":"product_cat-set-placute-frana-2995-cmc-306psaj126-benzina-340-range-rover-iv-l405","9":"first","10":"instock","11":"shipping-taxable","12":"purchasable","13":"product-type-simple"},"yoast_head":"<!-- This site is optimized with the Yoast SEO plugin v27.3 - https:\/\/yoast.com\/product\/yoast-seo-wordpress\/ -->\n<title>Set placute frana DENCKERMANN B111424 LAND ROVER RANGE ROVER IV (L405) 2,995 cmc (306PS(AJ126) benzina 340 DENCKERMANN B111424 LAND ROVER | DENCKERMANN - Autorival<\/title>\n<meta name=\"description\" content=\"\u26a1 Set placute frana DENCKERMANN B111424 LAND ROVER RANGE ROVER IV (L405) 2,995 cmc (306PS(AJ126) benzina 340 DENCKERMANN B111424 pentru LAND ROVER. \u2713 Cod: B111424 \u2713 Brand: DENCKERMANN \u2713 \u00cen stoc \u2713 Livrare 24h \u2713 Garan\u021bie!\" \/>\n<meta name=\"robots\" content=\"index, follow, max-snippet:-1, max-image-preview:large, max-video-preview:-1\" \/>\n<meta property=\"og:locale\" content=\"en_US\" \/>\n<meta property=\"og:type\" content=\"article\" \/>\n<meta property=\"og:title\" content=\"Set placute frana DENCKERMANN B111424 LAND ROVER RANGE ROVER IV (L405) 2,995 cmc (306PS(AJ126) benzina 340 DENCKERMANN B111424 LAND ROVER | DENCKERMANN - Autorival\" \/>\n<meta property=\"og:description\" content=\"\u26a1 Set placute frana DENCKERMANN B111424 LAND ROVER RANGE ROVER IV (L405) 2,995 cmc (306PS(AJ126) benzina 340 DENCKERMANN B111424 pentru LAND ROVER. \u2713 Cod: B111424 \u2713 Brand: DENCKERMANN \u2713 \u00cen stoc \u2713 Livrare 24h \u2713 Garan\u021bie!\" \/>\n<meta property=\"og:url\" content=\"https:\/\/autorival.ro\/landrover\/product\/set-placute-frana-denckermann-b111424-land-rover-range-rover-iv-l405-2995-cmc-306psaj126-benzina-340-denckermann-b111424\/\" \/>\n<meta property=\"og:site_name\" content=\"LAND ROVER\" \/>\n<meta name=\"twitter:card\" content=\"summary_large_image\" \/>\n<meta name=\"twitter:title\" content=\"Set placute frana DENCKERMANN B111424 LAND ROVER RANGE ROVER IV (L405) 2,995 cmc (306PS(AJ126) benzina 340 DENCKERMANN B111424 LAND ROVER | DENCKERMANN - Autorival\" \/>\n<meta name=\"twitter:description\" content=\"\u26a1 Set placute frana DENCKERMANN B111424 LAND ROVER RANGE ROVER IV (L405) 2,995 cmc (306PS(AJ126) benzina 340 DENCKERMANN B111424 pentru LAND ROVER. \u2713 Cod: B111424 \u2713 Brand: DENCKERMANN \u2713 \u00cen stoc \u2713 Livrare 24h \u2713 Garan\u021bie!\" \/>\n<script type=\"application\/ld+json\" class=\"yoast-schema-graph\">{\"@context\":\"https:\\\/\\\/schema.org\",\"@graph\":[{\"@type\":\"WebPage\",\"@id\":\"https:\\\/\\\/autorival.ro\\\/landrover\\\/product\\\/set-placute-frana-denckermann-b111424-land-rover-range-rover-iv-l405-2995-cmc-306psaj126-benzina-340-denckermann-b111424\\\/\",\"url\":\"https:\\\/\\\/autorival.ro\\\/landrover\\\/product\\\/set-placute-frana-denckermann-b111424-land-rover-range-rover-iv-l405-2995-cmc-306psaj126-benzina-340-denckermann-b111424\\\/\",\"name\":\"Set placute frana DENCKERMANN B111424 LAND ROVER RANGE ROVER IV (L405) 2,995 cmc (306PS(AJ126) benzina 340 DENCKERMANN B111424 LAND ROVER | DENCKERMANN - Autorival\",\"isPartOf\":{\"@id\":\"https:\\\/\\\/autorival.ro\\\/landrover\\\/#website\"},\"primaryImageOfPage\":{\"@id\":\"https:\\\/\\\/autorival.ro\\\/landrover\\\/product\\\/set-placute-frana-denckermann-b111424-land-rover-range-rover-iv-l405-2995-cmc-306psaj126-benzina-340-denckermann-b111424\\\/#primaryimage\"},\"image\":{\"@id\":\"https:\\\/\\\/autorival.ro\\\/landrover\\\/product\\\/set-placute-frana-denckermann-b111424-land-rover-range-rover-iv-l405-2995-cmc-306psaj126-benzina-340-denckermann-b111424\\\/#primaryimage\"},\"thumbnailUrl\":\"https:\\\/\\\/autorival.ro\\\/landrover\\\/wp-content\\\/uploads\\\/sites\\\/19\\\/2026\\\/04\\\/1880044_b111424-35.jpg\",\"datePublished\":\"2026-04-08T06:23:45+00:00\",\"description\":\"\u26a1 Set placute frana DENCKERMANN B111424 LAND ROVER RANGE ROVER IV (L405) 2,995 cmc (306PS(AJ126) benzina 340 DENCKERMANN B111424 pentru LAND ROVER. \u2713 Cod: B111424 \u2713 Brand: DENCKERMANN \u2713 \u00cen stoc \u2713 Livrare 24h \u2713 Garan\u021bie!\",\"breadcrumb\":{\"@id\":\"https:\\\/\\\/autorival.ro\\\/landrover\\\/product\\\/set-placute-frana-denckermann-b111424-land-rover-range-rover-iv-l405-2995-cmc-306psaj126-benzina-340-denckermann-b111424\\\/#breadcrumb\"},\"inLanguage\":\"en-US\",\"potentialAction\":[{\"@type\":\"ReadAction\",\"target\":[\"https:\\\/\\\/autorival.ro\\\/landrover\\\/product\\\/set-placute-frana-denckermann-b111424-land-rover-range-rover-iv-l405-2995-cmc-306psaj126-benzina-340-denckermann-b111424\\\/\"]}]},{\"@type\":\"ImageObject\",\"inLanguage\":\"en-US\",\"@id\":\"https:\\\/\\\/autorival.ro\\\/landrover\\\/product\\\/set-placute-frana-denckermann-b111424-land-rover-range-rover-iv-l405-2995-cmc-306psaj126-benzina-340-denckermann-b111424\\\/#primaryimage\",\"url\":\"https:\\\/\\\/autorival.ro\\\/landrover\\\/wp-content\\\/uploads\\\/sites\\\/19\\\/2026\\\/04\\\/1880044_b111424-35.jpg\",\"contentUrl\":\"https:\\\/\\\/autorival.ro\\\/landrover\\\/wp-content\\\/uploads\\\/sites\\\/19\\\/2026\\\/04\\\/1880044_b111424-35.jpg\",\"width\":1500,\"height\":1000},{\"@type\":\"BreadcrumbList\",\"@id\":\"https:\\\/\\\/autorival.ro\\\/landrover\\\/product\\\/set-placute-frana-denckermann-b111424-land-rover-range-rover-iv-l405-2995-cmc-306psaj126-benzina-340-denckermann-b111424\\\/#breadcrumb\",\"itemListElement\":[{\"@type\":\"ListItem\",\"position\":1,\"name\":\"Prima pagin\u0103\",\"item\":\"https:\\\/\\\/autorival.ro\\\/landrover\\\/\"},{\"@type\":\"ListItem\",\"position\":2,\"name\":\"Piese auto LAND ROVER\",\"item\":\"https:\\\/\\\/autorival.ro\\\/landrover\\\/\"},{\"@type\":\"ListItem\",\"position\":3,\"name\":\"Set placute frana DENCKERMANN B111424 LAND ROVER RANGE ROVER IV (L405) 2,995 cmc (306PS(AJ126) benzina 340 DENCKERMANN B111424\"}]},{\"@type\":\"WebSite\",\"@id\":\"https:\\\/\\\/autorival.ro\\\/landrover\\\/#website\",\"url\":\"https:\\\/\\\/autorival.ro\\\/landrover\\\/\",\"name\":\"LAND ROVER\",\"description\":\"\",\"potentialAction\":[{\"@type\":\"SearchAction\",\"target\":{\"@type\":\"EntryPoint\",\"urlTemplate\":\"https:\\\/\\\/autorival.ro\\\/landrover\\\/?s={search_term_string}\"},\"query-input\":{\"@type\":\"PropertyValueSpecification\",\"valueRequired\":true,\"valueName\":\"search_term_string\"}}],\"inLanguage\":\"en-US\"}]}<\/script>\n<!-- \/ Yoast SEO plugin. -->","yoast_head_json":{"title":"Set placute frana DENCKERMANN B111424 LAND ROVER RANGE ROVER IV (L405) 2,995 cmc (306PS(AJ126) benzina 340 DENCKERMANN B111424 LAND ROVER | DENCKERMANN - Autorival","description":"\u26a1 Set placute frana DENCKERMANN B111424 LAND ROVER RANGE ROVER IV (L405) 2,995 cmc (306PS(AJ126) benzina 340 DENCKERMANN B111424 pentru LAND ROVER. \u2713 Cod: B111424 \u2713 Brand: DENCKERMANN \u2713 \u00cen stoc \u2713 Livrare 24h \u2713 Garan\u021bie!","robots":{"index":"index","follow":"follow","max-snippet":"max-snippet:-1","max-image-preview":"max-image-preview:large","max-video-preview":"max-video-preview:-1"},"og_locale":"en_US","og_type":"article","og_title":"Set placute frana DENCKERMANN B111424 LAND ROVER RANGE ROVER IV (L405) 2,995 cmc (306PS(AJ126) benzina 340 DENCKERMANN B111424 LAND ROVER | DENCKERMANN - Autorival","og_description":"\u26a1 Set placute frana DENCKERMANN B111424 LAND ROVER RANGE ROVER IV (L405) 2,995 cmc (306PS(AJ126) benzina 340 DENCKERMANN B111424 pentru LAND ROVER. \u2713 Cod: B111424 \u2713 Brand: DENCKERMANN \u2713 \u00cen stoc \u2713 Livrare 24h \u2713 Garan\u021bie!","og_url":"https:\/\/autorival.ro\/landrover\/product\/set-placute-frana-denckermann-b111424-land-rover-range-rover-iv-l405-2995-cmc-306psaj126-benzina-340-denckermann-b111424\/","og_site_name":"LAND ROVER","twitter_card":"summary_large_image","twitter_title":"Set placute frana DENCKERMANN B111424 LAND ROVER RANGE ROVER IV (L405) 2,995 cmc (306PS(AJ126) benzina 340 DENCKERMANN B111424 LAND ROVER | DENCKERMANN - Autorival","twitter_description":"\u26a1 Set placute frana DENCKERMANN B111424 LAND ROVER RANGE ROVER IV (L405) 2,995 cmc (306PS(AJ126) benzina 340 DENCKERMANN B111424 pentru LAND ROVER. \u2713 Cod: B111424 \u2713 Brand: DENCKERMANN \u2713 \u00cen stoc \u2713 Livrare 24h \u2713 Garan\u021bie!","schema":{"@context":"https:\/\/schema.org","@graph":[{"@type":"WebPage","@id":"https:\/\/autorival.ro\/landrover\/product\/set-placute-frana-denckermann-b111424-land-rover-range-rover-iv-l405-2995-cmc-306psaj126-benzina-340-denckermann-b111424\/","url":"https:\/\/autorival.ro\/landrover\/product\/set-placute-frana-denckermann-b111424-land-rover-range-rover-iv-l405-2995-cmc-306psaj126-benzina-340-denckermann-b111424\/","name":"Set placute frana DENCKERMANN B111424 LAND ROVER RANGE ROVER IV (L405) 2,995 cmc (306PS(AJ126) benzina 340 DENCKERMANN B111424 LAND ROVER | DENCKERMANN - Autorival","isPartOf":{"@id":"https:\/\/autorival.ro\/landrover\/#website"},"primaryImageOfPage":{"@id":"https:\/\/autorival.ro\/landrover\/product\/set-placute-frana-denckermann-b111424-land-rover-range-rover-iv-l405-2995-cmc-306psaj126-benzina-340-denckermann-b111424\/#primaryimage"},"image":{"@id":"https:\/\/autorival.ro\/landrover\/product\/set-placute-frana-denckermann-b111424-land-rover-range-rover-iv-l405-2995-cmc-306psaj126-benzina-340-denckermann-b111424\/#primaryimage"},"thumbnailUrl":"https:\/\/autorival.ro\/landrover\/wp-content\/uploads\/sites\/19\/2026\/04\/1880044_b111424-35.jpg","datePublished":"2026-04-08T06:23:45+00:00","description":"\u26a1 Set placute frana DENCKERMANN B111424 LAND ROVER RANGE ROVER IV (L405) 2,995 cmc (306PS(AJ126) benzina 340 DENCKERMANN B111424 pentru LAND ROVER. \u2713 Cod: B111424 \u2713 Brand: DENCKERMANN \u2713 \u00cen stoc \u2713 Livrare 24h \u2713 Garan\u021bie!","breadcrumb":{"@id":"https:\/\/autorival.ro\/landrover\/product\/set-placute-frana-denckermann-b111424-land-rover-range-rover-iv-l405-2995-cmc-306psaj126-benzina-340-denckermann-b111424\/#breadcrumb"},"inLanguage":"en-US","potentialAction":[{"@type":"ReadAction","target":["https:\/\/autorival.ro\/landrover\/product\/set-placute-frana-denckermann-b111424-land-rover-range-rover-iv-l405-2995-cmc-306psaj126-benzina-340-denckermann-b111424\/"]}]},{"@type":"ImageObject","inLanguage":"en-US","@id":"https:\/\/autorival.ro\/landrover\/product\/set-placute-frana-denckermann-b111424-land-rover-range-rover-iv-l405-2995-cmc-306psaj126-benzina-340-denckermann-b111424\/#primaryimage","url":"https:\/\/autorival.ro\/landrover\/wp-content\/uploads\/sites\/19\/2026\/04\/1880044_b111424-35.jpg","contentUrl":"https:\/\/autorival.ro\/landrover\/wp-content\/uploads\/sites\/19\/2026\/04\/1880044_b111424-35.jpg","width":1500,"height":1000},{"@type":"BreadcrumbList","@id":"https:\/\/autorival.ro\/landrover\/product\/set-placute-frana-denckermann-b111424-land-rover-range-rover-iv-l405-2995-cmc-306psaj126-benzina-340-denckermann-b111424\/#breadcrumb","itemListElement":[{"@type":"ListItem","position":1,"name":"Prima pagin\u0103","item":"https:\/\/autorival.ro\/landrover\/"},{"@type":"ListItem","position":2,"name":"Piese auto LAND ROVER","item":"https:\/\/autorival.ro\/landrover\/"},{"@type":"ListItem","position":3,"name":"Set placute frana DENCKERMANN B111424 LAND ROVER RANGE ROVER IV (L405) 2,995 cmc (306PS(AJ126) benzina 340 DENCKERMANN B111424"}]},{"@type":"WebSite","@id":"https:\/\/autorival.ro\/landrover\/#website","url":"https:\/\/autorival.ro\/landrover\/","name":"LAND ROVER","description":"","potentialAction":[{"@type":"SearchAction","target":{"@type":"EntryPoint","urlTemplate":"https:\/\/autorival.ro\/landrover\/?s={search_term_string}"},"query-input":{"@type":"PropertyValueSpecification","valueRequired":true,"valueName":"search_term_string"}}],"inLanguage":"en-US"}]}},"_links":{"self":[{"href":"https:\/\/autorival.ro\/landrover\/wp-json\/wp\/v2\/product\/1162005","targetHints":{"allow":["GET"]}}],"collection":[{"href":"https:\/\/autorival.ro\/landrover\/wp-json\/wp\/v2\/product"}],"about":[{"href":"https:\/\/autorival.ro\/landrover\/wp-json\/wp\/v2\/types\/product"}],"replies":[{"embeddable":true,"href":"https:\/\/autorival.ro\/landrover\/wp-json\/wp\/v2\/comments?post=1162005"}],"wp:featuredmedia":[{"embeddable":true,"href":"https:\/\/autorival.ro\/landrover\/wp-json\/wp\/v2\/media\/1162006"}],"wp:attachment":[{"href":"https:\/\/autorival.ro\/landrover\/wp-json\/wp\/v2\/media?parent=1162005"}],"wp:term":[{"taxonomy":"product_brand","embeddable":true,"href":"https:\/\/autorival.ro\/landrover\/wp-json\/wp\/v2\/product_brand?post=1162005"},{"taxonomy":"product_cat","embeddable":true,"href":"https:\/\/autorival.ro\/landrover\/wp-json\/wp\/v2\/product_cat?post=1162005"},{"taxonomy":"product_tag","embeddable":true,"href":"https:\/\/autorival.ro\/landrover\/wp-json\/wp\/v2\/product_tag?post=1162005"}],"curies":[{"name":"wp","href":"https:\/\/api.w.org\/{rel}","templated":true}]}}