{"id":1161267,"date":"2026-04-08T05:54:44","date_gmt":"2026-04-08T05:54:44","guid":{"rendered":"https:\/\/autorival.ro\/landrover\/product\/set-placute-frana-delphi-lp2176-land-rover-range-rover-evoque-l551-1999-cmc-204dtdaj20d4-aj20d4-aj20d4-aj20d4-aj20d4-aj20d4-aj20d4-aj20d4-aj20d4-aj20d4-diesel-150-delphi-lp2176\/"},"modified":"2026-04-08T05:54:44","modified_gmt":"2026-04-08T05:54:44","slug":"set-placute-frana-delphi-lp2176-land-rover-range-rover-evoque-l551-1999-cmc-204dtdaj20d4-aj20d4-aj20d4-aj20d4-aj20d4-aj20d4-aj20d4-aj20d4-aj20d4-aj20d4-diesel-150-delphi-lp2176","status":"publish","type":"product","link":"https:\/\/autorival.ro\/landrover\/product\/set-placute-frana-delphi-lp2176-land-rover-range-rover-evoque-l551-1999-cmc-204dtdaj20d4-aj20d4-aj20d4-aj20d4-aj20d4-aj20d4-aj20d4-aj20d4-aj20d4-aj20d4-diesel-150-delphi-lp2176\/","title":{"rendered":"Set placute frana DELPHI LP2176 LAND ROVER RANGE ROVER EVOQUE (L551) 1,999 cmc (204DTD(AJ20D4) (AJ20D4) (AJ20D4) (AJ20D4) (AJ20D4) (AJ20D4) (AJ20D4) (AJ20D4) (AJ20D4) (AJ20D4) diesel 150 DELPHI LP2176"},"content":{"rendered":"<p>Set placute frana DELPHI LP2176; An fabricatie de la: 201003; An fabricatie pana la: 201412; Aprobare: E9 90R-01841\/2730; Articol completare\/Info suplimentar 2: cu tabla anti scartait; Articol extins\/Informatii de extindere: cu acceasorii; Cod FMSI: D1479-8542; Contact indicator uzura: pentru indicator de avertizare uzur\u0103 preg\u0103tit; Grosime 1 [mm]: 18; Grosime 2 [mm]: 18; \u00cenaltime 1 [mm]: 72,5; \u00cenaltime 2 [mm]: 72,5; Instala\u021bie de fr\u00e2nare: pentru vehicule cu instala\u021bie de fr\u00e2nare standard; Latime 1 [mm]: 192,9; Latime 2 [mm]: 192,9; Marime janta [inch]: 19; Material cuzinet: Low-Metallic; Numar WVA: 25021, 25022, 25203, 25204; Partea de montare: punte fata; pentru codul seriei de modele: Discovery; pentru diametru disc frana [mm]: 380; pentru numar articol: LZ0352; Sasiu: pentru vehicule cu suspensie reglabila in inaltime; Serie \u0219asiu (VIN) \u00eencep\u00e2nd cu: GA652129; Serie \u0219asiu (VIN)p\u00e2n\u0103 la: HA999999; Sistem de fr\u00e2nare: TRW; Tara productie vehicul: Marea Britanie, Slovacia; Tip sistem arcuri: pentru vehicule cu suspensie pneumatica; Vehicul cu aplicatii speciale: pentru vehicule blindate<\/p>\n","protected":false},"excerpt":{"rendered":"<p>Producator: DELPHI Cod: LP2176<\/p>\n","protected":false},"featured_media":1161268,"comment_status":"open","ping_status":"closed","template":"","meta":[],"product_brand":[148],"product_cat":[33943],"product_tag":[],"class_list":{"0":"post-1161267","1":"product","2":"type-product","3":"status-publish","4":"has-post-thumbnail","6":"product_brand-delphi","7":"product_cat-set-placute-frana-1999-cmc-204dtdaj20d4-aj20d4-aj20d4-aj20d4-aj20d4-aj20d4-aj20d4-aj20d4-aj20d4-aj20d4-diesel-150","9":"first","10":"instock","11":"shipping-taxable","12":"purchasable","13":"product-type-simple"},"yoast_head":"<!-- This site is optimized with the Yoast SEO plugin v27.3 - https:\/\/yoast.com\/product\/yoast-seo-wordpress\/ -->\n<title>Set placute frana DELPHI LP2176 LAND ROVER RANGE ROVER EVOQUE (L551) 1,999 cmc (204DTD(AJ20D4) (AJ20D4) (AJ20D4) (AJ20D4) (AJ20D4) (AJ20D4) (AJ20D4) (AJ20D4) (AJ20D4) (AJ20D4) diesel 150 DELPHI LP2176 LAND ROVER | DELPHI - Autorival<\/title>\n<meta name=\"description\" content=\"\u26a1 Set placute frana DELPHI LP2176 LAND ROVER RANGE ROVER EVOQUE (L551) 1,999 cmc (204DTD(AJ20D4) (AJ20D4) (AJ20D4) (AJ20D4) (AJ20D4) (AJ20D4) (AJ20D4) (AJ20D4) (AJ20D4) (AJ20D4) diesel 150 DELPHI LP2176 pentru LAND ROVER. \u2713 Cod: LP2176 \u2713 Brand: DELPHI \u2713 \u00cen stoc \u2713 Livrare 24h \u2713 Garan\u021bie!\" \/>\n<meta name=\"robots\" content=\"index, follow, max-snippet:-1, max-image-preview:large, max-video-preview:-1\" \/>\n<meta property=\"og:locale\" content=\"en_US\" \/>\n<meta property=\"og:type\" content=\"article\" \/>\n<meta property=\"og:title\" content=\"Set placute frana DELPHI LP2176 LAND ROVER RANGE ROVER EVOQUE (L551) 1,999 cmc (204DTD(AJ20D4) (AJ20D4) (AJ20D4) (AJ20D4) (AJ20D4) (AJ20D4) (AJ20D4) (AJ20D4) (AJ20D4) (AJ20D4) diesel 150 DELPHI LP2176 LAND ROVER | DELPHI - Autorival\" \/>\n<meta property=\"og:description\" content=\"\u26a1 Set placute frana DELPHI LP2176 LAND ROVER RANGE ROVER EVOQUE (L551) 1,999 cmc (204DTD(AJ20D4) (AJ20D4) (AJ20D4) (AJ20D4) (AJ20D4) (AJ20D4) (AJ20D4) (AJ20D4) (AJ20D4) (AJ20D4) diesel 150 DELPHI LP2176 pentru LAND ROVER. \u2713 Cod: LP2176 \u2713 Brand: DELPHI \u2713 \u00cen stoc \u2713 Livrare 24h \u2713 Garan\u021bie!\" \/>\n<meta property=\"og:url\" content=\"https:\/\/autorival.ro\/landrover\/product\/set-placute-frana-delphi-lp2176-land-rover-range-rover-evoque-l551-1999-cmc-204dtdaj20d4-aj20d4-aj20d4-aj20d4-aj20d4-aj20d4-aj20d4-aj20d4-aj20d4-aj20d4-diesel-150-delphi-lp2176\/\" \/>\n<meta property=\"og:site_name\" content=\"LAND ROVER\" \/>\n<meta name=\"twitter:card\" content=\"summary_large_image\" \/>\n<meta name=\"twitter:title\" content=\"Set placute frana DELPHI LP2176 LAND ROVER RANGE ROVER EVOQUE (L551) 1,999 cmc (204DTD(AJ20D4) (AJ20D4) (AJ20D4) (AJ20D4) (AJ20D4) (AJ20D4) (AJ20D4) (AJ20D4) (AJ20D4) (AJ20D4) diesel 150 DELPHI LP2176 LAND ROVER | DELPHI - Autorival\" \/>\n<meta name=\"twitter:description\" content=\"\u26a1 Set placute frana DELPHI LP2176 LAND ROVER RANGE ROVER EVOQUE (L551) 1,999 cmc (204DTD(AJ20D4) (AJ20D4) (AJ20D4) (AJ20D4) (AJ20D4) (AJ20D4) (AJ20D4) (AJ20D4) (AJ20D4) (AJ20D4) diesel 150 DELPHI LP2176 pentru LAND ROVER. \u2713 Cod: LP2176 \u2713 Brand: DELPHI \u2713 \u00cen stoc \u2713 Livrare 24h \u2713 Garan\u021bie!\" \/>\n<meta name=\"twitter:label1\" content=\"Est. reading time\" \/>\n\t<meta name=\"twitter:data1\" content=\"1 minute\" \/>\n<script type=\"application\/ld+json\" class=\"yoast-schema-graph\">{\"@context\":\"https:\\\/\\\/schema.org\",\"@graph\":[{\"@type\":\"WebPage\",\"@id\":\"https:\\\/\\\/autorival.ro\\\/landrover\\\/product\\\/set-placute-frana-delphi-lp2176-land-rover-range-rover-evoque-l551-1999-cmc-204dtdaj20d4-aj20d4-aj20d4-aj20d4-aj20d4-aj20d4-aj20d4-aj20d4-aj20d4-aj20d4-diesel-150-delphi-lp2176\\\/\",\"url\":\"https:\\\/\\\/autorival.ro\\\/landrover\\\/product\\\/set-placute-frana-delphi-lp2176-land-rover-range-rover-evoque-l551-1999-cmc-204dtdaj20d4-aj20d4-aj20d4-aj20d4-aj20d4-aj20d4-aj20d4-aj20d4-aj20d4-aj20d4-diesel-150-delphi-lp2176\\\/\",\"name\":\"Set placute frana DELPHI LP2176 LAND ROVER RANGE ROVER EVOQUE (L551) 1,999 cmc (204DTD(AJ20D4) (AJ20D4) (AJ20D4) (AJ20D4) (AJ20D4) (AJ20D4) (AJ20D4) (AJ20D4) (AJ20D4) (AJ20D4) diesel 150 DELPHI LP2176 LAND ROVER | DELPHI - Autorival\",\"isPartOf\":{\"@id\":\"https:\\\/\\\/autorival.ro\\\/landrover\\\/#website\"},\"primaryImageOfPage\":{\"@id\":\"https:\\\/\\\/autorival.ro\\\/landrover\\\/product\\\/set-placute-frana-delphi-lp2176-land-rover-range-rover-evoque-l551-1999-cmc-204dtdaj20d4-aj20d4-aj20d4-aj20d4-aj20d4-aj20d4-aj20d4-aj20d4-aj20d4-aj20d4-diesel-150-delphi-lp2176\\\/#primaryimage\"},\"image\":{\"@id\":\"https:\\\/\\\/autorival.ro\\\/landrover\\\/product\\\/set-placute-frana-delphi-lp2176-land-rover-range-rover-evoque-l551-1999-cmc-204dtdaj20d4-aj20d4-aj20d4-aj20d4-aj20d4-aj20d4-aj20d4-aj20d4-aj20d4-aj20d4-diesel-150-delphi-lp2176\\\/#primaryimage\"},\"thumbnailUrl\":\"https:\\\/\\\/autorival.ro\\\/landrover\\\/wp-content\\\/uploads\\\/sites\\\/19\\\/2026\\\/04\\\/1269421_lp2176_ld-88.jpg\",\"datePublished\":\"2026-04-08T05:54:44+00:00\",\"description\":\"\u26a1 Set placute frana DELPHI LP2176 LAND ROVER RANGE ROVER EVOQUE (L551) 1,999 cmc (204DTD(AJ20D4) (AJ20D4) (AJ20D4) (AJ20D4) (AJ20D4) (AJ20D4) (AJ20D4) (AJ20D4) (AJ20D4) (AJ20D4) diesel 150 DELPHI LP2176 pentru LAND ROVER. \u2713 Cod: LP2176 \u2713 Brand: DELPHI \u2713 \u00cen stoc \u2713 Livrare 24h \u2713 Garan\u021bie!\",\"breadcrumb\":{\"@id\":\"https:\\\/\\\/autorival.ro\\\/landrover\\\/product\\\/set-placute-frana-delphi-lp2176-land-rover-range-rover-evoque-l551-1999-cmc-204dtdaj20d4-aj20d4-aj20d4-aj20d4-aj20d4-aj20d4-aj20d4-aj20d4-aj20d4-aj20d4-diesel-150-delphi-lp2176\\\/#breadcrumb\"},\"inLanguage\":\"en-US\",\"potentialAction\":[{\"@type\":\"ReadAction\",\"target\":[\"https:\\\/\\\/autorival.ro\\\/landrover\\\/product\\\/set-placute-frana-delphi-lp2176-land-rover-range-rover-evoque-l551-1999-cmc-204dtdaj20d4-aj20d4-aj20d4-aj20d4-aj20d4-aj20d4-aj20d4-aj20d4-aj20d4-aj20d4-diesel-150-delphi-lp2176\\\/\"]}]},{\"@type\":\"ImageObject\",\"inLanguage\":\"en-US\",\"@id\":\"https:\\\/\\\/autorival.ro\\\/landrover\\\/product\\\/set-placute-frana-delphi-lp2176-land-rover-range-rover-evoque-l551-1999-cmc-204dtdaj20d4-aj20d4-aj20d4-aj20d4-aj20d4-aj20d4-aj20d4-aj20d4-aj20d4-aj20d4-diesel-150-delphi-lp2176\\\/#primaryimage\",\"url\":\"https:\\\/\\\/autorival.ro\\\/landrover\\\/wp-content\\\/uploads\\\/sites\\\/19\\\/2026\\\/04\\\/1269421_lp2176_ld-88.jpg\",\"contentUrl\":\"https:\\\/\\\/autorival.ro\\\/landrover\\\/wp-content\\\/uploads\\\/sites\\\/19\\\/2026\\\/04\\\/1269421_lp2176_ld-88.jpg\",\"width\":800,\"height\":800},{\"@type\":\"BreadcrumbList\",\"@id\":\"https:\\\/\\\/autorival.ro\\\/landrover\\\/product\\\/set-placute-frana-delphi-lp2176-land-rover-range-rover-evoque-l551-1999-cmc-204dtdaj20d4-aj20d4-aj20d4-aj20d4-aj20d4-aj20d4-aj20d4-aj20d4-aj20d4-aj20d4-diesel-150-delphi-lp2176\\\/#breadcrumb\",\"itemListElement\":[{\"@type\":\"ListItem\",\"position\":1,\"name\":\"Prima pagin\u0103\",\"item\":\"https:\\\/\\\/autorival.ro\\\/landrover\\\/\"},{\"@type\":\"ListItem\",\"position\":2,\"name\":\"Piese auto LAND ROVER\",\"item\":\"https:\\\/\\\/autorival.ro\\\/landrover\\\/\"},{\"@type\":\"ListItem\",\"position\":3,\"name\":\"Set placute frana DELPHI LP2176 LAND ROVER RANGE ROVER EVOQUE (L551) 1,999 cmc (204DTD(AJ20D4) (AJ20D4) (AJ20D4) (AJ20D4) (AJ20D4) (AJ20D4) (AJ20D4) (AJ20D4) (AJ20D4) (AJ20D4) diesel 150 DELPHI LP2176\"}]},{\"@type\":\"WebSite\",\"@id\":\"https:\\\/\\\/autorival.ro\\\/landrover\\\/#website\",\"url\":\"https:\\\/\\\/autorival.ro\\\/landrover\\\/\",\"name\":\"LAND ROVER\",\"description\":\"\",\"potentialAction\":[{\"@type\":\"SearchAction\",\"target\":{\"@type\":\"EntryPoint\",\"urlTemplate\":\"https:\\\/\\\/autorival.ro\\\/landrover\\\/?s={search_term_string}\"},\"query-input\":{\"@type\":\"PropertyValueSpecification\",\"valueRequired\":true,\"valueName\":\"search_term_string\"}}],\"inLanguage\":\"en-US\"}]}<\/script>\n<!-- \/ Yoast SEO plugin. -->","yoast_head_json":{"title":"Set placute frana DELPHI LP2176 LAND ROVER RANGE ROVER EVOQUE (L551) 1,999 cmc (204DTD(AJ20D4) (AJ20D4) (AJ20D4) (AJ20D4) (AJ20D4) (AJ20D4) (AJ20D4) (AJ20D4) (AJ20D4) (AJ20D4) diesel 150 DELPHI LP2176 LAND ROVER | DELPHI - Autorival","description":"\u26a1 Set placute frana DELPHI LP2176 LAND ROVER RANGE ROVER EVOQUE (L551) 1,999 cmc (204DTD(AJ20D4) (AJ20D4) (AJ20D4) (AJ20D4) (AJ20D4) (AJ20D4) (AJ20D4) (AJ20D4) (AJ20D4) (AJ20D4) diesel 150 DELPHI LP2176 pentru LAND ROVER. \u2713 Cod: LP2176 \u2713 Brand: DELPHI \u2713 \u00cen stoc \u2713 Livrare 24h \u2713 Garan\u021bie!","robots":{"index":"index","follow":"follow","max-snippet":"max-snippet:-1","max-image-preview":"max-image-preview:large","max-video-preview":"max-video-preview:-1"},"og_locale":"en_US","og_type":"article","og_title":"Set placute frana DELPHI LP2176 LAND ROVER RANGE ROVER EVOQUE (L551) 1,999 cmc (204DTD(AJ20D4) (AJ20D4) (AJ20D4) (AJ20D4) (AJ20D4) (AJ20D4) (AJ20D4) (AJ20D4) (AJ20D4) (AJ20D4) diesel 150 DELPHI LP2176 LAND ROVER | DELPHI - Autorival","og_description":"\u26a1 Set placute frana DELPHI LP2176 LAND ROVER RANGE ROVER EVOQUE (L551) 1,999 cmc (204DTD(AJ20D4) (AJ20D4) (AJ20D4) (AJ20D4) (AJ20D4) (AJ20D4) (AJ20D4) (AJ20D4) (AJ20D4) (AJ20D4) diesel 150 DELPHI LP2176 pentru LAND ROVER. \u2713 Cod: LP2176 \u2713 Brand: DELPHI \u2713 \u00cen stoc \u2713 Livrare 24h \u2713 Garan\u021bie!","og_url":"https:\/\/autorival.ro\/landrover\/product\/set-placute-frana-delphi-lp2176-land-rover-range-rover-evoque-l551-1999-cmc-204dtdaj20d4-aj20d4-aj20d4-aj20d4-aj20d4-aj20d4-aj20d4-aj20d4-aj20d4-aj20d4-diesel-150-delphi-lp2176\/","og_site_name":"LAND ROVER","twitter_card":"summary_large_image","twitter_title":"Set placute frana DELPHI LP2176 LAND ROVER RANGE ROVER EVOQUE (L551) 1,999 cmc (204DTD(AJ20D4) (AJ20D4) (AJ20D4) (AJ20D4) (AJ20D4) (AJ20D4) (AJ20D4) (AJ20D4) (AJ20D4) (AJ20D4) diesel 150 DELPHI LP2176 LAND ROVER | DELPHI - Autorival","twitter_description":"\u26a1 Set placute frana DELPHI LP2176 LAND ROVER RANGE ROVER EVOQUE (L551) 1,999 cmc (204DTD(AJ20D4) (AJ20D4) (AJ20D4) (AJ20D4) (AJ20D4) (AJ20D4) (AJ20D4) (AJ20D4) (AJ20D4) (AJ20D4) diesel 150 DELPHI LP2176 pentru LAND ROVER. \u2713 Cod: LP2176 \u2713 Brand: DELPHI \u2713 \u00cen stoc \u2713 Livrare 24h \u2713 Garan\u021bie!","twitter_misc":{"Est. reading time":"1 minute"},"schema":{"@context":"https:\/\/schema.org","@graph":[{"@type":"WebPage","@id":"https:\/\/autorival.ro\/landrover\/product\/set-placute-frana-delphi-lp2176-land-rover-range-rover-evoque-l551-1999-cmc-204dtdaj20d4-aj20d4-aj20d4-aj20d4-aj20d4-aj20d4-aj20d4-aj20d4-aj20d4-aj20d4-diesel-150-delphi-lp2176\/","url":"https:\/\/autorival.ro\/landrover\/product\/set-placute-frana-delphi-lp2176-land-rover-range-rover-evoque-l551-1999-cmc-204dtdaj20d4-aj20d4-aj20d4-aj20d4-aj20d4-aj20d4-aj20d4-aj20d4-aj20d4-aj20d4-diesel-150-delphi-lp2176\/","name":"Set placute frana DELPHI LP2176 LAND ROVER RANGE ROVER EVOQUE (L551) 1,999 cmc (204DTD(AJ20D4) (AJ20D4) (AJ20D4) (AJ20D4) (AJ20D4) (AJ20D4) (AJ20D4) (AJ20D4) (AJ20D4) (AJ20D4) diesel 150 DELPHI LP2176 LAND ROVER | DELPHI - Autorival","isPartOf":{"@id":"https:\/\/autorival.ro\/landrover\/#website"},"primaryImageOfPage":{"@id":"https:\/\/autorival.ro\/landrover\/product\/set-placute-frana-delphi-lp2176-land-rover-range-rover-evoque-l551-1999-cmc-204dtdaj20d4-aj20d4-aj20d4-aj20d4-aj20d4-aj20d4-aj20d4-aj20d4-aj20d4-aj20d4-diesel-150-delphi-lp2176\/#primaryimage"},"image":{"@id":"https:\/\/autorival.ro\/landrover\/product\/set-placute-frana-delphi-lp2176-land-rover-range-rover-evoque-l551-1999-cmc-204dtdaj20d4-aj20d4-aj20d4-aj20d4-aj20d4-aj20d4-aj20d4-aj20d4-aj20d4-aj20d4-diesel-150-delphi-lp2176\/#primaryimage"},"thumbnailUrl":"https:\/\/autorival.ro\/landrover\/wp-content\/uploads\/sites\/19\/2026\/04\/1269421_lp2176_ld-88.jpg","datePublished":"2026-04-08T05:54:44+00:00","description":"\u26a1 Set placute frana DELPHI LP2176 LAND ROVER RANGE ROVER EVOQUE (L551) 1,999 cmc (204DTD(AJ20D4) (AJ20D4) (AJ20D4) (AJ20D4) (AJ20D4) (AJ20D4) (AJ20D4) (AJ20D4) (AJ20D4) (AJ20D4) diesel 150 DELPHI LP2176 pentru LAND ROVER. \u2713 Cod: LP2176 \u2713 Brand: DELPHI \u2713 \u00cen stoc \u2713 Livrare 24h \u2713 Garan\u021bie!","breadcrumb":{"@id":"https:\/\/autorival.ro\/landrover\/product\/set-placute-frana-delphi-lp2176-land-rover-range-rover-evoque-l551-1999-cmc-204dtdaj20d4-aj20d4-aj20d4-aj20d4-aj20d4-aj20d4-aj20d4-aj20d4-aj20d4-aj20d4-diesel-150-delphi-lp2176\/#breadcrumb"},"inLanguage":"en-US","potentialAction":[{"@type":"ReadAction","target":["https:\/\/autorival.ro\/landrover\/product\/set-placute-frana-delphi-lp2176-land-rover-range-rover-evoque-l551-1999-cmc-204dtdaj20d4-aj20d4-aj20d4-aj20d4-aj20d4-aj20d4-aj20d4-aj20d4-aj20d4-aj20d4-diesel-150-delphi-lp2176\/"]}]},{"@type":"ImageObject","inLanguage":"en-US","@id":"https:\/\/autorival.ro\/landrover\/product\/set-placute-frana-delphi-lp2176-land-rover-range-rover-evoque-l551-1999-cmc-204dtdaj20d4-aj20d4-aj20d4-aj20d4-aj20d4-aj20d4-aj20d4-aj20d4-aj20d4-aj20d4-diesel-150-delphi-lp2176\/#primaryimage","url":"https:\/\/autorival.ro\/landrover\/wp-content\/uploads\/sites\/19\/2026\/04\/1269421_lp2176_ld-88.jpg","contentUrl":"https:\/\/autorival.ro\/landrover\/wp-content\/uploads\/sites\/19\/2026\/04\/1269421_lp2176_ld-88.jpg","width":800,"height":800},{"@type":"BreadcrumbList","@id":"https:\/\/autorival.ro\/landrover\/product\/set-placute-frana-delphi-lp2176-land-rover-range-rover-evoque-l551-1999-cmc-204dtdaj20d4-aj20d4-aj20d4-aj20d4-aj20d4-aj20d4-aj20d4-aj20d4-aj20d4-aj20d4-diesel-150-delphi-lp2176\/#breadcrumb","itemListElement":[{"@type":"ListItem","position":1,"name":"Prima pagin\u0103","item":"https:\/\/autorival.ro\/landrover\/"},{"@type":"ListItem","position":2,"name":"Piese auto LAND ROVER","item":"https:\/\/autorival.ro\/landrover\/"},{"@type":"ListItem","position":3,"name":"Set placute frana DELPHI LP2176 LAND ROVER RANGE ROVER EVOQUE (L551) 1,999 cmc (204DTD(AJ20D4) (AJ20D4) (AJ20D4) (AJ20D4) (AJ20D4) (AJ20D4) (AJ20D4) (AJ20D4) (AJ20D4) (AJ20D4) diesel 150 DELPHI LP2176"}]},{"@type":"WebSite","@id":"https:\/\/autorival.ro\/landrover\/#website","url":"https:\/\/autorival.ro\/landrover\/","name":"LAND ROVER","description":"","potentialAction":[{"@type":"SearchAction","target":{"@type":"EntryPoint","urlTemplate":"https:\/\/autorival.ro\/landrover\/?s={search_term_string}"},"query-input":{"@type":"PropertyValueSpecification","valueRequired":true,"valueName":"search_term_string"}}],"inLanguage":"en-US"}]}},"_links":{"self":[{"href":"https:\/\/autorival.ro\/landrover\/wp-json\/wp\/v2\/product\/1161267","targetHints":{"allow":["GET"]}}],"collection":[{"href":"https:\/\/autorival.ro\/landrover\/wp-json\/wp\/v2\/product"}],"about":[{"href":"https:\/\/autorival.ro\/landrover\/wp-json\/wp\/v2\/types\/product"}],"replies":[{"embeddable":true,"href":"https:\/\/autorival.ro\/landrover\/wp-json\/wp\/v2\/comments?post=1161267"}],"wp:featuredmedia":[{"embeddable":true,"href":"https:\/\/autorival.ro\/landrover\/wp-json\/wp\/v2\/media\/1161268"}],"wp:attachment":[{"href":"https:\/\/autorival.ro\/landrover\/wp-json\/wp\/v2\/media?parent=1161267"}],"wp:term":[{"taxonomy":"product_brand","embeddable":true,"href":"https:\/\/autorival.ro\/landrover\/wp-json\/wp\/v2\/product_brand?post=1161267"},{"taxonomy":"product_cat","embeddable":true,"href":"https:\/\/autorival.ro\/landrover\/wp-json\/wp\/v2\/product_cat?post=1161267"},{"taxonomy":"product_tag","embeddable":true,"href":"https:\/\/autorival.ro\/landrover\/wp-json\/wp\/v2\/product_tag?post=1161267"}],"curies":[{"name":"wp","href":"https:\/\/api.w.org\/{rel}","templated":true}]}}