{"id":98298,"date":"2026-03-22T20:42:32","date_gmt":"2026-03-22T20:42:32","guid":{"rendered":"https:\/\/autorival.ro\/isuzu\/product\/ventilator-habitaclu-nrf-34327-isuzu-d-max-ii-tfr-tfs-2499-cmc-4jk-1e5-tc-4jk1-e5s-l-diesel-163-nrf-34327\/"},"modified":"2026-03-22T20:42:32","modified_gmt":"2026-03-22T20:42:32","slug":"ventilator-habitaclu-nrf-34327-isuzu-d-max-ii-tfr-tfs-2499-cmc-4jk-1e5-tc-4jk1-e5s-l-diesel-163-nrf-34327","status":"publish","type":"product","link":"https:\/\/autorival.ro\/isuzu\/product\/ventilator-habitaclu-nrf-34327-isuzu-d-max-ii-tfr-tfs-2499-cmc-4jk-1e5-tc-4jk1-e5s-l-diesel-163-nrf-34327\/","title":{"rendered":"Ventilator habitaclu NRF 34327 ISUZU D-MAX II (TFR, TFS) 2,499 cmc (4JK-1E5-TC, 4JK1-E5S-L) diesel 163 NRF 34327"},"content":{"rendered":"<p>Ventilator habitaclu NRF 34327; Diametru 1 [mm]: 163; Directia de rotatie: rotatie contrar acelor de ceasornic; Forma carcasa stecher: dreptunghiular; Num\u0103rul conexiunilor cu muf\u0103: 2; Putere [W]: 219; Tensiune [V]: 12; Vehicul cu volan pe st\u00e2nga\/dreapta: pentru vehicule cu volan pe dreapta<\/p>\n","protected":false},"excerpt":{"rendered":"<p>Producator: NRF Cod: 34327<\/p>\n","protected":false},"featured_media":98299,"comment_status":"open","ping_status":"closed","template":"","meta":[],"product_brand":[57],"product_cat":[3834],"product_tag":[],"class_list":{"0":"post-98298","1":"product","2":"type-product","3":"status-publish","4":"has-post-thumbnail","6":"product_brand-nrf","7":"product_cat-motor-ventilator-piese-2499-cmc-4jk-1e5-tc-4jk1-e5s-l-diesel-163","9":"first","10":"instock","11":"shipping-taxable","12":"purchasable","13":"product-type-simple"},"yoast_head":"<!-- This site is optimized with the Yoast SEO plugin v27.3 - https:\/\/yoast.com\/product\/yoast-seo-wordpress\/ -->\n<title>Ventilator habitaclu NRF 34327 ISUZU D-MAX II (TFR, TFS) 2,499 cmc (4JK-1E5-TC, 4JK1-E5S-L) diesel 163 NRF 34327 ISUZU | NRF - Autorival<\/title>\n<meta name=\"description\" content=\"\u26a1 Ventilator habitaclu NRF 34327 ISUZU D-MAX II (TFR, TFS) 2,499 cmc (4JK-1E5-TC, 4JK1-E5S-L) diesel 163 NRF 34327 pentru ISUZU. \u2713 Cod: 34327 \u2713 Brand: NRF \u2713 \u00cen stoc \u2713 Livrare 24h \u2713 Garan\u021bie!\" \/>\n<meta name=\"robots\" content=\"index, follow, max-snippet:-1, max-image-preview:large, max-video-preview:-1\" \/>\n<meta property=\"og:locale\" content=\"en_US\" \/>\n<meta property=\"og:type\" content=\"article\" \/>\n<meta property=\"og:title\" content=\"Ventilator habitaclu NRF 34327 ISUZU D-MAX II (TFR, TFS) 2,499 cmc (4JK-1E5-TC, 4JK1-E5S-L) diesel 163 NRF 34327 ISUZU | NRF - Autorival\" \/>\n<meta property=\"og:description\" content=\"\u26a1 Ventilator habitaclu NRF 34327 ISUZU D-MAX II (TFR, TFS) 2,499 cmc (4JK-1E5-TC, 4JK1-E5S-L) diesel 163 NRF 34327 pentru ISUZU. \u2713 Cod: 34327 \u2713 Brand: NRF \u2713 \u00cen stoc \u2713 Livrare 24h \u2713 Garan\u021bie!\" \/>\n<meta property=\"og:url\" content=\"https:\/\/autorival.ro\/isuzu\/product\/ventilator-habitaclu-nrf-34327-isuzu-d-max-ii-tfr-tfs-2499-cmc-4jk-1e5-tc-4jk1-e5s-l-diesel-163-nrf-34327\/\" \/>\n<meta property=\"og:site_name\" content=\"ISUZU\" \/>\n<meta property=\"og:image\" content=\"https:\/\/autorival.ro\/isuzu\/wp-content\/uploads\/sites\/12\/2026\/03\/1565151_34327_1500x1000_wm_001-1.jpg\" \/>\n\t<meta property=\"og:image:width\" content=\"600\" \/>\n\t<meta property=\"og:image:height\" content=\"400\" \/>\n\t<meta property=\"og:image:type\" content=\"image\/jpeg\" \/>\n<meta name=\"twitter:card\" content=\"summary_large_image\" \/>\n<meta name=\"twitter:title\" content=\"Ventilator habitaclu NRF 34327 ISUZU D-MAX II (TFR, TFS) 2,499 cmc (4JK-1E5-TC, 4JK1-E5S-L) diesel 163 NRF 34327 ISUZU | NRF - Autorival\" \/>\n<meta name=\"twitter:description\" content=\"\u26a1 Ventilator habitaclu NRF 34327 ISUZU D-MAX II (TFR, TFS) 2,499 cmc (4JK-1E5-TC, 4JK1-E5S-L) diesel 163 NRF 34327 pentru ISUZU. \u2713 Cod: 34327 \u2713 Brand: NRF \u2713 \u00cen stoc \u2713 Livrare 24h \u2713 Garan\u021bie!\" \/>\n<script type=\"application\/ld+json\" class=\"yoast-schema-graph\">{\"@context\":\"https:\\\/\\\/schema.org\",\"@graph\":[{\"@type\":\"WebPage\",\"@id\":\"https:\\\/\\\/autorival.ro\\\/isuzu\\\/product\\\/ventilator-habitaclu-nrf-34327-isuzu-d-max-ii-tfr-tfs-2499-cmc-4jk-1e5-tc-4jk1-e5s-l-diesel-163-nrf-34327\\\/\",\"url\":\"https:\\\/\\\/autorival.ro\\\/isuzu\\\/product\\\/ventilator-habitaclu-nrf-34327-isuzu-d-max-ii-tfr-tfs-2499-cmc-4jk-1e5-tc-4jk1-e5s-l-diesel-163-nrf-34327\\\/\",\"name\":\"Ventilator habitaclu NRF 34327 ISUZU D-MAX II (TFR, TFS) 2,499 cmc (4JK-1E5-TC, 4JK1-E5S-L) diesel 163 NRF 34327 ISUZU | NRF - Autorival\",\"isPartOf\":{\"@id\":\"https:\\\/\\\/autorival.ro\\\/isuzu\\\/#website\"},\"primaryImageOfPage\":{\"@id\":\"https:\\\/\\\/autorival.ro\\\/isuzu\\\/product\\\/ventilator-habitaclu-nrf-34327-isuzu-d-max-ii-tfr-tfs-2499-cmc-4jk-1e5-tc-4jk1-e5s-l-diesel-163-nrf-34327\\\/#primaryimage\"},\"image\":{\"@id\":\"https:\\\/\\\/autorival.ro\\\/isuzu\\\/product\\\/ventilator-habitaclu-nrf-34327-isuzu-d-max-ii-tfr-tfs-2499-cmc-4jk-1e5-tc-4jk1-e5s-l-diesel-163-nrf-34327\\\/#primaryimage\"},\"thumbnailUrl\":\"https:\\\/\\\/autorival.ro\\\/isuzu\\\/wp-content\\\/uploads\\\/sites\\\/12\\\/2026\\\/03\\\/1565151_34327_1500x1000_wm_001-1.jpg\",\"datePublished\":\"2026-03-22T20:42:32+00:00\",\"description\":\"\u26a1 Ventilator habitaclu NRF 34327 ISUZU D-MAX II (TFR, TFS) 2,499 cmc (4JK-1E5-TC, 4JK1-E5S-L) diesel 163 NRF 34327 pentru ISUZU. \u2713 Cod: 34327 \u2713 Brand: NRF \u2713 \u00cen stoc \u2713 Livrare 24h \u2713 Garan\u021bie!\",\"breadcrumb\":{\"@id\":\"https:\\\/\\\/autorival.ro\\\/isuzu\\\/product\\\/ventilator-habitaclu-nrf-34327-isuzu-d-max-ii-tfr-tfs-2499-cmc-4jk-1e5-tc-4jk1-e5s-l-diesel-163-nrf-34327\\\/#breadcrumb\"},\"inLanguage\":\"en-US\",\"potentialAction\":[{\"@type\":\"ReadAction\",\"target\":[\"https:\\\/\\\/autorival.ro\\\/isuzu\\\/product\\\/ventilator-habitaclu-nrf-34327-isuzu-d-max-ii-tfr-tfs-2499-cmc-4jk-1e5-tc-4jk1-e5s-l-diesel-163-nrf-34327\\\/\"]}]},{\"@type\":\"ImageObject\",\"inLanguage\":\"en-US\",\"@id\":\"https:\\\/\\\/autorival.ro\\\/isuzu\\\/product\\\/ventilator-habitaclu-nrf-34327-isuzu-d-max-ii-tfr-tfs-2499-cmc-4jk-1e5-tc-4jk1-e5s-l-diesel-163-nrf-34327\\\/#primaryimage\",\"url\":\"https:\\\/\\\/autorival.ro\\\/isuzu\\\/wp-content\\\/uploads\\\/sites\\\/12\\\/2026\\\/03\\\/1565151_34327_1500x1000_wm_001-1.jpg\",\"contentUrl\":\"https:\\\/\\\/autorival.ro\\\/isuzu\\\/wp-content\\\/uploads\\\/sites\\\/12\\\/2026\\\/03\\\/1565151_34327_1500x1000_wm_001-1.jpg\",\"width\":600,\"height\":400},{\"@type\":\"BreadcrumbList\",\"@id\":\"https:\\\/\\\/autorival.ro\\\/isuzu\\\/product\\\/ventilator-habitaclu-nrf-34327-isuzu-d-max-ii-tfr-tfs-2499-cmc-4jk-1e5-tc-4jk1-e5s-l-diesel-163-nrf-34327\\\/#breadcrumb\",\"itemListElement\":[{\"@type\":\"ListItem\",\"position\":1,\"name\":\"Prima pagin\u0103\",\"item\":\"https:\\\/\\\/autorival.ro\\\/isuzu\\\/\"},{\"@type\":\"ListItem\",\"position\":2,\"name\":\"Piese auto ISUZU\",\"item\":\"https:\\\/\\\/autorival.ro\\\/isuzu\\\/\"},{\"@type\":\"ListItem\",\"position\":3,\"name\":\"Ventilator habitaclu NRF 34327 ISUZU D-MAX II (TFR, TFS) 2,499 cmc (4JK-1E5-TC, 4JK1-E5S-L) diesel 163 NRF 34327\"}]},{\"@type\":\"WebSite\",\"@id\":\"https:\\\/\\\/autorival.ro\\\/isuzu\\\/#website\",\"url\":\"https:\\\/\\\/autorival.ro\\\/isuzu\\\/\",\"name\":\"ISUZU\",\"description\":\"\",\"potentialAction\":[{\"@type\":\"SearchAction\",\"target\":{\"@type\":\"EntryPoint\",\"urlTemplate\":\"https:\\\/\\\/autorival.ro\\\/isuzu\\\/?s={search_term_string}\"},\"query-input\":{\"@type\":\"PropertyValueSpecification\",\"valueRequired\":true,\"valueName\":\"search_term_string\"}}],\"inLanguage\":\"en-US\"}]}<\/script>\n<!-- \/ Yoast SEO plugin. -->","yoast_head_json":{"title":"Ventilator habitaclu NRF 34327 ISUZU D-MAX II (TFR, TFS) 2,499 cmc (4JK-1E5-TC, 4JK1-E5S-L) diesel 163 NRF 34327 ISUZU | NRF - Autorival","description":"\u26a1 Ventilator habitaclu NRF 34327 ISUZU D-MAX II (TFR, TFS) 2,499 cmc (4JK-1E5-TC, 4JK1-E5S-L) diesel 163 NRF 34327 pentru ISUZU. \u2713 Cod: 34327 \u2713 Brand: NRF \u2713 \u00cen stoc \u2713 Livrare 24h \u2713 Garan\u021bie!","robots":{"index":"index","follow":"follow","max-snippet":"max-snippet:-1","max-image-preview":"max-image-preview:large","max-video-preview":"max-video-preview:-1"},"og_locale":"en_US","og_type":"article","og_title":"Ventilator habitaclu NRF 34327 ISUZU D-MAX II (TFR, TFS) 2,499 cmc (4JK-1E5-TC, 4JK1-E5S-L) diesel 163 NRF 34327 ISUZU | NRF - Autorival","og_description":"\u26a1 Ventilator habitaclu NRF 34327 ISUZU D-MAX II (TFR, TFS) 2,499 cmc (4JK-1E5-TC, 4JK1-E5S-L) diesel 163 NRF 34327 pentru ISUZU. \u2713 Cod: 34327 \u2713 Brand: NRF \u2713 \u00cen stoc \u2713 Livrare 24h \u2713 Garan\u021bie!","og_url":"https:\/\/autorival.ro\/isuzu\/product\/ventilator-habitaclu-nrf-34327-isuzu-d-max-ii-tfr-tfs-2499-cmc-4jk-1e5-tc-4jk1-e5s-l-diesel-163-nrf-34327\/","og_site_name":"ISUZU","og_image":[{"width":600,"height":400,"url":"https:\/\/autorival.ro\/isuzu\/wp-content\/uploads\/sites\/12\/2026\/03\/1565151_34327_1500x1000_wm_001-1.jpg","type":"image\/jpeg"}],"twitter_card":"summary_large_image","twitter_title":"Ventilator habitaclu NRF 34327 ISUZU D-MAX II (TFR, TFS) 2,499 cmc (4JK-1E5-TC, 4JK1-E5S-L) diesel 163 NRF 34327 ISUZU | NRF - Autorival","twitter_description":"\u26a1 Ventilator habitaclu NRF 34327 ISUZU D-MAX II (TFR, TFS) 2,499 cmc (4JK-1E5-TC, 4JK1-E5S-L) diesel 163 NRF 34327 pentru ISUZU. \u2713 Cod: 34327 \u2713 Brand: NRF \u2713 \u00cen stoc \u2713 Livrare 24h \u2713 Garan\u021bie!","schema":{"@context":"https:\/\/schema.org","@graph":[{"@type":"WebPage","@id":"https:\/\/autorival.ro\/isuzu\/product\/ventilator-habitaclu-nrf-34327-isuzu-d-max-ii-tfr-tfs-2499-cmc-4jk-1e5-tc-4jk1-e5s-l-diesel-163-nrf-34327\/","url":"https:\/\/autorival.ro\/isuzu\/product\/ventilator-habitaclu-nrf-34327-isuzu-d-max-ii-tfr-tfs-2499-cmc-4jk-1e5-tc-4jk1-e5s-l-diesel-163-nrf-34327\/","name":"Ventilator habitaclu NRF 34327 ISUZU D-MAX II (TFR, TFS) 2,499 cmc (4JK-1E5-TC, 4JK1-E5S-L) diesel 163 NRF 34327 ISUZU | NRF - Autorival","isPartOf":{"@id":"https:\/\/autorival.ro\/isuzu\/#website"},"primaryImageOfPage":{"@id":"https:\/\/autorival.ro\/isuzu\/product\/ventilator-habitaclu-nrf-34327-isuzu-d-max-ii-tfr-tfs-2499-cmc-4jk-1e5-tc-4jk1-e5s-l-diesel-163-nrf-34327\/#primaryimage"},"image":{"@id":"https:\/\/autorival.ro\/isuzu\/product\/ventilator-habitaclu-nrf-34327-isuzu-d-max-ii-tfr-tfs-2499-cmc-4jk-1e5-tc-4jk1-e5s-l-diesel-163-nrf-34327\/#primaryimage"},"thumbnailUrl":"https:\/\/autorival.ro\/isuzu\/wp-content\/uploads\/sites\/12\/2026\/03\/1565151_34327_1500x1000_wm_001-1.jpg","datePublished":"2026-03-22T20:42:32+00:00","description":"\u26a1 Ventilator habitaclu NRF 34327 ISUZU D-MAX II (TFR, TFS) 2,499 cmc (4JK-1E5-TC, 4JK1-E5S-L) diesel 163 NRF 34327 pentru ISUZU. \u2713 Cod: 34327 \u2713 Brand: NRF \u2713 \u00cen stoc \u2713 Livrare 24h \u2713 Garan\u021bie!","breadcrumb":{"@id":"https:\/\/autorival.ro\/isuzu\/product\/ventilator-habitaclu-nrf-34327-isuzu-d-max-ii-tfr-tfs-2499-cmc-4jk-1e5-tc-4jk1-e5s-l-diesel-163-nrf-34327\/#breadcrumb"},"inLanguage":"en-US","potentialAction":[{"@type":"ReadAction","target":["https:\/\/autorival.ro\/isuzu\/product\/ventilator-habitaclu-nrf-34327-isuzu-d-max-ii-tfr-tfs-2499-cmc-4jk-1e5-tc-4jk1-e5s-l-diesel-163-nrf-34327\/"]}]},{"@type":"ImageObject","inLanguage":"en-US","@id":"https:\/\/autorival.ro\/isuzu\/product\/ventilator-habitaclu-nrf-34327-isuzu-d-max-ii-tfr-tfs-2499-cmc-4jk-1e5-tc-4jk1-e5s-l-diesel-163-nrf-34327\/#primaryimage","url":"https:\/\/autorival.ro\/isuzu\/wp-content\/uploads\/sites\/12\/2026\/03\/1565151_34327_1500x1000_wm_001-1.jpg","contentUrl":"https:\/\/autorival.ro\/isuzu\/wp-content\/uploads\/sites\/12\/2026\/03\/1565151_34327_1500x1000_wm_001-1.jpg","width":600,"height":400},{"@type":"BreadcrumbList","@id":"https:\/\/autorival.ro\/isuzu\/product\/ventilator-habitaclu-nrf-34327-isuzu-d-max-ii-tfr-tfs-2499-cmc-4jk-1e5-tc-4jk1-e5s-l-diesel-163-nrf-34327\/#breadcrumb","itemListElement":[{"@type":"ListItem","position":1,"name":"Prima pagin\u0103","item":"https:\/\/autorival.ro\/isuzu\/"},{"@type":"ListItem","position":2,"name":"Piese auto ISUZU","item":"https:\/\/autorival.ro\/isuzu\/"},{"@type":"ListItem","position":3,"name":"Ventilator habitaclu NRF 34327 ISUZU D-MAX II (TFR, TFS) 2,499 cmc (4JK-1E5-TC, 4JK1-E5S-L) diesel 163 NRF 34327"}]},{"@type":"WebSite","@id":"https:\/\/autorival.ro\/isuzu\/#website","url":"https:\/\/autorival.ro\/isuzu\/","name":"ISUZU","description":"","potentialAction":[{"@type":"SearchAction","target":{"@type":"EntryPoint","urlTemplate":"https:\/\/autorival.ro\/isuzu\/?s={search_term_string}"},"query-input":{"@type":"PropertyValueSpecification","valueRequired":true,"valueName":"search_term_string"}}],"inLanguage":"en-US"}]}},"_links":{"self":[{"href":"https:\/\/autorival.ro\/isuzu\/wp-json\/wp\/v2\/product\/98298","targetHints":{"allow":["GET"]}}],"collection":[{"href":"https:\/\/autorival.ro\/isuzu\/wp-json\/wp\/v2\/product"}],"about":[{"href":"https:\/\/autorival.ro\/isuzu\/wp-json\/wp\/v2\/types\/product"}],"replies":[{"embeddable":true,"href":"https:\/\/autorival.ro\/isuzu\/wp-json\/wp\/v2\/comments?post=98298"}],"wp:featuredmedia":[{"embeddable":true,"href":"https:\/\/autorival.ro\/isuzu\/wp-json\/wp\/v2\/media\/98299"}],"wp:attachment":[{"href":"https:\/\/autorival.ro\/isuzu\/wp-json\/wp\/v2\/media?parent=98298"}],"wp:term":[{"taxonomy":"product_brand","embeddable":true,"href":"https:\/\/autorival.ro\/isuzu\/wp-json\/wp\/v2\/product_brand?post=98298"},{"taxonomy":"product_cat","embeddable":true,"href":"https:\/\/autorival.ro\/isuzu\/wp-json\/wp\/v2\/product_cat?post=98298"},{"taxonomy":"product_tag","embeddable":true,"href":"https:\/\/autorival.ro\/isuzu\/wp-json\/wp\/v2\/product_tag?post=98298"}],"curies":[{"name":"wp","href":"https:\/\/api.w.org\/{rel}","templated":true}]}}