{"id":47217,"date":"2026-03-22T15:54:59","date_gmt":"2026-03-22T15:54:59","guid":{"rendered":"https:\/\/autorival.ro\/isuzu\/product\/piston-etrier-frana-quick-brake-185212k-isuzu-kb-2499-cmc-4ja1t-diesel-90-quick-brake-185212k-2\/"},"modified":"2026-03-22T15:54:59","modified_gmt":"2026-03-22T15:54:59","slug":"piston-etrier-frana-quick-brake-185212k-isuzu-kb-2499-cmc-4ja1t-diesel-90-quick-brake-185212k-2","status":"publish","type":"product","link":"https:\/\/autorival.ro\/isuzu\/product\/piston-etrier-frana-quick-brake-185212k-isuzu-kb-2499-cmc-4ja1t-diesel-90-quick-brake-185212k-2\/","title":{"rendered":"Piston etrier frana QUICK BRAKE 185212K ISUZU KB 2,499 cmc (4JA1T) diesel 90 QUICK BRAKE 185212K"},"content":{"rendered":"<p>Piston etrier frana QUICK BRAKE 185212K; An fabricatie de la: 199808; An fabricatie pana la: 199107; Diametru [mm]: 60; \u00cenaltime [mm]: 46; Material: otel; Partea de montare: punte fata; pentru grosime disc frana [mm]: 26; Sistem de fr\u00e2nare: Akebono; Tip autovehicul: Trooper; Tip etrier fr\u00e2na: Etrier de fr\u00e2n\u0103 (1 piston)<\/p>\n","protected":false},"excerpt":{"rendered":"<p>Producator: QUICK BRAKE Cod: 185212K<\/p>\n","protected":false},"featured_media":47218,"comment_status":"open","ping_status":"closed","template":"","meta":[],"product_brand":[1800],"product_cat":[1785],"product_tag":[],"class_list":{"0":"post-47217","1":"product","2":"type-product","3":"status-publish","4":"has-post-thumbnail","6":"product_brand-quick-brake","7":"product_cat-piese-etrier-2499-cmc-4ja1t-diesel-90","9":"first","10":"instock","11":"shipping-taxable","12":"purchasable","13":"product-type-simple"},"yoast_head":"<!-- This site is optimized with the Yoast SEO plugin v27.3 - https:\/\/yoast.com\/product\/yoast-seo-wordpress\/ -->\n<title>Piston etrier frana QUICK BRAKE 185212K ISUZU KB 2,499 cmc (4JA1T) diesel 90 QUICK BRAKE 185212K ISUZU | QUICK - Autorival<\/title>\n<meta name=\"description\" content=\"\u26a1 Piston etrier frana QUICK BRAKE 185212K ISUZU KB 2,499 cmc (4JA1T) diesel 90 QUICK BRAKE 185212K pentru ISUZU. \u2713 Cod: 185212K \u2713 Brand: QUICK \u2713 \u00cen stoc \u2713 Livrare 24h \u2713 Garan\u021bie!\" \/>\n<meta name=\"robots\" content=\"index, follow, max-snippet:-1, max-image-preview:large, max-video-preview:-1\" \/>\n<meta property=\"og:locale\" content=\"en_US\" \/>\n<meta property=\"og:type\" content=\"article\" \/>\n<meta property=\"og:title\" content=\"Piston etrier frana QUICK BRAKE 185212K ISUZU KB 2,499 cmc (4JA1T) diesel 90 QUICK BRAKE 185212K ISUZU | QUICK - Autorival\" \/>\n<meta property=\"og:description\" content=\"\u26a1 Piston etrier frana QUICK BRAKE 185212K ISUZU KB 2,499 cmc (4JA1T) diesel 90 QUICK BRAKE 185212K pentru ISUZU. \u2713 Cod: 185212K \u2713 Brand: QUICK \u2713 \u00cen stoc \u2713 Livrare 24h \u2713 Garan\u021bie!\" \/>\n<meta property=\"og:url\" content=\"https:\/\/autorival.ro\/isuzu\/product\/piston-etrier-frana-quick-brake-185212k-isuzu-kb-2499-cmc-4ja1t-diesel-90-quick-brake-185212k-2\/\" \/>\n<meta property=\"og:site_name\" content=\"ISUZU\" \/>\n<meta property=\"og:image\" content=\"https:\/\/autorival.ro\/isuzu\/wp-content\/uploads\/sites\/12\/2026\/03\/4411669_185212k-29.jpg\" \/>\n\t<meta property=\"og:image:width\" content=\"600\" \/>\n\t<meta property=\"og:image:height\" content=\"400\" \/>\n\t<meta property=\"og:image:type\" content=\"image\/jpeg\" \/>\n<meta name=\"twitter:card\" content=\"summary_large_image\" \/>\n<meta name=\"twitter:title\" content=\"Piston etrier frana QUICK BRAKE 185212K ISUZU KB 2,499 cmc (4JA1T) diesel 90 QUICK BRAKE 185212K ISUZU | QUICK - Autorival\" \/>\n<meta name=\"twitter:description\" content=\"\u26a1 Piston etrier frana QUICK BRAKE 185212K ISUZU KB 2,499 cmc (4JA1T) diesel 90 QUICK BRAKE 185212K pentru ISUZU. \u2713 Cod: 185212K \u2713 Brand: QUICK \u2713 \u00cen stoc \u2713 Livrare 24h \u2713 Garan\u021bie!\" \/>\n<script type=\"application\/ld+json\" class=\"yoast-schema-graph\">{\"@context\":\"https:\\\/\\\/schema.org\",\"@graph\":[{\"@type\":\"WebPage\",\"@id\":\"https:\\\/\\\/autorival.ro\\\/isuzu\\\/product\\\/piston-etrier-frana-quick-brake-185212k-isuzu-kb-2499-cmc-4ja1t-diesel-90-quick-brake-185212k-2\\\/\",\"url\":\"https:\\\/\\\/autorival.ro\\\/isuzu\\\/product\\\/piston-etrier-frana-quick-brake-185212k-isuzu-kb-2499-cmc-4ja1t-diesel-90-quick-brake-185212k-2\\\/\",\"name\":\"Piston etrier frana QUICK BRAKE 185212K ISUZU KB 2,499 cmc (4JA1T) diesel 90 QUICK BRAKE 185212K ISUZU | QUICK - Autorival\",\"isPartOf\":{\"@id\":\"https:\\\/\\\/autorival.ro\\\/isuzu\\\/#website\"},\"primaryImageOfPage\":{\"@id\":\"https:\\\/\\\/autorival.ro\\\/isuzu\\\/product\\\/piston-etrier-frana-quick-brake-185212k-isuzu-kb-2499-cmc-4ja1t-diesel-90-quick-brake-185212k-2\\\/#primaryimage\"},\"image\":{\"@id\":\"https:\\\/\\\/autorival.ro\\\/isuzu\\\/product\\\/piston-etrier-frana-quick-brake-185212k-isuzu-kb-2499-cmc-4ja1t-diesel-90-quick-brake-185212k-2\\\/#primaryimage\"},\"thumbnailUrl\":\"https:\\\/\\\/autorival.ro\\\/isuzu\\\/wp-content\\\/uploads\\\/sites\\\/12\\\/2026\\\/03\\\/4411669_185212k-29.jpg\",\"datePublished\":\"2026-03-22T15:54:59+00:00\",\"description\":\"\u26a1 Piston etrier frana QUICK BRAKE 185212K ISUZU KB 2,499 cmc (4JA1T) diesel 90 QUICK BRAKE 185212K pentru ISUZU. \u2713 Cod: 185212K \u2713 Brand: QUICK \u2713 \u00cen stoc \u2713 Livrare 24h \u2713 Garan\u021bie!\",\"breadcrumb\":{\"@id\":\"https:\\\/\\\/autorival.ro\\\/isuzu\\\/product\\\/piston-etrier-frana-quick-brake-185212k-isuzu-kb-2499-cmc-4ja1t-diesel-90-quick-brake-185212k-2\\\/#breadcrumb\"},\"inLanguage\":\"en-US\",\"potentialAction\":[{\"@type\":\"ReadAction\",\"target\":[\"https:\\\/\\\/autorival.ro\\\/isuzu\\\/product\\\/piston-etrier-frana-quick-brake-185212k-isuzu-kb-2499-cmc-4ja1t-diesel-90-quick-brake-185212k-2\\\/\"]}]},{\"@type\":\"ImageObject\",\"inLanguage\":\"en-US\",\"@id\":\"https:\\\/\\\/autorival.ro\\\/isuzu\\\/product\\\/piston-etrier-frana-quick-brake-185212k-isuzu-kb-2499-cmc-4ja1t-diesel-90-quick-brake-185212k-2\\\/#primaryimage\",\"url\":\"https:\\\/\\\/autorival.ro\\\/isuzu\\\/wp-content\\\/uploads\\\/sites\\\/12\\\/2026\\\/03\\\/4411669_185212k-29.jpg\",\"contentUrl\":\"https:\\\/\\\/autorival.ro\\\/isuzu\\\/wp-content\\\/uploads\\\/sites\\\/12\\\/2026\\\/03\\\/4411669_185212k-29.jpg\",\"width\":600,\"height\":400},{\"@type\":\"BreadcrumbList\",\"@id\":\"https:\\\/\\\/autorival.ro\\\/isuzu\\\/product\\\/piston-etrier-frana-quick-brake-185212k-isuzu-kb-2499-cmc-4ja1t-diesel-90-quick-brake-185212k-2\\\/#breadcrumb\",\"itemListElement\":[{\"@type\":\"ListItem\",\"position\":1,\"name\":\"Prima pagin\u0103\",\"item\":\"https:\\\/\\\/autorival.ro\\\/isuzu\\\/\"},{\"@type\":\"ListItem\",\"position\":2,\"name\":\"Piese auto ISUZU\",\"item\":\"https:\\\/\\\/autorival.ro\\\/isuzu\\\/\"},{\"@type\":\"ListItem\",\"position\":3,\"name\":\"Piston etrier frana QUICK BRAKE 185212K ISUZU KB 2,499 cmc (4JA1T) diesel 90 QUICK BRAKE 185212K\"}]},{\"@type\":\"WebSite\",\"@id\":\"https:\\\/\\\/autorival.ro\\\/isuzu\\\/#website\",\"url\":\"https:\\\/\\\/autorival.ro\\\/isuzu\\\/\",\"name\":\"ISUZU\",\"description\":\"\",\"potentialAction\":[{\"@type\":\"SearchAction\",\"target\":{\"@type\":\"EntryPoint\",\"urlTemplate\":\"https:\\\/\\\/autorival.ro\\\/isuzu\\\/?s={search_term_string}\"},\"query-input\":{\"@type\":\"PropertyValueSpecification\",\"valueRequired\":true,\"valueName\":\"search_term_string\"}}],\"inLanguage\":\"en-US\"}]}<\/script>\n<!-- \/ Yoast SEO plugin. -->","yoast_head_json":{"title":"Piston etrier frana QUICK BRAKE 185212K ISUZU KB 2,499 cmc (4JA1T) diesel 90 QUICK BRAKE 185212K ISUZU | QUICK - Autorival","description":"\u26a1 Piston etrier frana QUICK BRAKE 185212K ISUZU KB 2,499 cmc (4JA1T) diesel 90 QUICK BRAKE 185212K pentru ISUZU. \u2713 Cod: 185212K \u2713 Brand: QUICK \u2713 \u00cen stoc \u2713 Livrare 24h \u2713 Garan\u021bie!","robots":{"index":"index","follow":"follow","max-snippet":"max-snippet:-1","max-image-preview":"max-image-preview:large","max-video-preview":"max-video-preview:-1"},"og_locale":"en_US","og_type":"article","og_title":"Piston etrier frana QUICK BRAKE 185212K ISUZU KB 2,499 cmc (4JA1T) diesel 90 QUICK BRAKE 185212K ISUZU | QUICK - Autorival","og_description":"\u26a1 Piston etrier frana QUICK BRAKE 185212K ISUZU KB 2,499 cmc (4JA1T) diesel 90 QUICK BRAKE 185212K pentru ISUZU. \u2713 Cod: 185212K \u2713 Brand: QUICK \u2713 \u00cen stoc \u2713 Livrare 24h \u2713 Garan\u021bie!","og_url":"https:\/\/autorival.ro\/isuzu\/product\/piston-etrier-frana-quick-brake-185212k-isuzu-kb-2499-cmc-4ja1t-diesel-90-quick-brake-185212k-2\/","og_site_name":"ISUZU","og_image":[{"width":600,"height":400,"url":"https:\/\/autorival.ro\/isuzu\/wp-content\/uploads\/sites\/12\/2026\/03\/4411669_185212k-29.jpg","type":"image\/jpeg"}],"twitter_card":"summary_large_image","twitter_title":"Piston etrier frana QUICK BRAKE 185212K ISUZU KB 2,499 cmc (4JA1T) diesel 90 QUICK BRAKE 185212K ISUZU | QUICK - Autorival","twitter_description":"\u26a1 Piston etrier frana QUICK BRAKE 185212K ISUZU KB 2,499 cmc (4JA1T) diesel 90 QUICK BRAKE 185212K pentru ISUZU. \u2713 Cod: 185212K \u2713 Brand: QUICK \u2713 \u00cen stoc \u2713 Livrare 24h \u2713 Garan\u021bie!","schema":{"@context":"https:\/\/schema.org","@graph":[{"@type":"WebPage","@id":"https:\/\/autorival.ro\/isuzu\/product\/piston-etrier-frana-quick-brake-185212k-isuzu-kb-2499-cmc-4ja1t-diesel-90-quick-brake-185212k-2\/","url":"https:\/\/autorival.ro\/isuzu\/product\/piston-etrier-frana-quick-brake-185212k-isuzu-kb-2499-cmc-4ja1t-diesel-90-quick-brake-185212k-2\/","name":"Piston etrier frana QUICK BRAKE 185212K ISUZU KB 2,499 cmc (4JA1T) diesel 90 QUICK BRAKE 185212K ISUZU | QUICK - Autorival","isPartOf":{"@id":"https:\/\/autorival.ro\/isuzu\/#website"},"primaryImageOfPage":{"@id":"https:\/\/autorival.ro\/isuzu\/product\/piston-etrier-frana-quick-brake-185212k-isuzu-kb-2499-cmc-4ja1t-diesel-90-quick-brake-185212k-2\/#primaryimage"},"image":{"@id":"https:\/\/autorival.ro\/isuzu\/product\/piston-etrier-frana-quick-brake-185212k-isuzu-kb-2499-cmc-4ja1t-diesel-90-quick-brake-185212k-2\/#primaryimage"},"thumbnailUrl":"https:\/\/autorival.ro\/isuzu\/wp-content\/uploads\/sites\/12\/2026\/03\/4411669_185212k-29.jpg","datePublished":"2026-03-22T15:54:59+00:00","description":"\u26a1 Piston etrier frana QUICK BRAKE 185212K ISUZU KB 2,499 cmc (4JA1T) diesel 90 QUICK BRAKE 185212K pentru ISUZU. \u2713 Cod: 185212K \u2713 Brand: QUICK \u2713 \u00cen stoc \u2713 Livrare 24h \u2713 Garan\u021bie!","breadcrumb":{"@id":"https:\/\/autorival.ro\/isuzu\/product\/piston-etrier-frana-quick-brake-185212k-isuzu-kb-2499-cmc-4ja1t-diesel-90-quick-brake-185212k-2\/#breadcrumb"},"inLanguage":"en-US","potentialAction":[{"@type":"ReadAction","target":["https:\/\/autorival.ro\/isuzu\/product\/piston-etrier-frana-quick-brake-185212k-isuzu-kb-2499-cmc-4ja1t-diesel-90-quick-brake-185212k-2\/"]}]},{"@type":"ImageObject","inLanguage":"en-US","@id":"https:\/\/autorival.ro\/isuzu\/product\/piston-etrier-frana-quick-brake-185212k-isuzu-kb-2499-cmc-4ja1t-diesel-90-quick-brake-185212k-2\/#primaryimage","url":"https:\/\/autorival.ro\/isuzu\/wp-content\/uploads\/sites\/12\/2026\/03\/4411669_185212k-29.jpg","contentUrl":"https:\/\/autorival.ro\/isuzu\/wp-content\/uploads\/sites\/12\/2026\/03\/4411669_185212k-29.jpg","width":600,"height":400},{"@type":"BreadcrumbList","@id":"https:\/\/autorival.ro\/isuzu\/product\/piston-etrier-frana-quick-brake-185212k-isuzu-kb-2499-cmc-4ja1t-diesel-90-quick-brake-185212k-2\/#breadcrumb","itemListElement":[{"@type":"ListItem","position":1,"name":"Prima pagin\u0103","item":"https:\/\/autorival.ro\/isuzu\/"},{"@type":"ListItem","position":2,"name":"Piese auto ISUZU","item":"https:\/\/autorival.ro\/isuzu\/"},{"@type":"ListItem","position":3,"name":"Piston etrier frana QUICK BRAKE 185212K ISUZU KB 2,499 cmc (4JA1T) diesel 90 QUICK BRAKE 185212K"}]},{"@type":"WebSite","@id":"https:\/\/autorival.ro\/isuzu\/#website","url":"https:\/\/autorival.ro\/isuzu\/","name":"ISUZU","description":"","potentialAction":[{"@type":"SearchAction","target":{"@type":"EntryPoint","urlTemplate":"https:\/\/autorival.ro\/isuzu\/?s={search_term_string}"},"query-input":{"@type":"PropertyValueSpecification","valueRequired":true,"valueName":"search_term_string"}}],"inLanguage":"en-US"}]}},"_links":{"self":[{"href":"https:\/\/autorival.ro\/isuzu\/wp-json\/wp\/v2\/product\/47217","targetHints":{"allow":["GET"]}}],"collection":[{"href":"https:\/\/autorival.ro\/isuzu\/wp-json\/wp\/v2\/product"}],"about":[{"href":"https:\/\/autorival.ro\/isuzu\/wp-json\/wp\/v2\/types\/product"}],"replies":[{"embeddable":true,"href":"https:\/\/autorival.ro\/isuzu\/wp-json\/wp\/v2\/comments?post=47217"}],"wp:featuredmedia":[{"embeddable":true,"href":"https:\/\/autorival.ro\/isuzu\/wp-json\/wp\/v2\/media\/47218"}],"wp:attachment":[{"href":"https:\/\/autorival.ro\/isuzu\/wp-json\/wp\/v2\/media?parent=47217"}],"wp:term":[{"taxonomy":"product_brand","embeddable":true,"href":"https:\/\/autorival.ro\/isuzu\/wp-json\/wp\/v2\/product_brand?post=47217"},{"taxonomy":"product_cat","embeddable":true,"href":"https:\/\/autorival.ro\/isuzu\/wp-json\/wp\/v2\/product_cat?post=47217"},{"taxonomy":"product_tag","embeddable":true,"href":"https:\/\/autorival.ro\/isuzu\/wp-json\/wp\/v2\/product_tag?post=47217"}],"curies":[{"name":"wp","href":"https:\/\/api.w.org\/{rel}","templated":true}]}}