{"id":126938,"date":"2026-03-22T23:50:45","date_gmt":"2026-03-22T23:50:45","guid":{"rendered":"https:\/\/autorival.ro\/isuzu\/product\/disc-frana-trw-df4030-isuzu-trooper-iii-2999-cmc-4jx1-diesel-160-trw-df4030\/"},"modified":"2026-03-22T23:50:45","modified_gmt":"2026-03-22T23:50:45","slug":"disc-frana-trw-df4030-isuzu-trooper-iii-2999-cmc-4jx1-diesel-160-trw-df4030","status":"publish","type":"product","link":"https:\/\/autorival.ro\/isuzu\/product\/disc-frana-trw-df4030-isuzu-trooper-iii-2999-cmc-4jx1-diesel-160-trw-df4030\/","title":{"rendered":"Disc frana TRW DF4030 ISUZU TROOPER III 2,999 cmc (4JX1) diesel 160 TRW DF4030"},"content":{"rendered":"<p>Disc frana TRW DF4030; Aprobare: E1 90R-02 C0226\/0666; Asezare gauri \u00d8 [mm]: 140; Culoare: negru; Diametru de centrare [mm]: 101; Diametru exterior [mm]: 313; Dimensiune filet: 13; Dinamica fr\u00e2nare\/conducere: pentru vehicule cu ABS; Grosime disc fr\u00e2na [mm]: 18; Grosime minima [mm]: 16,6; \u00cenaltime [mm]: 80; Numar gauri: 6; Partea de montare: puntea spate; Suprafata: lacuit; Tip disc fr\u00e2na: ventilat<\/p>\n","protected":false},"excerpt":{"rendered":"<p>Producator: TRW Cod: DF4030<\/p>\n","protected":false},"featured_media":126939,"comment_status":"open","ping_status":"closed","template":"","meta":[],"product_brand":[899],"product_cat":[2824],"product_tag":[],"class_list":{"0":"post-126938","1":"product","2":"type-product","3":"status-publish","4":"has-post-thumbnail","6":"product_brand-trw","7":"product_cat-disc-frana-accesorii-2999-cmc-4jx1-diesel-160","9":"first","10":"instock","11":"shipping-taxable","12":"purchasable","13":"product-type-simple"},"yoast_head":"<!-- This site is optimized with the Yoast SEO plugin v27.3 - https:\/\/yoast.com\/product\/yoast-seo-wordpress\/ -->\n<title>Disc frana TRW DF4030 ISUZU TROOPER III 2,999 cmc (4JX1) diesel 160 TRW DF4030 ISUZU | TRW - Autorival<\/title>\n<meta name=\"description\" content=\"\u26a1 Disc frana TRW DF4030 ISUZU TROOPER III 2,999 cmc (4JX1) diesel 160 TRW DF4030 pentru ISUZU. \u2713 Cod: DF4030 \u2713 Brand: TRW \u2713 \u00cen stoc \u2713 Livrare 24h \u2713 Garan\u021bie!\" \/>\n<meta name=\"robots\" content=\"index, follow, max-snippet:-1, max-image-preview:large, max-video-preview:-1\" \/>\n<meta property=\"og:locale\" content=\"en_US\" \/>\n<meta property=\"og:type\" content=\"article\" \/>\n<meta property=\"og:title\" content=\"Disc frana TRW DF4030 ISUZU TROOPER III 2,999 cmc (4JX1) diesel 160 TRW DF4030 ISUZU | TRW - Autorival\" \/>\n<meta property=\"og:description\" content=\"\u26a1 Disc frana TRW DF4030 ISUZU TROOPER III 2,999 cmc (4JX1) diesel 160 TRW DF4030 pentru ISUZU. \u2713 Cod: DF4030 \u2713 Brand: TRW \u2713 \u00cen stoc \u2713 Livrare 24h \u2713 Garan\u021bie!\" \/>\n<meta property=\"og:url\" content=\"https:\/\/autorival.ro\/isuzu\/product\/disc-frana-trw-df4030-isuzu-trooper-iii-2999-cmc-4jx1-diesel-160-trw-df4030\/\" \/>\n<meta property=\"og:site_name\" content=\"ISUZU\" \/>\n<meta property=\"og:image\" content=\"https:\/\/autorival.ro\/isuzu\/wp-content\/uploads\/sites\/12\/2026\/03\/1319943_0161df4030.jpg\" \/>\n\t<meta property=\"og:image:width\" content=\"600\" \/>\n\t<meta property=\"og:image:height\" content=\"392\" \/>\n\t<meta property=\"og:image:type\" content=\"image\/jpeg\" \/>\n<meta name=\"twitter:card\" content=\"summary_large_image\" \/>\n<meta name=\"twitter:title\" content=\"Disc frana TRW DF4030 ISUZU TROOPER III 2,999 cmc (4JX1) diesel 160 TRW DF4030 ISUZU | TRW - Autorival\" \/>\n<meta name=\"twitter:description\" content=\"\u26a1 Disc frana TRW DF4030 ISUZU TROOPER III 2,999 cmc (4JX1) diesel 160 TRW DF4030 pentru ISUZU. \u2713 Cod: DF4030 \u2713 Brand: TRW \u2713 \u00cen stoc \u2713 Livrare 24h \u2713 Garan\u021bie!\" \/>\n<script type=\"application\/ld+json\" class=\"yoast-schema-graph\">{\"@context\":\"https:\\\/\\\/schema.org\",\"@graph\":[{\"@type\":\"WebPage\",\"@id\":\"https:\\\/\\\/autorival.ro\\\/isuzu\\\/product\\\/disc-frana-trw-df4030-isuzu-trooper-iii-2999-cmc-4jx1-diesel-160-trw-df4030\\\/\",\"url\":\"https:\\\/\\\/autorival.ro\\\/isuzu\\\/product\\\/disc-frana-trw-df4030-isuzu-trooper-iii-2999-cmc-4jx1-diesel-160-trw-df4030\\\/\",\"name\":\"Disc frana TRW DF4030 ISUZU TROOPER III 2,999 cmc (4JX1) diesel 160 TRW DF4030 ISUZU | TRW - Autorival\",\"isPartOf\":{\"@id\":\"https:\\\/\\\/autorival.ro\\\/isuzu\\\/#website\"},\"primaryImageOfPage\":{\"@id\":\"https:\\\/\\\/autorival.ro\\\/isuzu\\\/product\\\/disc-frana-trw-df4030-isuzu-trooper-iii-2999-cmc-4jx1-diesel-160-trw-df4030\\\/#primaryimage\"},\"image\":{\"@id\":\"https:\\\/\\\/autorival.ro\\\/isuzu\\\/product\\\/disc-frana-trw-df4030-isuzu-trooper-iii-2999-cmc-4jx1-diesel-160-trw-df4030\\\/#primaryimage\"},\"thumbnailUrl\":\"https:\\\/\\\/autorival.ro\\\/isuzu\\\/wp-content\\\/uploads\\\/sites\\\/12\\\/2026\\\/03\\\/1319943_0161df4030.jpg\",\"datePublished\":\"2026-03-22T23:50:45+00:00\",\"description\":\"\u26a1 Disc frana TRW DF4030 ISUZU TROOPER III 2,999 cmc (4JX1) diesel 160 TRW DF4030 pentru ISUZU. \u2713 Cod: DF4030 \u2713 Brand: TRW \u2713 \u00cen stoc \u2713 Livrare 24h \u2713 Garan\u021bie!\",\"breadcrumb\":{\"@id\":\"https:\\\/\\\/autorival.ro\\\/isuzu\\\/product\\\/disc-frana-trw-df4030-isuzu-trooper-iii-2999-cmc-4jx1-diesel-160-trw-df4030\\\/#breadcrumb\"},\"inLanguage\":\"en-US\",\"potentialAction\":[{\"@type\":\"ReadAction\",\"target\":[\"https:\\\/\\\/autorival.ro\\\/isuzu\\\/product\\\/disc-frana-trw-df4030-isuzu-trooper-iii-2999-cmc-4jx1-diesel-160-trw-df4030\\\/\"]}]},{\"@type\":\"ImageObject\",\"inLanguage\":\"en-US\",\"@id\":\"https:\\\/\\\/autorival.ro\\\/isuzu\\\/product\\\/disc-frana-trw-df4030-isuzu-trooper-iii-2999-cmc-4jx1-diesel-160-trw-df4030\\\/#primaryimage\",\"url\":\"https:\\\/\\\/autorival.ro\\\/isuzu\\\/wp-content\\\/uploads\\\/sites\\\/12\\\/2026\\\/03\\\/1319943_0161df4030.jpg\",\"contentUrl\":\"https:\\\/\\\/autorival.ro\\\/isuzu\\\/wp-content\\\/uploads\\\/sites\\\/12\\\/2026\\\/03\\\/1319943_0161df4030.jpg\",\"width\":600,\"height\":392},{\"@type\":\"BreadcrumbList\",\"@id\":\"https:\\\/\\\/autorival.ro\\\/isuzu\\\/product\\\/disc-frana-trw-df4030-isuzu-trooper-iii-2999-cmc-4jx1-diesel-160-trw-df4030\\\/#breadcrumb\",\"itemListElement\":[{\"@type\":\"ListItem\",\"position\":1,\"name\":\"Prima pagin\u0103\",\"item\":\"https:\\\/\\\/autorival.ro\\\/isuzu\\\/\"},{\"@type\":\"ListItem\",\"position\":2,\"name\":\"Piese auto ISUZU\",\"item\":\"https:\\\/\\\/autorival.ro\\\/isuzu\\\/\"},{\"@type\":\"ListItem\",\"position\":3,\"name\":\"Disc frana TRW DF4030 ISUZU TROOPER III 2,999 cmc (4JX1) diesel 160 TRW DF4030\"}]},{\"@type\":\"WebSite\",\"@id\":\"https:\\\/\\\/autorival.ro\\\/isuzu\\\/#website\",\"url\":\"https:\\\/\\\/autorival.ro\\\/isuzu\\\/\",\"name\":\"ISUZU\",\"description\":\"\",\"potentialAction\":[{\"@type\":\"SearchAction\",\"target\":{\"@type\":\"EntryPoint\",\"urlTemplate\":\"https:\\\/\\\/autorival.ro\\\/isuzu\\\/?s={search_term_string}\"},\"query-input\":{\"@type\":\"PropertyValueSpecification\",\"valueRequired\":true,\"valueName\":\"search_term_string\"}}],\"inLanguage\":\"en-US\"}]}<\/script>\n<!-- \/ Yoast SEO plugin. -->","yoast_head_json":{"title":"Disc frana TRW DF4030 ISUZU TROOPER III 2,999 cmc (4JX1) diesel 160 TRW DF4030 ISUZU | TRW - Autorival","description":"\u26a1 Disc frana TRW DF4030 ISUZU TROOPER III 2,999 cmc (4JX1) diesel 160 TRW DF4030 pentru ISUZU. \u2713 Cod: DF4030 \u2713 Brand: TRW \u2713 \u00cen stoc \u2713 Livrare 24h \u2713 Garan\u021bie!","robots":{"index":"index","follow":"follow","max-snippet":"max-snippet:-1","max-image-preview":"max-image-preview:large","max-video-preview":"max-video-preview:-1"},"og_locale":"en_US","og_type":"article","og_title":"Disc frana TRW DF4030 ISUZU TROOPER III 2,999 cmc (4JX1) diesel 160 TRW DF4030 ISUZU | TRW - Autorival","og_description":"\u26a1 Disc frana TRW DF4030 ISUZU TROOPER III 2,999 cmc (4JX1) diesel 160 TRW DF4030 pentru ISUZU. \u2713 Cod: DF4030 \u2713 Brand: TRW \u2713 \u00cen stoc \u2713 Livrare 24h \u2713 Garan\u021bie!","og_url":"https:\/\/autorival.ro\/isuzu\/product\/disc-frana-trw-df4030-isuzu-trooper-iii-2999-cmc-4jx1-diesel-160-trw-df4030\/","og_site_name":"ISUZU","og_image":[{"width":600,"height":392,"url":"https:\/\/autorival.ro\/isuzu\/wp-content\/uploads\/sites\/12\/2026\/03\/1319943_0161df4030.jpg","type":"image\/jpeg"}],"twitter_card":"summary_large_image","twitter_title":"Disc frana TRW DF4030 ISUZU TROOPER III 2,999 cmc (4JX1) diesel 160 TRW DF4030 ISUZU | TRW - Autorival","twitter_description":"\u26a1 Disc frana TRW DF4030 ISUZU TROOPER III 2,999 cmc (4JX1) diesel 160 TRW DF4030 pentru ISUZU. \u2713 Cod: DF4030 \u2713 Brand: TRW \u2713 \u00cen stoc \u2713 Livrare 24h \u2713 Garan\u021bie!","schema":{"@context":"https:\/\/schema.org","@graph":[{"@type":"WebPage","@id":"https:\/\/autorival.ro\/isuzu\/product\/disc-frana-trw-df4030-isuzu-trooper-iii-2999-cmc-4jx1-diesel-160-trw-df4030\/","url":"https:\/\/autorival.ro\/isuzu\/product\/disc-frana-trw-df4030-isuzu-trooper-iii-2999-cmc-4jx1-diesel-160-trw-df4030\/","name":"Disc frana TRW DF4030 ISUZU TROOPER III 2,999 cmc (4JX1) diesel 160 TRW DF4030 ISUZU | TRW - Autorival","isPartOf":{"@id":"https:\/\/autorival.ro\/isuzu\/#website"},"primaryImageOfPage":{"@id":"https:\/\/autorival.ro\/isuzu\/product\/disc-frana-trw-df4030-isuzu-trooper-iii-2999-cmc-4jx1-diesel-160-trw-df4030\/#primaryimage"},"image":{"@id":"https:\/\/autorival.ro\/isuzu\/product\/disc-frana-trw-df4030-isuzu-trooper-iii-2999-cmc-4jx1-diesel-160-trw-df4030\/#primaryimage"},"thumbnailUrl":"https:\/\/autorival.ro\/isuzu\/wp-content\/uploads\/sites\/12\/2026\/03\/1319943_0161df4030.jpg","datePublished":"2026-03-22T23:50:45+00:00","description":"\u26a1 Disc frana TRW DF4030 ISUZU TROOPER III 2,999 cmc (4JX1) diesel 160 TRW DF4030 pentru ISUZU. \u2713 Cod: DF4030 \u2713 Brand: TRW \u2713 \u00cen stoc \u2713 Livrare 24h \u2713 Garan\u021bie!","breadcrumb":{"@id":"https:\/\/autorival.ro\/isuzu\/product\/disc-frana-trw-df4030-isuzu-trooper-iii-2999-cmc-4jx1-diesel-160-trw-df4030\/#breadcrumb"},"inLanguage":"en-US","potentialAction":[{"@type":"ReadAction","target":["https:\/\/autorival.ro\/isuzu\/product\/disc-frana-trw-df4030-isuzu-trooper-iii-2999-cmc-4jx1-diesel-160-trw-df4030\/"]}]},{"@type":"ImageObject","inLanguage":"en-US","@id":"https:\/\/autorival.ro\/isuzu\/product\/disc-frana-trw-df4030-isuzu-trooper-iii-2999-cmc-4jx1-diesel-160-trw-df4030\/#primaryimage","url":"https:\/\/autorival.ro\/isuzu\/wp-content\/uploads\/sites\/12\/2026\/03\/1319943_0161df4030.jpg","contentUrl":"https:\/\/autorival.ro\/isuzu\/wp-content\/uploads\/sites\/12\/2026\/03\/1319943_0161df4030.jpg","width":600,"height":392},{"@type":"BreadcrumbList","@id":"https:\/\/autorival.ro\/isuzu\/product\/disc-frana-trw-df4030-isuzu-trooper-iii-2999-cmc-4jx1-diesel-160-trw-df4030\/#breadcrumb","itemListElement":[{"@type":"ListItem","position":1,"name":"Prima pagin\u0103","item":"https:\/\/autorival.ro\/isuzu\/"},{"@type":"ListItem","position":2,"name":"Piese auto ISUZU","item":"https:\/\/autorival.ro\/isuzu\/"},{"@type":"ListItem","position":3,"name":"Disc frana TRW DF4030 ISUZU TROOPER III 2,999 cmc (4JX1) diesel 160 TRW DF4030"}]},{"@type":"WebSite","@id":"https:\/\/autorival.ro\/isuzu\/#website","url":"https:\/\/autorival.ro\/isuzu\/","name":"ISUZU","description":"","potentialAction":[{"@type":"SearchAction","target":{"@type":"EntryPoint","urlTemplate":"https:\/\/autorival.ro\/isuzu\/?s={search_term_string}"},"query-input":{"@type":"PropertyValueSpecification","valueRequired":true,"valueName":"search_term_string"}}],"inLanguage":"en-US"}]}},"_links":{"self":[{"href":"https:\/\/autorival.ro\/isuzu\/wp-json\/wp\/v2\/product\/126938","targetHints":{"allow":["GET"]}}],"collection":[{"href":"https:\/\/autorival.ro\/isuzu\/wp-json\/wp\/v2\/product"}],"about":[{"href":"https:\/\/autorival.ro\/isuzu\/wp-json\/wp\/v2\/types\/product"}],"replies":[{"embeddable":true,"href":"https:\/\/autorival.ro\/isuzu\/wp-json\/wp\/v2\/comments?post=126938"}],"wp:featuredmedia":[{"embeddable":true,"href":"https:\/\/autorival.ro\/isuzu\/wp-json\/wp\/v2\/media\/126939"}],"wp:attachment":[{"href":"https:\/\/autorival.ro\/isuzu\/wp-json\/wp\/v2\/media?parent=126938"}],"wp:term":[{"taxonomy":"product_brand","embeddable":true,"href":"https:\/\/autorival.ro\/isuzu\/wp-json\/wp\/v2\/product_brand?post=126938"},{"taxonomy":"product_cat","embeddable":true,"href":"https:\/\/autorival.ro\/isuzu\/wp-json\/wp\/v2\/product_cat?post=126938"},{"taxonomy":"product_tag","embeddable":true,"href":"https:\/\/autorival.ro\/isuzu\/wp-json\/wp\/v2\/product_tag?post=126938"}],"curies":[{"name":"wp","href":"https:\/\/api.w.org\/{rel}","templated":true}]}}