{"id":31,"date":"2025-06-09T20:22:36","date_gmt":"2025-06-09T20:22:36","guid":{"rendered":"https:\/\/autorival.ro\/hyundai\/politica-de-cookie-uri\/"},"modified":"2025-06-09T20:22:36","modified_gmt":"2025-06-09T20:22:36","slug":"politica-de-cookie-uri","status":"publish","type":"page","link":"https:\/\/autorival.ro\/hyundai\/politica-de-cookie-uri\/","title":{"rendered":"Politica de cookie-uri"},"content":{"rendered":"<p><b>Politica de cookie-uri Autorival<\/b><br \/>\nSite-ul nostru folose\u0219te cookie-uri pentru a asigura func\u021bionalitatea \u0219i o experien\u021b\u0103 \u00eembun\u0103t\u0103\u021bit\u0103. Un cookie este un fi\u0219ier mic care este salvat pe dispozitivul dvs. pentru a permite recunoa\u0219terea vizitatorilor \u0219i analiza traficului.<br \/>\n<b>Ce tipuri de cookie-uri folosim:<\/b><br \/>\n&#8211; Cookie-uri strict necesare func\u021bion\u0103rii site-ului<br \/>\n&#8211; Cookie-uri de analiz\u0103 (Google Analytics, dac\u0103 este cazul)<br \/>\n&#8211; Cookie-uri de marketing (dac\u0103 folose\u0219ti remarketing)<br \/>\n<b>Cum pot controla cookie-urile?<\/b><br \/>\n&#8211; Pute\u021bi accepta\/refuza folosirea cookie-urilor din bannerul de consim\u021b\u0103m\u00e2nt la prima vizit\u0103.<br \/>\n&#8211; Pute\u021bi \u0219terge sau bloca cookie-urile din set\u0103rile browserului.<br \/>\n<b>Mai multe detalii:<\/b><br \/>\nPentru \u00eentreb\u0103ri suplimentare: contact@autorival.ro<\/p>\n","protected":false},"excerpt":{"rendered":"<p>Politica de cookie-uri Autorival Site-ul nostru folose\u0219te cookie-uri pentru a asigura func\u021bionalitatea \u0219i o experien\u021b\u0103 \u00eembun\u0103t\u0103\u021bit\u0103. Un cookie este un fi\u0219ier mic care este salvat pe dispozitivul dvs. pentru a permite recunoa\u0219terea vizitatorilor \u0219i analiza traficului. Ce tipuri de cookie-uri folosim: &#8211; Cookie-uri strict necesare func\u021bion\u0103rii site-ului &#8211; Cookie-uri de analiz\u0103 (Google Analytics, dac\u0103 este [&hellip;]<\/p>\n","protected":false},"author":1,"featured_media":0,"parent":0,"menu_order":0,"comment_status":"closed","ping_status":"closed","template":"","meta":{"footnotes":""},"class_list":["post-31","page","type-page","status-publish","hentry"],"yoast_head":"<!-- This site is optimized with the Yoast SEO plugin v27.3 - https:\/\/yoast.com\/product\/yoast-seo-wordpress\/ -->\n<title>Piese HYUNDAI | Politica de cookie-uri | Autorival<\/title>\n<meta name=\"description\" content=\"\u2b50 Politica de cookie-uri pentru HYUNDAI. \u2713 Piese originale \u0219i aftermarket \u2713 Garan\u021bie 2 ani \u2713 Livrare 24h!\" \/>\n<meta name=\"robots\" content=\"index, follow, max-snippet:-1, max-image-preview:large, max-video-preview:-1\" \/>\n<meta property=\"og:locale\" content=\"en_US\" \/>\n<meta property=\"og:type\" content=\"article\" \/>\n<meta property=\"og:title\" content=\"Piese HYUNDAI | Politica de cookie-uri | Autorival\" \/>\n<meta property=\"og:description\" content=\"\u2b50 Politica de cookie-uri pentru HYUNDAI. \u2713 Piese originale \u0219i aftermarket \u2713 Garan\u021bie 2 ani \u2713 Livrare 24h!\" \/>\n<meta property=\"og:url\" content=\"https:\/\/autorival.ro\/hyundai\/politica-de-cookie-uri\/\" \/>\n<meta property=\"og:site_name\" content=\"HYUNDAI\" \/>\n<meta name=\"twitter:card\" content=\"summary_large_image\" \/>\n<meta name=\"twitter:label1\" content=\"Est. reading time\" \/>\n\t<meta name=\"twitter:data1\" content=\"1 minute\" \/>\n<script type=\"application\/ld+json\" class=\"yoast-schema-graph\">{\"@context\":\"https:\\\/\\\/schema.org\",\"@graph\":[{\"@type\":\"WebPage\",\"@id\":\"https:\\\/\\\/autorival.ro\\\/hyundai\\\/politica-de-cookie-uri\\\/\",\"url\":\"https:\\\/\\\/autorival.ro\\\/hyundai\\\/politica-de-cookie-uri\\\/\",\"name\":\"Piese HYUNDAI | Politica de cookie-uri | Autorival\",\"isPartOf\":{\"@id\":\"https:\\\/\\\/autorival.ro\\\/hyundai\\\/#website\"},\"datePublished\":\"2025-06-09T20:22:36+00:00\",\"description\":\"\u2b50 Politica de cookie-uri pentru HYUNDAI. \u2713 Piese originale \u0219i aftermarket \u2713 Garan\u021bie 2 ani \u2713 Livrare 24h!\",\"breadcrumb\":{\"@id\":\"https:\\\/\\\/autorival.ro\\\/hyundai\\\/politica-de-cookie-uri\\\/#breadcrumb\"},\"inLanguage\":\"en-US\",\"potentialAction\":[{\"@type\":\"ReadAction\",\"target\":[\"https:\\\/\\\/autorival.ro\\\/hyundai\\\/politica-de-cookie-uri\\\/\"]}]},{\"@type\":\"BreadcrumbList\",\"@id\":\"https:\\\/\\\/autorival.ro\\\/hyundai\\\/politica-de-cookie-uri\\\/#breadcrumb\",\"itemListElement\":[{\"@type\":\"ListItem\",\"position\":1,\"name\":\"Prima pagin\u0103\",\"item\":\"https:\\\/\\\/autorival.ro\\\/hyundai\\\/\"},{\"@type\":\"ListItem\",\"position\":2,\"name\":\"Politica de cookie-uri\"}]},{\"@type\":\"WebSite\",\"@id\":\"https:\\\/\\\/autorival.ro\\\/hyundai\\\/#website\",\"url\":\"https:\\\/\\\/autorival.ro\\\/hyundai\\\/\",\"name\":\"HYUNDAI\",\"description\":\"\",\"potentialAction\":[{\"@type\":\"SearchAction\",\"target\":{\"@type\":\"EntryPoint\",\"urlTemplate\":\"https:\\\/\\\/autorival.ro\\\/hyundai\\\/?s={search_term_string}\"},\"query-input\":{\"@type\":\"PropertyValueSpecification\",\"valueRequired\":true,\"valueName\":\"search_term_string\"}}],\"inLanguage\":\"en-US\"}]}<\/script>\n<!-- \/ Yoast SEO plugin. -->","yoast_head_json":{"title":"Piese HYUNDAI | Politica de cookie-uri | Autorival","description":"\u2b50 Politica de cookie-uri pentru HYUNDAI. \u2713 Piese originale \u0219i aftermarket \u2713 Garan\u021bie 2 ani \u2713 Livrare 24h!","robots":{"index":"index","follow":"follow","max-snippet":"max-snippet:-1","max-image-preview":"max-image-preview:large","max-video-preview":"max-video-preview:-1"},"og_locale":"en_US","og_type":"article","og_title":"Piese HYUNDAI | Politica de cookie-uri | Autorival","og_description":"\u2b50 Politica de cookie-uri pentru HYUNDAI. \u2713 Piese originale \u0219i aftermarket \u2713 Garan\u021bie 2 ani \u2713 Livrare 24h!","og_url":"https:\/\/autorival.ro\/hyundai\/politica-de-cookie-uri\/","og_site_name":"HYUNDAI","twitter_card":"summary_large_image","twitter_misc":{"Est. reading time":"1 minute"},"schema":{"@context":"https:\/\/schema.org","@graph":[{"@type":"WebPage","@id":"https:\/\/autorival.ro\/hyundai\/politica-de-cookie-uri\/","url":"https:\/\/autorival.ro\/hyundai\/politica-de-cookie-uri\/","name":"Piese HYUNDAI | Politica de cookie-uri | Autorival","isPartOf":{"@id":"https:\/\/autorival.ro\/hyundai\/#website"},"datePublished":"2025-06-09T20:22:36+00:00","description":"\u2b50 Politica de cookie-uri pentru HYUNDAI. \u2713 Piese originale \u0219i aftermarket \u2713 Garan\u021bie 2 ani \u2713 Livrare 24h!","breadcrumb":{"@id":"https:\/\/autorival.ro\/hyundai\/politica-de-cookie-uri\/#breadcrumb"},"inLanguage":"en-US","potentialAction":[{"@type":"ReadAction","target":["https:\/\/autorival.ro\/hyundai\/politica-de-cookie-uri\/"]}]},{"@type":"BreadcrumbList","@id":"https:\/\/autorival.ro\/hyundai\/politica-de-cookie-uri\/#breadcrumb","itemListElement":[{"@type":"ListItem","position":1,"name":"Prima pagin\u0103","item":"https:\/\/autorival.ro\/hyundai\/"},{"@type":"ListItem","position":2,"name":"Politica de cookie-uri"}]},{"@type":"WebSite","@id":"https:\/\/autorival.ro\/hyundai\/#website","url":"https:\/\/autorival.ro\/hyundai\/","name":"HYUNDAI","description":"","potentialAction":[{"@type":"SearchAction","target":{"@type":"EntryPoint","urlTemplate":"https:\/\/autorival.ro\/hyundai\/?s={search_term_string}"},"query-input":{"@type":"PropertyValueSpecification","valueRequired":true,"valueName":"search_term_string"}}],"inLanguage":"en-US"}]}},"_links":{"self":[{"href":"https:\/\/autorival.ro\/hyundai\/wp-json\/wp\/v2\/pages\/31","targetHints":{"allow":["GET"]}}],"collection":[{"href":"https:\/\/autorival.ro\/hyundai\/wp-json\/wp\/v2\/pages"}],"about":[{"href":"https:\/\/autorival.ro\/hyundai\/wp-json\/wp\/v2\/types\/page"}],"author":[{"embeddable":true,"href":"https:\/\/autorival.ro\/hyundai\/wp-json\/wp\/v2\/users\/1"}],"replies":[{"embeddable":true,"href":"https:\/\/autorival.ro\/hyundai\/wp-json\/wp\/v2\/comments?post=31"}],"version-history":[{"count":0,"href":"https:\/\/autorival.ro\/hyundai\/wp-json\/wp\/v2\/pages\/31\/revisions"}],"wp:attachment":[{"href":"https:\/\/autorival.ro\/hyundai\/wp-json\/wp\/v2\/media?parent=31"}],"curies":[{"name":"wp","href":"https:\/\/api.w.org\/{rel}","templated":true}]}}