{"id":82288,"date":"2025-05-03T17:19:22","date_gmt":"2025-05-03T17:19:22","guid":{"rendered":"https:\/\/autorival.ro\/honda\/product\/filtru-polen-honda-civic-vii-hatchback-eu-ep-ev-1-7-ctdi-ep4-eu9-diesel-100-cai-mann-filter-cu-2327-2\/"},"modified":"2025-05-03T17:19:22","modified_gmt":"2025-05-03T17:19:22","slug":"filtru-polen-honda-civic-vii-hatchback-eu-ep-ev-1-7-ctdi-ep4-eu9-diesel-100-cai-mann-filter-cu-2327-2","status":"publish","type":"product","link":"https:\/\/autorival.ro\/honda\/product\/filtru-polen-honda-civic-vii-hatchback-eu-ep-ev-1-7-ctdi-ep4-eu9-diesel-100-cai-mann-filter-cu-2327-2\/","title":{"rendered":"Filtru polen HONDA CIVIC VII Hatchback (EU, EP, EV) 1.7 CTDi (EP4, EU9) diesel 100 cai MANN-FILTER CU 2327-2"},"content":{"rendered":"<p>Tip filtru: Filtru de particuleVersiunea cu c\u0103rbune activ (nr. art.): CUK 2327-2Partea de montare: \u00een spatele torpedouluiUnitate de calitate: setTimp de montare [min]: 5 ->Lungime [mm]: 225 ->Latime [mm]: 112\u00cenaltime [mm]: 30<\/p>\n","protected":false},"excerpt":{"rendered":"<p>Producator: MANN-FILTER Cod producator: CU 2327-2<\/p>\n","protected":false},"featured_media":82144,"comment_status":"open","ping_status":"closed","template":"","meta":[],"product_brand":[6018],"product_cat":[6495],"product_tag":[15281,15301,15743,15299,15302,15300,15280,15845,15298],"class_list":{"0":"post-82288","1":"product","2":"type-product","3":"status-publish","4":"has-post-thumbnail","6":"product_brand-mann-filter","7":"product_cat-filtru-polen-vii-hatchback-eu-ep-ev-1-7-ctdi-ep4-eu9-diesel-100","8":"product_tag-civic","9":"product_tag-ctd","10":"product_tag-cu","11":"product_tag-ep","12":"product_tag-eu","13":"product_tag-ev","14":"product_tag-honda","15":"product_tag-mann","16":"product_tag-vii","18":"first","19":"instock","20":"shipping-taxable","21":"purchasable","22":"product-type-simple"},"yoast_head":"<!-- This site is optimized with the Yoast SEO plugin v27.3 - https:\/\/yoast.com\/product\/yoast-seo-wordpress\/ -->\n<title>Filtru polen HONDA CIVIC VII Hatchback (EU, EP, EV) 1.7 CTDi (EP4, EU9) diesel 100 cai MANN-FILTER CU 2327-2 HONDA | MANN-FILTER - Autorival<\/title>\n<meta name=\"description\" content=\"\u26a1 Filtru polen HONDA CIVIC VII Hatchback (EU, EP, EV) 1.7 CTDi (EP4, EU9) diesel 100 cai MANN-FILTER CU 2327-2 pentru HONDA la doar 82 RON. \u2713 Cod: CU \u2713 Brand: MANN-FILTER \u2713 \u00cen stoc \u2713 Livrare 24h \u2713 Garan\u021bie!\" \/>\n<meta name=\"robots\" content=\"index, follow, max-snippet:-1, max-image-preview:large, max-video-preview:-1\" \/>\n<meta property=\"og:locale\" content=\"en_US\" \/>\n<meta property=\"og:type\" content=\"article\" \/>\n<meta property=\"og:title\" content=\"Filtru polen HONDA CIVIC VII Hatchback (EU, EP, EV) 1.7 CTDi (EP4, EU9) diesel 100 cai MANN-FILTER CU 2327-2 HONDA | MANN-FILTER - Autorival\" \/>\n<meta property=\"og:description\" content=\"\u26a1 Filtru polen HONDA CIVIC VII Hatchback (EU, EP, EV) 1.7 CTDi (EP4, EU9) diesel 100 cai MANN-FILTER CU 2327-2 pentru HONDA la doar 82 RON. \u2713 Cod: CU \u2713 Brand: MANN-FILTER \u2713 \u00cen stoc \u2713 Livrare 24h \u2713 Garan\u021bie!\" \/>\n<meta property=\"og:url\" content=\"https:\/\/autorival.ro\/honda\/product\/filtru-polen-honda-civic-vii-hatchback-eu-ep-ev-1-7-ctdi-ep4-eu9-diesel-100-cai-mann-filter-cu-2327-2\/\" \/>\n<meta property=\"og:site_name\" content=\"HONDA\" \/>\n<meta property=\"og:image\" content=\"https:\/\/autorival.ro\/honda\/wp-content\/uploads\/sites\/11\/2025\/05\/cu_2327-2.jpg\" \/>\n\t<meta property=\"og:image:width\" content=\"1000\" \/>\n\t<meta property=\"og:image:height\" content=\"1000\" \/>\n\t<meta property=\"og:image:type\" content=\"image\/jpeg\" \/>\n<meta name=\"twitter:card\" content=\"summary_large_image\" \/>\n<meta name=\"twitter:title\" content=\"Filtru polen HONDA CIVIC VII Hatchback (EU, EP, EV) 1.7 CTDi (EP4, EU9) diesel 100 cai MANN-FILTER CU 2327-2 HONDA | MANN-FILTER - Autorival\" \/>\n<meta name=\"twitter:description\" content=\"\u26a1 Filtru polen HONDA CIVIC VII Hatchback (EU, EP, EV) 1.7 CTDi (EP4, EU9) diesel 100 cai MANN-FILTER CU 2327-2 pentru HONDA la doar 82 RON. \u2713 Cod: CU \u2713 Brand: MANN-FILTER \u2713 \u00cen stoc \u2713 Livrare 24h \u2713 Garan\u021bie!\" \/>\n<script type=\"application\/ld+json\" class=\"yoast-schema-graph\">{\"@context\":\"https:\\\/\\\/schema.org\",\"@graph\":[{\"@type\":\"WebPage\",\"@id\":\"https:\\\/\\\/autorival.ro\\\/honda\\\/product\\\/filtru-polen-honda-civic-vii-hatchback-eu-ep-ev-1-7-ctdi-ep4-eu9-diesel-100-cai-mann-filter-cu-2327-2\\\/\",\"url\":\"https:\\\/\\\/autorival.ro\\\/honda\\\/product\\\/filtru-polen-honda-civic-vii-hatchback-eu-ep-ev-1-7-ctdi-ep4-eu9-diesel-100-cai-mann-filter-cu-2327-2\\\/\",\"name\":\"Filtru polen HONDA CIVIC VII Hatchback (EU, EP, EV) 1.7 CTDi (EP4, EU9) diesel 100 cai MANN-FILTER CU 2327-2 HONDA | MANN-FILTER - Autorival\",\"isPartOf\":{\"@id\":\"https:\\\/\\\/autorival.ro\\\/honda\\\/#website\"},\"primaryImageOfPage\":{\"@id\":\"https:\\\/\\\/autorival.ro\\\/honda\\\/product\\\/filtru-polen-honda-civic-vii-hatchback-eu-ep-ev-1-7-ctdi-ep4-eu9-diesel-100-cai-mann-filter-cu-2327-2\\\/#primaryimage\"},\"image\":{\"@id\":\"https:\\\/\\\/autorival.ro\\\/honda\\\/product\\\/filtru-polen-honda-civic-vii-hatchback-eu-ep-ev-1-7-ctdi-ep4-eu9-diesel-100-cai-mann-filter-cu-2327-2\\\/#primaryimage\"},\"thumbnailUrl\":\"https:\\\/\\\/autorival.ro\\\/honda\\\/wp-content\\\/uploads\\\/sites\\\/11\\\/2025\\\/05\\\/cu_2327-2.jpg\",\"datePublished\":\"2025-05-03T17:19:22+00:00\",\"description\":\"\u26a1 Filtru polen HONDA CIVIC VII Hatchback (EU, EP, EV) 1.7 CTDi (EP4, EU9) diesel 100 cai MANN-FILTER CU 2327-2 pentru HONDA la doar 82 RON. \u2713 Cod: CU \u2713 Brand: MANN-FILTER \u2713 \u00cen stoc \u2713 Livrare 24h \u2713 Garan\u021bie!\",\"breadcrumb\":{\"@id\":\"https:\\\/\\\/autorival.ro\\\/honda\\\/product\\\/filtru-polen-honda-civic-vii-hatchback-eu-ep-ev-1-7-ctdi-ep4-eu9-diesel-100-cai-mann-filter-cu-2327-2\\\/#breadcrumb\"},\"inLanguage\":\"en-US\",\"potentialAction\":[{\"@type\":\"ReadAction\",\"target\":[\"https:\\\/\\\/autorival.ro\\\/honda\\\/product\\\/filtru-polen-honda-civic-vii-hatchback-eu-ep-ev-1-7-ctdi-ep4-eu9-diesel-100-cai-mann-filter-cu-2327-2\\\/\"]}]},{\"@type\":\"ImageObject\",\"inLanguage\":\"en-US\",\"@id\":\"https:\\\/\\\/autorival.ro\\\/honda\\\/product\\\/filtru-polen-honda-civic-vii-hatchback-eu-ep-ev-1-7-ctdi-ep4-eu9-diesel-100-cai-mann-filter-cu-2327-2\\\/#primaryimage\",\"url\":\"https:\\\/\\\/autorival.ro\\\/honda\\\/wp-content\\\/uploads\\\/sites\\\/11\\\/2025\\\/05\\\/cu_2327-2.jpg\",\"contentUrl\":\"https:\\\/\\\/autorival.ro\\\/honda\\\/wp-content\\\/uploads\\\/sites\\\/11\\\/2025\\\/05\\\/cu_2327-2.jpg\",\"width\":1000,\"height\":1000,\"caption\":\"Filtru polen HONDA CIVIC VII Hatchback (EU, EP, EV) 1.4 i (EP1, EU7) benzina 75 cai MANN-FILTER CU 2327-2\"},{\"@type\":\"BreadcrumbList\",\"@id\":\"https:\\\/\\\/autorival.ro\\\/honda\\\/product\\\/filtru-polen-honda-civic-vii-hatchback-eu-ep-ev-1-7-ctdi-ep4-eu9-diesel-100-cai-mann-filter-cu-2327-2\\\/#breadcrumb\",\"itemListElement\":[{\"@type\":\"ListItem\",\"position\":1,\"name\":\"Prima pagin\u0103\",\"item\":\"https:\\\/\\\/autorival.ro\\\/honda\\\/\"},{\"@type\":\"ListItem\",\"position\":2,\"name\":\"Piese auto HONDA\",\"item\":\"https:\\\/\\\/autorival.ro\\\/honda\\\/\"},{\"@type\":\"ListItem\",\"position\":3,\"name\":\"Filtru polen HONDA CIVIC VII Hatchback (EU, EP, EV) 1.7 CTDi (EP4, EU9) diesel 100 cai MANN-FILTER CU 2327-2\"}]},{\"@type\":\"WebSite\",\"@id\":\"https:\\\/\\\/autorival.ro\\\/honda\\\/#website\",\"url\":\"https:\\\/\\\/autorival.ro\\\/honda\\\/\",\"name\":\"HONDA\",\"description\":\"\",\"potentialAction\":[{\"@type\":\"SearchAction\",\"target\":{\"@type\":\"EntryPoint\",\"urlTemplate\":\"https:\\\/\\\/autorival.ro\\\/honda\\\/?s={search_term_string}\"},\"query-input\":{\"@type\":\"PropertyValueSpecification\",\"valueRequired\":true,\"valueName\":\"search_term_string\"}}],\"inLanguage\":\"en-US\"}]}<\/script>\n<!-- \/ Yoast SEO plugin. -->","yoast_head_json":{"title":"Filtru polen HONDA CIVIC VII Hatchback (EU, EP, EV) 1.7 CTDi (EP4, EU9) diesel 100 cai MANN-FILTER CU 2327-2 HONDA | MANN-FILTER - Autorival","description":"\u26a1 Filtru polen HONDA CIVIC VII Hatchback (EU, EP, EV) 1.7 CTDi (EP4, EU9) diesel 100 cai MANN-FILTER CU 2327-2 pentru HONDA la doar 82 RON. \u2713 Cod: CU \u2713 Brand: MANN-FILTER \u2713 \u00cen stoc \u2713 Livrare 24h \u2713 Garan\u021bie!","robots":{"index":"index","follow":"follow","max-snippet":"max-snippet:-1","max-image-preview":"max-image-preview:large","max-video-preview":"max-video-preview:-1"},"og_locale":"en_US","og_type":"article","og_title":"Filtru polen HONDA CIVIC VII Hatchback (EU, EP, EV) 1.7 CTDi (EP4, EU9) diesel 100 cai MANN-FILTER CU 2327-2 HONDA | MANN-FILTER - Autorival","og_description":"\u26a1 Filtru polen HONDA CIVIC VII Hatchback (EU, EP, EV) 1.7 CTDi (EP4, EU9) diesel 100 cai MANN-FILTER CU 2327-2 pentru HONDA la doar 82 RON. \u2713 Cod: CU \u2713 Brand: MANN-FILTER \u2713 \u00cen stoc \u2713 Livrare 24h \u2713 Garan\u021bie!","og_url":"https:\/\/autorival.ro\/honda\/product\/filtru-polen-honda-civic-vii-hatchback-eu-ep-ev-1-7-ctdi-ep4-eu9-diesel-100-cai-mann-filter-cu-2327-2\/","og_site_name":"HONDA","og_image":[{"width":1000,"height":1000,"url":"https:\/\/autorival.ro\/honda\/wp-content\/uploads\/sites\/11\/2025\/05\/cu_2327-2.jpg","type":"image\/jpeg"}],"twitter_card":"summary_large_image","twitter_title":"Filtru polen HONDA CIVIC VII Hatchback (EU, EP, EV) 1.7 CTDi (EP4, EU9) diesel 100 cai MANN-FILTER CU 2327-2 HONDA | MANN-FILTER - Autorival","twitter_description":"\u26a1 Filtru polen HONDA CIVIC VII Hatchback (EU, EP, EV) 1.7 CTDi (EP4, EU9) diesel 100 cai MANN-FILTER CU 2327-2 pentru HONDA la doar 82 RON. \u2713 Cod: CU \u2713 Brand: MANN-FILTER \u2713 \u00cen stoc \u2713 Livrare 24h \u2713 Garan\u021bie!","schema":{"@context":"https:\/\/schema.org","@graph":[{"@type":"WebPage","@id":"https:\/\/autorival.ro\/honda\/product\/filtru-polen-honda-civic-vii-hatchback-eu-ep-ev-1-7-ctdi-ep4-eu9-diesel-100-cai-mann-filter-cu-2327-2\/","url":"https:\/\/autorival.ro\/honda\/product\/filtru-polen-honda-civic-vii-hatchback-eu-ep-ev-1-7-ctdi-ep4-eu9-diesel-100-cai-mann-filter-cu-2327-2\/","name":"Filtru polen HONDA CIVIC VII Hatchback (EU, EP, EV) 1.7 CTDi (EP4, EU9) diesel 100 cai MANN-FILTER CU 2327-2 HONDA | MANN-FILTER - Autorival","isPartOf":{"@id":"https:\/\/autorival.ro\/honda\/#website"},"primaryImageOfPage":{"@id":"https:\/\/autorival.ro\/honda\/product\/filtru-polen-honda-civic-vii-hatchback-eu-ep-ev-1-7-ctdi-ep4-eu9-diesel-100-cai-mann-filter-cu-2327-2\/#primaryimage"},"image":{"@id":"https:\/\/autorival.ro\/honda\/product\/filtru-polen-honda-civic-vii-hatchback-eu-ep-ev-1-7-ctdi-ep4-eu9-diesel-100-cai-mann-filter-cu-2327-2\/#primaryimage"},"thumbnailUrl":"https:\/\/autorival.ro\/honda\/wp-content\/uploads\/sites\/11\/2025\/05\/cu_2327-2.jpg","datePublished":"2025-05-03T17:19:22+00:00","description":"\u26a1 Filtru polen HONDA CIVIC VII Hatchback (EU, EP, EV) 1.7 CTDi (EP4, EU9) diesel 100 cai MANN-FILTER CU 2327-2 pentru HONDA la doar 82 RON. \u2713 Cod: CU \u2713 Brand: MANN-FILTER \u2713 \u00cen stoc \u2713 Livrare 24h \u2713 Garan\u021bie!","breadcrumb":{"@id":"https:\/\/autorival.ro\/honda\/product\/filtru-polen-honda-civic-vii-hatchback-eu-ep-ev-1-7-ctdi-ep4-eu9-diesel-100-cai-mann-filter-cu-2327-2\/#breadcrumb"},"inLanguage":"en-US","potentialAction":[{"@type":"ReadAction","target":["https:\/\/autorival.ro\/honda\/product\/filtru-polen-honda-civic-vii-hatchback-eu-ep-ev-1-7-ctdi-ep4-eu9-diesel-100-cai-mann-filter-cu-2327-2\/"]}]},{"@type":"ImageObject","inLanguage":"en-US","@id":"https:\/\/autorival.ro\/honda\/product\/filtru-polen-honda-civic-vii-hatchback-eu-ep-ev-1-7-ctdi-ep4-eu9-diesel-100-cai-mann-filter-cu-2327-2\/#primaryimage","url":"https:\/\/autorival.ro\/honda\/wp-content\/uploads\/sites\/11\/2025\/05\/cu_2327-2.jpg","contentUrl":"https:\/\/autorival.ro\/honda\/wp-content\/uploads\/sites\/11\/2025\/05\/cu_2327-2.jpg","width":1000,"height":1000,"caption":"Filtru polen HONDA CIVIC VII Hatchback (EU, EP, EV) 1.4 i (EP1, EU7) benzina 75 cai MANN-FILTER CU 2327-2"},{"@type":"BreadcrumbList","@id":"https:\/\/autorival.ro\/honda\/product\/filtru-polen-honda-civic-vii-hatchback-eu-ep-ev-1-7-ctdi-ep4-eu9-diesel-100-cai-mann-filter-cu-2327-2\/#breadcrumb","itemListElement":[{"@type":"ListItem","position":1,"name":"Prima pagin\u0103","item":"https:\/\/autorival.ro\/honda\/"},{"@type":"ListItem","position":2,"name":"Piese auto HONDA","item":"https:\/\/autorival.ro\/honda\/"},{"@type":"ListItem","position":3,"name":"Filtru polen HONDA CIVIC VII Hatchback (EU, EP, EV) 1.7 CTDi (EP4, EU9) diesel 100 cai MANN-FILTER CU 2327-2"}]},{"@type":"WebSite","@id":"https:\/\/autorival.ro\/honda\/#website","url":"https:\/\/autorival.ro\/honda\/","name":"HONDA","description":"","potentialAction":[{"@type":"SearchAction","target":{"@type":"EntryPoint","urlTemplate":"https:\/\/autorival.ro\/honda\/?s={search_term_string}"},"query-input":{"@type":"PropertyValueSpecification","valueRequired":true,"valueName":"search_term_string"}}],"inLanguage":"en-US"}]}},"_links":{"self":[{"href":"https:\/\/autorival.ro\/honda\/wp-json\/wp\/v2\/product\/82288","targetHints":{"allow":["GET"]}}],"collection":[{"href":"https:\/\/autorival.ro\/honda\/wp-json\/wp\/v2\/product"}],"about":[{"href":"https:\/\/autorival.ro\/honda\/wp-json\/wp\/v2\/types\/product"}],"replies":[{"embeddable":true,"href":"https:\/\/autorival.ro\/honda\/wp-json\/wp\/v2\/comments?post=82288"}],"wp:featuredmedia":[{"embeddable":true,"href":"https:\/\/autorival.ro\/honda\/wp-json\/wp\/v2\/media\/82144"}],"wp:attachment":[{"href":"https:\/\/autorival.ro\/honda\/wp-json\/wp\/v2\/media?parent=82288"}],"wp:term":[{"taxonomy":"product_brand","embeddable":true,"href":"https:\/\/autorival.ro\/honda\/wp-json\/wp\/v2\/product_brand?post=82288"},{"taxonomy":"product_cat","embeddable":true,"href":"https:\/\/autorival.ro\/honda\/wp-json\/wp\/v2\/product_cat?post=82288"},{"taxonomy":"product_tag","embeddable":true,"href":"https:\/\/autorival.ro\/honda\/wp-json\/wp\/v2\/product_tag?post=82288"}],"curies":[{"name":"wp","href":"https:\/\/api.w.org\/{rel}","templated":true}]}}