{"id":82151,"date":"2025-05-03T17:17:26","date_gmt":"2025-05-03T17:17:26","guid":{"rendered":"https:\/\/autorival.ro\/honda\/product\/filtru-polen-honda-civic-vii-hatchback-eu-ep-ev-1-4-i-ep1-eu7-benzina-75-cai-mastersport-germany-2327-2-if-set-ms\/"},"modified":"2025-05-03T17:17:27","modified_gmt":"2025-05-03T17:17:27","slug":"filtru-polen-honda-civic-vii-hatchback-eu-ep-ev-1-4-i-ep1-eu7-benzina-75-cai-mastersport-germany-2327-2-if-set-ms","status":"publish","type":"product","link":"https:\/\/autorival.ro\/honda\/product\/filtru-polen-honda-civic-vii-hatchback-eu-ep-ev-1-4-i-ep1-eu7-benzina-75-cai-mastersport-germany-2327-2-if-set-ms\/","title":{"rendered":"Filtru polen HONDA CIVIC VII Hatchback (EU, EP, EV) 1.4 i (EP1, EU7) benzina 75 cai MASTERSPORT GERMANY 2327-2-IF-SET-MS"},"content":{"rendered":"<p>Echipament vehicul: pentru vehicule cu aer conditionatTip filtru: Filtru de particule ->Lungime [mm]: 225Unitate de calitate: set ->Latime [mm]: 112\u00cenaltime [mm]: 30Calitate: 2Versiunea de baz\u0103 cu c\u0103rbune activ (nr. art.): 2327\/1-2-SET ->Greutate neta [kg]: 0,08 ->Greutate brut\u0103 [kg]: 0,16<\/p>\n","protected":false},"excerpt":{"rendered":"<p>Producator: MASTERSPORT GERMANY Cod producator: 2327-2-IF-SET-MS<\/p>\n","protected":false},"featured_media":82150,"comment_status":"open","ping_status":"closed","template":"","meta":[],"product_brand":[270],"product_cat":[6492],"product_tag":[15281,15299,15302,15300,15384,15280,15383,15298],"class_list":{"0":"post-82151","1":"product","2":"type-product","3":"status-publish","4":"has-post-thumbnail","6":"product_brand-mastersport-germany","7":"product_cat-filtru-polen-vii-hatchback-eu-ep-ev-1-4-i-ep1-eu7-benzina-75","8":"product_tag-civic","9":"product_tag-ep","10":"product_tag-eu","11":"product_tag-ev","12":"product_tag-germany","13":"product_tag-honda","14":"product_tag-mastersport","15":"product_tag-vii","17":"first","18":"instock","19":"shipping-taxable","20":"purchasable","21":"product-type-simple"},"yoast_head":"<!-- This site is optimized with the Yoast SEO plugin v27.3 - https:\/\/yoast.com\/product\/yoast-seo-wordpress\/ -->\n<title>Filtru polen HONDA CIVIC VII Hatchback (EU, EP, EV) 1.4 i (EP1, EU7) benzina 75 cai MASTERSPORT GERMANY 2327-2-IF-SET-MS HONDA | MASTERSPORT - Autorival<\/title>\n<meta name=\"description\" content=\"\u26a1 Filtru polen HONDA CIVIC VII Hatchback (EU, EP, EV) 1.4 i (EP1, EU7) benzina 75 cai MASTERSPORT GERMANY 2327-2-IF-SET-MS pentru HONDA la doar 59.99 RON. \u2713 Cod: 2327-2-IF-SET-MS \u2713 Brand: MASTERSPORT \u2713 \u00cen stoc \u2713 Livrare 24h \u2713 Garan\u021bie!\" \/>\n<meta name=\"robots\" content=\"index, follow, max-snippet:-1, max-image-preview:large, max-video-preview:-1\" \/>\n<meta property=\"og:locale\" content=\"en_US\" \/>\n<meta property=\"og:type\" content=\"article\" \/>\n<meta property=\"og:title\" content=\"Filtru polen HONDA CIVIC VII Hatchback (EU, EP, EV) 1.4 i (EP1, EU7) benzina 75 cai MASTERSPORT GERMANY 2327-2-IF-SET-MS HONDA | MASTERSPORT - Autorival\" \/>\n<meta property=\"og:description\" content=\"\u26a1 Filtru polen HONDA CIVIC VII Hatchback (EU, EP, EV) 1.4 i (EP1, EU7) benzina 75 cai MASTERSPORT GERMANY 2327-2-IF-SET-MS pentru HONDA la doar 59.99 RON. \u2713 Cod: 2327-2-IF-SET-MS \u2713 Brand: MASTERSPORT \u2713 \u00cen stoc \u2713 Livrare 24h \u2713 Garan\u021bie!\" \/>\n<meta property=\"og:url\" content=\"https:\/\/autorival.ro\/honda\/product\/filtru-polen-honda-civic-vii-hatchback-eu-ep-ev-1-4-i-ep1-eu7-benzina-75-cai-mastersport-germany-2327-2-if-set-ms\/\" \/>\n<meta property=\"og:site_name\" content=\"HONDA\" \/>\n<meta property=\"article:modified_time\" content=\"2025-05-03T17:17:27+00:00\" \/>\n<meta property=\"og:image\" content=\"https:\/\/autorival.ro\/honda\/wp-content\/uploads\/sites\/11\/2025\/05\/2327-2-if-set-ms.jpg\" \/>\n\t<meta property=\"og:image:width\" content=\"1500\" \/>\n\t<meta property=\"og:image:height\" content=\"999\" \/>\n\t<meta property=\"og:image:type\" content=\"image\/jpeg\" \/>\n<meta name=\"twitter:card\" content=\"summary_large_image\" \/>\n<meta name=\"twitter:title\" content=\"Filtru polen HONDA CIVIC VII Hatchback (EU, EP, EV) 1.4 i (EP1, EU7) benzina 75 cai MASTERSPORT GERMANY 2327-2-IF-SET-MS HONDA | MASTERSPORT - Autorival\" \/>\n<meta name=\"twitter:description\" content=\"\u26a1 Filtru polen HONDA CIVIC VII Hatchback (EU, EP, EV) 1.4 i (EP1, EU7) benzina 75 cai MASTERSPORT GERMANY 2327-2-IF-SET-MS pentru HONDA la doar 59.99 RON. \u2713 Cod: 2327-2-IF-SET-MS \u2713 Brand: MASTERSPORT \u2713 \u00cen stoc \u2713 Livrare 24h \u2713 Garan\u021bie!\" \/>\n<script type=\"application\/ld+json\" class=\"yoast-schema-graph\">{\"@context\":\"https:\\\/\\\/schema.org\",\"@graph\":[{\"@type\":\"WebPage\",\"@id\":\"https:\\\/\\\/autorival.ro\\\/honda\\\/product\\\/filtru-polen-honda-civic-vii-hatchback-eu-ep-ev-1-4-i-ep1-eu7-benzina-75-cai-mastersport-germany-2327-2-if-set-ms\\\/\",\"url\":\"https:\\\/\\\/autorival.ro\\\/honda\\\/product\\\/filtru-polen-honda-civic-vii-hatchback-eu-ep-ev-1-4-i-ep1-eu7-benzina-75-cai-mastersport-germany-2327-2-if-set-ms\\\/\",\"name\":\"Filtru polen HONDA CIVIC VII Hatchback (EU, EP, EV) 1.4 i (EP1, EU7) benzina 75 cai MASTERSPORT GERMANY 2327-2-IF-SET-MS HONDA | MASTERSPORT - Autorival\",\"isPartOf\":{\"@id\":\"https:\\\/\\\/autorival.ro\\\/honda\\\/#website\"},\"primaryImageOfPage\":{\"@id\":\"https:\\\/\\\/autorival.ro\\\/honda\\\/product\\\/filtru-polen-honda-civic-vii-hatchback-eu-ep-ev-1-4-i-ep1-eu7-benzina-75-cai-mastersport-germany-2327-2-if-set-ms\\\/#primaryimage\"},\"image\":{\"@id\":\"https:\\\/\\\/autorival.ro\\\/honda\\\/product\\\/filtru-polen-honda-civic-vii-hatchback-eu-ep-ev-1-4-i-ep1-eu7-benzina-75-cai-mastersport-germany-2327-2-if-set-ms\\\/#primaryimage\"},\"thumbnailUrl\":\"https:\\\/\\\/autorival.ro\\\/honda\\\/wp-content\\\/uploads\\\/sites\\\/11\\\/2025\\\/05\\\/2327-2-if-set-ms.jpg\",\"datePublished\":\"2025-05-03T17:17:26+00:00\",\"dateModified\":\"2025-05-03T17:17:27+00:00\",\"description\":\"\u26a1 Filtru polen HONDA CIVIC VII Hatchback (EU, EP, EV) 1.4 i (EP1, EU7) benzina 75 cai MASTERSPORT GERMANY 2327-2-IF-SET-MS pentru HONDA la doar 59.99 RON. \u2713 Cod: 2327-2-IF-SET-MS \u2713 Brand: MASTERSPORT \u2713 \u00cen stoc \u2713 Livrare 24h \u2713 Garan\u021bie!\",\"breadcrumb\":{\"@id\":\"https:\\\/\\\/autorival.ro\\\/honda\\\/product\\\/filtru-polen-honda-civic-vii-hatchback-eu-ep-ev-1-4-i-ep1-eu7-benzina-75-cai-mastersport-germany-2327-2-if-set-ms\\\/#breadcrumb\"},\"inLanguage\":\"en-US\",\"potentialAction\":[{\"@type\":\"ReadAction\",\"target\":[\"https:\\\/\\\/autorival.ro\\\/honda\\\/product\\\/filtru-polen-honda-civic-vii-hatchback-eu-ep-ev-1-4-i-ep1-eu7-benzina-75-cai-mastersport-germany-2327-2-if-set-ms\\\/\"]}]},{\"@type\":\"ImageObject\",\"inLanguage\":\"en-US\",\"@id\":\"https:\\\/\\\/autorival.ro\\\/honda\\\/product\\\/filtru-polen-honda-civic-vii-hatchback-eu-ep-ev-1-4-i-ep1-eu7-benzina-75-cai-mastersport-germany-2327-2-if-set-ms\\\/#primaryimage\",\"url\":\"https:\\\/\\\/autorival.ro\\\/honda\\\/wp-content\\\/uploads\\\/sites\\\/11\\\/2025\\\/05\\\/2327-2-if-set-ms.jpg\",\"contentUrl\":\"https:\\\/\\\/autorival.ro\\\/honda\\\/wp-content\\\/uploads\\\/sites\\\/11\\\/2025\\\/05\\\/2327-2-if-set-ms.jpg\",\"width\":1500,\"height\":999,\"caption\":\"Filtru polen HONDA CIVIC VII Hatchback (EU, EP, EV) 1.4 i (EP1, EU7) benzina 75 cai MASTERSPORT GERMANY 2327-2-IF-SET-MS\"},{\"@type\":\"BreadcrumbList\",\"@id\":\"https:\\\/\\\/autorival.ro\\\/honda\\\/product\\\/filtru-polen-honda-civic-vii-hatchback-eu-ep-ev-1-4-i-ep1-eu7-benzina-75-cai-mastersport-germany-2327-2-if-set-ms\\\/#breadcrumb\",\"itemListElement\":[{\"@type\":\"ListItem\",\"position\":1,\"name\":\"Prima pagin\u0103\",\"item\":\"https:\\\/\\\/autorival.ro\\\/honda\\\/\"},{\"@type\":\"ListItem\",\"position\":2,\"name\":\"Piese auto HONDA\",\"item\":\"https:\\\/\\\/autorival.ro\\\/honda\\\/\"},{\"@type\":\"ListItem\",\"position\":3,\"name\":\"Filtru polen HONDA CIVIC VII Hatchback (EU, EP, EV) 1.4 i (EP1, EU7) benzina 75 cai MASTERSPORT GERMANY 2327-2-IF-SET-MS\"}]},{\"@type\":\"WebSite\",\"@id\":\"https:\\\/\\\/autorival.ro\\\/honda\\\/#website\",\"url\":\"https:\\\/\\\/autorival.ro\\\/honda\\\/\",\"name\":\"HONDA\",\"description\":\"\",\"potentialAction\":[{\"@type\":\"SearchAction\",\"target\":{\"@type\":\"EntryPoint\",\"urlTemplate\":\"https:\\\/\\\/autorival.ro\\\/honda\\\/?s={search_term_string}\"},\"query-input\":{\"@type\":\"PropertyValueSpecification\",\"valueRequired\":true,\"valueName\":\"search_term_string\"}}],\"inLanguage\":\"en-US\"}]}<\/script>\n<!-- \/ Yoast SEO plugin. -->","yoast_head_json":{"title":"Filtru polen HONDA CIVIC VII Hatchback (EU, EP, EV) 1.4 i (EP1, EU7) benzina 75 cai MASTERSPORT GERMANY 2327-2-IF-SET-MS HONDA | MASTERSPORT - Autorival","description":"\u26a1 Filtru polen HONDA CIVIC VII Hatchback (EU, EP, EV) 1.4 i (EP1, EU7) benzina 75 cai MASTERSPORT GERMANY 2327-2-IF-SET-MS pentru HONDA la doar 59.99 RON. \u2713 Cod: 2327-2-IF-SET-MS \u2713 Brand: MASTERSPORT \u2713 \u00cen stoc \u2713 Livrare 24h \u2713 Garan\u021bie!","robots":{"index":"index","follow":"follow","max-snippet":"max-snippet:-1","max-image-preview":"max-image-preview:large","max-video-preview":"max-video-preview:-1"},"og_locale":"en_US","og_type":"article","og_title":"Filtru polen HONDA CIVIC VII Hatchback (EU, EP, EV) 1.4 i (EP1, EU7) benzina 75 cai MASTERSPORT GERMANY 2327-2-IF-SET-MS HONDA | MASTERSPORT - Autorival","og_description":"\u26a1 Filtru polen HONDA CIVIC VII Hatchback (EU, EP, EV) 1.4 i (EP1, EU7) benzina 75 cai MASTERSPORT GERMANY 2327-2-IF-SET-MS pentru HONDA la doar 59.99 RON. \u2713 Cod: 2327-2-IF-SET-MS \u2713 Brand: MASTERSPORT \u2713 \u00cen stoc \u2713 Livrare 24h \u2713 Garan\u021bie!","og_url":"https:\/\/autorival.ro\/honda\/product\/filtru-polen-honda-civic-vii-hatchback-eu-ep-ev-1-4-i-ep1-eu7-benzina-75-cai-mastersport-germany-2327-2-if-set-ms\/","og_site_name":"HONDA","article_modified_time":"2025-05-03T17:17:27+00:00","og_image":[{"width":1500,"height":999,"url":"https:\/\/autorival.ro\/honda\/wp-content\/uploads\/sites\/11\/2025\/05\/2327-2-if-set-ms.jpg","type":"image\/jpeg"}],"twitter_card":"summary_large_image","twitter_title":"Filtru polen HONDA CIVIC VII Hatchback (EU, EP, EV) 1.4 i (EP1, EU7) benzina 75 cai MASTERSPORT GERMANY 2327-2-IF-SET-MS HONDA | MASTERSPORT - Autorival","twitter_description":"\u26a1 Filtru polen HONDA CIVIC VII Hatchback (EU, EP, EV) 1.4 i (EP1, EU7) benzina 75 cai MASTERSPORT GERMANY 2327-2-IF-SET-MS pentru HONDA la doar 59.99 RON. \u2713 Cod: 2327-2-IF-SET-MS \u2713 Brand: MASTERSPORT \u2713 \u00cen stoc \u2713 Livrare 24h \u2713 Garan\u021bie!","schema":{"@context":"https:\/\/schema.org","@graph":[{"@type":"WebPage","@id":"https:\/\/autorival.ro\/honda\/product\/filtru-polen-honda-civic-vii-hatchback-eu-ep-ev-1-4-i-ep1-eu7-benzina-75-cai-mastersport-germany-2327-2-if-set-ms\/","url":"https:\/\/autorival.ro\/honda\/product\/filtru-polen-honda-civic-vii-hatchback-eu-ep-ev-1-4-i-ep1-eu7-benzina-75-cai-mastersport-germany-2327-2-if-set-ms\/","name":"Filtru polen HONDA CIVIC VII Hatchback (EU, EP, EV) 1.4 i (EP1, EU7) benzina 75 cai MASTERSPORT GERMANY 2327-2-IF-SET-MS HONDA | MASTERSPORT - Autorival","isPartOf":{"@id":"https:\/\/autorival.ro\/honda\/#website"},"primaryImageOfPage":{"@id":"https:\/\/autorival.ro\/honda\/product\/filtru-polen-honda-civic-vii-hatchback-eu-ep-ev-1-4-i-ep1-eu7-benzina-75-cai-mastersport-germany-2327-2-if-set-ms\/#primaryimage"},"image":{"@id":"https:\/\/autorival.ro\/honda\/product\/filtru-polen-honda-civic-vii-hatchback-eu-ep-ev-1-4-i-ep1-eu7-benzina-75-cai-mastersport-germany-2327-2-if-set-ms\/#primaryimage"},"thumbnailUrl":"https:\/\/autorival.ro\/honda\/wp-content\/uploads\/sites\/11\/2025\/05\/2327-2-if-set-ms.jpg","datePublished":"2025-05-03T17:17:26+00:00","dateModified":"2025-05-03T17:17:27+00:00","description":"\u26a1 Filtru polen HONDA CIVIC VII Hatchback (EU, EP, EV) 1.4 i (EP1, EU7) benzina 75 cai MASTERSPORT GERMANY 2327-2-IF-SET-MS pentru HONDA la doar 59.99 RON. \u2713 Cod: 2327-2-IF-SET-MS \u2713 Brand: MASTERSPORT \u2713 \u00cen stoc \u2713 Livrare 24h \u2713 Garan\u021bie!","breadcrumb":{"@id":"https:\/\/autorival.ro\/honda\/product\/filtru-polen-honda-civic-vii-hatchback-eu-ep-ev-1-4-i-ep1-eu7-benzina-75-cai-mastersport-germany-2327-2-if-set-ms\/#breadcrumb"},"inLanguage":"en-US","potentialAction":[{"@type":"ReadAction","target":["https:\/\/autorival.ro\/honda\/product\/filtru-polen-honda-civic-vii-hatchback-eu-ep-ev-1-4-i-ep1-eu7-benzina-75-cai-mastersport-germany-2327-2-if-set-ms\/"]}]},{"@type":"ImageObject","inLanguage":"en-US","@id":"https:\/\/autorival.ro\/honda\/product\/filtru-polen-honda-civic-vii-hatchback-eu-ep-ev-1-4-i-ep1-eu7-benzina-75-cai-mastersport-germany-2327-2-if-set-ms\/#primaryimage","url":"https:\/\/autorival.ro\/honda\/wp-content\/uploads\/sites\/11\/2025\/05\/2327-2-if-set-ms.jpg","contentUrl":"https:\/\/autorival.ro\/honda\/wp-content\/uploads\/sites\/11\/2025\/05\/2327-2-if-set-ms.jpg","width":1500,"height":999,"caption":"Filtru polen HONDA CIVIC VII Hatchback (EU, EP, EV) 1.4 i (EP1, EU7) benzina 75 cai MASTERSPORT GERMANY 2327-2-IF-SET-MS"},{"@type":"BreadcrumbList","@id":"https:\/\/autorival.ro\/honda\/product\/filtru-polen-honda-civic-vii-hatchback-eu-ep-ev-1-4-i-ep1-eu7-benzina-75-cai-mastersport-germany-2327-2-if-set-ms\/#breadcrumb","itemListElement":[{"@type":"ListItem","position":1,"name":"Prima pagin\u0103","item":"https:\/\/autorival.ro\/honda\/"},{"@type":"ListItem","position":2,"name":"Piese auto HONDA","item":"https:\/\/autorival.ro\/honda\/"},{"@type":"ListItem","position":3,"name":"Filtru polen HONDA CIVIC VII Hatchback (EU, EP, EV) 1.4 i (EP1, EU7) benzina 75 cai MASTERSPORT GERMANY 2327-2-IF-SET-MS"}]},{"@type":"WebSite","@id":"https:\/\/autorival.ro\/honda\/#website","url":"https:\/\/autorival.ro\/honda\/","name":"HONDA","description":"","potentialAction":[{"@type":"SearchAction","target":{"@type":"EntryPoint","urlTemplate":"https:\/\/autorival.ro\/honda\/?s={search_term_string}"},"query-input":{"@type":"PropertyValueSpecification","valueRequired":true,"valueName":"search_term_string"}}],"inLanguage":"en-US"}]}},"_links":{"self":[{"href":"https:\/\/autorival.ro\/honda\/wp-json\/wp\/v2\/product\/82151","targetHints":{"allow":["GET"]}}],"collection":[{"href":"https:\/\/autorival.ro\/honda\/wp-json\/wp\/v2\/product"}],"about":[{"href":"https:\/\/autorival.ro\/honda\/wp-json\/wp\/v2\/types\/product"}],"replies":[{"embeddable":true,"href":"https:\/\/autorival.ro\/honda\/wp-json\/wp\/v2\/comments?post=82151"}],"wp:featuredmedia":[{"embeddable":true,"href":"https:\/\/autorival.ro\/honda\/wp-json\/wp\/v2\/media\/82150"}],"wp:attachment":[{"href":"https:\/\/autorival.ro\/honda\/wp-json\/wp\/v2\/media?parent=82151"}],"wp:term":[{"taxonomy":"product_brand","embeddable":true,"href":"https:\/\/autorival.ro\/honda\/wp-json\/wp\/v2\/product_brand?post=82151"},{"taxonomy":"product_cat","embeddable":true,"href":"https:\/\/autorival.ro\/honda\/wp-json\/wp\/v2\/product_cat?post=82151"},{"taxonomy":"product_tag","embeddable":true,"href":"https:\/\/autorival.ro\/honda\/wp-json\/wp\/v2\/product_tag?post=82151"}],"curies":[{"name":"wp","href":"https:\/\/api.w.org\/{rel}","templated":true}]}}