{"id":74530,"date":"2025-05-03T15:56:58","date_gmt":"2025-05-03T15:56:58","guid":{"rendered":"https:\/\/autorival.ro\/honda\/product\/far-honda-civic-i-limuzina-sf-1300-s-benzina-71-cai-van-wezel-9902949\/"},"modified":"2025-05-03T15:56:58","modified_gmt":"2025-05-03T15:56:58","slug":"far-honda-civic-i-limuzina-sf-1300-s-benzina-71-cai-van-wezel-9902949","status":"publish","type":"product","link":"https:\/\/autorival.ro\/honda\/product\/far-honda-civic-i-limuzina-sf-1300-s-benzina-71-cai-van-wezel-9902949\/","title":{"rendered":"Far HONDA CIVIC I limuzina (SF) 1300 S benzina 71 cai VAN WEZEL 9902949"},"content":{"rendered":"<p>Partea de montare: stanga, dreaptaTIp lampa: H4Tip inmatriculare: vefificat SAEFunctie de lampa: fara lumini de delimitareEchipament vehicul: pentru vehicule f\u0103r\u0103 reglare faruri ->Lungime [mm]: 200 ->Latime [mm]: 142Form\u0103 adaptat\u0103: UniversalSpecificatii de asamblare: MontareVa rugam, respectati intructiunile de folosireVoltaj [V]: 12Trafic pe st\u00e2nga\/dreapta: pentru trafic pe dreapta<\/p>\n","protected":false},"excerpt":{"rendered":"<p>Producator: VAN WEZEL Cod producator: 9902949<\/p>\n","protected":false},"featured_media":74521,"comment_status":"open","ping_status":"closed","template":"","meta":[],"product_brand":[44],"product_cat":[5916],"product_tag":[15281,15482,15280,15313,15288,15289],"class_list":{"0":"post-74530","1":"product","2":"type-product","3":"status-publish","4":"has-post-thumbnail","6":"product_brand-van-wezel","7":"product_cat-far-i-limuzina-sf-1300-s-benzina-71","8":"product_tag-civic","9":"product_tag-far","10":"product_tag-honda","11":"product_tag-limuzina","12":"product_tag-van","13":"product_tag-wezel","15":"first","16":"instock","17":"shipping-taxable","18":"purchasable","19":"product-type-simple"},"yoast_head":"<!-- This site is optimized with the Yoast SEO plugin v27.4 - https:\/\/yoast.com\/product\/yoast-seo-wordpress\/ -->\n<title>Far HONDA CIVIC I limuzina (SF) 1300 S benzina 71 cai VAN WEZEL 9902949 HONDA | VAN - Autorival<\/title>\n<meta name=\"description\" content=\"\u26a1 Far HONDA CIVIC I limuzina (SF) 1300 S benzina 71 cai VAN WEZEL 9902949 pentru HONDA la doar 142.8 RON. \u2713 Cod: 9902949 \u2713 Brand: VAN \u2713 \u00cen stoc \u2713 Livrare 24h \u2713 Garan\u021bie!\" \/>\n<meta name=\"robots\" content=\"index, follow, max-snippet:-1, max-image-preview:large, max-video-preview:-1\" \/>\n<meta property=\"og:locale\" content=\"en_US\" \/>\n<meta property=\"og:type\" content=\"article\" \/>\n<meta property=\"og:title\" content=\"Far HONDA CIVIC I limuzina (SF) 1300 S benzina 71 cai VAN WEZEL 9902949 HONDA | VAN - Autorival\" \/>\n<meta property=\"og:description\" content=\"\u26a1 Far HONDA CIVIC I limuzina (SF) 1300 S benzina 71 cai VAN WEZEL 9902949 pentru HONDA la doar 142.8 RON. \u2713 Cod: 9902949 \u2713 Brand: VAN \u2713 \u00cen stoc \u2713 Livrare 24h \u2713 Garan\u021bie!\" \/>\n<meta property=\"og:url\" content=\"https:\/\/autorival.ro\/honda\/product\/far-honda-civic-i-limuzina-sf-1300-s-benzina-71-cai-van-wezel-9902949\/\" \/>\n<meta property=\"og:site_name\" content=\"HONDA\" \/>\n<meta property=\"og:image\" content=\"https:\/\/autorival.ro\/honda\/wp-content\/uploads\/sites\/11\/2025\/05\/i9902949.jpg\" \/>\n\t<meta property=\"og:image:width\" content=\"400\" \/>\n\t<meta property=\"og:image:height\" content=\"280\" \/>\n\t<meta property=\"og:image:type\" content=\"image\/jpeg\" \/>\n<meta name=\"twitter:card\" content=\"summary_large_image\" \/>\n<meta name=\"twitter:title\" content=\"Far HONDA CIVIC I limuzina (SF) 1300 S benzina 71 cai VAN WEZEL 9902949 HONDA | VAN - Autorival\" \/>\n<meta name=\"twitter:description\" content=\"\u26a1 Far HONDA CIVIC I limuzina (SF) 1300 S benzina 71 cai VAN WEZEL 9902949 pentru HONDA la doar 142.8 RON. \u2713 Cod: 9902949 \u2713 Brand: VAN \u2713 \u00cen stoc \u2713 Livrare 24h \u2713 Garan\u021bie!\" \/>\n<script type=\"application\/ld+json\" class=\"yoast-schema-graph\">{\"@context\":\"https:\\\/\\\/schema.org\",\"@graph\":[{\"@type\":\"WebPage\",\"@id\":\"https:\\\/\\\/autorival.ro\\\/honda\\\/product\\\/far-honda-civic-i-limuzina-sf-1300-s-benzina-71-cai-van-wezel-9902949\\\/\",\"url\":\"https:\\\/\\\/autorival.ro\\\/honda\\\/product\\\/far-honda-civic-i-limuzina-sf-1300-s-benzina-71-cai-van-wezel-9902949\\\/\",\"name\":\"Far HONDA CIVIC I limuzina (SF) 1300 S benzina 71 cai VAN WEZEL 9902949 HONDA | VAN - Autorival\",\"isPartOf\":{\"@id\":\"https:\\\/\\\/autorival.ro\\\/honda\\\/#website\"},\"primaryImageOfPage\":{\"@id\":\"https:\\\/\\\/autorival.ro\\\/honda\\\/product\\\/far-honda-civic-i-limuzina-sf-1300-s-benzina-71-cai-van-wezel-9902949\\\/#primaryimage\"},\"image\":{\"@id\":\"https:\\\/\\\/autorival.ro\\\/honda\\\/product\\\/far-honda-civic-i-limuzina-sf-1300-s-benzina-71-cai-van-wezel-9902949\\\/#primaryimage\"},\"thumbnailUrl\":\"https:\\\/\\\/autorival.ro\\\/honda\\\/wp-content\\\/uploads\\\/sites\\\/11\\\/2025\\\/05\\\/i9902949.jpg\",\"datePublished\":\"2025-05-03T15:56:58+00:00\",\"description\":\"\u26a1 Far HONDA CIVIC I limuzina (SF) 1300 S benzina 71 cai VAN WEZEL 9902949 pentru HONDA la doar 142.8 RON. \u2713 Cod: 9902949 \u2713 Brand: VAN \u2713 \u00cen stoc \u2713 Livrare 24h \u2713 Garan\u021bie!\",\"breadcrumb\":{\"@id\":\"https:\\\/\\\/autorival.ro\\\/honda\\\/product\\\/far-honda-civic-i-limuzina-sf-1300-s-benzina-71-cai-van-wezel-9902949\\\/#breadcrumb\"},\"inLanguage\":\"en-US\",\"potentialAction\":[{\"@type\":\"ReadAction\",\"target\":[\"https:\\\/\\\/autorival.ro\\\/honda\\\/product\\\/far-honda-civic-i-limuzina-sf-1300-s-benzina-71-cai-van-wezel-9902949\\\/\"]}]},{\"@type\":\"ImageObject\",\"inLanguage\":\"en-US\",\"@id\":\"https:\\\/\\\/autorival.ro\\\/honda\\\/product\\\/far-honda-civic-i-limuzina-sf-1300-s-benzina-71-cai-van-wezel-9902949\\\/#primaryimage\",\"url\":\"https:\\\/\\\/autorival.ro\\\/honda\\\/wp-content\\\/uploads\\\/sites\\\/11\\\/2025\\\/05\\\/i9902949.jpg\",\"contentUrl\":\"https:\\\/\\\/autorival.ro\\\/honda\\\/wp-content\\\/uploads\\\/sites\\\/11\\\/2025\\\/05\\\/i9902949.jpg\",\"width\":400,\"height\":280,\"caption\":\"Far HONDA CIVIC I limuzina (SF) 1300 L benzina 45 cai VAN WEZEL 9902949\"},{\"@type\":\"BreadcrumbList\",\"@id\":\"https:\\\/\\\/autorival.ro\\\/honda\\\/product\\\/far-honda-civic-i-limuzina-sf-1300-s-benzina-71-cai-van-wezel-9902949\\\/#breadcrumb\",\"itemListElement\":[{\"@type\":\"ListItem\",\"position\":1,\"name\":\"Prima pagin\u0103\",\"item\":\"https:\\\/\\\/autorival.ro\\\/honda\\\/\"},{\"@type\":\"ListItem\",\"position\":2,\"name\":\"Piese auto HONDA\",\"item\":\"https:\\\/\\\/autorival.ro\\\/honda\\\/\"},{\"@type\":\"ListItem\",\"position\":3,\"name\":\"Far HONDA CIVIC I limuzina (SF) 1300 S benzina 71 cai VAN WEZEL 9902949\"}]},{\"@type\":\"WebSite\",\"@id\":\"https:\\\/\\\/autorival.ro\\\/honda\\\/#website\",\"url\":\"https:\\\/\\\/autorival.ro\\\/honda\\\/\",\"name\":\"HONDA\",\"description\":\"\",\"potentialAction\":[{\"@type\":\"SearchAction\",\"target\":{\"@type\":\"EntryPoint\",\"urlTemplate\":\"https:\\\/\\\/autorival.ro\\\/honda\\\/?s={search_term_string}\"},\"query-input\":{\"@type\":\"PropertyValueSpecification\",\"valueRequired\":true,\"valueName\":\"search_term_string\"}}],\"inLanguage\":\"en-US\"}]}<\/script>\n<!-- \/ Yoast SEO plugin. -->","yoast_head_json":{"title":"Far HONDA CIVIC I limuzina (SF) 1300 S benzina 71 cai VAN WEZEL 9902949 HONDA | VAN - Autorival","description":"\u26a1 Far HONDA CIVIC I limuzina (SF) 1300 S benzina 71 cai VAN WEZEL 9902949 pentru HONDA la doar 142.8 RON. \u2713 Cod: 9902949 \u2713 Brand: VAN \u2713 \u00cen stoc \u2713 Livrare 24h \u2713 Garan\u021bie!","robots":{"index":"index","follow":"follow","max-snippet":"max-snippet:-1","max-image-preview":"max-image-preview:large","max-video-preview":"max-video-preview:-1"},"og_locale":"en_US","og_type":"article","og_title":"Far HONDA CIVIC I limuzina (SF) 1300 S benzina 71 cai VAN WEZEL 9902949 HONDA | VAN - Autorival","og_description":"\u26a1 Far HONDA CIVIC I limuzina (SF) 1300 S benzina 71 cai VAN WEZEL 9902949 pentru HONDA la doar 142.8 RON. \u2713 Cod: 9902949 \u2713 Brand: VAN \u2713 \u00cen stoc \u2713 Livrare 24h \u2713 Garan\u021bie!","og_url":"https:\/\/autorival.ro\/honda\/product\/far-honda-civic-i-limuzina-sf-1300-s-benzina-71-cai-van-wezel-9902949\/","og_site_name":"HONDA","og_image":[{"width":400,"height":280,"url":"https:\/\/autorival.ro\/honda\/wp-content\/uploads\/sites\/11\/2025\/05\/i9902949.jpg","type":"image\/jpeg"}],"twitter_card":"summary_large_image","twitter_title":"Far HONDA CIVIC I limuzina (SF) 1300 S benzina 71 cai VAN WEZEL 9902949 HONDA | VAN - Autorival","twitter_description":"\u26a1 Far HONDA CIVIC I limuzina (SF) 1300 S benzina 71 cai VAN WEZEL 9902949 pentru HONDA la doar 142.8 RON. \u2713 Cod: 9902949 \u2713 Brand: VAN \u2713 \u00cen stoc \u2713 Livrare 24h \u2713 Garan\u021bie!","schema":{"@context":"https:\/\/schema.org","@graph":[{"@type":"WebPage","@id":"https:\/\/autorival.ro\/honda\/product\/far-honda-civic-i-limuzina-sf-1300-s-benzina-71-cai-van-wezel-9902949\/","url":"https:\/\/autorival.ro\/honda\/product\/far-honda-civic-i-limuzina-sf-1300-s-benzina-71-cai-van-wezel-9902949\/","name":"Far HONDA CIVIC I limuzina (SF) 1300 S benzina 71 cai VAN WEZEL 9902949 HONDA | VAN - Autorival","isPartOf":{"@id":"https:\/\/autorival.ro\/honda\/#website"},"primaryImageOfPage":{"@id":"https:\/\/autorival.ro\/honda\/product\/far-honda-civic-i-limuzina-sf-1300-s-benzina-71-cai-van-wezel-9902949\/#primaryimage"},"image":{"@id":"https:\/\/autorival.ro\/honda\/product\/far-honda-civic-i-limuzina-sf-1300-s-benzina-71-cai-van-wezel-9902949\/#primaryimage"},"thumbnailUrl":"https:\/\/autorival.ro\/honda\/wp-content\/uploads\/sites\/11\/2025\/05\/i9902949.jpg","datePublished":"2025-05-03T15:56:58+00:00","description":"\u26a1 Far HONDA CIVIC I limuzina (SF) 1300 S benzina 71 cai VAN WEZEL 9902949 pentru HONDA la doar 142.8 RON. \u2713 Cod: 9902949 \u2713 Brand: VAN \u2713 \u00cen stoc \u2713 Livrare 24h \u2713 Garan\u021bie!","breadcrumb":{"@id":"https:\/\/autorival.ro\/honda\/product\/far-honda-civic-i-limuzina-sf-1300-s-benzina-71-cai-van-wezel-9902949\/#breadcrumb"},"inLanguage":"en-US","potentialAction":[{"@type":"ReadAction","target":["https:\/\/autorival.ro\/honda\/product\/far-honda-civic-i-limuzina-sf-1300-s-benzina-71-cai-van-wezel-9902949\/"]}]},{"@type":"ImageObject","inLanguage":"en-US","@id":"https:\/\/autorival.ro\/honda\/product\/far-honda-civic-i-limuzina-sf-1300-s-benzina-71-cai-van-wezel-9902949\/#primaryimage","url":"https:\/\/autorival.ro\/honda\/wp-content\/uploads\/sites\/11\/2025\/05\/i9902949.jpg","contentUrl":"https:\/\/autorival.ro\/honda\/wp-content\/uploads\/sites\/11\/2025\/05\/i9902949.jpg","width":400,"height":280,"caption":"Far HONDA CIVIC I limuzina (SF) 1300 L benzina 45 cai VAN WEZEL 9902949"},{"@type":"BreadcrumbList","@id":"https:\/\/autorival.ro\/honda\/product\/far-honda-civic-i-limuzina-sf-1300-s-benzina-71-cai-van-wezel-9902949\/#breadcrumb","itemListElement":[{"@type":"ListItem","position":1,"name":"Prima pagin\u0103","item":"https:\/\/autorival.ro\/honda\/"},{"@type":"ListItem","position":2,"name":"Piese auto HONDA","item":"https:\/\/autorival.ro\/honda\/"},{"@type":"ListItem","position":3,"name":"Far HONDA CIVIC I limuzina (SF) 1300 S benzina 71 cai VAN WEZEL 9902949"}]},{"@type":"WebSite","@id":"https:\/\/autorival.ro\/honda\/#website","url":"https:\/\/autorival.ro\/honda\/","name":"HONDA","description":"","potentialAction":[{"@type":"SearchAction","target":{"@type":"EntryPoint","urlTemplate":"https:\/\/autorival.ro\/honda\/?s={search_term_string}"},"query-input":{"@type":"PropertyValueSpecification","valueRequired":true,"valueName":"search_term_string"}}],"inLanguage":"en-US"}]}},"_links":{"self":[{"href":"https:\/\/autorival.ro\/honda\/wp-json\/wp\/v2\/product\/74530","targetHints":{"allow":["GET"]}}],"collection":[{"href":"https:\/\/autorival.ro\/honda\/wp-json\/wp\/v2\/product"}],"about":[{"href":"https:\/\/autorival.ro\/honda\/wp-json\/wp\/v2\/types\/product"}],"replies":[{"embeddable":true,"href":"https:\/\/autorival.ro\/honda\/wp-json\/wp\/v2\/comments?post=74530"}],"wp:featuredmedia":[{"embeddable":true,"href":"https:\/\/autorival.ro\/honda\/wp-json\/wp\/v2\/media\/74521"}],"wp:attachment":[{"href":"https:\/\/autorival.ro\/honda\/wp-json\/wp\/v2\/media?parent=74530"}],"wp:term":[{"taxonomy":"product_brand","embeddable":true,"href":"https:\/\/autorival.ro\/honda\/wp-json\/wp\/v2\/product_brand?post=74530"},{"taxonomy":"product_cat","embeddable":true,"href":"https:\/\/autorival.ro\/honda\/wp-json\/wp\/v2\/product_cat?post=74530"},{"taxonomy":"product_tag","embeddable":true,"href":"https:\/\/autorival.ro\/honda\/wp-json\/wp\/v2\/product_tag?post=74530"}],"curies":[{"name":"wp","href":"https:\/\/api.w.org\/{rel}","templated":true}]}}