{"id":73880,"date":"2025-05-03T15:50:15","date_gmt":"2025-05-03T15:50:15","guid":{"rendered":"https:\/\/autorival.ro\/honda\/product\/etrier-frana-honda-civic-vii-cupe-em2-1-7-i-em2-benzina-120-cai-denckermann-b190258r\/"},"modified":"2025-05-03T15:50:16","modified_gmt":"2025-05-03T15:50:16","slug":"etrier-frana-honda-civic-vii-cupe-em2-1-7-i-em2-benzina-120-cai-denckermann-b190258r","status":"publish","type":"product","link":"https:\/\/autorival.ro\/honda\/product\/etrier-frana-honda-civic-vii-cupe-em2-1-7-i-em2-benzina-120-cai-denckermann-b190258r\/","title":{"rendered":"Etrier frana HONDA CIVIC VII cupe (EM2) 1.7 i (EM2) benzina 120 cai DENCKERMANN B190258R"},"content":{"rendered":"<p>Partea de montare: Axa spate dreapta ->Greutate [kg]: 2,39 ->Diametru [mm]: 34 ->Grosime disc fr\u00e2na [mm]: 10Tip etrier fr\u00e2na: Etrier de fr\u00e2n\u0103 (1 piston)Sistem de fr\u00e2nare: NISSIN<\/p>\n","protected":false},"excerpt":{"rendered":"<p>Producator: DENCKERMANN Cod producator: B190258R<\/p>\n","protected":false},"featured_media":73879,"comment_status":"open","ping_status":"closed","template":"","meta":[],"product_brand":[227],"product_cat":[5834],"product_tag":[15281,15368,15619,15506,15280,15298],"class_list":{"0":"post-73880","1":"product","2":"type-product","3":"status-publish","4":"has-post-thumbnail","6":"product_brand-denckermann","7":"product_cat-etrier-frana-vii-cupe-em2-1-7-i-em2-benzina-120","8":"product_tag-civic","9":"product_tag-denckermann","10":"product_tag-etrier","11":"product_tag-frana","12":"product_tag-honda","13":"product_tag-vii","15":"first","16":"instock","17":"shipping-taxable","18":"purchasable","19":"product-type-simple"},"yoast_head":"<!-- This site is optimized with the Yoast SEO plugin v27.3 - https:\/\/yoast.com\/product\/yoast-seo-wordpress\/ -->\n<title>Etrier frana HONDA CIVIC VII cupe (EM2) 1.7 i (EM2) benzina 120 cai DENCKERMANN B190258R HONDA | DENCKERMANN - Autorival<\/title>\n<meta name=\"description\" content=\"\u26a1 Etrier frana HONDA CIVIC VII cupe (EM2) 1.7 i (EM2) benzina 120 cai DENCKERMANN B190258R pentru HONDA la doar 420.65 RON. \u2713 Cod: B190258R \u2713 Brand: DENCKERMANN \u2713 \u00cen stoc \u2713 Livrare 24h \u2713 Garan\u021bie!\" \/>\n<meta name=\"robots\" content=\"index, follow, max-snippet:-1, max-image-preview:large, max-video-preview:-1\" \/>\n<meta property=\"og:locale\" content=\"en_US\" \/>\n<meta property=\"og:type\" content=\"article\" \/>\n<meta property=\"og:title\" content=\"Etrier frana HONDA CIVIC VII cupe (EM2) 1.7 i (EM2) benzina 120 cai DENCKERMANN B190258R HONDA | DENCKERMANN - Autorival\" \/>\n<meta property=\"og:description\" content=\"\u26a1 Etrier frana HONDA CIVIC VII cupe (EM2) 1.7 i (EM2) benzina 120 cai DENCKERMANN B190258R pentru HONDA la doar 420.65 RON. \u2713 Cod: B190258R \u2713 Brand: DENCKERMANN \u2713 \u00cen stoc \u2713 Livrare 24h \u2713 Garan\u021bie!\" \/>\n<meta property=\"og:url\" content=\"https:\/\/autorival.ro\/honda\/product\/etrier-frana-honda-civic-vii-cupe-em2-1-7-i-em2-benzina-120-cai-denckermann-b190258r\/\" \/>\n<meta property=\"og:site_name\" content=\"HONDA\" \/>\n<meta property=\"article:modified_time\" content=\"2025-05-03T15:50:16+00:00\" \/>\n<meta property=\"og:image\" content=\"https:\/\/autorival.ro\/honda\/wp-content\/uploads\/sites\/11\/2025\/05\/b190258r-1-1.jpg\" \/>\n\t<meta property=\"og:image:width\" content=\"600\" \/>\n\t<meta property=\"og:image:height\" content=\"400\" \/>\n\t<meta property=\"og:image:type\" content=\"image\/jpeg\" \/>\n<meta name=\"twitter:card\" content=\"summary_large_image\" \/>\n<meta name=\"twitter:title\" content=\"Etrier frana HONDA CIVIC VII cupe (EM2) 1.7 i (EM2) benzina 120 cai DENCKERMANN B190258R HONDA | DENCKERMANN - Autorival\" \/>\n<meta name=\"twitter:description\" content=\"\u26a1 Etrier frana HONDA CIVIC VII cupe (EM2) 1.7 i (EM2) benzina 120 cai DENCKERMANN B190258R pentru HONDA la doar 420.65 RON. \u2713 Cod: B190258R \u2713 Brand: DENCKERMANN \u2713 \u00cen stoc \u2713 Livrare 24h \u2713 Garan\u021bie!\" \/>\n<script type=\"application\/ld+json\" class=\"yoast-schema-graph\">{\"@context\":\"https:\\\/\\\/schema.org\",\"@graph\":[{\"@type\":\"WebPage\",\"@id\":\"https:\\\/\\\/autorival.ro\\\/honda\\\/product\\\/etrier-frana-honda-civic-vii-cupe-em2-1-7-i-em2-benzina-120-cai-denckermann-b190258r\\\/\",\"url\":\"https:\\\/\\\/autorival.ro\\\/honda\\\/product\\\/etrier-frana-honda-civic-vii-cupe-em2-1-7-i-em2-benzina-120-cai-denckermann-b190258r\\\/\",\"name\":\"Etrier frana HONDA CIVIC VII cupe (EM2) 1.7 i (EM2) benzina 120 cai DENCKERMANN B190258R HONDA | DENCKERMANN - Autorival\",\"isPartOf\":{\"@id\":\"https:\\\/\\\/autorival.ro\\\/honda\\\/#website\"},\"primaryImageOfPage\":{\"@id\":\"https:\\\/\\\/autorival.ro\\\/honda\\\/product\\\/etrier-frana-honda-civic-vii-cupe-em2-1-7-i-em2-benzina-120-cai-denckermann-b190258r\\\/#primaryimage\"},\"image\":{\"@id\":\"https:\\\/\\\/autorival.ro\\\/honda\\\/product\\\/etrier-frana-honda-civic-vii-cupe-em2-1-7-i-em2-benzina-120-cai-denckermann-b190258r\\\/#primaryimage\"},\"thumbnailUrl\":\"https:\\\/\\\/autorival.ro\\\/honda\\\/wp-content\\\/uploads\\\/sites\\\/11\\\/2025\\\/05\\\/b190258r-1-1.jpg\",\"datePublished\":\"2025-05-03T15:50:15+00:00\",\"dateModified\":\"2025-05-03T15:50:16+00:00\",\"description\":\"\u26a1 Etrier frana HONDA CIVIC VII cupe (EM2) 1.7 i (EM2) benzina 120 cai DENCKERMANN B190258R pentru HONDA la doar 420.65 RON. \u2713 Cod: B190258R \u2713 Brand: DENCKERMANN \u2713 \u00cen stoc \u2713 Livrare 24h \u2713 Garan\u021bie!\",\"breadcrumb\":{\"@id\":\"https:\\\/\\\/autorival.ro\\\/honda\\\/product\\\/etrier-frana-honda-civic-vii-cupe-em2-1-7-i-em2-benzina-120-cai-denckermann-b190258r\\\/#breadcrumb\"},\"inLanguage\":\"en-US\",\"potentialAction\":[{\"@type\":\"ReadAction\",\"target\":[\"https:\\\/\\\/autorival.ro\\\/honda\\\/product\\\/etrier-frana-honda-civic-vii-cupe-em2-1-7-i-em2-benzina-120-cai-denckermann-b190258r\\\/\"]}]},{\"@type\":\"ImageObject\",\"inLanguage\":\"en-US\",\"@id\":\"https:\\\/\\\/autorival.ro\\\/honda\\\/product\\\/etrier-frana-honda-civic-vii-cupe-em2-1-7-i-em2-benzina-120-cai-denckermann-b190258r\\\/#primaryimage\",\"url\":\"https:\\\/\\\/autorival.ro\\\/honda\\\/wp-content\\\/uploads\\\/sites\\\/11\\\/2025\\\/05\\\/b190258r-1-1.jpg\",\"contentUrl\":\"https:\\\/\\\/autorival.ro\\\/honda\\\/wp-content\\\/uploads\\\/sites\\\/11\\\/2025\\\/05\\\/b190258r-1-1.jpg\",\"width\":600,\"height\":400,\"caption\":\"Etrier frana HONDA CIVIC VII cupe (EM2) 1.7 i (EM2) benzina 120 cai DENCKERMANN B190258R\"},{\"@type\":\"BreadcrumbList\",\"@id\":\"https:\\\/\\\/autorival.ro\\\/honda\\\/product\\\/etrier-frana-honda-civic-vii-cupe-em2-1-7-i-em2-benzina-120-cai-denckermann-b190258r\\\/#breadcrumb\",\"itemListElement\":[{\"@type\":\"ListItem\",\"position\":1,\"name\":\"Prima pagin\u0103\",\"item\":\"https:\\\/\\\/autorival.ro\\\/honda\\\/\"},{\"@type\":\"ListItem\",\"position\":2,\"name\":\"Piese auto HONDA\",\"item\":\"https:\\\/\\\/autorival.ro\\\/honda\\\/\"},{\"@type\":\"ListItem\",\"position\":3,\"name\":\"Etrier frana HONDA CIVIC VII cupe (EM2) 1.7 i (EM2) benzina 120 cai DENCKERMANN B190258R\"}]},{\"@type\":\"WebSite\",\"@id\":\"https:\\\/\\\/autorival.ro\\\/honda\\\/#website\",\"url\":\"https:\\\/\\\/autorival.ro\\\/honda\\\/\",\"name\":\"HONDA\",\"description\":\"\",\"potentialAction\":[{\"@type\":\"SearchAction\",\"target\":{\"@type\":\"EntryPoint\",\"urlTemplate\":\"https:\\\/\\\/autorival.ro\\\/honda\\\/?s={search_term_string}\"},\"query-input\":{\"@type\":\"PropertyValueSpecification\",\"valueRequired\":true,\"valueName\":\"search_term_string\"}}],\"inLanguage\":\"en-US\"}]}<\/script>\n<!-- \/ Yoast SEO plugin. -->","yoast_head_json":{"title":"Etrier frana HONDA CIVIC VII cupe (EM2) 1.7 i (EM2) benzina 120 cai DENCKERMANN B190258R HONDA | DENCKERMANN - Autorival","description":"\u26a1 Etrier frana HONDA CIVIC VII cupe (EM2) 1.7 i (EM2) benzina 120 cai DENCKERMANN B190258R pentru HONDA la doar 420.65 RON. \u2713 Cod: B190258R \u2713 Brand: DENCKERMANN \u2713 \u00cen stoc \u2713 Livrare 24h \u2713 Garan\u021bie!","robots":{"index":"index","follow":"follow","max-snippet":"max-snippet:-1","max-image-preview":"max-image-preview:large","max-video-preview":"max-video-preview:-1"},"og_locale":"en_US","og_type":"article","og_title":"Etrier frana HONDA CIVIC VII cupe (EM2) 1.7 i (EM2) benzina 120 cai DENCKERMANN B190258R HONDA | DENCKERMANN - Autorival","og_description":"\u26a1 Etrier frana HONDA CIVIC VII cupe (EM2) 1.7 i (EM2) benzina 120 cai DENCKERMANN B190258R pentru HONDA la doar 420.65 RON. \u2713 Cod: B190258R \u2713 Brand: DENCKERMANN \u2713 \u00cen stoc \u2713 Livrare 24h \u2713 Garan\u021bie!","og_url":"https:\/\/autorival.ro\/honda\/product\/etrier-frana-honda-civic-vii-cupe-em2-1-7-i-em2-benzina-120-cai-denckermann-b190258r\/","og_site_name":"HONDA","article_modified_time":"2025-05-03T15:50:16+00:00","og_image":[{"width":600,"height":400,"url":"https:\/\/autorival.ro\/honda\/wp-content\/uploads\/sites\/11\/2025\/05\/b190258r-1-1.jpg","type":"image\/jpeg"}],"twitter_card":"summary_large_image","twitter_title":"Etrier frana HONDA CIVIC VII cupe (EM2) 1.7 i (EM2) benzina 120 cai DENCKERMANN B190258R HONDA | DENCKERMANN - Autorival","twitter_description":"\u26a1 Etrier frana HONDA CIVIC VII cupe (EM2) 1.7 i (EM2) benzina 120 cai DENCKERMANN B190258R pentru HONDA la doar 420.65 RON. \u2713 Cod: B190258R \u2713 Brand: DENCKERMANN \u2713 \u00cen stoc \u2713 Livrare 24h \u2713 Garan\u021bie!","schema":{"@context":"https:\/\/schema.org","@graph":[{"@type":"WebPage","@id":"https:\/\/autorival.ro\/honda\/product\/etrier-frana-honda-civic-vii-cupe-em2-1-7-i-em2-benzina-120-cai-denckermann-b190258r\/","url":"https:\/\/autorival.ro\/honda\/product\/etrier-frana-honda-civic-vii-cupe-em2-1-7-i-em2-benzina-120-cai-denckermann-b190258r\/","name":"Etrier frana HONDA CIVIC VII cupe (EM2) 1.7 i (EM2) benzina 120 cai DENCKERMANN B190258R HONDA | DENCKERMANN - Autorival","isPartOf":{"@id":"https:\/\/autorival.ro\/honda\/#website"},"primaryImageOfPage":{"@id":"https:\/\/autorival.ro\/honda\/product\/etrier-frana-honda-civic-vii-cupe-em2-1-7-i-em2-benzina-120-cai-denckermann-b190258r\/#primaryimage"},"image":{"@id":"https:\/\/autorival.ro\/honda\/product\/etrier-frana-honda-civic-vii-cupe-em2-1-7-i-em2-benzina-120-cai-denckermann-b190258r\/#primaryimage"},"thumbnailUrl":"https:\/\/autorival.ro\/honda\/wp-content\/uploads\/sites\/11\/2025\/05\/b190258r-1-1.jpg","datePublished":"2025-05-03T15:50:15+00:00","dateModified":"2025-05-03T15:50:16+00:00","description":"\u26a1 Etrier frana HONDA CIVIC VII cupe (EM2) 1.7 i (EM2) benzina 120 cai DENCKERMANN B190258R pentru HONDA la doar 420.65 RON. \u2713 Cod: B190258R \u2713 Brand: DENCKERMANN \u2713 \u00cen stoc \u2713 Livrare 24h \u2713 Garan\u021bie!","breadcrumb":{"@id":"https:\/\/autorival.ro\/honda\/product\/etrier-frana-honda-civic-vii-cupe-em2-1-7-i-em2-benzina-120-cai-denckermann-b190258r\/#breadcrumb"},"inLanguage":"en-US","potentialAction":[{"@type":"ReadAction","target":["https:\/\/autorival.ro\/honda\/product\/etrier-frana-honda-civic-vii-cupe-em2-1-7-i-em2-benzina-120-cai-denckermann-b190258r\/"]}]},{"@type":"ImageObject","inLanguage":"en-US","@id":"https:\/\/autorival.ro\/honda\/product\/etrier-frana-honda-civic-vii-cupe-em2-1-7-i-em2-benzina-120-cai-denckermann-b190258r\/#primaryimage","url":"https:\/\/autorival.ro\/honda\/wp-content\/uploads\/sites\/11\/2025\/05\/b190258r-1-1.jpg","contentUrl":"https:\/\/autorival.ro\/honda\/wp-content\/uploads\/sites\/11\/2025\/05\/b190258r-1-1.jpg","width":600,"height":400,"caption":"Etrier frana HONDA CIVIC VII cupe (EM2) 1.7 i (EM2) benzina 120 cai DENCKERMANN B190258R"},{"@type":"BreadcrumbList","@id":"https:\/\/autorival.ro\/honda\/product\/etrier-frana-honda-civic-vii-cupe-em2-1-7-i-em2-benzina-120-cai-denckermann-b190258r\/#breadcrumb","itemListElement":[{"@type":"ListItem","position":1,"name":"Prima pagin\u0103","item":"https:\/\/autorival.ro\/honda\/"},{"@type":"ListItem","position":2,"name":"Piese auto HONDA","item":"https:\/\/autorival.ro\/honda\/"},{"@type":"ListItem","position":3,"name":"Etrier frana HONDA CIVIC VII cupe (EM2) 1.7 i (EM2) benzina 120 cai DENCKERMANN B190258R"}]},{"@type":"WebSite","@id":"https:\/\/autorival.ro\/honda\/#website","url":"https:\/\/autorival.ro\/honda\/","name":"HONDA","description":"","potentialAction":[{"@type":"SearchAction","target":{"@type":"EntryPoint","urlTemplate":"https:\/\/autorival.ro\/honda\/?s={search_term_string}"},"query-input":{"@type":"PropertyValueSpecification","valueRequired":true,"valueName":"search_term_string"}}],"inLanguage":"en-US"}]}},"_links":{"self":[{"href":"https:\/\/autorival.ro\/honda\/wp-json\/wp\/v2\/product\/73880","targetHints":{"allow":["GET"]}}],"collection":[{"href":"https:\/\/autorival.ro\/honda\/wp-json\/wp\/v2\/product"}],"about":[{"href":"https:\/\/autorival.ro\/honda\/wp-json\/wp\/v2\/types\/product"}],"replies":[{"embeddable":true,"href":"https:\/\/autorival.ro\/honda\/wp-json\/wp\/v2\/comments?post=73880"}],"wp:featuredmedia":[{"embeddable":true,"href":"https:\/\/autorival.ro\/honda\/wp-json\/wp\/v2\/media\/73879"}],"wp:attachment":[{"href":"https:\/\/autorival.ro\/honda\/wp-json\/wp\/v2\/media?parent=73880"}],"wp:term":[{"taxonomy":"product_brand","embeddable":true,"href":"https:\/\/autorival.ro\/honda\/wp-json\/wp\/v2\/product_brand?post=73880"},{"taxonomy":"product_cat","embeddable":true,"href":"https:\/\/autorival.ro\/honda\/wp-json\/wp\/v2\/product_cat?post=73880"},{"taxonomy":"product_tag","embeddable":true,"href":"https:\/\/autorival.ro\/honda\/wp-json\/wp\/v2\/product_tag?post=73880"}],"curies":[{"name":"wp","href":"https:\/\/api.w.org\/{rel}","templated":true}]}}