{"id":71064,"date":"2025-05-03T15:22:17","date_gmt":"2025-05-03T15:22:17","guid":{"rendered":"https:\/\/autorival.ro\/honda\/product\/disc-frana-honda-civic-viii-limuzina-fd-fa-1-8-benzina-132-cai-lpr-h1005v\/"},"modified":"2025-05-03T15:22:18","modified_gmt":"2025-05-03T15:22:18","slug":"disc-frana-honda-civic-viii-limuzina-fd-fa-1-8-benzina-132-cai-lpr-h1005v","status":"publish","type":"product","link":"https:\/\/autorival.ro\/honda\/product\/disc-frana-honda-civic-viii-limuzina-fd-fa-1-8-benzina-132-cai-lpr-h1005v\/","title":{"rendered":"Disc frana HONDA CIVIC VIII limuzina (FD, FA) 1.8 benzina 132 cai LPR H1005V"},"content":{"rendered":"<p>Partea de montare: punte fata ->Diametru de centrare [mm]: 64,2Tip disc fr\u00e2na: ventilat interior ->Grosime disc fr\u00e2na [mm]: 23\u00cenaltime [mm]: 47,2 ->Diametru exterior [mm]: 282 ->Grosime minima [mm]: 21Numar gauri: 5<\/p>\n","protected":false},"excerpt":{"rendered":"<p>Producator: LPR Cod producator: H1005V<\/p>\n","protected":false},"featured_media":71033,"comment_status":"open","ping_status":"closed","template":"","meta":[],"product_brand":[3500],"product_cat":[5622],"product_tag":[15281,15783,15333,15506,15280,15651,15326],"class_list":{"0":"post-71064","1":"product","2":"type-product","3":"status-publish","4":"has-post-thumbnail","6":"product_brand-lpr","7":"product_cat-disc-frana-viii-limuzina-fd-fa-1-8-benzina-132","8":"product_tag-civic","9":"product_tag-disc","10":"product_tag-fa","11":"product_tag-frana","12":"product_tag-honda","13":"product_tag-lpr","14":"product_tag-viii","16":"first","17":"instock","18":"shipping-taxable","19":"purchasable","20":"product-type-simple"},"yoast_head":"<!-- This site is optimized with the Yoast SEO plugin v27.3 - https:\/\/yoast.com\/product\/yoast-seo-wordpress\/ -->\n<title>Disc frana HONDA CIVIC VIII limuzina (FD, FA) 1.8 benzina 132 cai LPR H1005V HONDA | LPR - Autorival<\/title>\n<meta name=\"description\" content=\"\u26a1 Disc frana HONDA CIVIC VIII limuzina (FD, FA) 1.8 benzina 132 cai LPR H1005V pentru HONDA la doar 241.5 RON. \u2713 Cod: H1005V \u2713 Brand: LPR \u2713 \u00cen stoc \u2713 Livrare 24h \u2713 Garan\u021bie!\" \/>\n<meta name=\"robots\" content=\"index, follow, max-snippet:-1, max-image-preview:large, max-video-preview:-1\" \/>\n<meta property=\"og:locale\" content=\"en_US\" \/>\n<meta property=\"og:type\" content=\"article\" \/>\n<meta property=\"og:title\" content=\"Disc frana HONDA CIVIC VIII limuzina (FD, FA) 1.8 benzina 132 cai LPR H1005V HONDA | LPR - Autorival\" \/>\n<meta property=\"og:description\" content=\"\u26a1 Disc frana HONDA CIVIC VIII limuzina (FD, FA) 1.8 benzina 132 cai LPR H1005V pentru HONDA la doar 241.5 RON. \u2713 Cod: H1005V \u2713 Brand: LPR \u2713 \u00cen stoc \u2713 Livrare 24h \u2713 Garan\u021bie!\" \/>\n<meta property=\"og:url\" content=\"https:\/\/autorival.ro\/honda\/product\/disc-frana-honda-civic-viii-limuzina-fd-fa-1-8-benzina-132-cai-lpr-h1005v\/\" \/>\n<meta property=\"og:site_name\" content=\"HONDA\" \/>\n<meta property=\"article:modified_time\" content=\"2025-05-03T15:22:18+00:00\" \/>\n<meta property=\"og:image\" content=\"https:\/\/autorival.ro\/honda\/wp-content\/uploads\/sites\/11\/2025\/05\/h1005v-1.jpg\" \/>\n\t<meta property=\"og:image:width\" content=\"535\" \/>\n\t<meta property=\"og:image:height\" content=\"400\" \/>\n\t<meta property=\"og:image:type\" content=\"image\/jpeg\" \/>\n<meta name=\"twitter:card\" content=\"summary_large_image\" \/>\n<meta name=\"twitter:title\" content=\"Disc frana HONDA CIVIC VIII limuzina (FD, FA) 1.8 benzina 132 cai LPR H1005V HONDA | LPR - Autorival\" \/>\n<meta name=\"twitter:description\" content=\"\u26a1 Disc frana HONDA CIVIC VIII limuzina (FD, FA) 1.8 benzina 132 cai LPR H1005V pentru HONDA la doar 241.5 RON. \u2713 Cod: H1005V \u2713 Brand: LPR \u2713 \u00cen stoc \u2713 Livrare 24h \u2713 Garan\u021bie!\" \/>\n<script type=\"application\/ld+json\" class=\"yoast-schema-graph\">{\"@context\":\"https:\\\/\\\/schema.org\",\"@graph\":[{\"@type\":\"WebPage\",\"@id\":\"https:\\\/\\\/autorival.ro\\\/honda\\\/product\\\/disc-frana-honda-civic-viii-limuzina-fd-fa-1-8-benzina-132-cai-lpr-h1005v\\\/\",\"url\":\"https:\\\/\\\/autorival.ro\\\/honda\\\/product\\\/disc-frana-honda-civic-viii-limuzina-fd-fa-1-8-benzina-132-cai-lpr-h1005v\\\/\",\"name\":\"Disc frana HONDA CIVIC VIII limuzina (FD, FA) 1.8 benzina 132 cai LPR H1005V HONDA | LPR - Autorival\",\"isPartOf\":{\"@id\":\"https:\\\/\\\/autorival.ro\\\/honda\\\/#website\"},\"primaryImageOfPage\":{\"@id\":\"https:\\\/\\\/autorival.ro\\\/honda\\\/product\\\/disc-frana-honda-civic-viii-limuzina-fd-fa-1-8-benzina-132-cai-lpr-h1005v\\\/#primaryimage\"},\"image\":{\"@id\":\"https:\\\/\\\/autorival.ro\\\/honda\\\/product\\\/disc-frana-honda-civic-viii-limuzina-fd-fa-1-8-benzina-132-cai-lpr-h1005v\\\/#primaryimage\"},\"thumbnailUrl\":\"https:\\\/\\\/autorival.ro\\\/honda\\\/wp-content\\\/uploads\\\/sites\\\/11\\\/2025\\\/05\\\/h1005v-1.jpg\",\"datePublished\":\"2025-05-03T15:22:17+00:00\",\"dateModified\":\"2025-05-03T15:22:18+00:00\",\"description\":\"\u26a1 Disc frana HONDA CIVIC VIII limuzina (FD, FA) 1.8 benzina 132 cai LPR H1005V pentru HONDA la doar 241.5 RON. \u2713 Cod: H1005V \u2713 Brand: LPR \u2713 \u00cen stoc \u2713 Livrare 24h \u2713 Garan\u021bie!\",\"breadcrumb\":{\"@id\":\"https:\\\/\\\/autorival.ro\\\/honda\\\/product\\\/disc-frana-honda-civic-viii-limuzina-fd-fa-1-8-benzina-132-cai-lpr-h1005v\\\/#breadcrumb\"},\"inLanguage\":\"en-US\",\"potentialAction\":[{\"@type\":\"ReadAction\",\"target\":[\"https:\\\/\\\/autorival.ro\\\/honda\\\/product\\\/disc-frana-honda-civic-viii-limuzina-fd-fa-1-8-benzina-132-cai-lpr-h1005v\\\/\"]}]},{\"@type\":\"ImageObject\",\"inLanguage\":\"en-US\",\"@id\":\"https:\\\/\\\/autorival.ro\\\/honda\\\/product\\\/disc-frana-honda-civic-viii-limuzina-fd-fa-1-8-benzina-132-cai-lpr-h1005v\\\/#primaryimage\",\"url\":\"https:\\\/\\\/autorival.ro\\\/honda\\\/wp-content\\\/uploads\\\/sites\\\/11\\\/2025\\\/05\\\/h1005v-1.jpg\",\"contentUrl\":\"https:\\\/\\\/autorival.ro\\\/honda\\\/wp-content\\\/uploads\\\/sites\\\/11\\\/2025\\\/05\\\/h1005v-1.jpg\",\"width\":535,\"height\":400,\"caption\":\"Disc frana HONDA CIVIC VIII limuzina (FD, FA) 1.8 EXS Flex Benzina\\\/Etanol 140 cai LPR H1005V\"},{\"@type\":\"BreadcrumbList\",\"@id\":\"https:\\\/\\\/autorival.ro\\\/honda\\\/product\\\/disc-frana-honda-civic-viii-limuzina-fd-fa-1-8-benzina-132-cai-lpr-h1005v\\\/#breadcrumb\",\"itemListElement\":[{\"@type\":\"ListItem\",\"position\":1,\"name\":\"Prima pagin\u0103\",\"item\":\"https:\\\/\\\/autorival.ro\\\/honda\\\/\"},{\"@type\":\"ListItem\",\"position\":2,\"name\":\"Piese auto HONDA\",\"item\":\"https:\\\/\\\/autorival.ro\\\/honda\\\/\"},{\"@type\":\"ListItem\",\"position\":3,\"name\":\"Disc frana HONDA CIVIC VIII limuzina (FD, FA) 1.8 benzina 132 cai LPR H1005V\"}]},{\"@type\":\"WebSite\",\"@id\":\"https:\\\/\\\/autorival.ro\\\/honda\\\/#website\",\"url\":\"https:\\\/\\\/autorival.ro\\\/honda\\\/\",\"name\":\"HONDA\",\"description\":\"\",\"potentialAction\":[{\"@type\":\"SearchAction\",\"target\":{\"@type\":\"EntryPoint\",\"urlTemplate\":\"https:\\\/\\\/autorival.ro\\\/honda\\\/?s={search_term_string}\"},\"query-input\":{\"@type\":\"PropertyValueSpecification\",\"valueRequired\":true,\"valueName\":\"search_term_string\"}}],\"inLanguage\":\"en-US\"}]}<\/script>\n<!-- \/ Yoast SEO plugin. -->","yoast_head_json":{"title":"Disc frana HONDA CIVIC VIII limuzina (FD, FA) 1.8 benzina 132 cai LPR H1005V HONDA | LPR - Autorival","description":"\u26a1 Disc frana HONDA CIVIC VIII limuzina (FD, FA) 1.8 benzina 132 cai LPR H1005V pentru HONDA la doar 241.5 RON. \u2713 Cod: H1005V \u2713 Brand: LPR \u2713 \u00cen stoc \u2713 Livrare 24h \u2713 Garan\u021bie!","robots":{"index":"index","follow":"follow","max-snippet":"max-snippet:-1","max-image-preview":"max-image-preview:large","max-video-preview":"max-video-preview:-1"},"og_locale":"en_US","og_type":"article","og_title":"Disc frana HONDA CIVIC VIII limuzina (FD, FA) 1.8 benzina 132 cai LPR H1005V HONDA | LPR - Autorival","og_description":"\u26a1 Disc frana HONDA CIVIC VIII limuzina (FD, FA) 1.8 benzina 132 cai LPR H1005V pentru HONDA la doar 241.5 RON. \u2713 Cod: H1005V \u2713 Brand: LPR \u2713 \u00cen stoc \u2713 Livrare 24h \u2713 Garan\u021bie!","og_url":"https:\/\/autorival.ro\/honda\/product\/disc-frana-honda-civic-viii-limuzina-fd-fa-1-8-benzina-132-cai-lpr-h1005v\/","og_site_name":"HONDA","article_modified_time":"2025-05-03T15:22:18+00:00","og_image":[{"width":535,"height":400,"url":"https:\/\/autorival.ro\/honda\/wp-content\/uploads\/sites\/11\/2025\/05\/h1005v-1.jpg","type":"image\/jpeg"}],"twitter_card":"summary_large_image","twitter_title":"Disc frana HONDA CIVIC VIII limuzina (FD, FA) 1.8 benzina 132 cai LPR H1005V HONDA | LPR - Autorival","twitter_description":"\u26a1 Disc frana HONDA CIVIC VIII limuzina (FD, FA) 1.8 benzina 132 cai LPR H1005V pentru HONDA la doar 241.5 RON. \u2713 Cod: H1005V \u2713 Brand: LPR \u2713 \u00cen stoc \u2713 Livrare 24h \u2713 Garan\u021bie!","schema":{"@context":"https:\/\/schema.org","@graph":[{"@type":"WebPage","@id":"https:\/\/autorival.ro\/honda\/product\/disc-frana-honda-civic-viii-limuzina-fd-fa-1-8-benzina-132-cai-lpr-h1005v\/","url":"https:\/\/autorival.ro\/honda\/product\/disc-frana-honda-civic-viii-limuzina-fd-fa-1-8-benzina-132-cai-lpr-h1005v\/","name":"Disc frana HONDA CIVIC VIII limuzina (FD, FA) 1.8 benzina 132 cai LPR H1005V HONDA | LPR - Autorival","isPartOf":{"@id":"https:\/\/autorival.ro\/honda\/#website"},"primaryImageOfPage":{"@id":"https:\/\/autorival.ro\/honda\/product\/disc-frana-honda-civic-viii-limuzina-fd-fa-1-8-benzina-132-cai-lpr-h1005v\/#primaryimage"},"image":{"@id":"https:\/\/autorival.ro\/honda\/product\/disc-frana-honda-civic-viii-limuzina-fd-fa-1-8-benzina-132-cai-lpr-h1005v\/#primaryimage"},"thumbnailUrl":"https:\/\/autorival.ro\/honda\/wp-content\/uploads\/sites\/11\/2025\/05\/h1005v-1.jpg","datePublished":"2025-05-03T15:22:17+00:00","dateModified":"2025-05-03T15:22:18+00:00","description":"\u26a1 Disc frana HONDA CIVIC VIII limuzina (FD, FA) 1.8 benzina 132 cai LPR H1005V pentru HONDA la doar 241.5 RON. \u2713 Cod: H1005V \u2713 Brand: LPR \u2713 \u00cen stoc \u2713 Livrare 24h \u2713 Garan\u021bie!","breadcrumb":{"@id":"https:\/\/autorival.ro\/honda\/product\/disc-frana-honda-civic-viii-limuzina-fd-fa-1-8-benzina-132-cai-lpr-h1005v\/#breadcrumb"},"inLanguage":"en-US","potentialAction":[{"@type":"ReadAction","target":["https:\/\/autorival.ro\/honda\/product\/disc-frana-honda-civic-viii-limuzina-fd-fa-1-8-benzina-132-cai-lpr-h1005v\/"]}]},{"@type":"ImageObject","inLanguage":"en-US","@id":"https:\/\/autorival.ro\/honda\/product\/disc-frana-honda-civic-viii-limuzina-fd-fa-1-8-benzina-132-cai-lpr-h1005v\/#primaryimage","url":"https:\/\/autorival.ro\/honda\/wp-content\/uploads\/sites\/11\/2025\/05\/h1005v-1.jpg","contentUrl":"https:\/\/autorival.ro\/honda\/wp-content\/uploads\/sites\/11\/2025\/05\/h1005v-1.jpg","width":535,"height":400,"caption":"Disc frana HONDA CIVIC VIII limuzina (FD, FA) 1.8 EXS Flex Benzina\/Etanol 140 cai LPR H1005V"},{"@type":"BreadcrumbList","@id":"https:\/\/autorival.ro\/honda\/product\/disc-frana-honda-civic-viii-limuzina-fd-fa-1-8-benzina-132-cai-lpr-h1005v\/#breadcrumb","itemListElement":[{"@type":"ListItem","position":1,"name":"Prima pagin\u0103","item":"https:\/\/autorival.ro\/honda\/"},{"@type":"ListItem","position":2,"name":"Piese auto HONDA","item":"https:\/\/autorival.ro\/honda\/"},{"@type":"ListItem","position":3,"name":"Disc frana HONDA CIVIC VIII limuzina (FD, FA) 1.8 benzina 132 cai LPR H1005V"}]},{"@type":"WebSite","@id":"https:\/\/autorival.ro\/honda\/#website","url":"https:\/\/autorival.ro\/honda\/","name":"HONDA","description":"","potentialAction":[{"@type":"SearchAction","target":{"@type":"EntryPoint","urlTemplate":"https:\/\/autorival.ro\/honda\/?s={search_term_string}"},"query-input":{"@type":"PropertyValueSpecification","valueRequired":true,"valueName":"search_term_string"}}],"inLanguage":"en-US"}]}},"_links":{"self":[{"href":"https:\/\/autorival.ro\/honda\/wp-json\/wp\/v2\/product\/71064","targetHints":{"allow":["GET"]}}],"collection":[{"href":"https:\/\/autorival.ro\/honda\/wp-json\/wp\/v2\/product"}],"about":[{"href":"https:\/\/autorival.ro\/honda\/wp-json\/wp\/v2\/types\/product"}],"replies":[{"embeddable":true,"href":"https:\/\/autorival.ro\/honda\/wp-json\/wp\/v2\/comments?post=71064"}],"wp:featuredmedia":[{"embeddable":true,"href":"https:\/\/autorival.ro\/honda\/wp-json\/wp\/v2\/media\/71033"}],"wp:attachment":[{"href":"https:\/\/autorival.ro\/honda\/wp-json\/wp\/v2\/media?parent=71064"}],"wp:term":[{"taxonomy":"product_brand","embeddable":true,"href":"https:\/\/autorival.ro\/honda\/wp-json\/wp\/v2\/product_brand?post=71064"},{"taxonomy":"product_cat","embeddable":true,"href":"https:\/\/autorival.ro\/honda\/wp-json\/wp\/v2\/product_cat?post=71064"},{"taxonomy":"product_tag","embeddable":true,"href":"https:\/\/autorival.ro\/honda\/wp-json\/wp\/v2\/product_tag?post=71064"}],"curies":[{"name":"wp","href":"https:\/\/api.w.org\/{rel}","templated":true}]}}