{"id":70196,"date":"2025-05-03T15:13:45","date_gmt":"2025-05-03T15:13:45","guid":{"rendered":"https:\/\/autorival.ro\/honda\/product\/disc-frana-honda-civic-vii-hatchback-eu-ep-ev-1-6-i-ep2-eu8-eu6-benzina-110-cai-ferodo-ddf492\/"},"modified":"2025-05-03T15:13:45","modified_gmt":"2025-05-03T15:13:45","slug":"disc-frana-honda-civic-vii-hatchback-eu-ep-ev-1-6-i-ep2-eu8-eu6-benzina-110-cai-ferodo-ddf492","status":"publish","type":"product","link":"https:\/\/autorival.ro\/honda\/product\/disc-frana-honda-civic-vii-hatchback-eu-ep-ev-1-6-i-ep2-eu8-eu6-benzina-110-cai-ferodo-ddf492\/","title":{"rendered":"Disc frana HONDA CIVIC VII Hatchback (EU, EP, EV) 1.6 i (EP2, EU8, EU6) benzina 110 cai FERODO DDF492"},"content":{"rendered":"<p>Partea de montare: punte fata\u00cenaltime [mm]: 44,6 ->Greutate [kg]: 10,7 ->Diametrul orificiului [mm]: 64,2Tip disc fr\u00e2na: ventilat ->Grosime disc fr\u00e2na [mm]: 21 ->Grosime minima [mm]: 19 ->Diametru exterior [mm]: 262Numar gauri: 4 ->Diametru de centrare [mm]: 64,2Moment strangere [Nm]: 108Asezare gauri \u00d8 [mm]: 100Suprafata: unsTip ambalaj: CutieUnitate de calitate: setArticol completare\/Info suplimentar 2: cu suruburi ->Lungime ambalaj [cm]: 26,2 ->Latime ambalaj [cm]: 26,2 ->Inaltime ambalaj [cm]: 9,3<\/p>\n","protected":false},"excerpt":{"rendered":"<p>Producator: FERODO Cod producator: DDF492<\/p>\n","protected":false},"featured_media":69965,"comment_status":"open","ping_status":"closed","template":"","meta":[],"product_brand":[4090],"product_cat":[5608],"product_tag":[15281,15788,15299,15302,15300,15682,15280,15298],"class_list":{"0":"post-70196","1":"product","2":"type-product","3":"status-publish","4":"has-post-thumbnail","6":"product_brand-ferodo","7":"product_cat-disc-frana-vii-hatchback-eu-ep-ev-1-6-i-ep2-eu8-eu6-benzina-110","8":"product_tag-civic","9":"product_tag-ddf","10":"product_tag-ep","11":"product_tag-eu","12":"product_tag-ev","13":"product_tag-ferodo","14":"product_tag-honda","15":"product_tag-vii","17":"first","18":"instock","19":"shipping-taxable","20":"purchasable","21":"product-type-simple"},"yoast_head":"<!-- This site is optimized with the Yoast SEO plugin v27.3 - https:\/\/yoast.com\/product\/yoast-seo-wordpress\/ -->\n<title>Disc frana HONDA CIVIC VII Hatchback (EU, EP, EV) 1.6 i (EP2, EU8, EU6) benzina 110 cai FERODO DDF492 HONDA | FERODO - Autorival<\/title>\n<meta name=\"description\" content=\"\u26a1 Disc frana HONDA CIVIC VII Hatchback (EU, EP, EV) 1.6 i (EP2, EU8, EU6) benzina 110 cai FERODO DDF492 pentru HONDA la doar 316.02 RON. \u2713 Cod: DDF492 \u2713 Brand: FERODO \u2713 \u00cen stoc \u2713 Livrare 24h \u2713 Garan\u021bie!\" \/>\n<meta name=\"robots\" content=\"index, follow, max-snippet:-1, max-image-preview:large, max-video-preview:-1\" \/>\n<meta property=\"og:locale\" content=\"en_US\" \/>\n<meta property=\"og:type\" content=\"article\" \/>\n<meta property=\"og:title\" content=\"Disc frana HONDA CIVIC VII Hatchback (EU, EP, EV) 1.6 i (EP2, EU8, EU6) benzina 110 cai FERODO DDF492 HONDA | FERODO - Autorival\" \/>\n<meta property=\"og:description\" content=\"\u26a1 Disc frana HONDA CIVIC VII Hatchback (EU, EP, EV) 1.6 i (EP2, EU8, EU6) benzina 110 cai FERODO DDF492 pentru HONDA la doar 316.02 RON. \u2713 Cod: DDF492 \u2713 Brand: FERODO \u2713 \u00cen stoc \u2713 Livrare 24h \u2713 Garan\u021bie!\" \/>\n<meta property=\"og:url\" content=\"https:\/\/autorival.ro\/honda\/product\/disc-frana-honda-civic-vii-hatchback-eu-ep-ev-1-6-i-ep2-eu8-eu6-benzina-110-cai-ferodo-ddf492\/\" \/>\n<meta property=\"og:site_name\" content=\"HONDA\" \/>\n<meta property=\"og:image\" content=\"https:\/\/autorival.ro\/honda\/wp-content\/uploads\/sites\/11\/2025\/05\/ddf492_1626580-3.jpg\" \/>\n\t<meta property=\"og:image:width\" content=\"385\" \/>\n\t<meta property=\"og:image:height\" content=\"400\" \/>\n\t<meta property=\"og:image:type\" content=\"image\/jpeg\" \/>\n<meta name=\"twitter:card\" content=\"summary_large_image\" \/>\n<meta name=\"twitter:title\" content=\"Disc frana HONDA CIVIC VII Hatchback (EU, EP, EV) 1.6 i (EP2, EU8, EU6) benzina 110 cai FERODO DDF492 HONDA | FERODO - Autorival\" \/>\n<meta name=\"twitter:description\" content=\"\u26a1 Disc frana HONDA CIVIC VII Hatchback (EU, EP, EV) 1.6 i (EP2, EU8, EU6) benzina 110 cai FERODO DDF492 pentru HONDA la doar 316.02 RON. \u2713 Cod: DDF492 \u2713 Brand: FERODO \u2713 \u00cen stoc \u2713 Livrare 24h \u2713 Garan\u021bie!\" \/>\n<script type=\"application\/ld+json\" class=\"yoast-schema-graph\">{\"@context\":\"https:\\\/\\\/schema.org\",\"@graph\":[{\"@type\":\"WebPage\",\"@id\":\"https:\\\/\\\/autorival.ro\\\/honda\\\/product\\\/disc-frana-honda-civic-vii-hatchback-eu-ep-ev-1-6-i-ep2-eu8-eu6-benzina-110-cai-ferodo-ddf492\\\/\",\"url\":\"https:\\\/\\\/autorival.ro\\\/honda\\\/product\\\/disc-frana-honda-civic-vii-hatchback-eu-ep-ev-1-6-i-ep2-eu8-eu6-benzina-110-cai-ferodo-ddf492\\\/\",\"name\":\"Disc frana HONDA CIVIC VII Hatchback (EU, EP, EV) 1.6 i (EP2, EU8, EU6) benzina 110 cai FERODO DDF492 HONDA | FERODO - Autorival\",\"isPartOf\":{\"@id\":\"https:\\\/\\\/autorival.ro\\\/honda\\\/#website\"},\"primaryImageOfPage\":{\"@id\":\"https:\\\/\\\/autorival.ro\\\/honda\\\/product\\\/disc-frana-honda-civic-vii-hatchback-eu-ep-ev-1-6-i-ep2-eu8-eu6-benzina-110-cai-ferodo-ddf492\\\/#primaryimage\"},\"image\":{\"@id\":\"https:\\\/\\\/autorival.ro\\\/honda\\\/product\\\/disc-frana-honda-civic-vii-hatchback-eu-ep-ev-1-6-i-ep2-eu8-eu6-benzina-110-cai-ferodo-ddf492\\\/#primaryimage\"},\"thumbnailUrl\":\"https:\\\/\\\/autorival.ro\\\/honda\\\/wp-content\\\/uploads\\\/sites\\\/11\\\/2025\\\/05\\\/ddf492_1626580-3.jpg\",\"datePublished\":\"2025-05-03T15:13:45+00:00\",\"description\":\"\u26a1 Disc frana HONDA CIVIC VII Hatchback (EU, EP, EV) 1.6 i (EP2, EU8, EU6) benzina 110 cai FERODO DDF492 pentru HONDA la doar 316.02 RON. \u2713 Cod: DDF492 \u2713 Brand: FERODO \u2713 \u00cen stoc \u2713 Livrare 24h \u2713 Garan\u021bie!\",\"breadcrumb\":{\"@id\":\"https:\\\/\\\/autorival.ro\\\/honda\\\/product\\\/disc-frana-honda-civic-vii-hatchback-eu-ep-ev-1-6-i-ep2-eu8-eu6-benzina-110-cai-ferodo-ddf492\\\/#breadcrumb\"},\"inLanguage\":\"en-US\",\"potentialAction\":[{\"@type\":\"ReadAction\",\"target\":[\"https:\\\/\\\/autorival.ro\\\/honda\\\/product\\\/disc-frana-honda-civic-vii-hatchback-eu-ep-ev-1-6-i-ep2-eu8-eu6-benzina-110-cai-ferodo-ddf492\\\/\"]}]},{\"@type\":\"ImageObject\",\"inLanguage\":\"en-US\",\"@id\":\"https:\\\/\\\/autorival.ro\\\/honda\\\/product\\\/disc-frana-honda-civic-vii-hatchback-eu-ep-ev-1-6-i-ep2-eu8-eu6-benzina-110-cai-ferodo-ddf492\\\/#primaryimage\",\"url\":\"https:\\\/\\\/autorival.ro\\\/honda\\\/wp-content\\\/uploads\\\/sites\\\/11\\\/2025\\\/05\\\/ddf492_1626580-3.jpg\",\"contentUrl\":\"https:\\\/\\\/autorival.ro\\\/honda\\\/wp-content\\\/uploads\\\/sites\\\/11\\\/2025\\\/05\\\/ddf492_1626580-3.jpg\",\"width\":385,\"height\":400,\"caption\":\"Disc frana HONDA CIVIC VII Hatchback (EU, EP, EV) 1.4 i (EP1, EU7) benzina 75 cai FERODO DDF492\"},{\"@type\":\"BreadcrumbList\",\"@id\":\"https:\\\/\\\/autorival.ro\\\/honda\\\/product\\\/disc-frana-honda-civic-vii-hatchback-eu-ep-ev-1-6-i-ep2-eu8-eu6-benzina-110-cai-ferodo-ddf492\\\/#breadcrumb\",\"itemListElement\":[{\"@type\":\"ListItem\",\"position\":1,\"name\":\"Prima pagin\u0103\",\"item\":\"https:\\\/\\\/autorival.ro\\\/honda\\\/\"},{\"@type\":\"ListItem\",\"position\":2,\"name\":\"Piese auto HONDA\",\"item\":\"https:\\\/\\\/autorival.ro\\\/honda\\\/\"},{\"@type\":\"ListItem\",\"position\":3,\"name\":\"Disc frana HONDA CIVIC VII Hatchback (EU, EP, EV) 1.6 i (EP2, EU8, EU6) benzina 110 cai FERODO DDF492\"}]},{\"@type\":\"WebSite\",\"@id\":\"https:\\\/\\\/autorival.ro\\\/honda\\\/#website\",\"url\":\"https:\\\/\\\/autorival.ro\\\/honda\\\/\",\"name\":\"HONDA\",\"description\":\"\",\"potentialAction\":[{\"@type\":\"SearchAction\",\"target\":{\"@type\":\"EntryPoint\",\"urlTemplate\":\"https:\\\/\\\/autorival.ro\\\/honda\\\/?s={search_term_string}\"},\"query-input\":{\"@type\":\"PropertyValueSpecification\",\"valueRequired\":true,\"valueName\":\"search_term_string\"}}],\"inLanguage\":\"en-US\"}]}<\/script>\n<!-- \/ Yoast SEO plugin. -->","yoast_head_json":{"title":"Disc frana HONDA CIVIC VII Hatchback (EU, EP, EV) 1.6 i (EP2, EU8, EU6) benzina 110 cai FERODO DDF492 HONDA | FERODO - Autorival","description":"\u26a1 Disc frana HONDA CIVIC VII Hatchback (EU, EP, EV) 1.6 i (EP2, EU8, EU6) benzina 110 cai FERODO DDF492 pentru HONDA la doar 316.02 RON. \u2713 Cod: DDF492 \u2713 Brand: FERODO \u2713 \u00cen stoc \u2713 Livrare 24h \u2713 Garan\u021bie!","robots":{"index":"index","follow":"follow","max-snippet":"max-snippet:-1","max-image-preview":"max-image-preview:large","max-video-preview":"max-video-preview:-1"},"og_locale":"en_US","og_type":"article","og_title":"Disc frana HONDA CIVIC VII Hatchback (EU, EP, EV) 1.6 i (EP2, EU8, EU6) benzina 110 cai FERODO DDF492 HONDA | FERODO - Autorival","og_description":"\u26a1 Disc frana HONDA CIVIC VII Hatchback (EU, EP, EV) 1.6 i (EP2, EU8, EU6) benzina 110 cai FERODO DDF492 pentru HONDA la doar 316.02 RON. \u2713 Cod: DDF492 \u2713 Brand: FERODO \u2713 \u00cen stoc \u2713 Livrare 24h \u2713 Garan\u021bie!","og_url":"https:\/\/autorival.ro\/honda\/product\/disc-frana-honda-civic-vii-hatchback-eu-ep-ev-1-6-i-ep2-eu8-eu6-benzina-110-cai-ferodo-ddf492\/","og_site_name":"HONDA","og_image":[{"width":385,"height":400,"url":"https:\/\/autorival.ro\/honda\/wp-content\/uploads\/sites\/11\/2025\/05\/ddf492_1626580-3.jpg","type":"image\/jpeg"}],"twitter_card":"summary_large_image","twitter_title":"Disc frana HONDA CIVIC VII Hatchback (EU, EP, EV) 1.6 i (EP2, EU8, EU6) benzina 110 cai FERODO DDF492 HONDA | FERODO - Autorival","twitter_description":"\u26a1 Disc frana HONDA CIVIC VII Hatchback (EU, EP, EV) 1.6 i (EP2, EU8, EU6) benzina 110 cai FERODO DDF492 pentru HONDA la doar 316.02 RON. \u2713 Cod: DDF492 \u2713 Brand: FERODO \u2713 \u00cen stoc \u2713 Livrare 24h \u2713 Garan\u021bie!","schema":{"@context":"https:\/\/schema.org","@graph":[{"@type":"WebPage","@id":"https:\/\/autorival.ro\/honda\/product\/disc-frana-honda-civic-vii-hatchback-eu-ep-ev-1-6-i-ep2-eu8-eu6-benzina-110-cai-ferodo-ddf492\/","url":"https:\/\/autorival.ro\/honda\/product\/disc-frana-honda-civic-vii-hatchback-eu-ep-ev-1-6-i-ep2-eu8-eu6-benzina-110-cai-ferodo-ddf492\/","name":"Disc frana HONDA CIVIC VII Hatchback (EU, EP, EV) 1.6 i (EP2, EU8, EU6) benzina 110 cai FERODO DDF492 HONDA | FERODO - Autorival","isPartOf":{"@id":"https:\/\/autorival.ro\/honda\/#website"},"primaryImageOfPage":{"@id":"https:\/\/autorival.ro\/honda\/product\/disc-frana-honda-civic-vii-hatchback-eu-ep-ev-1-6-i-ep2-eu8-eu6-benzina-110-cai-ferodo-ddf492\/#primaryimage"},"image":{"@id":"https:\/\/autorival.ro\/honda\/product\/disc-frana-honda-civic-vii-hatchback-eu-ep-ev-1-6-i-ep2-eu8-eu6-benzina-110-cai-ferodo-ddf492\/#primaryimage"},"thumbnailUrl":"https:\/\/autorival.ro\/honda\/wp-content\/uploads\/sites\/11\/2025\/05\/ddf492_1626580-3.jpg","datePublished":"2025-05-03T15:13:45+00:00","description":"\u26a1 Disc frana HONDA CIVIC VII Hatchback (EU, EP, EV) 1.6 i (EP2, EU8, EU6) benzina 110 cai FERODO DDF492 pentru HONDA la doar 316.02 RON. \u2713 Cod: DDF492 \u2713 Brand: FERODO \u2713 \u00cen stoc \u2713 Livrare 24h \u2713 Garan\u021bie!","breadcrumb":{"@id":"https:\/\/autorival.ro\/honda\/product\/disc-frana-honda-civic-vii-hatchback-eu-ep-ev-1-6-i-ep2-eu8-eu6-benzina-110-cai-ferodo-ddf492\/#breadcrumb"},"inLanguage":"en-US","potentialAction":[{"@type":"ReadAction","target":["https:\/\/autorival.ro\/honda\/product\/disc-frana-honda-civic-vii-hatchback-eu-ep-ev-1-6-i-ep2-eu8-eu6-benzina-110-cai-ferodo-ddf492\/"]}]},{"@type":"ImageObject","inLanguage":"en-US","@id":"https:\/\/autorival.ro\/honda\/product\/disc-frana-honda-civic-vii-hatchback-eu-ep-ev-1-6-i-ep2-eu8-eu6-benzina-110-cai-ferodo-ddf492\/#primaryimage","url":"https:\/\/autorival.ro\/honda\/wp-content\/uploads\/sites\/11\/2025\/05\/ddf492_1626580-3.jpg","contentUrl":"https:\/\/autorival.ro\/honda\/wp-content\/uploads\/sites\/11\/2025\/05\/ddf492_1626580-3.jpg","width":385,"height":400,"caption":"Disc frana HONDA CIVIC VII Hatchback (EU, EP, EV) 1.4 i (EP1, EU7) benzina 75 cai FERODO DDF492"},{"@type":"BreadcrumbList","@id":"https:\/\/autorival.ro\/honda\/product\/disc-frana-honda-civic-vii-hatchback-eu-ep-ev-1-6-i-ep2-eu8-eu6-benzina-110-cai-ferodo-ddf492\/#breadcrumb","itemListElement":[{"@type":"ListItem","position":1,"name":"Prima pagin\u0103","item":"https:\/\/autorival.ro\/honda\/"},{"@type":"ListItem","position":2,"name":"Piese auto HONDA","item":"https:\/\/autorival.ro\/honda\/"},{"@type":"ListItem","position":3,"name":"Disc frana HONDA CIVIC VII Hatchback (EU, EP, EV) 1.6 i (EP2, EU8, EU6) benzina 110 cai FERODO DDF492"}]},{"@type":"WebSite","@id":"https:\/\/autorival.ro\/honda\/#website","url":"https:\/\/autorival.ro\/honda\/","name":"HONDA","description":"","potentialAction":[{"@type":"SearchAction","target":{"@type":"EntryPoint","urlTemplate":"https:\/\/autorival.ro\/honda\/?s={search_term_string}"},"query-input":{"@type":"PropertyValueSpecification","valueRequired":true,"valueName":"search_term_string"}}],"inLanguage":"en-US"}]}},"_links":{"self":[{"href":"https:\/\/autorival.ro\/honda\/wp-json\/wp\/v2\/product\/70196","targetHints":{"allow":["GET"]}}],"collection":[{"href":"https:\/\/autorival.ro\/honda\/wp-json\/wp\/v2\/product"}],"about":[{"href":"https:\/\/autorival.ro\/honda\/wp-json\/wp\/v2\/types\/product"}],"replies":[{"embeddable":true,"href":"https:\/\/autorival.ro\/honda\/wp-json\/wp\/v2\/comments?post=70196"}],"wp:featuredmedia":[{"embeddable":true,"href":"https:\/\/autorival.ro\/honda\/wp-json\/wp\/v2\/media\/69965"}],"wp:attachment":[{"href":"https:\/\/autorival.ro\/honda\/wp-json\/wp\/v2\/media?parent=70196"}],"wp:term":[{"taxonomy":"product_brand","embeddable":true,"href":"https:\/\/autorival.ro\/honda\/wp-json\/wp\/v2\/product_brand?post=70196"},{"taxonomy":"product_cat","embeddable":true,"href":"https:\/\/autorival.ro\/honda\/wp-json\/wp\/v2\/product_cat?post=70196"},{"taxonomy":"product_tag","embeddable":true,"href":"https:\/\/autorival.ro\/honda\/wp-json\/wp\/v2\/product_tag?post=70196"}],"curies":[{"name":"wp","href":"https:\/\/api.w.org\/{rel}","templated":true}]}}