{"id":166017,"date":"2025-05-06T11:47:01","date_gmt":"2025-05-06T11:47:01","guid":{"rendered":"https:\/\/autorival.ro\/product\/termostat-lichid-racire-honda-civic-iv-hatchback-ec-ed-ee-ef-1-3-16v-cat-ec8-benzina-75-cai-mahle-original-tx-69-79\/"},"modified":"2025-05-06T11:47:02","modified_gmt":"2025-05-06T11:47:02","slug":"termostat-lichid-racire-honda-civic-iv-hatchback-ec-ed-ee-ef-1-3-16v-cat-ec8-benzina-75-cai-mahle-original-tx-69-79","status":"publish","type":"product","link":"https:\/\/autorival.ro\/honda\/product\/termostat-lichid-racire-honda-civic-iv-hatchback-ec-ed-ee-ef-1-3-16v-cat-ec8-benzina-75-cai-mahle-original-tx-69-79\/","title":{"rendered":"Termostat lichid racire HONDA CIVIC IV Hatchback (EC, ED, EE, EF) 1.3 16V Cat (EC8) benzina 75 cai MAHLE ORIGINAL TX 69 79"},"content":{"rendered":"<p>Temperatura de deschidere [\u00c3\u201a\u00c2\u00b0C]: 79Articol extins\/Informatii de extindere: fara etansare ->Diametru 2 [mm]: 28 ->Diametru 1 [mm]: 52\u00cenaltime 1 [mm]: 27\u00cenaltime 2 [mm]: 35 ->Greutate net\u0103 [g]: 105 ->Latime ambalaj [cm]: 6,70 ->Lungime ambalaj [cm]: 8,7 ->Inaltime ambalaj [cm]: 9,20<\/p>\n","protected":false},"excerpt":{"rendered":"<p>Producator: MAHLE ORIGINAL Cod producator: TX 69 79<\/p>\n","protected":false},"featured_media":165995,"comment_status":"open","ping_status":"closed","template":"","meta":[],"product_brand":[4466],"product_cat":[14730],"product_tag":[15281,15294,15295,15296,15280,15293,15711,15428,16238],"class_list":{"0":"post-166017","1":"product","2":"type-product","3":"status-publish","4":"has-post-thumbnail","6":"product_brand-mahle-original","7":"product_cat-termostat-lichid-racire-iv-hatchback-ec-ed-ee-ef-1-3-16v-cat-ec8-benzina-75","8":"product_tag-civic","9":"product_tag-ed","10":"product_tag-ee","11":"product_tag-ef","12":"product_tag-honda","13":"product_tag-iv","14":"product_tag-mahle","15":"product_tag-original","16":"product_tag-tx","18":"first","19":"instock","20":"shipping-taxable","21":"purchasable","22":"product-type-simple"},"yoast_head":"<!-- This site is optimized with the Yoast SEO plugin v27.3 - https:\/\/yoast.com\/product\/yoast-seo-wordpress\/ -->\n<title>Termostat lichid racire HONDA CIVIC IV Hatchback (EC, ED, EE, EF) 1.3 16V Cat (EC8) benzina 75 cai MAHLE ORIGINAL TX 69 79 HONDA | MAHLE - Autorival<\/title>\n<meta name=\"description\" content=\"\u26a1 Termostat lichid racire HONDA CIVIC IV Hatchback (EC, ED, EE, EF) 1.3 16V Cat (EC8) benzina 75 cai MAHLE ORIGINAL TX 69 79 pentru HONDA la doar 170.82 RON. \u2713 Cod: TX \u2713 Brand: MAHLE \u2713 \u00cen stoc \u2713 Livrare 24h \u2713 Garan\u021bie!\" \/>\n<meta name=\"robots\" content=\"index, follow, max-snippet:-1, max-image-preview:large, max-video-preview:-1\" \/>\n<meta property=\"og:locale\" content=\"en_US\" \/>\n<meta property=\"og:type\" content=\"article\" \/>\n<meta property=\"og:title\" content=\"Termostat lichid racire HONDA CIVIC IV Hatchback (EC, ED, EE, EF) 1.3 16V Cat (EC8) benzina 75 cai MAHLE ORIGINAL TX 69 79 HONDA | MAHLE - Autorival\" \/>\n<meta property=\"og:description\" content=\"\u26a1 Termostat lichid racire HONDA CIVIC IV Hatchback (EC, ED, EE, EF) 1.3 16V Cat (EC8) benzina 75 cai MAHLE ORIGINAL TX 69 79 pentru HONDA la doar 170.82 RON. \u2713 Cod: TX \u2713 Brand: MAHLE \u2713 \u00cen stoc \u2713 Livrare 24h \u2713 Garan\u021bie!\" \/>\n<meta property=\"og:url\" content=\"https:\/\/autorival.ro\/honda\/product\/termostat-lichid-racire-honda-civic-iv-hatchback-ec-ed-ee-ef-1-3-16v-cat-ec8-benzina-75-cai-mahle-original-tx-69-79\/\" \/>\n<meta property=\"og:site_name\" content=\"HONDA\" \/>\n<meta property=\"article:modified_time\" content=\"2025-05-06T11:47:02+00:00\" \/>\n<meta property=\"og:image\" content=\"https:\/\/autorival.ro\/honda\/wp-content\/uploads\/sites\/11\/2025\/05\/31900115-3.jpg\" \/>\n\t<meta property=\"og:image:width\" content=\"283\" \/>\n\t<meta property=\"og:image:height\" content=\"400\" \/>\n\t<meta property=\"og:image:type\" content=\"image\/jpeg\" \/>\n<meta name=\"twitter:card\" content=\"summary_large_image\" \/>\n<meta name=\"twitter:title\" content=\"Termostat lichid racire HONDA CIVIC IV Hatchback (EC, ED, EE, EF) 1.3 16V Cat (EC8) benzina 75 cai MAHLE ORIGINAL TX 69 79 HONDA | MAHLE - Autorival\" \/>\n<meta name=\"twitter:description\" content=\"\u26a1 Termostat lichid racire HONDA CIVIC IV Hatchback (EC, ED, EE, EF) 1.3 16V Cat (EC8) benzina 75 cai MAHLE ORIGINAL TX 69 79 pentru HONDA la doar 170.82 RON. \u2713 Cod: TX \u2713 Brand: MAHLE \u2713 \u00cen stoc \u2713 Livrare 24h \u2713 Garan\u021bie!\" \/>\n<script type=\"application\/ld+json\" class=\"yoast-schema-graph\">{\"@context\":\"https:\\\/\\\/schema.org\",\"@graph\":[{\"@type\":\"WebPage\",\"@id\":\"https:\\\/\\\/autorival.ro\\\/honda\\\/product\\\/termostat-lichid-racire-honda-civic-iv-hatchback-ec-ed-ee-ef-1-3-16v-cat-ec8-benzina-75-cai-mahle-original-tx-69-79\\\/\",\"url\":\"https:\\\/\\\/autorival.ro\\\/honda\\\/product\\\/termostat-lichid-racire-honda-civic-iv-hatchback-ec-ed-ee-ef-1-3-16v-cat-ec8-benzina-75-cai-mahle-original-tx-69-79\\\/\",\"name\":\"Termostat lichid racire HONDA CIVIC IV Hatchback (EC, ED, EE, EF) 1.3 16V Cat (EC8) benzina 75 cai MAHLE ORIGINAL TX 69 79 HONDA | MAHLE - Autorival\",\"isPartOf\":{\"@id\":\"https:\\\/\\\/autorival.ro\\\/honda\\\/#website\"},\"primaryImageOfPage\":{\"@id\":\"https:\\\/\\\/autorival.ro\\\/honda\\\/product\\\/termostat-lichid-racire-honda-civic-iv-hatchback-ec-ed-ee-ef-1-3-16v-cat-ec8-benzina-75-cai-mahle-original-tx-69-79\\\/#primaryimage\"},\"image\":{\"@id\":\"https:\\\/\\\/autorival.ro\\\/honda\\\/product\\\/termostat-lichid-racire-honda-civic-iv-hatchback-ec-ed-ee-ef-1-3-16v-cat-ec8-benzina-75-cai-mahle-original-tx-69-79\\\/#primaryimage\"},\"thumbnailUrl\":\"https:\\\/\\\/autorival.ro\\\/honda\\\/wp-content\\\/uploads\\\/sites\\\/11\\\/2025\\\/05\\\/31900115-3.jpg\",\"datePublished\":\"2025-05-06T11:47:01+00:00\",\"dateModified\":\"2025-05-06T11:47:02+00:00\",\"description\":\"\u26a1 Termostat lichid racire HONDA CIVIC IV Hatchback (EC, ED, EE, EF) 1.3 16V Cat (EC8) benzina 75 cai MAHLE ORIGINAL TX 69 79 pentru HONDA la doar 170.82 RON. \u2713 Cod: TX \u2713 Brand: MAHLE \u2713 \u00cen stoc \u2713 Livrare 24h \u2713 Garan\u021bie!\",\"breadcrumb\":{\"@id\":\"https:\\\/\\\/autorival.ro\\\/honda\\\/product\\\/termostat-lichid-racire-honda-civic-iv-hatchback-ec-ed-ee-ef-1-3-16v-cat-ec8-benzina-75-cai-mahle-original-tx-69-79\\\/#breadcrumb\"},\"inLanguage\":\"en-US\",\"potentialAction\":[{\"@type\":\"ReadAction\",\"target\":[\"https:\\\/\\\/autorival.ro\\\/honda\\\/product\\\/termostat-lichid-racire-honda-civic-iv-hatchback-ec-ed-ee-ef-1-3-16v-cat-ec8-benzina-75-cai-mahle-original-tx-69-79\\\/\"]}]},{\"@type\":\"ImageObject\",\"inLanguage\":\"en-US\",\"@id\":\"https:\\\/\\\/autorival.ro\\\/honda\\\/product\\\/termostat-lichid-racire-honda-civic-iv-hatchback-ec-ed-ee-ef-1-3-16v-cat-ec8-benzina-75-cai-mahle-original-tx-69-79\\\/#primaryimage\",\"url\":\"https:\\\/\\\/autorival.ro\\\/honda\\\/wp-content\\\/uploads\\\/sites\\\/11\\\/2025\\\/05\\\/31900115-3.jpg\",\"contentUrl\":\"https:\\\/\\\/autorival.ro\\\/honda\\\/wp-content\\\/uploads\\\/sites\\\/11\\\/2025\\\/05\\\/31900115-3.jpg\",\"width\":283,\"height\":400,\"caption\":\"Termostat lichid racire HONDA CIVIC IV Hatchback (EC, ED, EE, EF) 1.3 (EC8) benzina 75 cai MAHLE ORIGINAL TX 69 79\"},{\"@type\":\"BreadcrumbList\",\"@id\":\"https:\\\/\\\/autorival.ro\\\/honda\\\/product\\\/termostat-lichid-racire-honda-civic-iv-hatchback-ec-ed-ee-ef-1-3-16v-cat-ec8-benzina-75-cai-mahle-original-tx-69-79\\\/#breadcrumb\",\"itemListElement\":[{\"@type\":\"ListItem\",\"position\":1,\"name\":\"Prima pagin\u0103\",\"item\":\"https:\\\/\\\/autorival.ro\\\/honda\\\/\"},{\"@type\":\"ListItem\",\"position\":2,\"name\":\"Piese auto HONDA\",\"item\":\"https:\\\/\\\/autorival.ro\\\/honda\\\/\"},{\"@type\":\"ListItem\",\"position\":3,\"name\":\"Termostat lichid racire HONDA CIVIC IV Hatchback (EC, ED, EE, EF) 1.3 16V Cat (EC8) benzina 75 cai MAHLE ORIGINAL TX 69 79\"}]},{\"@type\":\"WebSite\",\"@id\":\"https:\\\/\\\/autorival.ro\\\/honda\\\/#website\",\"url\":\"https:\\\/\\\/autorival.ro\\\/honda\\\/\",\"name\":\"HONDA\",\"description\":\"\",\"potentialAction\":[{\"@type\":\"SearchAction\",\"target\":{\"@type\":\"EntryPoint\",\"urlTemplate\":\"https:\\\/\\\/autorival.ro\\\/honda\\\/?s={search_term_string}\"},\"query-input\":{\"@type\":\"PropertyValueSpecification\",\"valueRequired\":true,\"valueName\":\"search_term_string\"}}],\"inLanguage\":\"en-US\"}]}<\/script>\n<!-- \/ Yoast SEO plugin. -->","yoast_head_json":{"title":"Termostat lichid racire HONDA CIVIC IV Hatchback (EC, ED, EE, EF) 1.3 16V Cat (EC8) benzina 75 cai MAHLE ORIGINAL TX 69 79 HONDA | MAHLE - Autorival","description":"\u26a1 Termostat lichid racire HONDA CIVIC IV Hatchback (EC, ED, EE, EF) 1.3 16V Cat (EC8) benzina 75 cai MAHLE ORIGINAL TX 69 79 pentru HONDA la doar 170.82 RON. \u2713 Cod: TX \u2713 Brand: MAHLE \u2713 \u00cen stoc \u2713 Livrare 24h \u2713 Garan\u021bie!","robots":{"index":"index","follow":"follow","max-snippet":"max-snippet:-1","max-image-preview":"max-image-preview:large","max-video-preview":"max-video-preview:-1"},"og_locale":"en_US","og_type":"article","og_title":"Termostat lichid racire HONDA CIVIC IV Hatchback (EC, ED, EE, EF) 1.3 16V Cat (EC8) benzina 75 cai MAHLE ORIGINAL TX 69 79 HONDA | MAHLE - Autorival","og_description":"\u26a1 Termostat lichid racire HONDA CIVIC IV Hatchback (EC, ED, EE, EF) 1.3 16V Cat (EC8) benzina 75 cai MAHLE ORIGINAL TX 69 79 pentru HONDA la doar 170.82 RON. \u2713 Cod: TX \u2713 Brand: MAHLE \u2713 \u00cen stoc \u2713 Livrare 24h \u2713 Garan\u021bie!","og_url":"https:\/\/autorival.ro\/honda\/product\/termostat-lichid-racire-honda-civic-iv-hatchback-ec-ed-ee-ef-1-3-16v-cat-ec8-benzina-75-cai-mahle-original-tx-69-79\/","og_site_name":"HONDA","article_modified_time":"2025-05-06T11:47:02+00:00","og_image":[{"width":283,"height":400,"url":"https:\/\/autorival.ro\/honda\/wp-content\/uploads\/sites\/11\/2025\/05\/31900115-3.jpg","type":"image\/jpeg"}],"twitter_card":"summary_large_image","twitter_title":"Termostat lichid racire HONDA CIVIC IV Hatchback (EC, ED, EE, EF) 1.3 16V Cat (EC8) benzina 75 cai MAHLE ORIGINAL TX 69 79 HONDA | MAHLE - Autorival","twitter_description":"\u26a1 Termostat lichid racire HONDA CIVIC IV Hatchback (EC, ED, EE, EF) 1.3 16V Cat (EC8) benzina 75 cai MAHLE ORIGINAL TX 69 79 pentru HONDA la doar 170.82 RON. \u2713 Cod: TX \u2713 Brand: MAHLE \u2713 \u00cen stoc \u2713 Livrare 24h \u2713 Garan\u021bie!","schema":{"@context":"https:\/\/schema.org","@graph":[{"@type":"WebPage","@id":"https:\/\/autorival.ro\/honda\/product\/termostat-lichid-racire-honda-civic-iv-hatchback-ec-ed-ee-ef-1-3-16v-cat-ec8-benzina-75-cai-mahle-original-tx-69-79\/","url":"https:\/\/autorival.ro\/honda\/product\/termostat-lichid-racire-honda-civic-iv-hatchback-ec-ed-ee-ef-1-3-16v-cat-ec8-benzina-75-cai-mahle-original-tx-69-79\/","name":"Termostat lichid racire HONDA CIVIC IV Hatchback (EC, ED, EE, EF) 1.3 16V Cat (EC8) benzina 75 cai MAHLE ORIGINAL TX 69 79 HONDA | MAHLE - Autorival","isPartOf":{"@id":"https:\/\/autorival.ro\/honda\/#website"},"primaryImageOfPage":{"@id":"https:\/\/autorival.ro\/honda\/product\/termostat-lichid-racire-honda-civic-iv-hatchback-ec-ed-ee-ef-1-3-16v-cat-ec8-benzina-75-cai-mahle-original-tx-69-79\/#primaryimage"},"image":{"@id":"https:\/\/autorival.ro\/honda\/product\/termostat-lichid-racire-honda-civic-iv-hatchback-ec-ed-ee-ef-1-3-16v-cat-ec8-benzina-75-cai-mahle-original-tx-69-79\/#primaryimage"},"thumbnailUrl":"https:\/\/autorival.ro\/honda\/wp-content\/uploads\/sites\/11\/2025\/05\/31900115-3.jpg","datePublished":"2025-05-06T11:47:01+00:00","dateModified":"2025-05-06T11:47:02+00:00","description":"\u26a1 Termostat lichid racire HONDA CIVIC IV Hatchback (EC, ED, EE, EF) 1.3 16V Cat (EC8) benzina 75 cai MAHLE ORIGINAL TX 69 79 pentru HONDA la doar 170.82 RON. \u2713 Cod: TX \u2713 Brand: MAHLE \u2713 \u00cen stoc \u2713 Livrare 24h \u2713 Garan\u021bie!","breadcrumb":{"@id":"https:\/\/autorival.ro\/honda\/product\/termostat-lichid-racire-honda-civic-iv-hatchback-ec-ed-ee-ef-1-3-16v-cat-ec8-benzina-75-cai-mahle-original-tx-69-79\/#breadcrumb"},"inLanguage":"en-US","potentialAction":[{"@type":"ReadAction","target":["https:\/\/autorival.ro\/honda\/product\/termostat-lichid-racire-honda-civic-iv-hatchback-ec-ed-ee-ef-1-3-16v-cat-ec8-benzina-75-cai-mahle-original-tx-69-79\/"]}]},{"@type":"ImageObject","inLanguage":"en-US","@id":"https:\/\/autorival.ro\/honda\/product\/termostat-lichid-racire-honda-civic-iv-hatchback-ec-ed-ee-ef-1-3-16v-cat-ec8-benzina-75-cai-mahle-original-tx-69-79\/#primaryimage","url":"https:\/\/autorival.ro\/honda\/wp-content\/uploads\/sites\/11\/2025\/05\/31900115-3.jpg","contentUrl":"https:\/\/autorival.ro\/honda\/wp-content\/uploads\/sites\/11\/2025\/05\/31900115-3.jpg","width":283,"height":400,"caption":"Termostat lichid racire HONDA CIVIC IV Hatchback (EC, ED, EE, EF) 1.3 (EC8) benzina 75 cai MAHLE ORIGINAL TX 69 79"},{"@type":"BreadcrumbList","@id":"https:\/\/autorival.ro\/honda\/product\/termostat-lichid-racire-honda-civic-iv-hatchback-ec-ed-ee-ef-1-3-16v-cat-ec8-benzina-75-cai-mahle-original-tx-69-79\/#breadcrumb","itemListElement":[{"@type":"ListItem","position":1,"name":"Prima pagin\u0103","item":"https:\/\/autorival.ro\/honda\/"},{"@type":"ListItem","position":2,"name":"Piese auto HONDA","item":"https:\/\/autorival.ro\/honda\/"},{"@type":"ListItem","position":3,"name":"Termostat lichid racire HONDA CIVIC IV Hatchback (EC, ED, EE, EF) 1.3 16V Cat (EC8) benzina 75 cai MAHLE ORIGINAL TX 69 79"}]},{"@type":"WebSite","@id":"https:\/\/autorival.ro\/honda\/#website","url":"https:\/\/autorival.ro\/honda\/","name":"HONDA","description":"","potentialAction":[{"@type":"SearchAction","target":{"@type":"EntryPoint","urlTemplate":"https:\/\/autorival.ro\/honda\/?s={search_term_string}"},"query-input":{"@type":"PropertyValueSpecification","valueRequired":true,"valueName":"search_term_string"}}],"inLanguage":"en-US"}]}},"_links":{"self":[{"href":"https:\/\/autorival.ro\/honda\/wp-json\/wp\/v2\/product\/166017","targetHints":{"allow":["GET"]}}],"collection":[{"href":"https:\/\/autorival.ro\/honda\/wp-json\/wp\/v2\/product"}],"about":[{"href":"https:\/\/autorival.ro\/honda\/wp-json\/wp\/v2\/types\/product"}],"replies":[{"embeddable":true,"href":"https:\/\/autorival.ro\/honda\/wp-json\/wp\/v2\/comments?post=166017"}],"wp:featuredmedia":[{"embeddable":true,"href":"https:\/\/autorival.ro\/honda\/wp-json\/wp\/v2\/media\/165995"}],"wp:attachment":[{"href":"https:\/\/autorival.ro\/honda\/wp-json\/wp\/v2\/media?parent=166017"}],"wp:term":[{"taxonomy":"product_brand","embeddable":true,"href":"https:\/\/autorival.ro\/honda\/wp-json\/wp\/v2\/product_brand?post=166017"},{"taxonomy":"product_cat","embeddable":true,"href":"https:\/\/autorival.ro\/honda\/wp-json\/wp\/v2\/product_cat?post=166017"},{"taxonomy":"product_tag","embeddable":true,"href":"https:\/\/autorival.ro\/honda\/wp-json\/wp\/v2\/product_tag?post=166017"}],"curies":[{"name":"wp","href":"https:\/\/api.w.org\/{rel}","templated":true}]}}