{"id":147173,"date":"2025-05-04T11:58:37","date_gmt":"2025-05-04T11:58:37","guid":{"rendered":"https:\/\/autorival.ro\/honda\/product\/set-rulment-ghidaj-honda-civic-vii-hatchback-eu-ep-ev-2-0-i-sport-ev1-benzina-160-cai-tedgum-ted22072\/"},"modified":"2025-05-04T11:58:38","modified_gmt":"2025-05-04T11:58:38","slug":"set-rulment-ghidaj-honda-civic-vii-hatchback-eu-ep-ev-2-0-i-sport-ev1-benzina-160-cai-tedgum-ted22072","status":"publish","type":"product","link":"https:\/\/autorival.ro\/honda\/product\/set-rulment-ghidaj-honda-civic-vii-hatchback-eu-ep-ev-2-0-i-sport-ev1-benzina-160-cai-tedgum-ted22072\/","title":{"rendered":"Set rulment ghidaj HONDA CIVIC VII Hatchback (EU, EP, EV) 2.0 i Sport (EV1) benzina 160 cai TEDGUM TED22072"},"content":{"rendered":"<p>Tip legatura: pentru brat transversal, pentru brat longitudinalArticol completare\/Info suplimentar 2: cu capac vaselinaNumar bucati necesare: 1Partea de montare: puntea spateValoare caracteristic\u0103 duritate Shore A corp baz\u0103: 80Culoare: ro\u00c3\u02c6\u00e2\u201e\u00a2u ->Greutate [kg]: 2,472Material: PU (poliuretan)Cantitate piese: 12<\/p>\n","protected":false},"excerpt":{"rendered":"<p>Producator: TEDGUM Cod producator: TED22072<\/p>\n","protected":false},"featured_media":147167,"comment_status":"open","ping_status":"closed","template":"","meta":[],"product_brand":[1592],"product_cat":[12843],"product_tag":[15281,15299,15300,15280,16147,15517,15516,15298],"class_list":{"0":"post-147173","1":"product","2":"type-product","3":"status-publish","4":"has-post-thumbnail","6":"product_brand-tedgum","7":"product_cat-set-rulment-ghidaj-vii-hatchback-eu-ep-ev-2-0-i-sport-ev1-benzina-160","8":"product_tag-civic","9":"product_tag-ep","10":"product_tag-ev","11":"product_tag-honda","12":"product_tag-set","13":"product_tag-ted","14":"product_tag-tedgum","15":"product_tag-vii","17":"first","18":"instock","19":"shipping-taxable","20":"purchasable","21":"product-type-simple"},"yoast_head":"<!-- This site is optimized with the Yoast SEO plugin v27.3 - https:\/\/yoast.com\/product\/yoast-seo-wordpress\/ -->\n<title>Set rulment ghidaj HONDA CIVIC VII Hatchback (EU, EP, EV) 2.0 i Sport (EV1) benzina 160 cai TEDGUM TED22072 HONDA | TEDGUM - Autorival<\/title>\n<meta name=\"description\" content=\"\u26a1 Set rulment ghidaj HONDA CIVIC VII Hatchback (EU, EP, EV) 2.0 i Sport (EV1) benzina 160 cai TEDGUM TED22072 pentru HONDA la doar 1598 RON. \u2713 Cod: TED22072 \u2713 Brand: TEDGUM \u2713 \u00cen stoc \u2713 Livrare 24h \u2713 Garan\u021bie!\" \/>\n<meta name=\"robots\" content=\"index, follow, max-snippet:-1, max-image-preview:large, max-video-preview:-1\" \/>\n<meta property=\"og:locale\" content=\"en_US\" \/>\n<meta property=\"og:type\" content=\"article\" \/>\n<meta property=\"og:title\" content=\"Set rulment ghidaj HONDA CIVIC VII Hatchback (EU, EP, EV) 2.0 i Sport (EV1) benzina 160 cai TEDGUM TED22072 HONDA | TEDGUM - Autorival\" \/>\n<meta property=\"og:description\" content=\"\u26a1 Set rulment ghidaj HONDA CIVIC VII Hatchback (EU, EP, EV) 2.0 i Sport (EV1) benzina 160 cai TEDGUM TED22072 pentru HONDA la doar 1598 RON. \u2713 Cod: TED22072 \u2713 Brand: TEDGUM \u2713 \u00cen stoc \u2713 Livrare 24h \u2713 Garan\u021bie!\" \/>\n<meta property=\"og:url\" content=\"https:\/\/autorival.ro\/honda\/product\/set-rulment-ghidaj-honda-civic-vii-hatchback-eu-ep-ev-2-0-i-sport-ev1-benzina-160-cai-tedgum-ted22072\/\" \/>\n<meta property=\"og:site_name\" content=\"HONDA\" \/>\n<meta property=\"article:modified_time\" content=\"2025-05-04T11:58:38+00:00\" \/>\n<meta property=\"og:image\" content=\"https:\/\/autorival.ro\/honda\/wp-content\/uploads\/sites\/11\/2025\/05\/ted22072.jpg\" \/>\n\t<meta property=\"og:image:width\" content=\"600\" \/>\n\t<meta property=\"og:image:height\" content=\"400\" \/>\n\t<meta property=\"og:image:type\" content=\"image\/jpeg\" \/>\n<meta name=\"twitter:card\" content=\"summary_large_image\" \/>\n<meta name=\"twitter:title\" content=\"Set rulment ghidaj HONDA CIVIC VII Hatchback (EU, EP, EV) 2.0 i Sport (EV1) benzina 160 cai TEDGUM TED22072 HONDA | TEDGUM - Autorival\" \/>\n<meta name=\"twitter:description\" content=\"\u26a1 Set rulment ghidaj HONDA CIVIC VII Hatchback (EU, EP, EV) 2.0 i Sport (EV1) benzina 160 cai TEDGUM TED22072 pentru HONDA la doar 1598 RON. \u2713 Cod: TED22072 \u2713 Brand: TEDGUM \u2713 \u00cen stoc \u2713 Livrare 24h \u2713 Garan\u021bie!\" \/>\n<script type=\"application\/ld+json\" class=\"yoast-schema-graph\">{\"@context\":\"https:\\\/\\\/schema.org\",\"@graph\":[{\"@type\":\"WebPage\",\"@id\":\"https:\\\/\\\/autorival.ro\\\/honda\\\/product\\\/set-rulment-ghidaj-honda-civic-vii-hatchback-eu-ep-ev-2-0-i-sport-ev1-benzina-160-cai-tedgum-ted22072\\\/\",\"url\":\"https:\\\/\\\/autorival.ro\\\/honda\\\/product\\\/set-rulment-ghidaj-honda-civic-vii-hatchback-eu-ep-ev-2-0-i-sport-ev1-benzina-160-cai-tedgum-ted22072\\\/\",\"name\":\"Set rulment ghidaj HONDA CIVIC VII Hatchback (EU, EP, EV) 2.0 i Sport (EV1) benzina 160 cai TEDGUM TED22072 HONDA | TEDGUM - Autorival\",\"isPartOf\":{\"@id\":\"https:\\\/\\\/autorival.ro\\\/honda\\\/#website\"},\"primaryImageOfPage\":{\"@id\":\"https:\\\/\\\/autorival.ro\\\/honda\\\/product\\\/set-rulment-ghidaj-honda-civic-vii-hatchback-eu-ep-ev-2-0-i-sport-ev1-benzina-160-cai-tedgum-ted22072\\\/#primaryimage\"},\"image\":{\"@id\":\"https:\\\/\\\/autorival.ro\\\/honda\\\/product\\\/set-rulment-ghidaj-honda-civic-vii-hatchback-eu-ep-ev-2-0-i-sport-ev1-benzina-160-cai-tedgum-ted22072\\\/#primaryimage\"},\"thumbnailUrl\":\"https:\\\/\\\/autorival.ro\\\/honda\\\/wp-content\\\/uploads\\\/sites\\\/11\\\/2025\\\/05\\\/ted22072.jpg\",\"datePublished\":\"2025-05-04T11:58:37+00:00\",\"dateModified\":\"2025-05-04T11:58:38+00:00\",\"description\":\"\u26a1 Set rulment ghidaj HONDA CIVIC VII Hatchback (EU, EP, EV) 2.0 i Sport (EV1) benzina 160 cai TEDGUM TED22072 pentru HONDA la doar 1598 RON. \u2713 Cod: TED22072 \u2713 Brand: TEDGUM \u2713 \u00cen stoc \u2713 Livrare 24h \u2713 Garan\u021bie!\",\"breadcrumb\":{\"@id\":\"https:\\\/\\\/autorival.ro\\\/honda\\\/product\\\/set-rulment-ghidaj-honda-civic-vii-hatchback-eu-ep-ev-2-0-i-sport-ev1-benzina-160-cai-tedgum-ted22072\\\/#breadcrumb\"},\"inLanguage\":\"en-US\",\"potentialAction\":[{\"@type\":\"ReadAction\",\"target\":[\"https:\\\/\\\/autorival.ro\\\/honda\\\/product\\\/set-rulment-ghidaj-honda-civic-vii-hatchback-eu-ep-ev-2-0-i-sport-ev1-benzina-160-cai-tedgum-ted22072\\\/\"]}]},{\"@type\":\"ImageObject\",\"inLanguage\":\"en-US\",\"@id\":\"https:\\\/\\\/autorival.ro\\\/honda\\\/product\\\/set-rulment-ghidaj-honda-civic-vii-hatchback-eu-ep-ev-2-0-i-sport-ev1-benzina-160-cai-tedgum-ted22072\\\/#primaryimage\",\"url\":\"https:\\\/\\\/autorival.ro\\\/honda\\\/wp-content\\\/uploads\\\/sites\\\/11\\\/2025\\\/05\\\/ted22072.jpg\",\"contentUrl\":\"https:\\\/\\\/autorival.ro\\\/honda\\\/wp-content\\\/uploads\\\/sites\\\/11\\\/2025\\\/05\\\/ted22072.jpg\",\"width\":600,\"height\":400,\"caption\":\"Set rulment ghidaj HONDA CIVIC VII Hatchback (EU, EP, EV) 2.0 Type-R (EP3) benzina 200 cai TEDGUM TED22072\"},{\"@type\":\"BreadcrumbList\",\"@id\":\"https:\\\/\\\/autorival.ro\\\/honda\\\/product\\\/set-rulment-ghidaj-honda-civic-vii-hatchback-eu-ep-ev-2-0-i-sport-ev1-benzina-160-cai-tedgum-ted22072\\\/#breadcrumb\",\"itemListElement\":[{\"@type\":\"ListItem\",\"position\":1,\"name\":\"Prima pagin\u0103\",\"item\":\"https:\\\/\\\/autorival.ro\\\/honda\\\/\"},{\"@type\":\"ListItem\",\"position\":2,\"name\":\"Piese auto HONDA\",\"item\":\"https:\\\/\\\/autorival.ro\\\/honda\\\/\"},{\"@type\":\"ListItem\",\"position\":3,\"name\":\"Set rulment ghidaj HONDA CIVIC VII Hatchback (EU, EP, EV) 2.0 i Sport (EV1) benzina 160 cai TEDGUM TED22072\"}]},{\"@type\":\"WebSite\",\"@id\":\"https:\\\/\\\/autorival.ro\\\/honda\\\/#website\",\"url\":\"https:\\\/\\\/autorival.ro\\\/honda\\\/\",\"name\":\"HONDA\",\"description\":\"\",\"potentialAction\":[{\"@type\":\"SearchAction\",\"target\":{\"@type\":\"EntryPoint\",\"urlTemplate\":\"https:\\\/\\\/autorival.ro\\\/honda\\\/?s={search_term_string}\"},\"query-input\":{\"@type\":\"PropertyValueSpecification\",\"valueRequired\":true,\"valueName\":\"search_term_string\"}}],\"inLanguage\":\"en-US\"}]}<\/script>\n<!-- \/ Yoast SEO plugin. -->","yoast_head_json":{"title":"Set rulment ghidaj HONDA CIVIC VII Hatchback (EU, EP, EV) 2.0 i Sport (EV1) benzina 160 cai TEDGUM TED22072 HONDA | TEDGUM - Autorival","description":"\u26a1 Set rulment ghidaj HONDA CIVIC VII Hatchback (EU, EP, EV) 2.0 i Sport (EV1) benzina 160 cai TEDGUM TED22072 pentru HONDA la doar 1598 RON. \u2713 Cod: TED22072 \u2713 Brand: TEDGUM \u2713 \u00cen stoc \u2713 Livrare 24h \u2713 Garan\u021bie!","robots":{"index":"index","follow":"follow","max-snippet":"max-snippet:-1","max-image-preview":"max-image-preview:large","max-video-preview":"max-video-preview:-1"},"og_locale":"en_US","og_type":"article","og_title":"Set rulment ghidaj HONDA CIVIC VII Hatchback (EU, EP, EV) 2.0 i Sport (EV1) benzina 160 cai TEDGUM TED22072 HONDA | TEDGUM - Autorival","og_description":"\u26a1 Set rulment ghidaj HONDA CIVIC VII Hatchback (EU, EP, EV) 2.0 i Sport (EV1) benzina 160 cai TEDGUM TED22072 pentru HONDA la doar 1598 RON. \u2713 Cod: TED22072 \u2713 Brand: TEDGUM \u2713 \u00cen stoc \u2713 Livrare 24h \u2713 Garan\u021bie!","og_url":"https:\/\/autorival.ro\/honda\/product\/set-rulment-ghidaj-honda-civic-vii-hatchback-eu-ep-ev-2-0-i-sport-ev1-benzina-160-cai-tedgum-ted22072\/","og_site_name":"HONDA","article_modified_time":"2025-05-04T11:58:38+00:00","og_image":[{"width":600,"height":400,"url":"https:\/\/autorival.ro\/honda\/wp-content\/uploads\/sites\/11\/2025\/05\/ted22072.jpg","type":"image\/jpeg"}],"twitter_card":"summary_large_image","twitter_title":"Set rulment ghidaj HONDA CIVIC VII Hatchback (EU, EP, EV) 2.0 i Sport (EV1) benzina 160 cai TEDGUM TED22072 HONDA | TEDGUM - Autorival","twitter_description":"\u26a1 Set rulment ghidaj HONDA CIVIC VII Hatchback (EU, EP, EV) 2.0 i Sport (EV1) benzina 160 cai TEDGUM TED22072 pentru HONDA la doar 1598 RON. \u2713 Cod: TED22072 \u2713 Brand: TEDGUM \u2713 \u00cen stoc \u2713 Livrare 24h \u2713 Garan\u021bie!","schema":{"@context":"https:\/\/schema.org","@graph":[{"@type":"WebPage","@id":"https:\/\/autorival.ro\/honda\/product\/set-rulment-ghidaj-honda-civic-vii-hatchback-eu-ep-ev-2-0-i-sport-ev1-benzina-160-cai-tedgum-ted22072\/","url":"https:\/\/autorival.ro\/honda\/product\/set-rulment-ghidaj-honda-civic-vii-hatchback-eu-ep-ev-2-0-i-sport-ev1-benzina-160-cai-tedgum-ted22072\/","name":"Set rulment ghidaj HONDA CIVIC VII Hatchback (EU, EP, EV) 2.0 i Sport (EV1) benzina 160 cai TEDGUM TED22072 HONDA | TEDGUM - Autorival","isPartOf":{"@id":"https:\/\/autorival.ro\/honda\/#website"},"primaryImageOfPage":{"@id":"https:\/\/autorival.ro\/honda\/product\/set-rulment-ghidaj-honda-civic-vii-hatchback-eu-ep-ev-2-0-i-sport-ev1-benzina-160-cai-tedgum-ted22072\/#primaryimage"},"image":{"@id":"https:\/\/autorival.ro\/honda\/product\/set-rulment-ghidaj-honda-civic-vii-hatchback-eu-ep-ev-2-0-i-sport-ev1-benzina-160-cai-tedgum-ted22072\/#primaryimage"},"thumbnailUrl":"https:\/\/autorival.ro\/honda\/wp-content\/uploads\/sites\/11\/2025\/05\/ted22072.jpg","datePublished":"2025-05-04T11:58:37+00:00","dateModified":"2025-05-04T11:58:38+00:00","description":"\u26a1 Set rulment ghidaj HONDA CIVIC VII Hatchback (EU, EP, EV) 2.0 i Sport (EV1) benzina 160 cai TEDGUM TED22072 pentru HONDA la doar 1598 RON. \u2713 Cod: TED22072 \u2713 Brand: TEDGUM \u2713 \u00cen stoc \u2713 Livrare 24h \u2713 Garan\u021bie!","breadcrumb":{"@id":"https:\/\/autorival.ro\/honda\/product\/set-rulment-ghidaj-honda-civic-vii-hatchback-eu-ep-ev-2-0-i-sport-ev1-benzina-160-cai-tedgum-ted22072\/#breadcrumb"},"inLanguage":"en-US","potentialAction":[{"@type":"ReadAction","target":["https:\/\/autorival.ro\/honda\/product\/set-rulment-ghidaj-honda-civic-vii-hatchback-eu-ep-ev-2-0-i-sport-ev1-benzina-160-cai-tedgum-ted22072\/"]}]},{"@type":"ImageObject","inLanguage":"en-US","@id":"https:\/\/autorival.ro\/honda\/product\/set-rulment-ghidaj-honda-civic-vii-hatchback-eu-ep-ev-2-0-i-sport-ev1-benzina-160-cai-tedgum-ted22072\/#primaryimage","url":"https:\/\/autorival.ro\/honda\/wp-content\/uploads\/sites\/11\/2025\/05\/ted22072.jpg","contentUrl":"https:\/\/autorival.ro\/honda\/wp-content\/uploads\/sites\/11\/2025\/05\/ted22072.jpg","width":600,"height":400,"caption":"Set rulment ghidaj HONDA CIVIC VII Hatchback (EU, EP, EV) 2.0 Type-R (EP3) benzina 200 cai TEDGUM TED22072"},{"@type":"BreadcrumbList","@id":"https:\/\/autorival.ro\/honda\/product\/set-rulment-ghidaj-honda-civic-vii-hatchback-eu-ep-ev-2-0-i-sport-ev1-benzina-160-cai-tedgum-ted22072\/#breadcrumb","itemListElement":[{"@type":"ListItem","position":1,"name":"Prima pagin\u0103","item":"https:\/\/autorival.ro\/honda\/"},{"@type":"ListItem","position":2,"name":"Piese auto HONDA","item":"https:\/\/autorival.ro\/honda\/"},{"@type":"ListItem","position":3,"name":"Set rulment ghidaj HONDA CIVIC VII Hatchback (EU, EP, EV) 2.0 i Sport (EV1) benzina 160 cai TEDGUM TED22072"}]},{"@type":"WebSite","@id":"https:\/\/autorival.ro\/honda\/#website","url":"https:\/\/autorival.ro\/honda\/","name":"HONDA","description":"","potentialAction":[{"@type":"SearchAction","target":{"@type":"EntryPoint","urlTemplate":"https:\/\/autorival.ro\/honda\/?s={search_term_string}"},"query-input":{"@type":"PropertyValueSpecification","valueRequired":true,"valueName":"search_term_string"}}],"inLanguage":"en-US"}]}},"_links":{"self":[{"href":"https:\/\/autorival.ro\/honda\/wp-json\/wp\/v2\/product\/147173","targetHints":{"allow":["GET"]}}],"collection":[{"href":"https:\/\/autorival.ro\/honda\/wp-json\/wp\/v2\/product"}],"about":[{"href":"https:\/\/autorival.ro\/honda\/wp-json\/wp\/v2\/types\/product"}],"replies":[{"embeddable":true,"href":"https:\/\/autorival.ro\/honda\/wp-json\/wp\/v2\/comments?post=147173"}],"wp:featuredmedia":[{"embeddable":true,"href":"https:\/\/autorival.ro\/honda\/wp-json\/wp\/v2\/media\/147167"}],"wp:attachment":[{"href":"https:\/\/autorival.ro\/honda\/wp-json\/wp\/v2\/media?parent=147173"}],"wp:term":[{"taxonomy":"product_brand","embeddable":true,"href":"https:\/\/autorival.ro\/honda\/wp-json\/wp\/v2\/product_brand?post=147173"},{"taxonomy":"product_cat","embeddable":true,"href":"https:\/\/autorival.ro\/honda\/wp-json\/wp\/v2\/product_cat?post=147173"},{"taxonomy":"product_tag","embeddable":true,"href":"https:\/\/autorival.ro\/honda\/wp-json\/wp\/v2\/product_tag?post=147173"}],"curies":[{"name":"wp","href":"https:\/\/api.w.org\/{rel}","templated":true}]}}