{"id":141298,"date":"2025-05-04T09:17:42","date_gmt":"2025-05-04T09:17:42","guid":{"rendered":"https:\/\/autorival.ro\/honda\/product\/set-frana-frana-disc-honda-civic-vii-hatchback-eu-ep-ev-1-4-is-ep1-eu5-eu7-benzina-90-cai-mastersport-germany-201002790\/"},"modified":"2025-05-04T09:17:43","modified_gmt":"2025-05-04T09:17:43","slug":"set-frana-frana-disc-honda-civic-vii-hatchback-eu-ep-ev-1-4-is-ep1-eu5-eu7-benzina-90-cai-mastersport-germany-201002790","status":"publish","type":"product","link":"https:\/\/autorival.ro\/honda\/product\/set-frana-frana-disc-honda-civic-vii-hatchback-eu-ep-ev-1-4-is-ep1-eu5-eu7-benzina-90-cai-mastersport-germany-201002790\/","title":{"rendered":"Set frana frana disc HONDA CIVIC VII Hatchback (EU, EP, EV) 1.4 iS (EP1, EU5, EU7) benzina 90 cai MASTERSPORT GERMANY 201002790"},"content":{"rendered":"<p>Sasiu: pentru vehicule cu suspensie sportVehicul cu volan pe st\u00e2nga\/dreapta: pentru vehicule cu volan pe stangaPartea de montare: puntea spateTip disc fr\u00e2na: plin ->Grosime disc fr\u00e2na [mm]: 10 ->Diametru exterior [mm]: 260\u00cenaltime [mm]: 48,7 ->Diametrul orificiului [mm]: 12,6 ->Grosime minima [mm]: 8 ->Diametru interior [mm]: 157Numar gauri: 1 ->Diametru de centrare [mm]: 64,2Asezare gauri \u00d8 [mm]: 114 ->Grosime [mm]: 15Sistem de fr\u00e2nare: Akebono ->Latime [mm]: 89\u00cenaltime 1 [mm]: 47,1Contact indicator uzura: cu avertizare acustica uzuraArticol completare\/Info suplimentar 2: cu tabla anti scartaitUnitate de calitate: setNumar bucati necesare: 1 ->Greutate neta [kg]: 8,2 ->Greutate brut\u0103 [kg]: 8,3<\/p>\n","protected":false},"excerpt":{"rendered":"<p>Producator: MASTERSPORT GERMANY Cod producator: 201002790<\/p>\n","protected":false},"featured_media":141287,"comment_status":"open","ping_status":"closed","template":"","meta":[],"product_brand":[270],"product_cat":[12011],"product_tag":[15281,15299,15302,15300,15384,15280,15383,15298],"class_list":{"0":"post-141298","1":"product","2":"type-product","3":"status-publish","4":"has-post-thumbnail","6":"product_brand-mastersport-germany","7":"product_cat-set-frana-frana-disc-vii-hatchback-eu-ep-ev-1-4-is-ep1-eu5-eu7-benzina-90","8":"product_tag-civic","9":"product_tag-ep","10":"product_tag-eu","11":"product_tag-ev","12":"product_tag-germany","13":"product_tag-honda","14":"product_tag-mastersport","15":"product_tag-vii","17":"first","18":"instock","19":"shipping-taxable","20":"purchasable","21":"product-type-simple"},"yoast_head":"<!-- This site is optimized with the Yoast SEO plugin v27.3 - https:\/\/yoast.com\/product\/yoast-seo-wordpress\/ -->\n<title>Set frana frana disc HONDA CIVIC VII Hatchback (EU, EP, EV) 1.4 iS (EP1, EU5, EU7) benzina 90 cai MASTERSPORT GERMANY 201002790 HONDA | MASTERSPORT - Autorival<\/title>\n<meta name=\"description\" content=\"\u26a1 Set frana frana disc HONDA CIVIC VII Hatchback (EU, EP, EV) 1.4 iS (EP1, EU5, EU7) benzina 90 cai MASTERSPORT GERMANY 201002790 pentru HONDA la doar 484 RON. \u2713 Cod: 201002790 \u2713 Brand: MASTERSPORT \u2713 \u00cen stoc \u2713 Livrare 24h \u2713 Garan\u021bie!\" \/>\n<meta name=\"robots\" content=\"index, follow, max-snippet:-1, max-image-preview:large, max-video-preview:-1\" \/>\n<meta property=\"og:locale\" content=\"en_US\" \/>\n<meta property=\"og:type\" content=\"article\" \/>\n<meta property=\"og:title\" content=\"Set frana frana disc HONDA CIVIC VII Hatchback (EU, EP, EV) 1.4 iS (EP1, EU5, EU7) benzina 90 cai MASTERSPORT GERMANY 201002790 HONDA | MASTERSPORT - Autorival\" \/>\n<meta property=\"og:description\" content=\"\u26a1 Set frana frana disc HONDA CIVIC VII Hatchback (EU, EP, EV) 1.4 iS (EP1, EU5, EU7) benzina 90 cai MASTERSPORT GERMANY 201002790 pentru HONDA la doar 484 RON. \u2713 Cod: 201002790 \u2713 Brand: MASTERSPORT \u2713 \u00cen stoc \u2713 Livrare 24h \u2713 Garan\u021bie!\" \/>\n<meta property=\"og:url\" content=\"https:\/\/autorival.ro\/honda\/product\/set-frana-frana-disc-honda-civic-vii-hatchback-eu-ep-ev-1-4-is-ep1-eu5-eu7-benzina-90-cai-mastersport-germany-201002790\/\" \/>\n<meta property=\"og:site_name\" content=\"HONDA\" \/>\n<meta property=\"article:modified_time\" content=\"2025-05-04T09:17:43+00:00\" \/>\n<meta property=\"og:image\" content=\"https:\/\/autorival.ro\/honda\/wp-content\/uploads\/sites\/11\/2025\/05\/201002790.jpg\" \/>\n\t<meta property=\"og:image:width\" content=\"1500\" \/>\n\t<meta property=\"og:image:height\" content=\"1500\" \/>\n\t<meta property=\"og:image:type\" content=\"image\/jpeg\" \/>\n<meta name=\"twitter:card\" content=\"summary_large_image\" \/>\n<meta name=\"twitter:title\" content=\"Set frana frana disc HONDA CIVIC VII Hatchback (EU, EP, EV) 1.4 iS (EP1, EU5, EU7) benzina 90 cai MASTERSPORT GERMANY 201002790 HONDA | MASTERSPORT - Autorival\" \/>\n<meta name=\"twitter:description\" content=\"\u26a1 Set frana frana disc HONDA CIVIC VII Hatchback (EU, EP, EV) 1.4 iS (EP1, EU5, EU7) benzina 90 cai MASTERSPORT GERMANY 201002790 pentru HONDA la doar 484 RON. \u2713 Cod: 201002790 \u2713 Brand: MASTERSPORT \u2713 \u00cen stoc \u2713 Livrare 24h \u2713 Garan\u021bie!\" \/>\n<meta name=\"twitter:label1\" content=\"Est. reading time\" \/>\n\t<meta name=\"twitter:data1\" content=\"1 minute\" \/>\n<script type=\"application\/ld+json\" class=\"yoast-schema-graph\">{\"@context\":\"https:\\\/\\\/schema.org\",\"@graph\":[{\"@type\":\"WebPage\",\"@id\":\"https:\\\/\\\/autorival.ro\\\/honda\\\/product\\\/set-frana-frana-disc-honda-civic-vii-hatchback-eu-ep-ev-1-4-is-ep1-eu5-eu7-benzina-90-cai-mastersport-germany-201002790\\\/\",\"url\":\"https:\\\/\\\/autorival.ro\\\/honda\\\/product\\\/set-frana-frana-disc-honda-civic-vii-hatchback-eu-ep-ev-1-4-is-ep1-eu5-eu7-benzina-90-cai-mastersport-germany-201002790\\\/\",\"name\":\"Set frana frana disc HONDA CIVIC VII Hatchback (EU, EP, EV) 1.4 iS (EP1, EU5, EU7) benzina 90 cai MASTERSPORT GERMANY 201002790 HONDA | MASTERSPORT - Autorival\",\"isPartOf\":{\"@id\":\"https:\\\/\\\/autorival.ro\\\/honda\\\/#website\"},\"primaryImageOfPage\":{\"@id\":\"https:\\\/\\\/autorival.ro\\\/honda\\\/product\\\/set-frana-frana-disc-honda-civic-vii-hatchback-eu-ep-ev-1-4-is-ep1-eu5-eu7-benzina-90-cai-mastersport-germany-201002790\\\/#primaryimage\"},\"image\":{\"@id\":\"https:\\\/\\\/autorival.ro\\\/honda\\\/product\\\/set-frana-frana-disc-honda-civic-vii-hatchback-eu-ep-ev-1-4-is-ep1-eu5-eu7-benzina-90-cai-mastersport-germany-201002790\\\/#primaryimage\"},\"thumbnailUrl\":\"https:\\\/\\\/autorival.ro\\\/honda\\\/wp-content\\\/uploads\\\/sites\\\/11\\\/2025\\\/05\\\/201002790.jpg\",\"datePublished\":\"2025-05-04T09:17:42+00:00\",\"dateModified\":\"2025-05-04T09:17:43+00:00\",\"description\":\"\u26a1 Set frana frana disc HONDA CIVIC VII Hatchback (EU, EP, EV) 1.4 iS (EP1, EU5, EU7) benzina 90 cai MASTERSPORT GERMANY 201002790 pentru HONDA la doar 484 RON. \u2713 Cod: 201002790 \u2713 Brand: MASTERSPORT \u2713 \u00cen stoc \u2713 Livrare 24h \u2713 Garan\u021bie!\",\"breadcrumb\":{\"@id\":\"https:\\\/\\\/autorival.ro\\\/honda\\\/product\\\/set-frana-frana-disc-honda-civic-vii-hatchback-eu-ep-ev-1-4-is-ep1-eu5-eu7-benzina-90-cai-mastersport-germany-201002790\\\/#breadcrumb\"},\"inLanguage\":\"en-US\",\"potentialAction\":[{\"@type\":\"ReadAction\",\"target\":[\"https:\\\/\\\/autorival.ro\\\/honda\\\/product\\\/set-frana-frana-disc-honda-civic-vii-hatchback-eu-ep-ev-1-4-is-ep1-eu5-eu7-benzina-90-cai-mastersport-germany-201002790\\\/\"]}]},{\"@type\":\"ImageObject\",\"inLanguage\":\"en-US\",\"@id\":\"https:\\\/\\\/autorival.ro\\\/honda\\\/product\\\/set-frana-frana-disc-honda-civic-vii-hatchback-eu-ep-ev-1-4-is-ep1-eu5-eu7-benzina-90-cai-mastersport-germany-201002790\\\/#primaryimage\",\"url\":\"https:\\\/\\\/autorival.ro\\\/honda\\\/wp-content\\\/uploads\\\/sites\\\/11\\\/2025\\\/05\\\/201002790.jpg\",\"contentUrl\":\"https:\\\/\\\/autorival.ro\\\/honda\\\/wp-content\\\/uploads\\\/sites\\\/11\\\/2025\\\/05\\\/201002790.jpg\",\"width\":1500,\"height\":1500,\"caption\":\"Set frana frana disc HONDA CIVIC VII Hatchback (EU, EP, EV) 1.4 i (EP1, EU7) benzina 75 cai MASTERSPORT GERMANY 201002790\"},{\"@type\":\"BreadcrumbList\",\"@id\":\"https:\\\/\\\/autorival.ro\\\/honda\\\/product\\\/set-frana-frana-disc-honda-civic-vii-hatchback-eu-ep-ev-1-4-is-ep1-eu5-eu7-benzina-90-cai-mastersport-germany-201002790\\\/#breadcrumb\",\"itemListElement\":[{\"@type\":\"ListItem\",\"position\":1,\"name\":\"Prima pagin\u0103\",\"item\":\"https:\\\/\\\/autorival.ro\\\/honda\\\/\"},{\"@type\":\"ListItem\",\"position\":2,\"name\":\"Piese auto HONDA\",\"item\":\"https:\\\/\\\/autorival.ro\\\/honda\\\/\"},{\"@type\":\"ListItem\",\"position\":3,\"name\":\"Set frana frana disc HONDA CIVIC VII Hatchback (EU, EP, EV) 1.4 iS (EP1, EU5, EU7) benzina 90 cai MASTERSPORT GERMANY 201002790\"}]},{\"@type\":\"WebSite\",\"@id\":\"https:\\\/\\\/autorival.ro\\\/honda\\\/#website\",\"url\":\"https:\\\/\\\/autorival.ro\\\/honda\\\/\",\"name\":\"HONDA\",\"description\":\"\",\"potentialAction\":[{\"@type\":\"SearchAction\",\"target\":{\"@type\":\"EntryPoint\",\"urlTemplate\":\"https:\\\/\\\/autorival.ro\\\/honda\\\/?s={search_term_string}\"},\"query-input\":{\"@type\":\"PropertyValueSpecification\",\"valueRequired\":true,\"valueName\":\"search_term_string\"}}],\"inLanguage\":\"en-US\"}]}<\/script>\n<!-- \/ Yoast SEO plugin. -->","yoast_head_json":{"title":"Set frana frana disc HONDA CIVIC VII Hatchback (EU, EP, EV) 1.4 iS (EP1, EU5, EU7) benzina 90 cai MASTERSPORT GERMANY 201002790 HONDA | MASTERSPORT - Autorival","description":"\u26a1 Set frana frana disc HONDA CIVIC VII Hatchback (EU, EP, EV) 1.4 iS (EP1, EU5, EU7) benzina 90 cai MASTERSPORT GERMANY 201002790 pentru HONDA la doar 484 RON. \u2713 Cod: 201002790 \u2713 Brand: MASTERSPORT \u2713 \u00cen stoc \u2713 Livrare 24h \u2713 Garan\u021bie!","robots":{"index":"index","follow":"follow","max-snippet":"max-snippet:-1","max-image-preview":"max-image-preview:large","max-video-preview":"max-video-preview:-1"},"og_locale":"en_US","og_type":"article","og_title":"Set frana frana disc HONDA CIVIC VII Hatchback (EU, EP, EV) 1.4 iS (EP1, EU5, EU7) benzina 90 cai MASTERSPORT GERMANY 201002790 HONDA | MASTERSPORT - Autorival","og_description":"\u26a1 Set frana frana disc HONDA CIVIC VII Hatchback (EU, EP, EV) 1.4 iS (EP1, EU5, EU7) benzina 90 cai MASTERSPORT GERMANY 201002790 pentru HONDA la doar 484 RON. \u2713 Cod: 201002790 \u2713 Brand: MASTERSPORT \u2713 \u00cen stoc \u2713 Livrare 24h \u2713 Garan\u021bie!","og_url":"https:\/\/autorival.ro\/honda\/product\/set-frana-frana-disc-honda-civic-vii-hatchback-eu-ep-ev-1-4-is-ep1-eu5-eu7-benzina-90-cai-mastersport-germany-201002790\/","og_site_name":"HONDA","article_modified_time":"2025-05-04T09:17:43+00:00","og_image":[{"width":1500,"height":1500,"url":"https:\/\/autorival.ro\/honda\/wp-content\/uploads\/sites\/11\/2025\/05\/201002790.jpg","type":"image\/jpeg"}],"twitter_card":"summary_large_image","twitter_title":"Set frana frana disc HONDA CIVIC VII Hatchback (EU, EP, EV) 1.4 iS (EP1, EU5, EU7) benzina 90 cai MASTERSPORT GERMANY 201002790 HONDA | MASTERSPORT - Autorival","twitter_description":"\u26a1 Set frana frana disc HONDA CIVIC VII Hatchback (EU, EP, EV) 1.4 iS (EP1, EU5, EU7) benzina 90 cai MASTERSPORT GERMANY 201002790 pentru HONDA la doar 484 RON. \u2713 Cod: 201002790 \u2713 Brand: MASTERSPORT \u2713 \u00cen stoc \u2713 Livrare 24h \u2713 Garan\u021bie!","twitter_misc":{"Est. reading time":"1 minute"},"schema":{"@context":"https:\/\/schema.org","@graph":[{"@type":"WebPage","@id":"https:\/\/autorival.ro\/honda\/product\/set-frana-frana-disc-honda-civic-vii-hatchback-eu-ep-ev-1-4-is-ep1-eu5-eu7-benzina-90-cai-mastersport-germany-201002790\/","url":"https:\/\/autorival.ro\/honda\/product\/set-frana-frana-disc-honda-civic-vii-hatchback-eu-ep-ev-1-4-is-ep1-eu5-eu7-benzina-90-cai-mastersport-germany-201002790\/","name":"Set frana frana disc HONDA CIVIC VII Hatchback (EU, EP, EV) 1.4 iS (EP1, EU5, EU7) benzina 90 cai MASTERSPORT GERMANY 201002790 HONDA | MASTERSPORT - Autorival","isPartOf":{"@id":"https:\/\/autorival.ro\/honda\/#website"},"primaryImageOfPage":{"@id":"https:\/\/autorival.ro\/honda\/product\/set-frana-frana-disc-honda-civic-vii-hatchback-eu-ep-ev-1-4-is-ep1-eu5-eu7-benzina-90-cai-mastersport-germany-201002790\/#primaryimage"},"image":{"@id":"https:\/\/autorival.ro\/honda\/product\/set-frana-frana-disc-honda-civic-vii-hatchback-eu-ep-ev-1-4-is-ep1-eu5-eu7-benzina-90-cai-mastersport-germany-201002790\/#primaryimage"},"thumbnailUrl":"https:\/\/autorival.ro\/honda\/wp-content\/uploads\/sites\/11\/2025\/05\/201002790.jpg","datePublished":"2025-05-04T09:17:42+00:00","dateModified":"2025-05-04T09:17:43+00:00","description":"\u26a1 Set frana frana disc HONDA CIVIC VII Hatchback (EU, EP, EV) 1.4 iS (EP1, EU5, EU7) benzina 90 cai MASTERSPORT GERMANY 201002790 pentru HONDA la doar 484 RON. \u2713 Cod: 201002790 \u2713 Brand: MASTERSPORT \u2713 \u00cen stoc \u2713 Livrare 24h \u2713 Garan\u021bie!","breadcrumb":{"@id":"https:\/\/autorival.ro\/honda\/product\/set-frana-frana-disc-honda-civic-vii-hatchback-eu-ep-ev-1-4-is-ep1-eu5-eu7-benzina-90-cai-mastersport-germany-201002790\/#breadcrumb"},"inLanguage":"en-US","potentialAction":[{"@type":"ReadAction","target":["https:\/\/autorival.ro\/honda\/product\/set-frana-frana-disc-honda-civic-vii-hatchback-eu-ep-ev-1-4-is-ep1-eu5-eu7-benzina-90-cai-mastersport-germany-201002790\/"]}]},{"@type":"ImageObject","inLanguage":"en-US","@id":"https:\/\/autorival.ro\/honda\/product\/set-frana-frana-disc-honda-civic-vii-hatchback-eu-ep-ev-1-4-is-ep1-eu5-eu7-benzina-90-cai-mastersport-germany-201002790\/#primaryimage","url":"https:\/\/autorival.ro\/honda\/wp-content\/uploads\/sites\/11\/2025\/05\/201002790.jpg","contentUrl":"https:\/\/autorival.ro\/honda\/wp-content\/uploads\/sites\/11\/2025\/05\/201002790.jpg","width":1500,"height":1500,"caption":"Set frana frana disc HONDA CIVIC VII Hatchback (EU, EP, EV) 1.4 i (EP1, EU7) benzina 75 cai MASTERSPORT GERMANY 201002790"},{"@type":"BreadcrumbList","@id":"https:\/\/autorival.ro\/honda\/product\/set-frana-frana-disc-honda-civic-vii-hatchback-eu-ep-ev-1-4-is-ep1-eu5-eu7-benzina-90-cai-mastersport-germany-201002790\/#breadcrumb","itemListElement":[{"@type":"ListItem","position":1,"name":"Prima pagin\u0103","item":"https:\/\/autorival.ro\/honda\/"},{"@type":"ListItem","position":2,"name":"Piese auto HONDA","item":"https:\/\/autorival.ro\/honda\/"},{"@type":"ListItem","position":3,"name":"Set frana frana disc HONDA CIVIC VII Hatchback (EU, EP, EV) 1.4 iS (EP1, EU5, EU7) benzina 90 cai MASTERSPORT GERMANY 201002790"}]},{"@type":"WebSite","@id":"https:\/\/autorival.ro\/honda\/#website","url":"https:\/\/autorival.ro\/honda\/","name":"HONDA","description":"","potentialAction":[{"@type":"SearchAction","target":{"@type":"EntryPoint","urlTemplate":"https:\/\/autorival.ro\/honda\/?s={search_term_string}"},"query-input":{"@type":"PropertyValueSpecification","valueRequired":true,"valueName":"search_term_string"}}],"inLanguage":"en-US"}]}},"_links":{"self":[{"href":"https:\/\/autorival.ro\/honda\/wp-json\/wp\/v2\/product\/141298","targetHints":{"allow":["GET"]}}],"collection":[{"href":"https:\/\/autorival.ro\/honda\/wp-json\/wp\/v2\/product"}],"about":[{"href":"https:\/\/autorival.ro\/honda\/wp-json\/wp\/v2\/types\/product"}],"replies":[{"embeddable":true,"href":"https:\/\/autorival.ro\/honda\/wp-json\/wp\/v2\/comments?post=141298"}],"wp:featuredmedia":[{"embeddable":true,"href":"https:\/\/autorival.ro\/honda\/wp-json\/wp\/v2\/media\/141287"}],"wp:attachment":[{"href":"https:\/\/autorival.ro\/honda\/wp-json\/wp\/v2\/media?parent=141298"}],"wp:term":[{"taxonomy":"product_brand","embeddable":true,"href":"https:\/\/autorival.ro\/honda\/wp-json\/wp\/v2\/product_brand?post=141298"},{"taxonomy":"product_cat","embeddable":true,"href":"https:\/\/autorival.ro\/honda\/wp-json\/wp\/v2\/product_cat?post=141298"},{"taxonomy":"product_tag","embeddable":true,"href":"https:\/\/autorival.ro\/honda\/wp-json\/wp\/v2\/product_tag?post=141298"}],"curies":[{"name":"wp","href":"https:\/\/api.w.org\/{rel}","templated":true}]}}