{"id":137572,"date":"2025-05-04T07:35:31","date_gmt":"2025-05-04T07:35:31","guid":{"rendered":"https:\/\/autorival.ro\/honda\/product\/senzor-temperatura-ulei-honda-civic-vi-fastback-ma-mb-2-0-i-td-mb7-diesel-86-cai-vemo-v20-72-0443\/"},"modified":"2025-05-04T07:35:32","modified_gmt":"2025-05-04T07:35:32","slug":"senzor-temperatura-ulei-honda-civic-vi-fastback-ma-mb-2-0-i-td-mb7-diesel-86-cai-vemo-v20-72-0443","status":"publish","type":"product","link":"https:\/\/autorival.ro\/honda\/product\/senzor-temperatura-ulei-honda-civic-vi-fastback-ma-mb-2-0-i-td-mb7-diesel-86-cai-vemo-v20-72-0443\/","title":{"rendered":"Senzor temperatura ulei HONDA CIVIC VI Fastback (MA, MB) 2.0 i TD (MB7) diesel 86 cai VEMO V20-72-0443"},"content":{"rendered":"<p>Numar motor TECDOC: 22035Num\u0103rul conexiunilor cu muf\u0103: 2\u00cenaltime [mm]: 51,8 ->Greutate [kg]: 0,029Articol completare\/Info suplimentar 2: cu inel etansare ->Dimensiune filet: M12x1,5Culoare carcasa: albastruDeschidere cheie: 19Articol extins\/Informatii de extindere: cu etansare<\/p>\n","protected":false},"excerpt":{"rendered":"<p>Producator: VEMO Cod producator: V20-72-0443<\/p>\n","protected":false},"featured_media":137568,"comment_status":"open","ping_status":"closed","template":"","meta":[],"product_brand":[1272],"product_cat":[11425],"product_tag":[15281,15280,15316,15960,15318,15728,15496,15314],"class_list":{"0":"post-137572","1":"product","2":"type-product","3":"status-publish","4":"has-post-thumbnail","6":"product_brand-vemo","7":"product_cat-senzor-temperatura-ulei-vi-fastback-ma-mb-2-0-i-td-mb7-diesel-86","8":"product_tag-civic","9":"product_tag-honda","10":"product_tag-mb","11":"product_tag-senzor","12":"product_tag-td","13":"product_tag-temperatura","14":"product_tag-vemo","15":"product_tag-vi","17":"first","18":"instock","19":"shipping-taxable","20":"purchasable","21":"product-type-simple"},"yoast_head":"<!-- This site is optimized with the Yoast SEO plugin v27.3 - https:\/\/yoast.com\/product\/yoast-seo-wordpress\/ -->\n<title>Senzor temperatura ulei HONDA CIVIC VI Fastback (MA, MB) 2.0 i TD (MB7) diesel 86 cai VEMO V20-72-0443 HONDA | VEMO - Autorival<\/title>\n<meta name=\"description\" content=\"\u26a1 Senzor temperatura ulei HONDA CIVIC VI Fastback (MA, MB) 2.0 i TD (MB7) diesel 86 cai VEMO V20-72-0443 pentru HONDA la doar 62 RON. \u2713 Cod: V20-72-0443 \u2713 Brand: VEMO \u2713 \u00cen stoc \u2713 Livrare 24h \u2713 Garan\u021bie!\" \/>\n<meta name=\"robots\" content=\"index, follow, max-snippet:-1, max-image-preview:large, max-video-preview:-1\" \/>\n<meta property=\"og:locale\" content=\"en_US\" \/>\n<meta property=\"og:type\" content=\"article\" \/>\n<meta property=\"og:title\" content=\"Senzor temperatura ulei HONDA CIVIC VI Fastback (MA, MB) 2.0 i TD (MB7) diesel 86 cai VEMO V20-72-0443 HONDA | VEMO - Autorival\" \/>\n<meta property=\"og:description\" content=\"\u26a1 Senzor temperatura ulei HONDA CIVIC VI Fastback (MA, MB) 2.0 i TD (MB7) diesel 86 cai VEMO V20-72-0443 pentru HONDA la doar 62 RON. \u2713 Cod: V20-72-0443 \u2713 Brand: VEMO \u2713 \u00cen stoc \u2713 Livrare 24h \u2713 Garan\u021bie!\" \/>\n<meta property=\"og:url\" content=\"https:\/\/autorival.ro\/honda\/product\/senzor-temperatura-ulei-honda-civic-vi-fastback-ma-mb-2-0-i-td-mb7-diesel-86-cai-vemo-v20-72-0443\/\" \/>\n<meta property=\"og:site_name\" content=\"HONDA\" \/>\n<meta property=\"article:modified_time\" content=\"2025-05-04T07:35:32+00:00\" \/>\n<meta property=\"og:image\" content=\"https:\/\/autorival.ro\/honda\/wp-content\/uploads\/sites\/11\/2025\/05\/v20-72-0443_02-1.jpg\" \/>\n\t<meta property=\"og:image:width\" content=\"2499\" \/>\n\t<meta property=\"og:image:height\" content=\"1666\" \/>\n\t<meta property=\"og:image:type\" content=\"image\/jpeg\" \/>\n<meta name=\"twitter:card\" content=\"summary_large_image\" \/>\n<meta name=\"twitter:title\" content=\"Senzor temperatura ulei HONDA CIVIC VI Fastback (MA, MB) 2.0 i TD (MB7) diesel 86 cai VEMO V20-72-0443 HONDA | VEMO - Autorival\" \/>\n<meta name=\"twitter:description\" content=\"\u26a1 Senzor temperatura ulei HONDA CIVIC VI Fastback (MA, MB) 2.0 i TD (MB7) diesel 86 cai VEMO V20-72-0443 pentru HONDA la doar 62 RON. \u2713 Cod: V20-72-0443 \u2713 Brand: VEMO \u2713 \u00cen stoc \u2713 Livrare 24h \u2713 Garan\u021bie!\" \/>\n<script type=\"application\/ld+json\" class=\"yoast-schema-graph\">{\"@context\":\"https:\\\/\\\/schema.org\",\"@graph\":[{\"@type\":\"WebPage\",\"@id\":\"https:\\\/\\\/autorival.ro\\\/honda\\\/product\\\/senzor-temperatura-ulei-honda-civic-vi-fastback-ma-mb-2-0-i-td-mb7-diesel-86-cai-vemo-v20-72-0443\\\/\",\"url\":\"https:\\\/\\\/autorival.ro\\\/honda\\\/product\\\/senzor-temperatura-ulei-honda-civic-vi-fastback-ma-mb-2-0-i-td-mb7-diesel-86-cai-vemo-v20-72-0443\\\/\",\"name\":\"Senzor temperatura ulei HONDA CIVIC VI Fastback (MA, MB) 2.0 i TD (MB7) diesel 86 cai VEMO V20-72-0443 HONDA | VEMO - Autorival\",\"isPartOf\":{\"@id\":\"https:\\\/\\\/autorival.ro\\\/honda\\\/#website\"},\"primaryImageOfPage\":{\"@id\":\"https:\\\/\\\/autorival.ro\\\/honda\\\/product\\\/senzor-temperatura-ulei-honda-civic-vi-fastback-ma-mb-2-0-i-td-mb7-diesel-86-cai-vemo-v20-72-0443\\\/#primaryimage\"},\"image\":{\"@id\":\"https:\\\/\\\/autorival.ro\\\/honda\\\/product\\\/senzor-temperatura-ulei-honda-civic-vi-fastback-ma-mb-2-0-i-td-mb7-diesel-86-cai-vemo-v20-72-0443\\\/#primaryimage\"},\"thumbnailUrl\":\"https:\\\/\\\/autorival.ro\\\/honda\\\/wp-content\\\/uploads\\\/sites\\\/11\\\/2025\\\/05\\\/v20-72-0443_02-1.jpg\",\"datePublished\":\"2025-05-04T07:35:31+00:00\",\"dateModified\":\"2025-05-04T07:35:32+00:00\",\"description\":\"\u26a1 Senzor temperatura ulei HONDA CIVIC VI Fastback (MA, MB) 2.0 i TD (MB7) diesel 86 cai VEMO V20-72-0443 pentru HONDA la doar 62 RON. \u2713 Cod: V20-72-0443 \u2713 Brand: VEMO \u2713 \u00cen stoc \u2713 Livrare 24h \u2713 Garan\u021bie!\",\"breadcrumb\":{\"@id\":\"https:\\\/\\\/autorival.ro\\\/honda\\\/product\\\/senzor-temperatura-ulei-honda-civic-vi-fastback-ma-mb-2-0-i-td-mb7-diesel-86-cai-vemo-v20-72-0443\\\/#breadcrumb\"},\"inLanguage\":\"en-US\",\"potentialAction\":[{\"@type\":\"ReadAction\",\"target\":[\"https:\\\/\\\/autorival.ro\\\/honda\\\/product\\\/senzor-temperatura-ulei-honda-civic-vi-fastback-ma-mb-2-0-i-td-mb7-diesel-86-cai-vemo-v20-72-0443\\\/\"]}]},{\"@type\":\"ImageObject\",\"inLanguage\":\"en-US\",\"@id\":\"https:\\\/\\\/autorival.ro\\\/honda\\\/product\\\/senzor-temperatura-ulei-honda-civic-vi-fastback-ma-mb-2-0-i-td-mb7-diesel-86-cai-vemo-v20-72-0443\\\/#primaryimage\",\"url\":\"https:\\\/\\\/autorival.ro\\\/honda\\\/wp-content\\\/uploads\\\/sites\\\/11\\\/2025\\\/05\\\/v20-72-0443_02-1.jpg\",\"contentUrl\":\"https:\\\/\\\/autorival.ro\\\/honda\\\/wp-content\\\/uploads\\\/sites\\\/11\\\/2025\\\/05\\\/v20-72-0443_02-1.jpg\",\"width\":2499,\"height\":1666,\"caption\":\"Senzor temperatura ulei HONDA CIVIC VI Fastback (MA, MB) 2.0 TDiC (MB7) diesel 101 cai VEMO V20-72-0443\"},{\"@type\":\"BreadcrumbList\",\"@id\":\"https:\\\/\\\/autorival.ro\\\/honda\\\/product\\\/senzor-temperatura-ulei-honda-civic-vi-fastback-ma-mb-2-0-i-td-mb7-diesel-86-cai-vemo-v20-72-0443\\\/#breadcrumb\",\"itemListElement\":[{\"@type\":\"ListItem\",\"position\":1,\"name\":\"Prima pagin\u0103\",\"item\":\"https:\\\/\\\/autorival.ro\\\/honda\\\/\"},{\"@type\":\"ListItem\",\"position\":2,\"name\":\"Piese auto HONDA\",\"item\":\"https:\\\/\\\/autorival.ro\\\/honda\\\/\"},{\"@type\":\"ListItem\",\"position\":3,\"name\":\"Senzor temperatura ulei HONDA CIVIC VI Fastback (MA, MB) 2.0 i TD (MB7) diesel 86 cai VEMO V20-72-0443\"}]},{\"@type\":\"WebSite\",\"@id\":\"https:\\\/\\\/autorival.ro\\\/honda\\\/#website\",\"url\":\"https:\\\/\\\/autorival.ro\\\/honda\\\/\",\"name\":\"HONDA\",\"description\":\"\",\"potentialAction\":[{\"@type\":\"SearchAction\",\"target\":{\"@type\":\"EntryPoint\",\"urlTemplate\":\"https:\\\/\\\/autorival.ro\\\/honda\\\/?s={search_term_string}\"},\"query-input\":{\"@type\":\"PropertyValueSpecification\",\"valueRequired\":true,\"valueName\":\"search_term_string\"}}],\"inLanguage\":\"en-US\"}]}<\/script>\n<!-- \/ Yoast SEO plugin. -->","yoast_head_json":{"title":"Senzor temperatura ulei HONDA CIVIC VI Fastback (MA, MB) 2.0 i TD (MB7) diesel 86 cai VEMO V20-72-0443 HONDA | VEMO - Autorival","description":"\u26a1 Senzor temperatura ulei HONDA CIVIC VI Fastback (MA, MB) 2.0 i TD (MB7) diesel 86 cai VEMO V20-72-0443 pentru HONDA la doar 62 RON. \u2713 Cod: V20-72-0443 \u2713 Brand: VEMO \u2713 \u00cen stoc \u2713 Livrare 24h \u2713 Garan\u021bie!","robots":{"index":"index","follow":"follow","max-snippet":"max-snippet:-1","max-image-preview":"max-image-preview:large","max-video-preview":"max-video-preview:-1"},"og_locale":"en_US","og_type":"article","og_title":"Senzor temperatura ulei HONDA CIVIC VI Fastback (MA, MB) 2.0 i TD (MB7) diesel 86 cai VEMO V20-72-0443 HONDA | VEMO - Autorival","og_description":"\u26a1 Senzor temperatura ulei HONDA CIVIC VI Fastback (MA, MB) 2.0 i TD (MB7) diesel 86 cai VEMO V20-72-0443 pentru HONDA la doar 62 RON. \u2713 Cod: V20-72-0443 \u2713 Brand: VEMO \u2713 \u00cen stoc \u2713 Livrare 24h \u2713 Garan\u021bie!","og_url":"https:\/\/autorival.ro\/honda\/product\/senzor-temperatura-ulei-honda-civic-vi-fastback-ma-mb-2-0-i-td-mb7-diesel-86-cai-vemo-v20-72-0443\/","og_site_name":"HONDA","article_modified_time":"2025-05-04T07:35:32+00:00","og_image":[{"width":2499,"height":1666,"url":"https:\/\/autorival.ro\/honda\/wp-content\/uploads\/sites\/11\/2025\/05\/v20-72-0443_02-1.jpg","type":"image\/jpeg"}],"twitter_card":"summary_large_image","twitter_title":"Senzor temperatura ulei HONDA CIVIC VI Fastback (MA, MB) 2.0 i TD (MB7) diesel 86 cai VEMO V20-72-0443 HONDA | VEMO - Autorival","twitter_description":"\u26a1 Senzor temperatura ulei HONDA CIVIC VI Fastback (MA, MB) 2.0 i TD (MB7) diesel 86 cai VEMO V20-72-0443 pentru HONDA la doar 62 RON. \u2713 Cod: V20-72-0443 \u2713 Brand: VEMO \u2713 \u00cen stoc \u2713 Livrare 24h \u2713 Garan\u021bie!","schema":{"@context":"https:\/\/schema.org","@graph":[{"@type":"WebPage","@id":"https:\/\/autorival.ro\/honda\/product\/senzor-temperatura-ulei-honda-civic-vi-fastback-ma-mb-2-0-i-td-mb7-diesel-86-cai-vemo-v20-72-0443\/","url":"https:\/\/autorival.ro\/honda\/product\/senzor-temperatura-ulei-honda-civic-vi-fastback-ma-mb-2-0-i-td-mb7-diesel-86-cai-vemo-v20-72-0443\/","name":"Senzor temperatura ulei HONDA CIVIC VI Fastback (MA, MB) 2.0 i TD (MB7) diesel 86 cai VEMO V20-72-0443 HONDA | VEMO - Autorival","isPartOf":{"@id":"https:\/\/autorival.ro\/honda\/#website"},"primaryImageOfPage":{"@id":"https:\/\/autorival.ro\/honda\/product\/senzor-temperatura-ulei-honda-civic-vi-fastback-ma-mb-2-0-i-td-mb7-diesel-86-cai-vemo-v20-72-0443\/#primaryimage"},"image":{"@id":"https:\/\/autorival.ro\/honda\/product\/senzor-temperatura-ulei-honda-civic-vi-fastback-ma-mb-2-0-i-td-mb7-diesel-86-cai-vemo-v20-72-0443\/#primaryimage"},"thumbnailUrl":"https:\/\/autorival.ro\/honda\/wp-content\/uploads\/sites\/11\/2025\/05\/v20-72-0443_02-1.jpg","datePublished":"2025-05-04T07:35:31+00:00","dateModified":"2025-05-04T07:35:32+00:00","description":"\u26a1 Senzor temperatura ulei HONDA CIVIC VI Fastback (MA, MB) 2.0 i TD (MB7) diesel 86 cai VEMO V20-72-0443 pentru HONDA la doar 62 RON. \u2713 Cod: V20-72-0443 \u2713 Brand: VEMO \u2713 \u00cen stoc \u2713 Livrare 24h \u2713 Garan\u021bie!","breadcrumb":{"@id":"https:\/\/autorival.ro\/honda\/product\/senzor-temperatura-ulei-honda-civic-vi-fastback-ma-mb-2-0-i-td-mb7-diesel-86-cai-vemo-v20-72-0443\/#breadcrumb"},"inLanguage":"en-US","potentialAction":[{"@type":"ReadAction","target":["https:\/\/autorival.ro\/honda\/product\/senzor-temperatura-ulei-honda-civic-vi-fastback-ma-mb-2-0-i-td-mb7-diesel-86-cai-vemo-v20-72-0443\/"]}]},{"@type":"ImageObject","inLanguage":"en-US","@id":"https:\/\/autorival.ro\/honda\/product\/senzor-temperatura-ulei-honda-civic-vi-fastback-ma-mb-2-0-i-td-mb7-diesel-86-cai-vemo-v20-72-0443\/#primaryimage","url":"https:\/\/autorival.ro\/honda\/wp-content\/uploads\/sites\/11\/2025\/05\/v20-72-0443_02-1.jpg","contentUrl":"https:\/\/autorival.ro\/honda\/wp-content\/uploads\/sites\/11\/2025\/05\/v20-72-0443_02-1.jpg","width":2499,"height":1666,"caption":"Senzor temperatura ulei HONDA CIVIC VI Fastback (MA, MB) 2.0 TDiC (MB7) diesel 101 cai VEMO V20-72-0443"},{"@type":"BreadcrumbList","@id":"https:\/\/autorival.ro\/honda\/product\/senzor-temperatura-ulei-honda-civic-vi-fastback-ma-mb-2-0-i-td-mb7-diesel-86-cai-vemo-v20-72-0443\/#breadcrumb","itemListElement":[{"@type":"ListItem","position":1,"name":"Prima pagin\u0103","item":"https:\/\/autorival.ro\/honda\/"},{"@type":"ListItem","position":2,"name":"Piese auto HONDA","item":"https:\/\/autorival.ro\/honda\/"},{"@type":"ListItem","position":3,"name":"Senzor temperatura ulei HONDA CIVIC VI Fastback (MA, MB) 2.0 i TD (MB7) diesel 86 cai VEMO V20-72-0443"}]},{"@type":"WebSite","@id":"https:\/\/autorival.ro\/honda\/#website","url":"https:\/\/autorival.ro\/honda\/","name":"HONDA","description":"","potentialAction":[{"@type":"SearchAction","target":{"@type":"EntryPoint","urlTemplate":"https:\/\/autorival.ro\/honda\/?s={search_term_string}"},"query-input":{"@type":"PropertyValueSpecification","valueRequired":true,"valueName":"search_term_string"}}],"inLanguage":"en-US"}]}},"_links":{"self":[{"href":"https:\/\/autorival.ro\/honda\/wp-json\/wp\/v2\/product\/137572","targetHints":{"allow":["GET"]}}],"collection":[{"href":"https:\/\/autorival.ro\/honda\/wp-json\/wp\/v2\/product"}],"about":[{"href":"https:\/\/autorival.ro\/honda\/wp-json\/wp\/v2\/types\/product"}],"replies":[{"embeddable":true,"href":"https:\/\/autorival.ro\/honda\/wp-json\/wp\/v2\/comments?post=137572"}],"wp:featuredmedia":[{"embeddable":true,"href":"https:\/\/autorival.ro\/honda\/wp-json\/wp\/v2\/media\/137568"}],"wp:attachment":[{"href":"https:\/\/autorival.ro\/honda\/wp-json\/wp\/v2\/media?parent=137572"}],"wp:term":[{"taxonomy":"product_brand","embeddable":true,"href":"https:\/\/autorival.ro\/honda\/wp-json\/wp\/v2\/product_brand?post=137572"},{"taxonomy":"product_cat","embeddable":true,"href":"https:\/\/autorival.ro\/honda\/wp-json\/wp\/v2\/product_cat?post=137572"},{"taxonomy":"product_tag","embeddable":true,"href":"https:\/\/autorival.ro\/honda\/wp-json\/wp\/v2\/product_tag?post=137572"}],"curies":[{"name":"wp","href":"https:\/\/api.w.org\/{rel}","templated":true}]}}