{"id":120914,"date":"2025-05-04T02:53:09","date_gmt":"2025-05-04T02:53:09","guid":{"rendered":"https:\/\/autorival.ro\/honda\/product\/placute-frana-honda-civic-vii-hatchback-eu-ep-ev-1-4-i-ep1-eu7-benzina-75-cai-lpr-05p508\/"},"modified":"2025-05-04T02:53:09","modified_gmt":"2025-05-04T02:53:09","slug":"placute-frana-honda-civic-vii-hatchback-eu-ep-ev-1-4-i-ep1-eu7-benzina-75-cai-lpr-05p508","status":"publish","type":"product","link":"https:\/\/autorival.ro\/honda\/product\/placute-frana-honda-civic-vii-hatchback-eu-ep-ev-1-4-i-ep1-eu7-benzina-75-cai-lpr-05p508\/","title":{"rendered":"Placute frana HONDA CIVIC VII Hatchback (EU, EP, EV) 1.4 i (EP1, EU7) benzina 75 cai LPR 05P508"},"content":{"rendered":"<p>Partea de montare: puntea spate ->Grosime [mm]: 14,6 ->Latime [mm]: 88,8\u00cenaltime [mm]: 47,5Num\u0103rul indicatorilor de uzur\u0103 [per ax\u0103]: 2Sistem de fr\u00e2nare: AKEBONO<\/p>\n","protected":false},"excerpt":{"rendered":"<p>Producator: LPR Cod producator: 05P508<\/p>\n","protected":false},"featured_media":120913,"comment_status":"open","ping_status":"closed","template":"","meta":[],"product_brand":[3500],"product_cat":[9027],"product_tag":[15281,15299,15302,15300,15280,15651,16032,15298],"class_list":{"0":"post-120914","1":"product","2":"type-product","3":"status-publish","4":"has-post-thumbnail","6":"product_brand-lpr","7":"product_cat-placute-frana-vii-hatchback-eu-ep-ev-1-4-i-ep1-eu7-benzina-75","8":"product_tag-civic","9":"product_tag-ep","10":"product_tag-eu","11":"product_tag-ev","12":"product_tag-honda","13":"product_tag-lpr","14":"product_tag-placute","15":"product_tag-vii","17":"first","18":"instock","19":"shipping-taxable","20":"purchasable","21":"product-type-simple"},"yoast_head":"<!-- This site is optimized with the Yoast SEO plugin v27.3 - https:\/\/yoast.com\/product\/yoast-seo-wordpress\/ -->\n<title>Placute frana HONDA CIVIC VII Hatchback (EU, EP, EV) 1.4 i (EP1, EU7) benzina 75 cai LPR 05P508 HONDA | LPR - Autorival<\/title>\n<meta name=\"description\" content=\"\u26a1 Placute frana HONDA CIVIC VII Hatchback (EU, EP, EV) 1.4 i (EP1, EU7) benzina 75 cai LPR 05P508 pentru HONDA la doar 80.07 RON. \u2713 Cod: 05P508 \u2713 Brand: LPR \u2713 \u00cen stoc \u2713 Livrare 24h \u2713 Garan\u021bie!\" \/>\n<meta name=\"robots\" content=\"index, follow, max-snippet:-1, max-image-preview:large, max-video-preview:-1\" \/>\n<meta property=\"og:locale\" content=\"en_US\" \/>\n<meta property=\"og:type\" content=\"article\" \/>\n<meta property=\"og:title\" content=\"Placute frana HONDA CIVIC VII Hatchback (EU, EP, EV) 1.4 i (EP1, EU7) benzina 75 cai LPR 05P508 HONDA | LPR - Autorival\" \/>\n<meta property=\"og:description\" content=\"\u26a1 Placute frana HONDA CIVIC VII Hatchback (EU, EP, EV) 1.4 i (EP1, EU7) benzina 75 cai LPR 05P508 pentru HONDA la doar 80.07 RON. \u2713 Cod: 05P508 \u2713 Brand: LPR \u2713 \u00cen stoc \u2713 Livrare 24h \u2713 Garan\u021bie!\" \/>\n<meta property=\"og:url\" content=\"https:\/\/autorival.ro\/honda\/product\/placute-frana-honda-civic-vii-hatchback-eu-ep-ev-1-4-i-ep1-eu7-benzina-75-cai-lpr-05p508\/\" \/>\n<meta property=\"og:site_name\" content=\"HONDA\" \/>\n<meta property=\"og:image\" content=\"https:\/\/autorival.ro\/honda\/wp-content\/uploads\/sites\/11\/2025\/05\/05p508-2.jpg\" \/>\n\t<meta property=\"og:image:width\" content=\"600\" \/>\n\t<meta property=\"og:image:height\" content=\"400\" \/>\n\t<meta property=\"og:image:type\" content=\"image\/jpeg\" \/>\n<meta name=\"twitter:card\" content=\"summary_large_image\" \/>\n<meta name=\"twitter:title\" content=\"Placute frana HONDA CIVIC VII Hatchback (EU, EP, EV) 1.4 i (EP1, EU7) benzina 75 cai LPR 05P508 HONDA | LPR - Autorival\" \/>\n<meta name=\"twitter:description\" content=\"\u26a1 Placute frana HONDA CIVIC VII Hatchback (EU, EP, EV) 1.4 i (EP1, EU7) benzina 75 cai LPR 05P508 pentru HONDA la doar 80.07 RON. \u2713 Cod: 05P508 \u2713 Brand: LPR \u2713 \u00cen stoc \u2713 Livrare 24h \u2713 Garan\u021bie!\" \/>\n<script type=\"application\/ld+json\" class=\"yoast-schema-graph\">{\"@context\":\"https:\\\/\\\/schema.org\",\"@graph\":[{\"@type\":\"WebPage\",\"@id\":\"https:\\\/\\\/autorival.ro\\\/honda\\\/product\\\/placute-frana-honda-civic-vii-hatchback-eu-ep-ev-1-4-i-ep1-eu7-benzina-75-cai-lpr-05p508\\\/\",\"url\":\"https:\\\/\\\/autorival.ro\\\/honda\\\/product\\\/placute-frana-honda-civic-vii-hatchback-eu-ep-ev-1-4-i-ep1-eu7-benzina-75-cai-lpr-05p508\\\/\",\"name\":\"Placute frana HONDA CIVIC VII Hatchback (EU, EP, EV) 1.4 i (EP1, EU7) benzina 75 cai LPR 05P508 HONDA | LPR - Autorival\",\"isPartOf\":{\"@id\":\"https:\\\/\\\/autorival.ro\\\/honda\\\/#website\"},\"primaryImageOfPage\":{\"@id\":\"https:\\\/\\\/autorival.ro\\\/honda\\\/product\\\/placute-frana-honda-civic-vii-hatchback-eu-ep-ev-1-4-i-ep1-eu7-benzina-75-cai-lpr-05p508\\\/#primaryimage\"},\"image\":{\"@id\":\"https:\\\/\\\/autorival.ro\\\/honda\\\/product\\\/placute-frana-honda-civic-vii-hatchback-eu-ep-ev-1-4-i-ep1-eu7-benzina-75-cai-lpr-05p508\\\/#primaryimage\"},\"thumbnailUrl\":\"https:\\\/\\\/autorival.ro\\\/honda\\\/wp-content\\\/uploads\\\/sites\\\/11\\\/2025\\\/05\\\/05p508-2.jpg\",\"datePublished\":\"2025-05-04T02:53:09+00:00\",\"description\":\"\u26a1 Placute frana HONDA CIVIC VII Hatchback (EU, EP, EV) 1.4 i (EP1, EU7) benzina 75 cai LPR 05P508 pentru HONDA la doar 80.07 RON. \u2713 Cod: 05P508 \u2713 Brand: LPR \u2713 \u00cen stoc \u2713 Livrare 24h \u2713 Garan\u021bie!\",\"breadcrumb\":{\"@id\":\"https:\\\/\\\/autorival.ro\\\/honda\\\/product\\\/placute-frana-honda-civic-vii-hatchback-eu-ep-ev-1-4-i-ep1-eu7-benzina-75-cai-lpr-05p508\\\/#breadcrumb\"},\"inLanguage\":\"en-US\",\"potentialAction\":[{\"@type\":\"ReadAction\",\"target\":[\"https:\\\/\\\/autorival.ro\\\/honda\\\/product\\\/placute-frana-honda-civic-vii-hatchback-eu-ep-ev-1-4-i-ep1-eu7-benzina-75-cai-lpr-05p508\\\/\"]}]},{\"@type\":\"ImageObject\",\"inLanguage\":\"en-US\",\"@id\":\"https:\\\/\\\/autorival.ro\\\/honda\\\/product\\\/placute-frana-honda-civic-vii-hatchback-eu-ep-ev-1-4-i-ep1-eu7-benzina-75-cai-lpr-05p508\\\/#primaryimage\",\"url\":\"https:\\\/\\\/autorival.ro\\\/honda\\\/wp-content\\\/uploads\\\/sites\\\/11\\\/2025\\\/05\\\/05p508-2.jpg\",\"contentUrl\":\"https:\\\/\\\/autorival.ro\\\/honda\\\/wp-content\\\/uploads\\\/sites\\\/11\\\/2025\\\/05\\\/05p508-2.jpg\",\"width\":600,\"height\":400,\"caption\":\"Placute frana HONDA CIVIC VII Hatchback (EU, EP, EV) 1.4 i (EP1, EU7) benzina 75 cai LPR 05P508\"},{\"@type\":\"BreadcrumbList\",\"@id\":\"https:\\\/\\\/autorival.ro\\\/honda\\\/product\\\/placute-frana-honda-civic-vii-hatchback-eu-ep-ev-1-4-i-ep1-eu7-benzina-75-cai-lpr-05p508\\\/#breadcrumb\",\"itemListElement\":[{\"@type\":\"ListItem\",\"position\":1,\"name\":\"Prima pagin\u0103\",\"item\":\"https:\\\/\\\/autorival.ro\\\/honda\\\/\"},{\"@type\":\"ListItem\",\"position\":2,\"name\":\"Piese auto HONDA\",\"item\":\"https:\\\/\\\/autorival.ro\\\/honda\\\/\"},{\"@type\":\"ListItem\",\"position\":3,\"name\":\"Placute frana HONDA CIVIC VII Hatchback (EU, EP, EV) 1.4 i (EP1, EU7) benzina 75 cai LPR 05P508\"}]},{\"@type\":\"WebSite\",\"@id\":\"https:\\\/\\\/autorival.ro\\\/honda\\\/#website\",\"url\":\"https:\\\/\\\/autorival.ro\\\/honda\\\/\",\"name\":\"HONDA\",\"description\":\"\",\"potentialAction\":[{\"@type\":\"SearchAction\",\"target\":{\"@type\":\"EntryPoint\",\"urlTemplate\":\"https:\\\/\\\/autorival.ro\\\/honda\\\/?s={search_term_string}\"},\"query-input\":{\"@type\":\"PropertyValueSpecification\",\"valueRequired\":true,\"valueName\":\"search_term_string\"}}],\"inLanguage\":\"en-US\"}]}<\/script>\n<!-- \/ Yoast SEO plugin. -->","yoast_head_json":{"title":"Placute frana HONDA CIVIC VII Hatchback (EU, EP, EV) 1.4 i (EP1, EU7) benzina 75 cai LPR 05P508 HONDA | LPR - Autorival","description":"\u26a1 Placute frana HONDA CIVIC VII Hatchback (EU, EP, EV) 1.4 i (EP1, EU7) benzina 75 cai LPR 05P508 pentru HONDA la doar 80.07 RON. \u2713 Cod: 05P508 \u2713 Brand: LPR \u2713 \u00cen stoc \u2713 Livrare 24h \u2713 Garan\u021bie!","robots":{"index":"index","follow":"follow","max-snippet":"max-snippet:-1","max-image-preview":"max-image-preview:large","max-video-preview":"max-video-preview:-1"},"og_locale":"en_US","og_type":"article","og_title":"Placute frana HONDA CIVIC VII Hatchback (EU, EP, EV) 1.4 i (EP1, EU7) benzina 75 cai LPR 05P508 HONDA | LPR - Autorival","og_description":"\u26a1 Placute frana HONDA CIVIC VII Hatchback (EU, EP, EV) 1.4 i (EP1, EU7) benzina 75 cai LPR 05P508 pentru HONDA la doar 80.07 RON. \u2713 Cod: 05P508 \u2713 Brand: LPR \u2713 \u00cen stoc \u2713 Livrare 24h \u2713 Garan\u021bie!","og_url":"https:\/\/autorival.ro\/honda\/product\/placute-frana-honda-civic-vii-hatchback-eu-ep-ev-1-4-i-ep1-eu7-benzina-75-cai-lpr-05p508\/","og_site_name":"HONDA","og_image":[{"width":600,"height":400,"url":"https:\/\/autorival.ro\/honda\/wp-content\/uploads\/sites\/11\/2025\/05\/05p508-2.jpg","type":"image\/jpeg"}],"twitter_card":"summary_large_image","twitter_title":"Placute frana HONDA CIVIC VII Hatchback (EU, EP, EV) 1.4 i (EP1, EU7) benzina 75 cai LPR 05P508 HONDA | LPR - Autorival","twitter_description":"\u26a1 Placute frana HONDA CIVIC VII Hatchback (EU, EP, EV) 1.4 i (EP1, EU7) benzina 75 cai LPR 05P508 pentru HONDA la doar 80.07 RON. \u2713 Cod: 05P508 \u2713 Brand: LPR \u2713 \u00cen stoc \u2713 Livrare 24h \u2713 Garan\u021bie!","schema":{"@context":"https:\/\/schema.org","@graph":[{"@type":"WebPage","@id":"https:\/\/autorival.ro\/honda\/product\/placute-frana-honda-civic-vii-hatchback-eu-ep-ev-1-4-i-ep1-eu7-benzina-75-cai-lpr-05p508\/","url":"https:\/\/autorival.ro\/honda\/product\/placute-frana-honda-civic-vii-hatchback-eu-ep-ev-1-4-i-ep1-eu7-benzina-75-cai-lpr-05p508\/","name":"Placute frana HONDA CIVIC VII Hatchback (EU, EP, EV) 1.4 i (EP1, EU7) benzina 75 cai LPR 05P508 HONDA | LPR - Autorival","isPartOf":{"@id":"https:\/\/autorival.ro\/honda\/#website"},"primaryImageOfPage":{"@id":"https:\/\/autorival.ro\/honda\/product\/placute-frana-honda-civic-vii-hatchback-eu-ep-ev-1-4-i-ep1-eu7-benzina-75-cai-lpr-05p508\/#primaryimage"},"image":{"@id":"https:\/\/autorival.ro\/honda\/product\/placute-frana-honda-civic-vii-hatchback-eu-ep-ev-1-4-i-ep1-eu7-benzina-75-cai-lpr-05p508\/#primaryimage"},"thumbnailUrl":"https:\/\/autorival.ro\/honda\/wp-content\/uploads\/sites\/11\/2025\/05\/05p508-2.jpg","datePublished":"2025-05-04T02:53:09+00:00","description":"\u26a1 Placute frana HONDA CIVIC VII Hatchback (EU, EP, EV) 1.4 i (EP1, EU7) benzina 75 cai LPR 05P508 pentru HONDA la doar 80.07 RON. \u2713 Cod: 05P508 \u2713 Brand: LPR \u2713 \u00cen stoc \u2713 Livrare 24h \u2713 Garan\u021bie!","breadcrumb":{"@id":"https:\/\/autorival.ro\/honda\/product\/placute-frana-honda-civic-vii-hatchback-eu-ep-ev-1-4-i-ep1-eu7-benzina-75-cai-lpr-05p508\/#breadcrumb"},"inLanguage":"en-US","potentialAction":[{"@type":"ReadAction","target":["https:\/\/autorival.ro\/honda\/product\/placute-frana-honda-civic-vii-hatchback-eu-ep-ev-1-4-i-ep1-eu7-benzina-75-cai-lpr-05p508\/"]}]},{"@type":"ImageObject","inLanguage":"en-US","@id":"https:\/\/autorival.ro\/honda\/product\/placute-frana-honda-civic-vii-hatchback-eu-ep-ev-1-4-i-ep1-eu7-benzina-75-cai-lpr-05p508\/#primaryimage","url":"https:\/\/autorival.ro\/honda\/wp-content\/uploads\/sites\/11\/2025\/05\/05p508-2.jpg","contentUrl":"https:\/\/autorival.ro\/honda\/wp-content\/uploads\/sites\/11\/2025\/05\/05p508-2.jpg","width":600,"height":400,"caption":"Placute frana HONDA CIVIC VII Hatchback (EU, EP, EV) 1.4 i (EP1, EU7) benzina 75 cai LPR 05P508"},{"@type":"BreadcrumbList","@id":"https:\/\/autorival.ro\/honda\/product\/placute-frana-honda-civic-vii-hatchback-eu-ep-ev-1-4-i-ep1-eu7-benzina-75-cai-lpr-05p508\/#breadcrumb","itemListElement":[{"@type":"ListItem","position":1,"name":"Prima pagin\u0103","item":"https:\/\/autorival.ro\/honda\/"},{"@type":"ListItem","position":2,"name":"Piese auto HONDA","item":"https:\/\/autorival.ro\/honda\/"},{"@type":"ListItem","position":3,"name":"Placute frana HONDA CIVIC VII Hatchback (EU, EP, EV) 1.4 i (EP1, EU7) benzina 75 cai LPR 05P508"}]},{"@type":"WebSite","@id":"https:\/\/autorival.ro\/honda\/#website","url":"https:\/\/autorival.ro\/honda\/","name":"HONDA","description":"","potentialAction":[{"@type":"SearchAction","target":{"@type":"EntryPoint","urlTemplate":"https:\/\/autorival.ro\/honda\/?s={search_term_string}"},"query-input":{"@type":"PropertyValueSpecification","valueRequired":true,"valueName":"search_term_string"}}],"inLanguage":"en-US"}]}},"_links":{"self":[{"href":"https:\/\/autorival.ro\/honda\/wp-json\/wp\/v2\/product\/120914","targetHints":{"allow":["GET"]}}],"collection":[{"href":"https:\/\/autorival.ro\/honda\/wp-json\/wp\/v2\/product"}],"about":[{"href":"https:\/\/autorival.ro\/honda\/wp-json\/wp\/v2\/types\/product"}],"replies":[{"embeddable":true,"href":"https:\/\/autorival.ro\/honda\/wp-json\/wp\/v2\/comments?post=120914"}],"wp:featuredmedia":[{"embeddable":true,"href":"https:\/\/autorival.ro\/honda\/wp-json\/wp\/v2\/media\/120913"}],"wp:attachment":[{"href":"https:\/\/autorival.ro\/honda\/wp-json\/wp\/v2\/media?parent=120914"}],"wp:term":[{"taxonomy":"product_brand","embeddable":true,"href":"https:\/\/autorival.ro\/honda\/wp-json\/wp\/v2\/product_brand?post=120914"},{"taxonomy":"product_cat","embeddable":true,"href":"https:\/\/autorival.ro\/honda\/wp-json\/wp\/v2\/product_cat?post=120914"},{"taxonomy":"product_tag","embeddable":true,"href":"https:\/\/autorival.ro\/honda\/wp-json\/wp\/v2\/product_tag?post=120914"}],"curies":[{"name":"wp","href":"https:\/\/api.w.org\/{rel}","templated":true}]}}