{"id":181819,"date":"2025-05-02T21:48:44","date_gmt":"2025-05-02T21:48:44","guid":{"rendered":"https:\/\/autorival.ro\/ford\/product\/set-reparatie-etrier-ford-ecosport-1-5-tdci-diesel-90-cai-quick-brake-114-5065\/"},"modified":"2025-05-02T21:48:45","modified_gmt":"2025-05-02T21:48:45","slug":"set-reparatie-etrier-ford-ecosport-1-5-tdci-diesel-90-cai-quick-brake-114-5065","status":"publish","type":"product","link":"https:\/\/autorival.ro\/ford\/product\/set-reparatie-etrier-ford-ecosport-1-5-tdci-diesel-90-cai-quick-brake-114-5065\/","title":{"rendered":"Set reparatie etrier FORD ECOSPORT 1.5 TDCi diesel 90 cai QUICK BRAKE 114-5065"},"content":{"rendered":"<p>Partea de montare: punte fataAn fabricatie pana la: 201710Sistem de fr\u00e2nare: ATEpentru grosime disc frana [mm]: 25Tip etrier fr\u00e2na: Etrier de fr\u00e2n\u0103 (1 piston) ->Diametru [mm]: 57Numar bucati pe osie: 2Articol extins\/Informatii de extindere: cu piston<\/p>\n","protected":false},"excerpt":{"rendered":"<p>Producator: QUICK BRAKE Cod producator: 114-5065<\/p>\n","protected":false},"featured_media":181717,"comment_status":"open","ping_status":"closed","template":"","meta":[],"product_brand":[16244],"product_cat":[16894],"product_tag":[17745,17198,17379,17197,17744,17884,17855,17206],"class_list":{"0":"post-181819","1":"product","2":"type-product","3":"status-publish","4":"has-post-thumbnail","6":"product_brand-quick-brake","7":"product_cat-set-reparatie-etrier-1-5-tdci-diesel-90","8":"product_tag-brake","9":"product_tag-ecosport","10":"product_tag-etrier","11":"product_tag-ford","12":"product_tag-quick","13":"product_tag-reparatie","14":"product_tag-set","15":"product_tag-tdc","17":"first","18":"instock","19":"shipping-taxable","20":"purchasable","21":"product-type-simple"},"yoast_head":"<!-- This site is optimized with the Yoast SEO plugin v27.3 - https:\/\/yoast.com\/product\/yoast-seo-wordpress\/ -->\n<title>Set reparatie etrier FORD ECOSPORT 1.5 TDCi diesel 90 cai QUICK BRAKE 114-5065 FORD | QUICK - Autorival<\/title>\n<meta name=\"description\" content=\"\u26a1 Set reparatie etrier FORD ECOSPORT 1.5 TDCi diesel 90 cai QUICK BRAKE 114-5065 pentru FORD la doar 80 RON. \u2713 Cod: 114-5065 \u2713 Brand: QUICK \u2713 \u00cen stoc \u2713 Livrare 24h \u2713 Garan\u021bie!\" \/>\n<meta name=\"robots\" content=\"index, follow, max-snippet:-1, max-image-preview:large, max-video-preview:-1\" \/>\n<meta property=\"og:locale\" content=\"en_US\" \/>\n<meta property=\"og:type\" content=\"article\" \/>\n<meta property=\"og:title\" content=\"Set reparatie etrier FORD ECOSPORT 1.5 TDCi diesel 90 cai QUICK BRAKE 114-5065 FORD | QUICK - Autorival\" \/>\n<meta property=\"og:description\" content=\"\u26a1 Set reparatie etrier FORD ECOSPORT 1.5 TDCi diesel 90 cai QUICK BRAKE 114-5065 pentru FORD la doar 80 RON. \u2713 Cod: 114-5065 \u2713 Brand: QUICK \u2713 \u00cen stoc \u2713 Livrare 24h \u2713 Garan\u021bie!\" \/>\n<meta property=\"og:url\" content=\"https:\/\/autorival.ro\/ford\/product\/set-reparatie-etrier-ford-ecosport-1-5-tdci-diesel-90-cai-quick-brake-114-5065\/\" \/>\n<meta property=\"og:site_name\" content=\"FORD\" \/>\n<meta property=\"article:modified_time\" content=\"2025-05-02T21:48:45+00:00\" \/>\n<meta property=\"og:image\" content=\"https:\/\/autorival.ro\/ford\/wp-content\/uploads\/sites\/3\/2025\/05\/114-5065.jpg\" \/>\n\t<meta property=\"og:image:width\" content=\"543\" \/>\n\t<meta property=\"og:image:height\" content=\"400\" \/>\n\t<meta property=\"og:image:type\" content=\"image\/jpeg\" \/>\n<meta name=\"twitter:card\" content=\"summary_large_image\" \/>\n<meta name=\"twitter:title\" content=\"Set reparatie etrier FORD ECOSPORT 1.5 TDCi diesel 90 cai QUICK BRAKE 114-5065 FORD | QUICK - Autorival\" \/>\n<meta name=\"twitter:description\" content=\"\u26a1 Set reparatie etrier FORD ECOSPORT 1.5 TDCi diesel 90 cai QUICK BRAKE 114-5065 pentru FORD la doar 80 RON. \u2713 Cod: 114-5065 \u2713 Brand: QUICK \u2713 \u00cen stoc \u2713 Livrare 24h \u2713 Garan\u021bie!\" \/>\n<script type=\"application\/ld+json\" class=\"yoast-schema-graph\">{\"@context\":\"https:\\\/\\\/schema.org\",\"@graph\":[{\"@type\":\"WebPage\",\"@id\":\"https:\\\/\\\/autorival.ro\\\/ford\\\/product\\\/set-reparatie-etrier-ford-ecosport-1-5-tdci-diesel-90-cai-quick-brake-114-5065\\\/\",\"url\":\"https:\\\/\\\/autorival.ro\\\/ford\\\/product\\\/set-reparatie-etrier-ford-ecosport-1-5-tdci-diesel-90-cai-quick-brake-114-5065\\\/\",\"name\":\"Set reparatie etrier FORD ECOSPORT 1.5 TDCi diesel 90 cai QUICK BRAKE 114-5065 FORD | QUICK - Autorival\",\"isPartOf\":{\"@id\":\"https:\\\/\\\/autorival.ro\\\/ford\\\/#website\"},\"primaryImageOfPage\":{\"@id\":\"https:\\\/\\\/autorival.ro\\\/ford\\\/product\\\/set-reparatie-etrier-ford-ecosport-1-5-tdci-diesel-90-cai-quick-brake-114-5065\\\/#primaryimage\"},\"image\":{\"@id\":\"https:\\\/\\\/autorival.ro\\\/ford\\\/product\\\/set-reparatie-etrier-ford-ecosport-1-5-tdci-diesel-90-cai-quick-brake-114-5065\\\/#primaryimage\"},\"thumbnailUrl\":\"https:\\\/\\\/autorival.ro\\\/ford\\\/wp-content\\\/uploads\\\/sites\\\/3\\\/2025\\\/05\\\/114-5065.jpg\",\"datePublished\":\"2025-05-02T21:48:44+00:00\",\"dateModified\":\"2025-05-02T21:48:45+00:00\",\"description\":\"\u26a1 Set reparatie etrier FORD ECOSPORT 1.5 TDCi diesel 90 cai QUICK BRAKE 114-5065 pentru FORD la doar 80 RON. \u2713 Cod: 114-5065 \u2713 Brand: QUICK \u2713 \u00cen stoc \u2713 Livrare 24h \u2713 Garan\u021bie!\",\"breadcrumb\":{\"@id\":\"https:\\\/\\\/autorival.ro\\\/ford\\\/product\\\/set-reparatie-etrier-ford-ecosport-1-5-tdci-diesel-90-cai-quick-brake-114-5065\\\/#breadcrumb\"},\"inLanguage\":\"en-US\",\"potentialAction\":[{\"@type\":\"ReadAction\",\"target\":[\"https:\\\/\\\/autorival.ro\\\/ford\\\/product\\\/set-reparatie-etrier-ford-ecosport-1-5-tdci-diesel-90-cai-quick-brake-114-5065\\\/\"]}]},{\"@type\":\"ImageObject\",\"inLanguage\":\"en-US\",\"@id\":\"https:\\\/\\\/autorival.ro\\\/ford\\\/product\\\/set-reparatie-etrier-ford-ecosport-1-5-tdci-diesel-90-cai-quick-brake-114-5065\\\/#primaryimage\",\"url\":\"https:\\\/\\\/autorival.ro\\\/ford\\\/wp-content\\\/uploads\\\/sites\\\/3\\\/2025\\\/05\\\/114-5065.jpg\",\"contentUrl\":\"https:\\\/\\\/autorival.ro\\\/ford\\\/wp-content\\\/uploads\\\/sites\\\/3\\\/2025\\\/05\\\/114-5065.jpg\",\"width\":543,\"height\":400,\"caption\":\"Set reparatie etrier FORD ECOSPORT 1.0 EcoBoost benzina 125 cai QUICK BRAKE 114-5065\"},{\"@type\":\"BreadcrumbList\",\"@id\":\"https:\\\/\\\/autorival.ro\\\/ford\\\/product\\\/set-reparatie-etrier-ford-ecosport-1-5-tdci-diesel-90-cai-quick-brake-114-5065\\\/#breadcrumb\",\"itemListElement\":[{\"@type\":\"ListItem\",\"position\":1,\"name\":\"Prima pagin\u0103\",\"item\":\"https:\\\/\\\/autorival.ro\\\/ford\\\/\"},{\"@type\":\"ListItem\",\"position\":2,\"name\":\"Piese auto FORD\",\"item\":\"https:\\\/\\\/autorival.ro\\\/ford\\\/\"},{\"@type\":\"ListItem\",\"position\":3,\"name\":\"Set reparatie etrier FORD ECOSPORT 1.5 TDCi diesel 90 cai QUICK BRAKE 114-5065\"}]},{\"@type\":\"WebSite\",\"@id\":\"https:\\\/\\\/autorival.ro\\\/ford\\\/#website\",\"url\":\"https:\\\/\\\/autorival.ro\\\/ford\\\/\",\"name\":\"FORD\",\"description\":\"\",\"potentialAction\":[{\"@type\":\"SearchAction\",\"target\":{\"@type\":\"EntryPoint\",\"urlTemplate\":\"https:\\\/\\\/autorival.ro\\\/ford\\\/?s={search_term_string}\"},\"query-input\":{\"@type\":\"PropertyValueSpecification\",\"valueRequired\":true,\"valueName\":\"search_term_string\"}}],\"inLanguage\":\"en-US\"}]}<\/script>\n<!-- \/ Yoast SEO plugin. -->","yoast_head_json":{"title":"Set reparatie etrier FORD ECOSPORT 1.5 TDCi diesel 90 cai QUICK BRAKE 114-5065 FORD | QUICK - Autorival","description":"\u26a1 Set reparatie etrier FORD ECOSPORT 1.5 TDCi diesel 90 cai QUICK BRAKE 114-5065 pentru FORD la doar 80 RON. \u2713 Cod: 114-5065 \u2713 Brand: QUICK \u2713 \u00cen stoc \u2713 Livrare 24h \u2713 Garan\u021bie!","robots":{"index":"index","follow":"follow","max-snippet":"max-snippet:-1","max-image-preview":"max-image-preview:large","max-video-preview":"max-video-preview:-1"},"og_locale":"en_US","og_type":"article","og_title":"Set reparatie etrier FORD ECOSPORT 1.5 TDCi diesel 90 cai QUICK BRAKE 114-5065 FORD | QUICK - Autorival","og_description":"\u26a1 Set reparatie etrier FORD ECOSPORT 1.5 TDCi diesel 90 cai QUICK BRAKE 114-5065 pentru FORD la doar 80 RON. \u2713 Cod: 114-5065 \u2713 Brand: QUICK \u2713 \u00cen stoc \u2713 Livrare 24h \u2713 Garan\u021bie!","og_url":"https:\/\/autorival.ro\/ford\/product\/set-reparatie-etrier-ford-ecosport-1-5-tdci-diesel-90-cai-quick-brake-114-5065\/","og_site_name":"FORD","article_modified_time":"2025-05-02T21:48:45+00:00","og_image":[{"width":543,"height":400,"url":"https:\/\/autorival.ro\/ford\/wp-content\/uploads\/sites\/3\/2025\/05\/114-5065.jpg","type":"image\/jpeg"}],"twitter_card":"summary_large_image","twitter_title":"Set reparatie etrier FORD ECOSPORT 1.5 TDCi diesel 90 cai QUICK BRAKE 114-5065 FORD | QUICK - Autorival","twitter_description":"\u26a1 Set reparatie etrier FORD ECOSPORT 1.5 TDCi diesel 90 cai QUICK BRAKE 114-5065 pentru FORD la doar 80 RON. \u2713 Cod: 114-5065 \u2713 Brand: QUICK \u2713 \u00cen stoc \u2713 Livrare 24h \u2713 Garan\u021bie!","schema":{"@context":"https:\/\/schema.org","@graph":[{"@type":"WebPage","@id":"https:\/\/autorival.ro\/ford\/product\/set-reparatie-etrier-ford-ecosport-1-5-tdci-diesel-90-cai-quick-brake-114-5065\/","url":"https:\/\/autorival.ro\/ford\/product\/set-reparatie-etrier-ford-ecosport-1-5-tdci-diesel-90-cai-quick-brake-114-5065\/","name":"Set reparatie etrier FORD ECOSPORT 1.5 TDCi diesel 90 cai QUICK BRAKE 114-5065 FORD | QUICK - Autorival","isPartOf":{"@id":"https:\/\/autorival.ro\/ford\/#website"},"primaryImageOfPage":{"@id":"https:\/\/autorival.ro\/ford\/product\/set-reparatie-etrier-ford-ecosport-1-5-tdci-diesel-90-cai-quick-brake-114-5065\/#primaryimage"},"image":{"@id":"https:\/\/autorival.ro\/ford\/product\/set-reparatie-etrier-ford-ecosport-1-5-tdci-diesel-90-cai-quick-brake-114-5065\/#primaryimage"},"thumbnailUrl":"https:\/\/autorival.ro\/ford\/wp-content\/uploads\/sites\/3\/2025\/05\/114-5065.jpg","datePublished":"2025-05-02T21:48:44+00:00","dateModified":"2025-05-02T21:48:45+00:00","description":"\u26a1 Set reparatie etrier FORD ECOSPORT 1.5 TDCi diesel 90 cai QUICK BRAKE 114-5065 pentru FORD la doar 80 RON. \u2713 Cod: 114-5065 \u2713 Brand: QUICK \u2713 \u00cen stoc \u2713 Livrare 24h \u2713 Garan\u021bie!","breadcrumb":{"@id":"https:\/\/autorival.ro\/ford\/product\/set-reparatie-etrier-ford-ecosport-1-5-tdci-diesel-90-cai-quick-brake-114-5065\/#breadcrumb"},"inLanguage":"en-US","potentialAction":[{"@type":"ReadAction","target":["https:\/\/autorival.ro\/ford\/product\/set-reparatie-etrier-ford-ecosport-1-5-tdci-diesel-90-cai-quick-brake-114-5065\/"]}]},{"@type":"ImageObject","inLanguage":"en-US","@id":"https:\/\/autorival.ro\/ford\/product\/set-reparatie-etrier-ford-ecosport-1-5-tdci-diesel-90-cai-quick-brake-114-5065\/#primaryimage","url":"https:\/\/autorival.ro\/ford\/wp-content\/uploads\/sites\/3\/2025\/05\/114-5065.jpg","contentUrl":"https:\/\/autorival.ro\/ford\/wp-content\/uploads\/sites\/3\/2025\/05\/114-5065.jpg","width":543,"height":400,"caption":"Set reparatie etrier FORD ECOSPORT 1.0 EcoBoost benzina 125 cai QUICK BRAKE 114-5065"},{"@type":"BreadcrumbList","@id":"https:\/\/autorival.ro\/ford\/product\/set-reparatie-etrier-ford-ecosport-1-5-tdci-diesel-90-cai-quick-brake-114-5065\/#breadcrumb","itemListElement":[{"@type":"ListItem","position":1,"name":"Prima pagin\u0103","item":"https:\/\/autorival.ro\/ford\/"},{"@type":"ListItem","position":2,"name":"Piese auto FORD","item":"https:\/\/autorival.ro\/ford\/"},{"@type":"ListItem","position":3,"name":"Set reparatie etrier FORD ECOSPORT 1.5 TDCi diesel 90 cai QUICK BRAKE 114-5065"}]},{"@type":"WebSite","@id":"https:\/\/autorival.ro\/ford\/#website","url":"https:\/\/autorival.ro\/ford\/","name":"FORD","description":"","potentialAction":[{"@type":"SearchAction","target":{"@type":"EntryPoint","urlTemplate":"https:\/\/autorival.ro\/ford\/?s={search_term_string}"},"query-input":{"@type":"PropertyValueSpecification","valueRequired":true,"valueName":"search_term_string"}}],"inLanguage":"en-US"}]}},"_links":{"self":[{"href":"https:\/\/autorival.ro\/ford\/wp-json\/wp\/v2\/product\/181819","targetHints":{"allow":["GET"]}}],"collection":[{"href":"https:\/\/autorival.ro\/ford\/wp-json\/wp\/v2\/product"}],"about":[{"href":"https:\/\/autorival.ro\/ford\/wp-json\/wp\/v2\/types\/product"}],"replies":[{"embeddable":true,"href":"https:\/\/autorival.ro\/ford\/wp-json\/wp\/v2\/comments?post=181819"}],"wp:featuredmedia":[{"embeddable":true,"href":"https:\/\/autorival.ro\/ford\/wp-json\/wp\/v2\/media\/181717"}],"wp:attachment":[{"href":"https:\/\/autorival.ro\/ford\/wp-json\/wp\/v2\/media?parent=181819"}],"wp:term":[{"taxonomy":"product_brand","embeddable":true,"href":"https:\/\/autorival.ro\/ford\/wp-json\/wp\/v2\/product_brand?post=181819"},{"taxonomy":"product_cat","embeddable":true,"href":"https:\/\/autorival.ro\/ford\/wp-json\/wp\/v2\/product_cat?post=181819"},{"taxonomy":"product_tag","embeddable":true,"href":"https:\/\/autorival.ro\/ford\/wp-json\/wp\/v2\/product_tag?post=181819"}],"curies":[{"name":"wp","href":"https:\/\/api.w.org\/{rel}","templated":true}]}}