{"id":181680,"date":"2025-05-02T21:47:44","date_gmt":"2025-05-02T21:47:44","guid":{"rendered":"https:\/\/autorival.ro\/ford\/product\/set-reparat-cabluri-sonda-lambda-ford-ecosport-2-0-ti-vct-4x4-benzina-150-cai-herth-buss-elparts-51277251\/"},"modified":"2025-10-04T09:19:18","modified_gmt":"2025-10-04T09:19:18","slug":"set-reparat-cabluri-sonda-lambda-ford-ecosport-2-0-ti-vct-4x4-benzina-150-cai-herth-buss-elparts-51277251","status":"publish","type":"product","link":"https:\/\/autorival.ro\/ford\/product\/set-reparat-cabluri-sonda-lambda-ford-ecosport-2-0-ti-vct-4x4-benzina-150-cai-herth-buss-elparts-51277251\/","title":{"rendered":"Set reparat cabluri sonda Lambda FORD ECOSPORT 2.0 Ti-VCT 4&#215;4 benzina 150 cai HERTH BUSS ELPARTS 51277251"},"content":{"rendered":"<p>Restrictiile producatorului: FiatArticol extins\/Informatii de extindere: cu carcasa element contactor, cu garnituriArticol completare\/Info suplimentar 2: cu legaturaNum\u0103rul conexiunilor cu muf\u0103: 6Sectiunea cablului [mm\u00c3\u201a\u00c2\u00b2]: 0,75 ->Lungime cablu [mm]: 200Temperatura de la [\u00c3\u201a\u00c2\u00b0C]: -25Pana la domeniul de temperatura [\u00c3\u201a\u00c2\u00b0C]: +140Material izolare: SiliconDeconectare carcasa stecher: Carcasa bucsa stecher<\/p>\n","protected":false},"excerpt":{"rendered":"<p>Producator: HERTH BUSS ELPARTS Cod producator: 51277251<\/p>\n","protected":false},"featured_media":181674,"comment_status":"open","ping_status":"closed","template":"","meta":[],"product_brand":[15149],"product_cat":[16888],"product_tag":[17214,17707,17198,17215,17197,17213,17706,17855],"class_list":{"0":"post-181680","1":"product","2":"type-product","3":"status-publish","4":"has-post-thumbnail","6":"product_brand-herth-buss-elparts","7":"product_cat-set-reparat-cabluri-sonda-lambda-2-0-ti-vct-4x4-benzina-150","8":"product_tag-buss","9":"product_tag-cabluri","10":"product_tag-ecosport","11":"product_tag-elparts","12":"product_tag-ford","13":"product_tag-herth","14":"product_tag-reparat","15":"product_tag-set","17":"first","18":"instock","19":"shipping-taxable","20":"purchasable","21":"product-type-simple"},"yoast_head":"<!-- This site is optimized with the Yoast SEO plugin v27.3 - https:\/\/yoast.com\/product\/yoast-seo-wordpress\/ -->\n<title>FORD | Set reparat cabluri sonda Lambda | Set reparat cabluri sonda\u2026<\/title>\n<meta name=\"description\" content=\"Set reparat cabluri sonda Lambda FORD ECOSPORT 2.0 Ti-VCT 4&#215;4 benzina 150 cai HERTH BUSS ELPARTS 51277251 din categoria Set reparat cabluri sonda\u2026\" \/>\n<meta name=\"robots\" content=\"index, follow, max-snippet:-1, max-image-preview:large, max-video-preview:-1\" \/>\n<meta property=\"og:locale\" content=\"en_US\" \/>\n<meta property=\"og:type\" content=\"article\" \/>\n<meta property=\"og:title\" content=\"FORD | Set reparat cabluri sonda Lambda | Set reparat cabluri sonda\u2026\" \/>\n<meta property=\"og:description\" content=\"Set reparat cabluri sonda Lambda FORD ECOSPORT 2.0 Ti-VCT 4&#215;4 benzina 150 cai HERTH BUSS ELPARTS 51277251 din categoria Set reparat cabluri sonda\u2026\" \/>\n<meta property=\"og:url\" content=\"https:\/\/autorival.ro\/ford\/product\/set-reparat-cabluri-sonda-lambda-ford-ecosport-2-0-ti-vct-4x4-benzina-150-cai-herth-buss-elparts-51277251\/\" \/>\n<meta property=\"og:site_name\" content=\"FORD\" \/>\n<meta property=\"article:modified_time\" content=\"2025-10-04T09:19:18+00:00\" \/>\n<meta property=\"og:image\" content=\"https:\/\/autorival.ro\/ford\/wp-content\/uploads\/sites\/3\/2025\/05\/51277251.jpg\" \/>\n\t<meta property=\"og:image:width\" content=\"548\" \/>\n\t<meta property=\"og:image:height\" content=\"400\" \/>\n\t<meta property=\"og:image:type\" content=\"image\/jpeg\" \/>\n<meta name=\"twitter:card\" content=\"summary_large_image\" \/>\n<script type=\"application\/ld+json\" class=\"yoast-schema-graph\">{\"@context\":\"https:\\\/\\\/schema.org\",\"@graph\":[{\"@type\":\"WebPage\",\"@id\":\"https:\\\/\\\/autorival.ro\\\/ford\\\/product\\\/set-reparat-cabluri-sonda-lambda-ford-ecosport-2-0-ti-vct-4x4-benzina-150-cai-herth-buss-elparts-51277251\\\/\",\"url\":\"https:\\\/\\\/autorival.ro\\\/ford\\\/product\\\/set-reparat-cabluri-sonda-lambda-ford-ecosport-2-0-ti-vct-4x4-benzina-150-cai-herth-buss-elparts-51277251\\\/\",\"name\":\"FORD | Set reparat cabluri sonda Lambda | Set reparat cabluri sonda\u2026\",\"isPartOf\":{\"@id\":\"https:\\\/\\\/autorival.ro\\\/ford\\\/#website\"},\"primaryImageOfPage\":{\"@id\":\"https:\\\/\\\/autorival.ro\\\/ford\\\/product\\\/set-reparat-cabluri-sonda-lambda-ford-ecosport-2-0-ti-vct-4x4-benzina-150-cai-herth-buss-elparts-51277251\\\/#primaryimage\"},\"image\":{\"@id\":\"https:\\\/\\\/autorival.ro\\\/ford\\\/product\\\/set-reparat-cabluri-sonda-lambda-ford-ecosport-2-0-ti-vct-4x4-benzina-150-cai-herth-buss-elparts-51277251\\\/#primaryimage\"},\"thumbnailUrl\":\"https:\\\/\\\/autorival.ro\\\/ford\\\/wp-content\\\/uploads\\\/sites\\\/3\\\/2025\\\/05\\\/51277251.jpg\",\"datePublished\":\"2025-05-02T21:47:44+00:00\",\"dateModified\":\"2025-10-04T09:19:18+00:00\",\"description\":\"Set reparat cabluri sonda Lambda FORD ECOSPORT 2.0 Ti-VCT 4&#215;4 benzina 150 cai HERTH BUSS ELPARTS 51277251 din categoria Set reparat cabluri sonda\u2026\",\"breadcrumb\":{\"@id\":\"https:\\\/\\\/autorival.ro\\\/ford\\\/product\\\/set-reparat-cabluri-sonda-lambda-ford-ecosport-2-0-ti-vct-4x4-benzina-150-cai-herth-buss-elparts-51277251\\\/#breadcrumb\"},\"inLanguage\":\"en-US\",\"potentialAction\":[{\"@type\":\"ReadAction\",\"target\":[\"https:\\\/\\\/autorival.ro\\\/ford\\\/product\\\/set-reparat-cabluri-sonda-lambda-ford-ecosport-2-0-ti-vct-4x4-benzina-150-cai-herth-buss-elparts-51277251\\\/\"]}]},{\"@type\":\"ImageObject\",\"inLanguage\":\"en-US\",\"@id\":\"https:\\\/\\\/autorival.ro\\\/ford\\\/product\\\/set-reparat-cabluri-sonda-lambda-ford-ecosport-2-0-ti-vct-4x4-benzina-150-cai-herth-buss-elparts-51277251\\\/#primaryimage\",\"url\":\"https:\\\/\\\/autorival.ro\\\/ford\\\/wp-content\\\/uploads\\\/sites\\\/3\\\/2025\\\/05\\\/51277251.jpg\",\"contentUrl\":\"https:\\\/\\\/autorival.ro\\\/ford\\\/wp-content\\\/uploads\\\/sites\\\/3\\\/2025\\\/05\\\/51277251.jpg\",\"width\":548,\"height\":400,\"caption\":\"Set reparat cabluri sonda Lambda FORD ECOSPORT 1.0 EcoBoost benzina 95 cai HERTH BUSS ELPARTS 51277251\"},{\"@type\":\"BreadcrumbList\",\"@id\":\"https:\\\/\\\/autorival.ro\\\/ford\\\/product\\\/set-reparat-cabluri-sonda-lambda-ford-ecosport-2-0-ti-vct-4x4-benzina-150-cai-herth-buss-elparts-51277251\\\/#breadcrumb\",\"itemListElement\":[{\"@type\":\"ListItem\",\"position\":1,\"name\":\"Prima pagin\u0103\",\"item\":\"https:\\\/\\\/autorival.ro\\\/ford\\\/\"},{\"@type\":\"ListItem\",\"position\":2,\"name\":\"Piese auto FORD\",\"item\":\"https:\\\/\\\/autorival.ro\\\/ford\\\/\"},{\"@type\":\"ListItem\",\"position\":3,\"name\":\"Set reparat cabluri sonda Lambda FORD ECOSPORT 2.0 Ti-VCT 4&#215;4 benzina 150 cai HERTH BUSS ELPARTS 51277251\"}]},{\"@type\":\"WebSite\",\"@id\":\"https:\\\/\\\/autorival.ro\\\/ford\\\/#website\",\"url\":\"https:\\\/\\\/autorival.ro\\\/ford\\\/\",\"name\":\"FORD\",\"description\":\"\",\"potentialAction\":[{\"@type\":\"SearchAction\",\"target\":{\"@type\":\"EntryPoint\",\"urlTemplate\":\"https:\\\/\\\/autorival.ro\\\/ford\\\/?s={search_term_string}\"},\"query-input\":{\"@type\":\"PropertyValueSpecification\",\"valueRequired\":true,\"valueName\":\"search_term_string\"}}],\"inLanguage\":\"en-US\"}]}<\/script>\n<!-- \/ Yoast SEO plugin. -->","yoast_head_json":{"title":"FORD | Set reparat cabluri sonda Lambda | Set reparat cabluri sonda\u2026","description":"Set reparat cabluri sonda Lambda FORD ECOSPORT 2.0 Ti-VCT 4&#215;4 benzina 150 cai HERTH BUSS ELPARTS 51277251 din categoria Set reparat cabluri sonda\u2026","robots":{"index":"index","follow":"follow","max-snippet":"max-snippet:-1","max-image-preview":"max-image-preview:large","max-video-preview":"max-video-preview:-1"},"og_locale":"en_US","og_type":"article","og_title":"FORD | Set reparat cabluri sonda Lambda | Set reparat cabluri sonda\u2026","og_description":"Set reparat cabluri sonda Lambda FORD ECOSPORT 2.0 Ti-VCT 4&#215;4 benzina 150 cai HERTH BUSS ELPARTS 51277251 din categoria Set reparat cabluri sonda\u2026","og_url":"https:\/\/autorival.ro\/ford\/product\/set-reparat-cabluri-sonda-lambda-ford-ecosport-2-0-ti-vct-4x4-benzina-150-cai-herth-buss-elparts-51277251\/","og_site_name":"FORD","article_modified_time":"2025-10-04T09:19:18+00:00","og_image":[{"width":548,"height":400,"url":"https:\/\/autorival.ro\/ford\/wp-content\/uploads\/sites\/3\/2025\/05\/51277251.jpg","type":"image\/jpeg"}],"twitter_card":"summary_large_image","schema":{"@context":"https:\/\/schema.org","@graph":[{"@type":"WebPage","@id":"https:\/\/autorival.ro\/ford\/product\/set-reparat-cabluri-sonda-lambda-ford-ecosport-2-0-ti-vct-4x4-benzina-150-cai-herth-buss-elparts-51277251\/","url":"https:\/\/autorival.ro\/ford\/product\/set-reparat-cabluri-sonda-lambda-ford-ecosport-2-0-ti-vct-4x4-benzina-150-cai-herth-buss-elparts-51277251\/","name":"FORD | Set reparat cabluri sonda Lambda | Set reparat cabluri sonda\u2026","isPartOf":{"@id":"https:\/\/autorival.ro\/ford\/#website"},"primaryImageOfPage":{"@id":"https:\/\/autorival.ro\/ford\/product\/set-reparat-cabluri-sonda-lambda-ford-ecosport-2-0-ti-vct-4x4-benzina-150-cai-herth-buss-elparts-51277251\/#primaryimage"},"image":{"@id":"https:\/\/autorival.ro\/ford\/product\/set-reparat-cabluri-sonda-lambda-ford-ecosport-2-0-ti-vct-4x4-benzina-150-cai-herth-buss-elparts-51277251\/#primaryimage"},"thumbnailUrl":"https:\/\/autorival.ro\/ford\/wp-content\/uploads\/sites\/3\/2025\/05\/51277251.jpg","datePublished":"2025-05-02T21:47:44+00:00","dateModified":"2025-10-04T09:19:18+00:00","description":"Set reparat cabluri sonda Lambda FORD ECOSPORT 2.0 Ti-VCT 4&#215;4 benzina 150 cai HERTH BUSS ELPARTS 51277251 din categoria Set reparat cabluri sonda\u2026","breadcrumb":{"@id":"https:\/\/autorival.ro\/ford\/product\/set-reparat-cabluri-sonda-lambda-ford-ecosport-2-0-ti-vct-4x4-benzina-150-cai-herth-buss-elparts-51277251\/#breadcrumb"},"inLanguage":"en-US","potentialAction":[{"@type":"ReadAction","target":["https:\/\/autorival.ro\/ford\/product\/set-reparat-cabluri-sonda-lambda-ford-ecosport-2-0-ti-vct-4x4-benzina-150-cai-herth-buss-elparts-51277251\/"]}]},{"@type":"ImageObject","inLanguage":"en-US","@id":"https:\/\/autorival.ro\/ford\/product\/set-reparat-cabluri-sonda-lambda-ford-ecosport-2-0-ti-vct-4x4-benzina-150-cai-herth-buss-elparts-51277251\/#primaryimage","url":"https:\/\/autorival.ro\/ford\/wp-content\/uploads\/sites\/3\/2025\/05\/51277251.jpg","contentUrl":"https:\/\/autorival.ro\/ford\/wp-content\/uploads\/sites\/3\/2025\/05\/51277251.jpg","width":548,"height":400,"caption":"Set reparat cabluri sonda Lambda FORD ECOSPORT 1.0 EcoBoost benzina 95 cai HERTH BUSS ELPARTS 51277251"},{"@type":"BreadcrumbList","@id":"https:\/\/autorival.ro\/ford\/product\/set-reparat-cabluri-sonda-lambda-ford-ecosport-2-0-ti-vct-4x4-benzina-150-cai-herth-buss-elparts-51277251\/#breadcrumb","itemListElement":[{"@type":"ListItem","position":1,"name":"Prima pagin\u0103","item":"https:\/\/autorival.ro\/ford\/"},{"@type":"ListItem","position":2,"name":"Piese auto FORD","item":"https:\/\/autorival.ro\/ford\/"},{"@type":"ListItem","position":3,"name":"Set reparat cabluri sonda Lambda FORD ECOSPORT 2.0 Ti-VCT 4&#215;4 benzina 150 cai HERTH BUSS ELPARTS 51277251"}]},{"@type":"WebSite","@id":"https:\/\/autorival.ro\/ford\/#website","url":"https:\/\/autorival.ro\/ford\/","name":"FORD","description":"","potentialAction":[{"@type":"SearchAction","target":{"@type":"EntryPoint","urlTemplate":"https:\/\/autorival.ro\/ford\/?s={search_term_string}"},"query-input":{"@type":"PropertyValueSpecification","valueRequired":true,"valueName":"search_term_string"}}],"inLanguage":"en-US"}]}},"_links":{"self":[{"href":"https:\/\/autorival.ro\/ford\/wp-json\/wp\/v2\/product\/181680","targetHints":{"allow":["GET"]}}],"collection":[{"href":"https:\/\/autorival.ro\/ford\/wp-json\/wp\/v2\/product"}],"about":[{"href":"https:\/\/autorival.ro\/ford\/wp-json\/wp\/v2\/types\/product"}],"replies":[{"embeddable":true,"href":"https:\/\/autorival.ro\/ford\/wp-json\/wp\/v2\/comments?post=181680"}],"wp:featuredmedia":[{"embeddable":true,"href":"https:\/\/autorival.ro\/ford\/wp-json\/wp\/v2\/media\/181674"}],"wp:attachment":[{"href":"https:\/\/autorival.ro\/ford\/wp-json\/wp\/v2\/media?parent=181680"}],"wp:term":[{"taxonomy":"product_brand","embeddable":true,"href":"https:\/\/autorival.ro\/ford\/wp-json\/wp\/v2\/product_brand?post=181680"},{"taxonomy":"product_cat","embeddable":true,"href":"https:\/\/autorival.ro\/ford\/wp-json\/wp\/v2\/product_cat?post=181680"},{"taxonomy":"product_tag","embeddable":true,"href":"https:\/\/autorival.ro\/ford\/wp-json\/wp\/v2\/product_tag?post=181680"}],"curies":[{"name":"wp","href":"https:\/\/api.w.org\/{rel}","templated":true}]}}