{"id":174428,"date":"2025-05-02T20:54:53","date_gmt":"2025-05-02T20:54:53","guid":{"rendered":"https:\/\/autorival.ro\/ford\/product\/filtru-polen-ford-ecosport-1-5-tdci-ecoblue-diesel-125-cai-bosch-1-987-432-415\/"},"modified":"2025-05-02T20:54:53","modified_gmt":"2025-05-02T20:54:53","slug":"filtru-polen-ford-ecosport-1-5-tdci-ecoblue-diesel-125-cai-bosch-1-987-432-415","status":"publish","type":"product","link":"https:\/\/autorival.ro\/ford\/product\/filtru-polen-ford-ecosport-1-5-tdci-ecoblue-diesel-125-cai-bosch-1-987-432-415\/","title":{"rendered":"Filtru polen FORD ECOSPORT 1.5 TDCi EcoBlue diesel 125 cai BOSCH 1 987 432 415"},"content":{"rendered":"<p>Tip filtru: Filtru carbon activ ->Lungime [mm]: 239 ->Latime [mm]: 190\u00cenaltime [mm]: 20Calitate: 1Versiunea de baz\u0103 (nr. art.): 1987432215Eficien\u021b\u0103 \u00eenalt\u0103 versiunea cu c\u0103rbune activ (nr. art.): 0986628607<\/p>\n","protected":false},"excerpt":{"rendered":"<p>Producator: BOSCH Cod producator: 1 987 432 415<\/p>\n","protected":false},"featured_media":173834,"comment_status":"open","ping_status":"closed","template":"","meta":[],"product_brand":[15153],"product_cat":[15946],"product_tag":[17218,17198,17562,17197,17609,17206],"class_list":{"0":"post-174428","1":"product","2":"type-product","3":"status-publish","4":"has-post-thumbnail","6":"product_brand-bosch","7":"product_cat-filtru-polen-1-5-tdci-ecoblue-diesel-125","8":"product_tag-bosch","9":"product_tag-ecosport","10":"product_tag-filtru","11":"product_tag-ford","12":"product_tag-polen","13":"product_tag-tdc","15":"first","16":"instock","17":"shipping-taxable","18":"purchasable","19":"product-type-simple"},"yoast_head":"<!-- This site is optimized with the Yoast SEO plugin v27.3 - https:\/\/yoast.com\/product\/yoast-seo-wordpress\/ -->\n<title>FORD | Filtru polen | Filtru polen FORD ECOSPORT 1.5 TDCi EcoBlue\u2026<\/title>\n<meta name=\"description\" content=\"Filtru polen FORD ECOSPORT 1.5 TDCi EcoBlue diesel 125 cai BOSCH 1 987 432 415 din categoria Filtru polen la FORD. Piese auto originale, calitate\u2026\" \/>\n<meta name=\"robots\" content=\"index, follow, max-snippet:-1, max-image-preview:large, max-video-preview:-1\" \/>\n<meta property=\"og:locale\" content=\"en_US\" \/>\n<meta property=\"og:type\" content=\"article\" \/>\n<meta property=\"og:title\" content=\"FORD | Filtru polen | Filtru polen FORD ECOSPORT 1.5 TDCi EcoBlue\u2026\" \/>\n<meta property=\"og:description\" content=\"Filtru polen FORD ECOSPORT 1.5 TDCi EcoBlue diesel 125 cai BOSCH 1 987 432 415 din categoria Filtru polen la FORD. Piese auto originale, calitate\u2026\" \/>\n<meta property=\"og:url\" content=\"https:\/\/autorival.ro\/ford\/product\/filtru-polen-ford-ecosport-1-5-tdci-ecoblue-diesel-125-cai-bosch-1-987-432-415\/\" \/>\n<meta property=\"og:site_name\" content=\"FORD\" \/>\n<meta property=\"og:image\" content=\"https:\/\/autorival.ro\/ford\/wp-content\/uploads\/sites\/3\/2025\/05\/1987432415ph01whco0000.jpg\" \/>\n\t<meta property=\"og:image:width\" content=\"1280\" \/>\n\t<meta property=\"og:image:height\" content=\"960\" \/>\n\t<meta property=\"og:image:type\" content=\"image\/jpeg\" \/>\n<meta name=\"twitter:card\" content=\"summary_large_image\" \/>\n<script type=\"application\/ld+json\" class=\"yoast-schema-graph\">{\"@context\":\"https:\\\/\\\/schema.org\",\"@graph\":[{\"@type\":\"WebPage\",\"@id\":\"https:\\\/\\\/autorival.ro\\\/ford\\\/product\\\/filtru-polen-ford-ecosport-1-5-tdci-ecoblue-diesel-125-cai-bosch-1-987-432-415\\\/\",\"url\":\"https:\\\/\\\/autorival.ro\\\/ford\\\/product\\\/filtru-polen-ford-ecosport-1-5-tdci-ecoblue-diesel-125-cai-bosch-1-987-432-415\\\/\",\"name\":\"FORD | Filtru polen | Filtru polen FORD ECOSPORT 1.5 TDCi EcoBlue\u2026\",\"isPartOf\":{\"@id\":\"https:\\\/\\\/autorival.ro\\\/ford\\\/#website\"},\"primaryImageOfPage\":{\"@id\":\"https:\\\/\\\/autorival.ro\\\/ford\\\/product\\\/filtru-polen-ford-ecosport-1-5-tdci-ecoblue-diesel-125-cai-bosch-1-987-432-415\\\/#primaryimage\"},\"image\":{\"@id\":\"https:\\\/\\\/autorival.ro\\\/ford\\\/product\\\/filtru-polen-ford-ecosport-1-5-tdci-ecoblue-diesel-125-cai-bosch-1-987-432-415\\\/#primaryimage\"},\"thumbnailUrl\":\"https:\\\/\\\/autorival.ro\\\/ford\\\/wp-content\\\/uploads\\\/sites\\\/3\\\/2025\\\/05\\\/1987432415ph01whco0000.jpg\",\"datePublished\":\"2025-05-02T20:54:53+00:00\",\"description\":\"Filtru polen FORD ECOSPORT 1.5 TDCi EcoBlue diesel 125 cai BOSCH 1 987 432 415 din categoria Filtru polen la FORD. Piese auto originale, calitate\u2026\",\"breadcrumb\":{\"@id\":\"https:\\\/\\\/autorival.ro\\\/ford\\\/product\\\/filtru-polen-ford-ecosport-1-5-tdci-ecoblue-diesel-125-cai-bosch-1-987-432-415\\\/#breadcrumb\"},\"inLanguage\":\"en-US\",\"potentialAction\":[{\"@type\":\"ReadAction\",\"target\":[\"https:\\\/\\\/autorival.ro\\\/ford\\\/product\\\/filtru-polen-ford-ecosport-1-5-tdci-ecoblue-diesel-125-cai-bosch-1-987-432-415\\\/\"]}]},{\"@type\":\"ImageObject\",\"inLanguage\":\"en-US\",\"@id\":\"https:\\\/\\\/autorival.ro\\\/ford\\\/product\\\/filtru-polen-ford-ecosport-1-5-tdci-ecoblue-diesel-125-cai-bosch-1-987-432-415\\\/#primaryimage\",\"url\":\"https:\\\/\\\/autorival.ro\\\/ford\\\/wp-content\\\/uploads\\\/sites\\\/3\\\/2025\\\/05\\\/1987432415ph01whco0000.jpg\",\"contentUrl\":\"https:\\\/\\\/autorival.ro\\\/ford\\\/wp-content\\\/uploads\\\/sites\\\/3\\\/2025\\\/05\\\/1987432415ph01whco0000.jpg\",\"width\":1280,\"height\":960,\"caption\":\"Filtru polen FORD ECOSPORT 1.0 EcoBoost benzina 100 cai BOSCH 1 987 432 415\"},{\"@type\":\"BreadcrumbList\",\"@id\":\"https:\\\/\\\/autorival.ro\\\/ford\\\/product\\\/filtru-polen-ford-ecosport-1-5-tdci-ecoblue-diesel-125-cai-bosch-1-987-432-415\\\/#breadcrumb\",\"itemListElement\":[{\"@type\":\"ListItem\",\"position\":1,\"name\":\"Prima pagin\u0103\",\"item\":\"https:\\\/\\\/autorival.ro\\\/ford\\\/\"},{\"@type\":\"ListItem\",\"position\":2,\"name\":\"Piese auto FORD\",\"item\":\"https:\\\/\\\/autorival.ro\\\/ford\\\/\"},{\"@type\":\"ListItem\",\"position\":3,\"name\":\"Filtru polen FORD ECOSPORT 1.5 TDCi EcoBlue diesel 125 cai BOSCH 1 987 432 415\"}]},{\"@type\":\"WebSite\",\"@id\":\"https:\\\/\\\/autorival.ro\\\/ford\\\/#website\",\"url\":\"https:\\\/\\\/autorival.ro\\\/ford\\\/\",\"name\":\"FORD\",\"description\":\"\",\"potentialAction\":[{\"@type\":\"SearchAction\",\"target\":{\"@type\":\"EntryPoint\",\"urlTemplate\":\"https:\\\/\\\/autorival.ro\\\/ford\\\/?s={search_term_string}\"},\"query-input\":{\"@type\":\"PropertyValueSpecification\",\"valueRequired\":true,\"valueName\":\"search_term_string\"}}],\"inLanguage\":\"en-US\"}]}<\/script>\n<!-- \/ Yoast SEO plugin. -->","yoast_head_json":{"title":"FORD | Filtru polen | Filtru polen FORD ECOSPORT 1.5 TDCi EcoBlue\u2026","description":"Filtru polen FORD ECOSPORT 1.5 TDCi EcoBlue diesel 125 cai BOSCH 1 987 432 415 din categoria Filtru polen la FORD. Piese auto originale, calitate\u2026","robots":{"index":"index","follow":"follow","max-snippet":"max-snippet:-1","max-image-preview":"max-image-preview:large","max-video-preview":"max-video-preview:-1"},"og_locale":"en_US","og_type":"article","og_title":"FORD | Filtru polen | Filtru polen FORD ECOSPORT 1.5 TDCi EcoBlue\u2026","og_description":"Filtru polen FORD ECOSPORT 1.5 TDCi EcoBlue diesel 125 cai BOSCH 1 987 432 415 din categoria Filtru polen la FORD. Piese auto originale, calitate\u2026","og_url":"https:\/\/autorival.ro\/ford\/product\/filtru-polen-ford-ecosport-1-5-tdci-ecoblue-diesel-125-cai-bosch-1-987-432-415\/","og_site_name":"FORD","og_image":[{"width":1280,"height":960,"url":"https:\/\/autorival.ro\/ford\/wp-content\/uploads\/sites\/3\/2025\/05\/1987432415ph01whco0000.jpg","type":"image\/jpeg"}],"twitter_card":"summary_large_image","schema":{"@context":"https:\/\/schema.org","@graph":[{"@type":"WebPage","@id":"https:\/\/autorival.ro\/ford\/product\/filtru-polen-ford-ecosport-1-5-tdci-ecoblue-diesel-125-cai-bosch-1-987-432-415\/","url":"https:\/\/autorival.ro\/ford\/product\/filtru-polen-ford-ecosport-1-5-tdci-ecoblue-diesel-125-cai-bosch-1-987-432-415\/","name":"FORD | Filtru polen | Filtru polen FORD ECOSPORT 1.5 TDCi EcoBlue\u2026","isPartOf":{"@id":"https:\/\/autorival.ro\/ford\/#website"},"primaryImageOfPage":{"@id":"https:\/\/autorival.ro\/ford\/product\/filtru-polen-ford-ecosport-1-5-tdci-ecoblue-diesel-125-cai-bosch-1-987-432-415\/#primaryimage"},"image":{"@id":"https:\/\/autorival.ro\/ford\/product\/filtru-polen-ford-ecosport-1-5-tdci-ecoblue-diesel-125-cai-bosch-1-987-432-415\/#primaryimage"},"thumbnailUrl":"https:\/\/autorival.ro\/ford\/wp-content\/uploads\/sites\/3\/2025\/05\/1987432415ph01whco0000.jpg","datePublished":"2025-05-02T20:54:53+00:00","description":"Filtru polen FORD ECOSPORT 1.5 TDCi EcoBlue diesel 125 cai BOSCH 1 987 432 415 din categoria Filtru polen la FORD. Piese auto originale, calitate\u2026","breadcrumb":{"@id":"https:\/\/autorival.ro\/ford\/product\/filtru-polen-ford-ecosport-1-5-tdci-ecoblue-diesel-125-cai-bosch-1-987-432-415\/#breadcrumb"},"inLanguage":"en-US","potentialAction":[{"@type":"ReadAction","target":["https:\/\/autorival.ro\/ford\/product\/filtru-polen-ford-ecosport-1-5-tdci-ecoblue-diesel-125-cai-bosch-1-987-432-415\/"]}]},{"@type":"ImageObject","inLanguage":"en-US","@id":"https:\/\/autorival.ro\/ford\/product\/filtru-polen-ford-ecosport-1-5-tdci-ecoblue-diesel-125-cai-bosch-1-987-432-415\/#primaryimage","url":"https:\/\/autorival.ro\/ford\/wp-content\/uploads\/sites\/3\/2025\/05\/1987432415ph01whco0000.jpg","contentUrl":"https:\/\/autorival.ro\/ford\/wp-content\/uploads\/sites\/3\/2025\/05\/1987432415ph01whco0000.jpg","width":1280,"height":960,"caption":"Filtru polen FORD ECOSPORT 1.0 EcoBoost benzina 100 cai BOSCH 1 987 432 415"},{"@type":"BreadcrumbList","@id":"https:\/\/autorival.ro\/ford\/product\/filtru-polen-ford-ecosport-1-5-tdci-ecoblue-diesel-125-cai-bosch-1-987-432-415\/#breadcrumb","itemListElement":[{"@type":"ListItem","position":1,"name":"Prima pagin\u0103","item":"https:\/\/autorival.ro\/ford\/"},{"@type":"ListItem","position":2,"name":"Piese auto FORD","item":"https:\/\/autorival.ro\/ford\/"},{"@type":"ListItem","position":3,"name":"Filtru polen FORD ECOSPORT 1.5 TDCi EcoBlue diesel 125 cai BOSCH 1 987 432 415"}]},{"@type":"WebSite","@id":"https:\/\/autorival.ro\/ford\/#website","url":"https:\/\/autorival.ro\/ford\/","name":"FORD","description":"","potentialAction":[{"@type":"SearchAction","target":{"@type":"EntryPoint","urlTemplate":"https:\/\/autorival.ro\/ford\/?s={search_term_string}"},"query-input":{"@type":"PropertyValueSpecification","valueRequired":true,"valueName":"search_term_string"}}],"inLanguage":"en-US"}]}},"_links":{"self":[{"href":"https:\/\/autorival.ro\/ford\/wp-json\/wp\/v2\/product\/174428","targetHints":{"allow":["GET"]}}],"collection":[{"href":"https:\/\/autorival.ro\/ford\/wp-json\/wp\/v2\/product"}],"about":[{"href":"https:\/\/autorival.ro\/ford\/wp-json\/wp\/v2\/types\/product"}],"replies":[{"embeddable":true,"href":"https:\/\/autorival.ro\/ford\/wp-json\/wp\/v2\/comments?post=174428"}],"wp:featuredmedia":[{"embeddable":true,"href":"https:\/\/autorival.ro\/ford\/wp-json\/wp\/v2\/media\/173834"}],"wp:attachment":[{"href":"https:\/\/autorival.ro\/ford\/wp-json\/wp\/v2\/media?parent=174428"}],"wp:term":[{"taxonomy":"product_brand","embeddable":true,"href":"https:\/\/autorival.ro\/ford\/wp-json\/wp\/v2\/product_brand?post=174428"},{"taxonomy":"product_cat","embeddable":true,"href":"https:\/\/autorival.ro\/ford\/wp-json\/wp\/v2\/product_cat?post=174428"},{"taxonomy":"product_tag","embeddable":true,"href":"https:\/\/autorival.ro\/ford\/wp-json\/wp\/v2\/product_tag?post=174428"}],"curies":[{"name":"wp","href":"https:\/\/api.w.org\/{rel}","templated":true}]}}