{"id":168926,"date":"2025-05-02T20:22:00","date_gmt":"2025-05-02T20:22:00","guid":{"rendered":"https:\/\/autorival.ro\/ford\/product\/bec-semnalizator-ford-ecosport-1-5-ti-vct-benzina-110-cai-philips-12496llecocp\/"},"modified":"2025-05-02T20:22:00","modified_gmt":"2025-05-02T20:22:00","slug":"bec-semnalizator-ford-ecosport-1-5-ti-vct-benzina-110-cai-philips-12496llecocp","status":"publish","type":"product","link":"https:\/\/autorival.ro\/ford\/product\/bec-semnalizator-ford-ecosport-1-5-ti-vct-benzina-110-cai-philips-12496llecocp\/","title":{"rendered":"Bec semnalizator FORD ECOSPORT 1.5 Ti-VCT benzina 110 cai PHILIPS 12496LLECOCP"},"content":{"rendered":"<p>Partea de montare: fata, spatePana la an model: 2017TIp lampa: PY21W, Lamp\u0103 sferic\u0103Tensiune [V]: 12Putere nominal\u0103 [W]: 21Culoare bec incandescent: galbenVariant\u0103 de execu\u021bie soclu lamp\u0103 incandescent\u0103: BAU15s<\/p>\n","protected":false},"excerpt":{"rendered":"<p>Producator: PHILIPS Cod producator: 12496LLECOCP<\/p>\n","protected":false},"featured_media":168763,"comment_status":"open","ping_status":"closed","template":"","meta":[],"product_brand":[15311],"product_cat":[15338],"product_tag":[17217,17295,17198,17197,17306,17311],"class_list":{"0":"post-168926","1":"product","2":"type-product","3":"status-publish","4":"has-post-thumbnail","6":"product_brand-philips","7":"product_cat-bec-semnalizator-1-5-ti-vct-benzina-110","8":"product_tag-1-5","9":"product_tag-bec","10":"product_tag-ecosport","11":"product_tag-ford","12":"product_tag-philips","13":"product_tag-semnalizator","15":"first","16":"instock","17":"shipping-taxable","18":"purchasable","19":"product-type-simple"},"yoast_head":"<!-- This site is optimized with the Yoast SEO plugin v27.3 - https:\/\/yoast.com\/product\/yoast-seo-wordpress\/ -->\n<title>Bec semnalizator FORD ECOSPORT 1.5 Ti-VCT benzina 110 cai PHILIPS 12496LLECOCP FORD | PHILIPS - Autorival<\/title>\n<meta name=\"description\" content=\"\u26a1 Bec semnalizator FORD ECOSPORT 1.5 Ti-VCT benzina 110 cai PHILIPS 12496LLECOCP pentru FORD la doar 13 RON. \u2713 Cod: 12496LLECOCP \u2713 Brand: PHILIPS \u2713 \u00cen stoc \u2713 Livrare 24h \u2713 Garan\u021bie!\" \/>\n<meta name=\"robots\" content=\"index, follow, max-snippet:-1, max-image-preview:large, max-video-preview:-1\" \/>\n<meta property=\"og:locale\" content=\"en_US\" \/>\n<meta property=\"og:type\" content=\"article\" \/>\n<meta property=\"og:title\" content=\"Bec semnalizator FORD ECOSPORT 1.5 Ti-VCT benzina 110 cai PHILIPS 12496LLECOCP FORD | PHILIPS - Autorival\" \/>\n<meta property=\"og:description\" content=\"\u26a1 Bec semnalizator FORD ECOSPORT 1.5 Ti-VCT benzina 110 cai PHILIPS 12496LLECOCP pentru FORD la doar 13 RON. \u2713 Cod: 12496LLECOCP \u2713 Brand: PHILIPS \u2713 \u00cen stoc \u2713 Livrare 24h \u2713 Garan\u021bie!\" \/>\n<meta property=\"og:url\" content=\"https:\/\/autorival.ro\/ford\/product\/bec-semnalizator-ford-ecosport-1-5-ti-vct-benzina-110-cai-philips-12496llecocp\/\" \/>\n<meta property=\"og:site_name\" content=\"FORD\" \/>\n<meta property=\"og:image\" content=\"https:\/\/autorival.ro\/ford\/wp-content\/uploads\/sites\/3\/2025\/05\/12496llecocp.jpg\" \/>\n\t<meta property=\"og:image:width\" content=\"600\" \/>\n\t<meta property=\"og:image:height\" content=\"323\" \/>\n\t<meta property=\"og:image:type\" content=\"image\/jpeg\" \/>\n<meta name=\"twitter:card\" content=\"summary_large_image\" \/>\n<meta name=\"twitter:title\" content=\"Bec semnalizator FORD ECOSPORT 1.5 Ti-VCT benzina 110 cai PHILIPS 12496LLECOCP FORD | PHILIPS - Autorival\" \/>\n<meta name=\"twitter:description\" content=\"\u26a1 Bec semnalizator FORD ECOSPORT 1.5 Ti-VCT benzina 110 cai PHILIPS 12496LLECOCP pentru FORD la doar 13 RON. \u2713 Cod: 12496LLECOCP \u2713 Brand: PHILIPS \u2713 \u00cen stoc \u2713 Livrare 24h \u2713 Garan\u021bie!\" \/>\n<script type=\"application\/ld+json\" class=\"yoast-schema-graph\">{\"@context\":\"https:\\\/\\\/schema.org\",\"@graph\":[{\"@type\":\"WebPage\",\"@id\":\"https:\\\/\\\/autorival.ro\\\/ford\\\/product\\\/bec-semnalizator-ford-ecosport-1-5-ti-vct-benzina-110-cai-philips-12496llecocp\\\/\",\"url\":\"https:\\\/\\\/autorival.ro\\\/ford\\\/product\\\/bec-semnalizator-ford-ecosport-1-5-ti-vct-benzina-110-cai-philips-12496llecocp\\\/\",\"name\":\"Bec semnalizator FORD ECOSPORT 1.5 Ti-VCT benzina 110 cai PHILIPS 12496LLECOCP FORD | PHILIPS - Autorival\",\"isPartOf\":{\"@id\":\"https:\\\/\\\/autorival.ro\\\/ford\\\/#website\"},\"primaryImageOfPage\":{\"@id\":\"https:\\\/\\\/autorival.ro\\\/ford\\\/product\\\/bec-semnalizator-ford-ecosport-1-5-ti-vct-benzina-110-cai-philips-12496llecocp\\\/#primaryimage\"},\"image\":{\"@id\":\"https:\\\/\\\/autorival.ro\\\/ford\\\/product\\\/bec-semnalizator-ford-ecosport-1-5-ti-vct-benzina-110-cai-philips-12496llecocp\\\/#primaryimage\"},\"thumbnailUrl\":\"https:\\\/\\\/autorival.ro\\\/ford\\\/wp-content\\\/uploads\\\/sites\\\/3\\\/2025\\\/05\\\/12496llecocp.jpg\",\"datePublished\":\"2025-05-02T20:22:00+00:00\",\"description\":\"\u26a1 Bec semnalizator FORD ECOSPORT 1.5 Ti-VCT benzina 110 cai PHILIPS 12496LLECOCP pentru FORD la doar 13 RON. \u2713 Cod: 12496LLECOCP \u2713 Brand: PHILIPS \u2713 \u00cen stoc \u2713 Livrare 24h \u2713 Garan\u021bie!\",\"breadcrumb\":{\"@id\":\"https:\\\/\\\/autorival.ro\\\/ford\\\/product\\\/bec-semnalizator-ford-ecosport-1-5-ti-vct-benzina-110-cai-philips-12496llecocp\\\/#breadcrumb\"},\"inLanguage\":\"en-US\",\"potentialAction\":[{\"@type\":\"ReadAction\",\"target\":[\"https:\\\/\\\/autorival.ro\\\/ford\\\/product\\\/bec-semnalizator-ford-ecosport-1-5-ti-vct-benzina-110-cai-philips-12496llecocp\\\/\"]}]},{\"@type\":\"ImageObject\",\"inLanguage\":\"en-US\",\"@id\":\"https:\\\/\\\/autorival.ro\\\/ford\\\/product\\\/bec-semnalizator-ford-ecosport-1-5-ti-vct-benzina-110-cai-philips-12496llecocp\\\/#primaryimage\",\"url\":\"https:\\\/\\\/autorival.ro\\\/ford\\\/wp-content\\\/uploads\\\/sites\\\/3\\\/2025\\\/05\\\/12496llecocp.jpg\",\"contentUrl\":\"https:\\\/\\\/autorival.ro\\\/ford\\\/wp-content\\\/uploads\\\/sites\\\/3\\\/2025\\\/05\\\/12496llecocp.jpg\",\"width\":600,\"height\":323,\"caption\":\"Bec semnalizator FORD ECOSPORT 1.0 EcoBoost benzina 95 cai PHILIPS 12496LLECOCP\"},{\"@type\":\"BreadcrumbList\",\"@id\":\"https:\\\/\\\/autorival.ro\\\/ford\\\/product\\\/bec-semnalizator-ford-ecosport-1-5-ti-vct-benzina-110-cai-philips-12496llecocp\\\/#breadcrumb\",\"itemListElement\":[{\"@type\":\"ListItem\",\"position\":1,\"name\":\"Prima pagin\u0103\",\"item\":\"https:\\\/\\\/autorival.ro\\\/ford\\\/\"},{\"@type\":\"ListItem\",\"position\":2,\"name\":\"Piese auto FORD\",\"item\":\"https:\\\/\\\/autorival.ro\\\/ford\\\/\"},{\"@type\":\"ListItem\",\"position\":3,\"name\":\"Bec semnalizator FORD ECOSPORT 1.5 Ti-VCT benzina 110 cai PHILIPS 12496LLECOCP\"}]},{\"@type\":\"WebSite\",\"@id\":\"https:\\\/\\\/autorival.ro\\\/ford\\\/#website\",\"url\":\"https:\\\/\\\/autorival.ro\\\/ford\\\/\",\"name\":\"FORD\",\"description\":\"\",\"potentialAction\":[{\"@type\":\"SearchAction\",\"target\":{\"@type\":\"EntryPoint\",\"urlTemplate\":\"https:\\\/\\\/autorival.ro\\\/ford\\\/?s={search_term_string}\"},\"query-input\":{\"@type\":\"PropertyValueSpecification\",\"valueRequired\":true,\"valueName\":\"search_term_string\"}}],\"inLanguage\":\"en-US\"}]}<\/script>\n<!-- \/ Yoast SEO plugin. -->","yoast_head_json":{"title":"Bec semnalizator FORD ECOSPORT 1.5 Ti-VCT benzina 110 cai PHILIPS 12496LLECOCP FORD | PHILIPS - Autorival","description":"\u26a1 Bec semnalizator FORD ECOSPORT 1.5 Ti-VCT benzina 110 cai PHILIPS 12496LLECOCP pentru FORD la doar 13 RON. \u2713 Cod: 12496LLECOCP \u2713 Brand: PHILIPS \u2713 \u00cen stoc \u2713 Livrare 24h \u2713 Garan\u021bie!","robots":{"index":"index","follow":"follow","max-snippet":"max-snippet:-1","max-image-preview":"max-image-preview:large","max-video-preview":"max-video-preview:-1"},"og_locale":"en_US","og_type":"article","og_title":"Bec semnalizator FORD ECOSPORT 1.5 Ti-VCT benzina 110 cai PHILIPS 12496LLECOCP FORD | PHILIPS - Autorival","og_description":"\u26a1 Bec semnalizator FORD ECOSPORT 1.5 Ti-VCT benzina 110 cai PHILIPS 12496LLECOCP pentru FORD la doar 13 RON. \u2713 Cod: 12496LLECOCP \u2713 Brand: PHILIPS \u2713 \u00cen stoc \u2713 Livrare 24h \u2713 Garan\u021bie!","og_url":"https:\/\/autorival.ro\/ford\/product\/bec-semnalizator-ford-ecosport-1-5-ti-vct-benzina-110-cai-philips-12496llecocp\/","og_site_name":"FORD","og_image":[{"width":600,"height":323,"url":"https:\/\/autorival.ro\/ford\/wp-content\/uploads\/sites\/3\/2025\/05\/12496llecocp.jpg","type":"image\/jpeg"}],"twitter_card":"summary_large_image","twitter_title":"Bec semnalizator FORD ECOSPORT 1.5 Ti-VCT benzina 110 cai PHILIPS 12496LLECOCP FORD | PHILIPS - Autorival","twitter_description":"\u26a1 Bec semnalizator FORD ECOSPORT 1.5 Ti-VCT benzina 110 cai PHILIPS 12496LLECOCP pentru FORD la doar 13 RON. \u2713 Cod: 12496LLECOCP \u2713 Brand: PHILIPS \u2713 \u00cen stoc \u2713 Livrare 24h \u2713 Garan\u021bie!","schema":{"@context":"https:\/\/schema.org","@graph":[{"@type":"WebPage","@id":"https:\/\/autorival.ro\/ford\/product\/bec-semnalizator-ford-ecosport-1-5-ti-vct-benzina-110-cai-philips-12496llecocp\/","url":"https:\/\/autorival.ro\/ford\/product\/bec-semnalizator-ford-ecosport-1-5-ti-vct-benzina-110-cai-philips-12496llecocp\/","name":"Bec semnalizator FORD ECOSPORT 1.5 Ti-VCT benzina 110 cai PHILIPS 12496LLECOCP FORD | PHILIPS - Autorival","isPartOf":{"@id":"https:\/\/autorival.ro\/ford\/#website"},"primaryImageOfPage":{"@id":"https:\/\/autorival.ro\/ford\/product\/bec-semnalizator-ford-ecosport-1-5-ti-vct-benzina-110-cai-philips-12496llecocp\/#primaryimage"},"image":{"@id":"https:\/\/autorival.ro\/ford\/product\/bec-semnalizator-ford-ecosport-1-5-ti-vct-benzina-110-cai-philips-12496llecocp\/#primaryimage"},"thumbnailUrl":"https:\/\/autorival.ro\/ford\/wp-content\/uploads\/sites\/3\/2025\/05\/12496llecocp.jpg","datePublished":"2025-05-02T20:22:00+00:00","description":"\u26a1 Bec semnalizator FORD ECOSPORT 1.5 Ti-VCT benzina 110 cai PHILIPS 12496LLECOCP pentru FORD la doar 13 RON. \u2713 Cod: 12496LLECOCP \u2713 Brand: PHILIPS \u2713 \u00cen stoc \u2713 Livrare 24h \u2713 Garan\u021bie!","breadcrumb":{"@id":"https:\/\/autorival.ro\/ford\/product\/bec-semnalizator-ford-ecosport-1-5-ti-vct-benzina-110-cai-philips-12496llecocp\/#breadcrumb"},"inLanguage":"en-US","potentialAction":[{"@type":"ReadAction","target":["https:\/\/autorival.ro\/ford\/product\/bec-semnalizator-ford-ecosport-1-5-ti-vct-benzina-110-cai-philips-12496llecocp\/"]}]},{"@type":"ImageObject","inLanguage":"en-US","@id":"https:\/\/autorival.ro\/ford\/product\/bec-semnalizator-ford-ecosport-1-5-ti-vct-benzina-110-cai-philips-12496llecocp\/#primaryimage","url":"https:\/\/autorival.ro\/ford\/wp-content\/uploads\/sites\/3\/2025\/05\/12496llecocp.jpg","contentUrl":"https:\/\/autorival.ro\/ford\/wp-content\/uploads\/sites\/3\/2025\/05\/12496llecocp.jpg","width":600,"height":323,"caption":"Bec semnalizator FORD ECOSPORT 1.0 EcoBoost benzina 95 cai PHILIPS 12496LLECOCP"},{"@type":"BreadcrumbList","@id":"https:\/\/autorival.ro\/ford\/product\/bec-semnalizator-ford-ecosport-1-5-ti-vct-benzina-110-cai-philips-12496llecocp\/#breadcrumb","itemListElement":[{"@type":"ListItem","position":1,"name":"Prima pagin\u0103","item":"https:\/\/autorival.ro\/ford\/"},{"@type":"ListItem","position":2,"name":"Piese auto FORD","item":"https:\/\/autorival.ro\/ford\/"},{"@type":"ListItem","position":3,"name":"Bec semnalizator FORD ECOSPORT 1.5 Ti-VCT benzina 110 cai PHILIPS 12496LLECOCP"}]},{"@type":"WebSite","@id":"https:\/\/autorival.ro\/ford\/#website","url":"https:\/\/autorival.ro\/ford\/","name":"FORD","description":"","potentialAction":[{"@type":"SearchAction","target":{"@type":"EntryPoint","urlTemplate":"https:\/\/autorival.ro\/ford\/?s={search_term_string}"},"query-input":{"@type":"PropertyValueSpecification","valueRequired":true,"valueName":"search_term_string"}}],"inLanguage":"en-US"}]}},"_links":{"self":[{"href":"https:\/\/autorival.ro\/ford\/wp-json\/wp\/v2\/product\/168926","targetHints":{"allow":["GET"]}}],"collection":[{"href":"https:\/\/autorival.ro\/ford\/wp-json\/wp\/v2\/product"}],"about":[{"href":"https:\/\/autorival.ro\/ford\/wp-json\/wp\/v2\/types\/product"}],"replies":[{"embeddable":true,"href":"https:\/\/autorival.ro\/ford\/wp-json\/wp\/v2\/comments?post=168926"}],"wp:featuredmedia":[{"embeddable":true,"href":"https:\/\/autorival.ro\/ford\/wp-json\/wp\/v2\/media\/168763"}],"wp:attachment":[{"href":"https:\/\/autorival.ro\/ford\/wp-json\/wp\/v2\/media?parent=168926"}],"wp:term":[{"taxonomy":"product_brand","embeddable":true,"href":"https:\/\/autorival.ro\/ford\/wp-json\/wp\/v2\/product_brand?post=168926"},{"taxonomy":"product_cat","embeddable":true,"href":"https:\/\/autorival.ro\/ford\/wp-json\/wp\/v2\/product_cat?post=168926"},{"taxonomy":"product_tag","embeddable":true,"href":"https:\/\/autorival.ro\/ford\/wp-json\/wp\/v2\/product_tag?post=168926"}],"curies":[{"name":"wp","href":"https:\/\/api.w.org\/{rel}","templated":true}]}}