{"id":168540,"date":"2025-05-02T20:20:09","date_gmt":"2025-05-02T20:20:09","guid":{"rendered":"https:\/\/autorival.ro\/ford\/product\/bec-far-faza-lunga-ford-ecosport-2-0-ti-vct-4x4-benzina-150-cai-philips-12972prb1\/"},"modified":"2025-05-02T20:20:10","modified_gmt":"2025-05-02T20:20:10","slug":"bec-far-faza-lunga-ford-ecosport-2-0-ti-vct-4x4-benzina-150-cai-philips-12972prb1","status":"publish","type":"product","link":"https:\/\/autorival.ro\/ford\/product\/bec-far-faza-lunga-ford-ecosport-2-0-ti-vct-4x4-benzina-150-cai-philips-12972prb1\/","title":{"rendered":"Bec far faza lunga FORD ECOSPORT 2.0 Ti-VCT 4&#215;4 benzina 150 cai PHILIPS 12972PRB1"},"content":{"rendered":"<p>Constructie lampa: HalogenDe la an model: 2018Variant\u0103 de echipare: 2TIp lampa: H7Tensiune [V]: 12Putere nominal\u0103 [W]: 55Variant\u0103 de execu\u021bie soclu lamp\u0103 incandescent\u0103: PX26d<\/p>\n","protected":false},"excerpt":{"rendered":"<p>Producator: PHILIPS Cod producator: 12972PRB1<\/p>\n","protected":false},"featured_media":165269,"comment_status":"open","ping_status":"closed","template":"","meta":[],"product_brand":[15311],"product_cat":[15325],"product_tag":[17295,17198,17296,17297,17197,17298,17306],"class_list":{"0":"post-168540","1":"product","2":"type-product","3":"status-publish","4":"has-post-thumbnail","6":"product_brand-philips","7":"product_cat-bec-far-faza-lunga-2-0-ti-vct-4x4-benzina-150","8":"product_tag-bec","9":"product_tag-ecosport","10":"product_tag-far","11":"product_tag-faza","12":"product_tag-ford","13":"product_tag-lunga","14":"product_tag-philips","16":"first","17":"instock","18":"shipping-taxable","19":"purchasable","20":"product-type-simple"},"yoast_head":"<!-- This site is optimized with the Yoast SEO plugin v27.3 - https:\/\/yoast.com\/product\/yoast-seo-wordpress\/ -->\n<title>Bec far faza lunga FORD ECOSPORT 2.0 Ti-VCT 4&#215;4 benzina 150 cai PHILIPS 12972PRB1 FORD | PHILIPS - Autorival<\/title>\n<meta name=\"description\" content=\"\u26a1 Bec far faza lunga FORD ECOSPORT 2.0 Ti-VCT 4&#215;4 benzina 150 cai PHILIPS 12972PRB1 pentru FORD la doar 37.62 RON. \u2713 Cod: 12972PRB1 \u2713 Brand: PHILIPS \u2713 \u00cen stoc \u2713 Livrare 24h \u2713 Garan\u021bie!\" \/>\n<meta name=\"robots\" content=\"index, follow, max-snippet:-1, max-image-preview:large, max-video-preview:-1\" \/>\n<meta property=\"og:locale\" content=\"en_US\" \/>\n<meta property=\"og:type\" content=\"article\" \/>\n<meta property=\"og:title\" content=\"Bec far faza lunga FORD ECOSPORT 2.0 Ti-VCT 4&#215;4 benzina 150 cai PHILIPS 12972PRB1 FORD | PHILIPS - Autorival\" \/>\n<meta property=\"og:description\" content=\"\u26a1 Bec far faza lunga FORD ECOSPORT 2.0 Ti-VCT 4&#215;4 benzina 150 cai PHILIPS 12972PRB1 pentru FORD la doar 37.62 RON. \u2713 Cod: 12972PRB1 \u2713 Brand: PHILIPS \u2713 \u00cen stoc \u2713 Livrare 24h \u2713 Garan\u021bie!\" \/>\n<meta property=\"og:url\" content=\"https:\/\/autorival.ro\/ford\/product\/bec-far-faza-lunga-ford-ecosport-2-0-ti-vct-4x4-benzina-150-cai-philips-12972prb1\/\" \/>\n<meta property=\"og:site_name\" content=\"FORD\" \/>\n<meta property=\"article:modified_time\" content=\"2025-05-02T20:20:10+00:00\" \/>\n<meta property=\"og:image\" content=\"https:\/\/autorival.ro\/ford\/wp-content\/uploads\/sites\/3\/2025\/05\/12972prb1.jpg\" \/>\n\t<meta property=\"og:image:width\" content=\"288\" \/>\n\t<meta property=\"og:image:height\" content=\"400\" \/>\n\t<meta property=\"og:image:type\" content=\"image\/jpeg\" \/>\n<meta name=\"twitter:card\" content=\"summary_large_image\" \/>\n<meta name=\"twitter:title\" content=\"Bec far faza lunga FORD ECOSPORT 2.0 Ti-VCT 4&#215;4 benzina 150 cai PHILIPS 12972PRB1 FORD | PHILIPS - Autorival\" \/>\n<meta name=\"twitter:description\" content=\"\u26a1 Bec far faza lunga FORD ECOSPORT 2.0 Ti-VCT 4&#215;4 benzina 150 cai PHILIPS 12972PRB1 pentru FORD la doar 37.62 RON. \u2713 Cod: 12972PRB1 \u2713 Brand: PHILIPS \u2713 \u00cen stoc \u2713 Livrare 24h \u2713 Garan\u021bie!\" \/>\n<script type=\"application\/ld+json\" class=\"yoast-schema-graph\">{\"@context\":\"https:\\\/\\\/schema.org\",\"@graph\":[{\"@type\":\"WebPage\",\"@id\":\"https:\\\/\\\/autorival.ro\\\/ford\\\/product\\\/bec-far-faza-lunga-ford-ecosport-2-0-ti-vct-4x4-benzina-150-cai-philips-12972prb1\\\/\",\"url\":\"https:\\\/\\\/autorival.ro\\\/ford\\\/product\\\/bec-far-faza-lunga-ford-ecosport-2-0-ti-vct-4x4-benzina-150-cai-philips-12972prb1\\\/\",\"name\":\"Bec far faza lunga FORD ECOSPORT 2.0 Ti-VCT 4&#215;4 benzina 150 cai PHILIPS 12972PRB1 FORD | PHILIPS - Autorival\",\"isPartOf\":{\"@id\":\"https:\\\/\\\/autorival.ro\\\/ford\\\/#website\"},\"primaryImageOfPage\":{\"@id\":\"https:\\\/\\\/autorival.ro\\\/ford\\\/product\\\/bec-far-faza-lunga-ford-ecosport-2-0-ti-vct-4x4-benzina-150-cai-philips-12972prb1\\\/#primaryimage\"},\"image\":{\"@id\":\"https:\\\/\\\/autorival.ro\\\/ford\\\/product\\\/bec-far-faza-lunga-ford-ecosport-2-0-ti-vct-4x4-benzina-150-cai-philips-12972prb1\\\/#primaryimage\"},\"thumbnailUrl\":\"https:\\\/\\\/autorival.ro\\\/ford\\\/wp-content\\\/uploads\\\/sites\\\/3\\\/2025\\\/05\\\/12972prb1.jpg\",\"datePublished\":\"2025-05-02T20:20:09+00:00\",\"dateModified\":\"2025-05-02T20:20:10+00:00\",\"description\":\"\u26a1 Bec far faza lunga FORD ECOSPORT 2.0 Ti-VCT 4&#215;4 benzina 150 cai PHILIPS 12972PRB1 pentru FORD la doar 37.62 RON. \u2713 Cod: 12972PRB1 \u2713 Brand: PHILIPS \u2713 \u00cen stoc \u2713 Livrare 24h \u2713 Garan\u021bie!\",\"breadcrumb\":{\"@id\":\"https:\\\/\\\/autorival.ro\\\/ford\\\/product\\\/bec-far-faza-lunga-ford-ecosport-2-0-ti-vct-4x4-benzina-150-cai-philips-12972prb1\\\/#breadcrumb\"},\"inLanguage\":\"en-US\",\"potentialAction\":[{\"@type\":\"ReadAction\",\"target\":[\"https:\\\/\\\/autorival.ro\\\/ford\\\/product\\\/bec-far-faza-lunga-ford-ecosport-2-0-ti-vct-4x4-benzina-150-cai-philips-12972prb1\\\/\"]}]},{\"@type\":\"ImageObject\",\"inLanguage\":\"en-US\",\"@id\":\"https:\\\/\\\/autorival.ro\\\/ford\\\/product\\\/bec-far-faza-lunga-ford-ecosport-2-0-ti-vct-4x4-benzina-150-cai-philips-12972prb1\\\/#primaryimage\",\"url\":\"https:\\\/\\\/autorival.ro\\\/ford\\\/wp-content\\\/uploads\\\/sites\\\/3\\\/2025\\\/05\\\/12972prb1.jpg\",\"contentUrl\":\"https:\\\/\\\/autorival.ro\\\/ford\\\/wp-content\\\/uploads\\\/sites\\\/3\\\/2025\\\/05\\\/12972prb1.jpg\",\"width\":288,\"height\":400,\"caption\":\"Bec far faza lunga FORD ECOSPORT 1.0 EcoBoost benzina 100 cai PHILIPS 12972PRB1\"},{\"@type\":\"BreadcrumbList\",\"@id\":\"https:\\\/\\\/autorival.ro\\\/ford\\\/product\\\/bec-far-faza-lunga-ford-ecosport-2-0-ti-vct-4x4-benzina-150-cai-philips-12972prb1\\\/#breadcrumb\",\"itemListElement\":[{\"@type\":\"ListItem\",\"position\":1,\"name\":\"Prima pagin\u0103\",\"item\":\"https:\\\/\\\/autorival.ro\\\/ford\\\/\"},{\"@type\":\"ListItem\",\"position\":2,\"name\":\"Piese auto FORD\",\"item\":\"https:\\\/\\\/autorival.ro\\\/ford\\\/\"},{\"@type\":\"ListItem\",\"position\":3,\"name\":\"Bec far faza lunga FORD ECOSPORT 2.0 Ti-VCT 4&#215;4 benzina 150 cai PHILIPS 12972PRB1\"}]},{\"@type\":\"WebSite\",\"@id\":\"https:\\\/\\\/autorival.ro\\\/ford\\\/#website\",\"url\":\"https:\\\/\\\/autorival.ro\\\/ford\\\/\",\"name\":\"FORD\",\"description\":\"\",\"potentialAction\":[{\"@type\":\"SearchAction\",\"target\":{\"@type\":\"EntryPoint\",\"urlTemplate\":\"https:\\\/\\\/autorival.ro\\\/ford\\\/?s={search_term_string}\"},\"query-input\":{\"@type\":\"PropertyValueSpecification\",\"valueRequired\":true,\"valueName\":\"search_term_string\"}}],\"inLanguage\":\"en-US\"}]}<\/script>\n<!-- \/ Yoast SEO plugin. -->","yoast_head_json":{"title":"Bec far faza lunga FORD ECOSPORT 2.0 Ti-VCT 4&#215;4 benzina 150 cai PHILIPS 12972PRB1 FORD | PHILIPS - Autorival","description":"\u26a1 Bec far faza lunga FORD ECOSPORT 2.0 Ti-VCT 4&#215;4 benzina 150 cai PHILIPS 12972PRB1 pentru FORD la doar 37.62 RON. \u2713 Cod: 12972PRB1 \u2713 Brand: PHILIPS \u2713 \u00cen stoc \u2713 Livrare 24h \u2713 Garan\u021bie!","robots":{"index":"index","follow":"follow","max-snippet":"max-snippet:-1","max-image-preview":"max-image-preview:large","max-video-preview":"max-video-preview:-1"},"og_locale":"en_US","og_type":"article","og_title":"Bec far faza lunga FORD ECOSPORT 2.0 Ti-VCT 4&#215;4 benzina 150 cai PHILIPS 12972PRB1 FORD | PHILIPS - Autorival","og_description":"\u26a1 Bec far faza lunga FORD ECOSPORT 2.0 Ti-VCT 4&#215;4 benzina 150 cai PHILIPS 12972PRB1 pentru FORD la doar 37.62 RON. \u2713 Cod: 12972PRB1 \u2713 Brand: PHILIPS \u2713 \u00cen stoc \u2713 Livrare 24h \u2713 Garan\u021bie!","og_url":"https:\/\/autorival.ro\/ford\/product\/bec-far-faza-lunga-ford-ecosport-2-0-ti-vct-4x4-benzina-150-cai-philips-12972prb1\/","og_site_name":"FORD","article_modified_time":"2025-05-02T20:20:10+00:00","og_image":[{"width":288,"height":400,"url":"https:\/\/autorival.ro\/ford\/wp-content\/uploads\/sites\/3\/2025\/05\/12972prb1.jpg","type":"image\/jpeg"}],"twitter_card":"summary_large_image","twitter_title":"Bec far faza lunga FORD ECOSPORT 2.0 Ti-VCT 4&#215;4 benzina 150 cai PHILIPS 12972PRB1 FORD | PHILIPS - Autorival","twitter_description":"\u26a1 Bec far faza lunga FORD ECOSPORT 2.0 Ti-VCT 4&#215;4 benzina 150 cai PHILIPS 12972PRB1 pentru FORD la doar 37.62 RON. \u2713 Cod: 12972PRB1 \u2713 Brand: PHILIPS \u2713 \u00cen stoc \u2713 Livrare 24h \u2713 Garan\u021bie!","schema":{"@context":"https:\/\/schema.org","@graph":[{"@type":"WebPage","@id":"https:\/\/autorival.ro\/ford\/product\/bec-far-faza-lunga-ford-ecosport-2-0-ti-vct-4x4-benzina-150-cai-philips-12972prb1\/","url":"https:\/\/autorival.ro\/ford\/product\/bec-far-faza-lunga-ford-ecosport-2-0-ti-vct-4x4-benzina-150-cai-philips-12972prb1\/","name":"Bec far faza lunga FORD ECOSPORT 2.0 Ti-VCT 4&#215;4 benzina 150 cai PHILIPS 12972PRB1 FORD | PHILIPS - Autorival","isPartOf":{"@id":"https:\/\/autorival.ro\/ford\/#website"},"primaryImageOfPage":{"@id":"https:\/\/autorival.ro\/ford\/product\/bec-far-faza-lunga-ford-ecosport-2-0-ti-vct-4x4-benzina-150-cai-philips-12972prb1\/#primaryimage"},"image":{"@id":"https:\/\/autorival.ro\/ford\/product\/bec-far-faza-lunga-ford-ecosport-2-0-ti-vct-4x4-benzina-150-cai-philips-12972prb1\/#primaryimage"},"thumbnailUrl":"https:\/\/autorival.ro\/ford\/wp-content\/uploads\/sites\/3\/2025\/05\/12972prb1.jpg","datePublished":"2025-05-02T20:20:09+00:00","dateModified":"2025-05-02T20:20:10+00:00","description":"\u26a1 Bec far faza lunga FORD ECOSPORT 2.0 Ti-VCT 4&#215;4 benzina 150 cai PHILIPS 12972PRB1 pentru FORD la doar 37.62 RON. \u2713 Cod: 12972PRB1 \u2713 Brand: PHILIPS \u2713 \u00cen stoc \u2713 Livrare 24h \u2713 Garan\u021bie!","breadcrumb":{"@id":"https:\/\/autorival.ro\/ford\/product\/bec-far-faza-lunga-ford-ecosport-2-0-ti-vct-4x4-benzina-150-cai-philips-12972prb1\/#breadcrumb"},"inLanguage":"en-US","potentialAction":[{"@type":"ReadAction","target":["https:\/\/autorival.ro\/ford\/product\/bec-far-faza-lunga-ford-ecosport-2-0-ti-vct-4x4-benzina-150-cai-philips-12972prb1\/"]}]},{"@type":"ImageObject","inLanguage":"en-US","@id":"https:\/\/autorival.ro\/ford\/product\/bec-far-faza-lunga-ford-ecosport-2-0-ti-vct-4x4-benzina-150-cai-philips-12972prb1\/#primaryimage","url":"https:\/\/autorival.ro\/ford\/wp-content\/uploads\/sites\/3\/2025\/05\/12972prb1.jpg","contentUrl":"https:\/\/autorival.ro\/ford\/wp-content\/uploads\/sites\/3\/2025\/05\/12972prb1.jpg","width":288,"height":400,"caption":"Bec far faza lunga FORD ECOSPORT 1.0 EcoBoost benzina 100 cai PHILIPS 12972PRB1"},{"@type":"BreadcrumbList","@id":"https:\/\/autorival.ro\/ford\/product\/bec-far-faza-lunga-ford-ecosport-2-0-ti-vct-4x4-benzina-150-cai-philips-12972prb1\/#breadcrumb","itemListElement":[{"@type":"ListItem","position":1,"name":"Prima pagin\u0103","item":"https:\/\/autorival.ro\/ford\/"},{"@type":"ListItem","position":2,"name":"Piese auto FORD","item":"https:\/\/autorival.ro\/ford\/"},{"@type":"ListItem","position":3,"name":"Bec far faza lunga FORD ECOSPORT 2.0 Ti-VCT 4&#215;4 benzina 150 cai PHILIPS 12972PRB1"}]},{"@type":"WebSite","@id":"https:\/\/autorival.ro\/ford\/#website","url":"https:\/\/autorival.ro\/ford\/","name":"FORD","description":"","potentialAction":[{"@type":"SearchAction","target":{"@type":"EntryPoint","urlTemplate":"https:\/\/autorival.ro\/ford\/?s={search_term_string}"},"query-input":{"@type":"PropertyValueSpecification","valueRequired":true,"valueName":"search_term_string"}}],"inLanguage":"en-US"}]}},"_links":{"self":[{"href":"https:\/\/autorival.ro\/ford\/wp-json\/wp\/v2\/product\/168540","targetHints":{"allow":["GET"]}}],"collection":[{"href":"https:\/\/autorival.ro\/ford\/wp-json\/wp\/v2\/product"}],"about":[{"href":"https:\/\/autorival.ro\/ford\/wp-json\/wp\/v2\/types\/product"}],"replies":[{"embeddable":true,"href":"https:\/\/autorival.ro\/ford\/wp-json\/wp\/v2\/comments?post=168540"}],"wp:featuredmedia":[{"embeddable":true,"href":"https:\/\/autorival.ro\/ford\/wp-json\/wp\/v2\/media\/165269"}],"wp:attachment":[{"href":"https:\/\/autorival.ro\/ford\/wp-json\/wp\/v2\/media?parent=168540"}],"wp:term":[{"taxonomy":"product_brand","embeddable":true,"href":"https:\/\/autorival.ro\/ford\/wp-json\/wp\/v2\/product_brand?post=168540"},{"taxonomy":"product_cat","embeddable":true,"href":"https:\/\/autorival.ro\/ford\/wp-json\/wp\/v2\/product_cat?post=168540"},{"taxonomy":"product_tag","embeddable":true,"href":"https:\/\/autorival.ro\/ford\/wp-json\/wp\/v2\/product_tag?post=168540"}],"curies":[{"name":"wp","href":"https:\/\/api.w.org\/{rel}","templated":true}]}}