{"id":71646,"date":"2025-05-14T16:51:15","date_gmt":"2025-05-14T16:51:15","guid":{"rendered":"https:\/\/autorival.ro\/fiat\/product\/bieleta-antiruliu-fiat-freemont-345_-2-0-jtd-diesel-140-cai-meyle-37-16-060-0041-hd\/"},"modified":"2025-05-14T16:51:15","modified_gmt":"2025-05-14T16:51:15","slug":"bieleta-antiruliu-fiat-freemont-345_-2-0-jtd-diesel-140-cai-meyle-37-16-060-0041-hd","status":"publish","type":"product","link":"https:\/\/autorival.ro\/fiat\/product\/bieleta-antiruliu-fiat-freemont-345_-2-0-jtd-diesel-140-cai-meyle-37-16-060-0041-hd\/","title":{"rendered":"Bieleta antiruliu FIAT FREEMONT (345_) 2.0 JTD diesel 140 cai MEYLE 37-16 060 0041\/HD"},"content":{"rendered":"<p>Partea de montare: Axa fata dreapta, Axa fata stangaBara\/bieleta: bara torsiune ->Lungime [mm]: 267 ->Dimensiune filet 1: M12x1,5 ->Dimensiune filet 2: M12X1,5Articol extins\/Informatii de extindere: cu prelungitor de cheieModel ranforsatNumar bucati necesare: 2\u00eenlocuire \u00een pereche recomandat\u0103cu eticheta ecologic\u0103: Amprent\u0103 de carbon neutr\u0103<\/p>\n","protected":false},"excerpt":{"rendered":"<p>Producator: MEYLE Cod producator: 37-16 060 0041\/HD<\/p>\n","protected":false},"featured_media":71570,"comment_status":"open","ping_status":"closed","template":"","meta":[],"product_brand":[985],"product_cat":[3787],"product_tag":[38635,38634,38291,38399,38321,38439],"class_list":{"0":"post-71646","1":"product","2":"type-product","3":"status-publish","4":"has-post-thumbnail","6":"product_brand-meyle","7":"product_cat-bieleta-antiruliu-345_-2-0-jtd-diesel-140","8":"product_tag-antiruliu","9":"product_tag-bieleta","10":"product_tag-fiat","11":"product_tag-freemont","12":"product_tag-jtd","13":"product_tag-meyle","15":"first","16":"instock","17":"shipping-taxable","18":"purchasable","19":"product-type-simple"},"yoast_head":"<!-- This site is optimized with the Yoast SEO plugin v27.3 - https:\/\/yoast.com\/product\/yoast-seo-wordpress\/ -->\n<title>Bieleta antiruliu FIAT FREEMONT (345_) 2.0 JTD diesel 140 cai MEYLE 37-16 060 0041\/HD FIAT | MEYLE - Autorival<\/title>\n<meta name=\"description\" content=\"\u26a1 Bieleta antiruliu FIAT FREEMONT (345_) 2.0 JTD diesel 140 cai MEYLE 37-16 060 0041\/HD pentru FIAT la doar 115.5 RON. \u2713 Cod: 37-16 \u2713 Brand: MEYLE \u2713 \u00cen stoc \u2713 Livrare 24h \u2713 Garan\u021bie!\" \/>\n<meta name=\"robots\" content=\"index, follow, max-snippet:-1, max-image-preview:large, max-video-preview:-1\" \/>\n<meta property=\"og:locale\" content=\"en_US\" \/>\n<meta property=\"og:type\" content=\"article\" \/>\n<meta property=\"og:title\" content=\"Bieleta antiruliu FIAT FREEMONT (345_) 2.0 JTD diesel 140 cai MEYLE 37-16 060 0041\/HD FIAT | MEYLE - Autorival\" \/>\n<meta property=\"og:description\" content=\"\u26a1 Bieleta antiruliu FIAT FREEMONT (345_) 2.0 JTD diesel 140 cai MEYLE 37-16 060 0041\/HD pentru FIAT la doar 115.5 RON. \u2713 Cod: 37-16 \u2713 Brand: MEYLE \u2713 \u00cen stoc \u2713 Livrare 24h \u2713 Garan\u021bie!\" \/>\n<meta property=\"og:url\" content=\"https:\/\/autorival.ro\/fiat\/product\/bieleta-antiruliu-fiat-freemont-345_-2-0-jtd-diesel-140-cai-meyle-37-16-060-0041-hd\/\" \/>\n<meta property=\"og:site_name\" content=\"FIAT\" \/>\n<meta property=\"og:image\" content=\"https:\/\/autorival.ro\/fiat\/wp-content\/uploads\/sites\/9\/2025\/05\/fs_37160600041hd_1.jpg\" \/>\n\t<meta property=\"og:image:width\" content=\"600\" \/>\n\t<meta property=\"og:image:height\" content=\"400\" \/>\n\t<meta property=\"og:image:type\" content=\"image\/jpeg\" \/>\n<meta name=\"twitter:card\" content=\"summary_large_image\" \/>\n<meta name=\"twitter:title\" content=\"Bieleta antiruliu FIAT FREEMONT (345_) 2.0 JTD diesel 140 cai MEYLE 37-16 060 0041\/HD FIAT | MEYLE - Autorival\" \/>\n<meta name=\"twitter:description\" content=\"\u26a1 Bieleta antiruliu FIAT FREEMONT (345_) 2.0 JTD diesel 140 cai MEYLE 37-16 060 0041\/HD pentru FIAT la doar 115.5 RON. \u2713 Cod: 37-16 \u2713 Brand: MEYLE \u2713 \u00cen stoc \u2713 Livrare 24h \u2713 Garan\u021bie!\" \/>\n<script type=\"application\/ld+json\" class=\"yoast-schema-graph\">{\"@context\":\"https:\\\/\\\/schema.org\",\"@graph\":[{\"@type\":\"WebPage\",\"@id\":\"https:\\\/\\\/autorival.ro\\\/fiat\\\/product\\\/bieleta-antiruliu-fiat-freemont-345_-2-0-jtd-diesel-140-cai-meyle-37-16-060-0041-hd\\\/\",\"url\":\"https:\\\/\\\/autorival.ro\\\/fiat\\\/product\\\/bieleta-antiruliu-fiat-freemont-345_-2-0-jtd-diesel-140-cai-meyle-37-16-060-0041-hd\\\/\",\"name\":\"Bieleta antiruliu FIAT FREEMONT (345_) 2.0 JTD diesel 140 cai MEYLE 37-16 060 0041\\\/HD FIAT | MEYLE - Autorival\",\"isPartOf\":{\"@id\":\"https:\\\/\\\/autorival.ro\\\/fiat\\\/#website\"},\"primaryImageOfPage\":{\"@id\":\"https:\\\/\\\/autorival.ro\\\/fiat\\\/product\\\/bieleta-antiruliu-fiat-freemont-345_-2-0-jtd-diesel-140-cai-meyle-37-16-060-0041-hd\\\/#primaryimage\"},\"image\":{\"@id\":\"https:\\\/\\\/autorival.ro\\\/fiat\\\/product\\\/bieleta-antiruliu-fiat-freemont-345_-2-0-jtd-diesel-140-cai-meyle-37-16-060-0041-hd\\\/#primaryimage\"},\"thumbnailUrl\":\"https:\\\/\\\/autorival.ro\\\/fiat\\\/wp-content\\\/uploads\\\/sites\\\/9\\\/2025\\\/05\\\/fs_37160600041hd_1.jpg\",\"datePublished\":\"2025-05-14T16:51:15+00:00\",\"description\":\"\u26a1 Bieleta antiruliu FIAT FREEMONT (345_) 2.0 JTD diesel 140 cai MEYLE 37-16 060 0041\\\/HD pentru FIAT la doar 115.5 RON. \u2713 Cod: 37-16 \u2713 Brand: MEYLE \u2713 \u00cen stoc \u2713 Livrare 24h \u2713 Garan\u021bie!\",\"breadcrumb\":{\"@id\":\"https:\\\/\\\/autorival.ro\\\/fiat\\\/product\\\/bieleta-antiruliu-fiat-freemont-345_-2-0-jtd-diesel-140-cai-meyle-37-16-060-0041-hd\\\/#breadcrumb\"},\"inLanguage\":\"en-US\",\"potentialAction\":[{\"@type\":\"ReadAction\",\"target\":[\"https:\\\/\\\/autorival.ro\\\/fiat\\\/product\\\/bieleta-antiruliu-fiat-freemont-345_-2-0-jtd-diesel-140-cai-meyle-37-16-060-0041-hd\\\/\"]}]},{\"@type\":\"ImageObject\",\"inLanguage\":\"en-US\",\"@id\":\"https:\\\/\\\/autorival.ro\\\/fiat\\\/product\\\/bieleta-antiruliu-fiat-freemont-345_-2-0-jtd-diesel-140-cai-meyle-37-16-060-0041-hd\\\/#primaryimage\",\"url\":\"https:\\\/\\\/autorival.ro\\\/fiat\\\/wp-content\\\/uploads\\\/sites\\\/9\\\/2025\\\/05\\\/fs_37160600041hd_1.jpg\",\"contentUrl\":\"https:\\\/\\\/autorival.ro\\\/fiat\\\/wp-content\\\/uploads\\\/sites\\\/9\\\/2025\\\/05\\\/fs_37160600041hd_1.jpg\",\"width\":600,\"height\":400,\"caption\":\"Bieleta antiruliu FIAT FREEMONT (345_) 2.0 JTD 4x4 diesel 163 cai MEYLE 37-16 060 0041\\\/HD\"},{\"@type\":\"BreadcrumbList\",\"@id\":\"https:\\\/\\\/autorival.ro\\\/fiat\\\/product\\\/bieleta-antiruliu-fiat-freemont-345_-2-0-jtd-diesel-140-cai-meyle-37-16-060-0041-hd\\\/#breadcrumb\",\"itemListElement\":[{\"@type\":\"ListItem\",\"position\":1,\"name\":\"Prima pagin\u0103\",\"item\":\"https:\\\/\\\/autorival.ro\\\/fiat\\\/\"},{\"@type\":\"ListItem\",\"position\":2,\"name\":\"Piese auto FIAT\",\"item\":\"https:\\\/\\\/autorival.ro\\\/fiat\\\/\"},{\"@type\":\"ListItem\",\"position\":3,\"name\":\"Bieleta antiruliu FIAT FREEMONT (345_) 2.0 JTD diesel 140 cai MEYLE 37-16 060 0041\\\/HD\"}]},{\"@type\":\"WebSite\",\"@id\":\"https:\\\/\\\/autorival.ro\\\/fiat\\\/#website\",\"url\":\"https:\\\/\\\/autorival.ro\\\/fiat\\\/\",\"name\":\"FIAT\",\"description\":\"\",\"potentialAction\":[{\"@type\":\"SearchAction\",\"target\":{\"@type\":\"EntryPoint\",\"urlTemplate\":\"https:\\\/\\\/autorival.ro\\\/fiat\\\/?s={search_term_string}\"},\"query-input\":{\"@type\":\"PropertyValueSpecification\",\"valueRequired\":true,\"valueName\":\"search_term_string\"}}],\"inLanguage\":\"en-US\"}]}<\/script>\n<!-- \/ Yoast SEO plugin. -->","yoast_head_json":{"title":"Bieleta antiruliu FIAT FREEMONT (345_) 2.0 JTD diesel 140 cai MEYLE 37-16 060 0041\/HD FIAT | MEYLE - Autorival","description":"\u26a1 Bieleta antiruliu FIAT FREEMONT (345_) 2.0 JTD diesel 140 cai MEYLE 37-16 060 0041\/HD pentru FIAT la doar 115.5 RON. \u2713 Cod: 37-16 \u2713 Brand: MEYLE \u2713 \u00cen stoc \u2713 Livrare 24h \u2713 Garan\u021bie!","robots":{"index":"index","follow":"follow","max-snippet":"max-snippet:-1","max-image-preview":"max-image-preview:large","max-video-preview":"max-video-preview:-1"},"og_locale":"en_US","og_type":"article","og_title":"Bieleta antiruliu FIAT FREEMONT (345_) 2.0 JTD diesel 140 cai MEYLE 37-16 060 0041\/HD FIAT | MEYLE - Autorival","og_description":"\u26a1 Bieleta antiruliu FIAT FREEMONT (345_) 2.0 JTD diesel 140 cai MEYLE 37-16 060 0041\/HD pentru FIAT la doar 115.5 RON. \u2713 Cod: 37-16 \u2713 Brand: MEYLE \u2713 \u00cen stoc \u2713 Livrare 24h \u2713 Garan\u021bie!","og_url":"https:\/\/autorival.ro\/fiat\/product\/bieleta-antiruliu-fiat-freemont-345_-2-0-jtd-diesel-140-cai-meyle-37-16-060-0041-hd\/","og_site_name":"FIAT","og_image":[{"width":600,"height":400,"url":"https:\/\/autorival.ro\/fiat\/wp-content\/uploads\/sites\/9\/2025\/05\/fs_37160600041hd_1.jpg","type":"image\/jpeg"}],"twitter_card":"summary_large_image","twitter_title":"Bieleta antiruliu FIAT FREEMONT (345_) 2.0 JTD diesel 140 cai MEYLE 37-16 060 0041\/HD FIAT | MEYLE - Autorival","twitter_description":"\u26a1 Bieleta antiruliu FIAT FREEMONT (345_) 2.0 JTD diesel 140 cai MEYLE 37-16 060 0041\/HD pentru FIAT la doar 115.5 RON. \u2713 Cod: 37-16 \u2713 Brand: MEYLE \u2713 \u00cen stoc \u2713 Livrare 24h \u2713 Garan\u021bie!","schema":{"@context":"https:\/\/schema.org","@graph":[{"@type":"WebPage","@id":"https:\/\/autorival.ro\/fiat\/product\/bieleta-antiruliu-fiat-freemont-345_-2-0-jtd-diesel-140-cai-meyle-37-16-060-0041-hd\/","url":"https:\/\/autorival.ro\/fiat\/product\/bieleta-antiruliu-fiat-freemont-345_-2-0-jtd-diesel-140-cai-meyle-37-16-060-0041-hd\/","name":"Bieleta antiruliu FIAT FREEMONT (345_) 2.0 JTD diesel 140 cai MEYLE 37-16 060 0041\/HD FIAT | MEYLE - Autorival","isPartOf":{"@id":"https:\/\/autorival.ro\/fiat\/#website"},"primaryImageOfPage":{"@id":"https:\/\/autorival.ro\/fiat\/product\/bieleta-antiruliu-fiat-freemont-345_-2-0-jtd-diesel-140-cai-meyle-37-16-060-0041-hd\/#primaryimage"},"image":{"@id":"https:\/\/autorival.ro\/fiat\/product\/bieleta-antiruliu-fiat-freemont-345_-2-0-jtd-diesel-140-cai-meyle-37-16-060-0041-hd\/#primaryimage"},"thumbnailUrl":"https:\/\/autorival.ro\/fiat\/wp-content\/uploads\/sites\/9\/2025\/05\/fs_37160600041hd_1.jpg","datePublished":"2025-05-14T16:51:15+00:00","description":"\u26a1 Bieleta antiruliu FIAT FREEMONT (345_) 2.0 JTD diesel 140 cai MEYLE 37-16 060 0041\/HD pentru FIAT la doar 115.5 RON. \u2713 Cod: 37-16 \u2713 Brand: MEYLE \u2713 \u00cen stoc \u2713 Livrare 24h \u2713 Garan\u021bie!","breadcrumb":{"@id":"https:\/\/autorival.ro\/fiat\/product\/bieleta-antiruliu-fiat-freemont-345_-2-0-jtd-diesel-140-cai-meyle-37-16-060-0041-hd\/#breadcrumb"},"inLanguage":"en-US","potentialAction":[{"@type":"ReadAction","target":["https:\/\/autorival.ro\/fiat\/product\/bieleta-antiruliu-fiat-freemont-345_-2-0-jtd-diesel-140-cai-meyle-37-16-060-0041-hd\/"]}]},{"@type":"ImageObject","inLanguage":"en-US","@id":"https:\/\/autorival.ro\/fiat\/product\/bieleta-antiruliu-fiat-freemont-345_-2-0-jtd-diesel-140-cai-meyle-37-16-060-0041-hd\/#primaryimage","url":"https:\/\/autorival.ro\/fiat\/wp-content\/uploads\/sites\/9\/2025\/05\/fs_37160600041hd_1.jpg","contentUrl":"https:\/\/autorival.ro\/fiat\/wp-content\/uploads\/sites\/9\/2025\/05\/fs_37160600041hd_1.jpg","width":600,"height":400,"caption":"Bieleta antiruliu FIAT FREEMONT (345_) 2.0 JTD 4x4 diesel 163 cai MEYLE 37-16 060 0041\/HD"},{"@type":"BreadcrumbList","@id":"https:\/\/autorival.ro\/fiat\/product\/bieleta-antiruliu-fiat-freemont-345_-2-0-jtd-diesel-140-cai-meyle-37-16-060-0041-hd\/#breadcrumb","itemListElement":[{"@type":"ListItem","position":1,"name":"Prima pagin\u0103","item":"https:\/\/autorival.ro\/fiat\/"},{"@type":"ListItem","position":2,"name":"Piese auto FIAT","item":"https:\/\/autorival.ro\/fiat\/"},{"@type":"ListItem","position":3,"name":"Bieleta antiruliu FIAT FREEMONT (345_) 2.0 JTD diesel 140 cai MEYLE 37-16 060 0041\/HD"}]},{"@type":"WebSite","@id":"https:\/\/autorival.ro\/fiat\/#website","url":"https:\/\/autorival.ro\/fiat\/","name":"FIAT","description":"","potentialAction":[{"@type":"SearchAction","target":{"@type":"EntryPoint","urlTemplate":"https:\/\/autorival.ro\/fiat\/?s={search_term_string}"},"query-input":{"@type":"PropertyValueSpecification","valueRequired":true,"valueName":"search_term_string"}}],"inLanguage":"en-US"}]}},"_links":{"self":[{"href":"https:\/\/autorival.ro\/fiat\/wp-json\/wp\/v2\/product\/71646","targetHints":{"allow":["GET"]}}],"collection":[{"href":"https:\/\/autorival.ro\/fiat\/wp-json\/wp\/v2\/product"}],"about":[{"href":"https:\/\/autorival.ro\/fiat\/wp-json\/wp\/v2\/types\/product"}],"replies":[{"embeddable":true,"href":"https:\/\/autorival.ro\/fiat\/wp-json\/wp\/v2\/comments?post=71646"}],"wp:featuredmedia":[{"embeddable":true,"href":"https:\/\/autorival.ro\/fiat\/wp-json\/wp\/v2\/media\/71570"}],"wp:attachment":[{"href":"https:\/\/autorival.ro\/fiat\/wp-json\/wp\/v2\/media?parent=71646"}],"wp:term":[{"taxonomy":"product_brand","embeddable":true,"href":"https:\/\/autorival.ro\/fiat\/wp-json\/wp\/v2\/product_brand?post=71646"},{"taxonomy":"product_cat","embeddable":true,"href":"https:\/\/autorival.ro\/fiat\/wp-json\/wp\/v2\/product_cat?post=71646"},{"taxonomy":"product_tag","embeddable":true,"href":"https:\/\/autorival.ro\/fiat\/wp-json\/wp\/v2\/product_tag?post=71646"}],"curies":[{"name":"wp","href":"https:\/\/api.w.org\/{rel}","templated":true}]}}