{"id":427501,"date":"2025-05-26T05:21:33","date_gmt":"2025-05-26T05:21:33","guid":{"rendered":"https:\/\/autorival.ro\/fiat\/product\/suport-ax-fiat-500-312_-1-3-d-multijet-312axe1a-diesel-95-cai-meyle-214-710-0003\/"},"modified":"2025-05-26T05:21:33","modified_gmt":"2025-05-26T05:21:33","slug":"suport-ax-fiat-500-312_-1-3-d-multijet-312axe1a-diesel-95-cai-meyle-214-710-0003","status":"publish","type":"product","link":"https:\/\/autorival.ro\/fiat\/product\/suport-ax-fiat-500-312_-1-3-d-multijet-312axe1a-diesel-95-cai-meyle-214-710-0003\/","title":{"rendered":"Suport ax FIAT 500 (312_) 1.3 D Multijet (312AXE1A) diesel 95 cai MEYLE 214 710 0003"},"content":{"rendered":"<p>Partea de montare: Axa spate stanga, Axa spate dreapta\u00cenaltime [mm]: 52 ->Diametru interior [mm]: 12 ->Diametru exterior [mm]: 54Numar bucati necesare: 2\u00eenlocuire \u00een pereche recomandat\u0103<\/p>\n","protected":false},"excerpt":{"rendered":"<p>Producator: MEYLE Cod producator: 214 710 0003<\/p>\n","protected":false},"featured_media":427502,"comment_status":"open","ping_status":"closed","template":"","meta":[],"product_brand":[985],"product_cat":[35608],"product_tag":[38308,38367,38297,38291,38439,38368,38819],"class_list":{"0":"post-427501","1":"product","2":"type-product","3":"status-publish","4":"has-post-thumbnail","6":"product_brand-meyle","7":"product_cat-suport-ax-312_-1-3-d-multijet-312axe1a-diesel-95","8":"product_tag-312_","9":"product_tag-1-3","10":"product_tag-38297","11":"product_tag-fiat","12":"product_tag-meyle","13":"product_tag-multijet","14":"product_tag-suport","16":"first","17":"instock","18":"shipping-taxable","19":"purchasable","20":"product-type-simple"},"yoast_head":"<!-- This site is optimized with the Yoast SEO plugin v27.3 - https:\/\/yoast.com\/product\/yoast-seo-wordpress\/ -->\n<title>Suport ax FIAT 500 (312_) 1.3 D Multijet (312AXE1A) diesel 95 cai MEYLE 214 710 0003 FIAT | MEYLE - Autorival<\/title>\n<meta name=\"description\" content=\"\u26a1 Suport ax FIAT 500 (312_) 1.3 D Multijet (312AXE1A) diesel 95 cai MEYLE 214 710 0003 pentru FIAT la doar 54.6 RON. \u2713 Cod: 214 \u2713 Brand: MEYLE \u2713 \u00cen stoc \u2713 Livrare 24h \u2713 Garan\u021bie!\" \/>\n<meta name=\"robots\" content=\"index, follow, max-snippet:-1, max-image-preview:large, max-video-preview:-1\" \/>\n<meta property=\"og:locale\" content=\"en_US\" \/>\n<meta property=\"og:type\" content=\"article\" \/>\n<meta property=\"og:title\" content=\"Suport ax FIAT 500 (312_) 1.3 D Multijet (312AXE1A) diesel 95 cai MEYLE 214 710 0003 FIAT | MEYLE - Autorival\" \/>\n<meta property=\"og:description\" content=\"\u26a1 Suport ax FIAT 500 (312_) 1.3 D Multijet (312AXE1A) diesel 95 cai MEYLE 214 710 0003 pentru FIAT la doar 54.6 RON. \u2713 Cod: 214 \u2713 Brand: MEYLE \u2713 \u00cen stoc \u2713 Livrare 24h \u2713 Garan\u021bie!\" \/>\n<meta property=\"og:url\" content=\"https:\/\/autorival.ro\/fiat\/product\/suport-ax-fiat-500-312_-1-3-d-multijet-312axe1a-diesel-95-cai-meyle-214-710-0003\/\" \/>\n<meta property=\"og:site_name\" content=\"FIAT\" \/>\n<meta property=\"og:image\" content=\"https:\/\/autorival.ro\/fiat\/wp-content\/uploads\/sites\/9\/2025\/05\/fs_2147100003_1-5.jpg\" \/>\n\t<meta property=\"og:image:width\" content=\"600\" \/>\n\t<meta property=\"og:image:height\" content=\"400\" \/>\n\t<meta property=\"og:image:type\" content=\"image\/jpeg\" \/>\n<meta name=\"twitter:card\" content=\"summary_large_image\" \/>\n<meta name=\"twitter:title\" content=\"Suport ax FIAT 500 (312_) 1.3 D Multijet (312AXE1A) diesel 95 cai MEYLE 214 710 0003 FIAT | MEYLE - Autorival\" \/>\n<meta name=\"twitter:description\" content=\"\u26a1 Suport ax FIAT 500 (312_) 1.3 D Multijet (312AXE1A) diesel 95 cai MEYLE 214 710 0003 pentru FIAT la doar 54.6 RON. \u2713 Cod: 214 \u2713 Brand: MEYLE \u2713 \u00cen stoc \u2713 Livrare 24h \u2713 Garan\u021bie!\" \/>\n<script type=\"application\/ld+json\" class=\"yoast-schema-graph\">{\"@context\":\"https:\\\/\\\/schema.org\",\"@graph\":[{\"@type\":\"WebPage\",\"@id\":\"https:\\\/\\\/autorival.ro\\\/fiat\\\/product\\\/suport-ax-fiat-500-312_-1-3-d-multijet-312axe1a-diesel-95-cai-meyle-214-710-0003\\\/\",\"url\":\"https:\\\/\\\/autorival.ro\\\/fiat\\\/product\\\/suport-ax-fiat-500-312_-1-3-d-multijet-312axe1a-diesel-95-cai-meyle-214-710-0003\\\/\",\"name\":\"Suport ax FIAT 500 (312_) 1.3 D Multijet (312AXE1A) diesel 95 cai MEYLE 214 710 0003 FIAT | MEYLE - Autorival\",\"isPartOf\":{\"@id\":\"https:\\\/\\\/autorival.ro\\\/fiat\\\/#website\"},\"primaryImageOfPage\":{\"@id\":\"https:\\\/\\\/autorival.ro\\\/fiat\\\/product\\\/suport-ax-fiat-500-312_-1-3-d-multijet-312axe1a-diesel-95-cai-meyle-214-710-0003\\\/#primaryimage\"},\"image\":{\"@id\":\"https:\\\/\\\/autorival.ro\\\/fiat\\\/product\\\/suport-ax-fiat-500-312_-1-3-d-multijet-312axe1a-diesel-95-cai-meyle-214-710-0003\\\/#primaryimage\"},\"thumbnailUrl\":\"https:\\\/\\\/autorival.ro\\\/fiat\\\/wp-content\\\/uploads\\\/sites\\\/9\\\/2025\\\/05\\\/fs_2147100003_1-5.jpg\",\"datePublished\":\"2025-05-26T05:21:33+00:00\",\"description\":\"\u26a1 Suport ax FIAT 500 (312_) 1.3 D Multijet (312AXE1A) diesel 95 cai MEYLE 214 710 0003 pentru FIAT la doar 54.6 RON. \u2713 Cod: 214 \u2713 Brand: MEYLE \u2713 \u00cen stoc \u2713 Livrare 24h \u2713 Garan\u021bie!\",\"breadcrumb\":{\"@id\":\"https:\\\/\\\/autorival.ro\\\/fiat\\\/product\\\/suport-ax-fiat-500-312_-1-3-d-multijet-312axe1a-diesel-95-cai-meyle-214-710-0003\\\/#breadcrumb\"},\"inLanguage\":\"en-US\",\"potentialAction\":[{\"@type\":\"ReadAction\",\"target\":[\"https:\\\/\\\/autorival.ro\\\/fiat\\\/product\\\/suport-ax-fiat-500-312_-1-3-d-multijet-312axe1a-diesel-95-cai-meyle-214-710-0003\\\/\"]}]},{\"@type\":\"ImageObject\",\"inLanguage\":\"en-US\",\"@id\":\"https:\\\/\\\/autorival.ro\\\/fiat\\\/product\\\/suport-ax-fiat-500-312_-1-3-d-multijet-312axe1a-diesel-95-cai-meyle-214-710-0003\\\/#primaryimage\",\"url\":\"https:\\\/\\\/autorival.ro\\\/fiat\\\/wp-content\\\/uploads\\\/sites\\\/9\\\/2025\\\/05\\\/fs_2147100003_1-5.jpg\",\"contentUrl\":\"https:\\\/\\\/autorival.ro\\\/fiat\\\/wp-content\\\/uploads\\\/sites\\\/9\\\/2025\\\/05\\\/fs_2147100003_1-5.jpg\",\"width\":600,\"height\":400},{\"@type\":\"BreadcrumbList\",\"@id\":\"https:\\\/\\\/autorival.ro\\\/fiat\\\/product\\\/suport-ax-fiat-500-312_-1-3-d-multijet-312axe1a-diesel-95-cai-meyle-214-710-0003\\\/#breadcrumb\",\"itemListElement\":[{\"@type\":\"ListItem\",\"position\":1,\"name\":\"Prima pagin\u0103\",\"item\":\"https:\\\/\\\/autorival.ro\\\/fiat\\\/\"},{\"@type\":\"ListItem\",\"position\":2,\"name\":\"Piese auto FIAT\",\"item\":\"https:\\\/\\\/autorival.ro\\\/fiat\\\/\"},{\"@type\":\"ListItem\",\"position\":3,\"name\":\"Suport ax FIAT 500 (312_) 1.3 D Multijet (312AXE1A) diesel 95 cai MEYLE 214 710 0003\"}]},{\"@type\":\"WebSite\",\"@id\":\"https:\\\/\\\/autorival.ro\\\/fiat\\\/#website\",\"url\":\"https:\\\/\\\/autorival.ro\\\/fiat\\\/\",\"name\":\"FIAT\",\"description\":\"\",\"potentialAction\":[{\"@type\":\"SearchAction\",\"target\":{\"@type\":\"EntryPoint\",\"urlTemplate\":\"https:\\\/\\\/autorival.ro\\\/fiat\\\/?s={search_term_string}\"},\"query-input\":{\"@type\":\"PropertyValueSpecification\",\"valueRequired\":true,\"valueName\":\"search_term_string\"}}],\"inLanguage\":\"en-US\"}]}<\/script>\n<!-- \/ Yoast SEO plugin. -->","yoast_head_json":{"title":"Suport ax FIAT 500 (312_) 1.3 D Multijet (312AXE1A) diesel 95 cai MEYLE 214 710 0003 FIAT | MEYLE - Autorival","description":"\u26a1 Suport ax FIAT 500 (312_) 1.3 D Multijet (312AXE1A) diesel 95 cai MEYLE 214 710 0003 pentru FIAT la doar 54.6 RON. \u2713 Cod: 214 \u2713 Brand: MEYLE \u2713 \u00cen stoc \u2713 Livrare 24h \u2713 Garan\u021bie!","robots":{"index":"index","follow":"follow","max-snippet":"max-snippet:-1","max-image-preview":"max-image-preview:large","max-video-preview":"max-video-preview:-1"},"og_locale":"en_US","og_type":"article","og_title":"Suport ax FIAT 500 (312_) 1.3 D Multijet (312AXE1A) diesel 95 cai MEYLE 214 710 0003 FIAT | MEYLE - Autorival","og_description":"\u26a1 Suport ax FIAT 500 (312_) 1.3 D Multijet (312AXE1A) diesel 95 cai MEYLE 214 710 0003 pentru FIAT la doar 54.6 RON. \u2713 Cod: 214 \u2713 Brand: MEYLE \u2713 \u00cen stoc \u2713 Livrare 24h \u2713 Garan\u021bie!","og_url":"https:\/\/autorival.ro\/fiat\/product\/suport-ax-fiat-500-312_-1-3-d-multijet-312axe1a-diesel-95-cai-meyle-214-710-0003\/","og_site_name":"FIAT","og_image":[{"width":600,"height":400,"url":"https:\/\/autorival.ro\/fiat\/wp-content\/uploads\/sites\/9\/2025\/05\/fs_2147100003_1-5.jpg","type":"image\/jpeg"}],"twitter_card":"summary_large_image","twitter_title":"Suport ax FIAT 500 (312_) 1.3 D Multijet (312AXE1A) diesel 95 cai MEYLE 214 710 0003 FIAT | MEYLE - Autorival","twitter_description":"\u26a1 Suport ax FIAT 500 (312_) 1.3 D Multijet (312AXE1A) diesel 95 cai MEYLE 214 710 0003 pentru FIAT la doar 54.6 RON. \u2713 Cod: 214 \u2713 Brand: MEYLE \u2713 \u00cen stoc \u2713 Livrare 24h \u2713 Garan\u021bie!","schema":{"@context":"https:\/\/schema.org","@graph":[{"@type":"WebPage","@id":"https:\/\/autorival.ro\/fiat\/product\/suport-ax-fiat-500-312_-1-3-d-multijet-312axe1a-diesel-95-cai-meyle-214-710-0003\/","url":"https:\/\/autorival.ro\/fiat\/product\/suport-ax-fiat-500-312_-1-3-d-multijet-312axe1a-diesel-95-cai-meyle-214-710-0003\/","name":"Suport ax FIAT 500 (312_) 1.3 D Multijet (312AXE1A) diesel 95 cai MEYLE 214 710 0003 FIAT | MEYLE - Autorival","isPartOf":{"@id":"https:\/\/autorival.ro\/fiat\/#website"},"primaryImageOfPage":{"@id":"https:\/\/autorival.ro\/fiat\/product\/suport-ax-fiat-500-312_-1-3-d-multijet-312axe1a-diesel-95-cai-meyle-214-710-0003\/#primaryimage"},"image":{"@id":"https:\/\/autorival.ro\/fiat\/product\/suport-ax-fiat-500-312_-1-3-d-multijet-312axe1a-diesel-95-cai-meyle-214-710-0003\/#primaryimage"},"thumbnailUrl":"https:\/\/autorival.ro\/fiat\/wp-content\/uploads\/sites\/9\/2025\/05\/fs_2147100003_1-5.jpg","datePublished":"2025-05-26T05:21:33+00:00","description":"\u26a1 Suport ax FIAT 500 (312_) 1.3 D Multijet (312AXE1A) diesel 95 cai MEYLE 214 710 0003 pentru FIAT la doar 54.6 RON. \u2713 Cod: 214 \u2713 Brand: MEYLE \u2713 \u00cen stoc \u2713 Livrare 24h \u2713 Garan\u021bie!","breadcrumb":{"@id":"https:\/\/autorival.ro\/fiat\/product\/suport-ax-fiat-500-312_-1-3-d-multijet-312axe1a-diesel-95-cai-meyle-214-710-0003\/#breadcrumb"},"inLanguage":"en-US","potentialAction":[{"@type":"ReadAction","target":["https:\/\/autorival.ro\/fiat\/product\/suport-ax-fiat-500-312_-1-3-d-multijet-312axe1a-diesel-95-cai-meyle-214-710-0003\/"]}]},{"@type":"ImageObject","inLanguage":"en-US","@id":"https:\/\/autorival.ro\/fiat\/product\/suport-ax-fiat-500-312_-1-3-d-multijet-312axe1a-diesel-95-cai-meyle-214-710-0003\/#primaryimage","url":"https:\/\/autorival.ro\/fiat\/wp-content\/uploads\/sites\/9\/2025\/05\/fs_2147100003_1-5.jpg","contentUrl":"https:\/\/autorival.ro\/fiat\/wp-content\/uploads\/sites\/9\/2025\/05\/fs_2147100003_1-5.jpg","width":600,"height":400},{"@type":"BreadcrumbList","@id":"https:\/\/autorival.ro\/fiat\/product\/suport-ax-fiat-500-312_-1-3-d-multijet-312axe1a-diesel-95-cai-meyle-214-710-0003\/#breadcrumb","itemListElement":[{"@type":"ListItem","position":1,"name":"Prima pagin\u0103","item":"https:\/\/autorival.ro\/fiat\/"},{"@type":"ListItem","position":2,"name":"Piese auto FIAT","item":"https:\/\/autorival.ro\/fiat\/"},{"@type":"ListItem","position":3,"name":"Suport ax FIAT 500 (312_) 1.3 D Multijet (312AXE1A) diesel 95 cai MEYLE 214 710 0003"}]},{"@type":"WebSite","@id":"https:\/\/autorival.ro\/fiat\/#website","url":"https:\/\/autorival.ro\/fiat\/","name":"FIAT","description":"","potentialAction":[{"@type":"SearchAction","target":{"@type":"EntryPoint","urlTemplate":"https:\/\/autorival.ro\/fiat\/?s={search_term_string}"},"query-input":{"@type":"PropertyValueSpecification","valueRequired":true,"valueName":"search_term_string"}}],"inLanguage":"en-US"}]}},"_links":{"self":[{"href":"https:\/\/autorival.ro\/fiat\/wp-json\/wp\/v2\/product\/427501","targetHints":{"allow":["GET"]}}],"collection":[{"href":"https:\/\/autorival.ro\/fiat\/wp-json\/wp\/v2\/product"}],"about":[{"href":"https:\/\/autorival.ro\/fiat\/wp-json\/wp\/v2\/types\/product"}],"replies":[{"embeddable":true,"href":"https:\/\/autorival.ro\/fiat\/wp-json\/wp\/v2\/comments?post=427501"}],"wp:featuredmedia":[{"embeddable":true,"href":"https:\/\/autorival.ro\/fiat\/wp-json\/wp\/v2\/media\/427502"}],"wp:attachment":[{"href":"https:\/\/autorival.ro\/fiat\/wp-json\/wp\/v2\/media?parent=427501"}],"wp:term":[{"taxonomy":"product_brand","embeddable":true,"href":"https:\/\/autorival.ro\/fiat\/wp-json\/wp\/v2\/product_brand?post=427501"},{"taxonomy":"product_cat","embeddable":true,"href":"https:\/\/autorival.ro\/fiat\/wp-json\/wp\/v2\/product_cat?post=427501"},{"taxonomy":"product_tag","embeddable":true,"href":"https:\/\/autorival.ro\/fiat\/wp-json\/wp\/v2\/product_tag?post=427501"}],"curies":[{"name":"wp","href":"https:\/\/api.w.org\/{rel}","templated":true}]}}