{"id":417911,"date":"2025-05-26T03:23:36","date_gmt":"2025-05-26T03:23:36","guid":{"rendered":"https:\/\/autorival.ro\/fiat\/product\/sonda-lambda-fiat-doblo-cargo-263_-1-4-natural-power-benzina-gaz-metan-gnc-120-cai-denso-dox-0150\/"},"modified":"2025-05-26T03:23:36","modified_gmt":"2025-05-26T03:23:36","slug":"sonda-lambda-fiat-doblo-cargo-263_-1-4-natural-power-benzina-gaz-metan-gnc-120-cai-denso-dox-0150","status":"publish","type":"product","link":"https:\/\/autorival.ro\/fiat\/product\/sonda-lambda-fiat-doblo-cargo-263_-1-4-natural-power-benzina-gaz-metan-gnc-120-cai-denso-dox-0150\/","title":{"rendered":"Sonda Lambda FIAT DOBLO Cargo (263_) 1.4 Natural Power Benzina\/Gaz metan (GNC) 120 cai DENSO DOX-0150"},"content":{"rendered":"<p>Sonda lambda: Sonda reglaj, Sonda diagnozaSistem de esapament: pentru precatalizatorCalitate: OERestrictiile producatorului: DENSO ->Dimensiune filet: M18x1.5 ->Lungime cablu [mm]: 750Num\u0103rul conexiunilor cu muf\u0103: 4Masa [g]: 93Sonda lambda: incalzit, Sonda planara, Filet gresat \u00een prealabil, Sound\u0103 Lambda ->Greutate brut\u0103 [g]: 140<\/p>\n","protected":false},"excerpt":{"rendered":"<p>Producator: DENSO Cod producator: DOX-0150<\/p>\n","protected":false},"featured_media":455126,"comment_status":"open","ping_status":"closed","template":"","meta":[],"product_brand":[796],"product_cat":[34850],"product_tag":[38351,38318,39623,38291,39572,39571],"class_list":{"0":"post-417911","1":"product","2":"type-product","3":"status-publish","4":"has-post-thumbnail","6":"product_brand-denso","7":"product_cat-sonda-lambda-cargo-263_-1-4-natural-power-benzina-gaz-metan-gnc-120","8":"product_tag-denso","9":"product_tag-doblo","10":"product_tag-dox","11":"product_tag-fiat","12":"product_tag-lambda","13":"product_tag-sonda","15":"first","16":"instock","17":"shipping-taxable","18":"purchasable","19":"product-type-simple"},"yoast_head":"<!-- This site is optimized with the Yoast SEO plugin v27.3 - https:\/\/yoast.com\/product\/yoast-seo-wordpress\/ -->\n<title>Sonda Lambda FIAT DOBLO Cargo (263_) 1.4 Natural Power Benzina\/Gaz metan (GNC) 120 cai DENSO DOX-0150 FIAT | DENSO - Autorival<\/title>\n<meta name=\"description\" content=\"\u26a1 Sonda Lambda FIAT DOBLO Cargo (263_) 1.4 Natural Power Benzina\/Gaz metan (GNC) 120 cai DENSO DOX-0150 pentru FIAT la doar 263.55 RON. \u2713 Cod: DOX-0150 \u2713 Brand: DENSO \u2713 \u00cen stoc \u2713 Livrare 24h \u2713 Garan\u021bie!\" \/>\n<meta name=\"robots\" content=\"index, follow, max-snippet:-1, max-image-preview:large, max-video-preview:-1\" \/>\n<meta property=\"og:locale\" content=\"en_US\" \/>\n<meta property=\"og:type\" content=\"article\" \/>\n<meta property=\"og:title\" content=\"Sonda Lambda FIAT DOBLO Cargo (263_) 1.4 Natural Power Benzina\/Gaz metan (GNC) 120 cai DENSO DOX-0150 FIAT | DENSO - Autorival\" \/>\n<meta property=\"og:description\" content=\"\u26a1 Sonda Lambda FIAT DOBLO Cargo (263_) 1.4 Natural Power Benzina\/Gaz metan (GNC) 120 cai DENSO DOX-0150 pentru FIAT la doar 263.55 RON. \u2713 Cod: DOX-0150 \u2713 Brand: DENSO \u2713 \u00cen stoc \u2713 Livrare 24h \u2713 Garan\u021bie!\" \/>\n<meta property=\"og:url\" content=\"https:\/\/autorival.ro\/fiat\/product\/sonda-lambda-fiat-doblo-cargo-263_-1-4-natural-power-benzina-gaz-metan-gnc-120-cai-denso-dox-0150\/\" \/>\n<meta property=\"og:site_name\" content=\"FIAT\" \/>\n<meta property=\"og:image\" content=\"https:\/\/autorival.ro\/fiat\/wp-content\/uploads\/sites\/9\/2025\/07\/fiat0105.png\" \/>\n\t<meta property=\"og:image:width\" content=\"474\" \/>\n\t<meta property=\"og:image:height\" content=\"474\" \/>\n\t<meta property=\"og:image:type\" content=\"image\/png\" \/>\n<meta name=\"twitter:card\" content=\"summary_large_image\" \/>\n<meta name=\"twitter:title\" content=\"Sonda Lambda FIAT DOBLO Cargo (263_) 1.4 Natural Power Benzina\/Gaz metan (GNC) 120 cai DENSO DOX-0150 FIAT | DENSO - Autorival\" \/>\n<meta name=\"twitter:description\" content=\"\u26a1 Sonda Lambda FIAT DOBLO Cargo (263_) 1.4 Natural Power Benzina\/Gaz metan (GNC) 120 cai DENSO DOX-0150 pentru FIAT la doar 263.55 RON. \u2713 Cod: DOX-0150 \u2713 Brand: DENSO \u2713 \u00cen stoc \u2713 Livrare 24h \u2713 Garan\u021bie!\" \/>\n<script type=\"application\/ld+json\" class=\"yoast-schema-graph\">{\"@context\":\"https:\\\/\\\/schema.org\",\"@graph\":[{\"@type\":\"WebPage\",\"@id\":\"https:\\\/\\\/autorival.ro\\\/fiat\\\/product\\\/sonda-lambda-fiat-doblo-cargo-263_-1-4-natural-power-benzina-gaz-metan-gnc-120-cai-denso-dox-0150\\\/\",\"url\":\"https:\\\/\\\/autorival.ro\\\/fiat\\\/product\\\/sonda-lambda-fiat-doblo-cargo-263_-1-4-natural-power-benzina-gaz-metan-gnc-120-cai-denso-dox-0150\\\/\",\"name\":\"Sonda Lambda FIAT DOBLO Cargo (263_) 1.4 Natural Power Benzina\\\/Gaz metan (GNC) 120 cai DENSO DOX-0150 FIAT | DENSO - Autorival\",\"isPartOf\":{\"@id\":\"https:\\\/\\\/autorival.ro\\\/fiat\\\/#website\"},\"primaryImageOfPage\":{\"@id\":\"https:\\\/\\\/autorival.ro\\\/fiat\\\/product\\\/sonda-lambda-fiat-doblo-cargo-263_-1-4-natural-power-benzina-gaz-metan-gnc-120-cai-denso-dox-0150\\\/#primaryimage\"},\"image\":{\"@id\":\"https:\\\/\\\/autorival.ro\\\/fiat\\\/product\\\/sonda-lambda-fiat-doblo-cargo-263_-1-4-natural-power-benzina-gaz-metan-gnc-120-cai-denso-dox-0150\\\/#primaryimage\"},\"thumbnailUrl\":\"https:\\\/\\\/autorival.ro\\\/fiat\\\/wp-content\\\/uploads\\\/sites\\\/9\\\/2025\\\/07\\\/fiat0105.png\",\"datePublished\":\"2025-05-26T03:23:36+00:00\",\"description\":\"\u26a1 Sonda Lambda FIAT DOBLO Cargo (263_) 1.4 Natural Power Benzina\\\/Gaz metan (GNC) 120 cai DENSO DOX-0150 pentru FIAT la doar 263.55 RON. \u2713 Cod: DOX-0150 \u2713 Brand: DENSO \u2713 \u00cen stoc \u2713 Livrare 24h \u2713 Garan\u021bie!\",\"breadcrumb\":{\"@id\":\"https:\\\/\\\/autorival.ro\\\/fiat\\\/product\\\/sonda-lambda-fiat-doblo-cargo-263_-1-4-natural-power-benzina-gaz-metan-gnc-120-cai-denso-dox-0150\\\/#breadcrumb\"},\"inLanguage\":\"en-US\",\"potentialAction\":[{\"@type\":\"ReadAction\",\"target\":[\"https:\\\/\\\/autorival.ro\\\/fiat\\\/product\\\/sonda-lambda-fiat-doblo-cargo-263_-1-4-natural-power-benzina-gaz-metan-gnc-120-cai-denso-dox-0150\\\/\"]}]},{\"@type\":\"ImageObject\",\"inLanguage\":\"en-US\",\"@id\":\"https:\\\/\\\/autorival.ro\\\/fiat\\\/product\\\/sonda-lambda-fiat-doblo-cargo-263_-1-4-natural-power-benzina-gaz-metan-gnc-120-cai-denso-dox-0150\\\/#primaryimage\",\"url\":\"https:\\\/\\\/autorival.ro\\\/fiat\\\/wp-content\\\/uploads\\\/sites\\\/9\\\/2025\\\/07\\\/fiat0105.png\",\"contentUrl\":\"https:\\\/\\\/autorival.ro\\\/fiat\\\/wp-content\\\/uploads\\\/sites\\\/9\\\/2025\\\/07\\\/fiat0105.png\",\"width\":474,\"height\":474},{\"@type\":\"BreadcrumbList\",\"@id\":\"https:\\\/\\\/autorival.ro\\\/fiat\\\/product\\\/sonda-lambda-fiat-doblo-cargo-263_-1-4-natural-power-benzina-gaz-metan-gnc-120-cai-denso-dox-0150\\\/#breadcrumb\",\"itemListElement\":[{\"@type\":\"ListItem\",\"position\":1,\"name\":\"Prima pagin\u0103\",\"item\":\"https:\\\/\\\/autorival.ro\\\/fiat\\\/\"},{\"@type\":\"ListItem\",\"position\":2,\"name\":\"Piese auto FIAT\",\"item\":\"https:\\\/\\\/autorival.ro\\\/fiat\\\/\"},{\"@type\":\"ListItem\",\"position\":3,\"name\":\"Sonda Lambda FIAT DOBLO Cargo (263_) 1.4 Natural Power Benzina\\\/Gaz metan (GNC) 120 cai DENSO DOX-0150\"}]},{\"@type\":\"WebSite\",\"@id\":\"https:\\\/\\\/autorival.ro\\\/fiat\\\/#website\",\"url\":\"https:\\\/\\\/autorival.ro\\\/fiat\\\/\",\"name\":\"FIAT\",\"description\":\"\",\"potentialAction\":[{\"@type\":\"SearchAction\",\"target\":{\"@type\":\"EntryPoint\",\"urlTemplate\":\"https:\\\/\\\/autorival.ro\\\/fiat\\\/?s={search_term_string}\"},\"query-input\":{\"@type\":\"PropertyValueSpecification\",\"valueRequired\":true,\"valueName\":\"search_term_string\"}}],\"inLanguage\":\"en-US\"}]}<\/script>\n<!-- \/ Yoast SEO plugin. -->","yoast_head_json":{"title":"Sonda Lambda FIAT DOBLO Cargo (263_) 1.4 Natural Power Benzina\/Gaz metan (GNC) 120 cai DENSO DOX-0150 FIAT | DENSO - Autorival","description":"\u26a1 Sonda Lambda FIAT DOBLO Cargo (263_) 1.4 Natural Power Benzina\/Gaz metan (GNC) 120 cai DENSO DOX-0150 pentru FIAT la doar 263.55 RON. \u2713 Cod: DOX-0150 \u2713 Brand: DENSO \u2713 \u00cen stoc \u2713 Livrare 24h \u2713 Garan\u021bie!","robots":{"index":"index","follow":"follow","max-snippet":"max-snippet:-1","max-image-preview":"max-image-preview:large","max-video-preview":"max-video-preview:-1"},"og_locale":"en_US","og_type":"article","og_title":"Sonda Lambda FIAT DOBLO Cargo (263_) 1.4 Natural Power Benzina\/Gaz metan (GNC) 120 cai DENSO DOX-0150 FIAT | DENSO - Autorival","og_description":"\u26a1 Sonda Lambda FIAT DOBLO Cargo (263_) 1.4 Natural Power Benzina\/Gaz metan (GNC) 120 cai DENSO DOX-0150 pentru FIAT la doar 263.55 RON. \u2713 Cod: DOX-0150 \u2713 Brand: DENSO \u2713 \u00cen stoc \u2713 Livrare 24h \u2713 Garan\u021bie!","og_url":"https:\/\/autorival.ro\/fiat\/product\/sonda-lambda-fiat-doblo-cargo-263_-1-4-natural-power-benzina-gaz-metan-gnc-120-cai-denso-dox-0150\/","og_site_name":"FIAT","og_image":[{"width":474,"height":474,"url":"https:\/\/autorival.ro\/fiat\/wp-content\/uploads\/sites\/9\/2025\/07\/fiat0105.png","type":"image\/png"}],"twitter_card":"summary_large_image","twitter_title":"Sonda Lambda FIAT DOBLO Cargo (263_) 1.4 Natural Power Benzina\/Gaz metan (GNC) 120 cai DENSO DOX-0150 FIAT | DENSO - Autorival","twitter_description":"\u26a1 Sonda Lambda FIAT DOBLO Cargo (263_) 1.4 Natural Power Benzina\/Gaz metan (GNC) 120 cai DENSO DOX-0150 pentru FIAT la doar 263.55 RON. \u2713 Cod: DOX-0150 \u2713 Brand: DENSO \u2713 \u00cen stoc \u2713 Livrare 24h \u2713 Garan\u021bie!","schema":{"@context":"https:\/\/schema.org","@graph":[{"@type":"WebPage","@id":"https:\/\/autorival.ro\/fiat\/product\/sonda-lambda-fiat-doblo-cargo-263_-1-4-natural-power-benzina-gaz-metan-gnc-120-cai-denso-dox-0150\/","url":"https:\/\/autorival.ro\/fiat\/product\/sonda-lambda-fiat-doblo-cargo-263_-1-4-natural-power-benzina-gaz-metan-gnc-120-cai-denso-dox-0150\/","name":"Sonda Lambda FIAT DOBLO Cargo (263_) 1.4 Natural Power Benzina\/Gaz metan (GNC) 120 cai DENSO DOX-0150 FIAT | DENSO - Autorival","isPartOf":{"@id":"https:\/\/autorival.ro\/fiat\/#website"},"primaryImageOfPage":{"@id":"https:\/\/autorival.ro\/fiat\/product\/sonda-lambda-fiat-doblo-cargo-263_-1-4-natural-power-benzina-gaz-metan-gnc-120-cai-denso-dox-0150\/#primaryimage"},"image":{"@id":"https:\/\/autorival.ro\/fiat\/product\/sonda-lambda-fiat-doblo-cargo-263_-1-4-natural-power-benzina-gaz-metan-gnc-120-cai-denso-dox-0150\/#primaryimage"},"thumbnailUrl":"https:\/\/autorival.ro\/fiat\/wp-content\/uploads\/sites\/9\/2025\/07\/fiat0105.png","datePublished":"2025-05-26T03:23:36+00:00","description":"\u26a1 Sonda Lambda FIAT DOBLO Cargo (263_) 1.4 Natural Power Benzina\/Gaz metan (GNC) 120 cai DENSO DOX-0150 pentru FIAT la doar 263.55 RON. \u2713 Cod: DOX-0150 \u2713 Brand: DENSO \u2713 \u00cen stoc \u2713 Livrare 24h \u2713 Garan\u021bie!","breadcrumb":{"@id":"https:\/\/autorival.ro\/fiat\/product\/sonda-lambda-fiat-doblo-cargo-263_-1-4-natural-power-benzina-gaz-metan-gnc-120-cai-denso-dox-0150\/#breadcrumb"},"inLanguage":"en-US","potentialAction":[{"@type":"ReadAction","target":["https:\/\/autorival.ro\/fiat\/product\/sonda-lambda-fiat-doblo-cargo-263_-1-4-natural-power-benzina-gaz-metan-gnc-120-cai-denso-dox-0150\/"]}]},{"@type":"ImageObject","inLanguage":"en-US","@id":"https:\/\/autorival.ro\/fiat\/product\/sonda-lambda-fiat-doblo-cargo-263_-1-4-natural-power-benzina-gaz-metan-gnc-120-cai-denso-dox-0150\/#primaryimage","url":"https:\/\/autorival.ro\/fiat\/wp-content\/uploads\/sites\/9\/2025\/07\/fiat0105.png","contentUrl":"https:\/\/autorival.ro\/fiat\/wp-content\/uploads\/sites\/9\/2025\/07\/fiat0105.png","width":474,"height":474},{"@type":"BreadcrumbList","@id":"https:\/\/autorival.ro\/fiat\/product\/sonda-lambda-fiat-doblo-cargo-263_-1-4-natural-power-benzina-gaz-metan-gnc-120-cai-denso-dox-0150\/#breadcrumb","itemListElement":[{"@type":"ListItem","position":1,"name":"Prima pagin\u0103","item":"https:\/\/autorival.ro\/fiat\/"},{"@type":"ListItem","position":2,"name":"Piese auto FIAT","item":"https:\/\/autorival.ro\/fiat\/"},{"@type":"ListItem","position":3,"name":"Sonda Lambda FIAT DOBLO Cargo (263_) 1.4 Natural Power Benzina\/Gaz metan (GNC) 120 cai DENSO DOX-0150"}]},{"@type":"WebSite","@id":"https:\/\/autorival.ro\/fiat\/#website","url":"https:\/\/autorival.ro\/fiat\/","name":"FIAT","description":"","potentialAction":[{"@type":"SearchAction","target":{"@type":"EntryPoint","urlTemplate":"https:\/\/autorival.ro\/fiat\/?s={search_term_string}"},"query-input":{"@type":"PropertyValueSpecification","valueRequired":true,"valueName":"search_term_string"}}],"inLanguage":"en-US"}]}},"_links":{"self":[{"href":"https:\/\/autorival.ro\/fiat\/wp-json\/wp\/v2\/product\/417911","targetHints":{"allow":["GET"]}}],"collection":[{"href":"https:\/\/autorival.ro\/fiat\/wp-json\/wp\/v2\/product"}],"about":[{"href":"https:\/\/autorival.ro\/fiat\/wp-json\/wp\/v2\/types\/product"}],"replies":[{"embeddable":true,"href":"https:\/\/autorival.ro\/fiat\/wp-json\/wp\/v2\/comments?post=417911"}],"wp:featuredmedia":[{"embeddable":true,"href":"https:\/\/autorival.ro\/fiat\/wp-json\/wp\/v2\/media\/455126"}],"wp:attachment":[{"href":"https:\/\/autorival.ro\/fiat\/wp-json\/wp\/v2\/media?parent=417911"}],"wp:term":[{"taxonomy":"product_brand","embeddable":true,"href":"https:\/\/autorival.ro\/fiat\/wp-json\/wp\/v2\/product_brand?post=417911"},{"taxonomy":"product_cat","embeddable":true,"href":"https:\/\/autorival.ro\/fiat\/wp-json\/wp\/v2\/product_cat?post=417911"},{"taxonomy":"product_tag","embeddable":true,"href":"https:\/\/autorival.ro\/fiat\/wp-json\/wp\/v2\/product_tag?post=417911"}],"curies":[{"name":"wp","href":"https:\/\/api.w.org\/{rel}","templated":true}]}}