{"id":417013,"date":"2025-05-26T03:13:45","date_gmt":"2025-05-26T03:13:45","guid":{"rendered":"https:\/\/autorival.ro\/fiat\/product\/sonda-lambda-fiat-500-312_-0-9-312axg1a-312-axg11-benzina-86-cai-vemo-v10-76-0119\/"},"modified":"2025-05-26T03:13:45","modified_gmt":"2025-05-26T03:13:45","slug":"sonda-lambda-fiat-500-312_-0-9-312axg1a-312-axg11-benzina-86-cai-vemo-v10-76-0119","status":"publish","type":"product","link":"https:\/\/autorival.ro\/fiat\/product\/sonda-lambda-fiat-500-312_-0-9-312axg1a-312-axg11-benzina-86-cai-vemo-v10-76-0119\/","title":{"rendered":"Sonda Lambda FIAT 500 (312_) 0.9 (312AXG1A, 312.AXG11) benzina 86 cai VEMO V10-76-0119"},"content":{"rendered":"<p>Forma carcasa stecher: Forma de DNumar fire pe cablu: 5 ->Lungime [mm]: 570 ->Lungime cablu [mm]: 460Num\u0103rul conexiunilor cu muf\u0103: 6Sistem de esapament: dupa catalizator ->Greutate [kg]: 0,108Sonda lambda: Filet gresat \u00een prealabil<\/p>\n","protected":false},"excerpt":{"rendered":"<p>Producator: VEMO Cod producator: V10-76-0119<\/p>\n","protected":false},"featured_media":417014,"comment_status":"open","ping_status":"closed","template":"","meta":[],"product_brand":[3176],"product_cat":[34797],"product_tag":[38308,38348,38297,38291,39572,39571,38617],"class_list":{"0":"post-417013","1":"product","2":"type-product","3":"status-publish","4":"has-post-thumbnail","6":"product_brand-vemo","7":"product_cat-sonda-lambda","8":"product_tag-312_","9":"product_tag-0-9","10":"product_tag-38297","11":"product_tag-fiat","12":"product_tag-lambda","13":"product_tag-sonda","14":"product_tag-vemo","16":"first","17":"instock","18":"shipping-taxable","19":"purchasable","20":"product-type-simple"},"yoast_head":"<!-- This site is optimized with the Yoast SEO plugin v27.3 - https:\/\/yoast.com\/product\/yoast-seo-wordpress\/ -->\n<title>Sonda Lambda FIAT 500 (312_) 0.9 (312AXG1A, 312.AXG11) benzina 86 cai VEMO V10-76-0119 FIAT | VEMO - Autorival<\/title>\n<meta name=\"description\" content=\"\u26a1 Sonda Lambda FIAT 500 (312_) 0.9 (312AXG1A, 312.AXG11) benzina 86 cai VEMO V10-76-0119 pentru FIAT la doar 1981.55 RON. \u2713 Cod: V10-76-0119 \u2713 Brand: VEMO \u2713 \u00cen stoc \u2713 Livrare 24h \u2713 Garan\u021bie!\" \/>\n<meta name=\"robots\" content=\"index, follow, max-snippet:-1, max-image-preview:large, max-video-preview:-1\" \/>\n<meta property=\"og:locale\" content=\"en_US\" \/>\n<meta property=\"og:type\" content=\"article\" \/>\n<meta property=\"og:title\" content=\"Sonda Lambda FIAT 500 (312_) 0.9 (312AXG1A, 312.AXG11) benzina 86 cai VEMO V10-76-0119 FIAT | VEMO - Autorival\" \/>\n<meta property=\"og:description\" content=\"\u26a1 Sonda Lambda FIAT 500 (312_) 0.9 (312AXG1A, 312.AXG11) benzina 86 cai VEMO V10-76-0119 pentru FIAT la doar 1981.55 RON. \u2713 Cod: V10-76-0119 \u2713 Brand: VEMO \u2713 \u00cen stoc \u2713 Livrare 24h \u2713 Garan\u021bie!\" \/>\n<meta property=\"og:url\" content=\"https:\/\/autorival.ro\/fiat\/product\/sonda-lambda-fiat-500-312_-0-9-312axg1a-312-axg11-benzina-86-cai-vemo-v10-76-0119\/\" \/>\n<meta property=\"og:site_name\" content=\"FIAT\" \/>\n<meta property=\"og:image\" content=\"https:\/\/autorival.ro\/fiat\/wp-content\/uploads\/sites\/9\/2025\/05\/v10-76-0119_02.jpg\" \/>\n\t<meta property=\"og:image:width\" content=\"2499\" \/>\n\t<meta property=\"og:image:height\" content=\"1666\" \/>\n\t<meta property=\"og:image:type\" content=\"image\/jpeg\" \/>\n<meta name=\"twitter:card\" content=\"summary_large_image\" \/>\n<meta name=\"twitter:title\" content=\"Sonda Lambda FIAT 500 (312_) 0.9 (312AXG1A, 312.AXG11) benzina 86 cai VEMO V10-76-0119 FIAT | VEMO - Autorival\" \/>\n<meta name=\"twitter:description\" content=\"\u26a1 Sonda Lambda FIAT 500 (312_) 0.9 (312AXG1A, 312.AXG11) benzina 86 cai VEMO V10-76-0119 pentru FIAT la doar 1981.55 RON. \u2713 Cod: V10-76-0119 \u2713 Brand: VEMO \u2713 \u00cen stoc \u2713 Livrare 24h \u2713 Garan\u021bie!\" \/>\n<script type=\"application\/ld+json\" class=\"yoast-schema-graph\">{\"@context\":\"https:\\\/\\\/schema.org\",\"@graph\":[{\"@type\":\"WebPage\",\"@id\":\"https:\\\/\\\/autorival.ro\\\/fiat\\\/product\\\/sonda-lambda-fiat-500-312_-0-9-312axg1a-312-axg11-benzina-86-cai-vemo-v10-76-0119\\\/\",\"url\":\"https:\\\/\\\/autorival.ro\\\/fiat\\\/product\\\/sonda-lambda-fiat-500-312_-0-9-312axg1a-312-axg11-benzina-86-cai-vemo-v10-76-0119\\\/\",\"name\":\"Sonda Lambda FIAT 500 (312_) 0.9 (312AXG1A, 312.AXG11) benzina 86 cai VEMO V10-76-0119 FIAT | VEMO - Autorival\",\"isPartOf\":{\"@id\":\"https:\\\/\\\/autorival.ro\\\/fiat\\\/#website\"},\"primaryImageOfPage\":{\"@id\":\"https:\\\/\\\/autorival.ro\\\/fiat\\\/product\\\/sonda-lambda-fiat-500-312_-0-9-312axg1a-312-axg11-benzina-86-cai-vemo-v10-76-0119\\\/#primaryimage\"},\"image\":{\"@id\":\"https:\\\/\\\/autorival.ro\\\/fiat\\\/product\\\/sonda-lambda-fiat-500-312_-0-9-312axg1a-312-axg11-benzina-86-cai-vemo-v10-76-0119\\\/#primaryimage\"},\"thumbnailUrl\":\"https:\\\/\\\/autorival.ro\\\/fiat\\\/wp-content\\\/uploads\\\/sites\\\/9\\\/2025\\\/05\\\/v10-76-0119_02.jpg\",\"datePublished\":\"2025-05-26T03:13:45+00:00\",\"description\":\"\u26a1 Sonda Lambda FIAT 500 (312_) 0.9 (312AXG1A, 312.AXG11) benzina 86 cai VEMO V10-76-0119 pentru FIAT la doar 1981.55 RON. \u2713 Cod: V10-76-0119 \u2713 Brand: VEMO \u2713 \u00cen stoc \u2713 Livrare 24h \u2713 Garan\u021bie!\",\"breadcrumb\":{\"@id\":\"https:\\\/\\\/autorival.ro\\\/fiat\\\/product\\\/sonda-lambda-fiat-500-312_-0-9-312axg1a-312-axg11-benzina-86-cai-vemo-v10-76-0119\\\/#breadcrumb\"},\"inLanguage\":\"en-US\",\"potentialAction\":[{\"@type\":\"ReadAction\",\"target\":[\"https:\\\/\\\/autorival.ro\\\/fiat\\\/product\\\/sonda-lambda-fiat-500-312_-0-9-312axg1a-312-axg11-benzina-86-cai-vemo-v10-76-0119\\\/\"]}]},{\"@type\":\"ImageObject\",\"inLanguage\":\"en-US\",\"@id\":\"https:\\\/\\\/autorival.ro\\\/fiat\\\/product\\\/sonda-lambda-fiat-500-312_-0-9-312axg1a-312-axg11-benzina-86-cai-vemo-v10-76-0119\\\/#primaryimage\",\"url\":\"https:\\\/\\\/autorival.ro\\\/fiat\\\/wp-content\\\/uploads\\\/sites\\\/9\\\/2025\\\/05\\\/v10-76-0119_02.jpg\",\"contentUrl\":\"https:\\\/\\\/autorival.ro\\\/fiat\\\/wp-content\\\/uploads\\\/sites\\\/9\\\/2025\\\/05\\\/v10-76-0119_02.jpg\",\"width\":2499,\"height\":1666},{\"@type\":\"BreadcrumbList\",\"@id\":\"https:\\\/\\\/autorival.ro\\\/fiat\\\/product\\\/sonda-lambda-fiat-500-312_-0-9-312axg1a-312-axg11-benzina-86-cai-vemo-v10-76-0119\\\/#breadcrumb\",\"itemListElement\":[{\"@type\":\"ListItem\",\"position\":1,\"name\":\"Prima pagin\u0103\",\"item\":\"https:\\\/\\\/autorival.ro\\\/fiat\\\/\"},{\"@type\":\"ListItem\",\"position\":2,\"name\":\"Piese auto FIAT\",\"item\":\"https:\\\/\\\/autorival.ro\\\/fiat\\\/\"},{\"@type\":\"ListItem\",\"position\":3,\"name\":\"Sonda Lambda FIAT 500 (312_) 0.9 (312AXG1A, 312.AXG11) benzina 86 cai VEMO V10-76-0119\"}]},{\"@type\":\"WebSite\",\"@id\":\"https:\\\/\\\/autorival.ro\\\/fiat\\\/#website\",\"url\":\"https:\\\/\\\/autorival.ro\\\/fiat\\\/\",\"name\":\"FIAT\",\"description\":\"\",\"potentialAction\":[{\"@type\":\"SearchAction\",\"target\":{\"@type\":\"EntryPoint\",\"urlTemplate\":\"https:\\\/\\\/autorival.ro\\\/fiat\\\/?s={search_term_string}\"},\"query-input\":{\"@type\":\"PropertyValueSpecification\",\"valueRequired\":true,\"valueName\":\"search_term_string\"}}],\"inLanguage\":\"en-US\"}]}<\/script>\n<!-- \/ Yoast SEO plugin. -->","yoast_head_json":{"title":"Sonda Lambda FIAT 500 (312_) 0.9 (312AXG1A, 312.AXG11) benzina 86 cai VEMO V10-76-0119 FIAT | VEMO - Autorival","description":"\u26a1 Sonda Lambda FIAT 500 (312_) 0.9 (312AXG1A, 312.AXG11) benzina 86 cai VEMO V10-76-0119 pentru FIAT la doar 1981.55 RON. \u2713 Cod: V10-76-0119 \u2713 Brand: VEMO \u2713 \u00cen stoc \u2713 Livrare 24h \u2713 Garan\u021bie!","robots":{"index":"index","follow":"follow","max-snippet":"max-snippet:-1","max-image-preview":"max-image-preview:large","max-video-preview":"max-video-preview:-1"},"og_locale":"en_US","og_type":"article","og_title":"Sonda Lambda FIAT 500 (312_) 0.9 (312AXG1A, 312.AXG11) benzina 86 cai VEMO V10-76-0119 FIAT | VEMO - Autorival","og_description":"\u26a1 Sonda Lambda FIAT 500 (312_) 0.9 (312AXG1A, 312.AXG11) benzina 86 cai VEMO V10-76-0119 pentru FIAT la doar 1981.55 RON. \u2713 Cod: V10-76-0119 \u2713 Brand: VEMO \u2713 \u00cen stoc \u2713 Livrare 24h \u2713 Garan\u021bie!","og_url":"https:\/\/autorival.ro\/fiat\/product\/sonda-lambda-fiat-500-312_-0-9-312axg1a-312-axg11-benzina-86-cai-vemo-v10-76-0119\/","og_site_name":"FIAT","og_image":[{"width":2499,"height":1666,"url":"https:\/\/autorival.ro\/fiat\/wp-content\/uploads\/sites\/9\/2025\/05\/v10-76-0119_02.jpg","type":"image\/jpeg"}],"twitter_card":"summary_large_image","twitter_title":"Sonda Lambda FIAT 500 (312_) 0.9 (312AXG1A, 312.AXG11) benzina 86 cai VEMO V10-76-0119 FIAT | VEMO - Autorival","twitter_description":"\u26a1 Sonda Lambda FIAT 500 (312_) 0.9 (312AXG1A, 312.AXG11) benzina 86 cai VEMO V10-76-0119 pentru FIAT la doar 1981.55 RON. \u2713 Cod: V10-76-0119 \u2713 Brand: VEMO \u2713 \u00cen stoc \u2713 Livrare 24h \u2713 Garan\u021bie!","schema":{"@context":"https:\/\/schema.org","@graph":[{"@type":"WebPage","@id":"https:\/\/autorival.ro\/fiat\/product\/sonda-lambda-fiat-500-312_-0-9-312axg1a-312-axg11-benzina-86-cai-vemo-v10-76-0119\/","url":"https:\/\/autorival.ro\/fiat\/product\/sonda-lambda-fiat-500-312_-0-9-312axg1a-312-axg11-benzina-86-cai-vemo-v10-76-0119\/","name":"Sonda Lambda FIAT 500 (312_) 0.9 (312AXG1A, 312.AXG11) benzina 86 cai VEMO V10-76-0119 FIAT | VEMO - Autorival","isPartOf":{"@id":"https:\/\/autorival.ro\/fiat\/#website"},"primaryImageOfPage":{"@id":"https:\/\/autorival.ro\/fiat\/product\/sonda-lambda-fiat-500-312_-0-9-312axg1a-312-axg11-benzina-86-cai-vemo-v10-76-0119\/#primaryimage"},"image":{"@id":"https:\/\/autorival.ro\/fiat\/product\/sonda-lambda-fiat-500-312_-0-9-312axg1a-312-axg11-benzina-86-cai-vemo-v10-76-0119\/#primaryimage"},"thumbnailUrl":"https:\/\/autorival.ro\/fiat\/wp-content\/uploads\/sites\/9\/2025\/05\/v10-76-0119_02.jpg","datePublished":"2025-05-26T03:13:45+00:00","description":"\u26a1 Sonda Lambda FIAT 500 (312_) 0.9 (312AXG1A, 312.AXG11) benzina 86 cai VEMO V10-76-0119 pentru FIAT la doar 1981.55 RON. \u2713 Cod: V10-76-0119 \u2713 Brand: VEMO \u2713 \u00cen stoc \u2713 Livrare 24h \u2713 Garan\u021bie!","breadcrumb":{"@id":"https:\/\/autorival.ro\/fiat\/product\/sonda-lambda-fiat-500-312_-0-9-312axg1a-312-axg11-benzina-86-cai-vemo-v10-76-0119\/#breadcrumb"},"inLanguage":"en-US","potentialAction":[{"@type":"ReadAction","target":["https:\/\/autorival.ro\/fiat\/product\/sonda-lambda-fiat-500-312_-0-9-312axg1a-312-axg11-benzina-86-cai-vemo-v10-76-0119\/"]}]},{"@type":"ImageObject","inLanguage":"en-US","@id":"https:\/\/autorival.ro\/fiat\/product\/sonda-lambda-fiat-500-312_-0-9-312axg1a-312-axg11-benzina-86-cai-vemo-v10-76-0119\/#primaryimage","url":"https:\/\/autorival.ro\/fiat\/wp-content\/uploads\/sites\/9\/2025\/05\/v10-76-0119_02.jpg","contentUrl":"https:\/\/autorival.ro\/fiat\/wp-content\/uploads\/sites\/9\/2025\/05\/v10-76-0119_02.jpg","width":2499,"height":1666},{"@type":"BreadcrumbList","@id":"https:\/\/autorival.ro\/fiat\/product\/sonda-lambda-fiat-500-312_-0-9-312axg1a-312-axg11-benzina-86-cai-vemo-v10-76-0119\/#breadcrumb","itemListElement":[{"@type":"ListItem","position":1,"name":"Prima pagin\u0103","item":"https:\/\/autorival.ro\/fiat\/"},{"@type":"ListItem","position":2,"name":"Piese auto FIAT","item":"https:\/\/autorival.ro\/fiat\/"},{"@type":"ListItem","position":3,"name":"Sonda Lambda FIAT 500 (312_) 0.9 (312AXG1A, 312.AXG11) benzina 86 cai VEMO V10-76-0119"}]},{"@type":"WebSite","@id":"https:\/\/autorival.ro\/fiat\/#website","url":"https:\/\/autorival.ro\/fiat\/","name":"FIAT","description":"","potentialAction":[{"@type":"SearchAction","target":{"@type":"EntryPoint","urlTemplate":"https:\/\/autorival.ro\/fiat\/?s={search_term_string}"},"query-input":{"@type":"PropertyValueSpecification","valueRequired":true,"valueName":"search_term_string"}}],"inLanguage":"en-US"}]}},"_links":{"self":[{"href":"https:\/\/autorival.ro\/fiat\/wp-json\/wp\/v2\/product\/417013","targetHints":{"allow":["GET"]}}],"collection":[{"href":"https:\/\/autorival.ro\/fiat\/wp-json\/wp\/v2\/product"}],"about":[{"href":"https:\/\/autorival.ro\/fiat\/wp-json\/wp\/v2\/types\/product"}],"replies":[{"embeddable":true,"href":"https:\/\/autorival.ro\/fiat\/wp-json\/wp\/v2\/comments?post=417013"}],"wp:featuredmedia":[{"embeddable":true,"href":"https:\/\/autorival.ro\/fiat\/wp-json\/wp\/v2\/media\/417014"}],"wp:attachment":[{"href":"https:\/\/autorival.ro\/fiat\/wp-json\/wp\/v2\/media?parent=417013"}],"wp:term":[{"taxonomy":"product_brand","embeddable":true,"href":"https:\/\/autorival.ro\/fiat\/wp-json\/wp\/v2\/product_brand?post=417013"},{"taxonomy":"product_cat","embeddable":true,"href":"https:\/\/autorival.ro\/fiat\/wp-json\/wp\/v2\/product_cat?post=417013"},{"taxonomy":"product_tag","embeddable":true,"href":"https:\/\/autorival.ro\/fiat\/wp-json\/wp\/v2\/product_tag?post=417013"}],"curies":[{"name":"wp","href":"https:\/\/api.w.org\/{rel}","templated":true}]}}