{"id":395903,"date":"2025-05-25T23:17:05","date_gmt":"2025-05-25T23:17:05","guid":{"rendered":"https:\/\/autorival.ro\/fiat\/product\/set-saboti-frana-fiat-panda-141_-900-benzina-40-cai-delphi-ls1860\/"},"modified":"2025-05-25T23:17:05","modified_gmt":"2025-05-25T23:17:05","slug":"set-saboti-frana-fiat-panda-141_-900-benzina-40-cai-delphi-ls1860","status":"publish","type":"product","link":"https:\/\/autorival.ro\/fiat\/product\/set-saboti-frana-fiat-panda-141_-900-benzina-40-cai-delphi-ls1860\/","title":{"rendered":"Set saboti frana FIAT PANDA (141_) 900 benzina 40 cai DELPHI LS1860"},"content":{"rendered":"<p>Partea de montare: puntea spateSistem de fr\u00e2nare: Lockheed ->Diametru tambur de fr\u00e2n\u0103 interior [mm]: 185 ->Latime [mm]: 31<\/p>\n","protected":false},"excerpt":{"rendered":"<p>Producator: DELPHI Cod producator: LS1860<\/p>\n","protected":false},"featured_media":395904,"comment_status":"open","ping_status":"closed","template":"","meta":[],"product_brand":[1851],"product_cat":[33175],"product_tag":[38535,38291,38328,39165,38323,39521,39384],"class_list":{"0":"post-395903","1":"product","2":"type-product","3":"status-publish","4":"has-post-thumbnail","6":"product_brand-delphi","7":"product_cat-set-saboti-frana-141_-900-benzina-40","8":"product_tag-delphi","9":"product_tag-fiat","10":"product_tag-frana","11":"product_tag-ls","12":"product_tag-panda","13":"product_tag-saboti","14":"product_tag-set","16":"first","17":"instock","18":"shipping-taxable","19":"purchasable","20":"product-type-simple"},"yoast_head":"<!-- This site is optimized with the Yoast SEO plugin v27.3 - https:\/\/yoast.com\/product\/yoast-seo-wordpress\/ -->\n<title>Set saboti frana FIAT PANDA (141_) 900 benzina 40 cai DELPHI LS1860 FIAT | DELPHI - Autorival<\/title>\n<meta name=\"description\" content=\"\u26a1 Set saboti frana FIAT PANDA (141_) 900 benzina 40 cai DELPHI LS1860 pentru FIAT la doar 215.25 RON. \u2713 Cod: LS1860 \u2713 Brand: DELPHI \u2713 \u00cen stoc \u2713 Livrare 24h \u2713 Garan\u021bie!\" \/>\n<meta name=\"robots\" content=\"index, follow, max-snippet:-1, max-image-preview:large, max-video-preview:-1\" \/>\n<meta property=\"og:locale\" content=\"en_US\" \/>\n<meta property=\"og:type\" content=\"article\" \/>\n<meta property=\"og:title\" content=\"Set saboti frana FIAT PANDA (141_) 900 benzina 40 cai DELPHI LS1860 FIAT | DELPHI - Autorival\" \/>\n<meta property=\"og:description\" content=\"\u26a1 Set saboti frana FIAT PANDA (141_) 900 benzina 40 cai DELPHI LS1860 pentru FIAT la doar 215.25 RON. \u2713 Cod: LS1860 \u2713 Brand: DELPHI \u2713 \u00cen stoc \u2713 Livrare 24h \u2713 Garan\u021bie!\" \/>\n<meta property=\"og:url\" content=\"https:\/\/autorival.ro\/fiat\/product\/set-saboti-frana-fiat-panda-141_-900-benzina-40-cai-delphi-ls1860\/\" \/>\n<meta property=\"og:site_name\" content=\"FIAT\" \/>\n<meta property=\"og:image\" content=\"https:\/\/autorival.ro\/fiat\/wp-content\/uploads\/sites\/9\/2025\/05\/ls1860-4.jpg\" \/>\n\t<meta property=\"og:image:width\" content=\"800\" \/>\n\t<meta property=\"og:image:height\" content=\"800\" \/>\n\t<meta property=\"og:image:type\" content=\"image\/jpeg\" \/>\n<meta name=\"twitter:card\" content=\"summary_large_image\" \/>\n<meta name=\"twitter:title\" content=\"Set saboti frana FIAT PANDA (141_) 900 benzina 40 cai DELPHI LS1860 FIAT | DELPHI - Autorival\" \/>\n<meta name=\"twitter:description\" content=\"\u26a1 Set saboti frana FIAT PANDA (141_) 900 benzina 40 cai DELPHI LS1860 pentru FIAT la doar 215.25 RON. \u2713 Cod: LS1860 \u2713 Brand: DELPHI \u2713 \u00cen stoc \u2713 Livrare 24h \u2713 Garan\u021bie!\" \/>\n<script type=\"application\/ld+json\" class=\"yoast-schema-graph\">{\"@context\":\"https:\\\/\\\/schema.org\",\"@graph\":[{\"@type\":\"WebPage\",\"@id\":\"https:\\\/\\\/autorival.ro\\\/fiat\\\/product\\\/set-saboti-frana-fiat-panda-141_-900-benzina-40-cai-delphi-ls1860\\\/\",\"url\":\"https:\\\/\\\/autorival.ro\\\/fiat\\\/product\\\/set-saboti-frana-fiat-panda-141_-900-benzina-40-cai-delphi-ls1860\\\/\",\"name\":\"Set saboti frana FIAT PANDA (141_) 900 benzina 40 cai DELPHI LS1860 FIAT | DELPHI - Autorival\",\"isPartOf\":{\"@id\":\"https:\\\/\\\/autorival.ro\\\/fiat\\\/#website\"},\"primaryImageOfPage\":{\"@id\":\"https:\\\/\\\/autorival.ro\\\/fiat\\\/product\\\/set-saboti-frana-fiat-panda-141_-900-benzina-40-cai-delphi-ls1860\\\/#primaryimage\"},\"image\":{\"@id\":\"https:\\\/\\\/autorival.ro\\\/fiat\\\/product\\\/set-saboti-frana-fiat-panda-141_-900-benzina-40-cai-delphi-ls1860\\\/#primaryimage\"},\"thumbnailUrl\":\"https:\\\/\\\/autorival.ro\\\/fiat\\\/wp-content\\\/uploads\\\/sites\\\/9\\\/2025\\\/05\\\/ls1860-4.jpg\",\"datePublished\":\"2025-05-25T23:17:05+00:00\",\"description\":\"\u26a1 Set saboti frana FIAT PANDA (141_) 900 benzina 40 cai DELPHI LS1860 pentru FIAT la doar 215.25 RON. \u2713 Cod: LS1860 \u2713 Brand: DELPHI \u2713 \u00cen stoc \u2713 Livrare 24h \u2713 Garan\u021bie!\",\"breadcrumb\":{\"@id\":\"https:\\\/\\\/autorival.ro\\\/fiat\\\/product\\\/set-saboti-frana-fiat-panda-141_-900-benzina-40-cai-delphi-ls1860\\\/#breadcrumb\"},\"inLanguage\":\"en-US\",\"potentialAction\":[{\"@type\":\"ReadAction\",\"target\":[\"https:\\\/\\\/autorival.ro\\\/fiat\\\/product\\\/set-saboti-frana-fiat-panda-141_-900-benzina-40-cai-delphi-ls1860\\\/\"]}]},{\"@type\":\"ImageObject\",\"inLanguage\":\"en-US\",\"@id\":\"https:\\\/\\\/autorival.ro\\\/fiat\\\/product\\\/set-saboti-frana-fiat-panda-141_-900-benzina-40-cai-delphi-ls1860\\\/#primaryimage\",\"url\":\"https:\\\/\\\/autorival.ro\\\/fiat\\\/wp-content\\\/uploads\\\/sites\\\/9\\\/2025\\\/05\\\/ls1860-4.jpg\",\"contentUrl\":\"https:\\\/\\\/autorival.ro\\\/fiat\\\/wp-content\\\/uploads\\\/sites\\\/9\\\/2025\\\/05\\\/ls1860-4.jpg\",\"width\":800,\"height\":800},{\"@type\":\"BreadcrumbList\",\"@id\":\"https:\\\/\\\/autorival.ro\\\/fiat\\\/product\\\/set-saboti-frana-fiat-panda-141_-900-benzina-40-cai-delphi-ls1860\\\/#breadcrumb\",\"itemListElement\":[{\"@type\":\"ListItem\",\"position\":1,\"name\":\"Prima pagin\u0103\",\"item\":\"https:\\\/\\\/autorival.ro\\\/fiat\\\/\"},{\"@type\":\"ListItem\",\"position\":2,\"name\":\"Piese auto FIAT\",\"item\":\"https:\\\/\\\/autorival.ro\\\/fiat\\\/\"},{\"@type\":\"ListItem\",\"position\":3,\"name\":\"Set saboti frana FIAT PANDA (141_) 900 benzina 40 cai DELPHI LS1860\"}]},{\"@type\":\"WebSite\",\"@id\":\"https:\\\/\\\/autorival.ro\\\/fiat\\\/#website\",\"url\":\"https:\\\/\\\/autorival.ro\\\/fiat\\\/\",\"name\":\"FIAT\",\"description\":\"\",\"potentialAction\":[{\"@type\":\"SearchAction\",\"target\":{\"@type\":\"EntryPoint\",\"urlTemplate\":\"https:\\\/\\\/autorival.ro\\\/fiat\\\/?s={search_term_string}\"},\"query-input\":{\"@type\":\"PropertyValueSpecification\",\"valueRequired\":true,\"valueName\":\"search_term_string\"}}],\"inLanguage\":\"en-US\"}]}<\/script>\n<!-- \/ Yoast SEO plugin. -->","yoast_head_json":{"title":"Set saboti frana FIAT PANDA (141_) 900 benzina 40 cai DELPHI LS1860 FIAT | DELPHI - Autorival","description":"\u26a1 Set saboti frana FIAT PANDA (141_) 900 benzina 40 cai DELPHI LS1860 pentru FIAT la doar 215.25 RON. \u2713 Cod: LS1860 \u2713 Brand: DELPHI \u2713 \u00cen stoc \u2713 Livrare 24h \u2713 Garan\u021bie!","robots":{"index":"index","follow":"follow","max-snippet":"max-snippet:-1","max-image-preview":"max-image-preview:large","max-video-preview":"max-video-preview:-1"},"og_locale":"en_US","og_type":"article","og_title":"Set saboti frana FIAT PANDA (141_) 900 benzina 40 cai DELPHI LS1860 FIAT | DELPHI - Autorival","og_description":"\u26a1 Set saboti frana FIAT PANDA (141_) 900 benzina 40 cai DELPHI LS1860 pentru FIAT la doar 215.25 RON. \u2713 Cod: LS1860 \u2713 Brand: DELPHI \u2713 \u00cen stoc \u2713 Livrare 24h \u2713 Garan\u021bie!","og_url":"https:\/\/autorival.ro\/fiat\/product\/set-saboti-frana-fiat-panda-141_-900-benzina-40-cai-delphi-ls1860\/","og_site_name":"FIAT","og_image":[{"width":800,"height":800,"url":"https:\/\/autorival.ro\/fiat\/wp-content\/uploads\/sites\/9\/2025\/05\/ls1860-4.jpg","type":"image\/jpeg"}],"twitter_card":"summary_large_image","twitter_title":"Set saboti frana FIAT PANDA (141_) 900 benzina 40 cai DELPHI LS1860 FIAT | DELPHI - Autorival","twitter_description":"\u26a1 Set saboti frana FIAT PANDA (141_) 900 benzina 40 cai DELPHI LS1860 pentru FIAT la doar 215.25 RON. \u2713 Cod: LS1860 \u2713 Brand: DELPHI \u2713 \u00cen stoc \u2713 Livrare 24h \u2713 Garan\u021bie!","schema":{"@context":"https:\/\/schema.org","@graph":[{"@type":"WebPage","@id":"https:\/\/autorival.ro\/fiat\/product\/set-saboti-frana-fiat-panda-141_-900-benzina-40-cai-delphi-ls1860\/","url":"https:\/\/autorival.ro\/fiat\/product\/set-saboti-frana-fiat-panda-141_-900-benzina-40-cai-delphi-ls1860\/","name":"Set saboti frana FIAT PANDA (141_) 900 benzina 40 cai DELPHI LS1860 FIAT | DELPHI - Autorival","isPartOf":{"@id":"https:\/\/autorival.ro\/fiat\/#website"},"primaryImageOfPage":{"@id":"https:\/\/autorival.ro\/fiat\/product\/set-saboti-frana-fiat-panda-141_-900-benzina-40-cai-delphi-ls1860\/#primaryimage"},"image":{"@id":"https:\/\/autorival.ro\/fiat\/product\/set-saboti-frana-fiat-panda-141_-900-benzina-40-cai-delphi-ls1860\/#primaryimage"},"thumbnailUrl":"https:\/\/autorival.ro\/fiat\/wp-content\/uploads\/sites\/9\/2025\/05\/ls1860-4.jpg","datePublished":"2025-05-25T23:17:05+00:00","description":"\u26a1 Set saboti frana FIAT PANDA (141_) 900 benzina 40 cai DELPHI LS1860 pentru FIAT la doar 215.25 RON. \u2713 Cod: LS1860 \u2713 Brand: DELPHI \u2713 \u00cen stoc \u2713 Livrare 24h \u2713 Garan\u021bie!","breadcrumb":{"@id":"https:\/\/autorival.ro\/fiat\/product\/set-saboti-frana-fiat-panda-141_-900-benzina-40-cai-delphi-ls1860\/#breadcrumb"},"inLanguage":"en-US","potentialAction":[{"@type":"ReadAction","target":["https:\/\/autorival.ro\/fiat\/product\/set-saboti-frana-fiat-panda-141_-900-benzina-40-cai-delphi-ls1860\/"]}]},{"@type":"ImageObject","inLanguage":"en-US","@id":"https:\/\/autorival.ro\/fiat\/product\/set-saboti-frana-fiat-panda-141_-900-benzina-40-cai-delphi-ls1860\/#primaryimage","url":"https:\/\/autorival.ro\/fiat\/wp-content\/uploads\/sites\/9\/2025\/05\/ls1860-4.jpg","contentUrl":"https:\/\/autorival.ro\/fiat\/wp-content\/uploads\/sites\/9\/2025\/05\/ls1860-4.jpg","width":800,"height":800},{"@type":"BreadcrumbList","@id":"https:\/\/autorival.ro\/fiat\/product\/set-saboti-frana-fiat-panda-141_-900-benzina-40-cai-delphi-ls1860\/#breadcrumb","itemListElement":[{"@type":"ListItem","position":1,"name":"Prima pagin\u0103","item":"https:\/\/autorival.ro\/fiat\/"},{"@type":"ListItem","position":2,"name":"Piese auto FIAT","item":"https:\/\/autorival.ro\/fiat\/"},{"@type":"ListItem","position":3,"name":"Set saboti frana FIAT PANDA (141_) 900 benzina 40 cai DELPHI LS1860"}]},{"@type":"WebSite","@id":"https:\/\/autorival.ro\/fiat\/#website","url":"https:\/\/autorival.ro\/fiat\/","name":"FIAT","description":"","potentialAction":[{"@type":"SearchAction","target":{"@type":"EntryPoint","urlTemplate":"https:\/\/autorival.ro\/fiat\/?s={search_term_string}"},"query-input":{"@type":"PropertyValueSpecification","valueRequired":true,"valueName":"search_term_string"}}],"inLanguage":"en-US"}]}},"_links":{"self":[{"href":"https:\/\/autorival.ro\/fiat\/wp-json\/wp\/v2\/product\/395903","targetHints":{"allow":["GET"]}}],"collection":[{"href":"https:\/\/autorival.ro\/fiat\/wp-json\/wp\/v2\/product"}],"about":[{"href":"https:\/\/autorival.ro\/fiat\/wp-json\/wp\/v2\/types\/product"}],"replies":[{"embeddable":true,"href":"https:\/\/autorival.ro\/fiat\/wp-json\/wp\/v2\/comments?post=395903"}],"wp:featuredmedia":[{"embeddable":true,"href":"https:\/\/autorival.ro\/fiat\/wp-json\/wp\/v2\/media\/395904"}],"wp:attachment":[{"href":"https:\/\/autorival.ro\/fiat\/wp-json\/wp\/v2\/media?parent=395903"}],"wp:term":[{"taxonomy":"product_brand","embeddable":true,"href":"https:\/\/autorival.ro\/fiat\/wp-json\/wp\/v2\/product_brand?post=395903"},{"taxonomy":"product_cat","embeddable":true,"href":"https:\/\/autorival.ro\/fiat\/wp-json\/wp\/v2\/product_cat?post=395903"},{"taxonomy":"product_tag","embeddable":true,"href":"https:\/\/autorival.ro\/fiat\/wp-json\/wp\/v2\/product_tag?post=395903"}],"curies":[{"name":"wp","href":"https:\/\/api.w.org\/{rel}","templated":true}]}}