{"id":368221,"date":"2025-05-25T18:57:13","date_gmt":"2025-05-25T18:57:13","guid":{"rendered":"https:\/\/autorival.ro\/fiat\/product\/set-reparat-cabluri-bujie-incandescenta-fiat-tipo-160_-1-4-i-e-160-ap-160-ad-160-ea-benzina-70-cai-herth-buss-elparts-51277180\/"},"modified":"2025-05-25T18:57:13","modified_gmt":"2025-05-25T18:57:13","slug":"set-reparat-cabluri-bujie-incandescenta-fiat-tipo-160_-1-4-i-e-160-ap-160-ad-160-ea-benzina-70-cai-herth-buss-elparts-51277180","status":"publish","type":"product","link":"https:\/\/autorival.ro\/fiat\/product\/set-reparat-cabluri-bujie-incandescenta-fiat-tipo-160_-1-4-i-e-160-ap-160-ad-160-ea-benzina-70-cai-herth-buss-elparts-51277180\/","title":{"rendered":"Set reparat cabluri bujie incandescenta FIAT TIPO (160_) 1.4 i.e. (160.AP, 160.AD, 160.EA) benzina 70 cai HERTH BUSS ELPARTS 51277180"},"content":{"rendered":"<p>An fabricatie de la: 199001model \u00eenclinat ->Lungime cablu [mm]: 200Num\u0103rul conexiunilor cu muf\u0103: 1Varianta lunga ->Lungime [mm]: 60 ->Diametru [mm]: 4Articol completare\/Info suplimentar 2: cu carcasa stecher, cu legaturaArticol extins\/Informatii de extindere: cu etansareSectiunea cablului [mm\u00c3\u201a\u00c2\u00b2]: 2,5Temperatura de la [\u00c3\u201a\u00c2\u00b0C]: -25Pana la domeniul de temperatura [\u00c3\u201a\u00c2\u00b0C]: +140Material izolare: SiliconDeconectare carcasa stecher: Carcasa bucsa<\/p>\n","protected":false},"excerpt":{"rendered":"<p>Producator: HERTH BUSS ELPARTS Cod producator: 51277180<\/p>\n","protected":false},"featured_media":368222,"comment_status":"open","ping_status":"closed","template":"","meta":[],"product_brand":[800],"product_cat":[31228],"product_tag":[38357,39296,38358,38291,38356,39537,39384,38304],"class_list":{"0":"post-368221","1":"product","2":"type-product","3":"status-publish","4":"has-post-thumbnail","6":"product_brand-herth-buss-elparts","7":"product_cat-set-reparat-cabluri-bujie-incandescenta-160_-1-4-i-e-160-ap-160-ad-160-ea-benzina-70","8":"product_tag-buss","9":"product_tag-cabluri","10":"product_tag-elparts","11":"product_tag-fiat","12":"product_tag-herth","13":"product_tag-reparat","14":"product_tag-set","15":"product_tag-tipo","17":"first","18":"instock","19":"shipping-taxable","20":"purchasable","21":"product-type-simple"},"yoast_head":"<!-- This site is optimized with the Yoast SEO plugin v27.5 - https:\/\/yoast.com\/product\/yoast-seo-wordpress\/ -->\n<title>Set reparat cabluri bujie incandescenta FIAT TIPO (160_) 1.4 i.e. (160.AP, 160.AD, 160.EA) benzina 70 cai HERTH BUSS ELPARTS 51277180 FIAT | HERTH - Autorival<\/title>\n<meta name=\"description\" content=\"\u26a1 Set reparat cabluri bujie incandescenta FIAT TIPO (160_) 1.4 i.e. (160.AP, 160.AD, 160.EA) benzina 70 cai HERTH BUSS ELPARTS 51277180 pentru FIAT la doar 60.9 RON. \u2713 Cod: 51277180 \u2713 Brand: HERTH \u2713 \u00cen stoc \u2713 Livrare 24h \u2713 Garan\u021bie!\" \/>\n<meta name=\"robots\" content=\"index, follow, max-snippet:-1, max-image-preview:large, max-video-preview:-1\" \/>\n<meta property=\"og:locale\" content=\"en_US\" \/>\n<meta property=\"og:type\" content=\"article\" \/>\n<meta property=\"og:title\" content=\"Set reparat cabluri bujie incandescenta FIAT TIPO (160_) 1.4 i.e. (160.AP, 160.AD, 160.EA) benzina 70 cai HERTH BUSS ELPARTS 51277180 FIAT | HERTH - Autorival\" \/>\n<meta property=\"og:description\" content=\"\u26a1 Set reparat cabluri bujie incandescenta FIAT TIPO (160_) 1.4 i.e. (160.AP, 160.AD, 160.EA) benzina 70 cai HERTH BUSS ELPARTS 51277180 pentru FIAT la doar 60.9 RON. \u2713 Cod: 51277180 \u2713 Brand: HERTH \u2713 \u00cen stoc \u2713 Livrare 24h \u2713 Garan\u021bie!\" \/>\n<meta property=\"og:url\" content=\"https:\/\/autorival.ro\/fiat\/product\/set-reparat-cabluri-bujie-incandescenta-fiat-tipo-160_-1-4-i-e-160-ap-160-ad-160-ea-benzina-70-cai-herth-buss-elparts-51277180\/\" \/>\n<meta property=\"og:site_name\" content=\"FIAT\" \/>\n<meta property=\"og:image\" content=\"https:\/\/autorival.ro\/fiat\/wp-content\/uploads\/sites\/9\/2025\/05\/51277180-23.jpg\" \/>\n\t<meta property=\"og:image:width\" content=\"600\" \/>\n\t<meta property=\"og:image:height\" content=\"352\" \/>\n\t<meta property=\"og:image:type\" content=\"image\/jpeg\" \/>\n<meta name=\"twitter:card\" content=\"summary_large_image\" \/>\n<meta name=\"twitter:title\" content=\"Set reparat cabluri bujie incandescenta FIAT TIPO (160_) 1.4 i.e. (160.AP, 160.AD, 160.EA) benzina 70 cai HERTH BUSS ELPARTS 51277180 FIAT | HERTH - Autorival\" \/>\n<meta name=\"twitter:description\" content=\"\u26a1 Set reparat cabluri bujie incandescenta FIAT TIPO (160_) 1.4 i.e. (160.AP, 160.AD, 160.EA) benzina 70 cai HERTH BUSS ELPARTS 51277180 pentru FIAT la doar 60.9 RON. \u2713 Cod: 51277180 \u2713 Brand: HERTH \u2713 \u00cen stoc \u2713 Livrare 24h \u2713 Garan\u021bie!\" \/>\n<script type=\"application\/ld+json\" class=\"yoast-schema-graph\">{\"@context\":\"https:\\\/\\\/schema.org\",\"@graph\":[{\"@type\":\"WebPage\",\"@id\":\"https:\\\/\\\/autorival.ro\\\/fiat\\\/product\\\/set-reparat-cabluri-bujie-incandescenta-fiat-tipo-160_-1-4-i-e-160-ap-160-ad-160-ea-benzina-70-cai-herth-buss-elparts-51277180\\\/\",\"url\":\"https:\\\/\\\/autorival.ro\\\/fiat\\\/product\\\/set-reparat-cabluri-bujie-incandescenta-fiat-tipo-160_-1-4-i-e-160-ap-160-ad-160-ea-benzina-70-cai-herth-buss-elparts-51277180\\\/\",\"name\":\"Set reparat cabluri bujie incandescenta FIAT TIPO (160_) 1.4 i.e. (160.AP, 160.AD, 160.EA) benzina 70 cai HERTH BUSS ELPARTS 51277180 FIAT | HERTH - Autorival\",\"isPartOf\":{\"@id\":\"https:\\\/\\\/autorival.ro\\\/fiat\\\/#website\"},\"primaryImageOfPage\":{\"@id\":\"https:\\\/\\\/autorival.ro\\\/fiat\\\/product\\\/set-reparat-cabluri-bujie-incandescenta-fiat-tipo-160_-1-4-i-e-160-ap-160-ad-160-ea-benzina-70-cai-herth-buss-elparts-51277180\\\/#primaryimage\"},\"image\":{\"@id\":\"https:\\\/\\\/autorival.ro\\\/fiat\\\/product\\\/set-reparat-cabluri-bujie-incandescenta-fiat-tipo-160_-1-4-i-e-160-ap-160-ad-160-ea-benzina-70-cai-herth-buss-elparts-51277180\\\/#primaryimage\"},\"thumbnailUrl\":\"https:\\\/\\\/autorival.ro\\\/fiat\\\/wp-content\\\/uploads\\\/sites\\\/9\\\/2025\\\/05\\\/51277180-23.jpg\",\"datePublished\":\"2025-05-25T18:57:13+00:00\",\"description\":\"\u26a1 Set reparat cabluri bujie incandescenta FIAT TIPO (160_) 1.4 i.e. (160.AP, 160.AD, 160.EA) benzina 70 cai HERTH BUSS ELPARTS 51277180 pentru FIAT la doar 60.9 RON. \u2713 Cod: 51277180 \u2713 Brand: HERTH \u2713 \u00cen stoc \u2713 Livrare 24h \u2713 Garan\u021bie!\",\"breadcrumb\":{\"@id\":\"https:\\\/\\\/autorival.ro\\\/fiat\\\/product\\\/set-reparat-cabluri-bujie-incandescenta-fiat-tipo-160_-1-4-i-e-160-ap-160-ad-160-ea-benzina-70-cai-herth-buss-elparts-51277180\\\/#breadcrumb\"},\"inLanguage\":\"en-US\",\"potentialAction\":[{\"@type\":\"ReadAction\",\"target\":[\"https:\\\/\\\/autorival.ro\\\/fiat\\\/product\\\/set-reparat-cabluri-bujie-incandescenta-fiat-tipo-160_-1-4-i-e-160-ap-160-ad-160-ea-benzina-70-cai-herth-buss-elparts-51277180\\\/\"]}]},{\"@type\":\"ImageObject\",\"inLanguage\":\"en-US\",\"@id\":\"https:\\\/\\\/autorival.ro\\\/fiat\\\/product\\\/set-reparat-cabluri-bujie-incandescenta-fiat-tipo-160_-1-4-i-e-160-ap-160-ad-160-ea-benzina-70-cai-herth-buss-elparts-51277180\\\/#primaryimage\",\"url\":\"https:\\\/\\\/autorival.ro\\\/fiat\\\/wp-content\\\/uploads\\\/sites\\\/9\\\/2025\\\/05\\\/51277180-23.jpg\",\"contentUrl\":\"https:\\\/\\\/autorival.ro\\\/fiat\\\/wp-content\\\/uploads\\\/sites\\\/9\\\/2025\\\/05\\\/51277180-23.jpg\",\"width\":600,\"height\":352},{\"@type\":\"BreadcrumbList\",\"@id\":\"https:\\\/\\\/autorival.ro\\\/fiat\\\/product\\\/set-reparat-cabluri-bujie-incandescenta-fiat-tipo-160_-1-4-i-e-160-ap-160-ad-160-ea-benzina-70-cai-herth-buss-elparts-51277180\\\/#breadcrumb\",\"itemListElement\":[{\"@type\":\"ListItem\",\"position\":1,\"name\":\"Prima pagin\u0103\",\"item\":\"https:\\\/\\\/autorival.ro\\\/fiat\\\/\"},{\"@type\":\"ListItem\",\"position\":2,\"name\":\"Piese auto FIAT\",\"item\":\"https:\\\/\\\/autorival.ro\\\/fiat\\\/\"},{\"@type\":\"ListItem\",\"position\":3,\"name\":\"Set reparat cabluri bujie incandescenta FIAT TIPO (160_) 1.4 i.e. (160.AP, 160.AD, 160.EA) benzina 70 cai HERTH BUSS ELPARTS 51277180\"}]},{\"@type\":\"WebSite\",\"@id\":\"https:\\\/\\\/autorival.ro\\\/fiat\\\/#website\",\"url\":\"https:\\\/\\\/autorival.ro\\\/fiat\\\/\",\"name\":\"FIAT\",\"description\":\"\",\"potentialAction\":[{\"@type\":\"SearchAction\",\"target\":{\"@type\":\"EntryPoint\",\"urlTemplate\":\"https:\\\/\\\/autorival.ro\\\/fiat\\\/?s={search_term_string}\"},\"query-input\":{\"@type\":\"PropertyValueSpecification\",\"valueRequired\":true,\"valueName\":\"search_term_string\"}}],\"inLanguage\":\"en-US\"}]}<\/script>\n<!-- \/ Yoast SEO plugin. -->","yoast_head_json":{"title":"Set reparat cabluri bujie incandescenta FIAT TIPO (160_) 1.4 i.e. (160.AP, 160.AD, 160.EA) benzina 70 cai HERTH BUSS ELPARTS 51277180 FIAT | HERTH - Autorival","description":"\u26a1 Set reparat cabluri bujie incandescenta FIAT TIPO (160_) 1.4 i.e. (160.AP, 160.AD, 160.EA) benzina 70 cai HERTH BUSS ELPARTS 51277180 pentru FIAT la doar 60.9 RON. \u2713 Cod: 51277180 \u2713 Brand: HERTH \u2713 \u00cen stoc \u2713 Livrare 24h \u2713 Garan\u021bie!","robots":{"index":"index","follow":"follow","max-snippet":"max-snippet:-1","max-image-preview":"max-image-preview:large","max-video-preview":"max-video-preview:-1"},"og_locale":"en_US","og_type":"article","og_title":"Set reparat cabluri bujie incandescenta FIAT TIPO (160_) 1.4 i.e. (160.AP, 160.AD, 160.EA) benzina 70 cai HERTH BUSS ELPARTS 51277180 FIAT | HERTH - Autorival","og_description":"\u26a1 Set reparat cabluri bujie incandescenta FIAT TIPO (160_) 1.4 i.e. (160.AP, 160.AD, 160.EA) benzina 70 cai HERTH BUSS ELPARTS 51277180 pentru FIAT la doar 60.9 RON. \u2713 Cod: 51277180 \u2713 Brand: HERTH \u2713 \u00cen stoc \u2713 Livrare 24h \u2713 Garan\u021bie!","og_url":"https:\/\/autorival.ro\/fiat\/product\/set-reparat-cabluri-bujie-incandescenta-fiat-tipo-160_-1-4-i-e-160-ap-160-ad-160-ea-benzina-70-cai-herth-buss-elparts-51277180\/","og_site_name":"FIAT","og_image":[{"width":600,"height":352,"url":"https:\/\/autorival.ro\/fiat\/wp-content\/uploads\/sites\/9\/2025\/05\/51277180-23.jpg","type":"image\/jpeg"}],"twitter_card":"summary_large_image","twitter_title":"Set reparat cabluri bujie incandescenta FIAT TIPO (160_) 1.4 i.e. (160.AP, 160.AD, 160.EA) benzina 70 cai HERTH BUSS ELPARTS 51277180 FIAT | HERTH - Autorival","twitter_description":"\u26a1 Set reparat cabluri bujie incandescenta FIAT TIPO (160_) 1.4 i.e. (160.AP, 160.AD, 160.EA) benzina 70 cai HERTH BUSS ELPARTS 51277180 pentru FIAT la doar 60.9 RON. \u2713 Cod: 51277180 \u2713 Brand: HERTH \u2713 \u00cen stoc \u2713 Livrare 24h \u2713 Garan\u021bie!","schema":{"@context":"https:\/\/schema.org","@graph":[{"@type":"WebPage","@id":"https:\/\/autorival.ro\/fiat\/product\/set-reparat-cabluri-bujie-incandescenta-fiat-tipo-160_-1-4-i-e-160-ap-160-ad-160-ea-benzina-70-cai-herth-buss-elparts-51277180\/","url":"https:\/\/autorival.ro\/fiat\/product\/set-reparat-cabluri-bujie-incandescenta-fiat-tipo-160_-1-4-i-e-160-ap-160-ad-160-ea-benzina-70-cai-herth-buss-elparts-51277180\/","name":"Set reparat cabluri bujie incandescenta FIAT TIPO (160_) 1.4 i.e. (160.AP, 160.AD, 160.EA) benzina 70 cai HERTH BUSS ELPARTS 51277180 FIAT | HERTH - Autorival","isPartOf":{"@id":"https:\/\/autorival.ro\/fiat\/#website"},"primaryImageOfPage":{"@id":"https:\/\/autorival.ro\/fiat\/product\/set-reparat-cabluri-bujie-incandescenta-fiat-tipo-160_-1-4-i-e-160-ap-160-ad-160-ea-benzina-70-cai-herth-buss-elparts-51277180\/#primaryimage"},"image":{"@id":"https:\/\/autorival.ro\/fiat\/product\/set-reparat-cabluri-bujie-incandescenta-fiat-tipo-160_-1-4-i-e-160-ap-160-ad-160-ea-benzina-70-cai-herth-buss-elparts-51277180\/#primaryimage"},"thumbnailUrl":"https:\/\/autorival.ro\/fiat\/wp-content\/uploads\/sites\/9\/2025\/05\/51277180-23.jpg","datePublished":"2025-05-25T18:57:13+00:00","description":"\u26a1 Set reparat cabluri bujie incandescenta FIAT TIPO (160_) 1.4 i.e. (160.AP, 160.AD, 160.EA) benzina 70 cai HERTH BUSS ELPARTS 51277180 pentru FIAT la doar 60.9 RON. \u2713 Cod: 51277180 \u2713 Brand: HERTH \u2713 \u00cen stoc \u2713 Livrare 24h \u2713 Garan\u021bie!","breadcrumb":{"@id":"https:\/\/autorival.ro\/fiat\/product\/set-reparat-cabluri-bujie-incandescenta-fiat-tipo-160_-1-4-i-e-160-ap-160-ad-160-ea-benzina-70-cai-herth-buss-elparts-51277180\/#breadcrumb"},"inLanguage":"en-US","potentialAction":[{"@type":"ReadAction","target":["https:\/\/autorival.ro\/fiat\/product\/set-reparat-cabluri-bujie-incandescenta-fiat-tipo-160_-1-4-i-e-160-ap-160-ad-160-ea-benzina-70-cai-herth-buss-elparts-51277180\/"]}]},{"@type":"ImageObject","inLanguage":"en-US","@id":"https:\/\/autorival.ro\/fiat\/product\/set-reparat-cabluri-bujie-incandescenta-fiat-tipo-160_-1-4-i-e-160-ap-160-ad-160-ea-benzina-70-cai-herth-buss-elparts-51277180\/#primaryimage","url":"https:\/\/autorival.ro\/fiat\/wp-content\/uploads\/sites\/9\/2025\/05\/51277180-23.jpg","contentUrl":"https:\/\/autorival.ro\/fiat\/wp-content\/uploads\/sites\/9\/2025\/05\/51277180-23.jpg","width":600,"height":352},{"@type":"BreadcrumbList","@id":"https:\/\/autorival.ro\/fiat\/product\/set-reparat-cabluri-bujie-incandescenta-fiat-tipo-160_-1-4-i-e-160-ap-160-ad-160-ea-benzina-70-cai-herth-buss-elparts-51277180\/#breadcrumb","itemListElement":[{"@type":"ListItem","position":1,"name":"Prima pagin\u0103","item":"https:\/\/autorival.ro\/fiat\/"},{"@type":"ListItem","position":2,"name":"Piese auto FIAT","item":"https:\/\/autorival.ro\/fiat\/"},{"@type":"ListItem","position":3,"name":"Set reparat cabluri bujie incandescenta FIAT TIPO (160_) 1.4 i.e. (160.AP, 160.AD, 160.EA) benzina 70 cai HERTH BUSS ELPARTS 51277180"}]},{"@type":"WebSite","@id":"https:\/\/autorival.ro\/fiat\/#website","url":"https:\/\/autorival.ro\/fiat\/","name":"FIAT","description":"","potentialAction":[{"@type":"SearchAction","target":{"@type":"EntryPoint","urlTemplate":"https:\/\/autorival.ro\/fiat\/?s={search_term_string}"},"query-input":{"@type":"PropertyValueSpecification","valueRequired":true,"valueName":"search_term_string"}}],"inLanguage":"en-US"}]}},"_links":{"self":[{"href":"https:\/\/autorival.ro\/fiat\/wp-json\/wp\/v2\/product\/368221","targetHints":{"allow":["GET"]}}],"collection":[{"href":"https:\/\/autorival.ro\/fiat\/wp-json\/wp\/v2\/product"}],"about":[{"href":"https:\/\/autorival.ro\/fiat\/wp-json\/wp\/v2\/types\/product"}],"replies":[{"embeddable":true,"href":"https:\/\/autorival.ro\/fiat\/wp-json\/wp\/v2\/comments?post=368221"}],"wp:featuredmedia":[{"embeddable":true,"href":"https:\/\/autorival.ro\/fiat\/wp-json\/wp\/v2\/media\/368222"}],"wp:attachment":[{"href":"https:\/\/autorival.ro\/fiat\/wp-json\/wp\/v2\/media?parent=368221"}],"wp:term":[{"taxonomy":"product_brand","embeddable":true,"href":"https:\/\/autorival.ro\/fiat\/wp-json\/wp\/v2\/product_brand?post=368221"},{"taxonomy":"product_cat","embeddable":true,"href":"https:\/\/autorival.ro\/fiat\/wp-json\/wp\/v2\/product_cat?post=368221"},{"taxonomy":"product_tag","embeddable":true,"href":"https:\/\/autorival.ro\/fiat\/wp-json\/wp\/v2\/product_tag?post=368221"}],"curies":[{"name":"wp","href":"https:\/\/api.w.org\/{rel}","templated":true}]}}