{"id":351995,"date":"2025-05-25T16:40:25","date_gmt":"2025-05-25T16:40:25","guid":{"rendered":"https:\/\/autorival.ro\/fiat\/product\/set-accesorii-sabot-de-frana-fiat-500l-351_-352_-1-4-benzina-162-cai-delphi-ly1310\/"},"modified":"2025-05-25T16:40:25","modified_gmt":"2025-05-25T16:40:25","slug":"set-accesorii-sabot-de-frana-fiat-500l-351_-352_-1-4-benzina-162-cai-delphi-ly1310","status":"publish","type":"product","link":"https:\/\/autorival.ro\/fiat\/product\/set-accesorii-sabot-de-frana-fiat-500l-351_-352_-1-4-benzina-162-cai-delphi-ly1310\/","title":{"rendered":"Set accesorii sabot de frana FIAT 500L (351_, 352_) 1.4 benzina 162 cai DELPHI LY1310"},"content":{"rendered":"<p>Partea de montare: puntea spateSistem de fr\u00e2nare: AP Lockheed ->Diametru tambur de fr\u00e2n\u0103 interior [mm]: 228 ->Latime [mm]: 42<\/p>\n","protected":false},"excerpt":{"rendered":"<p>Producator: DELPHI Cod producator: LY1310<\/p>\n","protected":false},"featured_media":351996,"comment_status":"open","ping_status":"closed","template":"","meta":[],"product_brand":[1851],"product_cat":[29654],"product_tag":[39517,38535,38291,38328,39520,39519,39384],"class_list":{"0":"post-351995","1":"product","2":"type-product","3":"status-publish","4":"has-post-thumbnail","6":"product_brand-delphi","7":"product_cat-set-accesorii-sabot-de-frana-351_-352_-1-4-benzina-162","8":"product_tag-accesorii","9":"product_tag-delphi","10":"product_tag-fiat","11":"product_tag-frana","12":"product_tag-ly","13":"product_tag-sabot","14":"product_tag-set","16":"first","17":"instock","18":"shipping-taxable","19":"purchasable","20":"product-type-simple"},"yoast_head":"<!-- This site is optimized with the Yoast SEO plugin v27.4 - https:\/\/yoast.com\/product\/yoast-seo-wordpress\/ -->\n<title>Set accesorii sabot de frana FIAT 500L (351_, 352_) 1.4 benzina 162 cai DELPHI LY1310 FIAT | DELPHI - Autorival<\/title>\n<meta name=\"description\" content=\"\u26a1 Set accesorii sabot de frana FIAT 500L (351_, 352_) 1.4 benzina 162 cai DELPHI LY1310 pentru FIAT la doar 45.91 RON. \u2713 Cod: LY1310 \u2713 Brand: DELPHI \u2713 \u00cen stoc \u2713 Livrare 24h \u2713 Garan\u021bie!\" \/>\n<meta name=\"robots\" content=\"index, follow, max-snippet:-1, max-image-preview:large, max-video-preview:-1\" \/>\n<meta property=\"og:locale\" content=\"en_US\" \/>\n<meta property=\"og:type\" content=\"article\" \/>\n<meta property=\"og:title\" content=\"Set accesorii sabot de frana FIAT 500L (351_, 352_) 1.4 benzina 162 cai DELPHI LY1310 FIAT | DELPHI - Autorival\" \/>\n<meta property=\"og:description\" content=\"\u26a1 Set accesorii sabot de frana FIAT 500L (351_, 352_) 1.4 benzina 162 cai DELPHI LY1310 pentru FIAT la doar 45.91 RON. \u2713 Cod: LY1310 \u2713 Brand: DELPHI \u2713 \u00cen stoc \u2713 Livrare 24h \u2713 Garan\u021bie!\" \/>\n<meta property=\"og:url\" content=\"https:\/\/autorival.ro\/fiat\/product\/set-accesorii-sabot-de-frana-fiat-500l-351_-352_-1-4-benzina-162-cai-delphi-ly1310\/\" \/>\n<meta property=\"og:site_name\" content=\"FIAT\" \/>\n<meta property=\"og:image\" content=\"https:\/\/autorival.ro\/fiat\/wp-content\/uploads\/sites\/9\/2025\/05\/ly1310.jpg\" \/>\n\t<meta property=\"og:image:width\" content=\"800\" \/>\n\t<meta property=\"og:image:height\" content=\"800\" \/>\n\t<meta property=\"og:image:type\" content=\"image\/jpeg\" \/>\n<meta name=\"twitter:card\" content=\"summary_large_image\" \/>\n<meta name=\"twitter:title\" content=\"Set accesorii sabot de frana FIAT 500L (351_, 352_) 1.4 benzina 162 cai DELPHI LY1310 FIAT | DELPHI - Autorival\" \/>\n<meta name=\"twitter:description\" content=\"\u26a1 Set accesorii sabot de frana FIAT 500L (351_, 352_) 1.4 benzina 162 cai DELPHI LY1310 pentru FIAT la doar 45.91 RON. \u2713 Cod: LY1310 \u2713 Brand: DELPHI \u2713 \u00cen stoc \u2713 Livrare 24h \u2713 Garan\u021bie!\" \/>\n<script type=\"application\/ld+json\" class=\"yoast-schema-graph\">{\"@context\":\"https:\\\/\\\/schema.org\",\"@graph\":[{\"@type\":\"WebPage\",\"@id\":\"https:\\\/\\\/autorival.ro\\\/fiat\\\/product\\\/set-accesorii-sabot-de-frana-fiat-500l-351_-352_-1-4-benzina-162-cai-delphi-ly1310\\\/\",\"url\":\"https:\\\/\\\/autorival.ro\\\/fiat\\\/product\\\/set-accesorii-sabot-de-frana-fiat-500l-351_-352_-1-4-benzina-162-cai-delphi-ly1310\\\/\",\"name\":\"Set accesorii sabot de frana FIAT 500L (351_, 352_) 1.4 benzina 162 cai DELPHI LY1310 FIAT | DELPHI - Autorival\",\"isPartOf\":{\"@id\":\"https:\\\/\\\/autorival.ro\\\/fiat\\\/#website\"},\"primaryImageOfPage\":{\"@id\":\"https:\\\/\\\/autorival.ro\\\/fiat\\\/product\\\/set-accesorii-sabot-de-frana-fiat-500l-351_-352_-1-4-benzina-162-cai-delphi-ly1310\\\/#primaryimage\"},\"image\":{\"@id\":\"https:\\\/\\\/autorival.ro\\\/fiat\\\/product\\\/set-accesorii-sabot-de-frana-fiat-500l-351_-352_-1-4-benzina-162-cai-delphi-ly1310\\\/#primaryimage\"},\"thumbnailUrl\":\"https:\\\/\\\/autorival.ro\\\/fiat\\\/wp-content\\\/uploads\\\/sites\\\/9\\\/2025\\\/05\\\/ly1310.jpg\",\"datePublished\":\"2025-05-25T16:40:25+00:00\",\"description\":\"\u26a1 Set accesorii sabot de frana FIAT 500L (351_, 352_) 1.4 benzina 162 cai DELPHI LY1310 pentru FIAT la doar 45.91 RON. \u2713 Cod: LY1310 \u2713 Brand: DELPHI \u2713 \u00cen stoc \u2713 Livrare 24h \u2713 Garan\u021bie!\",\"breadcrumb\":{\"@id\":\"https:\\\/\\\/autorival.ro\\\/fiat\\\/product\\\/set-accesorii-sabot-de-frana-fiat-500l-351_-352_-1-4-benzina-162-cai-delphi-ly1310\\\/#breadcrumb\"},\"inLanguage\":\"en-US\",\"potentialAction\":[{\"@type\":\"ReadAction\",\"target\":[\"https:\\\/\\\/autorival.ro\\\/fiat\\\/product\\\/set-accesorii-sabot-de-frana-fiat-500l-351_-352_-1-4-benzina-162-cai-delphi-ly1310\\\/\"]}]},{\"@type\":\"ImageObject\",\"inLanguage\":\"en-US\",\"@id\":\"https:\\\/\\\/autorival.ro\\\/fiat\\\/product\\\/set-accesorii-sabot-de-frana-fiat-500l-351_-352_-1-4-benzina-162-cai-delphi-ly1310\\\/#primaryimage\",\"url\":\"https:\\\/\\\/autorival.ro\\\/fiat\\\/wp-content\\\/uploads\\\/sites\\\/9\\\/2025\\\/05\\\/ly1310.jpg\",\"contentUrl\":\"https:\\\/\\\/autorival.ro\\\/fiat\\\/wp-content\\\/uploads\\\/sites\\\/9\\\/2025\\\/05\\\/ly1310.jpg\",\"width\":800,\"height\":800},{\"@type\":\"BreadcrumbList\",\"@id\":\"https:\\\/\\\/autorival.ro\\\/fiat\\\/product\\\/set-accesorii-sabot-de-frana-fiat-500l-351_-352_-1-4-benzina-162-cai-delphi-ly1310\\\/#breadcrumb\",\"itemListElement\":[{\"@type\":\"ListItem\",\"position\":1,\"name\":\"Prima pagin\u0103\",\"item\":\"https:\\\/\\\/autorival.ro\\\/fiat\\\/\"},{\"@type\":\"ListItem\",\"position\":2,\"name\":\"Piese auto FIAT\",\"item\":\"https:\\\/\\\/autorival.ro\\\/fiat\\\/\"},{\"@type\":\"ListItem\",\"position\":3,\"name\":\"Set accesorii sabot de frana FIAT 500L (351_, 352_) 1.4 benzina 162 cai DELPHI LY1310\"}]},{\"@type\":\"WebSite\",\"@id\":\"https:\\\/\\\/autorival.ro\\\/fiat\\\/#website\",\"url\":\"https:\\\/\\\/autorival.ro\\\/fiat\\\/\",\"name\":\"FIAT\",\"description\":\"\",\"potentialAction\":[{\"@type\":\"SearchAction\",\"target\":{\"@type\":\"EntryPoint\",\"urlTemplate\":\"https:\\\/\\\/autorival.ro\\\/fiat\\\/?s={search_term_string}\"},\"query-input\":{\"@type\":\"PropertyValueSpecification\",\"valueRequired\":true,\"valueName\":\"search_term_string\"}}],\"inLanguage\":\"en-US\"}]}<\/script>\n<!-- \/ Yoast SEO plugin. -->","yoast_head_json":{"title":"Set accesorii sabot de frana FIAT 500L (351_, 352_) 1.4 benzina 162 cai DELPHI LY1310 FIAT | DELPHI - Autorival","description":"\u26a1 Set accesorii sabot de frana FIAT 500L (351_, 352_) 1.4 benzina 162 cai DELPHI LY1310 pentru FIAT la doar 45.91 RON. \u2713 Cod: LY1310 \u2713 Brand: DELPHI \u2713 \u00cen stoc \u2713 Livrare 24h \u2713 Garan\u021bie!","robots":{"index":"index","follow":"follow","max-snippet":"max-snippet:-1","max-image-preview":"max-image-preview:large","max-video-preview":"max-video-preview:-1"},"og_locale":"en_US","og_type":"article","og_title":"Set accesorii sabot de frana FIAT 500L (351_, 352_) 1.4 benzina 162 cai DELPHI LY1310 FIAT | DELPHI - Autorival","og_description":"\u26a1 Set accesorii sabot de frana FIAT 500L (351_, 352_) 1.4 benzina 162 cai DELPHI LY1310 pentru FIAT la doar 45.91 RON. \u2713 Cod: LY1310 \u2713 Brand: DELPHI \u2713 \u00cen stoc \u2713 Livrare 24h \u2713 Garan\u021bie!","og_url":"https:\/\/autorival.ro\/fiat\/product\/set-accesorii-sabot-de-frana-fiat-500l-351_-352_-1-4-benzina-162-cai-delphi-ly1310\/","og_site_name":"FIAT","og_image":[{"width":800,"height":800,"url":"https:\/\/autorival.ro\/fiat\/wp-content\/uploads\/sites\/9\/2025\/05\/ly1310.jpg","type":"image\/jpeg"}],"twitter_card":"summary_large_image","twitter_title":"Set accesorii sabot de frana FIAT 500L (351_, 352_) 1.4 benzina 162 cai DELPHI LY1310 FIAT | DELPHI - Autorival","twitter_description":"\u26a1 Set accesorii sabot de frana FIAT 500L (351_, 352_) 1.4 benzina 162 cai DELPHI LY1310 pentru FIAT la doar 45.91 RON. \u2713 Cod: LY1310 \u2713 Brand: DELPHI \u2713 \u00cen stoc \u2713 Livrare 24h \u2713 Garan\u021bie!","schema":{"@context":"https:\/\/schema.org","@graph":[{"@type":"WebPage","@id":"https:\/\/autorival.ro\/fiat\/product\/set-accesorii-sabot-de-frana-fiat-500l-351_-352_-1-4-benzina-162-cai-delphi-ly1310\/","url":"https:\/\/autorival.ro\/fiat\/product\/set-accesorii-sabot-de-frana-fiat-500l-351_-352_-1-4-benzina-162-cai-delphi-ly1310\/","name":"Set accesorii sabot de frana FIAT 500L (351_, 352_) 1.4 benzina 162 cai DELPHI LY1310 FIAT | DELPHI - Autorival","isPartOf":{"@id":"https:\/\/autorival.ro\/fiat\/#website"},"primaryImageOfPage":{"@id":"https:\/\/autorival.ro\/fiat\/product\/set-accesorii-sabot-de-frana-fiat-500l-351_-352_-1-4-benzina-162-cai-delphi-ly1310\/#primaryimage"},"image":{"@id":"https:\/\/autorival.ro\/fiat\/product\/set-accesorii-sabot-de-frana-fiat-500l-351_-352_-1-4-benzina-162-cai-delphi-ly1310\/#primaryimage"},"thumbnailUrl":"https:\/\/autorival.ro\/fiat\/wp-content\/uploads\/sites\/9\/2025\/05\/ly1310.jpg","datePublished":"2025-05-25T16:40:25+00:00","description":"\u26a1 Set accesorii sabot de frana FIAT 500L (351_, 352_) 1.4 benzina 162 cai DELPHI LY1310 pentru FIAT la doar 45.91 RON. \u2713 Cod: LY1310 \u2713 Brand: DELPHI \u2713 \u00cen stoc \u2713 Livrare 24h \u2713 Garan\u021bie!","breadcrumb":{"@id":"https:\/\/autorival.ro\/fiat\/product\/set-accesorii-sabot-de-frana-fiat-500l-351_-352_-1-4-benzina-162-cai-delphi-ly1310\/#breadcrumb"},"inLanguage":"en-US","potentialAction":[{"@type":"ReadAction","target":["https:\/\/autorival.ro\/fiat\/product\/set-accesorii-sabot-de-frana-fiat-500l-351_-352_-1-4-benzina-162-cai-delphi-ly1310\/"]}]},{"@type":"ImageObject","inLanguage":"en-US","@id":"https:\/\/autorival.ro\/fiat\/product\/set-accesorii-sabot-de-frana-fiat-500l-351_-352_-1-4-benzina-162-cai-delphi-ly1310\/#primaryimage","url":"https:\/\/autorival.ro\/fiat\/wp-content\/uploads\/sites\/9\/2025\/05\/ly1310.jpg","contentUrl":"https:\/\/autorival.ro\/fiat\/wp-content\/uploads\/sites\/9\/2025\/05\/ly1310.jpg","width":800,"height":800},{"@type":"BreadcrumbList","@id":"https:\/\/autorival.ro\/fiat\/product\/set-accesorii-sabot-de-frana-fiat-500l-351_-352_-1-4-benzina-162-cai-delphi-ly1310\/#breadcrumb","itemListElement":[{"@type":"ListItem","position":1,"name":"Prima pagin\u0103","item":"https:\/\/autorival.ro\/fiat\/"},{"@type":"ListItem","position":2,"name":"Piese auto FIAT","item":"https:\/\/autorival.ro\/fiat\/"},{"@type":"ListItem","position":3,"name":"Set accesorii sabot de frana FIAT 500L (351_, 352_) 1.4 benzina 162 cai DELPHI LY1310"}]},{"@type":"WebSite","@id":"https:\/\/autorival.ro\/fiat\/#website","url":"https:\/\/autorival.ro\/fiat\/","name":"FIAT","description":"","potentialAction":[{"@type":"SearchAction","target":{"@type":"EntryPoint","urlTemplate":"https:\/\/autorival.ro\/fiat\/?s={search_term_string}"},"query-input":{"@type":"PropertyValueSpecification","valueRequired":true,"valueName":"search_term_string"}}],"inLanguage":"en-US"}]}},"_links":{"self":[{"href":"https:\/\/autorival.ro\/fiat\/wp-json\/wp\/v2\/product\/351995","targetHints":{"allow":["GET"]}}],"collection":[{"href":"https:\/\/autorival.ro\/fiat\/wp-json\/wp\/v2\/product"}],"about":[{"href":"https:\/\/autorival.ro\/fiat\/wp-json\/wp\/v2\/types\/product"}],"replies":[{"embeddable":true,"href":"https:\/\/autorival.ro\/fiat\/wp-json\/wp\/v2\/comments?post=351995"}],"wp:featuredmedia":[{"embeddable":true,"href":"https:\/\/autorival.ro\/fiat\/wp-json\/wp\/v2\/media\/351996"}],"wp:attachment":[{"href":"https:\/\/autorival.ro\/fiat\/wp-json\/wp\/v2\/media?parent=351995"}],"wp:term":[{"taxonomy":"product_brand","embeddable":true,"href":"https:\/\/autorival.ro\/fiat\/wp-json\/wp\/v2\/product_brand?post=351995"},{"taxonomy":"product_cat","embeddable":true,"href":"https:\/\/autorival.ro\/fiat\/wp-json\/wp\/v2\/product_cat?post=351995"},{"taxonomy":"product_tag","embeddable":true,"href":"https:\/\/autorival.ro\/fiat\/wp-json\/wp\/v2\/product_tag?post=351995"}],"curies":[{"name":"wp","href":"https:\/\/api.w.org\/{rel}","templated":true}]}}