{"id":321543,"date":"2025-05-19T20:16:28","date_gmt":"2025-05-19T20:16:28","guid":{"rendered":"https:\/\/autorival.ro\/fiat\/product\/senzor-presiune-galerie-admisie-fiat-500-312_-0-9-312axm1b-benzina-105-cai-topran-207-426\/"},"modified":"2025-05-19T20:16:28","modified_gmt":"2025-05-19T20:16:28","slug":"senzor-presiune-galerie-admisie-fiat-500-312_-0-9-312axm1b-benzina-105-cai-topran-207-426","status":"publish","type":"product","link":"https:\/\/autorival.ro\/fiat\/product\/senzor-presiune-galerie-admisie-fiat-500-312_-0-9-312axm1b-benzina-105-cai-topran-207-426\/","title":{"rendered":"Senzor presiune galerie admisie FIAT 500 (312_) 0.9 (312AXM1B) benzina 105 cai TOPRAN 207 426"},"content":{"rendered":"<p>Forma carcasa stecher: ovalArticol completare\/Info suplimentar 2: cu inel etansarePresiune de la: 0,11Presiune p\u00e2na la: 3,07Num\u0103rul conexiunilor cu muf\u0103: 4<\/p>\n","protected":false},"excerpt":{"rendered":"<p>Producator: TOPRAN Cod producator: 207 426<\/p>\n","protected":false},"featured_media":321491,"comment_status":"open","ping_status":"closed","template":"","meta":[],"product_brand":[1330],"product_cat":[27876],"product_tag":[38297,38827,38291,38826,38776,39274,38488],"class_list":{"0":"post-321543","1":"product","2":"type-product","3":"status-publish","4":"has-post-thumbnail","6":"product_brand-topran","7":"product_cat-senzor-presiune-galerie-admisie-312_-0-9-312axm1b-benzina-105","8":"product_tag-38297","9":"product_tag-admisie","10":"product_tag-fiat","11":"product_tag-galerie","12":"product_tag-presiune","13":"product_tag-senzor","14":"product_tag-topran","16":"first","17":"instock","18":"shipping-taxable","19":"purchasable","20":"product-type-simple"},"yoast_head":"<!-- This site is optimized with the Yoast SEO plugin v27.5 - https:\/\/yoast.com\/product\/yoast-seo-wordpress\/ -->\n<title>Senzor presiune galerie admisie FIAT 500 (312_) 0.9 (312AXM1B) benzina 105 cai TOPRAN 207 426 - FIAT<\/title>\n<meta name=\"robots\" content=\"index, follow, max-snippet:-1, max-image-preview:large, max-video-preview:-1\" \/>\n<meta property=\"og:locale\" content=\"en_US\" \/>\n<meta property=\"og:type\" content=\"article\" \/>\n<meta property=\"og:title\" content=\"Senzor presiune galerie admisie FIAT 500 (312_) 0.9 (312AXM1B) benzina 105 cai TOPRAN 207 426 - FIAT\" \/>\n<meta property=\"og:description\" content=\"Producator: TOPRAN Cod producator: 207 426\" \/>\n<meta property=\"og:url\" content=\"https:\/\/autorival.ro\/fiat\/product\/senzor-presiune-galerie-admisie-fiat-500-312_-0-9-312axm1b-benzina-105-cai-topran-207-426\/\" \/>\n<meta property=\"og:site_name\" content=\"FIAT\" \/>\n<meta property=\"og:image\" content=\"https:\/\/autorival.ro\/fiat\/wp-content\/uploads\/sites\/9\/2025\/05\/144343.jpg\" \/>\n\t<meta property=\"og:image:width\" content=\"600\" \/>\n\t<meta property=\"og:image:height\" content=\"400\" \/>\n\t<meta property=\"og:image:type\" content=\"image\/jpeg\" \/>\n<meta name=\"twitter:card\" content=\"summary_large_image\" \/>\n<script type=\"application\/ld+json\" class=\"yoast-schema-graph\">{\"@context\":\"https:\\\/\\\/schema.org\",\"@graph\":[{\"@type\":\"WebPage\",\"@id\":\"https:\\\/\\\/autorival.ro\\\/fiat\\\/product\\\/senzor-presiune-galerie-admisie-fiat-500-312_-0-9-312axm1b-benzina-105-cai-topran-207-426\\\/\",\"url\":\"https:\\\/\\\/autorival.ro\\\/fiat\\\/product\\\/senzor-presiune-galerie-admisie-fiat-500-312_-0-9-312axm1b-benzina-105-cai-topran-207-426\\\/\",\"name\":\"Senzor presiune galerie admisie FIAT 500 (312_) 0.9 (312AXM1B) benzina 105 cai TOPRAN 207 426 - FIAT\",\"isPartOf\":{\"@id\":\"https:\\\/\\\/autorival.ro\\\/fiat\\\/#website\"},\"primaryImageOfPage\":{\"@id\":\"https:\\\/\\\/autorival.ro\\\/fiat\\\/product\\\/senzor-presiune-galerie-admisie-fiat-500-312_-0-9-312axm1b-benzina-105-cai-topran-207-426\\\/#primaryimage\"},\"image\":{\"@id\":\"https:\\\/\\\/autorival.ro\\\/fiat\\\/product\\\/senzor-presiune-galerie-admisie-fiat-500-312_-0-9-312axm1b-benzina-105-cai-topran-207-426\\\/#primaryimage\"},\"thumbnailUrl\":\"https:\\\/\\\/autorival.ro\\\/fiat\\\/wp-content\\\/uploads\\\/sites\\\/9\\\/2025\\\/05\\\/144343.jpg\",\"datePublished\":\"2025-05-19T20:16:28+00:00\",\"breadcrumb\":{\"@id\":\"https:\\\/\\\/autorival.ro\\\/fiat\\\/product\\\/senzor-presiune-galerie-admisie-fiat-500-312_-0-9-312axm1b-benzina-105-cai-topran-207-426\\\/#breadcrumb\"},\"inLanguage\":\"en-US\",\"potentialAction\":[{\"@type\":\"ReadAction\",\"target\":[\"https:\\\/\\\/autorival.ro\\\/fiat\\\/product\\\/senzor-presiune-galerie-admisie-fiat-500-312_-0-9-312axm1b-benzina-105-cai-topran-207-426\\\/\"]}]},{\"@type\":\"ImageObject\",\"inLanguage\":\"en-US\",\"@id\":\"https:\\\/\\\/autorival.ro\\\/fiat\\\/product\\\/senzor-presiune-galerie-admisie-fiat-500-312_-0-9-312axm1b-benzina-105-cai-topran-207-426\\\/#primaryimage\",\"url\":\"https:\\\/\\\/autorival.ro\\\/fiat\\\/wp-content\\\/uploads\\\/sites\\\/9\\\/2025\\\/05\\\/144343.jpg\",\"contentUrl\":\"https:\\\/\\\/autorival.ro\\\/fiat\\\/wp-content\\\/uploads\\\/sites\\\/9\\\/2025\\\/05\\\/144343.jpg\",\"width\":600,\"height\":400},{\"@type\":\"BreadcrumbList\",\"@id\":\"https:\\\/\\\/autorival.ro\\\/fiat\\\/product\\\/senzor-presiune-galerie-admisie-fiat-500-312_-0-9-312axm1b-benzina-105-cai-topran-207-426\\\/#breadcrumb\",\"itemListElement\":[{\"@type\":\"ListItem\",\"position\":1,\"name\":\"Prima pagin\u0103\",\"item\":\"https:\\\/\\\/autorival.ro\\\/fiat\\\/\"},{\"@type\":\"ListItem\",\"position\":2,\"name\":\"Piese auto FIAT\",\"item\":\"https:\\\/\\\/autorival.ro\\\/fiat\\\/\"},{\"@type\":\"ListItem\",\"position\":3,\"name\":\"Senzor presiune galerie admisie FIAT 500 (312_) 0.9 (312AXM1B) benzina 105 cai TOPRAN 207 426\"}]},{\"@type\":\"WebSite\",\"@id\":\"https:\\\/\\\/autorival.ro\\\/fiat\\\/#website\",\"url\":\"https:\\\/\\\/autorival.ro\\\/fiat\\\/\",\"name\":\"FIAT\",\"description\":\"\",\"potentialAction\":[{\"@type\":\"SearchAction\",\"target\":{\"@type\":\"EntryPoint\",\"urlTemplate\":\"https:\\\/\\\/autorival.ro\\\/fiat\\\/?s={search_term_string}\"},\"query-input\":{\"@type\":\"PropertyValueSpecification\",\"valueRequired\":true,\"valueName\":\"search_term_string\"}}],\"inLanguage\":\"en-US\"}]}<\/script>\n<!-- \/ Yoast SEO plugin. -->","yoast_head_json":{"title":"Senzor presiune galerie admisie FIAT 500 (312_) 0.9 (312AXM1B) benzina 105 cai TOPRAN 207 426 - FIAT","robots":{"index":"index","follow":"follow","max-snippet":"max-snippet:-1","max-image-preview":"max-image-preview:large","max-video-preview":"max-video-preview:-1"},"og_locale":"en_US","og_type":"article","og_title":"Senzor presiune galerie admisie FIAT 500 (312_) 0.9 (312AXM1B) benzina 105 cai TOPRAN 207 426 - FIAT","og_description":"Producator: TOPRAN Cod producator: 207 426","og_url":"https:\/\/autorival.ro\/fiat\/product\/senzor-presiune-galerie-admisie-fiat-500-312_-0-9-312axm1b-benzina-105-cai-topran-207-426\/","og_site_name":"FIAT","og_image":[{"width":600,"height":400,"url":"https:\/\/autorival.ro\/fiat\/wp-content\/uploads\/sites\/9\/2025\/05\/144343.jpg","type":"image\/jpeg"}],"twitter_card":"summary_large_image","schema":{"@context":"https:\/\/schema.org","@graph":[{"@type":"WebPage","@id":"https:\/\/autorival.ro\/fiat\/product\/senzor-presiune-galerie-admisie-fiat-500-312_-0-9-312axm1b-benzina-105-cai-topran-207-426\/","url":"https:\/\/autorival.ro\/fiat\/product\/senzor-presiune-galerie-admisie-fiat-500-312_-0-9-312axm1b-benzina-105-cai-topran-207-426\/","name":"Senzor presiune galerie admisie FIAT 500 (312_) 0.9 (312AXM1B) benzina 105 cai TOPRAN 207 426 - FIAT","isPartOf":{"@id":"https:\/\/autorival.ro\/fiat\/#website"},"primaryImageOfPage":{"@id":"https:\/\/autorival.ro\/fiat\/product\/senzor-presiune-galerie-admisie-fiat-500-312_-0-9-312axm1b-benzina-105-cai-topran-207-426\/#primaryimage"},"image":{"@id":"https:\/\/autorival.ro\/fiat\/product\/senzor-presiune-galerie-admisie-fiat-500-312_-0-9-312axm1b-benzina-105-cai-topran-207-426\/#primaryimage"},"thumbnailUrl":"https:\/\/autorival.ro\/fiat\/wp-content\/uploads\/sites\/9\/2025\/05\/144343.jpg","datePublished":"2025-05-19T20:16:28+00:00","breadcrumb":{"@id":"https:\/\/autorival.ro\/fiat\/product\/senzor-presiune-galerie-admisie-fiat-500-312_-0-9-312axm1b-benzina-105-cai-topran-207-426\/#breadcrumb"},"inLanguage":"en-US","potentialAction":[{"@type":"ReadAction","target":["https:\/\/autorival.ro\/fiat\/product\/senzor-presiune-galerie-admisie-fiat-500-312_-0-9-312axm1b-benzina-105-cai-topran-207-426\/"]}]},{"@type":"ImageObject","inLanguage":"en-US","@id":"https:\/\/autorival.ro\/fiat\/product\/senzor-presiune-galerie-admisie-fiat-500-312_-0-9-312axm1b-benzina-105-cai-topran-207-426\/#primaryimage","url":"https:\/\/autorival.ro\/fiat\/wp-content\/uploads\/sites\/9\/2025\/05\/144343.jpg","contentUrl":"https:\/\/autorival.ro\/fiat\/wp-content\/uploads\/sites\/9\/2025\/05\/144343.jpg","width":600,"height":400},{"@type":"BreadcrumbList","@id":"https:\/\/autorival.ro\/fiat\/product\/senzor-presiune-galerie-admisie-fiat-500-312_-0-9-312axm1b-benzina-105-cai-topran-207-426\/#breadcrumb","itemListElement":[{"@type":"ListItem","position":1,"name":"Prima pagin\u0103","item":"https:\/\/autorival.ro\/fiat\/"},{"@type":"ListItem","position":2,"name":"Piese auto FIAT","item":"https:\/\/autorival.ro\/fiat\/"},{"@type":"ListItem","position":3,"name":"Senzor presiune galerie admisie FIAT 500 (312_) 0.9 (312AXM1B) benzina 105 cai TOPRAN 207 426"}]},{"@type":"WebSite","@id":"https:\/\/autorival.ro\/fiat\/#website","url":"https:\/\/autorival.ro\/fiat\/","name":"FIAT","description":"","potentialAction":[{"@type":"SearchAction","target":{"@type":"EntryPoint","urlTemplate":"https:\/\/autorival.ro\/fiat\/?s={search_term_string}"},"query-input":{"@type":"PropertyValueSpecification","valueRequired":true,"valueName":"search_term_string"}}],"inLanguage":"en-US"}]}},"_links":{"self":[{"href":"https:\/\/autorival.ro\/fiat\/wp-json\/wp\/v2\/product\/321543","targetHints":{"allow":["GET"]}}],"collection":[{"href":"https:\/\/autorival.ro\/fiat\/wp-json\/wp\/v2\/product"}],"about":[{"href":"https:\/\/autorival.ro\/fiat\/wp-json\/wp\/v2\/types\/product"}],"replies":[{"embeddable":true,"href":"https:\/\/autorival.ro\/fiat\/wp-json\/wp\/v2\/comments?post=321543"}],"wp:featuredmedia":[{"embeddable":true,"href":"https:\/\/autorival.ro\/fiat\/wp-json\/wp\/v2\/media\/321491"}],"wp:attachment":[{"href":"https:\/\/autorival.ro\/fiat\/wp-json\/wp\/v2\/media?parent=321543"}],"wp:term":[{"taxonomy":"product_brand","embeddable":true,"href":"https:\/\/autorival.ro\/fiat\/wp-json\/wp\/v2\/product_brand?post=321543"},{"taxonomy":"product_cat","embeddable":true,"href":"https:\/\/autorival.ro\/fiat\/wp-json\/wp\/v2\/product_cat?post=321543"},{"taxonomy":"product_tag","embeddable":true,"href":"https:\/\/autorival.ro\/fiat\/wp-json\/wp\/v2\/product_tag?post=321543"}],"curies":[{"name":"wp","href":"https:\/\/api.w.org\/{rel}","templated":true}]}}